{"id":20097,"date":"2025-08-01T10:00:51","date_gmt":"2025-08-01T07:00:51","guid":{"rendered":"https:\/\/skaitytaknyga.lt\/?post_type=product&#038;p=20097"},"modified":"2025-09-27T18:56:16","modified_gmt":"2025-09-27T15:56:16","slug":"skiemenuotos-pasakos","status":"publish","type":"product","link":"https:\/\/skaitytaknyga.lt\/en\/produktas\/skiemenuotos-pasakos\/","title":{"rendered":"Skiemenuotos pasakos"},"content":{"rendered":"<p>Prano Ma\u0161ioto pasak\u0117l\u0117s apie ki\u0161k\u012f padau\u017e\u0105, \u017e\u0105sin\u0105 ir degl\u0105j\u0105, \u0161uniuk\u0105 ir i\u0161dykusi ka\u010diuk\u0105, gudr\u0173 e\u017e\u012f, lak\u0161tingal\u0105 ir varl\u0119 bei kitus persona\u017eus. Prano Ma\u0161ioto pasakos \u012fdomios, juokingos ir i\u0161mintingos.<\/p>\n<p>Pasakos para\u0161ytos did\u017eiosiomis raid\u0117mis ir suskirstytos skie-me-ni-mis, tod\u0117l ma\u017eieji gal\u0117s mokytis patys jas perskaityti.<\/p>\n<p>Iliustracijos pad\u0117s pa\u017einti Lietuvos gyv\u016bnus ir kaimo augintinius, ugdys vaiko \u017eingeidum\u0105 bei formuos lietuvio tapatyb\u0119.<\/p>\n<p>Pasak\u0117li\u0173 rinktin\u0117 skirta 4-7 met\u0173 vaikams, besimokantiems skaityti.<\/p>\n","protected":false},"excerpt":{"rendered":"<p>Prano Ma\u0161ioto pasak\u0117l\u0117s apie ki\u0161k\u012f padau\u017e\u0105, \u017e\u0105sin\u0105 ir degl\u0105j\u0105, \u0161uniuk\u0105 ir i\u0161dykusi ka\u010diuk\u0105, gudr\u0173 e\u017e\u012f, lak\u0161tingal\u0105 ir varl\u0119 bei kitus persona\u017eus. Prano Ma\u0161ioto pasakos \u012fdomios, juokingos ir i\u0161mintingos. Pasakos para\u0161ytos did\u017eiosiomis raid\u0117mis ir suskirstytos skie-me-ni-mis, tod\u0117l ma\u017eieji gal\u0117s mokytis patys jas perskaityti. Iliustracijos pad\u0117s pa\u017einti Lietuvos gyv\u016bnus ir kaimo augintinius, ugdys vaiko \u017eingeidum\u0105 bei formuos lietuvio tapatyb\u0119. Pasak\u0117li\u0173 rinktin\u0117 skirta 4-7 met\u0173 vaikams, besimokantiems skaityti.<\/p>\n","protected":false},"featured_media":20101,"comment_status":"open","ping_status":"closed","template":"","meta":{"_acf_changed":false,"site-sidebar-layout":"default","site-content-layout":"","ast-site-content-layout":"default","site-content-style":"default","site-sidebar-style":"default","ast-global-header-display":"","ast-banner-title-visibility":"","ast-main-header-display":"","ast-hfb-above-header-display":"","ast-hfb-below-header-display":"","ast-hfb-mobile-header-display":"","site-post-title":"","ast-breadcrumbs-content":"","ast-featured-img":"","footer-sml-layout":"","ast-disable-related-posts":"","theme-transparent-header-meta":"","adv-header-id-meta":"","stick-header-meta":"","header-above-stick-meta":"","header-main-stick-meta":"","header-below-stick-meta":"","astra-migrate-meta-layouts":"default","ast-page-background-enabled":"default","ast-page-background-meta":{"desktop":{"background-color":"","background-image":"","background-repeat":"repeat","background-position":"center center","background-size":"auto","background-attachment":"scroll","background-type":"","background-media":"","overlay-type":"","overlay-color":"","overlay-opacity":"","overlay-gradient":""},"tablet":{"background-color":"","background-image":"","background-repeat":"repeat","background-position":"center center","background-size":"auto","background-attachment":"scroll","background-type":"","background-media":"","overlay-type":"","overlay-color":"","overlay-opacity":"","overlay-gradient":""},"mobile":{"background-color":"","background-image":"","background-repeat":"repeat","background-position":"center center","background-size":"auto","background-attachment":"scroll","background-type":"","background-media":"","overlay-type":"","overlay-color":"","overlay-opacity":"","overlay-gradient":""}},"ast-content-background-meta":{"desktop":{"background-color":"var(--ast-global-color-4)","background-image":"","background-repeat":"repeat","background-position":"center center","background-size":"auto","background-attachment":"scroll","background-type":"","background-media":"","overlay-type":"","overlay-color":"","overlay-opacity":"","overlay-gradient":""},"tablet":{"background-color":"var(--ast-global-color-4)","background-image":"","background-repeat":"repeat","background-position":"center center","background-size":"auto","background-attachment":"scroll","background-type":"","background-media":"","overlay-type":"","overlay-color":"","overlay-opacity":"","overlay-gradient":""},"mobile":{"background-color":"var(--ast-global-color-4)","background-image":"","background-repeat":"repeat","background-position":"center center","background-size":"auto","background-attachment":"scroll","background-type":"","background-media":"","overlay-type":"","overlay-color":"","overlay-opacity":"","overlay-gradient":""}}},"product_brand":[],"product_cat":[35],"product_tag":[2054,7269,7271,7270,7267,1785,7268],"class_list":{"0":"post-20097","1":"product","2":"type-product","3":"status-publish","4":"has-post-thumbnail","6":"product_cat-vaikams-ir-paaugliams","7":"product_tag-gyvunai","8":"product_tag-lietuviska-gamta","9":"product_tag-pranas-masiotas","10":"product_tag-skaitymo-pradmenys","11":"product_tag-skie-menuo-tos-pasakos","12":"product_tag-vaikams","13":"product_tag-zvereliai","14":"desktop-align-left","15":"tablet-align-left","16":"mobile-align-left","18":"first","19":"instock","20":"shipping-taxable","21":"purchasable","22":"product-type-simple"},"acf":[],"yoast_head":"<!-- This site is optimized with the Yoast SEO plugin v27.0 - https:\/\/yoast.com\/product\/yoast-seo-wordpress\/ -->\n<title>Skiemenuotos pasakos<\/title>\n<meta name=\"description\" content=\"Prano Ma\u0161ioto pasak\u0117l\u0117s apie ki\u0161k\u012f padau\u017e\u0105, \u017e\u0105sin\u0105 ir degl\u0105j\u0105, \u0161uniuk\u0105 ir i\u0161dykusi ka\u010diuk\u0105, gudr\u0173 e\u017e\u012f, lak\u0161tingal\u0105 ir varl\u0119 bei kitus persona\u017eus. Prano\" \/>\n<meta name=\"robots\" content=\"index, follow, max-snippet:-1, max-image-preview:large, max-video-preview:-1\" \/>\n<link rel=\"canonical\" href=\"https:\/\/skaitytaknyga.lt\/en\/produktas\/skiemenuotos-pasakos\/\" \/>\n<meta property=\"og:locale\" content=\"en_GB\" \/>\n<meta property=\"og:locale:alternate\" content=\"lt_LT\" \/>\n<meta property=\"og:type\" content=\"article\" \/>\n<meta property=\"og:title\" content=\"Skiemenuotos pasakos\" \/>\n<meta property=\"og:description\" content=\"Prano Ma\u0161ioto pasak\u0117l\u0117s apie ki\u0161k\u012f padau\u017e\u0105, \u017e\u0105sin\u0105 ir degl\u0105j\u0105, \u0161uniuk\u0105 ir i\u0161dykusi ka\u010diuk\u0105, gudr\u0173 e\u017e\u012f, lak\u0161tingal\u0105 ir varl\u0119 bei kitus persona\u017eus. Prano\" \/>\n<meta property=\"og:url\" content=\"https:\/\/skaitytaknyga.lt\/en\/produktas\/skiemenuotos-pasakos\/\" \/>\n<meta property=\"og:site_name\" content=\"Skaitytaknyga\" \/>\n<meta property=\"article:publisher\" content=\"https:\/\/www.facebook.com\/skaitytaknyga\/\" \/>\n<meta property=\"article:modified_time\" content=\"2025-09-27T15:56:16+00:00\" \/>\n<meta property=\"og:image\" content=\"https:\/\/skaitytaknyga.lt\/wp-content\/uploads\/2025\/08\/Skiemenuotos-pasakos-1.webp\" \/>\n\t<meta property=\"og:image:width\" content=\"524\" \/>\n\t<meta property=\"og:image:height\" content=\"801\" \/>\n\t<meta property=\"og:image:type\" content=\"image\/webp\" \/>\n<meta name=\"twitter:card\" content=\"summary_large_image\" \/>\n<script type=\"application\/ld+json\" class=\"yoast-schema-graph\">{\"@context\":\"https:\/\/schema.org\",\"@graph\":[{\"@type\":\"WebPage\",\"@id\":\"https:\/\/skaitytaknyga.lt\/produktas\/skiemenuotos-pasakos\/\",\"url\":\"https:\/\/skaitytaknyga.lt\/produktas\/skiemenuotos-pasakos\/\",\"name\":\"Skiemenuotos pasakos\",\"isPartOf\":{\"@id\":\"https:\/\/skaitytaknyga.lt\/#website\"},\"primaryImageOfPage\":{\"@id\":\"https:\/\/skaitytaknyga.lt\/produktas\/skiemenuotos-pasakos\/#primaryimage\"},\"image\":{\"@id\":\"https:\/\/skaitytaknyga.lt\/produktas\/skiemenuotos-pasakos\/#primaryimage\"},\"thumbnailUrl\":\"https:\/\/skaitytaknyga.lt\/wp-content\/uploads\/2025\/08\/Skiemenuotos-pasakos-1.webp\",\"datePublished\":\"2025-08-01T07:00:51+00:00\",\"dateModified\":\"2025-09-27T15:56:16+00:00\",\"description\":\"Prano Ma\u0161ioto pasak\u0117l\u0117s apie ki\u0161k\u012f padau\u017e\u0105, \u017e\u0105sin\u0105 ir degl\u0105j\u0105, \u0161uniuk\u0105 ir i\u0161dykusi ka\u010diuk\u0105, gudr\u0173 e\u017e\u012f, lak\u0161tingal\u0105 ir varl\u0119 bei kitus persona\u017eus. Prano\",\"breadcrumb\":{\"@id\":\"https:\/\/skaitytaknyga.lt\/produktas\/skiemenuotos-pasakos\/#breadcrumb\"},\"inLanguage\":\"en-GB\",\"potentialAction\":[{\"@type\":\"ReadAction\",\"target\":[\"https:\/\/skaitytaknyga.lt\/produktas\/skiemenuotos-pasakos\/\"]}]},{\"@type\":\"ImageObject\",\"inLanguage\":\"en-GB\",\"@id\":\"https:\/\/skaitytaknyga.lt\/produktas\/skiemenuotos-pasakos\/#primaryimage\",\"url\":\"https:\/\/skaitytaknyga.lt\/wp-content\/uploads\/2025\/08\/Skiemenuotos-pasakos-1.webp\",\"contentUrl\":\"https:\/\/skaitytaknyga.lt\/wp-content\/uploads\/2025\/08\/Skiemenuotos-pasakos-1.webp\",\"width\":524,\"height\":801,\"caption\":\"Skiemenuotos pasakos\"},{\"@type\":\"BreadcrumbList\",\"@id\":\"https:\/\/skaitytaknyga.lt\/produktas\/skiemenuotos-pasakos\/#breadcrumb\",\"itemListElement\":[{\"@type\":\"ListItem\",\"position\":1,\"name\":\"Home\",\"item\":\"https:\/\/skaitytaknyga.lt\/\"},{\"@type\":\"ListItem\",\"position\":2,\"name\":\"Parduotuv\u0117\",\"item\":\"https:\/\/skaitytaknyga.lt\/knygu-parduotuve\/\"},{\"@type\":\"ListItem\",\"position\":3,\"name\":\"Skiemenuotos pasakos\"}]},{\"@type\":\"WebSite\",\"@id\":\"https:\/\/skaitytaknyga.lt\/#website\",\"url\":\"https:\/\/skaitytaknyga.lt\/\",\"name\":\"skaitytaknyga.lt\",\"description\":\"Skaitytaknyga.lt \u2013 tai ma\u017eas \u0161eimos verslas, kuris prasid\u0117jo nuo meil\u0117s knygoms ir siekio i\u0161gelb\u0117ti knygas nuo likimo prie konteinerio. Kas vienam nereikalingas daiktas \u2013 kitam lobis, o mes esame tarpininkai, kurie padeda abiems tapti laimingesniems ???? \u017dinome kaip nelengva i\u0161gyventi ma\u017eiems verslams, tad nuo \u0161iol, \u010dia rasite ir kit\u0173, ma\u017e\u0173 \u0161eim\u0173 versl\u0173, rank\u0173 darbo, dovan\u0173 sau ir artimiesiems.\",\"publisher\":{\"@id\":\"https:\/\/skaitytaknyga.lt\/#organization\"},\"potentialAction\":[{\"@type\":\"SearchAction\",\"target\":{\"@type\":\"EntryPoint\",\"urlTemplate\":\"https:\/\/skaitytaknyga.lt\/?s={search_term_string}\"},\"query-input\":{\"@type\":\"PropertyValueSpecification\",\"valueRequired\":true,\"valueName\":\"search_term_string\"}}],\"inLanguage\":\"en-GB\"},{\"@type\":\"Organization\",\"@id\":\"https:\/\/skaitytaknyga.lt\/#organization\",\"name\":\"skaitytaknyga.lt\",\"url\":\"https:\/\/skaitytaknyga.lt\/\",\"logo\":{\"@type\":\"ImageObject\",\"inLanguage\":\"en-GB\",\"@id\":\"https:\/\/skaitytaknyga.lt\/#\/schema\/logo\/image\/\",\"url\":\"https:\/\/skaitytaknyga.lt\/wp-content\/uploads\/2024\/05\/cropped-cropped-cropped-02_00843_jt3bggkj1j3HLc7SyY6rEUpg.jpeg\",\"contentUrl\":\"https:\/\/skaitytaknyga.lt\/wp-content\/uploads\/2024\/05\/cropped-cropped-cropped-02_00843_jt3bggkj1j3HLc7SyY6rEUpg.jpeg\",\"width\":1600,\"height\":1600,\"caption\":\"skaitytaknyga.lt\"},\"image\":{\"@id\":\"https:\/\/skaitytaknyga.lt\/#\/schema\/logo\/image\/\"},\"sameAs\":[\"https:\/\/www.facebook.com\/skaitytaknyga\/\"]}]}<\/script>\n<!-- \/ Yoast SEO plugin. -->","yoast_head_json":{"title":"Skiemenuotos pasakos","description":"Prano Ma\u0161ioto pasak\u0117l\u0117s apie ki\u0161k\u012f padau\u017e\u0105, \u017e\u0105sin\u0105 ir degl\u0105j\u0105, \u0161uniuk\u0105 ir i\u0161dykusi ka\u010diuk\u0105, gudr\u0173 e\u017e\u012f, lak\u0161tingal\u0105 ir varl\u0119 bei kitus persona\u017eus. Prano","robots":{"index":"index","follow":"follow","max-snippet":"max-snippet:-1","max-image-preview":"max-image-preview:large","max-video-preview":"max-video-preview:-1"},"canonical":"https:\/\/skaitytaknyga.lt\/en\/produktas\/skiemenuotos-pasakos\/","og_locale":"en_GB","og_type":"article","og_title":"[:lt]Skiemenuotos pasakos[:] - Skaitytaknyga","og_description":"Prano Ma\u0161ioto pasak\u0117l\u0117s apie ki\u0161k\u012f padau\u017e\u0105, \u017e\u0105sin\u0105 ir degl\u0105j\u0105, \u0161uniuk\u0105 ir i\u0161dykusi ka\u010diuk\u0105, gudr\u0173 e\u017e\u012f, lak\u0161tingal\u0105 ir varl\u0119 bei kitus persona\u017eus. Prano","og_url":"https:\/\/skaitytaknyga.lt\/en\/produktas\/skiemenuotos-pasakos\/","og_site_name":"Skaitytaknyga","article_publisher":"https:\/\/www.facebook.com\/skaitytaknyga\/","article_modified_time":"2025-09-27T15:56:16+00:00","og_image":[{"width":524,"height":801,"url":"https:\/\/skaitytaknyga.lt\/wp-content\/uploads\/2025\/08\/Skiemenuotos-pasakos-1.webp","type":"image\/webp"}],"twitter_card":"summary_large_image","schema":{"@context":"https:\/\/schema.org","@graph":[{"@type":"WebPage","@id":"https:\/\/skaitytaknyga.lt\/produktas\/skiemenuotos-pasakos\/","url":"https:\/\/skaitytaknyga.lt\/produktas\/skiemenuotos-pasakos\/","name":"Skiemenuotos pasakos","isPartOf":{"@id":"https:\/\/skaitytaknyga.lt\/#website"},"primaryImageOfPage":{"@id":"https:\/\/skaitytaknyga.lt\/produktas\/skiemenuotos-pasakos\/#primaryimage"},"image":{"@id":"https:\/\/skaitytaknyga.lt\/produktas\/skiemenuotos-pasakos\/#primaryimage"},"thumbnailUrl":"https:\/\/skaitytaknyga.lt\/wp-content\/uploads\/2025\/08\/Skiemenuotos-pasakos-1.webp","datePublished":"2025-08-01T07:00:51+00:00","dateModified":"2025-09-27T15:56:16+00:00","description":"Prano Ma\u0161ioto pasak\u0117l\u0117s apie ki\u0161k\u012f padau\u017e\u0105, \u017e\u0105sin\u0105 ir degl\u0105j\u0105, \u0161uniuk\u0105 ir i\u0161dykusi ka\u010diuk\u0105, gudr\u0173 e\u017e\u012f, lak\u0161tingal\u0105 ir varl\u0119 bei kitus persona\u017eus. Prano","breadcrumb":{"@id":"https:\/\/skaitytaknyga.lt\/produktas\/skiemenuotos-pasakos\/#breadcrumb"},"inLanguage":"en-GB","potentialAction":[{"@type":"ReadAction","target":["https:\/\/skaitytaknyga.lt\/produktas\/skiemenuotos-pasakos\/"]}]},{"@type":"ImageObject","inLanguage":"en-GB","@id":"https:\/\/skaitytaknyga.lt\/produktas\/skiemenuotos-pasakos\/#primaryimage","url":"https:\/\/skaitytaknyga.lt\/wp-content\/uploads\/2025\/08\/Skiemenuotos-pasakos-1.webp","contentUrl":"https:\/\/skaitytaknyga.lt\/wp-content\/uploads\/2025\/08\/Skiemenuotos-pasakos-1.webp","width":524,"height":801,"caption":"Skiemenuotos pasakos"},{"@type":"BreadcrumbList","@id":"https:\/\/skaitytaknyga.lt\/produktas\/skiemenuotos-pasakos\/#breadcrumb","itemListElement":[{"@type":"ListItem","position":1,"name":"Home","item":"https:\/\/skaitytaknyga.lt\/"},{"@type":"ListItem","position":2,"name":"Parduotuv\u0117","item":"https:\/\/skaitytaknyga.lt\/knygu-parduotuve\/"},{"@type":"ListItem","position":3,"name":"Skiemenuotos pasakos"}]},{"@type":"WebSite","@id":"https:\/\/skaitytaknyga.lt\/#website","url":"https:\/\/skaitytaknyga.lt\/","name":"skaitytaknyga.lt","description":"Skaitytaknyga.lt \u2013 tai ma\u017eas \u0161eimos verslas, kuris prasid\u0117jo nuo meil\u0117s knygoms ir siekio i\u0161gelb\u0117ti knygas nuo likimo prie konteinerio. Kas vienam nereikalingas daiktas \u2013 kitam lobis, o mes esame tarpininkai, kurie padeda abiems tapti laimingesniems ???? \u017dinome kaip nelengva i\u0161gyventi ma\u017eiems verslams, tad nuo \u0161iol, \u010dia rasite ir kit\u0173, ma\u017e\u0173 \u0161eim\u0173 versl\u0173, rank\u0173 darbo, dovan\u0173 sau ir artimiesiems.","publisher":{"@id":"https:\/\/skaitytaknyga.lt\/#organization"},"potentialAction":[{"@type":"SearchAction","target":{"@type":"EntryPoint","urlTemplate":"https:\/\/skaitytaknyga.lt\/?s={search_term_string}"},"query-input":{"@type":"PropertyValueSpecification","valueRequired":true,"valueName":"search_term_string"}}],"inLanguage":"en-GB"},{"@type":"Organization","@id":"https:\/\/skaitytaknyga.lt\/#organization","name":"skaitytaknyga.lt","url":"https:\/\/skaitytaknyga.lt\/","logo":{"@type":"ImageObject","inLanguage":"en-GB","@id":"https:\/\/skaitytaknyga.lt\/#\/schema\/logo\/image\/","url":"https:\/\/skaitytaknyga.lt\/wp-content\/uploads\/2024\/05\/cropped-cropped-cropped-02_00843_jt3bggkj1j3HLc7SyY6rEUpg.jpeg","contentUrl":"https:\/\/skaitytaknyga.lt\/wp-content\/uploads\/2024\/05\/cropped-cropped-cropped-02_00843_jt3bggkj1j3HLc7SyY6rEUpg.jpeg","width":1600,"height":1600,"caption":"skaitytaknyga.lt"},"image":{"@id":"https:\/\/skaitytaknyga.lt\/#\/schema\/logo\/image\/"},"sameAs":["https:\/\/www.facebook.com\/skaitytaknyga\/"]}]}},"_links":{"self":[{"href":"https:\/\/skaitytaknyga.lt\/en\/wp-json\/wp\/v2\/product\/20097","targetHints":{"allow":["GET"]}}],"collection":[{"href":"https:\/\/skaitytaknyga.lt\/en\/wp-json\/wp\/v2\/product"}],"about":[{"href":"https:\/\/skaitytaknyga.lt\/en\/wp-json\/wp\/v2\/types\/product"}],"replies":[{"embeddable":true,"href":"https:\/\/skaitytaknyga.lt\/en\/wp-json\/wp\/v2\/comments?post=20097"}],"wp:featuredmedia":[{"embeddable":true,"href":"https:\/\/skaitytaknyga.lt\/en\/wp-json\/wp\/v2\/media\/20101"}],"wp:attachment":[{"href":"https:\/\/skaitytaknyga.lt\/en\/wp-json\/wp\/v2\/media?parent=20097"}],"wp:term":[{"taxonomy":"product_brand","embeddable":true,"href":"https:\/\/skaitytaknyga.lt\/en\/wp-json\/wp\/v2\/product_brand?post=20097"},{"taxonomy":"product_cat","embeddable":true,"href":"https:\/\/skaitytaknyga.lt\/en\/wp-json\/wp\/v2\/product_cat?post=20097"},{"taxonomy":"product_tag","embeddable":true,"href":"https:\/\/skaitytaknyga.lt\/en\/wp-json\/wp\/v2\/product_tag?post=20097"}],"curies":[{"name":"wp","href":"https:\/\/api.w.org\/{rel}","templated":true}]}}