{"id":20091,"date":"2025-08-01T08:14:43","date_gmt":"2025-08-01T05:14:43","guid":{"rendered":"https:\/\/skaitytaknyga.lt\/?post_type=product&#038;p=20091"},"modified":"2026-03-18T14:59:44","modified_gmt":"2026-03-18T12:59:44","slug":"lietuvis-tarp-karaliaus-dvasios-ipediniu","status":"publish","type":"product","link":"https:\/\/skaitytaknyga.lt\/en\/produktas\/lietuvis-tarp-karaliaus-dvasios-ipediniu\/","title":{"rendered":"Lietuvis tarp Karaliaus-Dvasios \u012fp\u0117dini\u0173"},"content":{"rendered":"<p>Knygoje gvildenama, kaip lietuvi\u0173 menininkas suvok\u0117 ir \u012fgyvendino men\u0173 s\u0105\u0161aukos ir sintez\u0117s id\u0117j\u0105, kaip jo sukurta Lietuvos vizija i\u0161kilo i\u0161 lietuvi\u0173 ir lenk\u0173 romantizmo tradicijos. \u010cia taip pat pateikiami dviej\u0173 m\u016bzos tarn\u0173 \u2013 lietuvi\u0173 dailininko ir lenk\u0173 poeto Micinskio \u2013 ry\u0161iai, gretinami j\u0173 darbai. Primenama, kad pagarba romantinei literat\u016brai paveik\u0117 meninink\u0105 ir \u0161itaip jo gyvenime atsirado Slowackio poezija. Jis s\u0105moningai pri\u0117m\u0117 i\u0161\u0161\u016bk\u012f sekti, o gal ir pranokti romantinius idealus. \u010ciurlionio ir Slowackio giminyst\u0117 \u2013 ry\u0161ki, neabejotina, matoma ir kompozicijos sluoksniuose, o \u012fdomiausia ir svarbiausia \u2013 vaizduot\u0117s taisykl\u0117se: dar viena id\u0117ja sieja did\u017eius menininkus \u2013 \u201ei\u0161valyti men\u0105 nuo gamtos iliuzij\u0173\u201c.<\/p>\n","protected":false},"excerpt":{"rendered":"<p>Knygoje gvildenama, kaip lietuvi\u0173 menininkas suvok\u0117 ir \u012fgyvendino men\u0173 s\u0105\u0161aukos ir sintez\u0117s id\u0117j\u0105, kaip jo sukurta Lietuvos vizija i\u0161kilo i\u0161 lietuvi\u0173 ir lenk\u0173 romantizmo tradicijos. \u010cia taip pat pateikiami dviej\u0173 m\u016bzos tarn\u0173 \u2013 lietuvi\u0173 dailininko ir lenk\u0173 poeto Micinskio \u2013 ry\u0161iai, gretinami j\u0173 darbai. Primenama, kad pagarba romantinei literat\u016brai paveik\u0117 meninink\u0105 ir \u0161itaip jo gyvenime atsirado Slowackio poezija. Jis s\u0105moningai pri\u0117m\u0117 i\u0161\u0161\u016bk\u012f sekti, o gal ir pranokti romantinius idealus. \u010ciurlionio ir Slowackio giminyst\u0117 \u2013 ry\u0161ki, neabejotina, matoma ir kompozicijos sluoksniuose, o \u012fdomiausia ir svarbiausia \u2013 vaizduot\u0117s taisykl\u0117se: dar viena id\u0117ja sieja did\u017eius menininkus \u2013 \u201ei\u0161valyti men\u0105 nuo gamtos iliuzij\u0173\u201c.<\/p>\n","protected":false},"featured_media":20094,"comment_status":"open","ping_status":"closed","template":"","meta":{"_acf_changed":false,"site-sidebar-layout":"default","site-content-layout":"","ast-site-content-layout":"default","site-content-style":"default","site-sidebar-style":"default","ast-global-header-display":"","ast-banner-title-visibility":"","ast-main-header-display":"","ast-hfb-above-header-display":"","ast-hfb-below-header-display":"","ast-hfb-mobile-header-display":"","site-post-title":"","ast-breadcrumbs-content":"","ast-featured-img":"","footer-sml-layout":"","ast-disable-related-posts":"","theme-transparent-header-meta":"","adv-header-id-meta":"","stick-header-meta":"","header-above-stick-meta":"","header-main-stick-meta":"","header-below-stick-meta":"","astra-migrate-meta-layouts":"default","ast-page-background-enabled":"default","ast-page-background-meta":{"desktop":{"background-color":"","background-image":"","background-repeat":"repeat","background-position":"center center","background-size":"auto","background-attachment":"scroll","background-type":"","background-media":"","overlay-type":"","overlay-color":"","overlay-opacity":"","overlay-gradient":""},"tablet":{"background-color":"","background-image":"","background-repeat":"repeat","background-position":"center center","background-size":"auto","background-attachment":"scroll","background-type":"","background-media":"","overlay-type":"","overlay-color":"","overlay-opacity":"","overlay-gradient":""},"mobile":{"background-color":"","background-image":"","background-repeat":"repeat","background-position":"center center","background-size":"auto","background-attachment":"scroll","background-type":"","background-media":"","overlay-type":"","overlay-color":"","overlay-opacity":"","overlay-gradient":""}},"ast-content-background-meta":{"desktop":{"background-color":"var(--ast-global-color-4)","background-image":"","background-repeat":"repeat","background-position":"center center","background-size":"auto","background-attachment":"scroll","background-type":"","background-media":"","overlay-type":"","overlay-color":"","overlay-opacity":"","overlay-gradient":""},"tablet":{"background-color":"var(--ast-global-color-4)","background-image":"","background-repeat":"repeat","background-position":"center center","background-size":"auto","background-attachment":"scroll","background-type":"","background-media":"","overlay-type":"","overlay-color":"","overlay-opacity":"","overlay-gradient":""},"mobile":{"background-color":"var(--ast-global-color-4)","background-image":"","background-repeat":"repeat","background-position":"center center","background-size":"auto","background-attachment":"scroll","background-type":"","background-media":"","overlay-type":"","overlay-color":"","overlay-opacity":"","overlay-gradient":""}}},"product_brand":[],"product_cat":[9862,174],"product_tag":[7111,7259,7258,7260,2696,6974,4577],"class_list":{"0":"post-20091","1":"product","2":"type-product","3":"status-publish","4":"has-post-thumbnail","6":"product_cat-lietuvos-istorija","7":"product_cat-istorija-ir-politologija","8":"product_tag-ciurlionis","9":"product_tag-lietuviu-ir-lenku-kultura","10":"product_tag-menu-sinteze","11":"product_tag-radoslaw-okulicz-kozaryn","12":"product_tag-romantizmas","13":"product_tag-simbolizmas","14":"product_tag-vaizduote","15":"desktop-align-left","16":"tablet-align-left","17":"mobile-align-left","19":"first","20":"instock","21":"shipping-taxable","22":"purchasable","23":"product-type-simple"},"acf":[],"yoast_head":"<!-- This site is optimized with the Yoast SEO plugin v27.0 - https:\/\/yoast.com\/product\/yoast-seo-wordpress\/ -->\n<title>Lietuvis tarp Karaliaus-Dvasios \u012fp\u0117dini\u0173<\/title>\n<meta name=\"description\" content=\"Knygoje gvildenama, kaip lietuvi\u0173 menininkas suvok\u0117 ir \u012fgyvendino men\u0173 s\u0105\u0161aukos ir sintez\u0117s id\u0117j\u0105, kaip jo sukurta Lietuvos vizija i\u0161kilo i\u0161 lietuvi\u0173 ir\" \/>\n<meta name=\"robots\" content=\"index, follow, max-snippet:-1, max-image-preview:large, max-video-preview:-1\" \/>\n<link rel=\"canonical\" href=\"https:\/\/skaitytaknyga.lt\/en\/produktas\/lietuvis-tarp-karaliaus-dvasios-ipediniu\/\" \/>\n<meta property=\"og:locale\" content=\"en_GB\" \/>\n<meta property=\"og:locale:alternate\" content=\"lt_LT\" \/>\n<meta property=\"og:type\" content=\"article\" \/>\n<meta property=\"og:title\" content=\"Lietuvis tarp Karaliaus-Dvasios \u012fp\u0117dini\u0173\" \/>\n<meta property=\"og:description\" content=\"Knygoje gvildenama, kaip lietuvi\u0173 menininkas suvok\u0117 ir \u012fgyvendino men\u0173 s\u0105\u0161aukos ir sintez\u0117s id\u0117j\u0105, kaip jo sukurta Lietuvos vizija i\u0161kilo i\u0161 lietuvi\u0173 ir\" \/>\n<meta property=\"og:url\" content=\"https:\/\/skaitytaknyga.lt\/en\/produktas\/lietuvis-tarp-karaliaus-dvasios-ipediniu\/\" \/>\n<meta property=\"og:site_name\" content=\"Skaitytaknyga\" \/>\n<meta property=\"article:publisher\" content=\"https:\/\/www.facebook.com\/skaitytaknyga\/\" \/>\n<meta property=\"article:modified_time\" content=\"2026-03-18T12:59:44+00:00\" \/>\n<meta property=\"og:image\" content=\"https:\/\/skaitytaknyga.lt\/wp-content\/uploads\/2025\/08\/Lietuvis-tarp-Karaliaus-Dvasios-ipediniu-1.webp\" \/>\n\t<meta property=\"og:image:width\" content=\"543\" \/>\n\t<meta property=\"og:image:height\" content=\"801\" \/>\n\t<meta property=\"og:image:type\" content=\"image\/webp\" \/>\n<meta name=\"twitter:card\" content=\"summary_large_image\" \/>\n<meta name=\"twitter:label1\" content=\"Estimated reading time\" \/>\n\t<meta name=\"twitter:data1\" content=\"1 minute\" \/>\n<script type=\"application\/ld+json\" class=\"yoast-schema-graph\">{\"@context\":\"https:\/\/schema.org\",\"@graph\":[{\"@type\":\"WebPage\",\"@id\":\"https:\/\/skaitytaknyga.lt\/produktas\/lietuvis-tarp-karaliaus-dvasios-ipediniu\/\",\"url\":\"https:\/\/skaitytaknyga.lt\/produktas\/lietuvis-tarp-karaliaus-dvasios-ipediniu\/\",\"name\":\"Lietuvis tarp Karaliaus-Dvasios \u012fp\u0117dini\u0173\",\"isPartOf\":{\"@id\":\"https:\/\/skaitytaknyga.lt\/#website\"},\"primaryImageOfPage\":{\"@id\":\"https:\/\/skaitytaknyga.lt\/produktas\/lietuvis-tarp-karaliaus-dvasios-ipediniu\/#primaryimage\"},\"image\":{\"@id\":\"https:\/\/skaitytaknyga.lt\/produktas\/lietuvis-tarp-karaliaus-dvasios-ipediniu\/#primaryimage\"},\"thumbnailUrl\":\"https:\/\/skaitytaknyga.lt\/wp-content\/uploads\/2025\/08\/Lietuvis-tarp-Karaliaus-Dvasios-ipediniu-1.webp\",\"datePublished\":\"2025-08-01T05:14:43+00:00\",\"dateModified\":\"2026-03-18T12:59:44+00:00\",\"description\":\"Knygoje gvildenama, kaip lietuvi\u0173 menininkas suvok\u0117 ir \u012fgyvendino men\u0173 s\u0105\u0161aukos ir sintez\u0117s id\u0117j\u0105, kaip jo sukurta Lietuvos vizija i\u0161kilo i\u0161 lietuvi\u0173 ir\",\"breadcrumb\":{\"@id\":\"https:\/\/skaitytaknyga.lt\/produktas\/lietuvis-tarp-karaliaus-dvasios-ipediniu\/#breadcrumb\"},\"inLanguage\":\"en-GB\",\"potentialAction\":[{\"@type\":\"ReadAction\",\"target\":[\"https:\/\/skaitytaknyga.lt\/produktas\/lietuvis-tarp-karaliaus-dvasios-ipediniu\/\"]}]},{\"@type\":\"ImageObject\",\"inLanguage\":\"en-GB\",\"@id\":\"https:\/\/skaitytaknyga.lt\/produktas\/lietuvis-tarp-karaliaus-dvasios-ipediniu\/#primaryimage\",\"url\":\"https:\/\/skaitytaknyga.lt\/wp-content\/uploads\/2025\/08\/Lietuvis-tarp-Karaliaus-Dvasios-ipediniu-1.webp\",\"contentUrl\":\"https:\/\/skaitytaknyga.lt\/wp-content\/uploads\/2025\/08\/Lietuvis-tarp-Karaliaus-Dvasios-ipediniu-1.webp\",\"width\":543,\"height\":801,\"caption\":\"Lietuvis tarp Karaliaus-Dvasios \u012fp\u0117dini\u0173\"},{\"@type\":\"BreadcrumbList\",\"@id\":\"https:\/\/skaitytaknyga.lt\/produktas\/lietuvis-tarp-karaliaus-dvasios-ipediniu\/#breadcrumb\",\"itemListElement\":[{\"@type\":\"ListItem\",\"position\":1,\"name\":\"Home\",\"item\":\"https:\/\/skaitytaknyga.lt\/\"},{\"@type\":\"ListItem\",\"position\":2,\"name\":\"Parduotuv\u0117\",\"item\":\"https:\/\/skaitytaknyga.lt\/knygu-parduotuve\/\"},{\"@type\":\"ListItem\",\"position\":3,\"name\":\"Lietuvis tarp Karaliaus-Dvasios \u012fp\u0117dini\u0173\"}]},{\"@type\":\"WebSite\",\"@id\":\"https:\/\/skaitytaknyga.lt\/#website\",\"url\":\"https:\/\/skaitytaknyga.lt\/\",\"name\":\"skaitytaknyga.lt\",\"description\":\"Skaitytaknyga.lt \u2013 tai ma\u017eas \u0161eimos verslas, kuris prasid\u0117jo nuo meil\u0117s knygoms ir siekio i\u0161gelb\u0117ti knygas nuo likimo prie konteinerio. Kas vienam nereikalingas daiktas \u2013 kitam lobis, o mes esame tarpininkai, kurie padeda abiems tapti laimingesniems ???? \u017dinome kaip nelengva i\u0161gyventi ma\u017eiems verslams, tad nuo \u0161iol, \u010dia rasite ir kit\u0173, ma\u017e\u0173 \u0161eim\u0173 versl\u0173, rank\u0173 darbo, dovan\u0173 sau ir artimiesiems.\",\"publisher\":{\"@id\":\"https:\/\/skaitytaknyga.lt\/#organization\"},\"potentialAction\":[{\"@type\":\"SearchAction\",\"target\":{\"@type\":\"EntryPoint\",\"urlTemplate\":\"https:\/\/skaitytaknyga.lt\/?s={search_term_string}\"},\"query-input\":{\"@type\":\"PropertyValueSpecification\",\"valueRequired\":true,\"valueName\":\"search_term_string\"}}],\"inLanguage\":\"en-GB\"},{\"@type\":\"Organization\",\"@id\":\"https:\/\/skaitytaknyga.lt\/#organization\",\"name\":\"skaitytaknyga.lt\",\"url\":\"https:\/\/skaitytaknyga.lt\/\",\"logo\":{\"@type\":\"ImageObject\",\"inLanguage\":\"en-GB\",\"@id\":\"https:\/\/skaitytaknyga.lt\/#\/schema\/logo\/image\/\",\"url\":\"https:\/\/skaitytaknyga.lt\/wp-content\/uploads\/2024\/05\/cropped-cropped-cropped-02_00843_jt3bggkj1j3HLc7SyY6rEUpg.jpeg\",\"contentUrl\":\"https:\/\/skaitytaknyga.lt\/wp-content\/uploads\/2024\/05\/cropped-cropped-cropped-02_00843_jt3bggkj1j3HLc7SyY6rEUpg.jpeg\",\"width\":1600,\"height\":1600,\"caption\":\"skaitytaknyga.lt\"},\"image\":{\"@id\":\"https:\/\/skaitytaknyga.lt\/#\/schema\/logo\/image\/\"},\"sameAs\":[\"https:\/\/www.facebook.com\/skaitytaknyga\/\"]}]}<\/script>\n<!-- \/ Yoast SEO plugin. -->","yoast_head_json":{"title":"Lietuvis tarp Karaliaus-Dvasios \u012fp\u0117dini\u0173","description":"Knygoje gvildenama, kaip lietuvi\u0173 menininkas suvok\u0117 ir \u012fgyvendino men\u0173 s\u0105\u0161aukos ir sintez\u0117s id\u0117j\u0105, kaip jo sukurta Lietuvos vizija i\u0161kilo i\u0161 lietuvi\u0173 ir","robots":{"index":"index","follow":"follow","max-snippet":"max-snippet:-1","max-image-preview":"max-image-preview:large","max-video-preview":"max-video-preview:-1"},"canonical":"https:\/\/skaitytaknyga.lt\/en\/produktas\/lietuvis-tarp-karaliaus-dvasios-ipediniu\/","og_locale":"en_GB","og_type":"article","og_title":"[:lt]Lietuvis tarp Karaliaus-Dvasios \u012fp\u0117dini\u0173[:] - Skaitytaknyga","og_description":"Knygoje gvildenama, kaip lietuvi\u0173 menininkas suvok\u0117 ir \u012fgyvendino men\u0173 s\u0105\u0161aukos ir sintez\u0117s id\u0117j\u0105, kaip jo sukurta Lietuvos vizija i\u0161kilo i\u0161 lietuvi\u0173 ir","og_url":"https:\/\/skaitytaknyga.lt\/en\/produktas\/lietuvis-tarp-karaliaus-dvasios-ipediniu\/","og_site_name":"Skaitytaknyga","article_publisher":"https:\/\/www.facebook.com\/skaitytaknyga\/","article_modified_time":"2026-03-18T12:59:44+00:00","og_image":[{"width":543,"height":801,"url":"https:\/\/skaitytaknyga.lt\/wp-content\/uploads\/2025\/08\/Lietuvis-tarp-Karaliaus-Dvasios-ipediniu-1.webp","type":"image\/webp"}],"twitter_card":"summary_large_image","twitter_misc":{"Estimated reading time":"1 minute"},"schema":{"@context":"https:\/\/schema.org","@graph":[{"@type":"WebPage","@id":"https:\/\/skaitytaknyga.lt\/produktas\/lietuvis-tarp-karaliaus-dvasios-ipediniu\/","url":"https:\/\/skaitytaknyga.lt\/produktas\/lietuvis-tarp-karaliaus-dvasios-ipediniu\/","name":"Lietuvis tarp Karaliaus-Dvasios \u012fp\u0117dini\u0173","isPartOf":{"@id":"https:\/\/skaitytaknyga.lt\/#website"},"primaryImageOfPage":{"@id":"https:\/\/skaitytaknyga.lt\/produktas\/lietuvis-tarp-karaliaus-dvasios-ipediniu\/#primaryimage"},"image":{"@id":"https:\/\/skaitytaknyga.lt\/produktas\/lietuvis-tarp-karaliaus-dvasios-ipediniu\/#primaryimage"},"thumbnailUrl":"https:\/\/skaitytaknyga.lt\/wp-content\/uploads\/2025\/08\/Lietuvis-tarp-Karaliaus-Dvasios-ipediniu-1.webp","datePublished":"2025-08-01T05:14:43+00:00","dateModified":"2026-03-18T12:59:44+00:00","description":"Knygoje gvildenama, kaip lietuvi\u0173 menininkas suvok\u0117 ir \u012fgyvendino men\u0173 s\u0105\u0161aukos ir sintez\u0117s id\u0117j\u0105, kaip jo sukurta Lietuvos vizija i\u0161kilo i\u0161 lietuvi\u0173 ir","breadcrumb":{"@id":"https:\/\/skaitytaknyga.lt\/produktas\/lietuvis-tarp-karaliaus-dvasios-ipediniu\/#breadcrumb"},"inLanguage":"en-GB","potentialAction":[{"@type":"ReadAction","target":["https:\/\/skaitytaknyga.lt\/produktas\/lietuvis-tarp-karaliaus-dvasios-ipediniu\/"]}]},{"@type":"ImageObject","inLanguage":"en-GB","@id":"https:\/\/skaitytaknyga.lt\/produktas\/lietuvis-tarp-karaliaus-dvasios-ipediniu\/#primaryimage","url":"https:\/\/skaitytaknyga.lt\/wp-content\/uploads\/2025\/08\/Lietuvis-tarp-Karaliaus-Dvasios-ipediniu-1.webp","contentUrl":"https:\/\/skaitytaknyga.lt\/wp-content\/uploads\/2025\/08\/Lietuvis-tarp-Karaliaus-Dvasios-ipediniu-1.webp","width":543,"height":801,"caption":"Lietuvis tarp Karaliaus-Dvasios \u012fp\u0117dini\u0173"},{"@type":"BreadcrumbList","@id":"https:\/\/skaitytaknyga.lt\/produktas\/lietuvis-tarp-karaliaus-dvasios-ipediniu\/#breadcrumb","itemListElement":[{"@type":"ListItem","position":1,"name":"Home","item":"https:\/\/skaitytaknyga.lt\/"},{"@type":"ListItem","position":2,"name":"Parduotuv\u0117","item":"https:\/\/skaitytaknyga.lt\/knygu-parduotuve\/"},{"@type":"ListItem","position":3,"name":"Lietuvis tarp Karaliaus-Dvasios \u012fp\u0117dini\u0173"}]},{"@type":"WebSite","@id":"https:\/\/skaitytaknyga.lt\/#website","url":"https:\/\/skaitytaknyga.lt\/","name":"skaitytaknyga.lt","description":"Skaitytaknyga.lt \u2013 tai ma\u017eas \u0161eimos verslas, kuris prasid\u0117jo nuo meil\u0117s knygoms ir siekio i\u0161gelb\u0117ti knygas nuo likimo prie konteinerio. Kas vienam nereikalingas daiktas \u2013 kitam lobis, o mes esame tarpininkai, kurie padeda abiems tapti laimingesniems ???? \u017dinome kaip nelengva i\u0161gyventi ma\u017eiems verslams, tad nuo \u0161iol, \u010dia rasite ir kit\u0173, ma\u017e\u0173 \u0161eim\u0173 versl\u0173, rank\u0173 darbo, dovan\u0173 sau ir artimiesiems.","publisher":{"@id":"https:\/\/skaitytaknyga.lt\/#organization"},"potentialAction":[{"@type":"SearchAction","target":{"@type":"EntryPoint","urlTemplate":"https:\/\/skaitytaknyga.lt\/?s={search_term_string}"},"query-input":{"@type":"PropertyValueSpecification","valueRequired":true,"valueName":"search_term_string"}}],"inLanguage":"en-GB"},{"@type":"Organization","@id":"https:\/\/skaitytaknyga.lt\/#organization","name":"skaitytaknyga.lt","url":"https:\/\/skaitytaknyga.lt\/","logo":{"@type":"ImageObject","inLanguage":"en-GB","@id":"https:\/\/skaitytaknyga.lt\/#\/schema\/logo\/image\/","url":"https:\/\/skaitytaknyga.lt\/wp-content\/uploads\/2024\/05\/cropped-cropped-cropped-02_00843_jt3bggkj1j3HLc7SyY6rEUpg.jpeg","contentUrl":"https:\/\/skaitytaknyga.lt\/wp-content\/uploads\/2024\/05\/cropped-cropped-cropped-02_00843_jt3bggkj1j3HLc7SyY6rEUpg.jpeg","width":1600,"height":1600,"caption":"skaitytaknyga.lt"},"image":{"@id":"https:\/\/skaitytaknyga.lt\/#\/schema\/logo\/image\/"},"sameAs":["https:\/\/www.facebook.com\/skaitytaknyga\/"]}]}},"_links":{"self":[{"href":"https:\/\/skaitytaknyga.lt\/en\/wp-json\/wp\/v2\/product\/20091","targetHints":{"allow":["GET"]}}],"collection":[{"href":"https:\/\/skaitytaknyga.lt\/en\/wp-json\/wp\/v2\/product"}],"about":[{"href":"https:\/\/skaitytaknyga.lt\/en\/wp-json\/wp\/v2\/types\/product"}],"replies":[{"embeddable":true,"href":"https:\/\/skaitytaknyga.lt\/en\/wp-json\/wp\/v2\/comments?post=20091"}],"wp:featuredmedia":[{"embeddable":true,"href":"https:\/\/skaitytaknyga.lt\/en\/wp-json\/wp\/v2\/media\/20094"}],"wp:attachment":[{"href":"https:\/\/skaitytaknyga.lt\/en\/wp-json\/wp\/v2\/media?parent=20091"}],"wp:term":[{"taxonomy":"product_brand","embeddable":true,"href":"https:\/\/skaitytaknyga.lt\/en\/wp-json\/wp\/v2\/product_brand?post=20091"},{"taxonomy":"product_cat","embeddable":true,"href":"https:\/\/skaitytaknyga.lt\/en\/wp-json\/wp\/v2\/product_cat?post=20091"},{"taxonomy":"product_tag","embeddable":true,"href":"https:\/\/skaitytaknyga.lt\/en\/wp-json\/wp\/v2\/product_tag?post=20091"}],"curies":[{"name":"wp","href":"https:\/\/api.w.org\/{rel}","templated":true}]}}