{"id":20087,"date":"2025-08-01T08:09:13","date_gmt":"2025-08-01T05:09:13","guid":{"rendered":"https:\/\/skaitytaknyga.lt\/?post_type=product&#038;p=20087"},"modified":"2026-03-18T14:59:44","modified_gmt":"2026-03-18T12:59:44","slug":"vilniaus-gatves-gyvos-gidas-po-miesto-periferija","status":"publish","type":"product","link":"https:\/\/skaitytaknyga.lt\/en\/produktas\/vilniaus-gatves-gyvos-gidas-po-miesto-periferija\/","title":{"rendered":"Vilniaus gatv\u0117s gyvos. Gidas po miesto periferij\u0105"},"content":{"rendered":"<p>Knyga \u201eVilniaus gatv\u0117s gyvos. Gidas po miesto periferij\u0105\u201c kvie\u010dia susipa\u017einti su \u012fdomiausiais faktais ir lankytinais objektais Naujininkuose, Lazdynuose, \u017dirm\u016bnuose, Paneriuose bei kitose nuo miesto centro atitolusiose vietose.<\/p>\n<p>\u0160is leidinys pirmiausia skirtas vilnie\u010diui ar miesto sve\u010diui, kuris Lietuvos sostin\u0119 nori pa\u017einti ne tik per senamies\u010dio prizm\u0119. Knyg\u0105 sudaro 11 mar\u0161rut\u0173 su \u017eem\u0117lapiais, i\u0161samiais objekt\u0173 apra\u0161ymais, didelio formato istorin\u0117mis nuotraukomis ir vertinga archyvine med\u017eiaga.<\/p>\n","protected":false},"excerpt":{"rendered":"<p>Knyga \u201eVilniaus gatv\u0117s gyvos. Gidas po miesto periferij\u0105\u201c kvie\u010dia susipa\u017einti su \u012fdomiausiais faktais ir lankytinais objektais Naujininkuose, Lazdynuose, \u017dirm\u016bnuose, Paneriuose bei kitose nuo miesto centro atitolusiose vietose. \u0160is leidinys pirmiausia skirtas vilnie\u010diui ar miesto sve\u010diui, kuris Lietuvos sostin\u0119 nori pa\u017einti ne tik per senamies\u010dio prizm\u0119. Knyg\u0105 sudaro 11 mar\u0161rut\u0173 su \u017eem\u0117lapiais, i\u0161samiais objekt\u0173 apra\u0161ymais, didelio formato istorin\u0117mis nuotraukomis ir vertinga archyvine med\u017eiaga.<\/p>\n","protected":false},"featured_media":20090,"comment_status":"open","ping_status":"closed","template":"","meta":{"_acf_changed":false,"site-sidebar-layout":"default","site-content-layout":"","ast-site-content-layout":"default","site-content-style":"default","site-sidebar-style":"default","ast-global-header-display":"","ast-banner-title-visibility":"","ast-main-header-display":"","ast-hfb-above-header-display":"","ast-hfb-below-header-display":"","ast-hfb-mobile-header-display":"","site-post-title":"","ast-breadcrumbs-content":"","ast-featured-img":"","footer-sml-layout":"","ast-disable-related-posts":"","theme-transparent-header-meta":"","adv-header-id-meta":"","stick-header-meta":"","header-above-stick-meta":"","header-main-stick-meta":"","header-below-stick-meta":"","astra-migrate-meta-layouts":"default","ast-page-background-enabled":"default","ast-page-background-meta":{"desktop":{"background-color":"","background-image":"","background-repeat":"repeat","background-position":"center center","background-size":"auto","background-attachment":"scroll","background-type":"","background-media":"","overlay-type":"","overlay-color":"","overlay-opacity":"","overlay-gradient":""},"tablet":{"background-color":"","background-image":"","background-repeat":"repeat","background-position":"center center","background-size":"auto","background-attachment":"scroll","background-type":"","background-media":"","overlay-type":"","overlay-color":"","overlay-opacity":"","overlay-gradient":""},"mobile":{"background-color":"","background-image":"","background-repeat":"repeat","background-position":"center center","background-size":"auto","background-attachment":"scroll","background-type":"","background-media":"","overlay-type":"","overlay-color":"","overlay-opacity":"","overlay-gradient":""}},"ast-content-background-meta":{"desktop":{"background-color":"var(--ast-global-color-4)","background-image":"","background-repeat":"repeat","background-position":"center center","background-size":"auto","background-attachment":"scroll","background-type":"","background-media":"","overlay-type":"","overlay-color":"","overlay-opacity":"","overlay-gradient":""},"tablet":{"background-color":"var(--ast-global-color-4)","background-image":"","background-repeat":"repeat","background-position":"center center","background-size":"auto","background-attachment":"scroll","background-type":"","background-media":"","overlay-type":"","overlay-color":"","overlay-opacity":"","overlay-gradient":""},"mobile":{"background-color":"var(--ast-global-color-4)","background-image":"","background-repeat":"repeat","background-position":"center center","background-size":"auto","background-attachment":"scroll","background-type":"","background-media":"","overlay-type":"","overlay-color":"","overlay-opacity":"","overlay-gradient":""}}},"product_brand":[],"product_cat":[9862,174],"product_tag":[7257,5815,3881,2224,7255,7254,7256,2601],"class_list":{"0":"post-20087","1":"product","2":"type-product","3":"status-publish","4":"has-post-thumbnail","6":"product_cat-lietuvos-istorija","7":"product_cat-istorija-ir-politologija","8":"product_tag-albertas-kazlauskas","9":"product_tag-archyvai","10":"product_tag-gidas","11":"product_tag-istorija","12":"product_tag-miestotyra","13":"product_tag-periferija","14":"product_tag-rajonai","15":"product_tag-vilnius","16":"desktop-align-left","17":"tablet-align-left","18":"mobile-align-left","20":"first","21":"outofstock","22":"shipping-taxable","23":"purchasable","24":"product-type-simple"},"acf":[],"yoast_head":"<!-- This site is optimized with the Yoast SEO plugin v27.0 - https:\/\/yoast.com\/product\/yoast-seo-wordpress\/ -->\n<title>Vilniaus gatv\u0117s gyvos. Gidas po miesto periferij\u0105<\/title>\n<meta name=\"description\" content=\"Knyga \u201eVilniaus gatv\u0117s gyvos. Gidas po miesto periferij\u0105\u201c kvie\u010dia susipa\u017einti su \u012fdomiausiais faktais ir lankytinais objektais Naujininkuose, Lazdynuose,\" \/>\n<meta name=\"robots\" content=\"index, follow, max-snippet:-1, max-image-preview:large, max-video-preview:-1\" \/>\n<link rel=\"canonical\" href=\"https:\/\/skaitytaknyga.lt\/en\/produktas\/vilniaus-gatves-gyvos-gidas-po-miesto-periferija\/\" \/>\n<meta property=\"og:locale\" content=\"en_GB\" \/>\n<meta property=\"og:locale:alternate\" content=\"lt_LT\" \/>\n<meta property=\"og:type\" content=\"article\" \/>\n<meta property=\"og:title\" content=\"Vilniaus gatv\u0117s gyvos. Gidas po miesto periferij\u0105\" \/>\n<meta property=\"og:description\" content=\"Knyga \u201eVilniaus gatv\u0117s gyvos. Gidas po miesto periferij\u0105\u201c kvie\u010dia susipa\u017einti su \u012fdomiausiais faktais ir lankytinais objektais Naujininkuose, Lazdynuose,\" \/>\n<meta property=\"og:url\" content=\"https:\/\/skaitytaknyga.lt\/en\/produktas\/vilniaus-gatves-gyvos-gidas-po-miesto-periferija\/\" \/>\n<meta property=\"og:site_name\" content=\"Skaitytaknyga\" \/>\n<meta property=\"article:publisher\" content=\"https:\/\/www.facebook.com\/skaitytaknyga\/\" \/>\n<meta property=\"article:modified_time\" content=\"2026-03-18T12:59:44+00:00\" \/>\n<meta property=\"og:image\" content=\"https:\/\/skaitytaknyga.lt\/wp-content\/uploads\/2025\/08\/Vilniaus-gatves-gyvos.-Gidas-po-miesto-periferija.webp\" \/>\n\t<meta property=\"og:image:width\" content=\"567\" \/>\n\t<meta property=\"og:image:height\" content=\"801\" \/>\n\t<meta property=\"og:image:type\" content=\"image\/webp\" \/>\n<meta name=\"twitter:card\" content=\"summary_large_image\" \/>\n<script type=\"application\/ld+json\" class=\"yoast-schema-graph\">{\"@context\":\"https:\/\/schema.org\",\"@graph\":[{\"@type\":\"WebPage\",\"@id\":\"https:\/\/skaitytaknyga.lt\/produktas\/vilniaus-gatves-gyvos-gidas-po-miesto-periferija\/\",\"url\":\"https:\/\/skaitytaknyga.lt\/produktas\/vilniaus-gatves-gyvos-gidas-po-miesto-periferija\/\",\"name\":\"Vilniaus gatv\u0117s gyvos. Gidas po miesto periferij\u0105\",\"isPartOf\":{\"@id\":\"https:\/\/skaitytaknyga.lt\/#website\"},\"primaryImageOfPage\":{\"@id\":\"https:\/\/skaitytaknyga.lt\/produktas\/vilniaus-gatves-gyvos-gidas-po-miesto-periferija\/#primaryimage\"},\"image\":{\"@id\":\"https:\/\/skaitytaknyga.lt\/produktas\/vilniaus-gatves-gyvos-gidas-po-miesto-periferija\/#primaryimage\"},\"thumbnailUrl\":\"https:\/\/skaitytaknyga.lt\/wp-content\/uploads\/2025\/08\/Vilniaus-gatves-gyvos.-Gidas-po-miesto-periferija.webp\",\"datePublished\":\"2025-08-01T05:09:13+00:00\",\"dateModified\":\"2026-03-18T12:59:44+00:00\",\"description\":\"Knyga \u201eVilniaus gatv\u0117s gyvos. Gidas po miesto periferij\u0105\u201c kvie\u010dia susipa\u017einti su \u012fdomiausiais faktais ir lankytinais objektais Naujininkuose, Lazdynuose,\",\"breadcrumb\":{\"@id\":\"https:\/\/skaitytaknyga.lt\/produktas\/vilniaus-gatves-gyvos-gidas-po-miesto-periferija\/#breadcrumb\"},\"inLanguage\":\"en-GB\",\"potentialAction\":[{\"@type\":\"ReadAction\",\"target\":[\"https:\/\/skaitytaknyga.lt\/produktas\/vilniaus-gatves-gyvos-gidas-po-miesto-periferija\/\"]}]},{\"@type\":\"ImageObject\",\"inLanguage\":\"en-GB\",\"@id\":\"https:\/\/skaitytaknyga.lt\/produktas\/vilniaus-gatves-gyvos-gidas-po-miesto-periferija\/#primaryimage\",\"url\":\"https:\/\/skaitytaknyga.lt\/wp-content\/uploads\/2025\/08\/Vilniaus-gatves-gyvos.-Gidas-po-miesto-periferija.webp\",\"contentUrl\":\"https:\/\/skaitytaknyga.lt\/wp-content\/uploads\/2025\/08\/Vilniaus-gatves-gyvos.-Gidas-po-miesto-periferija.webp\",\"width\":567,\"height\":801,\"caption\":\"Vilniaus gatv\u0117s gyvos. Gidas po miesto periferij\u0105\"},{\"@type\":\"BreadcrumbList\",\"@id\":\"https:\/\/skaitytaknyga.lt\/produktas\/vilniaus-gatves-gyvos-gidas-po-miesto-periferija\/#breadcrumb\",\"itemListElement\":[{\"@type\":\"ListItem\",\"position\":1,\"name\":\"Home\",\"item\":\"https:\/\/skaitytaknyga.lt\/\"},{\"@type\":\"ListItem\",\"position\":2,\"name\":\"Parduotuv\u0117\",\"item\":\"https:\/\/skaitytaknyga.lt\/knygu-parduotuve\/\"},{\"@type\":\"ListItem\",\"position\":3,\"name\":\"Vilniaus gatv\u0117s gyvos. Gidas po miesto periferij\u0105\"}]},{\"@type\":\"WebSite\",\"@id\":\"https:\/\/skaitytaknyga.lt\/#website\",\"url\":\"https:\/\/skaitytaknyga.lt\/\",\"name\":\"skaitytaknyga.lt\",\"description\":\"Skaitytaknyga.lt \u2013 tai ma\u017eas \u0161eimos verslas, kuris prasid\u0117jo nuo meil\u0117s knygoms ir siekio i\u0161gelb\u0117ti knygas nuo likimo prie konteinerio. Kas vienam nereikalingas daiktas \u2013 kitam lobis, o mes esame tarpininkai, kurie padeda abiems tapti laimingesniems ???? \u017dinome kaip nelengva i\u0161gyventi ma\u017eiems verslams, tad nuo \u0161iol, \u010dia rasite ir kit\u0173, ma\u017e\u0173 \u0161eim\u0173 versl\u0173, rank\u0173 darbo, dovan\u0173 sau ir artimiesiems.\",\"publisher\":{\"@id\":\"https:\/\/skaitytaknyga.lt\/#organization\"},\"potentialAction\":[{\"@type\":\"SearchAction\",\"target\":{\"@type\":\"EntryPoint\",\"urlTemplate\":\"https:\/\/skaitytaknyga.lt\/?s={search_term_string}\"},\"query-input\":{\"@type\":\"PropertyValueSpecification\",\"valueRequired\":true,\"valueName\":\"search_term_string\"}}],\"inLanguage\":\"en-GB\"},{\"@type\":\"Organization\",\"@id\":\"https:\/\/skaitytaknyga.lt\/#organization\",\"name\":\"skaitytaknyga.lt\",\"url\":\"https:\/\/skaitytaknyga.lt\/\",\"logo\":{\"@type\":\"ImageObject\",\"inLanguage\":\"en-GB\",\"@id\":\"https:\/\/skaitytaknyga.lt\/#\/schema\/logo\/image\/\",\"url\":\"https:\/\/skaitytaknyga.lt\/wp-content\/uploads\/2024\/05\/cropped-cropped-cropped-02_00843_jt3bggkj1j3HLc7SyY6rEUpg.jpeg\",\"contentUrl\":\"https:\/\/skaitytaknyga.lt\/wp-content\/uploads\/2024\/05\/cropped-cropped-cropped-02_00843_jt3bggkj1j3HLc7SyY6rEUpg.jpeg\",\"width\":1600,\"height\":1600,\"caption\":\"skaitytaknyga.lt\"},\"image\":{\"@id\":\"https:\/\/skaitytaknyga.lt\/#\/schema\/logo\/image\/\"},\"sameAs\":[\"https:\/\/www.facebook.com\/skaitytaknyga\/\"]}]}<\/script>\n<!-- \/ Yoast SEO plugin. -->","yoast_head_json":{"title":"Vilniaus gatv\u0117s gyvos. Gidas po miesto periferij\u0105","description":"Knyga \u201eVilniaus gatv\u0117s gyvos. Gidas po miesto periferij\u0105\u201c kvie\u010dia susipa\u017einti su \u012fdomiausiais faktais ir lankytinais objektais Naujininkuose, Lazdynuose,","robots":{"index":"index","follow":"follow","max-snippet":"max-snippet:-1","max-image-preview":"max-image-preview:large","max-video-preview":"max-video-preview:-1"},"canonical":"https:\/\/skaitytaknyga.lt\/en\/produktas\/vilniaus-gatves-gyvos-gidas-po-miesto-periferija\/","og_locale":"en_GB","og_type":"article","og_title":"[:lt]Vilniaus gatv\u0117s gyvos. Gidas po miesto periferij\u0105[:] - Skaitytaknyga","og_description":"Knyga \u201eVilniaus gatv\u0117s gyvos. Gidas po miesto periferij\u0105\u201c kvie\u010dia susipa\u017einti su \u012fdomiausiais faktais ir lankytinais objektais Naujininkuose, Lazdynuose,","og_url":"https:\/\/skaitytaknyga.lt\/en\/produktas\/vilniaus-gatves-gyvos-gidas-po-miesto-periferija\/","og_site_name":"Skaitytaknyga","article_publisher":"https:\/\/www.facebook.com\/skaitytaknyga\/","article_modified_time":"2026-03-18T12:59:44+00:00","og_image":[{"width":567,"height":801,"url":"https:\/\/skaitytaknyga.lt\/wp-content\/uploads\/2025\/08\/Vilniaus-gatves-gyvos.-Gidas-po-miesto-periferija.webp","type":"image\/webp"}],"twitter_card":"summary_large_image","schema":{"@context":"https:\/\/schema.org","@graph":[{"@type":"WebPage","@id":"https:\/\/skaitytaknyga.lt\/produktas\/vilniaus-gatves-gyvos-gidas-po-miesto-periferija\/","url":"https:\/\/skaitytaknyga.lt\/produktas\/vilniaus-gatves-gyvos-gidas-po-miesto-periferija\/","name":"Vilniaus gatv\u0117s gyvos. Gidas po miesto periferij\u0105","isPartOf":{"@id":"https:\/\/skaitytaknyga.lt\/#website"},"primaryImageOfPage":{"@id":"https:\/\/skaitytaknyga.lt\/produktas\/vilniaus-gatves-gyvos-gidas-po-miesto-periferija\/#primaryimage"},"image":{"@id":"https:\/\/skaitytaknyga.lt\/produktas\/vilniaus-gatves-gyvos-gidas-po-miesto-periferija\/#primaryimage"},"thumbnailUrl":"https:\/\/skaitytaknyga.lt\/wp-content\/uploads\/2025\/08\/Vilniaus-gatves-gyvos.-Gidas-po-miesto-periferija.webp","datePublished":"2025-08-01T05:09:13+00:00","dateModified":"2026-03-18T12:59:44+00:00","description":"Knyga \u201eVilniaus gatv\u0117s gyvos. Gidas po miesto periferij\u0105\u201c kvie\u010dia susipa\u017einti su \u012fdomiausiais faktais ir lankytinais objektais Naujininkuose, Lazdynuose,","breadcrumb":{"@id":"https:\/\/skaitytaknyga.lt\/produktas\/vilniaus-gatves-gyvos-gidas-po-miesto-periferija\/#breadcrumb"},"inLanguage":"en-GB","potentialAction":[{"@type":"ReadAction","target":["https:\/\/skaitytaknyga.lt\/produktas\/vilniaus-gatves-gyvos-gidas-po-miesto-periferija\/"]}]},{"@type":"ImageObject","inLanguage":"en-GB","@id":"https:\/\/skaitytaknyga.lt\/produktas\/vilniaus-gatves-gyvos-gidas-po-miesto-periferija\/#primaryimage","url":"https:\/\/skaitytaknyga.lt\/wp-content\/uploads\/2025\/08\/Vilniaus-gatves-gyvos.-Gidas-po-miesto-periferija.webp","contentUrl":"https:\/\/skaitytaknyga.lt\/wp-content\/uploads\/2025\/08\/Vilniaus-gatves-gyvos.-Gidas-po-miesto-periferija.webp","width":567,"height":801,"caption":"Vilniaus gatv\u0117s gyvos. Gidas po miesto periferij\u0105"},{"@type":"BreadcrumbList","@id":"https:\/\/skaitytaknyga.lt\/produktas\/vilniaus-gatves-gyvos-gidas-po-miesto-periferija\/#breadcrumb","itemListElement":[{"@type":"ListItem","position":1,"name":"Home","item":"https:\/\/skaitytaknyga.lt\/"},{"@type":"ListItem","position":2,"name":"Parduotuv\u0117","item":"https:\/\/skaitytaknyga.lt\/knygu-parduotuve\/"},{"@type":"ListItem","position":3,"name":"Vilniaus gatv\u0117s gyvos. Gidas po miesto periferij\u0105"}]},{"@type":"WebSite","@id":"https:\/\/skaitytaknyga.lt\/#website","url":"https:\/\/skaitytaknyga.lt\/","name":"skaitytaknyga.lt","description":"Skaitytaknyga.lt \u2013 tai ma\u017eas \u0161eimos verslas, kuris prasid\u0117jo nuo meil\u0117s knygoms ir siekio i\u0161gelb\u0117ti knygas nuo likimo prie konteinerio. Kas vienam nereikalingas daiktas \u2013 kitam lobis, o mes esame tarpininkai, kurie padeda abiems tapti laimingesniems ???? \u017dinome kaip nelengva i\u0161gyventi ma\u017eiems verslams, tad nuo \u0161iol, \u010dia rasite ir kit\u0173, ma\u017e\u0173 \u0161eim\u0173 versl\u0173, rank\u0173 darbo, dovan\u0173 sau ir artimiesiems.","publisher":{"@id":"https:\/\/skaitytaknyga.lt\/#organization"},"potentialAction":[{"@type":"SearchAction","target":{"@type":"EntryPoint","urlTemplate":"https:\/\/skaitytaknyga.lt\/?s={search_term_string}"},"query-input":{"@type":"PropertyValueSpecification","valueRequired":true,"valueName":"search_term_string"}}],"inLanguage":"en-GB"},{"@type":"Organization","@id":"https:\/\/skaitytaknyga.lt\/#organization","name":"skaitytaknyga.lt","url":"https:\/\/skaitytaknyga.lt\/","logo":{"@type":"ImageObject","inLanguage":"en-GB","@id":"https:\/\/skaitytaknyga.lt\/#\/schema\/logo\/image\/","url":"https:\/\/skaitytaknyga.lt\/wp-content\/uploads\/2024\/05\/cropped-cropped-cropped-02_00843_jt3bggkj1j3HLc7SyY6rEUpg.jpeg","contentUrl":"https:\/\/skaitytaknyga.lt\/wp-content\/uploads\/2024\/05\/cropped-cropped-cropped-02_00843_jt3bggkj1j3HLc7SyY6rEUpg.jpeg","width":1600,"height":1600,"caption":"skaitytaknyga.lt"},"image":{"@id":"https:\/\/skaitytaknyga.lt\/#\/schema\/logo\/image\/"},"sameAs":["https:\/\/www.facebook.com\/skaitytaknyga\/"]}]}},"_links":{"self":[{"href":"https:\/\/skaitytaknyga.lt\/en\/wp-json\/wp\/v2\/product\/20087","targetHints":{"allow":["GET"]}}],"collection":[{"href":"https:\/\/skaitytaknyga.lt\/en\/wp-json\/wp\/v2\/product"}],"about":[{"href":"https:\/\/skaitytaknyga.lt\/en\/wp-json\/wp\/v2\/types\/product"}],"replies":[{"embeddable":true,"href":"https:\/\/skaitytaknyga.lt\/en\/wp-json\/wp\/v2\/comments?post=20087"}],"wp:featuredmedia":[{"embeddable":true,"href":"https:\/\/skaitytaknyga.lt\/en\/wp-json\/wp\/v2\/media\/20090"}],"wp:attachment":[{"href":"https:\/\/skaitytaknyga.lt\/en\/wp-json\/wp\/v2\/media?parent=20087"}],"wp:term":[{"taxonomy":"product_brand","embeddable":true,"href":"https:\/\/skaitytaknyga.lt\/en\/wp-json\/wp\/v2\/product_brand?post=20087"},{"taxonomy":"product_cat","embeddable":true,"href":"https:\/\/skaitytaknyga.lt\/en\/wp-json\/wp\/v2\/product_cat?post=20087"},{"taxonomy":"product_tag","embeddable":true,"href":"https:\/\/skaitytaknyga.lt\/en\/wp-json\/wp\/v2\/product_tag?post=20087"}],"curies":[{"name":"wp","href":"https:\/\/api.w.org\/{rel}","templated":true}]}}