{"id":20081,"date":"2025-08-01T08:01:01","date_gmt":"2025-08-01T05:01:01","guid":{"rendered":"https:\/\/skaitytaknyga.lt\/?post_type=product&#038;p=20081"},"modified":"2025-08-01T10:43:33","modified_gmt":"2025-08-01T07:43:33","slug":"jus-irgi-taip-manete","status":"publish","type":"product","link":"https:\/\/skaitytaknyga.lt\/en\/produktas\/jus-irgi-taip-manete\/","title":{"rendered":"J\u016bs irgi taip man\u0117te?"},"content":{"rendered":"<p>M\u016bs\u0173 polinkis klysti nepriklauso nuo intelekto koeficiento. Neklysta tik tas, kuris i\u0161vis negalvoja. \u0160i\u0105 knyg\u0105 sudaro 400 straipsni\u0173, kuri\u0173 kiekvienas skirtas kokiai nors klaidingai nuomonei (prietarui, nesusipratimui, nelogi\u0161kai i\u0161vadai). T\u0105 klaid\u0105 autoriai \u010dia pat argumentuotai paneigia, nevengdami ir pa\u0161maik\u0161tauti.<\/p>\n<p>Straipsni\u0173 tematika labai \u012fvairi, bet ypa\u010d daug vietos skiriama ekonomikai, medicinai, \u012fvairi\u0173 dalyk\u0173 tikimybei.<\/p>\n<p>Skaitytojas steb\u0117sis, nespecialistas apstulbs pamat\u0119s, kiek daug klaid\u0173, nepagr\u012fst\u0173 \u012fsitikinim\u0173 ir \u0161iuolaikini\u0173 mit\u0173 netobulose m\u016bs\u0173 \u017einiose surado vokie\u010di\u0173 profesoriai. Knyga lengvai skaitoma, s\u0105mojinga, kupina paradoks\u0173 \u2013 ji pravers kiekvienam, kuris nori pasipuikuoti televizijos \u017eaidime ar kompanijoje. \u0160is rinkinys tur\u0117s b\u016bti lentynoje po ranka, lengvai pasiekiamas, kilus diskusijai su tais, kurie kategori\u0161kai tvirtins, jog: \u201eved\u0119 vyrai ilgiau gyvena\u201c, \u201edrambliai bijo peli\u0173\u201c, \u201eplaukai auga ir po mirties\u201c, bakterijos kenkia sveikatai\u201c, \u201ebuliai nepaken\u010dia raudonos spalvos\u201c, \u201edieta lieknina\u201c, \u201edaug prakaituojan\u010diam reikia daug druskos\u201c, \u201eKanar\u0173 salos taip pavadintos d\u0117l kanar\u0117li\u0173\u201c, \u201erudi kiau\u0161iniai maistingesni u\u017e baltus\u201c, \u201enegalima palikti maisto produkt\u0173 atidarytoje konserv\u0173 skardin\u0117je\u201c, \u201ekupranugariai kuproje kaupia vanden\u012f\u201c, \u201epajut\u0119s pavoj\u0173, strutis slepia galv\u0105 sm\u0117lyje\u201c ir t. t.).<\/p>\n<p>Savaime suprantama, kai kurios pateikiamos \u201eklaidos\u201c \u017einovams sukels atlaid\u017ei\u0105 \u0161ypsen\u0105. Joks ekonomistas nemanys, kad toje pa\u010dioje rinkoje parduot\u0173 ir nupirkt\u0173 preki\u0173 kiekiai gal\u0117t\u0173 b\u016bti skirtingi (kiekvienas pardavimas sykiu yra ir pirkimas), joks teisininkas netvirtins, kad tik ra\u0161ytin\u0117 sutartis turi teisin\u0119 gali\u0105, joks biologas ne\u012ftikin\u0117s, kad visos bakterijos kenksmingos. Bet nespecialistai da\u017enai vis dar tiki tuo, k\u0105 specialistai jau seniai yra paneig\u0119.<\/p>\n","protected":false},"excerpt":{"rendered":"<p>M\u016bs\u0173 polinkis klysti nepriklauso nuo intelekto koeficiento. Neklysta tik tas, kuris i\u0161vis negalvoja. \u0160i\u0105 knyg\u0105 sudaro 400 straipsni\u0173, kuri\u0173 kiekvienas skirtas kokiai nors klaidingai nuomonei (prietarui, nesusipratimui, nelogi\u0161kai i\u0161vadai). T\u0105 klaid\u0105 autoriai \u010dia pat argumentuotai paneigia, nevengdami ir pa\u0161maik\u0161tauti. Straipsni\u0173 tematika labai \u012fvairi, bet ypa\u010d daug vietos skiriama ekonomikai, medicinai, \u012fvairi\u0173 dalyk\u0173 tikimybei. Skaitytojas steb\u0117sis, nespecialistas apstulbs pamat\u0119s, kiek daug klaid\u0173, nepagr\u012fst\u0173 \u012fsitikinim\u0173 ir \u0161iuolaikini\u0173 mit\u0173 netobulose m\u016bs\u0173 \u017einiose surado vokie\u010di\u0173 profesoriai. Knyga lengvai skaitoma, s\u0105mojinga, kupina paradoks\u0173 \u2013 ji pravers kiekvienam, kuris nori pasipuikuoti televizijos \u017eaidime ar kompanijoje. \u0160is rinkinys tur\u0117s b\u016bti lentynoje po ranka, lengvai pasiekiamas, kilus diskusijai su tais, kurie kategori\u0161kai tvirtins, jog: \u201eved\u0119 vyrai ilgiau gyvena\u201c, \u201edrambliai bijo peli\u0173\u201c, \u201eplaukai auga ir po mirties\u201c, bakterijos kenkia sveikatai\u201c, \u201ebuliai nepaken\u010dia raudonos spalvos\u201c, \u201edieta lieknina\u201c, \u201edaug prakaituojan\u010diam reikia daug druskos\u201c, \u201eKanar\u0173 salos taip pavadintos d\u0117l kanar\u0117li\u0173\u201c, \u201erudi kiau\u0161iniai maistingesni u\u017e baltus\u201c, \u201enegalima palikti maisto produkt\u0173 atidarytoje konserv\u0173 skardin\u0117je\u201c, \u201ekupranugariai kuproje kaupia vanden\u012f\u201c, \u201epajut\u0119s pavoj\u0173, strutis slepia galv\u0105 sm\u0117lyje\u201c ir t. t.). Savaime suprantama, kai kurios pateikiamos \u201eklaidos\u201c \u017einovams sukels atlaid\u017ei\u0105 \u0161ypsen\u0105. Joks ekonomistas nemanys, kad toje pa\u010dioje rinkoje parduot\u0173 ir nupirkt\u0173 preki\u0173 kiekiai gal\u0117t\u0173 b\u016bti skirtingi (kiekvienas pardavimas sykiu yra ir pirkimas), joks teisininkas netvirtins, kad tik ra\u0161ytin\u0117 sutartis turi teisin\u0119 gali\u0105, joks biologas ne\u012ftikin\u0117s, kad visos bakterijos kenksmingos. Bet nespecialistai da\u017enai vis dar tiki tuo, k\u0105 specialistai jau seniai yra paneig\u0119.<\/p>\n","protected":false},"featured_media":20084,"comment_status":"open","ping_status":"closed","template":"","meta":{"_acf_changed":false,"site-sidebar-layout":"default","site-content-layout":"","ast-site-content-layout":"default","site-content-style":"default","site-sidebar-style":"default","ast-global-header-display":"","ast-banner-title-visibility":"","ast-main-header-display":"","ast-hfb-above-header-display":"","ast-hfb-below-header-display":"","ast-hfb-mobile-header-display":"","site-post-title":"","ast-breadcrumbs-content":"","ast-featured-img":"","footer-sml-layout":"","ast-disable-related-posts":"","theme-transparent-header-meta":"","adv-header-id-meta":"","stick-header-meta":"","header-above-stick-meta":"","header-main-stick-meta":"","header-below-stick-meta":"","astra-migrate-meta-layouts":"default","ast-page-background-enabled":"default","ast-page-background-meta":{"desktop":{"background-color":"","background-image":"","background-repeat":"repeat","background-position":"center center","background-size":"auto","background-attachment":"scroll","background-type":"","background-media":"","overlay-type":"","overlay-color":"","overlay-opacity":"","overlay-gradient":""},"tablet":{"background-color":"","background-image":"","background-repeat":"repeat","background-position":"center center","background-size":"auto","background-attachment":"scroll","background-type":"","background-media":"","overlay-type":"","overlay-color":"","overlay-opacity":"","overlay-gradient":""},"mobile":{"background-color":"","background-image":"","background-repeat":"repeat","background-position":"center center","background-size":"auto","background-attachment":"scroll","background-type":"","background-media":"","overlay-type":"","overlay-color":"","overlay-opacity":"","overlay-gradient":""}},"ast-content-background-meta":{"desktop":{"background-color":"var(--ast-global-color-4)","background-image":"","background-repeat":"repeat","background-position":"center center","background-size":"auto","background-attachment":"scroll","background-type":"","background-media":"","overlay-type":"","overlay-color":"","overlay-opacity":"","overlay-gradient":""},"tablet":{"background-color":"var(--ast-global-color-4)","background-image":"","background-repeat":"repeat","background-position":"center center","background-size":"auto","background-attachment":"scroll","background-type":"","background-media":"","overlay-type":"","overlay-color":"","overlay-opacity":"","overlay-gradient":""},"mobile":{"background-color":"var(--ast-global-color-4)","background-image":"","background-repeat":"repeat","background-position":"center center","background-size":"auto","background-attachment":"scroll","background-type":"","background-media":"","overlay-type":"","overlay-color":"","overlay-opacity":"","overlay-gradient":""}}},"product_brand":[],"product_cat":[15],"product_tag":[7252,7072,4223,5615,7251,7250,3510],"class_list":{"0":"post-20081","1":"product","2":"type-product","3":"status-publish","4":"has-post-thumbnail","6":"product_cat-uncategorized","7":"product_tag-anonimas","8":"product_tag-dangaus-kunai","9":"product_tag-etnologija","10":"product_tag-kosmologija","11":"product_tag-liaudies-pasauleziura","12":"product_tag-senoves-lietuviai","13":"product_tag-simboliai","14":"desktop-align-left","15":"tablet-align-left","16":"mobile-align-left","18":"first","19":"instock","20":"shipping-taxable","21":"purchasable","22":"product-type-simple"},"acf":[],"yoast_head":"<!-- This site is optimized with the Yoast SEO plugin v27.0 - https:\/\/yoast.com\/product\/yoast-seo-wordpress\/ -->\n<title>J\u016bs irgi taip man\u0117te?<\/title>\n<meta name=\"description\" content=\"M\u016bs\u0173 polinkis klysti nepriklauso nuo intelekto koeficiento. Neklysta tik tas, kuris i\u0161vis negalvoja. \u0160i\u0105 knyg\u0105 sudaro 400 straipsni\u0173, kuri\u0173 kiekvienas\" \/>\n<meta name=\"robots\" content=\"index, follow, max-snippet:-1, max-image-preview:large, max-video-preview:-1\" \/>\n<link rel=\"canonical\" href=\"https:\/\/skaitytaknyga.lt\/en\/produktas\/jus-irgi-taip-manete\/\" \/>\n<meta property=\"og:locale\" content=\"en_GB\" \/>\n<meta property=\"og:locale:alternate\" content=\"lt_LT\" \/>\n<meta property=\"og:type\" content=\"article\" \/>\n<meta property=\"og:title\" content=\"J\u016bs irgi taip man\u0117te?\" \/>\n<meta property=\"og:description\" content=\"M\u016bs\u0173 polinkis klysti nepriklauso nuo intelekto koeficiento. Neklysta tik tas, kuris i\u0161vis negalvoja. \u0160i\u0105 knyg\u0105 sudaro 400 straipsni\u0173, kuri\u0173 kiekvienas\" \/>\n<meta property=\"og:url\" content=\"https:\/\/skaitytaknyga.lt\/en\/produktas\/jus-irgi-taip-manete\/\" \/>\n<meta property=\"og:site_name\" content=\"Skaitytaknyga\" \/>\n<meta property=\"article:publisher\" content=\"https:\/\/www.facebook.com\/skaitytaknyga\/\" \/>\n<meta property=\"article:modified_time\" content=\"2025-08-01T07:43:33+00:00\" \/>\n<meta property=\"og:image\" content=\"https:\/\/skaitytaknyga.lt\/wp-content\/uploads\/2025\/08\/Jus-irgi-taip-manete-1.webp\" \/>\n\t<meta property=\"og:image:width\" content=\"530\" \/>\n\t<meta property=\"og:image:height\" content=\"801\" \/>\n\t<meta property=\"og:image:type\" content=\"image\/webp\" \/>\n<meta name=\"twitter:card\" content=\"summary_large_image\" \/>\n<meta name=\"twitter:label1\" content=\"Estimated reading time\" \/>\n\t<meta name=\"twitter:data1\" content=\"1 minute\" \/>\n<script type=\"application\/ld+json\" class=\"yoast-schema-graph\">{\"@context\":\"https:\/\/schema.org\",\"@graph\":[{\"@type\":\"WebPage\",\"@id\":\"https:\/\/skaitytaknyga.lt\/produktas\/jus-irgi-taip-manete\/\",\"url\":\"https:\/\/skaitytaknyga.lt\/produktas\/jus-irgi-taip-manete\/\",\"name\":\"J\u016bs irgi taip man\u0117te?\",\"isPartOf\":{\"@id\":\"https:\/\/skaitytaknyga.lt\/#website\"},\"primaryImageOfPage\":{\"@id\":\"https:\/\/skaitytaknyga.lt\/produktas\/jus-irgi-taip-manete\/#primaryimage\"},\"image\":{\"@id\":\"https:\/\/skaitytaknyga.lt\/produktas\/jus-irgi-taip-manete\/#primaryimage\"},\"thumbnailUrl\":\"https:\/\/skaitytaknyga.lt\/wp-content\/uploads\/2025\/08\/Jus-irgi-taip-manete-1.webp\",\"datePublished\":\"2025-08-01T05:01:01+00:00\",\"dateModified\":\"2025-08-01T07:43:33+00:00\",\"description\":\"M\u016bs\u0173 polinkis klysti nepriklauso nuo intelekto koeficiento. Neklysta tik tas, kuris i\u0161vis negalvoja. \u0160i\u0105 knyg\u0105 sudaro 400 straipsni\u0173, kuri\u0173 kiekvienas\",\"breadcrumb\":{\"@id\":\"https:\/\/skaitytaknyga.lt\/produktas\/jus-irgi-taip-manete\/#breadcrumb\"},\"inLanguage\":\"en-GB\",\"potentialAction\":[{\"@type\":\"ReadAction\",\"target\":[\"https:\/\/skaitytaknyga.lt\/produktas\/jus-irgi-taip-manete\/\"]}]},{\"@type\":\"ImageObject\",\"inLanguage\":\"en-GB\",\"@id\":\"https:\/\/skaitytaknyga.lt\/produktas\/jus-irgi-taip-manete\/#primaryimage\",\"url\":\"https:\/\/skaitytaknyga.lt\/wp-content\/uploads\/2025\/08\/Jus-irgi-taip-manete-1.webp\",\"contentUrl\":\"https:\/\/skaitytaknyga.lt\/wp-content\/uploads\/2025\/08\/Jus-irgi-taip-manete-1.webp\",\"width\":530,\"height\":801,\"caption\":\"J\u016bs irgi taip man\u0117te?\"},{\"@type\":\"BreadcrumbList\",\"@id\":\"https:\/\/skaitytaknyga.lt\/produktas\/jus-irgi-taip-manete\/#breadcrumb\",\"itemListElement\":[{\"@type\":\"ListItem\",\"position\":1,\"name\":\"Home\",\"item\":\"https:\/\/skaitytaknyga.lt\/\"},{\"@type\":\"ListItem\",\"position\":2,\"name\":\"Parduotuv\u0117\",\"item\":\"https:\/\/skaitytaknyga.lt\/knygu-parduotuve\/\"},{\"@type\":\"ListItem\",\"position\":3,\"name\":\"J\u016bs irgi taip man\u0117te?\"}]},{\"@type\":\"WebSite\",\"@id\":\"https:\/\/skaitytaknyga.lt\/#website\",\"url\":\"https:\/\/skaitytaknyga.lt\/\",\"name\":\"skaitytaknyga.lt\",\"description\":\"Skaitytaknyga.lt \u2013 tai ma\u017eas \u0161eimos verslas, kuris prasid\u0117jo nuo meil\u0117s knygoms ir siekio i\u0161gelb\u0117ti knygas nuo likimo prie konteinerio. Kas vienam nereikalingas daiktas \u2013 kitam lobis, o mes esame tarpininkai, kurie padeda abiems tapti laimingesniems ???? \u017dinome kaip nelengva i\u0161gyventi ma\u017eiems verslams, tad nuo \u0161iol, \u010dia rasite ir kit\u0173, ma\u017e\u0173 \u0161eim\u0173 versl\u0173, rank\u0173 darbo, dovan\u0173 sau ir artimiesiems.\",\"publisher\":{\"@id\":\"https:\/\/skaitytaknyga.lt\/#organization\"},\"potentialAction\":[{\"@type\":\"SearchAction\",\"target\":{\"@type\":\"EntryPoint\",\"urlTemplate\":\"https:\/\/skaitytaknyga.lt\/?s={search_term_string}\"},\"query-input\":{\"@type\":\"PropertyValueSpecification\",\"valueRequired\":true,\"valueName\":\"search_term_string\"}}],\"inLanguage\":\"en-GB\"},{\"@type\":\"Organization\",\"@id\":\"https:\/\/skaitytaknyga.lt\/#organization\",\"name\":\"skaitytaknyga.lt\",\"url\":\"https:\/\/skaitytaknyga.lt\/\",\"logo\":{\"@type\":\"ImageObject\",\"inLanguage\":\"en-GB\",\"@id\":\"https:\/\/skaitytaknyga.lt\/#\/schema\/logo\/image\/\",\"url\":\"https:\/\/skaitytaknyga.lt\/wp-content\/uploads\/2024\/05\/cropped-cropped-cropped-02_00843_jt3bggkj1j3HLc7SyY6rEUpg.jpeg\",\"contentUrl\":\"https:\/\/skaitytaknyga.lt\/wp-content\/uploads\/2024\/05\/cropped-cropped-cropped-02_00843_jt3bggkj1j3HLc7SyY6rEUpg.jpeg\",\"width\":1600,\"height\":1600,\"caption\":\"skaitytaknyga.lt\"},\"image\":{\"@id\":\"https:\/\/skaitytaknyga.lt\/#\/schema\/logo\/image\/\"},\"sameAs\":[\"https:\/\/www.facebook.com\/skaitytaknyga\/\"]}]}<\/script>\n<!-- \/ Yoast SEO plugin. -->","yoast_head_json":{"title":"J\u016bs irgi taip man\u0117te?","description":"M\u016bs\u0173 polinkis klysti nepriklauso nuo intelekto koeficiento. Neklysta tik tas, kuris i\u0161vis negalvoja. \u0160i\u0105 knyg\u0105 sudaro 400 straipsni\u0173, kuri\u0173 kiekvienas","robots":{"index":"index","follow":"follow","max-snippet":"max-snippet:-1","max-image-preview":"max-image-preview:large","max-video-preview":"max-video-preview:-1"},"canonical":"https:\/\/skaitytaknyga.lt\/en\/produktas\/jus-irgi-taip-manete\/","og_locale":"en_GB","og_type":"article","og_title":"[:lt]J\u016bs irgi taip man\u0117te?[:] - Skaitytaknyga","og_description":"M\u016bs\u0173 polinkis klysti nepriklauso nuo intelekto koeficiento. Neklysta tik tas, kuris i\u0161vis negalvoja. \u0160i\u0105 knyg\u0105 sudaro 400 straipsni\u0173, kuri\u0173 kiekvienas","og_url":"https:\/\/skaitytaknyga.lt\/en\/produktas\/jus-irgi-taip-manete\/","og_site_name":"Skaitytaknyga","article_publisher":"https:\/\/www.facebook.com\/skaitytaknyga\/","article_modified_time":"2025-08-01T07:43:33+00:00","og_image":[{"width":530,"height":801,"url":"https:\/\/skaitytaknyga.lt\/wp-content\/uploads\/2025\/08\/Jus-irgi-taip-manete-1.webp","type":"image\/webp"}],"twitter_card":"summary_large_image","twitter_misc":{"Estimated reading time":"1 minute"},"schema":{"@context":"https:\/\/schema.org","@graph":[{"@type":"WebPage","@id":"https:\/\/skaitytaknyga.lt\/produktas\/jus-irgi-taip-manete\/","url":"https:\/\/skaitytaknyga.lt\/produktas\/jus-irgi-taip-manete\/","name":"J\u016bs irgi taip man\u0117te?","isPartOf":{"@id":"https:\/\/skaitytaknyga.lt\/#website"},"primaryImageOfPage":{"@id":"https:\/\/skaitytaknyga.lt\/produktas\/jus-irgi-taip-manete\/#primaryimage"},"image":{"@id":"https:\/\/skaitytaknyga.lt\/produktas\/jus-irgi-taip-manete\/#primaryimage"},"thumbnailUrl":"https:\/\/skaitytaknyga.lt\/wp-content\/uploads\/2025\/08\/Jus-irgi-taip-manete-1.webp","datePublished":"2025-08-01T05:01:01+00:00","dateModified":"2025-08-01T07:43:33+00:00","description":"M\u016bs\u0173 polinkis klysti nepriklauso nuo intelekto koeficiento. Neklysta tik tas, kuris i\u0161vis negalvoja. \u0160i\u0105 knyg\u0105 sudaro 400 straipsni\u0173, kuri\u0173 kiekvienas","breadcrumb":{"@id":"https:\/\/skaitytaknyga.lt\/produktas\/jus-irgi-taip-manete\/#breadcrumb"},"inLanguage":"en-GB","potentialAction":[{"@type":"ReadAction","target":["https:\/\/skaitytaknyga.lt\/produktas\/jus-irgi-taip-manete\/"]}]},{"@type":"ImageObject","inLanguage":"en-GB","@id":"https:\/\/skaitytaknyga.lt\/produktas\/jus-irgi-taip-manete\/#primaryimage","url":"https:\/\/skaitytaknyga.lt\/wp-content\/uploads\/2025\/08\/Jus-irgi-taip-manete-1.webp","contentUrl":"https:\/\/skaitytaknyga.lt\/wp-content\/uploads\/2025\/08\/Jus-irgi-taip-manete-1.webp","width":530,"height":801,"caption":"J\u016bs irgi taip man\u0117te?"},{"@type":"BreadcrumbList","@id":"https:\/\/skaitytaknyga.lt\/produktas\/jus-irgi-taip-manete\/#breadcrumb","itemListElement":[{"@type":"ListItem","position":1,"name":"Home","item":"https:\/\/skaitytaknyga.lt\/"},{"@type":"ListItem","position":2,"name":"Parduotuv\u0117","item":"https:\/\/skaitytaknyga.lt\/knygu-parduotuve\/"},{"@type":"ListItem","position":3,"name":"J\u016bs irgi taip man\u0117te?"}]},{"@type":"WebSite","@id":"https:\/\/skaitytaknyga.lt\/#website","url":"https:\/\/skaitytaknyga.lt\/","name":"skaitytaknyga.lt","description":"Skaitytaknyga.lt \u2013 tai ma\u017eas \u0161eimos verslas, kuris prasid\u0117jo nuo meil\u0117s knygoms ir siekio i\u0161gelb\u0117ti knygas nuo likimo prie konteinerio. Kas vienam nereikalingas daiktas \u2013 kitam lobis, o mes esame tarpininkai, kurie padeda abiems tapti laimingesniems ???? \u017dinome kaip nelengva i\u0161gyventi ma\u017eiems verslams, tad nuo \u0161iol, \u010dia rasite ir kit\u0173, ma\u017e\u0173 \u0161eim\u0173 versl\u0173, rank\u0173 darbo, dovan\u0173 sau ir artimiesiems.","publisher":{"@id":"https:\/\/skaitytaknyga.lt\/#organization"},"potentialAction":[{"@type":"SearchAction","target":{"@type":"EntryPoint","urlTemplate":"https:\/\/skaitytaknyga.lt\/?s={search_term_string}"},"query-input":{"@type":"PropertyValueSpecification","valueRequired":true,"valueName":"search_term_string"}}],"inLanguage":"en-GB"},{"@type":"Organization","@id":"https:\/\/skaitytaknyga.lt\/#organization","name":"skaitytaknyga.lt","url":"https:\/\/skaitytaknyga.lt\/","logo":{"@type":"ImageObject","inLanguage":"en-GB","@id":"https:\/\/skaitytaknyga.lt\/#\/schema\/logo\/image\/","url":"https:\/\/skaitytaknyga.lt\/wp-content\/uploads\/2024\/05\/cropped-cropped-cropped-02_00843_jt3bggkj1j3HLc7SyY6rEUpg.jpeg","contentUrl":"https:\/\/skaitytaknyga.lt\/wp-content\/uploads\/2024\/05\/cropped-cropped-cropped-02_00843_jt3bggkj1j3HLc7SyY6rEUpg.jpeg","width":1600,"height":1600,"caption":"skaitytaknyga.lt"},"image":{"@id":"https:\/\/skaitytaknyga.lt\/#\/schema\/logo\/image\/"},"sameAs":["https:\/\/www.facebook.com\/skaitytaknyga\/"]}]}},"_links":{"self":[{"href":"https:\/\/skaitytaknyga.lt\/en\/wp-json\/wp\/v2\/product\/20081","targetHints":{"allow":["GET"]}}],"collection":[{"href":"https:\/\/skaitytaknyga.lt\/en\/wp-json\/wp\/v2\/product"}],"about":[{"href":"https:\/\/skaitytaknyga.lt\/en\/wp-json\/wp\/v2\/types\/product"}],"replies":[{"embeddable":true,"href":"https:\/\/skaitytaknyga.lt\/en\/wp-json\/wp\/v2\/comments?post=20081"}],"wp:featuredmedia":[{"embeddable":true,"href":"https:\/\/skaitytaknyga.lt\/en\/wp-json\/wp\/v2\/media\/20084"}],"wp:attachment":[{"href":"https:\/\/skaitytaknyga.lt\/en\/wp-json\/wp\/v2\/media?parent=20081"}],"wp:term":[{"taxonomy":"product_brand","embeddable":true,"href":"https:\/\/skaitytaknyga.lt\/en\/wp-json\/wp\/v2\/product_brand?post=20081"},{"taxonomy":"product_cat","embeddable":true,"href":"https:\/\/skaitytaknyga.lt\/en\/wp-json\/wp\/v2\/product_cat?post=20081"},{"taxonomy":"product_tag","embeddable":true,"href":"https:\/\/skaitytaknyga.lt\/en\/wp-json\/wp\/v2\/product_tag?post=20081"}],"curies":[{"name":"wp","href":"https:\/\/api.w.org\/{rel}","templated":true}]}}