{"id":20079,"date":"2025-08-01T08:01:01","date_gmt":"2025-08-01T05:01:01","guid":{"rendered":"https:\/\/skaitytaknyga.lt\/?post_type=product&#038;p=20079"},"modified":"2026-03-18T14:59:44","modified_gmt":"2026-03-18T12:59:44","slug":"lietuviu-tautos-islikimo-drama","status":"publish","type":"product","link":"https:\/\/skaitytaknyga.lt\/en\/produktas\/lietuviu-tautos-islikimo-drama\/","title":{"rendered":"Lietuvi\u0173 tautos i\u0161likimo drama"},"content":{"rendered":"<p>Romualdas Grigas (g. 1936 m.) \u2013 profesorius, habilituotas daktaras, Lietuvos Moksl\u0173 akademijos narys emeritas, \u0161alyje gerai \u017einomas sociologas, vadybos \u017einovas, filosofas ir tautotyrininkas. Para\u0161\u0117 apie t\u016bkstant\u012f mokslini\u0173 ir beveik tiek pat publicistikos straipsni\u0173, taip pat i\u0161leido keliolika monografij\u0173 bei es\u0117 knyg\u0173. U\u017e keturi\u0173 monografij\u0173 cikl\u0105, skirt\u0105 lietuvi\u0173 tautos socialinei organizacijai ir jos poky\u010diams atskleisti, 2002 m. profesoriui suteikta Lietuvos mokslo premija. <\/p>\n<p>\u012egudusia mokslininko ir ra\u0161ytojo ranka para\u0161ytoje knygoje gausu ne tik skaitytojo smalsum\u0105 \u017eadinan\u010dios informacijos. D\u0117mes\u012f patraukia puikiai valdoma gilios, pla\u010dios ir emocionalios minties intriga. Dramati\u0161kos lietuvi\u0173 tautos istorijos \u201ea\u0161tri\u0173 kamp\u0173\u201c ir nutyl\u0117jim\u0173 atskleidimas, pati \u017eini\u0173 perteikimo stilistika negali nejaudinti net ir to skaitytojo, kurio \u0161ird\u012f jau grau\u017eia abejingumo T\u0117vyn\u0117s likimui \u0117duonis. Knyga \u201eLietuvi\u0173 tautos i\u0161likimo drama\u201c skatina ne tik m\u0105styti apie lietuvi\u0173 taut\u0105 ir j\u0105 supant\u012f pasaul\u012f. Ji tarsi gyvyb\u0117s eliksyras, padedantis lietuviams atsakingiau vertinti ne tik savo, bet ir kit\u0173 elgsen\u0105, ypa\u010d t\u0173, kurie turi daugiau gali\u0173 ir \u012ftakos.<\/p>\n","protected":false},"excerpt":{"rendered":"<p>Romualdas Grigas (g. 1936 m.) \u2013 profesorius, habilituotas daktaras, Lietuvos Moksl\u0173 akademijos narys emeritas, \u0161alyje gerai \u017einomas sociologas, vadybos \u017einovas, filosofas ir tautotyrininkas. Para\u0161\u0117 apie t\u016bkstant\u012f mokslini\u0173 ir beveik tiek pat publicistikos straipsni\u0173, taip pat i\u0161leido keliolika monografij\u0173 bei es\u0117 knyg\u0173. U\u017e keturi\u0173 monografij\u0173 cikl\u0105, skirt\u0105 lietuvi\u0173 tautos socialinei organizacijai ir jos poky\u010diams atskleisti, 2002 m. profesoriui suteikta Lietuvos mokslo premija. \u012egudusia mokslininko ir ra\u0161ytojo ranka para\u0161ytoje knygoje gausu ne tik skaitytojo smalsum\u0105 \u017eadinan\u010dios informacijos. D\u0117mes\u012f patraukia puikiai valdoma gilios, pla\u010dios ir emocionalios minties intriga. Dramati\u0161kos lietuvi\u0173 tautos istorijos \u201ea\u0161tri\u0173 kamp\u0173\u201c ir nutyl\u0117jim\u0173 atskleidimas, pati \u017eini\u0173 perteikimo stilistika negali nejaudinti net ir to skaitytojo, kurio \u0161ird\u012f jau grau\u017eia abejingumo T\u0117vyn\u0117s likimui \u0117duonis. Knyga \u201eLietuvi\u0173 tautos i\u0161likimo drama\u201c skatina ne tik m\u0105styti apie lietuvi\u0173 taut\u0105 ir j\u0105 supant\u012f pasaul\u012f. Ji tarsi gyvyb\u0117s eliksyras, padedantis lietuviams atsakingiau vertinti ne tik savo, bet ir kit\u0173 elgsen\u0105, ypa\u010d t\u0173, kurie turi daugiau gali\u0173 ir \u012ftakos.<\/p>\n","protected":false},"featured_media":20082,"comment_status":"open","ping_status":"closed","template":"","meta":{"_acf_changed":false,"site-sidebar-layout":"default","site-content-layout":"","ast-site-content-layout":"default","site-content-style":"default","site-sidebar-style":"default","ast-global-header-display":"","ast-banner-title-visibility":"","ast-main-header-display":"","ast-hfb-above-header-display":"","ast-hfb-below-header-display":"","ast-hfb-mobile-header-display":"","site-post-title":"","ast-breadcrumbs-content":"","ast-featured-img":"","footer-sml-layout":"","ast-disable-related-posts":"","theme-transparent-header-meta":"","adv-header-id-meta":"","stick-header-meta":"","header-above-stick-meta":"","header-main-stick-meta":"","header-below-stick-meta":"","astra-migrate-meta-layouts":"default","ast-page-background-enabled":"default","ast-page-background-meta":{"desktop":{"background-color":"","background-image":"","background-repeat":"repeat","background-position":"center center","background-size":"auto","background-attachment":"scroll","background-type":"","background-media":"","overlay-type":"","overlay-color":"","overlay-opacity":"","overlay-gradient":""},"tablet":{"background-color":"","background-image":"","background-repeat":"repeat","background-position":"center center","background-size":"auto","background-attachment":"scroll","background-type":"","background-media":"","overlay-type":"","overlay-color":"","overlay-opacity":"","overlay-gradient":""},"mobile":{"background-color":"","background-image":"","background-repeat":"repeat","background-position":"center center","background-size":"auto","background-attachment":"scroll","background-type":"","background-media":"","overlay-type":"","overlay-color":"","overlay-opacity":"","overlay-gradient":""}},"ast-content-background-meta":{"desktop":{"background-color":"var(--ast-global-color-4)","background-image":"","background-repeat":"repeat","background-position":"center center","background-size":"auto","background-attachment":"scroll","background-type":"","background-media":"","overlay-type":"","overlay-color":"","overlay-opacity":"","overlay-gradient":""},"tablet":{"background-color":"var(--ast-global-color-4)","background-image":"","background-repeat":"repeat","background-position":"center center","background-size":"auto","background-attachment":"scroll","background-type":"","background-media":"","overlay-type":"","overlay-color":"","overlay-opacity":"","overlay-gradient":""},"mobile":{"background-color":"var(--ast-global-color-4)","background-image":"","background-repeat":"repeat","background-position":"center center","background-size":"auto","background-attachment":"scroll","background-type":"","background-media":"","overlay-type":"","overlay-color":"","overlay-opacity":"","overlay-gradient":""}}},"product_brand":[],"product_cat":[9862,174],"product_tag":[1467,3537,2224,7244,7246,3035,7245],"class_list":{"0":"post-20079","1":"product","2":"type-product","3":"status-publish","4":"has-post-thumbnail","6":"product_cat-lietuvos-istorija","7":"product_cat-istorija-ir-politologija","8":"product_tag-filosofija","9":"product_tag-islikimas","10":"product_tag-istorija","11":"product_tag-lietuviu-tauta","12":"product_tag-romualdas-grigas","13":"product_tag-sociologija","14":"product_tag-tautotyrininkas","15":"desktop-align-left","16":"tablet-align-left","17":"mobile-align-left","19":"first","20":"instock","21":"shipping-taxable","22":"purchasable","23":"product-type-simple"},"acf":[],"yoast_head":"<!-- This site is optimized with the Yoast SEO plugin v27.0 - https:\/\/yoast.com\/product\/yoast-seo-wordpress\/ -->\n<title>Lietuvi\u0173 tautos i\u0161likimo drama<\/title>\n<meta name=\"description\" content=\"Romualdas Grigas (g. 1936 m.) \u2013 profesorius, habilituotas daktaras, Lietuvos Moksl\u0173 akademijos narys emeritas, \u0161alyje gerai \u017einomas sociologas, vadybos\" \/>\n<meta name=\"robots\" content=\"index, follow, max-snippet:-1, max-image-preview:large, max-video-preview:-1\" \/>\n<link rel=\"canonical\" href=\"https:\/\/skaitytaknyga.lt\/en\/produktas\/lietuviu-tautos-islikimo-drama\/\" \/>\n<meta property=\"og:locale\" content=\"en_GB\" \/>\n<meta property=\"og:locale:alternate\" content=\"lt_LT\" \/>\n<meta property=\"og:type\" content=\"article\" \/>\n<meta property=\"og:title\" content=\"Lietuvi\u0173 tautos i\u0161likimo drama\" \/>\n<meta property=\"og:description\" content=\"Romualdas Grigas (g. 1936 m.) \u2013 profesorius, habilituotas daktaras, Lietuvos Moksl\u0173 akademijos narys emeritas, \u0161alyje gerai \u017einomas sociologas, vadybos\" \/>\n<meta property=\"og:url\" content=\"https:\/\/skaitytaknyga.lt\/en\/produktas\/lietuviu-tautos-islikimo-drama\/\" \/>\n<meta property=\"og:site_name\" content=\"Skaitytaknyga\" \/>\n<meta property=\"article:publisher\" content=\"https:\/\/www.facebook.com\/skaitytaknyga\/\" \/>\n<meta property=\"article:modified_time\" content=\"2026-03-18T12:59:44+00:00\" \/>\n<meta property=\"og:image\" content=\"https:\/\/skaitytaknyga.lt\/wp-content\/uploads\/2025\/08\/Lietuviu-tautos-islikimo-drama-1.webp\" \/>\n\t<meta property=\"og:image:width\" content=\"393\" \/>\n\t<meta property=\"og:image:height\" content=\"600\" \/>\n\t<meta property=\"og:image:type\" content=\"image\/webp\" \/>\n<meta name=\"twitter:card\" content=\"summary_large_image\" \/>\n<meta name=\"twitter:label1\" content=\"Estimated reading time\" \/>\n\t<meta name=\"twitter:data1\" content=\"1 minute\" \/>\n<script type=\"application\/ld+json\" class=\"yoast-schema-graph\">{\"@context\":\"https:\/\/schema.org\",\"@graph\":[{\"@type\":\"WebPage\",\"@id\":\"https:\/\/skaitytaknyga.lt\/produktas\/lietuviu-tautos-islikimo-drama\/\",\"url\":\"https:\/\/skaitytaknyga.lt\/produktas\/lietuviu-tautos-islikimo-drama\/\",\"name\":\"Lietuvi\u0173 tautos i\u0161likimo drama\",\"isPartOf\":{\"@id\":\"https:\/\/skaitytaknyga.lt\/#website\"},\"primaryImageOfPage\":{\"@id\":\"https:\/\/skaitytaknyga.lt\/produktas\/lietuviu-tautos-islikimo-drama\/#primaryimage\"},\"image\":{\"@id\":\"https:\/\/skaitytaknyga.lt\/produktas\/lietuviu-tautos-islikimo-drama\/#primaryimage\"},\"thumbnailUrl\":\"https:\/\/skaitytaknyga.lt\/wp-content\/uploads\/2025\/08\/Lietuviu-tautos-islikimo-drama-1.webp\",\"datePublished\":\"2025-08-01T05:01:01+00:00\",\"dateModified\":\"2026-03-18T12:59:44+00:00\",\"description\":\"Romualdas Grigas (g. 1936 m.) \u2013 profesorius, habilituotas daktaras, Lietuvos Moksl\u0173 akademijos narys emeritas, \u0161alyje gerai \u017einomas sociologas, vadybos\",\"breadcrumb\":{\"@id\":\"https:\/\/skaitytaknyga.lt\/produktas\/lietuviu-tautos-islikimo-drama\/#breadcrumb\"},\"inLanguage\":\"en-GB\",\"potentialAction\":[{\"@type\":\"ReadAction\",\"target\":[\"https:\/\/skaitytaknyga.lt\/produktas\/lietuviu-tautos-islikimo-drama\/\"]}]},{\"@type\":\"ImageObject\",\"inLanguage\":\"en-GB\",\"@id\":\"https:\/\/skaitytaknyga.lt\/produktas\/lietuviu-tautos-islikimo-drama\/#primaryimage\",\"url\":\"https:\/\/skaitytaknyga.lt\/wp-content\/uploads\/2025\/08\/Lietuviu-tautos-islikimo-drama-1.webp\",\"contentUrl\":\"https:\/\/skaitytaknyga.lt\/wp-content\/uploads\/2025\/08\/Lietuviu-tautos-islikimo-drama-1.webp\",\"width\":393,\"height\":600},{\"@type\":\"BreadcrumbList\",\"@id\":\"https:\/\/skaitytaknyga.lt\/produktas\/lietuviu-tautos-islikimo-drama\/#breadcrumb\",\"itemListElement\":[{\"@type\":\"ListItem\",\"position\":1,\"name\":\"Home\",\"item\":\"https:\/\/skaitytaknyga.lt\/\"},{\"@type\":\"ListItem\",\"position\":2,\"name\":\"Parduotuv\u0117\",\"item\":\"https:\/\/skaitytaknyga.lt\/knygu-parduotuve\/\"},{\"@type\":\"ListItem\",\"position\":3,\"name\":\"Lietuvi\u0173 tautos i\u0161likimo drama\"}]},{\"@type\":\"WebSite\",\"@id\":\"https:\/\/skaitytaknyga.lt\/#website\",\"url\":\"https:\/\/skaitytaknyga.lt\/\",\"name\":\"skaitytaknyga.lt\",\"description\":\"Skaitytaknyga.lt \u2013 tai ma\u017eas \u0161eimos verslas, kuris prasid\u0117jo nuo meil\u0117s knygoms ir siekio i\u0161gelb\u0117ti knygas nuo likimo prie konteinerio. Kas vienam nereikalingas daiktas \u2013 kitam lobis, o mes esame tarpininkai, kurie padeda abiems tapti laimingesniems ???? \u017dinome kaip nelengva i\u0161gyventi ma\u017eiems verslams, tad nuo \u0161iol, \u010dia rasite ir kit\u0173, ma\u017e\u0173 \u0161eim\u0173 versl\u0173, rank\u0173 darbo, dovan\u0173 sau ir artimiesiems.\",\"publisher\":{\"@id\":\"https:\/\/skaitytaknyga.lt\/#organization\"},\"potentialAction\":[{\"@type\":\"SearchAction\",\"target\":{\"@type\":\"EntryPoint\",\"urlTemplate\":\"https:\/\/skaitytaknyga.lt\/?s={search_term_string}\"},\"query-input\":{\"@type\":\"PropertyValueSpecification\",\"valueRequired\":true,\"valueName\":\"search_term_string\"}}],\"inLanguage\":\"en-GB\"},{\"@type\":\"Organization\",\"@id\":\"https:\/\/skaitytaknyga.lt\/#organization\",\"name\":\"skaitytaknyga.lt\",\"url\":\"https:\/\/skaitytaknyga.lt\/\",\"logo\":{\"@type\":\"ImageObject\",\"inLanguage\":\"en-GB\",\"@id\":\"https:\/\/skaitytaknyga.lt\/#\/schema\/logo\/image\/\",\"url\":\"https:\/\/skaitytaknyga.lt\/wp-content\/uploads\/2024\/05\/cropped-cropped-cropped-02_00843_jt3bggkj1j3HLc7SyY6rEUpg.jpeg\",\"contentUrl\":\"https:\/\/skaitytaknyga.lt\/wp-content\/uploads\/2024\/05\/cropped-cropped-cropped-02_00843_jt3bggkj1j3HLc7SyY6rEUpg.jpeg\",\"width\":1600,\"height\":1600,\"caption\":\"skaitytaknyga.lt\"},\"image\":{\"@id\":\"https:\/\/skaitytaknyga.lt\/#\/schema\/logo\/image\/\"},\"sameAs\":[\"https:\/\/www.facebook.com\/skaitytaknyga\/\"]}]}<\/script>\n<!-- \/ Yoast SEO plugin. -->","yoast_head_json":{"title":"Lietuvi\u0173 tautos i\u0161likimo drama","description":"Romualdas Grigas (g. 1936 m.) \u2013 profesorius, habilituotas daktaras, Lietuvos Moksl\u0173 akademijos narys emeritas, \u0161alyje gerai \u017einomas sociologas, vadybos","robots":{"index":"index","follow":"follow","max-snippet":"max-snippet:-1","max-image-preview":"max-image-preview:large","max-video-preview":"max-video-preview:-1"},"canonical":"https:\/\/skaitytaknyga.lt\/en\/produktas\/lietuviu-tautos-islikimo-drama\/","og_locale":"en_GB","og_type":"article","og_title":"[:lt]Lietuvi\u0173 tautos i\u0161likimo drama[:] - Skaitytaknyga","og_description":"Romualdas Grigas (g. 1936 m.) \u2013 profesorius, habilituotas daktaras, Lietuvos Moksl\u0173 akademijos narys emeritas, \u0161alyje gerai \u017einomas sociologas, vadybos","og_url":"https:\/\/skaitytaknyga.lt\/en\/produktas\/lietuviu-tautos-islikimo-drama\/","og_site_name":"Skaitytaknyga","article_publisher":"https:\/\/www.facebook.com\/skaitytaknyga\/","article_modified_time":"2026-03-18T12:59:44+00:00","og_image":[{"width":393,"height":600,"url":"https:\/\/skaitytaknyga.lt\/wp-content\/uploads\/2025\/08\/Lietuviu-tautos-islikimo-drama-1.webp","type":"image\/webp"}],"twitter_card":"summary_large_image","twitter_misc":{"Estimated reading time":"1 minute"},"schema":{"@context":"https:\/\/schema.org","@graph":[{"@type":"WebPage","@id":"https:\/\/skaitytaknyga.lt\/produktas\/lietuviu-tautos-islikimo-drama\/","url":"https:\/\/skaitytaknyga.lt\/produktas\/lietuviu-tautos-islikimo-drama\/","name":"Lietuvi\u0173 tautos i\u0161likimo drama","isPartOf":{"@id":"https:\/\/skaitytaknyga.lt\/#website"},"primaryImageOfPage":{"@id":"https:\/\/skaitytaknyga.lt\/produktas\/lietuviu-tautos-islikimo-drama\/#primaryimage"},"image":{"@id":"https:\/\/skaitytaknyga.lt\/produktas\/lietuviu-tautos-islikimo-drama\/#primaryimage"},"thumbnailUrl":"https:\/\/skaitytaknyga.lt\/wp-content\/uploads\/2025\/08\/Lietuviu-tautos-islikimo-drama-1.webp","datePublished":"2025-08-01T05:01:01+00:00","dateModified":"2026-03-18T12:59:44+00:00","description":"Romualdas Grigas (g. 1936 m.) \u2013 profesorius, habilituotas daktaras, Lietuvos Moksl\u0173 akademijos narys emeritas, \u0161alyje gerai \u017einomas sociologas, vadybos","breadcrumb":{"@id":"https:\/\/skaitytaknyga.lt\/produktas\/lietuviu-tautos-islikimo-drama\/#breadcrumb"},"inLanguage":"en-GB","potentialAction":[{"@type":"ReadAction","target":["https:\/\/skaitytaknyga.lt\/produktas\/lietuviu-tautos-islikimo-drama\/"]}]},{"@type":"ImageObject","inLanguage":"en-GB","@id":"https:\/\/skaitytaknyga.lt\/produktas\/lietuviu-tautos-islikimo-drama\/#primaryimage","url":"https:\/\/skaitytaknyga.lt\/wp-content\/uploads\/2025\/08\/Lietuviu-tautos-islikimo-drama-1.webp","contentUrl":"https:\/\/skaitytaknyga.lt\/wp-content\/uploads\/2025\/08\/Lietuviu-tautos-islikimo-drama-1.webp","width":393,"height":600},{"@type":"BreadcrumbList","@id":"https:\/\/skaitytaknyga.lt\/produktas\/lietuviu-tautos-islikimo-drama\/#breadcrumb","itemListElement":[{"@type":"ListItem","position":1,"name":"Home","item":"https:\/\/skaitytaknyga.lt\/"},{"@type":"ListItem","position":2,"name":"Parduotuv\u0117","item":"https:\/\/skaitytaknyga.lt\/knygu-parduotuve\/"},{"@type":"ListItem","position":3,"name":"Lietuvi\u0173 tautos i\u0161likimo drama"}]},{"@type":"WebSite","@id":"https:\/\/skaitytaknyga.lt\/#website","url":"https:\/\/skaitytaknyga.lt\/","name":"skaitytaknyga.lt","description":"Skaitytaknyga.lt \u2013 tai ma\u017eas \u0161eimos verslas, kuris prasid\u0117jo nuo meil\u0117s knygoms ir siekio i\u0161gelb\u0117ti knygas nuo likimo prie konteinerio. Kas vienam nereikalingas daiktas \u2013 kitam lobis, o mes esame tarpininkai, kurie padeda abiems tapti laimingesniems ???? \u017dinome kaip nelengva i\u0161gyventi ma\u017eiems verslams, tad nuo \u0161iol, \u010dia rasite ir kit\u0173, ma\u017e\u0173 \u0161eim\u0173 versl\u0173, rank\u0173 darbo, dovan\u0173 sau ir artimiesiems.","publisher":{"@id":"https:\/\/skaitytaknyga.lt\/#organization"},"potentialAction":[{"@type":"SearchAction","target":{"@type":"EntryPoint","urlTemplate":"https:\/\/skaitytaknyga.lt\/?s={search_term_string}"},"query-input":{"@type":"PropertyValueSpecification","valueRequired":true,"valueName":"search_term_string"}}],"inLanguage":"en-GB"},{"@type":"Organization","@id":"https:\/\/skaitytaknyga.lt\/#organization","name":"skaitytaknyga.lt","url":"https:\/\/skaitytaknyga.lt\/","logo":{"@type":"ImageObject","inLanguage":"en-GB","@id":"https:\/\/skaitytaknyga.lt\/#\/schema\/logo\/image\/","url":"https:\/\/skaitytaknyga.lt\/wp-content\/uploads\/2024\/05\/cropped-cropped-cropped-02_00843_jt3bggkj1j3HLc7SyY6rEUpg.jpeg","contentUrl":"https:\/\/skaitytaknyga.lt\/wp-content\/uploads\/2024\/05\/cropped-cropped-cropped-02_00843_jt3bggkj1j3HLc7SyY6rEUpg.jpeg","width":1600,"height":1600,"caption":"skaitytaknyga.lt"},"image":{"@id":"https:\/\/skaitytaknyga.lt\/#\/schema\/logo\/image\/"},"sameAs":["https:\/\/www.facebook.com\/skaitytaknyga\/"]}]}},"_links":{"self":[{"href":"https:\/\/skaitytaknyga.lt\/en\/wp-json\/wp\/v2\/product\/20079","targetHints":{"allow":["GET"]}}],"collection":[{"href":"https:\/\/skaitytaknyga.lt\/en\/wp-json\/wp\/v2\/product"}],"about":[{"href":"https:\/\/skaitytaknyga.lt\/en\/wp-json\/wp\/v2\/types\/product"}],"replies":[{"embeddable":true,"href":"https:\/\/skaitytaknyga.lt\/en\/wp-json\/wp\/v2\/comments?post=20079"}],"wp:featuredmedia":[{"embeddable":true,"href":"https:\/\/skaitytaknyga.lt\/en\/wp-json\/wp\/v2\/media\/20082"}],"wp:attachment":[{"href":"https:\/\/skaitytaknyga.lt\/en\/wp-json\/wp\/v2\/media?parent=20079"}],"wp:term":[{"taxonomy":"product_brand","embeddable":true,"href":"https:\/\/skaitytaknyga.lt\/en\/wp-json\/wp\/v2\/product_brand?post=20079"},{"taxonomy":"product_cat","embeddable":true,"href":"https:\/\/skaitytaknyga.lt\/en\/wp-json\/wp\/v2\/product_cat?post=20079"},{"taxonomy":"product_tag","embeddable":true,"href":"https:\/\/skaitytaknyga.lt\/en\/wp-json\/wp\/v2\/product_tag?post=20079"}],"curies":[{"name":"wp","href":"https:\/\/api.w.org\/{rel}","templated":true}]}}