{"id":20074,"date":"2025-08-01T07:52:53","date_gmt":"2025-08-01T04:52:53","guid":{"rendered":"https:\/\/skaitytaknyga.lt\/?post_type=product&#038;p=20074"},"modified":"2025-08-01T10:39:42","modified_gmt":"2025-08-01T07:39:42","slug":"toyota-pagal-toyota","status":"publish","type":"product","link":"https:\/\/skaitytaknyga.lt\/en\/produktas\/toyota-pagal-toyota\/","title":{"rendered":"\u201eTOYOTA\u201c pagal \u201eTOYOT\u0104\u201c"},"content":{"rendered":"<p>Didinti veiklos efektyvum\u0105 \u0161iandien kaip niekada yra aktualu, ir Lean sistema padeda tai pasiekti. Norint s\u0117kmingai j\u0105 diegti, vien \u017einoti Lean principus nepakanka \u2013 \u0161iame procese ypatingai svarbus paties vadovo tobul\u0117jimas ir d\u0117mesys kasdieniam elgesiui. Tai \u2013 sunkus kelias, ta\u010diau vadovui gali pad\u0117ti mokymasis i\u0161 geriausi\u0173 praktik\u0173 ar pavyzd\u017ei\u0173. B\u016btent tokia ir yra \u0161i knyga: joje savo patirtimi dalinasi pripa\u017einti Lean ekspertai, o j\u0173 pateikiami praktiniai Lean sistemos taikymo pavyzd\u017eiai nu\u0161vie\u010dia j\u0105 \u012fvairesn\u0117mis spalvomis. Tai puiki galimyb\u0117 Lietuvos skaitytojams susipa\u017einti su gerosiomis proces\u0173 valdymo praktikomis jau ir gimt\u0105ja kalba.<\/p>\n<p>Algimantas Markauskas<\/p>\n<p>\u201eThermo Fisher Scientific Baltics&#8221; generalinis direktorius, Baltijos regiono viceprezidentas, Lietuvos Met\u0173 CEO 2015<\/p>\n<p>Daugiau nei 10 met\u0173 m\u016bs\u0173 darbuotojai, taikydami \u201eToyota&#8221; gamybos sistemos principus, didina \u012fmon\u0117s konkurencingum\u0105 ir tiekia auk\u0161tos prid\u0117tin\u0117s vert\u0117s produktus bei paslaugas. Ta\u010diau kol atskiri TPS \u012frankiai ir metodai mums tapo prasminga visuma, teko nueiti ilg\u0105 keli\u0105. \u0160i patyrusi\u0173 \u201eToyota&#8221; lyderi\u0173 para\u0161yta ir realiais pavyzd\u017eiais iliustruota knyga ne tik pad\u0117s dar geriau suvokti \u201e\u012franki\u0173 ir princip\u0173 prasm\u0119&#8221;, bet ir paskatins siekti, kad nuolatinio tobul\u0117jimo kult\u016bra tapt\u0173 \u012fmon\u0117s filosofija.<\/p>\n","protected":false},"excerpt":{"rendered":"<p>Didinti veiklos efektyvum\u0105 \u0161iandien kaip niekada yra aktualu, ir Lean sistema padeda tai pasiekti. Norint s\u0117kmingai j\u0105 diegti, vien \u017einoti Lean principus nepakanka \u2013 \u0161iame procese ypatingai svarbus paties vadovo tobul\u0117jimas ir d\u0117mesys kasdieniam elgesiui. Tai \u2013 sunkus kelias, ta\u010diau vadovui gali pad\u0117ti mokymasis i\u0161 geriausi\u0173 praktik\u0173 ar pavyzd\u017ei\u0173. B\u016btent tokia ir yra \u0161i knyga: joje savo patirtimi dalinasi pripa\u017einti Lean ekspertai, o j\u0173 pateikiami praktiniai Lean sistemos taikymo pavyzd\u017eiai nu\u0161vie\u010dia j\u0105 \u012fvairesn\u0117mis spalvomis. Tai puiki galimyb\u0117 Lietuvos skaitytojams susipa\u017einti su gerosiomis proces\u0173 valdymo praktikomis jau ir gimt\u0105ja kalba. Algimantas Markauskas \u201eThermo Fisher Scientific Baltics&#8221; generalinis direktorius, Baltijos regiono viceprezidentas, Lietuvos Met\u0173 CEO 2015 Daugiau nei 10 met\u0173 m\u016bs\u0173 darbuotojai, taikydami \u201eToyota&#8221; gamybos sistemos principus, didina \u012fmon\u0117s konkurencingum\u0105 ir tiekia auk\u0161tos prid\u0117tin\u0117s vert\u0117s produktus bei paslaugas. Ta\u010diau kol atskiri TPS \u012frankiai ir metodai mums tapo prasminga visuma, teko nueiti ilg\u0105 keli\u0105. \u0160i patyrusi\u0173 \u201eToyota&#8221; lyderi\u0173 para\u0161yta ir realiais pavyzd\u017eiais iliustruota knyga ne tik pad\u0117s dar geriau suvokti \u201e\u012franki\u0173 ir princip\u0173 prasm\u0119&#8221;, bet ir paskatins siekti, kad nuolatinio tobul\u0117jimo kult\u016bra tapt\u0173 \u012fmon\u0117s filosofija.<\/p>\n","protected":false},"featured_media":20077,"comment_status":"open","ping_status":"closed","template":"","meta":{"_acf_changed":false,"site-sidebar-layout":"default","site-content-layout":"","ast-site-content-layout":"default","site-content-style":"default","site-sidebar-style":"default","ast-global-header-display":"","ast-banner-title-visibility":"","ast-main-header-display":"","ast-hfb-above-header-display":"","ast-hfb-below-header-display":"","ast-hfb-mobile-header-display":"","site-post-title":"","ast-breadcrumbs-content":"","ast-featured-img":"","footer-sml-layout":"","ast-disable-related-posts":"","theme-transparent-header-meta":"","adv-header-id-meta":"","stick-header-meta":"","header-above-stick-meta":"","header-main-stick-meta":"","header-below-stick-meta":"","astra-migrate-meta-layouts":"default","ast-page-background-enabled":"default","ast-page-background-meta":{"desktop":{"background-color":"","background-image":"","background-repeat":"repeat","background-position":"center center","background-size":"auto","background-attachment":"scroll","background-type":"","background-media":"","overlay-type":"","overlay-color":"","overlay-opacity":"","overlay-gradient":""},"tablet":{"background-color":"","background-image":"","background-repeat":"repeat","background-position":"center center","background-size":"auto","background-attachment":"scroll","background-type":"","background-media":"","overlay-type":"","overlay-color":"","overlay-opacity":"","overlay-gradient":""},"mobile":{"background-color":"","background-image":"","background-repeat":"repeat","background-position":"center center","background-size":"auto","background-attachment":"scroll","background-type":"","background-media":"","overlay-type":"","overlay-color":"","overlay-opacity":"","overlay-gradient":""}},"ast-content-background-meta":{"desktop":{"background-color":"var(--ast-global-color-4)","background-image":"","background-repeat":"repeat","background-position":"center center","background-size":"auto","background-attachment":"scroll","background-type":"","background-media":"","overlay-type":"","overlay-color":"","overlay-opacity":"","overlay-gradient":""},"tablet":{"background-color":"var(--ast-global-color-4)","background-image":"","background-repeat":"repeat","background-position":"center center","background-size":"auto","background-attachment":"scroll","background-type":"","background-media":"","overlay-type":"","overlay-color":"","overlay-opacity":"","overlay-gradient":""},"mobile":{"background-color":"var(--ast-global-color-4)","background-image":"","background-repeat":"repeat","background-position":"center center","background-size":"auto","background-attachment":"scroll","background-type":"","background-media":"","overlay-type":"","overlay-color":"","overlay-opacity":"","overlay-gradient":""}}},"product_brand":[],"product_cat":[26],"product_tag":[7241,7238,7240,7242,7239,2404],"class_list":{"0":"post-20074","1":"product","2":"type-product","3":"status-publish","4":"has-post-thumbnail","6":"product_cat-verslas-vadyba-ir-finansai","7":"product_tag-darril-wilburn","8":"product_tag-lean","9":"product_tag-procesu-valdymas","10":"product_tag-samuel-obara","11":"product_tag-toyota","12":"product_tag-vadovavimas","13":"desktop-align-left","14":"tablet-align-left","15":"mobile-align-left","17":"first","18":"instock","19":"shipping-taxable","20":"purchasable","21":"product-type-simple"},"acf":[],"yoast_head":"<!-- This site is optimized with the Yoast SEO plugin v27.0 - https:\/\/yoast.com\/product\/yoast-seo-wordpress\/ -->\n<title>\u201eTOYOTA\u201c pagal \u201eTOYOT\u0104\u201c<\/title>\n<meta name=\"description\" content=\"Didinti veiklos efektyvum\u0105 \u0161iandien kaip niekada yra aktualu, ir Lean sistema padeda tai pasiekti. Norint s\u0117kmingai j\u0105 diegti, vien \u017einoti Lean principus\" \/>\n<meta name=\"robots\" content=\"index, follow, max-snippet:-1, max-image-preview:large, max-video-preview:-1\" \/>\n<link rel=\"canonical\" href=\"https:\/\/skaitytaknyga.lt\/en\/produktas\/toyota-pagal-toyota\/\" \/>\n<meta property=\"og:locale\" content=\"en_GB\" \/>\n<meta property=\"og:locale:alternate\" content=\"lt_LT\" \/>\n<meta property=\"og:type\" content=\"article\" \/>\n<meta property=\"og:title\" content=\"\u201eTOYOTA\u201c pagal \u201eTOYOT\u0104\u201c\" \/>\n<meta property=\"og:description\" content=\"Didinti veiklos efektyvum\u0105 \u0161iandien kaip niekada yra aktualu, ir Lean sistema padeda tai pasiekti. Norint s\u0117kmingai j\u0105 diegti, vien \u017einoti Lean principus\" \/>\n<meta property=\"og:url\" content=\"https:\/\/skaitytaknyga.lt\/en\/produktas\/toyota-pagal-toyota\/\" \/>\n<meta property=\"og:site_name\" content=\"Skaitytaknyga\" \/>\n<meta property=\"article:publisher\" content=\"https:\/\/www.facebook.com\/skaitytaknyga\/\" \/>\n<meta property=\"article:modified_time\" content=\"2025-08-01T07:39:42+00:00\" \/>\n<meta property=\"og:image\" content=\"https:\/\/skaitytaknyga.lt\/wp-content\/uploads\/2025\/08\/\u201eTOYOTA-pagal-\u201eTOYOTA-1.webp\" \/>\n\t<meta property=\"og:image:width\" content=\"516\" \/>\n\t<meta property=\"og:image:height\" content=\"776\" \/>\n\t<meta property=\"og:image:type\" content=\"image\/webp\" \/>\n<meta name=\"twitter:card\" content=\"summary_large_image\" \/>\n<meta name=\"twitter:label1\" content=\"Estimated reading time\" \/>\n\t<meta name=\"twitter:data1\" content=\"1 minute\" \/>\n<script type=\"application\/ld+json\" class=\"yoast-schema-graph\">{\"@context\":\"https:\/\/schema.org\",\"@graph\":[{\"@type\":\"WebPage\",\"@id\":\"https:\/\/skaitytaknyga.lt\/produktas\/toyota-pagal-toyota\/\",\"url\":\"https:\/\/skaitytaknyga.lt\/produktas\/toyota-pagal-toyota\/\",\"name\":\"\u201eTOYOTA\u201c pagal \u201eTOYOT\u0104\u201c\",\"isPartOf\":{\"@id\":\"https:\/\/skaitytaknyga.lt\/#website\"},\"primaryImageOfPage\":{\"@id\":\"https:\/\/skaitytaknyga.lt\/produktas\/toyota-pagal-toyota\/#primaryimage\"},\"image\":{\"@id\":\"https:\/\/skaitytaknyga.lt\/produktas\/toyota-pagal-toyota\/#primaryimage\"},\"thumbnailUrl\":\"https:\/\/skaitytaknyga.lt\/wp-content\/uploads\/2025\/08\/\u201eTOYOTA-pagal-\u201eTOYOTA-1.webp\",\"datePublished\":\"2025-08-01T04:52:53+00:00\",\"dateModified\":\"2025-08-01T07:39:42+00:00\",\"description\":\"Didinti veiklos efektyvum\u0105 \u0161iandien kaip niekada yra aktualu, ir Lean sistema padeda tai pasiekti. Norint s\u0117kmingai j\u0105 diegti, vien \u017einoti Lean principus\",\"breadcrumb\":{\"@id\":\"https:\/\/skaitytaknyga.lt\/produktas\/toyota-pagal-toyota\/#breadcrumb\"},\"inLanguage\":\"en-GB\",\"potentialAction\":[{\"@type\":\"ReadAction\",\"target\":[\"https:\/\/skaitytaknyga.lt\/produktas\/toyota-pagal-toyota\/\"]}]},{\"@type\":\"ImageObject\",\"inLanguage\":\"en-GB\",\"@id\":\"https:\/\/skaitytaknyga.lt\/produktas\/toyota-pagal-toyota\/#primaryimage\",\"url\":\"https:\/\/skaitytaknyga.lt\/wp-content\/uploads\/2025\/08\/\u201eTOYOTA-pagal-\u201eTOYOTA-1.webp\",\"contentUrl\":\"https:\/\/skaitytaknyga.lt\/wp-content\/uploads\/2025\/08\/\u201eTOYOTA-pagal-\u201eTOYOTA-1.webp\",\"width\":516,\"height\":776,\"caption\":\"\u201eTOYOTA\u201c pagal \u201eTOYOT\u0104\u201c\"},{\"@type\":\"BreadcrumbList\",\"@id\":\"https:\/\/skaitytaknyga.lt\/produktas\/toyota-pagal-toyota\/#breadcrumb\",\"itemListElement\":[{\"@type\":\"ListItem\",\"position\":1,\"name\":\"Home\",\"item\":\"https:\/\/skaitytaknyga.lt\/\"},{\"@type\":\"ListItem\",\"position\":2,\"name\":\"Parduotuv\u0117\",\"item\":\"https:\/\/skaitytaknyga.lt\/knygu-parduotuve\/\"},{\"@type\":\"ListItem\",\"position\":3,\"name\":\"\u201eTOYOTA\u201c pagal \u201eTOYOT\u0104\u201c\"}]},{\"@type\":\"WebSite\",\"@id\":\"https:\/\/skaitytaknyga.lt\/#website\",\"url\":\"https:\/\/skaitytaknyga.lt\/\",\"name\":\"skaitytaknyga.lt\",\"description\":\"Skaitytaknyga.lt \u2013 tai ma\u017eas \u0161eimos verslas, kuris prasid\u0117jo nuo meil\u0117s knygoms ir siekio i\u0161gelb\u0117ti knygas nuo likimo prie konteinerio. Kas vienam nereikalingas daiktas \u2013 kitam lobis, o mes esame tarpininkai, kurie padeda abiems tapti laimingesniems ???? \u017dinome kaip nelengva i\u0161gyventi ma\u017eiems verslams, tad nuo \u0161iol, \u010dia rasite ir kit\u0173, ma\u017e\u0173 \u0161eim\u0173 versl\u0173, rank\u0173 darbo, dovan\u0173 sau ir artimiesiems.\",\"publisher\":{\"@id\":\"https:\/\/skaitytaknyga.lt\/#organization\"},\"potentialAction\":[{\"@type\":\"SearchAction\",\"target\":{\"@type\":\"EntryPoint\",\"urlTemplate\":\"https:\/\/skaitytaknyga.lt\/?s={search_term_string}\"},\"query-input\":{\"@type\":\"PropertyValueSpecification\",\"valueRequired\":true,\"valueName\":\"search_term_string\"}}],\"inLanguage\":\"en-GB\"},{\"@type\":\"Organization\",\"@id\":\"https:\/\/skaitytaknyga.lt\/#organization\",\"name\":\"skaitytaknyga.lt\",\"url\":\"https:\/\/skaitytaknyga.lt\/\",\"logo\":{\"@type\":\"ImageObject\",\"inLanguage\":\"en-GB\",\"@id\":\"https:\/\/skaitytaknyga.lt\/#\/schema\/logo\/image\/\",\"url\":\"https:\/\/skaitytaknyga.lt\/wp-content\/uploads\/2024\/05\/cropped-cropped-cropped-02_00843_jt3bggkj1j3HLc7SyY6rEUpg.jpeg\",\"contentUrl\":\"https:\/\/skaitytaknyga.lt\/wp-content\/uploads\/2024\/05\/cropped-cropped-cropped-02_00843_jt3bggkj1j3HLc7SyY6rEUpg.jpeg\",\"width\":1600,\"height\":1600,\"caption\":\"skaitytaknyga.lt\"},\"image\":{\"@id\":\"https:\/\/skaitytaknyga.lt\/#\/schema\/logo\/image\/\"},\"sameAs\":[\"https:\/\/www.facebook.com\/skaitytaknyga\/\"]}]}<\/script>\n<!-- \/ Yoast SEO plugin. -->","yoast_head_json":{"title":"\u201eTOYOTA\u201c pagal \u201eTOYOT\u0104\u201c","description":"Didinti veiklos efektyvum\u0105 \u0161iandien kaip niekada yra aktualu, ir Lean sistema padeda tai pasiekti. Norint s\u0117kmingai j\u0105 diegti, vien \u017einoti Lean principus","robots":{"index":"index","follow":"follow","max-snippet":"max-snippet:-1","max-image-preview":"max-image-preview:large","max-video-preview":"max-video-preview:-1"},"canonical":"https:\/\/skaitytaknyga.lt\/en\/produktas\/toyota-pagal-toyota\/","og_locale":"en_GB","og_type":"article","og_title":"[:lt]\u201eTOYOTA\u201c pagal \u201eTOYOT\u0104\u201c[:] - Skaitytaknyga","og_description":"Didinti veiklos efektyvum\u0105 \u0161iandien kaip niekada yra aktualu, ir Lean sistema padeda tai pasiekti. Norint s\u0117kmingai j\u0105 diegti, vien \u017einoti Lean principus","og_url":"https:\/\/skaitytaknyga.lt\/en\/produktas\/toyota-pagal-toyota\/","og_site_name":"Skaitytaknyga","article_publisher":"https:\/\/www.facebook.com\/skaitytaknyga\/","article_modified_time":"2025-08-01T07:39:42+00:00","og_image":[{"width":516,"height":776,"url":"https:\/\/skaitytaknyga.lt\/wp-content\/uploads\/2025\/08\/\u201eTOYOTA-pagal-\u201eTOYOTA-1.webp","type":"image\/webp"}],"twitter_card":"summary_large_image","twitter_misc":{"Estimated reading time":"1 minute"},"schema":{"@context":"https:\/\/schema.org","@graph":[{"@type":"WebPage","@id":"https:\/\/skaitytaknyga.lt\/produktas\/toyota-pagal-toyota\/","url":"https:\/\/skaitytaknyga.lt\/produktas\/toyota-pagal-toyota\/","name":"\u201eTOYOTA\u201c pagal \u201eTOYOT\u0104\u201c","isPartOf":{"@id":"https:\/\/skaitytaknyga.lt\/#website"},"primaryImageOfPage":{"@id":"https:\/\/skaitytaknyga.lt\/produktas\/toyota-pagal-toyota\/#primaryimage"},"image":{"@id":"https:\/\/skaitytaknyga.lt\/produktas\/toyota-pagal-toyota\/#primaryimage"},"thumbnailUrl":"https:\/\/skaitytaknyga.lt\/wp-content\/uploads\/2025\/08\/\u201eTOYOTA-pagal-\u201eTOYOTA-1.webp","datePublished":"2025-08-01T04:52:53+00:00","dateModified":"2025-08-01T07:39:42+00:00","description":"Didinti veiklos efektyvum\u0105 \u0161iandien kaip niekada yra aktualu, ir Lean sistema padeda tai pasiekti. Norint s\u0117kmingai j\u0105 diegti, vien \u017einoti Lean principus","breadcrumb":{"@id":"https:\/\/skaitytaknyga.lt\/produktas\/toyota-pagal-toyota\/#breadcrumb"},"inLanguage":"en-GB","potentialAction":[{"@type":"ReadAction","target":["https:\/\/skaitytaknyga.lt\/produktas\/toyota-pagal-toyota\/"]}]},{"@type":"ImageObject","inLanguage":"en-GB","@id":"https:\/\/skaitytaknyga.lt\/produktas\/toyota-pagal-toyota\/#primaryimage","url":"https:\/\/skaitytaknyga.lt\/wp-content\/uploads\/2025\/08\/\u201eTOYOTA-pagal-\u201eTOYOTA-1.webp","contentUrl":"https:\/\/skaitytaknyga.lt\/wp-content\/uploads\/2025\/08\/\u201eTOYOTA-pagal-\u201eTOYOTA-1.webp","width":516,"height":776,"caption":"\u201eTOYOTA\u201c pagal \u201eTOYOT\u0104\u201c"},{"@type":"BreadcrumbList","@id":"https:\/\/skaitytaknyga.lt\/produktas\/toyota-pagal-toyota\/#breadcrumb","itemListElement":[{"@type":"ListItem","position":1,"name":"Home","item":"https:\/\/skaitytaknyga.lt\/"},{"@type":"ListItem","position":2,"name":"Parduotuv\u0117","item":"https:\/\/skaitytaknyga.lt\/knygu-parduotuve\/"},{"@type":"ListItem","position":3,"name":"\u201eTOYOTA\u201c pagal \u201eTOYOT\u0104\u201c"}]},{"@type":"WebSite","@id":"https:\/\/skaitytaknyga.lt\/#website","url":"https:\/\/skaitytaknyga.lt\/","name":"skaitytaknyga.lt","description":"Skaitytaknyga.lt \u2013 tai ma\u017eas \u0161eimos verslas, kuris prasid\u0117jo nuo meil\u0117s knygoms ir siekio i\u0161gelb\u0117ti knygas nuo likimo prie konteinerio. Kas vienam nereikalingas daiktas \u2013 kitam lobis, o mes esame tarpininkai, kurie padeda abiems tapti laimingesniems ???? \u017dinome kaip nelengva i\u0161gyventi ma\u017eiems verslams, tad nuo \u0161iol, \u010dia rasite ir kit\u0173, ma\u017e\u0173 \u0161eim\u0173 versl\u0173, rank\u0173 darbo, dovan\u0173 sau ir artimiesiems.","publisher":{"@id":"https:\/\/skaitytaknyga.lt\/#organization"},"potentialAction":[{"@type":"SearchAction","target":{"@type":"EntryPoint","urlTemplate":"https:\/\/skaitytaknyga.lt\/?s={search_term_string}"},"query-input":{"@type":"PropertyValueSpecification","valueRequired":true,"valueName":"search_term_string"}}],"inLanguage":"en-GB"},{"@type":"Organization","@id":"https:\/\/skaitytaknyga.lt\/#organization","name":"skaitytaknyga.lt","url":"https:\/\/skaitytaknyga.lt\/","logo":{"@type":"ImageObject","inLanguage":"en-GB","@id":"https:\/\/skaitytaknyga.lt\/#\/schema\/logo\/image\/","url":"https:\/\/skaitytaknyga.lt\/wp-content\/uploads\/2024\/05\/cropped-cropped-cropped-02_00843_jt3bggkj1j3HLc7SyY6rEUpg.jpeg","contentUrl":"https:\/\/skaitytaknyga.lt\/wp-content\/uploads\/2024\/05\/cropped-cropped-cropped-02_00843_jt3bggkj1j3HLc7SyY6rEUpg.jpeg","width":1600,"height":1600,"caption":"skaitytaknyga.lt"},"image":{"@id":"https:\/\/skaitytaknyga.lt\/#\/schema\/logo\/image\/"},"sameAs":["https:\/\/www.facebook.com\/skaitytaknyga\/"]}]}},"_links":{"self":[{"href":"https:\/\/skaitytaknyga.lt\/en\/wp-json\/wp\/v2\/product\/20074","targetHints":{"allow":["GET"]}}],"collection":[{"href":"https:\/\/skaitytaknyga.lt\/en\/wp-json\/wp\/v2\/product"}],"about":[{"href":"https:\/\/skaitytaknyga.lt\/en\/wp-json\/wp\/v2\/types\/product"}],"replies":[{"embeddable":true,"href":"https:\/\/skaitytaknyga.lt\/en\/wp-json\/wp\/v2\/comments?post=20074"}],"wp:featuredmedia":[{"embeddable":true,"href":"https:\/\/skaitytaknyga.lt\/en\/wp-json\/wp\/v2\/media\/20077"}],"wp:attachment":[{"href":"https:\/\/skaitytaknyga.lt\/en\/wp-json\/wp\/v2\/media?parent=20074"}],"wp:term":[{"taxonomy":"product_brand","embeddable":true,"href":"https:\/\/skaitytaknyga.lt\/en\/wp-json\/wp\/v2\/product_brand?post=20074"},{"taxonomy":"product_cat","embeddable":true,"href":"https:\/\/skaitytaknyga.lt\/en\/wp-json\/wp\/v2\/product_cat?post=20074"},{"taxonomy":"product_tag","embeddable":true,"href":"https:\/\/skaitytaknyga.lt\/en\/wp-json\/wp\/v2\/product_tag?post=20074"}],"curies":[{"name":"wp","href":"https:\/\/api.w.org\/{rel}","templated":true}]}}