{"id":20073,"date":"2025-08-01T07:52:53","date_gmt":"2025-08-01T04:52:53","guid":{"rendered":"https:\/\/skaitytaknyga.lt\/?post_type=product&#038;p=20073"},"modified":"2025-08-01T10:39:42","modified_gmt":"2025-08-01T07:39:42","slug":"zalia-sviesa","status":"publish","type":"product","link":"https:\/\/skaitytaknyga.lt\/en\/produktas\/zalia-sviesa\/","title":{"rendered":"\u017dalia \u0161viesa"},"content":{"rendered":"<p>Kino akademijos apdovanojim\u0105 pelniusio, \u201eOskaru&#8221; apdovanoto aktoriaus Matthew McConaughey atsiminimai, kupini \u0161maik\u0161\u010di\u0173 nutikim\u0173, laisv\u016bn\u0173 i\u0161minties ir sunkiai i\u0161mokt\u0173 pamok\u0173, kaip d\u017eiaugtis gyvenimu.<\/p>\n<p>Nugyvenau penkiasde\u0161imt met\u0173. Keturiasde\u0161imt dvejus i\u0161 j\u0173 bandau atsp\u0117ti gyvenimo m\u012fsl\u0119, pastaruosius trisde\u0161imt penkerius ra\u0161au dienora\u0161t\u012f. U\u017era\u0161us apie s\u0117km\u0119 ir nes\u0117kmes, d\u017eiaugsmus ir nuoskaudas, nustebinusius ir prajuokinusius dalykus. Trisde\u0161imt penkerius metus m\u0117ginu suprasti, atsiminti, atpa\u017einti, sukaupti ir u\u017era\u0161yti tai, kas mane jaudino ar \u012fkv\u0117p\u0117 gyventi toliau. Kaip b\u016bti teisingam. Kaip nesinervinti. Kaip d\u017eiaugtis gyvenimu. Kaip ne\u012f\u017eeisti \u017emoni\u0173. Kaip ne\u012fsi\u017eeisti. Kaip b\u016bti geram. Kaip gauti tai, ko noriu. Kaip rasti gyvenimo prasm\u0119. Kaip b\u016bti savimi.<\/p>\n<p>Taigi susikroviau tuos s\u0105siuvinius ir nusipirkau biliet\u0105 \u012f vien\u0105 pus\u0119 iki vieni\u0161os trobel\u0117s dykumoje; \u010dia ir prad\u0117jau ra\u0161yti knyg\u0105, kuri\u0105 \u0161iuo metu laikote rankose: album\u0105, kronik\u0105, savo gyvenimo istorij\u0105. Apie tai, k\u0105 ma\u010diau, apie k\u0105 svajojau, ko vaikiausi, k\u0105 daviau ir k\u0105 gavau. Apie \u017eiaurumo malon\u0119, ties\u0105 ir gro\u017e\u012f. Apie berg\u017ed\u017eias pastangas pab\u0117gti nuo lietaus ir jaudul\u012f \u0161okant tarp la\u0161\u0173.<br \/>\nTikiuosi, tai gard\u016bs vaistai, pora aspirino table\u010di\u0173, o ne ligonin\u0117s lova, kosminis skrydis \u012f Mars\u0105, kuriam nereikia piloto leidimo, apsilankymas ba\u017eny\u010dioje be prievol\u0117s v\u0117l \u012ftik\u0117ti ir juokas pro a\u0161aras.<br \/>\nTai meil\u0117s lai\u0161kas. Meil\u0117s gyvenimui.<\/p>\n<p>\u0160i knyga \u2013 vadovas, kaip \u012f\u017eiebti kuo daugiau \u017ealios \u0161viesos. Ir suprasti, kad geltona ir raudona galiausiai irgi tampa \u017ealia.<\/p>\n","protected":false},"excerpt":{"rendered":"<p>Kino akademijos apdovanojim\u0105 pelniusio, \u201eOskaru&#8221; apdovanoto aktoriaus Matthew McConaughey atsiminimai, kupini \u0161maik\u0161\u010di\u0173 nutikim\u0173, laisv\u016bn\u0173 i\u0161minties ir sunkiai i\u0161mokt\u0173 pamok\u0173, kaip d\u017eiaugtis gyvenimu. Nugyvenau penkiasde\u0161imt met\u0173. Keturiasde\u0161imt dvejus i\u0161 j\u0173 bandau atsp\u0117ti gyvenimo m\u012fsl\u0119, pastaruosius trisde\u0161imt penkerius ra\u0161au dienora\u0161t\u012f. U\u017era\u0161us apie s\u0117km\u0119 ir nes\u0117kmes, d\u017eiaugsmus ir nuoskaudas, nustebinusius ir prajuokinusius dalykus. Trisde\u0161imt penkerius metus m\u0117ginu suprasti, atsiminti, atpa\u017einti, sukaupti ir u\u017era\u0161yti tai, kas mane jaudino ar \u012fkv\u0117p\u0117 gyventi toliau. Kaip b\u016bti teisingam. Kaip nesinervinti. Kaip d\u017eiaugtis gyvenimu. Kaip ne\u012f\u017eeisti \u017emoni\u0173. Kaip ne\u012fsi\u017eeisti. Kaip b\u016bti geram. Kaip gauti tai, ko noriu. Kaip rasti gyvenimo prasm\u0119. Kaip b\u016bti savimi. Taigi susikroviau tuos s\u0105siuvinius ir nusipirkau biliet\u0105 \u012f vien\u0105 pus\u0119 iki vieni\u0161os trobel\u0117s dykumoje; \u010dia ir prad\u0117jau ra\u0161yti knyg\u0105, kuri\u0105 \u0161iuo metu laikote rankose: album\u0105, kronik\u0105, savo gyvenimo istorij\u0105. Apie tai, k\u0105 ma\u010diau, apie k\u0105 svajojau, ko vaikiausi, k\u0105 daviau ir k\u0105 gavau. Apie \u017eiaurumo malon\u0119, ties\u0105 ir gro\u017e\u012f. Apie berg\u017ed\u017eias pastangas pab\u0117gti nuo lietaus ir jaudul\u012f \u0161okant tarp la\u0161\u0173. Tikiuosi, tai gard\u016bs vaistai, pora aspirino table\u010di\u0173, o ne ligonin\u0117s lova, kosminis skrydis \u012f Mars\u0105, kuriam nereikia piloto leidimo, apsilankymas ba\u017eny\u010dioje be prievol\u0117s v\u0117l \u012ftik\u0117ti ir juokas pro a\u0161aras. Tai meil\u0117s lai\u0161kas. Meil\u0117s gyvenimui. \u0160i knyga \u2013 vadovas, kaip \u012f\u017eiebti kuo daugiau \u017ealios \u0161viesos. Ir suprasti, kad geltona ir raudona galiausiai irgi tampa \u017ealia.<\/p>\n","protected":false},"featured_media":20076,"comment_status":"open","ping_status":"closed","template":"","meta":{"_acf_changed":false,"site-sidebar-layout":"default","site-content-layout":"","ast-site-content-layout":"default","site-content-style":"default","site-sidebar-style":"default","ast-global-header-display":"","ast-banner-title-visibility":"","ast-main-header-display":"","ast-hfb-above-header-display":"","ast-hfb-below-header-display":"","ast-hfb-mobile-header-display":"","site-post-title":"","ast-breadcrumbs-content":"","ast-featured-img":"","footer-sml-layout":"","ast-disable-related-posts":"","theme-transparent-header-meta":"","adv-header-id-meta":"","stick-header-meta":"","header-above-stick-meta":"","header-main-stick-meta":"","header-below-stick-meta":"","astra-migrate-meta-layouts":"default","ast-page-background-enabled":"default","ast-page-background-meta":{"desktop":{"background-color":"","background-image":"","background-repeat":"repeat","background-position":"center center","background-size":"auto","background-attachment":"scroll","background-type":"","background-media":"","overlay-type":"","overlay-color":"","overlay-opacity":"","overlay-gradient":""},"tablet":{"background-color":"","background-image":"","background-repeat":"repeat","background-position":"center center","background-size":"auto","background-attachment":"scroll","background-type":"","background-media":"","overlay-type":"","overlay-color":"","overlay-opacity":"","overlay-gradient":""},"mobile":{"background-color":"","background-image":"","background-repeat":"repeat","background-position":"center center","background-size":"auto","background-attachment":"scroll","background-type":"","background-media":"","overlay-type":"","overlay-color":"","overlay-opacity":"","overlay-gradient":""}},"ast-content-background-meta":{"desktop":{"background-color":"var(--ast-global-color-4)","background-image":"","background-repeat":"repeat","background-position":"center center","background-size":"auto","background-attachment":"scroll","background-type":"","background-media":"","overlay-type":"","overlay-color":"","overlay-opacity":"","overlay-gradient":""},"tablet":{"background-color":"var(--ast-global-color-4)","background-image":"","background-repeat":"repeat","background-position":"center center","background-size":"auto","background-attachment":"scroll","background-type":"","background-media":"","overlay-type":"","overlay-color":"","overlay-opacity":"","overlay-gradient":""},"mobile":{"background-color":"var(--ast-global-color-4)","background-image":"","background-repeat":"repeat","background-position":"center center","background-size":"auto","background-attachment":"scroll","background-type":"","background-media":"","overlay-type":"","overlay-color":"","overlay-opacity":"","overlay-gradient":""}}},"product_brand":[],"product_cat":[33],"product_tag":[4237,1349,5600,7237,1409],"class_list":{"0":"post-20073","1":"product","2":"type-product","3":"status-publish","4":"has-post-thumbnail","6":"product_cat-biografijos","7":"product_tag-aktoriai","8":"product_tag-atsiminimai","9":"product_tag-gyvenimo-filosofija","10":"product_tag-matthew-mcconaughey","11":"product_tag-motyvacija","12":"desktop-align-left","13":"tablet-align-left","14":"mobile-align-left","16":"first","17":"instock","18":"shipping-taxable","19":"purchasable","20":"product-type-simple"},"acf":[],"yoast_head":"<!-- This site is optimized with the Yoast SEO plugin v27.0 - https:\/\/yoast.com\/product\/yoast-seo-wordpress\/ -->\n<title>\u017dalia \u0161viesa<\/title>\n<meta name=\"description\" content=\"Kino akademijos apdovanojim\u0105 pelniusio, \u201eOskaru&quot; apdovanoto aktoriaus Matthew McConaughey atsiminimai, kupini \u0161maik\u0161\u010di\u0173 nutikim\u0173, laisv\u016bn\u0173 i\u0161minties ir\" \/>\n<meta name=\"robots\" content=\"index, follow, max-snippet:-1, max-image-preview:large, max-video-preview:-1\" \/>\n<link rel=\"canonical\" href=\"https:\/\/skaitytaknyga.lt\/en\/produktas\/zalia-sviesa\/\" \/>\n<meta property=\"og:locale\" content=\"en_GB\" \/>\n<meta property=\"og:locale:alternate\" content=\"lt_LT\" \/>\n<meta property=\"og:type\" content=\"article\" \/>\n<meta property=\"og:title\" content=\"\u017dalia \u0161viesa\" \/>\n<meta property=\"og:description\" content=\"Kino akademijos apdovanojim\u0105 pelniusio, \u201eOskaru&quot; apdovanoto aktoriaus Matthew McConaughey atsiminimai, kupini \u0161maik\u0161\u010di\u0173 nutikim\u0173, laisv\u016bn\u0173 i\u0161minties ir\" \/>\n<meta property=\"og:url\" content=\"https:\/\/skaitytaknyga.lt\/en\/produktas\/zalia-sviesa\/\" \/>\n<meta property=\"og:site_name\" content=\"Skaitytaknyga\" \/>\n<meta property=\"article:publisher\" content=\"https:\/\/www.facebook.com\/skaitytaknyga\/\" \/>\n<meta property=\"article:modified_time\" content=\"2025-08-01T07:39:42+00:00\" \/>\n<meta property=\"og:image\" content=\"https:\/\/skaitytaknyga.lt\/wp-content\/uploads\/2025\/08\/Zalia-sviesa-1.webp\" \/>\n\t<meta property=\"og:image:width\" content=\"397\" \/>\n\t<meta property=\"og:image:height\" content=\"600\" \/>\n\t<meta property=\"og:image:type\" content=\"image\/webp\" \/>\n<meta name=\"twitter:card\" content=\"summary_large_image\" \/>\n<meta name=\"twitter:label1\" content=\"Estimated reading time\" \/>\n\t<meta name=\"twitter:data1\" content=\"1 minute\" \/>\n<script type=\"application\/ld+json\" class=\"yoast-schema-graph\">{\"@context\":\"https:\/\/schema.org\",\"@graph\":[{\"@type\":\"WebPage\",\"@id\":\"https:\/\/skaitytaknyga.lt\/produktas\/zalia-sviesa\/\",\"url\":\"https:\/\/skaitytaknyga.lt\/produktas\/zalia-sviesa\/\",\"name\":\"\u017dalia \u0161viesa\",\"isPartOf\":{\"@id\":\"https:\/\/skaitytaknyga.lt\/#website\"},\"primaryImageOfPage\":{\"@id\":\"https:\/\/skaitytaknyga.lt\/produktas\/zalia-sviesa\/#primaryimage\"},\"image\":{\"@id\":\"https:\/\/skaitytaknyga.lt\/produktas\/zalia-sviesa\/#primaryimage\"},\"thumbnailUrl\":\"https:\/\/skaitytaknyga.lt\/wp-content\/uploads\/2025\/08\/Zalia-sviesa-1.webp\",\"datePublished\":\"2025-08-01T04:52:53+00:00\",\"dateModified\":\"2025-08-01T07:39:42+00:00\",\"description\":\"Kino akademijos apdovanojim\u0105 pelniusio, \u201eOskaru\\\" apdovanoto aktoriaus Matthew McConaughey atsiminimai, kupini \u0161maik\u0161\u010di\u0173 nutikim\u0173, laisv\u016bn\u0173 i\u0161minties ir\",\"breadcrumb\":{\"@id\":\"https:\/\/skaitytaknyga.lt\/produktas\/zalia-sviesa\/#breadcrumb\"},\"inLanguage\":\"en-GB\",\"potentialAction\":[{\"@type\":\"ReadAction\",\"target\":[\"https:\/\/skaitytaknyga.lt\/produktas\/zalia-sviesa\/\"]}]},{\"@type\":\"ImageObject\",\"inLanguage\":\"en-GB\",\"@id\":\"https:\/\/skaitytaknyga.lt\/produktas\/zalia-sviesa\/#primaryimage\",\"url\":\"https:\/\/skaitytaknyga.lt\/wp-content\/uploads\/2025\/08\/Zalia-sviesa-1.webp\",\"contentUrl\":\"https:\/\/skaitytaknyga.lt\/wp-content\/uploads\/2025\/08\/Zalia-sviesa-1.webp\",\"width\":397,\"height\":600,\"caption\":\"\u017dalia \u0161viesa\"},{\"@type\":\"BreadcrumbList\",\"@id\":\"https:\/\/skaitytaknyga.lt\/produktas\/zalia-sviesa\/#breadcrumb\",\"itemListElement\":[{\"@type\":\"ListItem\",\"position\":1,\"name\":\"Home\",\"item\":\"https:\/\/skaitytaknyga.lt\/\"},{\"@type\":\"ListItem\",\"position\":2,\"name\":\"Parduotuv\u0117\",\"item\":\"https:\/\/skaitytaknyga.lt\/knygu-parduotuve\/\"},{\"@type\":\"ListItem\",\"position\":3,\"name\":\"\u017dalia \u0161viesa\"}]},{\"@type\":\"WebSite\",\"@id\":\"https:\/\/skaitytaknyga.lt\/#website\",\"url\":\"https:\/\/skaitytaknyga.lt\/\",\"name\":\"skaitytaknyga.lt\",\"description\":\"Skaitytaknyga.lt \u2013 tai ma\u017eas \u0161eimos verslas, kuris prasid\u0117jo nuo meil\u0117s knygoms ir siekio i\u0161gelb\u0117ti knygas nuo likimo prie konteinerio. Kas vienam nereikalingas daiktas \u2013 kitam lobis, o mes esame tarpininkai, kurie padeda abiems tapti laimingesniems ???? \u017dinome kaip nelengva i\u0161gyventi ma\u017eiems verslams, tad nuo \u0161iol, \u010dia rasite ir kit\u0173, ma\u017e\u0173 \u0161eim\u0173 versl\u0173, rank\u0173 darbo, dovan\u0173 sau ir artimiesiems.\",\"publisher\":{\"@id\":\"https:\/\/skaitytaknyga.lt\/#organization\"},\"potentialAction\":[{\"@type\":\"SearchAction\",\"target\":{\"@type\":\"EntryPoint\",\"urlTemplate\":\"https:\/\/skaitytaknyga.lt\/?s={search_term_string}\"},\"query-input\":{\"@type\":\"PropertyValueSpecification\",\"valueRequired\":true,\"valueName\":\"search_term_string\"}}],\"inLanguage\":\"en-GB\"},{\"@type\":\"Organization\",\"@id\":\"https:\/\/skaitytaknyga.lt\/#organization\",\"name\":\"skaitytaknyga.lt\",\"url\":\"https:\/\/skaitytaknyga.lt\/\",\"logo\":{\"@type\":\"ImageObject\",\"inLanguage\":\"en-GB\",\"@id\":\"https:\/\/skaitytaknyga.lt\/#\/schema\/logo\/image\/\",\"url\":\"https:\/\/skaitytaknyga.lt\/wp-content\/uploads\/2024\/05\/cropped-cropped-cropped-02_00843_jt3bggkj1j3HLc7SyY6rEUpg.jpeg\",\"contentUrl\":\"https:\/\/skaitytaknyga.lt\/wp-content\/uploads\/2024\/05\/cropped-cropped-cropped-02_00843_jt3bggkj1j3HLc7SyY6rEUpg.jpeg\",\"width\":1600,\"height\":1600,\"caption\":\"skaitytaknyga.lt\"},\"image\":{\"@id\":\"https:\/\/skaitytaknyga.lt\/#\/schema\/logo\/image\/\"},\"sameAs\":[\"https:\/\/www.facebook.com\/skaitytaknyga\/\"]}]}<\/script>\n<!-- \/ Yoast SEO plugin. -->","yoast_head_json":{"title":"\u017dalia \u0161viesa","description":"Kino akademijos apdovanojim\u0105 pelniusio, \u201eOskaru\" apdovanoto aktoriaus Matthew McConaughey atsiminimai, kupini \u0161maik\u0161\u010di\u0173 nutikim\u0173, laisv\u016bn\u0173 i\u0161minties ir","robots":{"index":"index","follow":"follow","max-snippet":"max-snippet:-1","max-image-preview":"max-image-preview:large","max-video-preview":"max-video-preview:-1"},"canonical":"https:\/\/skaitytaknyga.lt\/en\/produktas\/zalia-sviesa\/","og_locale":"en_GB","og_type":"article","og_title":"[:lt]\u017dalia \u0161viesa[:] - Skaitytaknyga","og_description":"Kino akademijos apdovanojim\u0105 pelniusio, \u201eOskaru\" apdovanoto aktoriaus Matthew McConaughey atsiminimai, kupini \u0161maik\u0161\u010di\u0173 nutikim\u0173, laisv\u016bn\u0173 i\u0161minties ir","og_url":"https:\/\/skaitytaknyga.lt\/en\/produktas\/zalia-sviesa\/","og_site_name":"Skaitytaknyga","article_publisher":"https:\/\/www.facebook.com\/skaitytaknyga\/","article_modified_time":"2025-08-01T07:39:42+00:00","og_image":[{"width":397,"height":600,"url":"https:\/\/skaitytaknyga.lt\/wp-content\/uploads\/2025\/08\/Zalia-sviesa-1.webp","type":"image\/webp"}],"twitter_card":"summary_large_image","twitter_misc":{"Estimated reading time":"1 minute"},"schema":{"@context":"https:\/\/schema.org","@graph":[{"@type":"WebPage","@id":"https:\/\/skaitytaknyga.lt\/produktas\/zalia-sviesa\/","url":"https:\/\/skaitytaknyga.lt\/produktas\/zalia-sviesa\/","name":"\u017dalia \u0161viesa","isPartOf":{"@id":"https:\/\/skaitytaknyga.lt\/#website"},"primaryImageOfPage":{"@id":"https:\/\/skaitytaknyga.lt\/produktas\/zalia-sviesa\/#primaryimage"},"image":{"@id":"https:\/\/skaitytaknyga.lt\/produktas\/zalia-sviesa\/#primaryimage"},"thumbnailUrl":"https:\/\/skaitytaknyga.lt\/wp-content\/uploads\/2025\/08\/Zalia-sviesa-1.webp","datePublished":"2025-08-01T04:52:53+00:00","dateModified":"2025-08-01T07:39:42+00:00","description":"Kino akademijos apdovanojim\u0105 pelniusio, \u201eOskaru\" apdovanoto aktoriaus Matthew McConaughey atsiminimai, kupini \u0161maik\u0161\u010di\u0173 nutikim\u0173, laisv\u016bn\u0173 i\u0161minties ir","breadcrumb":{"@id":"https:\/\/skaitytaknyga.lt\/produktas\/zalia-sviesa\/#breadcrumb"},"inLanguage":"en-GB","potentialAction":[{"@type":"ReadAction","target":["https:\/\/skaitytaknyga.lt\/produktas\/zalia-sviesa\/"]}]},{"@type":"ImageObject","inLanguage":"en-GB","@id":"https:\/\/skaitytaknyga.lt\/produktas\/zalia-sviesa\/#primaryimage","url":"https:\/\/skaitytaknyga.lt\/wp-content\/uploads\/2025\/08\/Zalia-sviesa-1.webp","contentUrl":"https:\/\/skaitytaknyga.lt\/wp-content\/uploads\/2025\/08\/Zalia-sviesa-1.webp","width":397,"height":600,"caption":"\u017dalia \u0161viesa"},{"@type":"BreadcrumbList","@id":"https:\/\/skaitytaknyga.lt\/produktas\/zalia-sviesa\/#breadcrumb","itemListElement":[{"@type":"ListItem","position":1,"name":"Home","item":"https:\/\/skaitytaknyga.lt\/"},{"@type":"ListItem","position":2,"name":"Parduotuv\u0117","item":"https:\/\/skaitytaknyga.lt\/knygu-parduotuve\/"},{"@type":"ListItem","position":3,"name":"\u017dalia \u0161viesa"}]},{"@type":"WebSite","@id":"https:\/\/skaitytaknyga.lt\/#website","url":"https:\/\/skaitytaknyga.lt\/","name":"skaitytaknyga.lt","description":"Skaitytaknyga.lt \u2013 tai ma\u017eas \u0161eimos verslas, kuris prasid\u0117jo nuo meil\u0117s knygoms ir siekio i\u0161gelb\u0117ti knygas nuo likimo prie konteinerio. Kas vienam nereikalingas daiktas \u2013 kitam lobis, o mes esame tarpininkai, kurie padeda abiems tapti laimingesniems ???? \u017dinome kaip nelengva i\u0161gyventi ma\u017eiems verslams, tad nuo \u0161iol, \u010dia rasite ir kit\u0173, ma\u017e\u0173 \u0161eim\u0173 versl\u0173, rank\u0173 darbo, dovan\u0173 sau ir artimiesiems.","publisher":{"@id":"https:\/\/skaitytaknyga.lt\/#organization"},"potentialAction":[{"@type":"SearchAction","target":{"@type":"EntryPoint","urlTemplate":"https:\/\/skaitytaknyga.lt\/?s={search_term_string}"},"query-input":{"@type":"PropertyValueSpecification","valueRequired":true,"valueName":"search_term_string"}}],"inLanguage":"en-GB"},{"@type":"Organization","@id":"https:\/\/skaitytaknyga.lt\/#organization","name":"skaitytaknyga.lt","url":"https:\/\/skaitytaknyga.lt\/","logo":{"@type":"ImageObject","inLanguage":"en-GB","@id":"https:\/\/skaitytaknyga.lt\/#\/schema\/logo\/image\/","url":"https:\/\/skaitytaknyga.lt\/wp-content\/uploads\/2024\/05\/cropped-cropped-cropped-02_00843_jt3bggkj1j3HLc7SyY6rEUpg.jpeg","contentUrl":"https:\/\/skaitytaknyga.lt\/wp-content\/uploads\/2024\/05\/cropped-cropped-cropped-02_00843_jt3bggkj1j3HLc7SyY6rEUpg.jpeg","width":1600,"height":1600,"caption":"skaitytaknyga.lt"},"image":{"@id":"https:\/\/skaitytaknyga.lt\/#\/schema\/logo\/image\/"},"sameAs":["https:\/\/www.facebook.com\/skaitytaknyga\/"]}]}},"_links":{"self":[{"href":"https:\/\/skaitytaknyga.lt\/en\/wp-json\/wp\/v2\/product\/20073","targetHints":{"allow":["GET"]}}],"collection":[{"href":"https:\/\/skaitytaknyga.lt\/en\/wp-json\/wp\/v2\/product"}],"about":[{"href":"https:\/\/skaitytaknyga.lt\/en\/wp-json\/wp\/v2\/types\/product"}],"replies":[{"embeddable":true,"href":"https:\/\/skaitytaknyga.lt\/en\/wp-json\/wp\/v2\/comments?post=20073"}],"wp:featuredmedia":[{"embeddable":true,"href":"https:\/\/skaitytaknyga.lt\/en\/wp-json\/wp\/v2\/media\/20076"}],"wp:attachment":[{"href":"https:\/\/skaitytaknyga.lt\/en\/wp-json\/wp\/v2\/media?parent=20073"}],"wp:term":[{"taxonomy":"product_brand","embeddable":true,"href":"https:\/\/skaitytaknyga.lt\/en\/wp-json\/wp\/v2\/product_brand?post=20073"},{"taxonomy":"product_cat","embeddable":true,"href":"https:\/\/skaitytaknyga.lt\/en\/wp-json\/wp\/v2\/product_cat?post=20073"},{"taxonomy":"product_tag","embeddable":true,"href":"https:\/\/skaitytaknyga.lt\/en\/wp-json\/wp\/v2\/product_tag?post=20073"}],"curies":[{"name":"wp","href":"https:\/\/api.w.org\/{rel}","templated":true}]}}