{"id":20069,"date":"2025-08-01T07:44:11","date_gmt":"2025-08-01T04:44:11","guid":{"rendered":"https:\/\/skaitytaknyga.lt\/?post_type=product&#038;p=20069"},"modified":"2026-03-17T11:49:04","modified_gmt":"2026-03-17T09:49:04","slug":"mirties-komitetas","status":"publish","type":"product","link":"https:\/\/skaitytaknyga.lt\/en\/produktas\/mirties-komitetas\/","title":{"rendered":"Mirties komitetas"},"content":{"rendered":"<p>\u201eMirties komitetas&#8221; (1969) \u2013 vienas pirm\u0173j\u0173 Lietuvoje pam\u0117gto amerikie\u010di\u0173 autoriaus Noah Gordono roman\u0173. Tai pasakojimas apie tris jaunus, profesijai fanati\u0161kai atsidavusius chirurgus, intern\u0105 ir du rezidentus, \u012fvairiais keliais i\u0161 skirting\u0173 pasauli\u0173 patekusius \u012f t\u0105 pa\u010di\u0105 Bostono ligonin\u0119. Matome lygiai vienus j\u0173 darbo ir gyvenimo metus, lemtingus visais at\u017evilgiais. Pergal\u0117s ir pralaim\u0117jimai, juokas ir a\u0161aros, kasdien\u0117s dilemos, asmenin\u0117s dramos ir r\u016bpes\u010diai&#8230; Ir kas m\u0117nes\u012f \u0161aukiamas ligoni\u0173 mirtingumo pos\u0117dis, pramintas Mirties komitetu, kuriame svarstomi visi mirties atvejai ir ar buvo galima j\u0173 i\u0161vengti. Komiteto verdiktas \u2013 didelis i\u0161bandymas kiekvienam svarstomam chirurgui.<\/p>\n<p>\u0160i be galo patraukli ir jaudinanti knyga i\u0161kelia daug svarbi\u0173 profesin\u0117s etikos problem\u0173, ypa\u010d opi\u0173 tiek prasid\u0117jus organ\u0173 transplantacijos erai, tiek ir dabar.<\/p>\n<p>1926 m. JAV, Masa\u010dusetso valstijoje, gim\u0119s Noah Gordonas pirm\u0105j\u0105 knyg\u0105 \u201eRabinas&#8221; i\u0161leido b\u016bdamas 39-eri\u0173. Ra\u0161ytojas i\u0161gars\u0117jo para\u0161\u0119s roman\u0105 \u201eGydytojas. Avicenos mokinys&#8221; (liet. 2016), kuris daugelyje \u0161ali\u0173 tapo tikra sensacija. Autorius jau yra i\u0161leid\u0119s devynis istorinius romanus, jie peln\u0117 ne vien\u0105 premij\u0105 ir yra vertinami viso pasaulio skaitytoj\u0173 bei kritik\u0173.<\/p>\n","protected":false},"excerpt":{"rendered":"<p>\u201eMirties komitetas&#8221; (1969) \u2013 vienas pirm\u0173j\u0173 Lietuvoje pam\u0117gto amerikie\u010di\u0173 autoriaus Noah Gordono roman\u0173. Tai pasakojimas apie tris jaunus, profesijai fanati\u0161kai atsidavusius chirurgus, intern\u0105 ir du rezidentus, \u012fvairiais keliais i\u0161 skirting\u0173 pasauli\u0173 patekusius \u012f t\u0105 pa\u010di\u0105 Bostono ligonin\u0119. Matome lygiai vienus j\u0173 darbo ir gyvenimo metus, lemtingus visais at\u017evilgiais. Pergal\u0117s ir pralaim\u0117jimai, juokas ir a\u0161aros, kasdien\u0117s dilemos, asmenin\u0117s dramos ir r\u016bpes\u010diai&#8230; Ir kas m\u0117nes\u012f \u0161aukiamas ligoni\u0173 mirtingumo pos\u0117dis, pramintas Mirties komitetu, kuriame svarstomi visi mirties atvejai ir ar buvo galima j\u0173 i\u0161vengti. Komiteto verdiktas \u2013 didelis i\u0161bandymas kiekvienam svarstomam chirurgui. \u0160i be galo patraukli ir jaudinanti knyga i\u0161kelia daug svarbi\u0173 profesin\u0117s etikos problem\u0173, ypa\u010d opi\u0173 tiek prasid\u0117jus organ\u0173 transplantacijos erai, tiek ir dabar. 1926 m. JAV, Masa\u010dusetso valstijoje, gim\u0119s Noah Gordonas pirm\u0105j\u0105 knyg\u0105 \u201eRabinas&#8221; i\u0161leido b\u016bdamas 39-eri\u0173. Ra\u0161ytojas i\u0161gars\u0117jo para\u0161\u0119s roman\u0105 \u201eGydytojas. Avicenos mokinys&#8221; (liet. 2016), kuris daugelyje \u0161ali\u0173 tapo tikra sensacija. Autorius jau yra i\u0161leid\u0119s devynis istorinius romanus, jie peln\u0117 ne vien\u0105 premij\u0105 ir yra vertinami viso pasaulio skaitytoj\u0173 bei kritik\u0173.<\/p>\n","protected":false},"featured_media":20072,"comment_status":"open","ping_status":"closed","template":"","meta":{"_acf_changed":false,"site-sidebar-layout":"default","site-content-layout":"","ast-site-content-layout":"default","site-content-style":"default","site-sidebar-style":"default","ast-global-header-display":"","ast-banner-title-visibility":"","ast-main-header-display":"","ast-hfb-above-header-display":"","ast-hfb-below-header-display":"","ast-hfb-mobile-header-display":"","site-post-title":"","ast-breadcrumbs-content":"","ast-featured-img":"","footer-sml-layout":"","ast-disable-related-posts":"","theme-transparent-header-meta":"","adv-header-id-meta":"","stick-header-meta":"","header-above-stick-meta":"","header-main-stick-meta":"","header-below-stick-meta":"","astra-migrate-meta-layouts":"default","ast-page-background-enabled":"default","ast-page-background-meta":{"desktop":{"background-color":"","background-image":"","background-repeat":"repeat","background-position":"center center","background-size":"auto","background-attachment":"scroll","background-type":"","background-media":"","overlay-type":"","overlay-color":"","overlay-opacity":"","overlay-gradient":""},"tablet":{"background-color":"","background-image":"","background-repeat":"repeat","background-position":"center center","background-size":"auto","background-attachment":"scroll","background-type":"","background-media":"","overlay-type":"","overlay-color":"","overlay-opacity":"","overlay-gradient":""},"mobile":{"background-color":"","background-image":"","background-repeat":"repeat","background-position":"center center","background-size":"auto","background-attachment":"scroll","background-type":"","background-media":"","overlay-type":"","overlay-color":"","overlay-opacity":"","overlay-gradient":""}},"ast-content-background-meta":{"desktop":{"background-color":"var(--ast-global-color-4)","background-image":"","background-repeat":"repeat","background-position":"center center","background-size":"auto","background-attachment":"scroll","background-type":"","background-media":"","overlay-type":"","overlay-color":"","overlay-opacity":"","overlay-gradient":""},"tablet":{"background-color":"var(--ast-global-color-4)","background-image":"","background-repeat":"repeat","background-position":"center center","background-size":"auto","background-attachment":"scroll","background-type":"","background-media":"","overlay-type":"","overlay-color":"","overlay-opacity":"","overlay-gradient":""},"mobile":{"background-color":"var(--ast-global-color-4)","background-image":"","background-repeat":"repeat","background-position":"center center","background-size":"auto","background-attachment":"scroll","background-type":"","background-media":"","overlay-type":"","overlay-color":"","overlay-opacity":"","overlay-gradient":""}}},"product_brand":[],"product_cat":[9734],"product_tag":[5978,2702,3481,2095,6912],"class_list":{"0":"post-20069","1":"product","2":"type-product","3":"status-publish","4":"has-post-thumbnail","6":"product_cat-romanai","7":"product_tag-chirurgija","8":"product_tag-etika","9":"product_tag-ligonine","10":"product_tag-medicina","11":"product_tag-noah-gordon","12":"desktop-align-left","13":"tablet-align-left","14":"mobile-align-left","16":"first","17":"outofstock","18":"shipping-taxable","19":"purchasable","20":"product-type-simple"},"acf":[],"yoast_head":"<!-- This site is optimized with the Yoast SEO plugin v27.0 - https:\/\/yoast.com\/product\/yoast-seo-wordpress\/ -->\n<title>Mirties komitetas<\/title>\n<meta name=\"description\" content=\"\u201eMirties komitetas&quot; (1969) \u2013 vienas pirm\u0173j\u0173 Lietuvoje pam\u0117gto amerikie\u010di\u0173 autoriaus Noah Gordono roman\u0173. Tai pasakojimas apie tris jaunus, profesijai\" \/>\n<meta name=\"robots\" content=\"index, follow, max-snippet:-1, max-image-preview:large, max-video-preview:-1\" \/>\n<link rel=\"canonical\" href=\"https:\/\/skaitytaknyga.lt\/en\/produktas\/mirties-komitetas\/\" \/>\n<meta property=\"og:locale\" content=\"en_GB\" \/>\n<meta property=\"og:locale:alternate\" content=\"lt_LT\" \/>\n<meta property=\"og:type\" content=\"article\" \/>\n<meta property=\"og:title\" content=\"Mirties komitetas\" \/>\n<meta property=\"og:description\" content=\"\u201eMirties komitetas&quot; (1969) \u2013 vienas pirm\u0173j\u0173 Lietuvoje pam\u0117gto amerikie\u010di\u0173 autoriaus Noah Gordono roman\u0173. Tai pasakojimas apie tris jaunus, profesijai\" \/>\n<meta property=\"og:url\" content=\"https:\/\/skaitytaknyga.lt\/en\/produktas\/mirties-komitetas\/\" \/>\n<meta property=\"og:site_name\" content=\"Skaitytaknyga\" \/>\n<meta property=\"article:publisher\" content=\"https:\/\/www.facebook.com\/skaitytaknyga\/\" \/>\n<meta property=\"article:modified_time\" content=\"2026-03-17T09:49:04+00:00\" \/>\n<meta property=\"og:image\" content=\"https:\/\/skaitytaknyga.lt\/wp-content\/uploads\/2025\/08\/Mirties-komitetas-1.webp\" \/>\n\t<meta property=\"og:image:width\" content=\"403\" \/>\n\t<meta property=\"og:image:height\" content=\"600\" \/>\n\t<meta property=\"og:image:type\" content=\"image\/webp\" \/>\n<meta name=\"twitter:card\" content=\"summary_large_image\" \/>\n<meta name=\"twitter:label1\" content=\"Estimated reading time\" \/>\n\t<meta name=\"twitter:data1\" content=\"1 minute\" \/>\n<script type=\"application\/ld+json\" class=\"yoast-schema-graph\">{\"@context\":\"https:\/\/schema.org\",\"@graph\":[{\"@type\":\"WebPage\",\"@id\":\"https:\/\/skaitytaknyga.lt\/produktas\/mirties-komitetas\/\",\"url\":\"https:\/\/skaitytaknyga.lt\/produktas\/mirties-komitetas\/\",\"name\":\"Mirties komitetas\",\"isPartOf\":{\"@id\":\"https:\/\/skaitytaknyga.lt\/#website\"},\"primaryImageOfPage\":{\"@id\":\"https:\/\/skaitytaknyga.lt\/produktas\/mirties-komitetas\/#primaryimage\"},\"image\":{\"@id\":\"https:\/\/skaitytaknyga.lt\/produktas\/mirties-komitetas\/#primaryimage\"},\"thumbnailUrl\":\"https:\/\/skaitytaknyga.lt\/wp-content\/uploads\/2025\/08\/Mirties-komitetas-1.webp\",\"datePublished\":\"2025-08-01T04:44:11+00:00\",\"dateModified\":\"2026-03-17T09:49:04+00:00\",\"description\":\"\u201eMirties komitetas\\\" (1969) \u2013 vienas pirm\u0173j\u0173 Lietuvoje pam\u0117gto amerikie\u010di\u0173 autoriaus Noah Gordono roman\u0173. Tai pasakojimas apie tris jaunus, profesijai\",\"breadcrumb\":{\"@id\":\"https:\/\/skaitytaknyga.lt\/produktas\/mirties-komitetas\/#breadcrumb\"},\"inLanguage\":\"en-GB\",\"potentialAction\":[{\"@type\":\"ReadAction\",\"target\":[\"https:\/\/skaitytaknyga.lt\/produktas\/mirties-komitetas\/\"]}]},{\"@type\":\"ImageObject\",\"inLanguage\":\"en-GB\",\"@id\":\"https:\/\/skaitytaknyga.lt\/produktas\/mirties-komitetas\/#primaryimage\",\"url\":\"https:\/\/skaitytaknyga.lt\/wp-content\/uploads\/2025\/08\/Mirties-komitetas-1.webp\",\"contentUrl\":\"https:\/\/skaitytaknyga.lt\/wp-content\/uploads\/2025\/08\/Mirties-komitetas-1.webp\",\"width\":403,\"height\":600,\"caption\":\"Mirties komitetas\"},{\"@type\":\"BreadcrumbList\",\"@id\":\"https:\/\/skaitytaknyga.lt\/produktas\/mirties-komitetas\/#breadcrumb\",\"itemListElement\":[{\"@type\":\"ListItem\",\"position\":1,\"name\":\"Home\",\"item\":\"https:\/\/skaitytaknyga.lt\/\"},{\"@type\":\"ListItem\",\"position\":2,\"name\":\"Parduotuv\u0117\",\"item\":\"https:\/\/skaitytaknyga.lt\/knygu-parduotuve\/\"},{\"@type\":\"ListItem\",\"position\":3,\"name\":\"Mirties komitetas\"}]},{\"@type\":\"WebSite\",\"@id\":\"https:\/\/skaitytaknyga.lt\/#website\",\"url\":\"https:\/\/skaitytaknyga.lt\/\",\"name\":\"skaitytaknyga.lt\",\"description\":\"Skaitytaknyga.lt \u2013 tai ma\u017eas \u0161eimos verslas, kuris prasid\u0117jo nuo meil\u0117s knygoms ir siekio i\u0161gelb\u0117ti knygas nuo likimo prie konteinerio. Kas vienam nereikalingas daiktas \u2013 kitam lobis, o mes esame tarpininkai, kurie padeda abiems tapti laimingesniems ???? \u017dinome kaip nelengva i\u0161gyventi ma\u017eiems verslams, tad nuo \u0161iol, \u010dia rasite ir kit\u0173, ma\u017e\u0173 \u0161eim\u0173 versl\u0173, rank\u0173 darbo, dovan\u0173 sau ir artimiesiems.\",\"publisher\":{\"@id\":\"https:\/\/skaitytaknyga.lt\/#organization\"},\"potentialAction\":[{\"@type\":\"SearchAction\",\"target\":{\"@type\":\"EntryPoint\",\"urlTemplate\":\"https:\/\/skaitytaknyga.lt\/?s={search_term_string}\"},\"query-input\":{\"@type\":\"PropertyValueSpecification\",\"valueRequired\":true,\"valueName\":\"search_term_string\"}}],\"inLanguage\":\"en-GB\"},{\"@type\":\"Organization\",\"@id\":\"https:\/\/skaitytaknyga.lt\/#organization\",\"name\":\"skaitytaknyga.lt\",\"url\":\"https:\/\/skaitytaknyga.lt\/\",\"logo\":{\"@type\":\"ImageObject\",\"inLanguage\":\"en-GB\",\"@id\":\"https:\/\/skaitytaknyga.lt\/#\/schema\/logo\/image\/\",\"url\":\"https:\/\/skaitytaknyga.lt\/wp-content\/uploads\/2024\/05\/cropped-cropped-cropped-02_00843_jt3bggkj1j3HLc7SyY6rEUpg.jpeg\",\"contentUrl\":\"https:\/\/skaitytaknyga.lt\/wp-content\/uploads\/2024\/05\/cropped-cropped-cropped-02_00843_jt3bggkj1j3HLc7SyY6rEUpg.jpeg\",\"width\":1600,\"height\":1600,\"caption\":\"skaitytaknyga.lt\"},\"image\":{\"@id\":\"https:\/\/skaitytaknyga.lt\/#\/schema\/logo\/image\/\"},\"sameAs\":[\"https:\/\/www.facebook.com\/skaitytaknyga\/\"]}]}<\/script>\n<!-- \/ Yoast SEO plugin. -->","yoast_head_json":{"title":"Mirties komitetas","description":"\u201eMirties komitetas\" (1969) \u2013 vienas pirm\u0173j\u0173 Lietuvoje pam\u0117gto amerikie\u010di\u0173 autoriaus Noah Gordono roman\u0173. Tai pasakojimas apie tris jaunus, profesijai","robots":{"index":"index","follow":"follow","max-snippet":"max-snippet:-1","max-image-preview":"max-image-preview:large","max-video-preview":"max-video-preview:-1"},"canonical":"https:\/\/skaitytaknyga.lt\/en\/produktas\/mirties-komitetas\/","og_locale":"en_GB","og_type":"article","og_title":"[:lt]Mirties komitetas[:] - Skaitytaknyga","og_description":"\u201eMirties komitetas\" (1969) \u2013 vienas pirm\u0173j\u0173 Lietuvoje pam\u0117gto amerikie\u010di\u0173 autoriaus Noah Gordono roman\u0173. Tai pasakojimas apie tris jaunus, profesijai","og_url":"https:\/\/skaitytaknyga.lt\/en\/produktas\/mirties-komitetas\/","og_site_name":"Skaitytaknyga","article_publisher":"https:\/\/www.facebook.com\/skaitytaknyga\/","article_modified_time":"2026-03-17T09:49:04+00:00","og_image":[{"width":403,"height":600,"url":"https:\/\/skaitytaknyga.lt\/wp-content\/uploads\/2025\/08\/Mirties-komitetas-1.webp","type":"image\/webp"}],"twitter_card":"summary_large_image","twitter_misc":{"Estimated reading time":"1 minute"},"schema":{"@context":"https:\/\/schema.org","@graph":[{"@type":"WebPage","@id":"https:\/\/skaitytaknyga.lt\/produktas\/mirties-komitetas\/","url":"https:\/\/skaitytaknyga.lt\/produktas\/mirties-komitetas\/","name":"Mirties komitetas","isPartOf":{"@id":"https:\/\/skaitytaknyga.lt\/#website"},"primaryImageOfPage":{"@id":"https:\/\/skaitytaknyga.lt\/produktas\/mirties-komitetas\/#primaryimage"},"image":{"@id":"https:\/\/skaitytaknyga.lt\/produktas\/mirties-komitetas\/#primaryimage"},"thumbnailUrl":"https:\/\/skaitytaknyga.lt\/wp-content\/uploads\/2025\/08\/Mirties-komitetas-1.webp","datePublished":"2025-08-01T04:44:11+00:00","dateModified":"2026-03-17T09:49:04+00:00","description":"\u201eMirties komitetas\" (1969) \u2013 vienas pirm\u0173j\u0173 Lietuvoje pam\u0117gto amerikie\u010di\u0173 autoriaus Noah Gordono roman\u0173. Tai pasakojimas apie tris jaunus, profesijai","breadcrumb":{"@id":"https:\/\/skaitytaknyga.lt\/produktas\/mirties-komitetas\/#breadcrumb"},"inLanguage":"en-GB","potentialAction":[{"@type":"ReadAction","target":["https:\/\/skaitytaknyga.lt\/produktas\/mirties-komitetas\/"]}]},{"@type":"ImageObject","inLanguage":"en-GB","@id":"https:\/\/skaitytaknyga.lt\/produktas\/mirties-komitetas\/#primaryimage","url":"https:\/\/skaitytaknyga.lt\/wp-content\/uploads\/2025\/08\/Mirties-komitetas-1.webp","contentUrl":"https:\/\/skaitytaknyga.lt\/wp-content\/uploads\/2025\/08\/Mirties-komitetas-1.webp","width":403,"height":600,"caption":"Mirties komitetas"},{"@type":"BreadcrumbList","@id":"https:\/\/skaitytaknyga.lt\/produktas\/mirties-komitetas\/#breadcrumb","itemListElement":[{"@type":"ListItem","position":1,"name":"Home","item":"https:\/\/skaitytaknyga.lt\/"},{"@type":"ListItem","position":2,"name":"Parduotuv\u0117","item":"https:\/\/skaitytaknyga.lt\/knygu-parduotuve\/"},{"@type":"ListItem","position":3,"name":"Mirties komitetas"}]},{"@type":"WebSite","@id":"https:\/\/skaitytaknyga.lt\/#website","url":"https:\/\/skaitytaknyga.lt\/","name":"skaitytaknyga.lt","description":"Skaitytaknyga.lt \u2013 tai ma\u017eas \u0161eimos verslas, kuris prasid\u0117jo nuo meil\u0117s knygoms ir siekio i\u0161gelb\u0117ti knygas nuo likimo prie konteinerio. Kas vienam nereikalingas daiktas \u2013 kitam lobis, o mes esame tarpininkai, kurie padeda abiems tapti laimingesniems ???? \u017dinome kaip nelengva i\u0161gyventi ma\u017eiems verslams, tad nuo \u0161iol, \u010dia rasite ir kit\u0173, ma\u017e\u0173 \u0161eim\u0173 versl\u0173, rank\u0173 darbo, dovan\u0173 sau ir artimiesiems.","publisher":{"@id":"https:\/\/skaitytaknyga.lt\/#organization"},"potentialAction":[{"@type":"SearchAction","target":{"@type":"EntryPoint","urlTemplate":"https:\/\/skaitytaknyga.lt\/?s={search_term_string}"},"query-input":{"@type":"PropertyValueSpecification","valueRequired":true,"valueName":"search_term_string"}}],"inLanguage":"en-GB"},{"@type":"Organization","@id":"https:\/\/skaitytaknyga.lt\/#organization","name":"skaitytaknyga.lt","url":"https:\/\/skaitytaknyga.lt\/","logo":{"@type":"ImageObject","inLanguage":"en-GB","@id":"https:\/\/skaitytaknyga.lt\/#\/schema\/logo\/image\/","url":"https:\/\/skaitytaknyga.lt\/wp-content\/uploads\/2024\/05\/cropped-cropped-cropped-02_00843_jt3bggkj1j3HLc7SyY6rEUpg.jpeg","contentUrl":"https:\/\/skaitytaknyga.lt\/wp-content\/uploads\/2024\/05\/cropped-cropped-cropped-02_00843_jt3bggkj1j3HLc7SyY6rEUpg.jpeg","width":1600,"height":1600,"caption":"skaitytaknyga.lt"},"image":{"@id":"https:\/\/skaitytaknyga.lt\/#\/schema\/logo\/image\/"},"sameAs":["https:\/\/www.facebook.com\/skaitytaknyga\/"]}]}},"_links":{"self":[{"href":"https:\/\/skaitytaknyga.lt\/en\/wp-json\/wp\/v2\/product\/20069","targetHints":{"allow":["GET"]}}],"collection":[{"href":"https:\/\/skaitytaknyga.lt\/en\/wp-json\/wp\/v2\/product"}],"about":[{"href":"https:\/\/skaitytaknyga.lt\/en\/wp-json\/wp\/v2\/types\/product"}],"replies":[{"embeddable":true,"href":"https:\/\/skaitytaknyga.lt\/en\/wp-json\/wp\/v2\/comments?post=20069"}],"wp:featuredmedia":[{"embeddable":true,"href":"https:\/\/skaitytaknyga.lt\/en\/wp-json\/wp\/v2\/media\/20072"}],"wp:attachment":[{"href":"https:\/\/skaitytaknyga.lt\/en\/wp-json\/wp\/v2\/media?parent=20069"}],"wp:term":[{"taxonomy":"product_brand","embeddable":true,"href":"https:\/\/skaitytaknyga.lt\/en\/wp-json\/wp\/v2\/product_brand?post=20069"},{"taxonomy":"product_cat","embeddable":true,"href":"https:\/\/skaitytaknyga.lt\/en\/wp-json\/wp\/v2\/product_cat?post=20069"},{"taxonomy":"product_tag","embeddable":true,"href":"https:\/\/skaitytaknyga.lt\/en\/wp-json\/wp\/v2\/product_tag?post=20069"}],"curies":[{"name":"wp","href":"https:\/\/api.w.org\/{rel}","templated":true}]}}