{"id":20068,"date":"2025-08-01T07:44:11","date_gmt":"2025-08-01T04:44:11","guid":{"rendered":"https:\/\/skaitytaknyga.lt\/?post_type=product&#038;p=20068"},"modified":"2025-08-01T10:39:42","modified_gmt":"2025-08-01T07:39:42","slug":"malonumu-rumai","status":"publish","type":"product","link":"https:\/\/skaitytaknyga.lt\/en\/produktas\/malonumu-rumai\/","title":{"rendered":"Malonum\u0173 r\u016bmai"},"content":{"rendered":"<p>\u012e\u017eengi \u012f scen\u0105 ir darai visk\u0105, kad vyrai tave myl\u0117t\u0173. Paskui jie prisimins tas akimirkas su tavimi. Ta\u010diau patys jie n\u0117ra tavo prisiminimai \u2013 jie jau\u010diasi es\u0105 nemirtingi, nes tu padarei juos dievais.<\/p>\n<p>Amy Tan (g. 1952 m.) \u2013 amerikiet\u0117 ra\u0161ytoja, kin\u0173 imigrant\u0173 dukra, kurios knygose nuolat gr\u012f\u017etama prie motinos ir dukters santyki\u0173 ir savosios tapatyb\u0117s paie\u0161k\u0173. Ji \u2013 tikra iliuzij\u0173 k\u016brimo meistr\u0117, istorij\u0173 pasakotoja, moters sielos gelmi\u0173 \u017einov\u0117; ne veltui visos septynios jos knygos tapo pasauliniais bestseleriais.<\/p>\n<p>Naujausiame savo romane \u201eMalonum\u0173 r\u016bmai&#8221; Amy Tan nukelia skaitytojus \u012f XX a. prad\u017eios \u0160anchaj\u0173 \u2013 nerimasting\u0105, prabang\u0173 ir paslapting\u0105.<\/p>\n<p>Amerikiet\u0117 Violeta Mintern \u2013 privilegijuota, dr\u0105si ir savavali\u0161ka; juk jos motina Lulu \u2013 presti\u017ei\u0161kiausi\u0173 kurtizani\u0173 nam\u0173 visame mieste savinink\u0117. Tame paslap\u010di\u0173 ir aistr\u0173 kupiname pasaulyje mergait\u0117 jau\u010diasi kaip namie, jos laukia puiki ateitis. Ta\u010diau stoja neram\u016bs laikai: \u010cing\u0173 dinastija gri\u016bva, revoliucija ir naujai susik\u016brusi respublika apver\u010dia auk\u0161tyn kojom nusistov\u0117jusi\u0105 tvark\u0105. Lulu nutaria gelb\u0117ti savo ir dukros gyvybes, b\u0117gdama \u012f San Fransisk\u0105, ta\u010diau \u012f laiv\u0105 \u012fs\u0117da viena. Keturiolikmet\u0117 Violeta tampa klastos auka: jai tenka \u201eskaistuol\u0117s kurtizan\u0117s&#8221; likimas. Dabar, nor\u0117dama i\u0161likti gyva, ji privalo pati i\u0161mokti meil\u0117s meno subtilybi\u0173 ir priimti jai skirt\u0105 likim\u0105. Taip Violeta pradeda eiti ilgu ir sud\u0117tingu keliu, kuris pareikalaus vis\u0173 jos j\u0117g\u0173, ta\u010diau po daugelio lemties kir\u010di\u0173 j\u0105 visgi atves \u012f did\u017ei\u0105j\u0105 gyvenimo meil\u0119.<\/p>\n","protected":false},"excerpt":{"rendered":"<p>\u012e\u017eengi \u012f scen\u0105 ir darai visk\u0105, kad vyrai tave myl\u0117t\u0173. Paskui jie prisimins tas akimirkas su tavimi. Ta\u010diau patys jie n\u0117ra tavo prisiminimai \u2013 jie jau\u010diasi es\u0105 nemirtingi, nes tu padarei juos dievais. Amy Tan (g. 1952 m.) \u2013 amerikiet\u0117 ra\u0161ytoja, kin\u0173 imigrant\u0173 dukra, kurios knygose nuolat gr\u012f\u017etama prie motinos ir dukters santyki\u0173 ir savosios tapatyb\u0117s paie\u0161k\u0173. Ji \u2013 tikra iliuzij\u0173 k\u016brimo meistr\u0117, istorij\u0173 pasakotoja, moters sielos gelmi\u0173 \u017einov\u0117; ne veltui visos septynios jos knygos tapo pasauliniais bestseleriais. Naujausiame savo romane \u201eMalonum\u0173 r\u016bmai&#8221; Amy Tan nukelia skaitytojus \u012f XX a. prad\u017eios \u0160anchaj\u0173 \u2013 nerimasting\u0105, prabang\u0173 ir paslapting\u0105. Amerikiet\u0117 Violeta Mintern \u2013 privilegijuota, dr\u0105si ir savavali\u0161ka; juk jos motina Lulu \u2013 presti\u017ei\u0161kiausi\u0173 kurtizani\u0173 nam\u0173 visame mieste savinink\u0117. Tame paslap\u010di\u0173 ir aistr\u0173 kupiname pasaulyje mergait\u0117 jau\u010diasi kaip namie, jos laukia puiki ateitis. Ta\u010diau stoja neram\u016bs laikai: \u010cing\u0173 dinastija gri\u016bva, revoliucija ir naujai susik\u016brusi respublika apver\u010dia auk\u0161tyn kojom nusistov\u0117jusi\u0105 tvark\u0105. Lulu nutaria gelb\u0117ti savo ir dukros gyvybes, b\u0117gdama \u012f San Fransisk\u0105, ta\u010diau \u012f laiv\u0105 \u012fs\u0117da viena. Keturiolikmet\u0117 Violeta tampa klastos auka: jai tenka \u201eskaistuol\u0117s kurtizan\u0117s&#8221; likimas. Dabar, nor\u0117dama i\u0161likti gyva, ji privalo pati i\u0161mokti meil\u0117s meno subtilybi\u0173 ir priimti jai skirt\u0105 likim\u0105. Taip Violeta pradeda eiti ilgu ir sud\u0117tingu keliu, kuris pareikalaus vis\u0173 jos j\u0117g\u0173, ta\u010diau po daugelio lemties kir\u010di\u0173 j\u0105 visgi atves \u012f did\u017ei\u0105j\u0105 gyvenimo meil\u0119.<\/p>\n","protected":false},"featured_media":20071,"comment_status":"open","ping_status":"closed","template":"","meta":{"_acf_changed":false,"site-sidebar-layout":"default","site-content-layout":"","ast-site-content-layout":"default","site-content-style":"default","site-sidebar-style":"default","ast-global-header-display":"","ast-banner-title-visibility":"","ast-main-header-display":"","ast-hfb-above-header-display":"","ast-hfb-below-header-display":"","ast-hfb-mobile-header-display":"","site-post-title":"","ast-breadcrumbs-content":"","ast-featured-img":"","footer-sml-layout":"","ast-disable-related-posts":"","theme-transparent-header-meta":"","adv-header-id-meta":"","stick-header-meta":"","header-above-stick-meta":"","header-main-stick-meta":"","header-below-stick-meta":"","astra-migrate-meta-layouts":"default","ast-page-background-enabled":"default","ast-page-background-meta":{"desktop":{"background-color":"","background-image":"","background-repeat":"repeat","background-position":"center center","background-size":"auto","background-attachment":"scroll","background-type":"","background-media":"","overlay-type":"","overlay-color":"","overlay-opacity":"","overlay-gradient":""},"tablet":{"background-color":"","background-image":"","background-repeat":"repeat","background-position":"center center","background-size":"auto","background-attachment":"scroll","background-type":"","background-media":"","overlay-type":"","overlay-color":"","overlay-opacity":"","overlay-gradient":""},"mobile":{"background-color":"","background-image":"","background-repeat":"repeat","background-position":"center center","background-size":"auto","background-attachment":"scroll","background-type":"","background-media":"","overlay-type":"","overlay-color":"","overlay-opacity":"","overlay-gradient":""}},"ast-content-background-meta":{"desktop":{"background-color":"var(--ast-global-color-4)","background-image":"","background-repeat":"repeat","background-position":"center center","background-size":"auto","background-attachment":"scroll","background-type":"","background-media":"","overlay-type":"","overlay-color":"","overlay-opacity":"","overlay-gradient":""},"tablet":{"background-color":"var(--ast-global-color-4)","background-image":"","background-repeat":"repeat","background-position":"center center","background-size":"auto","background-attachment":"scroll","background-type":"","background-media":"","overlay-type":"","overlay-color":"","overlay-opacity":"","overlay-gradient":""},"mobile":{"background-color":"var(--ast-global-color-4)","background-image":"","background-repeat":"repeat","background-position":"center center","background-size":"auto","background-attachment":"scroll","background-type":"","background-media":"","overlay-type":"","overlay-color":"","overlay-opacity":"","overlay-gradient":""}}},"product_brand":[],"product_cat":[31],"product_tag":[7236,1796,2582,7235,7234],"class_list":{"0":"post-20068","1":"product","2":"type-product","3":"status-publish","4":"has-post-thumbnail","6":"product_cat-grozine-literatura","7":"product_tag-amy-tan","8":"product_tag-meile","9":"product_tag-moterys","10":"product_tag-motinos-ir-dukters-santykiai","11":"product_tag-sanchajus","12":"desktop-align-left","13":"tablet-align-left","14":"mobile-align-left","16":"first","17":"instock","18":"shipping-taxable","19":"purchasable","20":"product-type-simple"},"acf":[],"yoast_head":"<!-- This site is optimized with the Yoast SEO plugin v27.0 - https:\/\/yoast.com\/product\/yoast-seo-wordpress\/ -->\n<title>Malonum\u0173 r\u016bmai<\/title>\n<meta name=\"description\" content=\"\u012e\u017eengi \u012f scen\u0105 ir darai visk\u0105, kad vyrai tave myl\u0117t\u0173. Paskui jie prisimins tas akimirkas su tavimi. Ta\u010diau patys jie n\u0117ra tavo prisiminimai \u2013 jie jau\u010diasi\" \/>\n<meta name=\"robots\" content=\"index, follow, max-snippet:-1, max-image-preview:large, max-video-preview:-1\" \/>\n<link rel=\"canonical\" href=\"https:\/\/skaitytaknyga.lt\/en\/produktas\/malonumu-rumai\/\" \/>\n<meta property=\"og:locale\" content=\"en_GB\" \/>\n<meta property=\"og:locale:alternate\" content=\"lt_LT\" \/>\n<meta property=\"og:type\" content=\"article\" \/>\n<meta property=\"og:title\" content=\"Malonum\u0173 r\u016bmai\" \/>\n<meta property=\"og:description\" content=\"\u012e\u017eengi \u012f scen\u0105 ir darai visk\u0105, kad vyrai tave myl\u0117t\u0173. Paskui jie prisimins tas akimirkas su tavimi. Ta\u010diau patys jie n\u0117ra tavo prisiminimai \u2013 jie jau\u010diasi\" \/>\n<meta property=\"og:url\" content=\"https:\/\/skaitytaknyga.lt\/en\/produktas\/malonumu-rumai\/\" \/>\n<meta property=\"og:site_name\" content=\"Skaitytaknyga\" \/>\n<meta property=\"article:publisher\" content=\"https:\/\/www.facebook.com\/skaitytaknyga\/\" \/>\n<meta property=\"article:modified_time\" content=\"2025-08-01T07:39:42+00:00\" \/>\n<meta property=\"og:image\" content=\"https:\/\/skaitytaknyga.lt\/wp-content\/uploads\/2025\/08\/Malonumu-rumai-1.webp\" \/>\n\t<meta property=\"og:image:width\" content=\"534\" \/>\n\t<meta property=\"og:image:height\" content=\"801\" \/>\n\t<meta property=\"og:image:type\" content=\"image\/webp\" \/>\n<meta name=\"twitter:card\" content=\"summary_large_image\" \/>\n<meta name=\"twitter:label1\" content=\"Estimated reading time\" \/>\n\t<meta name=\"twitter:data1\" content=\"1 minute\" \/>\n<script type=\"application\/ld+json\" class=\"yoast-schema-graph\">{\"@context\":\"https:\/\/schema.org\",\"@graph\":[{\"@type\":\"WebPage\",\"@id\":\"https:\/\/skaitytaknyga.lt\/produktas\/malonumu-rumai\/\",\"url\":\"https:\/\/skaitytaknyga.lt\/produktas\/malonumu-rumai\/\",\"name\":\"Malonum\u0173 r\u016bmai\",\"isPartOf\":{\"@id\":\"https:\/\/skaitytaknyga.lt\/#website\"},\"primaryImageOfPage\":{\"@id\":\"https:\/\/skaitytaknyga.lt\/produktas\/malonumu-rumai\/#primaryimage\"},\"image\":{\"@id\":\"https:\/\/skaitytaknyga.lt\/produktas\/malonumu-rumai\/#primaryimage\"},\"thumbnailUrl\":\"https:\/\/skaitytaknyga.lt\/wp-content\/uploads\/2025\/08\/Malonumu-rumai-1.webp\",\"datePublished\":\"2025-08-01T04:44:11+00:00\",\"dateModified\":\"2025-08-01T07:39:42+00:00\",\"description\":\"\u012e\u017eengi \u012f scen\u0105 ir darai visk\u0105, kad vyrai tave myl\u0117t\u0173. Paskui jie prisimins tas akimirkas su tavimi. Ta\u010diau patys jie n\u0117ra tavo prisiminimai \u2013 jie jau\u010diasi\",\"breadcrumb\":{\"@id\":\"https:\/\/skaitytaknyga.lt\/produktas\/malonumu-rumai\/#breadcrumb\"},\"inLanguage\":\"en-GB\",\"potentialAction\":[{\"@type\":\"ReadAction\",\"target\":[\"https:\/\/skaitytaknyga.lt\/produktas\/malonumu-rumai\/\"]}]},{\"@type\":\"ImageObject\",\"inLanguage\":\"en-GB\",\"@id\":\"https:\/\/skaitytaknyga.lt\/produktas\/malonumu-rumai\/#primaryimage\",\"url\":\"https:\/\/skaitytaknyga.lt\/wp-content\/uploads\/2025\/08\/Malonumu-rumai-1.webp\",\"contentUrl\":\"https:\/\/skaitytaknyga.lt\/wp-content\/uploads\/2025\/08\/Malonumu-rumai-1.webp\",\"width\":534,\"height\":801,\"caption\":\"Malonum\u0173 r\u016bmai\"},{\"@type\":\"BreadcrumbList\",\"@id\":\"https:\/\/skaitytaknyga.lt\/produktas\/malonumu-rumai\/#breadcrumb\",\"itemListElement\":[{\"@type\":\"ListItem\",\"position\":1,\"name\":\"Home\",\"item\":\"https:\/\/skaitytaknyga.lt\/\"},{\"@type\":\"ListItem\",\"position\":2,\"name\":\"Parduotuv\u0117\",\"item\":\"https:\/\/skaitytaknyga.lt\/knygu-parduotuve\/\"},{\"@type\":\"ListItem\",\"position\":3,\"name\":\"Malonum\u0173 r\u016bmai\"}]},{\"@type\":\"WebSite\",\"@id\":\"https:\/\/skaitytaknyga.lt\/#website\",\"url\":\"https:\/\/skaitytaknyga.lt\/\",\"name\":\"skaitytaknyga.lt\",\"description\":\"Skaitytaknyga.lt \u2013 tai ma\u017eas \u0161eimos verslas, kuris prasid\u0117jo nuo meil\u0117s knygoms ir siekio i\u0161gelb\u0117ti knygas nuo likimo prie konteinerio. Kas vienam nereikalingas daiktas \u2013 kitam lobis, o mes esame tarpininkai, kurie padeda abiems tapti laimingesniems ???? \u017dinome kaip nelengva i\u0161gyventi ma\u017eiems verslams, tad nuo \u0161iol, \u010dia rasite ir kit\u0173, ma\u017e\u0173 \u0161eim\u0173 versl\u0173, rank\u0173 darbo, dovan\u0173 sau ir artimiesiems.\",\"publisher\":{\"@id\":\"https:\/\/skaitytaknyga.lt\/#organization\"},\"potentialAction\":[{\"@type\":\"SearchAction\",\"target\":{\"@type\":\"EntryPoint\",\"urlTemplate\":\"https:\/\/skaitytaknyga.lt\/?s={search_term_string}\"},\"query-input\":{\"@type\":\"PropertyValueSpecification\",\"valueRequired\":true,\"valueName\":\"search_term_string\"}}],\"inLanguage\":\"en-GB\"},{\"@type\":\"Organization\",\"@id\":\"https:\/\/skaitytaknyga.lt\/#organization\",\"name\":\"skaitytaknyga.lt\",\"url\":\"https:\/\/skaitytaknyga.lt\/\",\"logo\":{\"@type\":\"ImageObject\",\"inLanguage\":\"en-GB\",\"@id\":\"https:\/\/skaitytaknyga.lt\/#\/schema\/logo\/image\/\",\"url\":\"https:\/\/skaitytaknyga.lt\/wp-content\/uploads\/2024\/05\/cropped-cropped-cropped-02_00843_jt3bggkj1j3HLc7SyY6rEUpg.jpeg\",\"contentUrl\":\"https:\/\/skaitytaknyga.lt\/wp-content\/uploads\/2024\/05\/cropped-cropped-cropped-02_00843_jt3bggkj1j3HLc7SyY6rEUpg.jpeg\",\"width\":1600,\"height\":1600,\"caption\":\"skaitytaknyga.lt\"},\"image\":{\"@id\":\"https:\/\/skaitytaknyga.lt\/#\/schema\/logo\/image\/\"},\"sameAs\":[\"https:\/\/www.facebook.com\/skaitytaknyga\/\"]}]}<\/script>\n<!-- \/ Yoast SEO plugin. -->","yoast_head_json":{"title":"Malonum\u0173 r\u016bmai","description":"\u012e\u017eengi \u012f scen\u0105 ir darai visk\u0105, kad vyrai tave myl\u0117t\u0173. Paskui jie prisimins tas akimirkas su tavimi. Ta\u010diau patys jie n\u0117ra tavo prisiminimai \u2013 jie jau\u010diasi","robots":{"index":"index","follow":"follow","max-snippet":"max-snippet:-1","max-image-preview":"max-image-preview:large","max-video-preview":"max-video-preview:-1"},"canonical":"https:\/\/skaitytaknyga.lt\/en\/produktas\/malonumu-rumai\/","og_locale":"en_GB","og_type":"article","og_title":"[:lt]Malonum\u0173 r\u016bmai[:] - Skaitytaknyga","og_description":"\u012e\u017eengi \u012f scen\u0105 ir darai visk\u0105, kad vyrai tave myl\u0117t\u0173. Paskui jie prisimins tas akimirkas su tavimi. Ta\u010diau patys jie n\u0117ra tavo prisiminimai \u2013 jie jau\u010diasi","og_url":"https:\/\/skaitytaknyga.lt\/en\/produktas\/malonumu-rumai\/","og_site_name":"Skaitytaknyga","article_publisher":"https:\/\/www.facebook.com\/skaitytaknyga\/","article_modified_time":"2025-08-01T07:39:42+00:00","og_image":[{"width":534,"height":801,"url":"https:\/\/skaitytaknyga.lt\/wp-content\/uploads\/2025\/08\/Malonumu-rumai-1.webp","type":"image\/webp"}],"twitter_card":"summary_large_image","twitter_misc":{"Estimated reading time":"1 minute"},"schema":{"@context":"https:\/\/schema.org","@graph":[{"@type":"WebPage","@id":"https:\/\/skaitytaknyga.lt\/produktas\/malonumu-rumai\/","url":"https:\/\/skaitytaknyga.lt\/produktas\/malonumu-rumai\/","name":"Malonum\u0173 r\u016bmai","isPartOf":{"@id":"https:\/\/skaitytaknyga.lt\/#website"},"primaryImageOfPage":{"@id":"https:\/\/skaitytaknyga.lt\/produktas\/malonumu-rumai\/#primaryimage"},"image":{"@id":"https:\/\/skaitytaknyga.lt\/produktas\/malonumu-rumai\/#primaryimage"},"thumbnailUrl":"https:\/\/skaitytaknyga.lt\/wp-content\/uploads\/2025\/08\/Malonumu-rumai-1.webp","datePublished":"2025-08-01T04:44:11+00:00","dateModified":"2025-08-01T07:39:42+00:00","description":"\u012e\u017eengi \u012f scen\u0105 ir darai visk\u0105, kad vyrai tave myl\u0117t\u0173. Paskui jie prisimins tas akimirkas su tavimi. Ta\u010diau patys jie n\u0117ra tavo prisiminimai \u2013 jie jau\u010diasi","breadcrumb":{"@id":"https:\/\/skaitytaknyga.lt\/produktas\/malonumu-rumai\/#breadcrumb"},"inLanguage":"en-GB","potentialAction":[{"@type":"ReadAction","target":["https:\/\/skaitytaknyga.lt\/produktas\/malonumu-rumai\/"]}]},{"@type":"ImageObject","inLanguage":"en-GB","@id":"https:\/\/skaitytaknyga.lt\/produktas\/malonumu-rumai\/#primaryimage","url":"https:\/\/skaitytaknyga.lt\/wp-content\/uploads\/2025\/08\/Malonumu-rumai-1.webp","contentUrl":"https:\/\/skaitytaknyga.lt\/wp-content\/uploads\/2025\/08\/Malonumu-rumai-1.webp","width":534,"height":801,"caption":"Malonum\u0173 r\u016bmai"},{"@type":"BreadcrumbList","@id":"https:\/\/skaitytaknyga.lt\/produktas\/malonumu-rumai\/#breadcrumb","itemListElement":[{"@type":"ListItem","position":1,"name":"Home","item":"https:\/\/skaitytaknyga.lt\/"},{"@type":"ListItem","position":2,"name":"Parduotuv\u0117","item":"https:\/\/skaitytaknyga.lt\/knygu-parduotuve\/"},{"@type":"ListItem","position":3,"name":"Malonum\u0173 r\u016bmai"}]},{"@type":"WebSite","@id":"https:\/\/skaitytaknyga.lt\/#website","url":"https:\/\/skaitytaknyga.lt\/","name":"skaitytaknyga.lt","description":"Skaitytaknyga.lt \u2013 tai ma\u017eas \u0161eimos verslas, kuris prasid\u0117jo nuo meil\u0117s knygoms ir siekio i\u0161gelb\u0117ti knygas nuo likimo prie konteinerio. Kas vienam nereikalingas daiktas \u2013 kitam lobis, o mes esame tarpininkai, kurie padeda abiems tapti laimingesniems ???? \u017dinome kaip nelengva i\u0161gyventi ma\u017eiems verslams, tad nuo \u0161iol, \u010dia rasite ir kit\u0173, ma\u017e\u0173 \u0161eim\u0173 versl\u0173, rank\u0173 darbo, dovan\u0173 sau ir artimiesiems.","publisher":{"@id":"https:\/\/skaitytaknyga.lt\/#organization"},"potentialAction":[{"@type":"SearchAction","target":{"@type":"EntryPoint","urlTemplate":"https:\/\/skaitytaknyga.lt\/?s={search_term_string}"},"query-input":{"@type":"PropertyValueSpecification","valueRequired":true,"valueName":"search_term_string"}}],"inLanguage":"en-GB"},{"@type":"Organization","@id":"https:\/\/skaitytaknyga.lt\/#organization","name":"skaitytaknyga.lt","url":"https:\/\/skaitytaknyga.lt\/","logo":{"@type":"ImageObject","inLanguage":"en-GB","@id":"https:\/\/skaitytaknyga.lt\/#\/schema\/logo\/image\/","url":"https:\/\/skaitytaknyga.lt\/wp-content\/uploads\/2024\/05\/cropped-cropped-cropped-02_00843_jt3bggkj1j3HLc7SyY6rEUpg.jpeg","contentUrl":"https:\/\/skaitytaknyga.lt\/wp-content\/uploads\/2024\/05\/cropped-cropped-cropped-02_00843_jt3bggkj1j3HLc7SyY6rEUpg.jpeg","width":1600,"height":1600,"caption":"skaitytaknyga.lt"},"image":{"@id":"https:\/\/skaitytaknyga.lt\/#\/schema\/logo\/image\/"},"sameAs":["https:\/\/www.facebook.com\/skaitytaknyga\/"]}]}},"_links":{"self":[{"href":"https:\/\/skaitytaknyga.lt\/en\/wp-json\/wp\/v2\/product\/20068","targetHints":{"allow":["GET"]}}],"collection":[{"href":"https:\/\/skaitytaknyga.lt\/en\/wp-json\/wp\/v2\/product"}],"about":[{"href":"https:\/\/skaitytaknyga.lt\/en\/wp-json\/wp\/v2\/types\/product"}],"replies":[{"embeddable":true,"href":"https:\/\/skaitytaknyga.lt\/en\/wp-json\/wp\/v2\/comments?post=20068"}],"wp:featuredmedia":[{"embeddable":true,"href":"https:\/\/skaitytaknyga.lt\/en\/wp-json\/wp\/v2\/media\/20071"}],"wp:attachment":[{"href":"https:\/\/skaitytaknyga.lt\/en\/wp-json\/wp\/v2\/media?parent=20068"}],"wp:term":[{"taxonomy":"product_brand","embeddable":true,"href":"https:\/\/skaitytaknyga.lt\/en\/wp-json\/wp\/v2\/product_brand?post=20068"},{"taxonomy":"product_cat","embeddable":true,"href":"https:\/\/skaitytaknyga.lt\/en\/wp-json\/wp\/v2\/product_cat?post=20068"},{"taxonomy":"product_tag","embeddable":true,"href":"https:\/\/skaitytaknyga.lt\/en\/wp-json\/wp\/v2\/product_tag?post=20068"}],"curies":[{"name":"wp","href":"https:\/\/api.w.org\/{rel}","templated":true}]}}