{"id":20067,"date":"2025-08-01T07:44:11","date_gmt":"2025-08-01T04:44:11","guid":{"rendered":"https:\/\/skaitytaknyga.lt\/?post_type=product&#038;p=20067"},"modified":"2026-03-18T14:59:44","modified_gmt":"2026-03-18T12:59:44","slug":"vilniuje-ir-lietuvos-dvaruose-1815-1843-metu-dienorastis","status":"publish","type":"product","link":"https:\/\/skaitytaknyga.lt\/en\/produktas\/vilniuje-ir-lietuvos-dvaruose-1815-1843-metu-dienorastis\/","title":{"rendered":"Vilniuje ir Lietuvos dvaruose: 1815-1843 met\u0173 dienora\u0161tis"},"content":{"rendered":"<p>Gabriel\u0117s Giunteryt\u0117s-Puzinien\u0117s (Gabriela z G\u00fcnther\u00f3w von Hildelsheim Puzynina, 1815\u20131869), poet\u0117s, dramaturg\u0117s, atsiminim\u0173 knyga \u201eVilniuje ir Lietuvos dvaruose\u201c \u2013 vertingiausia jos literat\u016brinio palikimo dalis. \u0160ie atsiminimai \u2013 tai plati ir daugiasluoksn\u0117 XIX a. pirmosios pus\u0117s panorama. Ji atveria ir spalvingus kasdienyb\u0117s vaizdus, anekdotinius nutikimus, ir pristato kult\u016brin\u012f, akademin\u012f Vilniaus gyvenim\u0105, joje ir 1830\u20131831 m. sukilimo bei represij\u0173 atgarsiai. Autor\u0117 i\u0161 arti supa\u017eindina su garsiausiomis to meto Lietuvos ir Lenkijos \u0161eimomis, pristato kar\u016bnuotas galingiausi\u0173 to meto valstybi\u0173 asmenybes ir itin daug d\u0117mesio skiria moterimis, atskleisdama \u012fvairiapus\u0119 k\u016brybin\u0119 tos epochos moters prigimt\u012f.<\/p>\n","protected":false},"excerpt":{"rendered":"<p>Gabriel\u0117s Giunteryt\u0117s-Puzinien\u0117s (Gabriela z G\u00fcnther\u00f3w von Hildelsheim Puzynina, 1815\u20131869), poet\u0117s, dramaturg\u0117s, atsiminim\u0173 knyga \u201eVilniuje ir Lietuvos dvaruose\u201c \u2013 vertingiausia jos literat\u016brinio palikimo dalis. \u0160ie atsiminimai \u2013 tai plati ir daugiasluoksn\u0117 XIX a. pirmosios pus\u0117s panorama. Ji atveria ir spalvingus kasdienyb\u0117s vaizdus, anekdotinius nutikimus, ir pristato kult\u016brin\u012f, akademin\u012f Vilniaus gyvenim\u0105, joje ir 1830\u20131831 m. sukilimo bei represij\u0173 atgarsiai. Autor\u0117 i\u0161 arti supa\u017eindina su garsiausiomis to meto Lietuvos ir Lenkijos \u0161eimomis, pristato kar\u016bnuotas galingiausi\u0173 to meto valstybi\u0173 asmenybes ir itin daug d\u0117mesio skiria moterimis, atskleisdama \u012fvairiapus\u0119 k\u016brybin\u0119 tos epochos moters prigimt\u012f.<\/p>\n","protected":false},"featured_media":20070,"comment_status":"open","ping_status":"closed","template":"","meta":{"_acf_changed":false,"site-sidebar-layout":"default","site-content-layout":"","ast-site-content-layout":"default","site-content-style":"default","site-sidebar-style":"default","ast-global-header-display":"","ast-banner-title-visibility":"","ast-main-header-display":"","ast-hfb-above-header-display":"","ast-hfb-below-header-display":"","ast-hfb-mobile-header-display":"","site-post-title":"","ast-breadcrumbs-content":"","ast-featured-img":"","footer-sml-layout":"","ast-disable-related-posts":"","theme-transparent-header-meta":"","adv-header-id-meta":"","stick-header-meta":"","header-above-stick-meta":"","header-main-stick-meta":"","header-below-stick-meta":"","astra-migrate-meta-layouts":"default","ast-page-background-enabled":"default","ast-page-background-meta":{"desktop":{"background-color":"","background-image":"","background-repeat":"repeat","background-position":"center center","background-size":"auto","background-attachment":"scroll","background-type":"","background-media":"","overlay-type":"","overlay-color":"","overlay-opacity":"","overlay-gradient":""},"tablet":{"background-color":"","background-image":"","background-repeat":"repeat","background-position":"center center","background-size":"auto","background-attachment":"scroll","background-type":"","background-media":"","overlay-type":"","overlay-color":"","overlay-opacity":"","overlay-gradient":""},"mobile":{"background-color":"","background-image":"","background-repeat":"repeat","background-position":"center center","background-size":"auto","background-attachment":"scroll","background-type":"","background-media":"","overlay-type":"","overlay-color":"","overlay-opacity":"","overlay-gradient":""}},"ast-content-background-meta":{"desktop":{"background-color":"var(--ast-global-color-4)","background-image":"","background-repeat":"repeat","background-position":"center center","background-size":"auto","background-attachment":"scroll","background-type":"","background-media":"","overlay-type":"","overlay-color":"","overlay-opacity":"","overlay-gradient":""},"tablet":{"background-color":"var(--ast-global-color-4)","background-image":"","background-repeat":"repeat","background-position":"center center","background-size":"auto","background-attachment":"scroll","background-type":"","background-media":"","overlay-type":"","overlay-color":"","overlay-opacity":"","overlay-gradient":""},"mobile":{"background-color":"var(--ast-global-color-4)","background-image":"","background-repeat":"repeat","background-position":"center center","background-size":"auto","background-attachment":"scroll","background-type":"","background-media":"","overlay-type":"","overlay-color":"","overlay-opacity":"","overlay-gradient":""}}},"product_brand":[],"product_cat":[9862,174],"product_tag":[1349,3916,4253,7233,3057],"class_list":{"0":"post-20067","1":"product","2":"type-product","3":"status-publish","4":"has-post-thumbnail","6":"product_cat-lietuvos-istorija","7":"product_cat-istorija-ir-politologija","8":"product_tag-atsiminimai","9":"product_tag-dienorastis","10":"product_tag-dvarai","11":"product_tag-gabriele-giunteryte-puziniene","12":"product_tag-xix-a","13":"desktop-align-left","14":"tablet-align-left","15":"mobile-align-left","17":"first","18":"instock","19":"shipping-taxable","20":"purchasable","21":"product-type-simple"},"acf":[],"yoast_head":"<!-- This site is optimized with the Yoast SEO plugin v27.0 - https:\/\/yoast.com\/product\/yoast-seo-wordpress\/ -->\n<title>Vilniuje ir Lietuvos dvaruose: 1815-1843 met\u0173 dienora\u0161tis<\/title>\n<meta name=\"description\" content=\"Gabriel\u0117s Giunteryt\u0117s-Puzinien\u0117s (Gabriela z G\u00fcnther\u00f3w von Hildelsheim Puzynina, 1815\u20131869), poet\u0117s, dramaturg\u0117s, atsiminim\u0173 knyga \u201eVilniuje ir Lietuvos\" \/>\n<meta name=\"robots\" content=\"index, follow, max-snippet:-1, max-image-preview:large, max-video-preview:-1\" \/>\n<link rel=\"canonical\" href=\"https:\/\/skaitytaknyga.lt\/en\/produktas\/vilniuje-ir-lietuvos-dvaruose-1815-1843-metu-dienorastis\/\" \/>\n<meta property=\"og:locale\" content=\"en_GB\" \/>\n<meta property=\"og:locale:alternate\" content=\"lt_LT\" \/>\n<meta property=\"og:type\" content=\"article\" \/>\n<meta property=\"og:title\" content=\"Vilniuje ir Lietuvos dvaruose: 1815-1843 met\u0173 dienora\u0161tis\" \/>\n<meta property=\"og:description\" content=\"Gabriel\u0117s Giunteryt\u0117s-Puzinien\u0117s (Gabriela z G\u00fcnther\u00f3w von Hildelsheim Puzynina, 1815\u20131869), poet\u0117s, dramaturg\u0117s, atsiminim\u0173 knyga \u201eVilniuje ir Lietuvos\" \/>\n<meta property=\"og:url\" content=\"https:\/\/skaitytaknyga.lt\/en\/produktas\/vilniuje-ir-lietuvos-dvaruose-1815-1843-metu-dienorastis\/\" \/>\n<meta property=\"og:site_name\" content=\"Skaitytaknyga\" \/>\n<meta property=\"article:publisher\" content=\"https:\/\/www.facebook.com\/skaitytaknyga\/\" \/>\n<meta property=\"article:modified_time\" content=\"2026-03-18T12:59:44+00:00\" \/>\n<meta property=\"og:image\" content=\"https:\/\/skaitytaknyga.lt\/wp-content\/uploads\/2025\/08\/Vilniuje-ir-Lietuvos-dvaruose-1815-1843-metu-dienorastis-1.webp\" \/>\n\t<meta property=\"og:image:width\" content=\"534\" \/>\n\t<meta property=\"og:image:height\" content=\"801\" \/>\n\t<meta property=\"og:image:type\" content=\"image\/webp\" \/>\n<meta name=\"twitter:card\" content=\"summary_large_image\" \/>\n<meta name=\"twitter:label1\" content=\"Estimated reading time\" \/>\n\t<meta name=\"twitter:data1\" content=\"1 minute\" \/>\n<script type=\"application\/ld+json\" class=\"yoast-schema-graph\">{\"@context\":\"https:\/\/schema.org\",\"@graph\":[{\"@type\":\"WebPage\",\"@id\":\"https:\/\/skaitytaknyga.lt\/produktas\/vilniuje-ir-lietuvos-dvaruose-1815-1843-metu-dienorastis\/\",\"url\":\"https:\/\/skaitytaknyga.lt\/produktas\/vilniuje-ir-lietuvos-dvaruose-1815-1843-metu-dienorastis\/\",\"name\":\"Vilniuje ir Lietuvos dvaruose: 1815-1843 met\u0173 dienora\u0161tis\",\"isPartOf\":{\"@id\":\"https:\/\/skaitytaknyga.lt\/#website\"},\"primaryImageOfPage\":{\"@id\":\"https:\/\/skaitytaknyga.lt\/produktas\/vilniuje-ir-lietuvos-dvaruose-1815-1843-metu-dienorastis\/#primaryimage\"},\"image\":{\"@id\":\"https:\/\/skaitytaknyga.lt\/produktas\/vilniuje-ir-lietuvos-dvaruose-1815-1843-metu-dienorastis\/#primaryimage\"},\"thumbnailUrl\":\"https:\/\/skaitytaknyga.lt\/wp-content\/uploads\/2025\/08\/Vilniuje-ir-Lietuvos-dvaruose-1815-1843-metu-dienorastis-1.webp\",\"datePublished\":\"2025-08-01T04:44:11+00:00\",\"dateModified\":\"2026-03-18T12:59:44+00:00\",\"description\":\"Gabriel\u0117s Giunteryt\u0117s-Puzinien\u0117s (Gabriela z G\u00fcnther\u00f3w von Hildelsheim Puzynina, 1815\u20131869), poet\u0117s, dramaturg\u0117s, atsiminim\u0173 knyga \u201eVilniuje ir Lietuvos\",\"breadcrumb\":{\"@id\":\"https:\/\/skaitytaknyga.lt\/produktas\/vilniuje-ir-lietuvos-dvaruose-1815-1843-metu-dienorastis\/#breadcrumb\"},\"inLanguage\":\"en-GB\",\"potentialAction\":[{\"@type\":\"ReadAction\",\"target\":[\"https:\/\/skaitytaknyga.lt\/produktas\/vilniuje-ir-lietuvos-dvaruose-1815-1843-metu-dienorastis\/\"]}]},{\"@type\":\"ImageObject\",\"inLanguage\":\"en-GB\",\"@id\":\"https:\/\/skaitytaknyga.lt\/produktas\/vilniuje-ir-lietuvos-dvaruose-1815-1843-metu-dienorastis\/#primaryimage\",\"url\":\"https:\/\/skaitytaknyga.lt\/wp-content\/uploads\/2025\/08\/Vilniuje-ir-Lietuvos-dvaruose-1815-1843-metu-dienorastis-1.webp\",\"contentUrl\":\"https:\/\/skaitytaknyga.lt\/wp-content\/uploads\/2025\/08\/Vilniuje-ir-Lietuvos-dvaruose-1815-1843-metu-dienorastis-1.webp\",\"width\":534,\"height\":801,\"caption\":\"Vilniuje ir Lietuvos dvaruose: 1815-1843 met\u0173 dienora\u0161tis\"},{\"@type\":\"BreadcrumbList\",\"@id\":\"https:\/\/skaitytaknyga.lt\/produktas\/vilniuje-ir-lietuvos-dvaruose-1815-1843-metu-dienorastis\/#breadcrumb\",\"itemListElement\":[{\"@type\":\"ListItem\",\"position\":1,\"name\":\"Home\",\"item\":\"https:\/\/skaitytaknyga.lt\/\"},{\"@type\":\"ListItem\",\"position\":2,\"name\":\"Parduotuv\u0117\",\"item\":\"https:\/\/skaitytaknyga.lt\/knygu-parduotuve\/\"},{\"@type\":\"ListItem\",\"position\":3,\"name\":\"Vilniuje ir Lietuvos dvaruose: 1815-1843 met\u0173 dienora\u0161tis\"}]},{\"@type\":\"WebSite\",\"@id\":\"https:\/\/skaitytaknyga.lt\/#website\",\"url\":\"https:\/\/skaitytaknyga.lt\/\",\"name\":\"skaitytaknyga.lt\",\"description\":\"Skaitytaknyga.lt \u2013 tai ma\u017eas \u0161eimos verslas, kuris prasid\u0117jo nuo meil\u0117s knygoms ir siekio i\u0161gelb\u0117ti knygas nuo likimo prie konteinerio. Kas vienam nereikalingas daiktas \u2013 kitam lobis, o mes esame tarpininkai, kurie padeda abiems tapti laimingesniems ???? \u017dinome kaip nelengva i\u0161gyventi ma\u017eiems verslams, tad nuo \u0161iol, \u010dia rasite ir kit\u0173, ma\u017e\u0173 \u0161eim\u0173 versl\u0173, rank\u0173 darbo, dovan\u0173 sau ir artimiesiems.\",\"publisher\":{\"@id\":\"https:\/\/skaitytaknyga.lt\/#organization\"},\"potentialAction\":[{\"@type\":\"SearchAction\",\"target\":{\"@type\":\"EntryPoint\",\"urlTemplate\":\"https:\/\/skaitytaknyga.lt\/?s={search_term_string}\"},\"query-input\":{\"@type\":\"PropertyValueSpecification\",\"valueRequired\":true,\"valueName\":\"search_term_string\"}}],\"inLanguage\":\"en-GB\"},{\"@type\":\"Organization\",\"@id\":\"https:\/\/skaitytaknyga.lt\/#organization\",\"name\":\"skaitytaknyga.lt\",\"url\":\"https:\/\/skaitytaknyga.lt\/\",\"logo\":{\"@type\":\"ImageObject\",\"inLanguage\":\"en-GB\",\"@id\":\"https:\/\/skaitytaknyga.lt\/#\/schema\/logo\/image\/\",\"url\":\"https:\/\/skaitytaknyga.lt\/wp-content\/uploads\/2024\/05\/cropped-cropped-cropped-02_00843_jt3bggkj1j3HLc7SyY6rEUpg.jpeg\",\"contentUrl\":\"https:\/\/skaitytaknyga.lt\/wp-content\/uploads\/2024\/05\/cropped-cropped-cropped-02_00843_jt3bggkj1j3HLc7SyY6rEUpg.jpeg\",\"width\":1600,\"height\":1600,\"caption\":\"skaitytaknyga.lt\"},\"image\":{\"@id\":\"https:\/\/skaitytaknyga.lt\/#\/schema\/logo\/image\/\"},\"sameAs\":[\"https:\/\/www.facebook.com\/skaitytaknyga\/\"]}]}<\/script>\n<!-- \/ Yoast SEO plugin. -->","yoast_head_json":{"title":"Vilniuje ir Lietuvos dvaruose: 1815-1843 met\u0173 dienora\u0161tis","description":"Gabriel\u0117s Giunteryt\u0117s-Puzinien\u0117s (Gabriela z G\u00fcnther\u00f3w von Hildelsheim Puzynina, 1815\u20131869), poet\u0117s, dramaturg\u0117s, atsiminim\u0173 knyga \u201eVilniuje ir Lietuvos","robots":{"index":"index","follow":"follow","max-snippet":"max-snippet:-1","max-image-preview":"max-image-preview:large","max-video-preview":"max-video-preview:-1"},"canonical":"https:\/\/skaitytaknyga.lt\/en\/produktas\/vilniuje-ir-lietuvos-dvaruose-1815-1843-metu-dienorastis\/","og_locale":"en_GB","og_type":"article","og_title":"[:lt]Vilniuje ir Lietuvos dvaruose: 1815-1843 met\u0173 dienora\u0161tis[:] - Skaitytaknyga","og_description":"Gabriel\u0117s Giunteryt\u0117s-Puzinien\u0117s (Gabriela z G\u00fcnther\u00f3w von Hildelsheim Puzynina, 1815\u20131869), poet\u0117s, dramaturg\u0117s, atsiminim\u0173 knyga \u201eVilniuje ir Lietuvos","og_url":"https:\/\/skaitytaknyga.lt\/en\/produktas\/vilniuje-ir-lietuvos-dvaruose-1815-1843-metu-dienorastis\/","og_site_name":"Skaitytaknyga","article_publisher":"https:\/\/www.facebook.com\/skaitytaknyga\/","article_modified_time":"2026-03-18T12:59:44+00:00","og_image":[{"width":534,"height":801,"url":"https:\/\/skaitytaknyga.lt\/wp-content\/uploads\/2025\/08\/Vilniuje-ir-Lietuvos-dvaruose-1815-1843-metu-dienorastis-1.webp","type":"image\/webp"}],"twitter_card":"summary_large_image","twitter_misc":{"Estimated reading time":"1 minute"},"schema":{"@context":"https:\/\/schema.org","@graph":[{"@type":"WebPage","@id":"https:\/\/skaitytaknyga.lt\/produktas\/vilniuje-ir-lietuvos-dvaruose-1815-1843-metu-dienorastis\/","url":"https:\/\/skaitytaknyga.lt\/produktas\/vilniuje-ir-lietuvos-dvaruose-1815-1843-metu-dienorastis\/","name":"Vilniuje ir Lietuvos dvaruose: 1815-1843 met\u0173 dienora\u0161tis","isPartOf":{"@id":"https:\/\/skaitytaknyga.lt\/#website"},"primaryImageOfPage":{"@id":"https:\/\/skaitytaknyga.lt\/produktas\/vilniuje-ir-lietuvos-dvaruose-1815-1843-metu-dienorastis\/#primaryimage"},"image":{"@id":"https:\/\/skaitytaknyga.lt\/produktas\/vilniuje-ir-lietuvos-dvaruose-1815-1843-metu-dienorastis\/#primaryimage"},"thumbnailUrl":"https:\/\/skaitytaknyga.lt\/wp-content\/uploads\/2025\/08\/Vilniuje-ir-Lietuvos-dvaruose-1815-1843-metu-dienorastis-1.webp","datePublished":"2025-08-01T04:44:11+00:00","dateModified":"2026-03-18T12:59:44+00:00","description":"Gabriel\u0117s Giunteryt\u0117s-Puzinien\u0117s (Gabriela z G\u00fcnther\u00f3w von Hildelsheim Puzynina, 1815\u20131869), poet\u0117s, dramaturg\u0117s, atsiminim\u0173 knyga \u201eVilniuje ir Lietuvos","breadcrumb":{"@id":"https:\/\/skaitytaknyga.lt\/produktas\/vilniuje-ir-lietuvos-dvaruose-1815-1843-metu-dienorastis\/#breadcrumb"},"inLanguage":"en-GB","potentialAction":[{"@type":"ReadAction","target":["https:\/\/skaitytaknyga.lt\/produktas\/vilniuje-ir-lietuvos-dvaruose-1815-1843-metu-dienorastis\/"]}]},{"@type":"ImageObject","inLanguage":"en-GB","@id":"https:\/\/skaitytaknyga.lt\/produktas\/vilniuje-ir-lietuvos-dvaruose-1815-1843-metu-dienorastis\/#primaryimage","url":"https:\/\/skaitytaknyga.lt\/wp-content\/uploads\/2025\/08\/Vilniuje-ir-Lietuvos-dvaruose-1815-1843-metu-dienorastis-1.webp","contentUrl":"https:\/\/skaitytaknyga.lt\/wp-content\/uploads\/2025\/08\/Vilniuje-ir-Lietuvos-dvaruose-1815-1843-metu-dienorastis-1.webp","width":534,"height":801,"caption":"Vilniuje ir Lietuvos dvaruose: 1815-1843 met\u0173 dienora\u0161tis"},{"@type":"BreadcrumbList","@id":"https:\/\/skaitytaknyga.lt\/produktas\/vilniuje-ir-lietuvos-dvaruose-1815-1843-metu-dienorastis\/#breadcrumb","itemListElement":[{"@type":"ListItem","position":1,"name":"Home","item":"https:\/\/skaitytaknyga.lt\/"},{"@type":"ListItem","position":2,"name":"Parduotuv\u0117","item":"https:\/\/skaitytaknyga.lt\/knygu-parduotuve\/"},{"@type":"ListItem","position":3,"name":"Vilniuje ir Lietuvos dvaruose: 1815-1843 met\u0173 dienora\u0161tis"}]},{"@type":"WebSite","@id":"https:\/\/skaitytaknyga.lt\/#website","url":"https:\/\/skaitytaknyga.lt\/","name":"skaitytaknyga.lt","description":"Skaitytaknyga.lt \u2013 tai ma\u017eas \u0161eimos verslas, kuris prasid\u0117jo nuo meil\u0117s knygoms ir siekio i\u0161gelb\u0117ti knygas nuo likimo prie konteinerio. Kas vienam nereikalingas daiktas \u2013 kitam lobis, o mes esame tarpininkai, kurie padeda abiems tapti laimingesniems ???? \u017dinome kaip nelengva i\u0161gyventi ma\u017eiems verslams, tad nuo \u0161iol, \u010dia rasite ir kit\u0173, ma\u017e\u0173 \u0161eim\u0173 versl\u0173, rank\u0173 darbo, dovan\u0173 sau ir artimiesiems.","publisher":{"@id":"https:\/\/skaitytaknyga.lt\/#organization"},"potentialAction":[{"@type":"SearchAction","target":{"@type":"EntryPoint","urlTemplate":"https:\/\/skaitytaknyga.lt\/?s={search_term_string}"},"query-input":{"@type":"PropertyValueSpecification","valueRequired":true,"valueName":"search_term_string"}}],"inLanguage":"en-GB"},{"@type":"Organization","@id":"https:\/\/skaitytaknyga.lt\/#organization","name":"skaitytaknyga.lt","url":"https:\/\/skaitytaknyga.lt\/","logo":{"@type":"ImageObject","inLanguage":"en-GB","@id":"https:\/\/skaitytaknyga.lt\/#\/schema\/logo\/image\/","url":"https:\/\/skaitytaknyga.lt\/wp-content\/uploads\/2024\/05\/cropped-cropped-cropped-02_00843_jt3bggkj1j3HLc7SyY6rEUpg.jpeg","contentUrl":"https:\/\/skaitytaknyga.lt\/wp-content\/uploads\/2024\/05\/cropped-cropped-cropped-02_00843_jt3bggkj1j3HLc7SyY6rEUpg.jpeg","width":1600,"height":1600,"caption":"skaitytaknyga.lt"},"image":{"@id":"https:\/\/skaitytaknyga.lt\/#\/schema\/logo\/image\/"},"sameAs":["https:\/\/www.facebook.com\/skaitytaknyga\/"]}]}},"_links":{"self":[{"href":"https:\/\/skaitytaknyga.lt\/en\/wp-json\/wp\/v2\/product\/20067","targetHints":{"allow":["GET"]}}],"collection":[{"href":"https:\/\/skaitytaknyga.lt\/en\/wp-json\/wp\/v2\/product"}],"about":[{"href":"https:\/\/skaitytaknyga.lt\/en\/wp-json\/wp\/v2\/types\/product"}],"replies":[{"embeddable":true,"href":"https:\/\/skaitytaknyga.lt\/en\/wp-json\/wp\/v2\/comments?post=20067"}],"wp:featuredmedia":[{"embeddable":true,"href":"https:\/\/skaitytaknyga.lt\/en\/wp-json\/wp\/v2\/media\/20070"}],"wp:attachment":[{"href":"https:\/\/skaitytaknyga.lt\/en\/wp-json\/wp\/v2\/media?parent=20067"}],"wp:term":[{"taxonomy":"product_brand","embeddable":true,"href":"https:\/\/skaitytaknyga.lt\/en\/wp-json\/wp\/v2\/product_brand?post=20067"},{"taxonomy":"product_cat","embeddable":true,"href":"https:\/\/skaitytaknyga.lt\/en\/wp-json\/wp\/v2\/product_cat?post=20067"},{"taxonomy":"product_tag","embeddable":true,"href":"https:\/\/skaitytaknyga.lt\/en\/wp-json\/wp\/v2\/product_tag?post=20067"}],"curies":[{"name":"wp","href":"https:\/\/api.w.org\/{rel}","templated":true}]}}