{"id":20063,"date":"2025-08-01T07:36:21","date_gmt":"2025-08-01T04:36:21","guid":{"rendered":"https:\/\/skaitytaknyga.lt\/?post_type=product&#038;p=20063"},"modified":"2026-03-05T11:59:16","modified_gmt":"2026-03-05T09:59:16","slug":"chirurgas","status":"publish","type":"product","link":"https:\/\/skaitytaknyga.lt\/en\/produktas\/chirurgas\/","title":{"rendered":"Chirurgas (yra skaitymo \u017eymi\u0173)"},"content":{"rendered":"<p>\u0160iandien atras jos k\u016bn\u0105. A\u0161 \u017einau, kaip tai atsitiks. Galiu gana ry\u0161kiai nupie\u0161ti vis\u0105 \u012fvyki\u0173 sek\u0105&#8230;&#8221;<\/p>\n<p>Bostone laisv\u0117je siaut\u0117ja \u017eudikas, kurio taikinys \u2014 vieni\u0161os moterys. Kai detektyvas Tomas Muras ir jo partner\u0117 D\u017eein\u0117 Ricoli pradeda tyrim\u0105, jie su\u017eino pritrenkiant\u012f fakt\u0105. Su \u0161iomis \u017emog\u017eudyst\u0117mis glaud\u017eiai susijusi Katerina Kordel, gra\u017ei medik\u0117 su paslaptinga praeitimi. Prie\u0161 dvejus metus j\u0105 i\u0161\u017eagino ir k\u0117sinosi nu\u017eudyti, ta\u010diau ji nu\u0161ov\u0117 savo u\u017epuolik\u0105. Dabar \u012f Katerin\u0105 nusitaiko \u0161is naujasis \u017eudikas, kuris, atrodo, \u017eino vis\u0105 jos praeit\u012f, jos darb\u0105 Piligrim\u0173 medicinos centre ir kur ji gyvena. Tas vyras, kur\u012f ji man\u0117 nu\u017eud\u017eiusi, regis, v\u0117l jos tyko, ir \u0161\u012f kart\u0105 jis tiksliai \u017eino, kur j\u0105 rasti&#8230;<\/p>\n","protected":false},"excerpt":{"rendered":"<p>\u0160iandien atras jos k\u016bn\u0105. A\u0161 \u017einau, kaip tai atsitiks. Galiu gana ry\u0161kiai nupie\u0161ti vis\u0105 \u012fvyki\u0173 sek\u0105&#8230;&#8221; Bostone laisv\u0117je siaut\u0117ja \u017eudikas, kurio taikinys \u2014 vieni\u0161os moterys. Kai detektyvas Tomas Muras ir jo partner\u0117 D\u017eein\u0117 Ricoli pradeda tyrim\u0105, jie su\u017eino pritrenkiant\u012f fakt\u0105. Su \u0161iomis \u017emog\u017eudyst\u0117mis glaud\u017eiai susijusi Katerina Kordel, gra\u017ei medik\u0117 su paslaptinga praeitimi. Prie\u0161 dvejus metus j\u0105 i\u0161\u017eagino ir k\u0117sinosi nu\u017eudyti, ta\u010diau ji nu\u0161ov\u0117 savo u\u017epuolik\u0105. Dabar \u012f Katerin\u0105 nusitaiko \u0161is naujasis \u017eudikas, kuris, atrodo, \u017eino vis\u0105 jos praeit\u012f, jos darb\u0105 Piligrim\u0173 medicinos centre ir kur ji gyvena. Tas vyras, kur\u012f ji man\u0117 nu\u017eud\u017eiusi, regis, v\u0117l jos tyko, ir \u0161\u012f kart\u0105 jis tiksliai \u017eino, kur j\u0105 rasti&#8230;<\/p>\n","protected":false},"featured_media":20066,"comment_status":"open","ping_status":"closed","template":"","meta":{"_acf_changed":false,"site-sidebar-layout":"default","site-content-layout":"","ast-site-content-layout":"default","site-content-style":"default","site-sidebar-style":"default","ast-global-header-display":"","ast-banner-title-visibility":"","ast-main-header-display":"","ast-hfb-above-header-display":"","ast-hfb-below-header-display":"","ast-hfb-mobile-header-display":"","site-post-title":"","ast-breadcrumbs-content":"","ast-featured-img":"","footer-sml-layout":"","ast-disable-related-posts":"","theme-transparent-header-meta":"","adv-header-id-meta":"","stick-header-meta":"","header-above-stick-meta":"","header-main-stick-meta":"","header-below-stick-meta":"","astra-migrate-meta-layouts":"default","ast-page-background-enabled":"default","ast-page-background-meta":{"desktop":{"background-color":"","background-image":"","background-repeat":"repeat","background-position":"center center","background-size":"auto","background-attachment":"scroll","background-type":"","background-media":"","overlay-type":"","overlay-color":"","overlay-opacity":"","overlay-gradient":""},"tablet":{"background-color":"","background-image":"","background-repeat":"repeat","background-position":"center center","background-size":"auto","background-attachment":"scroll","background-type":"","background-media":"","overlay-type":"","overlay-color":"","overlay-opacity":"","overlay-gradient":""},"mobile":{"background-color":"","background-image":"","background-repeat":"repeat","background-position":"center center","background-size":"auto","background-attachment":"scroll","background-type":"","background-media":"","overlay-type":"","overlay-color":"","overlay-opacity":"","overlay-gradient":""}},"ast-content-background-meta":{"desktop":{"background-color":"var(--ast-global-color-4)","background-image":"","background-repeat":"repeat","background-position":"center center","background-size":"auto","background-attachment":"scroll","background-type":"","background-media":"","overlay-type":"","overlay-color":"","overlay-opacity":"","overlay-gradient":""},"tablet":{"background-color":"var(--ast-global-color-4)","background-image":"","background-repeat":"repeat","background-position":"center center","background-size":"auto","background-attachment":"scroll","background-type":"","background-media":"","overlay-type":"","overlay-color":"","overlay-opacity":"","overlay-gradient":""},"mobile":{"background-color":"var(--ast-global-color-4)","background-image":"","background-repeat":"repeat","background-position":"center center","background-size":"auto","background-attachment":"scroll","background-type":"","background-media":"","overlay-type":"","overlay-color":"","overlay-opacity":"","overlay-gradient":""}}},"product_brand":[],"product_cat":[9581],"product_tag":[7232,1476,3278,1587,3305],"class_list":{"0":"post-20063","1":"product","2":"type-product","3":"status-publish","4":"has-post-thumbnail","6":"product_cat-kriminaliniai-romanai","7":"product_tag-bostono-policija","8":"product_tag-detektyvas","9":"product_tag-tess-gerritsen","10":"product_tag-trileris","11":"product_tag-zmogzudystes","12":"desktop-align-left","13":"tablet-align-left","14":"mobile-align-left","16":"first","17":"instock","18":"shipping-taxable","19":"purchasable","20":"product-type-simple"},"acf":[],"yoast_head":"<!-- This site is optimized with the Yoast SEO plugin v27.0 - https:\/\/yoast.com\/product\/yoast-seo-wordpress\/ -->\n<title>Chirurgas (yra skaitymo \u017eymi\u0173)<\/title>\n<meta name=\"description\" content=\"\u0160iandien atras jos k\u016bn\u0105. A\u0161 \u017einau, kaip tai atsitiks. Galiu gana ry\u0161kiai nupie\u0161ti vis\u0105 \u012fvyki\u0173 sek\u0105...&quot; Bostone laisv\u0117je siaut\u0117ja \u017eudikas, kurio taikinys \u2014\" \/>\n<meta name=\"robots\" content=\"index, follow, max-snippet:-1, max-image-preview:large, max-video-preview:-1\" \/>\n<link rel=\"canonical\" href=\"https:\/\/skaitytaknyga.lt\/en\/produktas\/chirurgas\/\" \/>\n<meta property=\"og:locale\" content=\"en_GB\" \/>\n<meta property=\"og:locale:alternate\" content=\"lt_LT\" \/>\n<meta property=\"og:type\" content=\"article\" \/>\n<meta property=\"og:title\" content=\"Chirurgas (yra skaitymo \u017eymi\u0173)\" \/>\n<meta property=\"og:description\" content=\"\u0160iandien atras jos k\u016bn\u0105. A\u0161 \u017einau, kaip tai atsitiks. Galiu gana ry\u0161kiai nupie\u0161ti vis\u0105 \u012fvyki\u0173 sek\u0105...&quot; Bostone laisv\u0117je siaut\u0117ja \u017eudikas, kurio taikinys \u2014\" \/>\n<meta property=\"og:url\" content=\"https:\/\/skaitytaknyga.lt\/en\/produktas\/chirurgas\/\" \/>\n<meta property=\"og:site_name\" content=\"Skaitytaknyga\" \/>\n<meta property=\"article:publisher\" content=\"https:\/\/www.facebook.com\/skaitytaknyga\/\" \/>\n<meta property=\"article:modified_time\" content=\"2026-03-05T09:59:16+00:00\" \/>\n<meta property=\"og:image\" content=\"https:\/\/skaitytaknyga.lt\/wp-content\/uploads\/2025\/08\/Chirurgas.webp\" \/>\n\t<meta property=\"og:image:width\" content=\"524\" \/>\n\t<meta property=\"og:image:height\" content=\"800\" \/>\n\t<meta property=\"og:image:type\" content=\"image\/webp\" \/>\n<meta name=\"twitter:card\" content=\"summary_large_image\" \/>\n<meta name=\"twitter:label1\" content=\"Estimated reading time\" \/>\n\t<meta name=\"twitter:data1\" content=\"1 minute\" \/>\n<script type=\"application\/ld+json\" class=\"yoast-schema-graph\">{\"@context\":\"https:\/\/schema.org\",\"@graph\":[{\"@type\":\"WebPage\",\"@id\":\"https:\/\/skaitytaknyga.lt\/produktas\/chirurgas\/\",\"url\":\"https:\/\/skaitytaknyga.lt\/produktas\/chirurgas\/\",\"name\":\"Chirurgas (yra skaitymo \u017eymi\u0173)\",\"isPartOf\":{\"@id\":\"https:\/\/skaitytaknyga.lt\/#website\"},\"primaryImageOfPage\":{\"@id\":\"https:\/\/skaitytaknyga.lt\/produktas\/chirurgas\/#primaryimage\"},\"image\":{\"@id\":\"https:\/\/skaitytaknyga.lt\/produktas\/chirurgas\/#primaryimage\"},\"thumbnailUrl\":\"https:\/\/skaitytaknyga.lt\/wp-content\/uploads\/2025\/08\/Chirurgas.webp\",\"datePublished\":\"2025-08-01T04:36:21+00:00\",\"dateModified\":\"2026-03-05T09:59:16+00:00\",\"description\":\"\u0160iandien atras jos k\u016bn\u0105. A\u0161 \u017einau, kaip tai atsitiks. Galiu gana ry\u0161kiai nupie\u0161ti vis\u0105 \u012fvyki\u0173 sek\u0105...\\\" Bostone laisv\u0117je siaut\u0117ja \u017eudikas, kurio taikinys \u2014\",\"breadcrumb\":{\"@id\":\"https:\/\/skaitytaknyga.lt\/produktas\/chirurgas\/#breadcrumb\"},\"inLanguage\":\"en-GB\",\"potentialAction\":[{\"@type\":\"ReadAction\",\"target\":[\"https:\/\/skaitytaknyga.lt\/produktas\/chirurgas\/\"]}]},{\"@type\":\"ImageObject\",\"inLanguage\":\"en-GB\",\"@id\":\"https:\/\/skaitytaknyga.lt\/produktas\/chirurgas\/#primaryimage\",\"url\":\"https:\/\/skaitytaknyga.lt\/wp-content\/uploads\/2025\/08\/Chirurgas.webp\",\"contentUrl\":\"https:\/\/skaitytaknyga.lt\/wp-content\/uploads\/2025\/08\/Chirurgas.webp\",\"width\":524,\"height\":800,\"caption\":\"Chirurgas\"},{\"@type\":\"BreadcrumbList\",\"@id\":\"https:\/\/skaitytaknyga.lt\/produktas\/chirurgas\/#breadcrumb\",\"itemListElement\":[{\"@type\":\"ListItem\",\"position\":1,\"name\":\"Home\",\"item\":\"https:\/\/skaitytaknyga.lt\/\"},{\"@type\":\"ListItem\",\"position\":2,\"name\":\"Parduotuv\u0117\",\"item\":\"https:\/\/skaitytaknyga.lt\/knygu-parduotuve\/\"},{\"@type\":\"ListItem\",\"position\":3,\"name\":\"Chirurgas (yra skaitymo \u017eymi\u0173)\"}]},{\"@type\":\"WebSite\",\"@id\":\"https:\/\/skaitytaknyga.lt\/#website\",\"url\":\"https:\/\/skaitytaknyga.lt\/\",\"name\":\"skaitytaknyga.lt\",\"description\":\"Skaitytaknyga.lt \u2013 tai ma\u017eas \u0161eimos verslas, kuris prasid\u0117jo nuo meil\u0117s knygoms ir siekio i\u0161gelb\u0117ti knygas nuo likimo prie konteinerio. Kas vienam nereikalingas daiktas \u2013 kitam lobis, o mes esame tarpininkai, kurie padeda abiems tapti laimingesniems ???? \u017dinome kaip nelengva i\u0161gyventi ma\u017eiems verslams, tad nuo \u0161iol, \u010dia rasite ir kit\u0173, ma\u017e\u0173 \u0161eim\u0173 versl\u0173, rank\u0173 darbo, dovan\u0173 sau ir artimiesiems.\",\"publisher\":{\"@id\":\"https:\/\/skaitytaknyga.lt\/#organization\"},\"potentialAction\":[{\"@type\":\"SearchAction\",\"target\":{\"@type\":\"EntryPoint\",\"urlTemplate\":\"https:\/\/skaitytaknyga.lt\/?s={search_term_string}\"},\"query-input\":{\"@type\":\"PropertyValueSpecification\",\"valueRequired\":true,\"valueName\":\"search_term_string\"}}],\"inLanguage\":\"en-GB\"},{\"@type\":\"Organization\",\"@id\":\"https:\/\/skaitytaknyga.lt\/#organization\",\"name\":\"skaitytaknyga.lt\",\"url\":\"https:\/\/skaitytaknyga.lt\/\",\"logo\":{\"@type\":\"ImageObject\",\"inLanguage\":\"en-GB\",\"@id\":\"https:\/\/skaitytaknyga.lt\/#\/schema\/logo\/image\/\",\"url\":\"https:\/\/skaitytaknyga.lt\/wp-content\/uploads\/2024\/05\/cropped-cropped-cropped-02_00843_jt3bggkj1j3HLc7SyY6rEUpg.jpeg\",\"contentUrl\":\"https:\/\/skaitytaknyga.lt\/wp-content\/uploads\/2024\/05\/cropped-cropped-cropped-02_00843_jt3bggkj1j3HLc7SyY6rEUpg.jpeg\",\"width\":1600,\"height\":1600,\"caption\":\"skaitytaknyga.lt\"},\"image\":{\"@id\":\"https:\/\/skaitytaknyga.lt\/#\/schema\/logo\/image\/\"},\"sameAs\":[\"https:\/\/www.facebook.com\/skaitytaknyga\/\"]}]}<\/script>\n<!-- \/ Yoast SEO plugin. -->","yoast_head_json":{"title":"Chirurgas (yra skaitymo \u017eymi\u0173)","description":"\u0160iandien atras jos k\u016bn\u0105. A\u0161 \u017einau, kaip tai atsitiks. Galiu gana ry\u0161kiai nupie\u0161ti vis\u0105 \u012fvyki\u0173 sek\u0105...\" Bostone laisv\u0117je siaut\u0117ja \u017eudikas, kurio taikinys \u2014","robots":{"index":"index","follow":"follow","max-snippet":"max-snippet:-1","max-image-preview":"max-image-preview:large","max-video-preview":"max-video-preview:-1"},"canonical":"https:\/\/skaitytaknyga.lt\/en\/produktas\/chirurgas\/","og_locale":"en_GB","og_type":"article","og_title":"[:lt]Chirurgas (yra skaitymo \u017eymi\u0173)[:] - Skaitytaknyga","og_description":"\u0160iandien atras jos k\u016bn\u0105. A\u0161 \u017einau, kaip tai atsitiks. Galiu gana ry\u0161kiai nupie\u0161ti vis\u0105 \u012fvyki\u0173 sek\u0105...\" Bostone laisv\u0117je siaut\u0117ja \u017eudikas, kurio taikinys \u2014","og_url":"https:\/\/skaitytaknyga.lt\/en\/produktas\/chirurgas\/","og_site_name":"Skaitytaknyga","article_publisher":"https:\/\/www.facebook.com\/skaitytaknyga\/","article_modified_time":"2026-03-05T09:59:16+00:00","og_image":[{"width":524,"height":800,"url":"https:\/\/skaitytaknyga.lt\/wp-content\/uploads\/2025\/08\/Chirurgas.webp","type":"image\/webp"}],"twitter_card":"summary_large_image","twitter_misc":{"Estimated reading time":"1 minute"},"schema":{"@context":"https:\/\/schema.org","@graph":[{"@type":"WebPage","@id":"https:\/\/skaitytaknyga.lt\/produktas\/chirurgas\/","url":"https:\/\/skaitytaknyga.lt\/produktas\/chirurgas\/","name":"Chirurgas (yra skaitymo \u017eymi\u0173)","isPartOf":{"@id":"https:\/\/skaitytaknyga.lt\/#website"},"primaryImageOfPage":{"@id":"https:\/\/skaitytaknyga.lt\/produktas\/chirurgas\/#primaryimage"},"image":{"@id":"https:\/\/skaitytaknyga.lt\/produktas\/chirurgas\/#primaryimage"},"thumbnailUrl":"https:\/\/skaitytaknyga.lt\/wp-content\/uploads\/2025\/08\/Chirurgas.webp","datePublished":"2025-08-01T04:36:21+00:00","dateModified":"2026-03-05T09:59:16+00:00","description":"\u0160iandien atras jos k\u016bn\u0105. A\u0161 \u017einau, kaip tai atsitiks. Galiu gana ry\u0161kiai nupie\u0161ti vis\u0105 \u012fvyki\u0173 sek\u0105...\" Bostone laisv\u0117je siaut\u0117ja \u017eudikas, kurio taikinys \u2014","breadcrumb":{"@id":"https:\/\/skaitytaknyga.lt\/produktas\/chirurgas\/#breadcrumb"},"inLanguage":"en-GB","potentialAction":[{"@type":"ReadAction","target":["https:\/\/skaitytaknyga.lt\/produktas\/chirurgas\/"]}]},{"@type":"ImageObject","inLanguage":"en-GB","@id":"https:\/\/skaitytaknyga.lt\/produktas\/chirurgas\/#primaryimage","url":"https:\/\/skaitytaknyga.lt\/wp-content\/uploads\/2025\/08\/Chirurgas.webp","contentUrl":"https:\/\/skaitytaknyga.lt\/wp-content\/uploads\/2025\/08\/Chirurgas.webp","width":524,"height":800,"caption":"Chirurgas"},{"@type":"BreadcrumbList","@id":"https:\/\/skaitytaknyga.lt\/produktas\/chirurgas\/#breadcrumb","itemListElement":[{"@type":"ListItem","position":1,"name":"Home","item":"https:\/\/skaitytaknyga.lt\/"},{"@type":"ListItem","position":2,"name":"Parduotuv\u0117","item":"https:\/\/skaitytaknyga.lt\/knygu-parduotuve\/"},{"@type":"ListItem","position":3,"name":"Chirurgas (yra skaitymo \u017eymi\u0173)"}]},{"@type":"WebSite","@id":"https:\/\/skaitytaknyga.lt\/#website","url":"https:\/\/skaitytaknyga.lt\/","name":"skaitytaknyga.lt","description":"Skaitytaknyga.lt \u2013 tai ma\u017eas \u0161eimos verslas, kuris prasid\u0117jo nuo meil\u0117s knygoms ir siekio i\u0161gelb\u0117ti knygas nuo likimo prie konteinerio. Kas vienam nereikalingas daiktas \u2013 kitam lobis, o mes esame tarpininkai, kurie padeda abiems tapti laimingesniems ???? \u017dinome kaip nelengva i\u0161gyventi ma\u017eiems verslams, tad nuo \u0161iol, \u010dia rasite ir kit\u0173, ma\u017e\u0173 \u0161eim\u0173 versl\u0173, rank\u0173 darbo, dovan\u0173 sau ir artimiesiems.","publisher":{"@id":"https:\/\/skaitytaknyga.lt\/#organization"},"potentialAction":[{"@type":"SearchAction","target":{"@type":"EntryPoint","urlTemplate":"https:\/\/skaitytaknyga.lt\/?s={search_term_string}"},"query-input":{"@type":"PropertyValueSpecification","valueRequired":true,"valueName":"search_term_string"}}],"inLanguage":"en-GB"},{"@type":"Organization","@id":"https:\/\/skaitytaknyga.lt\/#organization","name":"skaitytaknyga.lt","url":"https:\/\/skaitytaknyga.lt\/","logo":{"@type":"ImageObject","inLanguage":"en-GB","@id":"https:\/\/skaitytaknyga.lt\/#\/schema\/logo\/image\/","url":"https:\/\/skaitytaknyga.lt\/wp-content\/uploads\/2024\/05\/cropped-cropped-cropped-02_00843_jt3bggkj1j3HLc7SyY6rEUpg.jpeg","contentUrl":"https:\/\/skaitytaknyga.lt\/wp-content\/uploads\/2024\/05\/cropped-cropped-cropped-02_00843_jt3bggkj1j3HLc7SyY6rEUpg.jpeg","width":1600,"height":1600,"caption":"skaitytaknyga.lt"},"image":{"@id":"https:\/\/skaitytaknyga.lt\/#\/schema\/logo\/image\/"},"sameAs":["https:\/\/www.facebook.com\/skaitytaknyga\/"]}]}},"_links":{"self":[{"href":"https:\/\/skaitytaknyga.lt\/en\/wp-json\/wp\/v2\/product\/20063","targetHints":{"allow":["GET"]}}],"collection":[{"href":"https:\/\/skaitytaknyga.lt\/en\/wp-json\/wp\/v2\/product"}],"about":[{"href":"https:\/\/skaitytaknyga.lt\/en\/wp-json\/wp\/v2\/types\/product"}],"replies":[{"embeddable":true,"href":"https:\/\/skaitytaknyga.lt\/en\/wp-json\/wp\/v2\/comments?post=20063"}],"wp:featuredmedia":[{"embeddable":true,"href":"https:\/\/skaitytaknyga.lt\/en\/wp-json\/wp\/v2\/media\/20066"}],"wp:attachment":[{"href":"https:\/\/skaitytaknyga.lt\/en\/wp-json\/wp\/v2\/media?parent=20063"}],"wp:term":[{"taxonomy":"product_brand","embeddable":true,"href":"https:\/\/skaitytaknyga.lt\/en\/wp-json\/wp\/v2\/product_brand?post=20063"},{"taxonomy":"product_cat","embeddable":true,"href":"https:\/\/skaitytaknyga.lt\/en\/wp-json\/wp\/v2\/product_cat?post=20063"},{"taxonomy":"product_tag","embeddable":true,"href":"https:\/\/skaitytaknyga.lt\/en\/wp-json\/wp\/v2\/product_tag?post=20063"}],"curies":[{"name":"wp","href":"https:\/\/api.w.org\/{rel}","templated":true}]}}