{"id":20062,"date":"2025-08-01T07:36:21","date_gmt":"2025-08-01T04:36:21","guid":{"rendered":"https:\/\/skaitytaknyga.lt\/?post_type=product&#038;p=20062"},"modified":"2025-08-29T22:06:11","modified_gmt":"2025-08-29T19:06:11","slug":"jaunuju-svilpiku-enciklopedija-10-mokslas-ir-isradimai","status":"publish","type":"product","link":"https:\/\/skaitytaknyga.lt\/en\/produktas\/jaunuju-svilpiku-enciklopedija-10-mokslas-ir-isradimai\/","title":{"rendered":"Jaun\u0173j\u0173 \u0161vilpik\u0173 enciklopedija 10. Mokslas ir i\u0161radimai"},"content":{"rendered":"<p>Kokia mikroschemos paskirtis? Kaip veikia kalkuliatorius? Kas yra lazeris? Kod\u0117l kompiuterio tokia puiki atmintis?<\/p>\n<p>Nor\u0117damas apsiginti nuo \u012fkyri\u0173 Bilio, Dilio ir Vilio klausim\u0173, i\u0161rad\u0117jas Sriegas suman\u0117 para\u0161yti savo enciklopedij\u0105 apie paskutines mokslo ir technikos naujoves. Jis apra\u0161o \u0161imt\u0105 i\u0161radim\u0173, pasi\u016blo \u012fdomi\u0173 u\u017eduo\u010di\u0173, \u201em\u012fsli\u0173\u201c, \u012fdomybi\u0173, nurodo pravar\u010di\u0173 adres\u0173 \u2013 \u017eod\u017eiu, teikia \u017eini\u0173 visiems smalsiems ir sumaniems jauniesiems \u0161vilpikams.<\/p>\n","protected":false},"excerpt":{"rendered":"<p>Kokia mikroschemos paskirtis? Kaip veikia kalkuliatorius? Kas yra lazeris? Kod\u0117l kompiuterio tokia puiki atmintis? Nor\u0117damas apsiginti nuo \u012fkyri\u0173 Bilio, Dilio ir Vilio klausim\u0173, i\u0161rad\u0117jas Sriegas suman\u0117 para\u0161yti savo enciklopedij\u0105 apie paskutines mokslo ir technikos naujoves. Jis apra\u0161o \u0161imt\u0105 i\u0161radim\u0173, pasi\u016blo \u012fdomi\u0173 u\u017eduo\u010di\u0173, \u201em\u012fsli\u0173\u201c, \u012fdomybi\u0173, nurodo pravar\u010di\u0173 adres\u0173 \u2013 \u017eod\u017eiu, teikia \u017eini\u0173 visiems smalsiems ir sumaniems jauniesiems \u0161vilpikams.<\/p>\n","protected":false},"featured_media":20065,"comment_status":"open","ping_status":"closed","template":"","meta":{"_acf_changed":false,"site-sidebar-layout":"default","site-content-layout":"","ast-site-content-layout":"default","site-content-style":"default","site-sidebar-style":"default","ast-global-header-display":"","ast-banner-title-visibility":"","ast-main-header-display":"","ast-hfb-above-header-display":"","ast-hfb-below-header-display":"","ast-hfb-mobile-header-display":"","site-post-title":"","ast-breadcrumbs-content":"","ast-featured-img":"","footer-sml-layout":"","ast-disable-related-posts":"","theme-transparent-header-meta":"","adv-header-id-meta":"","stick-header-meta":"","header-above-stick-meta":"","header-main-stick-meta":"","header-below-stick-meta":"","astra-migrate-meta-layouts":"default","ast-page-background-enabled":"default","ast-page-background-meta":{"desktop":{"background-color":"","background-image":"","background-repeat":"repeat","background-position":"center center","background-size":"auto","background-attachment":"scroll","background-type":"","background-media":"","overlay-type":"","overlay-color":"","overlay-opacity":"","overlay-gradient":""},"tablet":{"background-color":"","background-image":"","background-repeat":"repeat","background-position":"center center","background-size":"auto","background-attachment":"scroll","background-type":"","background-media":"","overlay-type":"","overlay-color":"","overlay-opacity":"","overlay-gradient":""},"mobile":{"background-color":"","background-image":"","background-repeat":"repeat","background-position":"center center","background-size":"auto","background-attachment":"scroll","background-type":"","background-media":"","overlay-type":"","overlay-color":"","overlay-opacity":"","overlay-gradient":""}},"ast-content-background-meta":{"desktop":{"background-color":"var(--ast-global-color-4)","background-image":"","background-repeat":"repeat","background-position":"center center","background-size":"auto","background-attachment":"scroll","background-type":"","background-media":"","overlay-type":"","overlay-color":"","overlay-opacity":"","overlay-gradient":""},"tablet":{"background-color":"var(--ast-global-color-4)","background-image":"","background-repeat":"repeat","background-position":"center center","background-size":"auto","background-attachment":"scroll","background-type":"","background-media":"","overlay-type":"","overlay-color":"","overlay-opacity":"","overlay-gradient":""},"mobile":{"background-color":"var(--ast-global-color-4)","background-image":"","background-repeat":"repeat","background-position":"center center","background-size":"auto","background-attachment":"scroll","background-type":"","background-media":"","overlay-type":"","overlay-color":"","overlay-opacity":"","overlay-gradient":""}}},"product_brand":[],"product_cat":[35],"product_tag":[2060,7230,1524,7231,1785],"class_list":{"0":"post-20062","1":"product","2":"type-product","3":"status-publish","4":"has-post-thumbnail","6":"product_cat-vaikams-ir-paaugliams","7":"product_tag-enciklopedija","8":"product_tag-isradimai","9":"product_tag-mokslas","10":"product_tag-sriegas","11":"product_tag-vaikams","12":"desktop-align-left","13":"tablet-align-left","14":"mobile-align-left","16":"first","17":"outofstock","18":"shipping-taxable","19":"purchasable","20":"product-type-simple"},"acf":[],"yoast_head":"<!-- This site is optimized with the Yoast SEO plugin v27.0 - https:\/\/yoast.com\/product\/yoast-seo-wordpress\/ -->\n<title>Jaun\u0173j\u0173 \u0161vilpik\u0173 enciklopedija 10. Mokslas ir i\u0161radimai<\/title>\n<meta name=\"description\" content=\"Kokia mikroschemos paskirtis? Kaip veikia kalkuliatorius? Kas yra lazeris? Kod\u0117l kompiuterio tokia puiki atmintis? Nor\u0117damas apsiginti nuo \u012fkyri\u0173 Bilio,\" \/>\n<meta name=\"robots\" content=\"index, follow, max-snippet:-1, max-image-preview:large, max-video-preview:-1\" \/>\n<link rel=\"canonical\" href=\"https:\/\/skaitytaknyga.lt\/en\/produktas\/jaunuju-svilpiku-enciklopedija-10-mokslas-ir-isradimai\/\" \/>\n<meta property=\"og:locale\" content=\"en_GB\" \/>\n<meta property=\"og:locale:alternate\" content=\"lt_LT\" \/>\n<meta property=\"og:type\" content=\"article\" \/>\n<meta property=\"og:title\" content=\"Jaun\u0173j\u0173 \u0161vilpik\u0173 enciklopedija 10. Mokslas ir i\u0161radimai\" \/>\n<meta property=\"og:description\" content=\"Kokia mikroschemos paskirtis? Kaip veikia kalkuliatorius? Kas yra lazeris? Kod\u0117l kompiuterio tokia puiki atmintis? Nor\u0117damas apsiginti nuo \u012fkyri\u0173 Bilio,\" \/>\n<meta property=\"og:url\" content=\"https:\/\/skaitytaknyga.lt\/en\/produktas\/jaunuju-svilpiku-enciklopedija-10-mokslas-ir-isradimai\/\" \/>\n<meta property=\"og:site_name\" content=\"Skaitytaknyga\" \/>\n<meta property=\"article:publisher\" content=\"https:\/\/www.facebook.com\/skaitytaknyga\/\" \/>\n<meta property=\"article:modified_time\" content=\"2025-08-29T19:06:11+00:00\" \/>\n<meta property=\"og:image\" content=\"https:\/\/skaitytaknyga.lt\/wp-content\/uploads\/2025\/08\/Jaunuju-svilpiku-enciklopedija-10.-Mokslas-ir-isradimai-1.webp\" \/>\n\t<meta property=\"og:image:width\" content=\"542\" \/>\n\t<meta property=\"og:image:height\" content=\"801\" \/>\n\t<meta property=\"og:image:type\" content=\"image\/webp\" \/>\n<meta name=\"twitter:card\" content=\"summary_large_image\" \/>\n<script type=\"application\/ld+json\" class=\"yoast-schema-graph\">{\"@context\":\"https:\/\/schema.org\",\"@graph\":[{\"@type\":\"WebPage\",\"@id\":\"https:\/\/skaitytaknyga.lt\/produktas\/jaunuju-svilpiku-enciklopedija-10-mokslas-ir-isradimai\/\",\"url\":\"https:\/\/skaitytaknyga.lt\/produktas\/jaunuju-svilpiku-enciklopedija-10-mokslas-ir-isradimai\/\",\"name\":\"Jaun\u0173j\u0173 \u0161vilpik\u0173 enciklopedija 10. Mokslas ir i\u0161radimai\",\"isPartOf\":{\"@id\":\"https:\/\/skaitytaknyga.lt\/#website\"},\"primaryImageOfPage\":{\"@id\":\"https:\/\/skaitytaknyga.lt\/produktas\/jaunuju-svilpiku-enciklopedija-10-mokslas-ir-isradimai\/#primaryimage\"},\"image\":{\"@id\":\"https:\/\/skaitytaknyga.lt\/produktas\/jaunuju-svilpiku-enciklopedija-10-mokslas-ir-isradimai\/#primaryimage\"},\"thumbnailUrl\":\"https:\/\/skaitytaknyga.lt\/wp-content\/uploads\/2025\/08\/Jaunuju-svilpiku-enciklopedija-10.-Mokslas-ir-isradimai-1.webp\",\"datePublished\":\"2025-08-01T04:36:21+00:00\",\"dateModified\":\"2025-08-29T19:06:11+00:00\",\"description\":\"Kokia mikroschemos paskirtis? Kaip veikia kalkuliatorius? Kas yra lazeris? Kod\u0117l kompiuterio tokia puiki atmintis? Nor\u0117damas apsiginti nuo \u012fkyri\u0173 Bilio,\",\"breadcrumb\":{\"@id\":\"https:\/\/skaitytaknyga.lt\/produktas\/jaunuju-svilpiku-enciklopedija-10-mokslas-ir-isradimai\/#breadcrumb\"},\"inLanguage\":\"en-GB\",\"potentialAction\":[{\"@type\":\"ReadAction\",\"target\":[\"https:\/\/skaitytaknyga.lt\/produktas\/jaunuju-svilpiku-enciklopedija-10-mokslas-ir-isradimai\/\"]}]},{\"@type\":\"ImageObject\",\"inLanguage\":\"en-GB\",\"@id\":\"https:\/\/skaitytaknyga.lt\/produktas\/jaunuju-svilpiku-enciklopedija-10-mokslas-ir-isradimai\/#primaryimage\",\"url\":\"https:\/\/skaitytaknyga.lt\/wp-content\/uploads\/2025\/08\/Jaunuju-svilpiku-enciklopedija-10.-Mokslas-ir-isradimai-1.webp\",\"contentUrl\":\"https:\/\/skaitytaknyga.lt\/wp-content\/uploads\/2025\/08\/Jaunuju-svilpiku-enciklopedija-10.-Mokslas-ir-isradimai-1.webp\",\"width\":542,\"height\":801,\"caption\":\"Jaun\u0173j\u0173 \u0161vilpik\u0173 enciklopedija 10. Mokslas ir i\u0161radimai\"},{\"@type\":\"BreadcrumbList\",\"@id\":\"https:\/\/skaitytaknyga.lt\/produktas\/jaunuju-svilpiku-enciklopedija-10-mokslas-ir-isradimai\/#breadcrumb\",\"itemListElement\":[{\"@type\":\"ListItem\",\"position\":1,\"name\":\"Home\",\"item\":\"https:\/\/skaitytaknyga.lt\/\"},{\"@type\":\"ListItem\",\"position\":2,\"name\":\"Parduotuv\u0117\",\"item\":\"https:\/\/skaitytaknyga.lt\/knygu-parduotuve\/\"},{\"@type\":\"ListItem\",\"position\":3,\"name\":\"Jaun\u0173j\u0173 \u0161vilpik\u0173 enciklopedija 10. Mokslas ir i\u0161radimai\"}]},{\"@type\":\"WebSite\",\"@id\":\"https:\/\/skaitytaknyga.lt\/#website\",\"url\":\"https:\/\/skaitytaknyga.lt\/\",\"name\":\"skaitytaknyga.lt\",\"description\":\"Skaitytaknyga.lt \u2013 tai ma\u017eas \u0161eimos verslas, kuris prasid\u0117jo nuo meil\u0117s knygoms ir siekio i\u0161gelb\u0117ti knygas nuo likimo prie konteinerio. Kas vienam nereikalingas daiktas \u2013 kitam lobis, o mes esame tarpininkai, kurie padeda abiems tapti laimingesniems ???? \u017dinome kaip nelengva i\u0161gyventi ma\u017eiems verslams, tad nuo \u0161iol, \u010dia rasite ir kit\u0173, ma\u017e\u0173 \u0161eim\u0173 versl\u0173, rank\u0173 darbo, dovan\u0173 sau ir artimiesiems.\",\"publisher\":{\"@id\":\"https:\/\/skaitytaknyga.lt\/#organization\"},\"potentialAction\":[{\"@type\":\"SearchAction\",\"target\":{\"@type\":\"EntryPoint\",\"urlTemplate\":\"https:\/\/skaitytaknyga.lt\/?s={search_term_string}\"},\"query-input\":{\"@type\":\"PropertyValueSpecification\",\"valueRequired\":true,\"valueName\":\"search_term_string\"}}],\"inLanguage\":\"en-GB\"},{\"@type\":\"Organization\",\"@id\":\"https:\/\/skaitytaknyga.lt\/#organization\",\"name\":\"skaitytaknyga.lt\",\"url\":\"https:\/\/skaitytaknyga.lt\/\",\"logo\":{\"@type\":\"ImageObject\",\"inLanguage\":\"en-GB\",\"@id\":\"https:\/\/skaitytaknyga.lt\/#\/schema\/logo\/image\/\",\"url\":\"https:\/\/skaitytaknyga.lt\/wp-content\/uploads\/2024\/05\/cropped-cropped-cropped-02_00843_jt3bggkj1j3HLc7SyY6rEUpg.jpeg\",\"contentUrl\":\"https:\/\/skaitytaknyga.lt\/wp-content\/uploads\/2024\/05\/cropped-cropped-cropped-02_00843_jt3bggkj1j3HLc7SyY6rEUpg.jpeg\",\"width\":1600,\"height\":1600,\"caption\":\"skaitytaknyga.lt\"},\"image\":{\"@id\":\"https:\/\/skaitytaknyga.lt\/#\/schema\/logo\/image\/\"},\"sameAs\":[\"https:\/\/www.facebook.com\/skaitytaknyga\/\"]}]}<\/script>\n<!-- \/ Yoast SEO plugin. -->","yoast_head_json":{"title":"Jaun\u0173j\u0173 \u0161vilpik\u0173 enciklopedija 10. Mokslas ir i\u0161radimai","description":"Kokia mikroschemos paskirtis? Kaip veikia kalkuliatorius? Kas yra lazeris? Kod\u0117l kompiuterio tokia puiki atmintis? Nor\u0117damas apsiginti nuo \u012fkyri\u0173 Bilio,","robots":{"index":"index","follow":"follow","max-snippet":"max-snippet:-1","max-image-preview":"max-image-preview:large","max-video-preview":"max-video-preview:-1"},"canonical":"https:\/\/skaitytaknyga.lt\/en\/produktas\/jaunuju-svilpiku-enciklopedija-10-mokslas-ir-isradimai\/","og_locale":"en_GB","og_type":"article","og_title":"[:lt]Jaun\u0173j\u0173 \u0161vilpik\u0173 enciklopedija 10. Mokslas ir i\u0161radimai[:] - Skaitytaknyga","og_description":"Kokia mikroschemos paskirtis? Kaip veikia kalkuliatorius? Kas yra lazeris? Kod\u0117l kompiuterio tokia puiki atmintis? Nor\u0117damas apsiginti nuo \u012fkyri\u0173 Bilio,","og_url":"https:\/\/skaitytaknyga.lt\/en\/produktas\/jaunuju-svilpiku-enciklopedija-10-mokslas-ir-isradimai\/","og_site_name":"Skaitytaknyga","article_publisher":"https:\/\/www.facebook.com\/skaitytaknyga\/","article_modified_time":"2025-08-29T19:06:11+00:00","og_image":[{"width":542,"height":801,"url":"https:\/\/skaitytaknyga.lt\/wp-content\/uploads\/2025\/08\/Jaunuju-svilpiku-enciklopedija-10.-Mokslas-ir-isradimai-1.webp","type":"image\/webp"}],"twitter_card":"summary_large_image","schema":{"@context":"https:\/\/schema.org","@graph":[{"@type":"WebPage","@id":"https:\/\/skaitytaknyga.lt\/produktas\/jaunuju-svilpiku-enciklopedija-10-mokslas-ir-isradimai\/","url":"https:\/\/skaitytaknyga.lt\/produktas\/jaunuju-svilpiku-enciklopedija-10-mokslas-ir-isradimai\/","name":"Jaun\u0173j\u0173 \u0161vilpik\u0173 enciklopedija 10. Mokslas ir i\u0161radimai","isPartOf":{"@id":"https:\/\/skaitytaknyga.lt\/#website"},"primaryImageOfPage":{"@id":"https:\/\/skaitytaknyga.lt\/produktas\/jaunuju-svilpiku-enciklopedija-10-mokslas-ir-isradimai\/#primaryimage"},"image":{"@id":"https:\/\/skaitytaknyga.lt\/produktas\/jaunuju-svilpiku-enciklopedija-10-mokslas-ir-isradimai\/#primaryimage"},"thumbnailUrl":"https:\/\/skaitytaknyga.lt\/wp-content\/uploads\/2025\/08\/Jaunuju-svilpiku-enciklopedija-10.-Mokslas-ir-isradimai-1.webp","datePublished":"2025-08-01T04:36:21+00:00","dateModified":"2025-08-29T19:06:11+00:00","description":"Kokia mikroschemos paskirtis? Kaip veikia kalkuliatorius? Kas yra lazeris? Kod\u0117l kompiuterio tokia puiki atmintis? Nor\u0117damas apsiginti nuo \u012fkyri\u0173 Bilio,","breadcrumb":{"@id":"https:\/\/skaitytaknyga.lt\/produktas\/jaunuju-svilpiku-enciklopedija-10-mokslas-ir-isradimai\/#breadcrumb"},"inLanguage":"en-GB","potentialAction":[{"@type":"ReadAction","target":["https:\/\/skaitytaknyga.lt\/produktas\/jaunuju-svilpiku-enciklopedija-10-mokslas-ir-isradimai\/"]}]},{"@type":"ImageObject","inLanguage":"en-GB","@id":"https:\/\/skaitytaknyga.lt\/produktas\/jaunuju-svilpiku-enciklopedija-10-mokslas-ir-isradimai\/#primaryimage","url":"https:\/\/skaitytaknyga.lt\/wp-content\/uploads\/2025\/08\/Jaunuju-svilpiku-enciklopedija-10.-Mokslas-ir-isradimai-1.webp","contentUrl":"https:\/\/skaitytaknyga.lt\/wp-content\/uploads\/2025\/08\/Jaunuju-svilpiku-enciklopedija-10.-Mokslas-ir-isradimai-1.webp","width":542,"height":801,"caption":"Jaun\u0173j\u0173 \u0161vilpik\u0173 enciklopedija 10. Mokslas ir i\u0161radimai"},{"@type":"BreadcrumbList","@id":"https:\/\/skaitytaknyga.lt\/produktas\/jaunuju-svilpiku-enciklopedija-10-mokslas-ir-isradimai\/#breadcrumb","itemListElement":[{"@type":"ListItem","position":1,"name":"Home","item":"https:\/\/skaitytaknyga.lt\/"},{"@type":"ListItem","position":2,"name":"Parduotuv\u0117","item":"https:\/\/skaitytaknyga.lt\/knygu-parduotuve\/"},{"@type":"ListItem","position":3,"name":"Jaun\u0173j\u0173 \u0161vilpik\u0173 enciklopedija 10. Mokslas ir i\u0161radimai"}]},{"@type":"WebSite","@id":"https:\/\/skaitytaknyga.lt\/#website","url":"https:\/\/skaitytaknyga.lt\/","name":"skaitytaknyga.lt","description":"Skaitytaknyga.lt \u2013 tai ma\u017eas \u0161eimos verslas, kuris prasid\u0117jo nuo meil\u0117s knygoms ir siekio i\u0161gelb\u0117ti knygas nuo likimo prie konteinerio. Kas vienam nereikalingas daiktas \u2013 kitam lobis, o mes esame tarpininkai, kurie padeda abiems tapti laimingesniems ???? \u017dinome kaip nelengva i\u0161gyventi ma\u017eiems verslams, tad nuo \u0161iol, \u010dia rasite ir kit\u0173, ma\u017e\u0173 \u0161eim\u0173 versl\u0173, rank\u0173 darbo, dovan\u0173 sau ir artimiesiems.","publisher":{"@id":"https:\/\/skaitytaknyga.lt\/#organization"},"potentialAction":[{"@type":"SearchAction","target":{"@type":"EntryPoint","urlTemplate":"https:\/\/skaitytaknyga.lt\/?s={search_term_string}"},"query-input":{"@type":"PropertyValueSpecification","valueRequired":true,"valueName":"search_term_string"}}],"inLanguage":"en-GB"},{"@type":"Organization","@id":"https:\/\/skaitytaknyga.lt\/#organization","name":"skaitytaknyga.lt","url":"https:\/\/skaitytaknyga.lt\/","logo":{"@type":"ImageObject","inLanguage":"en-GB","@id":"https:\/\/skaitytaknyga.lt\/#\/schema\/logo\/image\/","url":"https:\/\/skaitytaknyga.lt\/wp-content\/uploads\/2024\/05\/cropped-cropped-cropped-02_00843_jt3bggkj1j3HLc7SyY6rEUpg.jpeg","contentUrl":"https:\/\/skaitytaknyga.lt\/wp-content\/uploads\/2024\/05\/cropped-cropped-cropped-02_00843_jt3bggkj1j3HLc7SyY6rEUpg.jpeg","width":1600,"height":1600,"caption":"skaitytaknyga.lt"},"image":{"@id":"https:\/\/skaitytaknyga.lt\/#\/schema\/logo\/image\/"},"sameAs":["https:\/\/www.facebook.com\/skaitytaknyga\/"]}]}},"_links":{"self":[{"href":"https:\/\/skaitytaknyga.lt\/en\/wp-json\/wp\/v2\/product\/20062","targetHints":{"allow":["GET"]}}],"collection":[{"href":"https:\/\/skaitytaknyga.lt\/en\/wp-json\/wp\/v2\/product"}],"about":[{"href":"https:\/\/skaitytaknyga.lt\/en\/wp-json\/wp\/v2\/types\/product"}],"replies":[{"embeddable":true,"href":"https:\/\/skaitytaknyga.lt\/en\/wp-json\/wp\/v2\/comments?post=20062"}],"wp:featuredmedia":[{"embeddable":true,"href":"https:\/\/skaitytaknyga.lt\/en\/wp-json\/wp\/v2\/media\/20065"}],"wp:attachment":[{"href":"https:\/\/skaitytaknyga.lt\/en\/wp-json\/wp\/v2\/media?parent=20062"}],"wp:term":[{"taxonomy":"product_brand","embeddable":true,"href":"https:\/\/skaitytaknyga.lt\/en\/wp-json\/wp\/v2\/product_brand?post=20062"},{"taxonomy":"product_cat","embeddable":true,"href":"https:\/\/skaitytaknyga.lt\/en\/wp-json\/wp\/v2\/product_cat?post=20062"},{"taxonomy":"product_tag","embeddable":true,"href":"https:\/\/skaitytaknyga.lt\/en\/wp-json\/wp\/v2\/product_tag?post=20062"}],"curies":[{"name":"wp","href":"https:\/\/api.w.org\/{rel}","templated":true}]}}