{"id":20054,"date":"2025-07-31T11:33:03","date_gmt":"2025-07-31T08:33:03","guid":{"rendered":"https:\/\/skaitytaknyga.lt\/?post_type=product&#038;p=20054"},"modified":"2025-08-01T10:39:33","modified_gmt":"2025-08-01T07:39:33","slug":"loteriju-kodas","status":"publish","type":"product","link":"https:\/\/skaitytaknyga.lt\/en\/produktas\/loteriju-kodas\/","title":{"rendered":"Loterij\u0173 kodas"},"content":{"rendered":"<p>Knyga \u201eLoterij\u0173 kodas\u201c apima septynis skyrius, kelis t\u016bkstantme\u010dius \u017emonijos istorijos ir kelis \u017eemynus. Skyriuje \u201eKas yra loterija\u201c paai\u0161kinami esminiai loterij\u0173 organizavimo ir \u017eaidimo principai, bei detalizuojama, kuo loterijos skiriasi nuo azartini\u0173 lo\u0161im\u0173. \u201eLoterijos \u017emonijos istorijoje\u201c skyrius \u017evelgia \u012f ankstyv\u0105j\u0105 istorij\u0105 ir loterij\u0173 i\u0161takas senov\u0117s Romoje ir Kinijoje, bei \u012f loterij\u0173 vystym\u0105si Europoje b\u0117gant am\u017eiams. Skyriaus \u201e\u012edomiausios loterij\u0173 tradicijos \u0161i\u0173 dien\u0173 pasaulyje\u201c pavadinimas tiksliai apib\u016bdina jo turin\u012f. Skyriuje \u201eTrisde\u0161imt met\u0173 kuriamos tradicijos Lietuvoje\u201c detaliai nu\u0161vie\u010diamas lietuvi\u0161k\u0173 loterij\u0173 atsiradimas ir vystymasis per pra\u0117jusius tris de\u0161imtme\u010dius \u2013 \u017eymius produktus ir projektus, pagrindinius organizatorius, rinkos vystym\u0105si ir loterij\u0173 kult\u016br\u0105, pradedant prizais ir baigiant reklamomis. Skyrius \u201eLotonomika\u201c suteikia galimyb\u0119 pa\u017evelgti \u012f loterij\u0173 organizavimo virtuv\u0119 ir su\u017einoti loterijos laim\u0117jimo tikimybes, laim\u0117jim\u0173 fondo taisykles ir kur keliauja loterijose surinkti pinigai. Skyrius \u201eLoterij\u0173 reglamentavimas Lietuvoje\u201c ap\u017evelgia loterij\u0173 valstybinio reglamentavimo istorij\u0105 ir reguliavimo aktualijas. Paskutinis skyrius \u201eKur link juda loterijos?\u201c ap\u017evelgia naujausias tendencijas, madas ir prognozes<\/p>\n","protected":false},"excerpt":{"rendered":"<p>Knyga \u201eLoterij\u0173 kodas\u201c apima septynis skyrius, kelis t\u016bkstantme\u010dius \u017emonijos istorijos ir kelis \u017eemynus. Skyriuje \u201eKas yra loterija\u201c paai\u0161kinami esminiai loterij\u0173 organizavimo ir \u017eaidimo principai, bei detalizuojama, kuo loterijos skiriasi nuo azartini\u0173 lo\u0161im\u0173. \u201eLoterijos \u017emonijos istorijoje\u201c skyrius \u017evelgia \u012f ankstyv\u0105j\u0105 istorij\u0105 ir loterij\u0173 i\u0161takas senov\u0117s Romoje ir Kinijoje, bei \u012f loterij\u0173 vystym\u0105si Europoje b\u0117gant am\u017eiams. Skyriaus \u201e\u012edomiausios loterij\u0173 tradicijos \u0161i\u0173 dien\u0173 pasaulyje\u201c pavadinimas tiksliai apib\u016bdina jo turin\u012f. Skyriuje \u201eTrisde\u0161imt met\u0173 kuriamos tradicijos Lietuvoje\u201c detaliai nu\u0161vie\u010diamas lietuvi\u0161k\u0173 loterij\u0173 atsiradimas ir vystymasis per pra\u0117jusius tris de\u0161imtme\u010dius \u2013 \u017eymius produktus ir projektus, pagrindinius organizatorius, rinkos vystym\u0105si ir loterij\u0173 kult\u016br\u0105, pradedant prizais ir baigiant reklamomis. Skyrius \u201eLotonomika\u201c suteikia galimyb\u0119 pa\u017evelgti \u012f loterij\u0173 organizavimo virtuv\u0119 ir su\u017einoti loterijos laim\u0117jimo tikimybes, laim\u0117jim\u0173 fondo taisykles ir kur keliauja loterijose surinkti pinigai. Skyrius \u201eLoterij\u0173 reglamentavimas Lietuvoje\u201c ap\u017evelgia loterij\u0173 valstybinio reglamentavimo istorij\u0105 ir reguliavimo aktualijas. Paskutinis skyrius \u201eKur link juda loterijos?\u201c ap\u017evelgia naujausias tendencijas, madas ir prognozes<\/p>\n","protected":false},"featured_media":20057,"comment_status":"open","ping_status":"closed","template":"","meta":{"_acf_changed":false,"site-sidebar-layout":"default","site-content-layout":"","ast-site-content-layout":"default","site-content-style":"default","site-sidebar-style":"default","ast-global-header-display":"","ast-banner-title-visibility":"","ast-main-header-display":"","ast-hfb-above-header-display":"","ast-hfb-below-header-display":"","ast-hfb-mobile-header-display":"","site-post-title":"","ast-breadcrumbs-content":"","ast-featured-img":"","footer-sml-layout":"","ast-disable-related-posts":"","theme-transparent-header-meta":"","adv-header-id-meta":"","stick-header-meta":"","header-above-stick-meta":"","header-main-stick-meta":"","header-below-stick-meta":"","astra-migrate-meta-layouts":"default","ast-page-background-enabled":"default","ast-page-background-meta":{"desktop":{"background-color":"","background-image":"","background-repeat":"repeat","background-position":"center center","background-size":"auto","background-attachment":"scroll","background-type":"","background-media":"","overlay-type":"","overlay-color":"","overlay-opacity":"","overlay-gradient":""},"tablet":{"background-color":"","background-image":"","background-repeat":"repeat","background-position":"center center","background-size":"auto","background-attachment":"scroll","background-type":"","background-media":"","overlay-type":"","overlay-color":"","overlay-opacity":"","overlay-gradient":""},"mobile":{"background-color":"","background-image":"","background-repeat":"repeat","background-position":"center center","background-size":"auto","background-attachment":"scroll","background-type":"","background-media":"","overlay-type":"","overlay-color":"","overlay-opacity":"","overlay-gradient":""}},"ast-content-background-meta":{"desktop":{"background-color":"var(--ast-global-color-4)","background-image":"","background-repeat":"repeat","background-position":"center center","background-size":"auto","background-attachment":"scroll","background-type":"","background-media":"","overlay-type":"","overlay-color":"","overlay-opacity":"","overlay-gradient":""},"tablet":{"background-color":"var(--ast-global-color-4)","background-image":"","background-repeat":"repeat","background-position":"center center","background-size":"auto","background-attachment":"scroll","background-type":"","background-media":"","overlay-type":"","overlay-color":"","overlay-opacity":"","overlay-gradient":""},"mobile":{"background-color":"var(--ast-global-color-4)","background-image":"","background-repeat":"repeat","background-position":"center center","background-size":"auto","background-attachment":"scroll","background-type":"","background-media":"","overlay-type":"","overlay-color":"","overlay-opacity":"","overlay-gradient":""}}},"product_brand":[],"product_cat":[15],"product_tag":[7222,2224,7221,5987],"class_list":{"0":"post-20054","1":"product","2":"type-product","3":"status-publish","4":"has-post-thumbnail","6":"product_cat-uncategorized","7":"product_tag-azartas","8":"product_tag-istorija","9":"product_tag-loterijos","10":"product_tag-zaidimai","11":"desktop-align-left","12":"tablet-align-left","13":"mobile-align-left","15":"first","16":"instock","17":"shipping-taxable","18":"purchasable","19":"product-type-simple"},"acf":[],"yoast_head":"<!-- This site is optimized with the Yoast SEO plugin v27.0 - https:\/\/yoast.com\/product\/yoast-seo-wordpress\/ -->\n<title>Loterij\u0173 kodas<\/title>\n<meta name=\"description\" content=\"Knyga \u201eLoterij\u0173 kodas\u201c apima septynis skyrius, kelis t\u016bkstantme\u010dius \u017emonijos istorijos ir kelis \u017eemynus. Skyriuje \u201eKas yra loterija\u201c paai\u0161kinami esminiai\" \/>\n<meta name=\"robots\" content=\"index, follow, max-snippet:-1, max-image-preview:large, max-video-preview:-1\" \/>\n<link rel=\"canonical\" href=\"https:\/\/skaitytaknyga.lt\/en\/produktas\/loteriju-kodas\/\" \/>\n<meta property=\"og:locale\" content=\"en_GB\" \/>\n<meta property=\"og:locale:alternate\" content=\"lt_LT\" \/>\n<meta property=\"og:type\" content=\"article\" \/>\n<meta property=\"og:title\" content=\"Loterij\u0173 kodas\" \/>\n<meta property=\"og:description\" content=\"Knyga \u201eLoterij\u0173 kodas\u201c apima septynis skyrius, kelis t\u016bkstantme\u010dius \u017emonijos istorijos ir kelis \u017eemynus. Skyriuje \u201eKas yra loterija\u201c paai\u0161kinami esminiai\" \/>\n<meta property=\"og:url\" content=\"https:\/\/skaitytaknyga.lt\/en\/produktas\/loteriju-kodas\/\" \/>\n<meta property=\"og:site_name\" content=\"Skaitytaknyga\" \/>\n<meta property=\"article:publisher\" content=\"https:\/\/www.facebook.com\/skaitytaknyga\/\" \/>\n<meta property=\"article:modified_time\" content=\"2025-08-01T07:39:33+00:00\" \/>\n<meta property=\"og:image\" content=\"https:\/\/skaitytaknyga.lt\/wp-content\/uploads\/2025\/07\/Loteriju-kodas.webp\" \/>\n\t<meta property=\"og:image:width\" content=\"768\" \/>\n\t<meta property=\"og:image:height\" content=\"1024\" \/>\n\t<meta property=\"og:image:type\" content=\"image\/webp\" \/>\n<meta name=\"twitter:card\" content=\"summary_large_image\" \/>\n<meta name=\"twitter:label1\" content=\"Estimated reading time\" \/>\n\t<meta name=\"twitter:data1\" content=\"1 minute\" \/>\n<script type=\"application\/ld+json\" class=\"yoast-schema-graph\">{\"@context\":\"https:\/\/schema.org\",\"@graph\":[{\"@type\":\"WebPage\",\"@id\":\"https:\/\/skaitytaknyga.lt\/produktas\/loteriju-kodas\/\",\"url\":\"https:\/\/skaitytaknyga.lt\/produktas\/loteriju-kodas\/\",\"name\":\"Loterij\u0173 kodas\",\"isPartOf\":{\"@id\":\"https:\/\/skaitytaknyga.lt\/#website\"},\"primaryImageOfPage\":{\"@id\":\"https:\/\/skaitytaknyga.lt\/produktas\/loteriju-kodas\/#primaryimage\"},\"image\":{\"@id\":\"https:\/\/skaitytaknyga.lt\/produktas\/loteriju-kodas\/#primaryimage\"},\"thumbnailUrl\":\"https:\/\/skaitytaknyga.lt\/wp-content\/uploads\/2025\/07\/Loteriju-kodas.webp\",\"datePublished\":\"2025-07-31T08:33:03+00:00\",\"dateModified\":\"2025-08-01T07:39:33+00:00\",\"description\":\"Knyga \u201eLoterij\u0173 kodas\u201c apima septynis skyrius, kelis t\u016bkstantme\u010dius \u017emonijos istorijos ir kelis \u017eemynus. Skyriuje \u201eKas yra loterija\u201c paai\u0161kinami esminiai\",\"breadcrumb\":{\"@id\":\"https:\/\/skaitytaknyga.lt\/produktas\/loteriju-kodas\/#breadcrumb\"},\"inLanguage\":\"en-GB\",\"potentialAction\":[{\"@type\":\"ReadAction\",\"target\":[\"https:\/\/skaitytaknyga.lt\/produktas\/loteriju-kodas\/\"]}]},{\"@type\":\"ImageObject\",\"inLanguage\":\"en-GB\",\"@id\":\"https:\/\/skaitytaknyga.lt\/produktas\/loteriju-kodas\/#primaryimage\",\"url\":\"https:\/\/skaitytaknyga.lt\/wp-content\/uploads\/2025\/07\/Loteriju-kodas.webp\",\"contentUrl\":\"https:\/\/skaitytaknyga.lt\/wp-content\/uploads\/2025\/07\/Loteriju-kodas.webp\",\"width\":768,\"height\":1024},{\"@type\":\"BreadcrumbList\",\"@id\":\"https:\/\/skaitytaknyga.lt\/produktas\/loteriju-kodas\/#breadcrumb\",\"itemListElement\":[{\"@type\":\"ListItem\",\"position\":1,\"name\":\"Home\",\"item\":\"https:\/\/skaitytaknyga.lt\/\"},{\"@type\":\"ListItem\",\"position\":2,\"name\":\"Parduotuv\u0117\",\"item\":\"https:\/\/skaitytaknyga.lt\/knygu-parduotuve\/\"},{\"@type\":\"ListItem\",\"position\":3,\"name\":\"Loterij\u0173 kodas\"}]},{\"@type\":\"WebSite\",\"@id\":\"https:\/\/skaitytaknyga.lt\/#website\",\"url\":\"https:\/\/skaitytaknyga.lt\/\",\"name\":\"skaitytaknyga.lt\",\"description\":\"Skaitytaknyga.lt \u2013 tai ma\u017eas \u0161eimos verslas, kuris prasid\u0117jo nuo meil\u0117s knygoms ir siekio i\u0161gelb\u0117ti knygas nuo likimo prie konteinerio. Kas vienam nereikalingas daiktas \u2013 kitam lobis, o mes esame tarpininkai, kurie padeda abiems tapti laimingesniems ???? \u017dinome kaip nelengva i\u0161gyventi ma\u017eiems verslams, tad nuo \u0161iol, \u010dia rasite ir kit\u0173, ma\u017e\u0173 \u0161eim\u0173 versl\u0173, rank\u0173 darbo, dovan\u0173 sau ir artimiesiems.\",\"publisher\":{\"@id\":\"https:\/\/skaitytaknyga.lt\/#organization\"},\"potentialAction\":[{\"@type\":\"SearchAction\",\"target\":{\"@type\":\"EntryPoint\",\"urlTemplate\":\"https:\/\/skaitytaknyga.lt\/?s={search_term_string}\"},\"query-input\":{\"@type\":\"PropertyValueSpecification\",\"valueRequired\":true,\"valueName\":\"search_term_string\"}}],\"inLanguage\":\"en-GB\"},{\"@type\":\"Organization\",\"@id\":\"https:\/\/skaitytaknyga.lt\/#organization\",\"name\":\"skaitytaknyga.lt\",\"url\":\"https:\/\/skaitytaknyga.lt\/\",\"logo\":{\"@type\":\"ImageObject\",\"inLanguage\":\"en-GB\",\"@id\":\"https:\/\/skaitytaknyga.lt\/#\/schema\/logo\/image\/\",\"url\":\"https:\/\/skaitytaknyga.lt\/wp-content\/uploads\/2024\/05\/cropped-cropped-cropped-02_00843_jt3bggkj1j3HLc7SyY6rEUpg.jpeg\",\"contentUrl\":\"https:\/\/skaitytaknyga.lt\/wp-content\/uploads\/2024\/05\/cropped-cropped-cropped-02_00843_jt3bggkj1j3HLc7SyY6rEUpg.jpeg\",\"width\":1600,\"height\":1600,\"caption\":\"skaitytaknyga.lt\"},\"image\":{\"@id\":\"https:\/\/skaitytaknyga.lt\/#\/schema\/logo\/image\/\"},\"sameAs\":[\"https:\/\/www.facebook.com\/skaitytaknyga\/\"]}]}<\/script>\n<!-- \/ Yoast SEO plugin. -->","yoast_head_json":{"title":"Loterij\u0173 kodas","description":"Knyga \u201eLoterij\u0173 kodas\u201c apima septynis skyrius, kelis t\u016bkstantme\u010dius \u017emonijos istorijos ir kelis \u017eemynus. Skyriuje \u201eKas yra loterija\u201c paai\u0161kinami esminiai","robots":{"index":"index","follow":"follow","max-snippet":"max-snippet:-1","max-image-preview":"max-image-preview:large","max-video-preview":"max-video-preview:-1"},"canonical":"https:\/\/skaitytaknyga.lt\/en\/produktas\/loteriju-kodas\/","og_locale":"en_GB","og_type":"article","og_title":"[:lt]Loterij\u0173 kodas[:] - Skaitytaknyga","og_description":"Knyga \u201eLoterij\u0173 kodas\u201c apima septynis skyrius, kelis t\u016bkstantme\u010dius \u017emonijos istorijos ir kelis \u017eemynus. Skyriuje \u201eKas yra loterija\u201c paai\u0161kinami esminiai","og_url":"https:\/\/skaitytaknyga.lt\/en\/produktas\/loteriju-kodas\/","og_site_name":"Skaitytaknyga","article_publisher":"https:\/\/www.facebook.com\/skaitytaknyga\/","article_modified_time":"2025-08-01T07:39:33+00:00","og_image":[{"width":768,"height":1024,"url":"https:\/\/skaitytaknyga.lt\/wp-content\/uploads\/2025\/07\/Loteriju-kodas.webp","type":"image\/webp"}],"twitter_card":"summary_large_image","twitter_misc":{"Estimated reading time":"1 minute"},"schema":{"@context":"https:\/\/schema.org","@graph":[{"@type":"WebPage","@id":"https:\/\/skaitytaknyga.lt\/produktas\/loteriju-kodas\/","url":"https:\/\/skaitytaknyga.lt\/produktas\/loteriju-kodas\/","name":"Loterij\u0173 kodas","isPartOf":{"@id":"https:\/\/skaitytaknyga.lt\/#website"},"primaryImageOfPage":{"@id":"https:\/\/skaitytaknyga.lt\/produktas\/loteriju-kodas\/#primaryimage"},"image":{"@id":"https:\/\/skaitytaknyga.lt\/produktas\/loteriju-kodas\/#primaryimage"},"thumbnailUrl":"https:\/\/skaitytaknyga.lt\/wp-content\/uploads\/2025\/07\/Loteriju-kodas.webp","datePublished":"2025-07-31T08:33:03+00:00","dateModified":"2025-08-01T07:39:33+00:00","description":"Knyga \u201eLoterij\u0173 kodas\u201c apima septynis skyrius, kelis t\u016bkstantme\u010dius \u017emonijos istorijos ir kelis \u017eemynus. Skyriuje \u201eKas yra loterija\u201c paai\u0161kinami esminiai","breadcrumb":{"@id":"https:\/\/skaitytaknyga.lt\/produktas\/loteriju-kodas\/#breadcrumb"},"inLanguage":"en-GB","potentialAction":[{"@type":"ReadAction","target":["https:\/\/skaitytaknyga.lt\/produktas\/loteriju-kodas\/"]}]},{"@type":"ImageObject","inLanguage":"en-GB","@id":"https:\/\/skaitytaknyga.lt\/produktas\/loteriju-kodas\/#primaryimage","url":"https:\/\/skaitytaknyga.lt\/wp-content\/uploads\/2025\/07\/Loteriju-kodas.webp","contentUrl":"https:\/\/skaitytaknyga.lt\/wp-content\/uploads\/2025\/07\/Loteriju-kodas.webp","width":768,"height":1024},{"@type":"BreadcrumbList","@id":"https:\/\/skaitytaknyga.lt\/produktas\/loteriju-kodas\/#breadcrumb","itemListElement":[{"@type":"ListItem","position":1,"name":"Home","item":"https:\/\/skaitytaknyga.lt\/"},{"@type":"ListItem","position":2,"name":"Parduotuv\u0117","item":"https:\/\/skaitytaknyga.lt\/knygu-parduotuve\/"},{"@type":"ListItem","position":3,"name":"Loterij\u0173 kodas"}]},{"@type":"WebSite","@id":"https:\/\/skaitytaknyga.lt\/#website","url":"https:\/\/skaitytaknyga.lt\/","name":"skaitytaknyga.lt","description":"Skaitytaknyga.lt \u2013 tai ma\u017eas \u0161eimos verslas, kuris prasid\u0117jo nuo meil\u0117s knygoms ir siekio i\u0161gelb\u0117ti knygas nuo likimo prie konteinerio. Kas vienam nereikalingas daiktas \u2013 kitam lobis, o mes esame tarpininkai, kurie padeda abiems tapti laimingesniems ???? \u017dinome kaip nelengva i\u0161gyventi ma\u017eiems verslams, tad nuo \u0161iol, \u010dia rasite ir kit\u0173, ma\u017e\u0173 \u0161eim\u0173 versl\u0173, rank\u0173 darbo, dovan\u0173 sau ir artimiesiems.","publisher":{"@id":"https:\/\/skaitytaknyga.lt\/#organization"},"potentialAction":[{"@type":"SearchAction","target":{"@type":"EntryPoint","urlTemplate":"https:\/\/skaitytaknyga.lt\/?s={search_term_string}"},"query-input":{"@type":"PropertyValueSpecification","valueRequired":true,"valueName":"search_term_string"}}],"inLanguage":"en-GB"},{"@type":"Organization","@id":"https:\/\/skaitytaknyga.lt\/#organization","name":"skaitytaknyga.lt","url":"https:\/\/skaitytaknyga.lt\/","logo":{"@type":"ImageObject","inLanguage":"en-GB","@id":"https:\/\/skaitytaknyga.lt\/#\/schema\/logo\/image\/","url":"https:\/\/skaitytaknyga.lt\/wp-content\/uploads\/2024\/05\/cropped-cropped-cropped-02_00843_jt3bggkj1j3HLc7SyY6rEUpg.jpeg","contentUrl":"https:\/\/skaitytaknyga.lt\/wp-content\/uploads\/2024\/05\/cropped-cropped-cropped-02_00843_jt3bggkj1j3HLc7SyY6rEUpg.jpeg","width":1600,"height":1600,"caption":"skaitytaknyga.lt"},"image":{"@id":"https:\/\/skaitytaknyga.lt\/#\/schema\/logo\/image\/"},"sameAs":["https:\/\/www.facebook.com\/skaitytaknyga\/"]}]}},"_links":{"self":[{"href":"https:\/\/skaitytaknyga.lt\/en\/wp-json\/wp\/v2\/product\/20054","targetHints":{"allow":["GET"]}}],"collection":[{"href":"https:\/\/skaitytaknyga.lt\/en\/wp-json\/wp\/v2\/product"}],"about":[{"href":"https:\/\/skaitytaknyga.lt\/en\/wp-json\/wp\/v2\/types\/product"}],"replies":[{"embeddable":true,"href":"https:\/\/skaitytaknyga.lt\/en\/wp-json\/wp\/v2\/comments?post=20054"}],"wp:featuredmedia":[{"embeddable":true,"href":"https:\/\/skaitytaknyga.lt\/en\/wp-json\/wp\/v2\/media\/20057"}],"wp:attachment":[{"href":"https:\/\/skaitytaknyga.lt\/en\/wp-json\/wp\/v2\/media?parent=20054"}],"wp:term":[{"taxonomy":"product_brand","embeddable":true,"href":"https:\/\/skaitytaknyga.lt\/en\/wp-json\/wp\/v2\/product_brand?post=20054"},{"taxonomy":"product_cat","embeddable":true,"href":"https:\/\/skaitytaknyga.lt\/en\/wp-json\/wp\/v2\/product_cat?post=20054"},{"taxonomy":"product_tag","embeddable":true,"href":"https:\/\/skaitytaknyga.lt\/en\/wp-json\/wp\/v2\/product_tag?post=20054"}],"curies":[{"name":"wp","href":"https:\/\/api.w.org\/{rel}","templated":true}]}}