{"id":20049,"date":"2025-07-31T08:41:38","date_gmt":"2025-07-31T05:41:38","guid":{"rendered":"https:\/\/skaitytaknyga.lt\/?post_type=product&#038;p=20049"},"modified":"2025-08-01T10:39:33","modified_gmt":"2025-08-01T07:39:33","slug":"skaitmenine-fotografija-1-dalis","status":"publish","type":"product","link":"https:\/\/skaitytaknyga.lt\/en\/produktas\/skaitmenine-fotografija-1-dalis\/","title":{"rendered":"Skaitmenin\u0117 fotografija. 1 dalis"},"content":{"rendered":"<p>Kaip pasiekti, kad j\u016bs\u0173 nuotraukos atrodyt\u0173 kaip profesional\u0173? Skaitmenin\u0117s fotografijos eroje tai n\u0117ra labai sud\u0117tinga, teigia populiariausias pasaulyje kompiuteri\u0173 ir fotografijos literat\u016bros autorius Scottas Kelby. Kiekviename \u0161ios knygos puslapyje pristatoma po viena id\u0117j\u0105, kaip patobulinti j\u016bs\u0173 nuotraukas, konkre\u010diai kalbama apie tai, kok\u012f mygtuk\u0105 paspausti ar kok\u012f re\u017eim\u0105 pasirinkti.<\/p>\n<p>Autorius taip pristato \u0161i\u0105 knyg\u0105: \u201eTarkime, mes fotografuojame, o j\u016bs pasisukate \u012f mane ir klausiate: \u201eSkotai, nor\u0117\u010diau nufotografuoti \u0161tai t\u0105 g\u0117l\u0119 taip, kad ji b\u016bt\u0173 sufokusuota, o fonas \u2013 ne. K\u0105 man daryti?\u201c Atsisuk\u0119s a\u0161 nepulsiu jums pasakoti apie diafragm\u0105, apie tai, kad ekspozicija \u2013 tai u\u017erakto greitis plius diafragma, nepliurpsiu nieko pana\u0161aus \u2013 apie tai visada galima perskaityti bet kurioje skaitmeninei fotografijai skirtoje knygoje. A\u0161 atsigr\u0119\u017e\u010diau \u012f jus ir pasaky\u010diau: \u201eU\u017esid\u0117k teleobjektyv\u0105, nustatyk diafragm\u0105 f\/2.8, sufokusuok g\u0117l\u0119 ir fotografuok.\u201c Trumpiau tariant, mes fotografuojame, ir a\u0161 pateikiu jums tuos pa\u010dius patarimus, t\u0105 pa\u010di\u0105 informacij\u0105, atskleid\u017eiu tas pa\u010dias technines paslaptis, kurias per met\u0173 metus esu gav\u0119s i\u0161 geriausi\u0173 profesionali\u0173 fotograf\u0173, bet visa tai sakau paprasta kalba kaip bi\u010diuliams, asmeni\u0161kai.\u201c<\/p>\n<p>Tai ne teorin\u0117 knyga \u2013 tokios visada b\u016bna kupinos klaidaus \u017eargono ir nereikaling\u0173 technini\u0173 smulkmen\u0173. \u010cia nuosekliai aptariama beveik 200 profesionali\u0173 gudrybi\u0173, kurios fotografuojant kiekvien\u0105kart pad\u0117s jums padaryti geras, ry\u0161kias, spalvingas nuotraukas. Atsiversdami nauj\u0105 puslap\u012f, su\u017einosite nauj\u0105 profesional\u0173 naudojam\u0105 gudryb\u0119. Jeigu jums pabodo, kad vartydami fotografijos \u017eurnalus vis paklausiate sav\u0119s: \u201eKod\u0117l mano fotografijos taip neatrodo?\u201c, tada \u0161i knyga \u2013 kaip tik jums.<\/p>\n","protected":false},"excerpt":{"rendered":"<p>Kaip pasiekti, kad j\u016bs\u0173 nuotraukos atrodyt\u0173 kaip profesional\u0173? Skaitmenin\u0117s fotografijos eroje tai n\u0117ra labai sud\u0117tinga, teigia populiariausias pasaulyje kompiuteri\u0173 ir fotografijos literat\u016bros autorius Scottas Kelby. Kiekviename \u0161ios knygos puslapyje pristatoma po viena id\u0117j\u0105, kaip patobulinti j\u016bs\u0173 nuotraukas, konkre\u010diai kalbama apie tai, kok\u012f mygtuk\u0105 paspausti ar kok\u012f re\u017eim\u0105 pasirinkti. Autorius taip pristato \u0161i\u0105 knyg\u0105: \u201eTarkime, mes fotografuojame, o j\u016bs pasisukate \u012f mane ir klausiate: \u201eSkotai, nor\u0117\u010diau nufotografuoti \u0161tai t\u0105 g\u0117l\u0119 taip, kad ji b\u016bt\u0173 sufokusuota, o fonas \u2013 ne. K\u0105 man daryti?\u201c Atsisuk\u0119s a\u0161 nepulsiu jums pasakoti apie diafragm\u0105, apie tai, kad ekspozicija \u2013 tai u\u017erakto greitis plius diafragma, nepliurpsiu nieko pana\u0161aus \u2013 apie tai visada galima perskaityti bet kurioje skaitmeninei fotografijai skirtoje knygoje. A\u0161 atsigr\u0119\u017e\u010diau \u012f jus ir pasaky\u010diau: \u201eU\u017esid\u0117k teleobjektyv\u0105, nustatyk diafragm\u0105 f\/2.8, sufokusuok g\u0117l\u0119 ir fotografuok.\u201c Trumpiau tariant, mes fotografuojame, ir a\u0161 pateikiu jums tuos pa\u010dius patarimus, t\u0105 pa\u010di\u0105 informacij\u0105, atskleid\u017eiu tas pa\u010dias technines paslaptis, kurias per met\u0173 metus esu gav\u0119s i\u0161 geriausi\u0173 profesionali\u0173 fotograf\u0173, bet visa tai sakau paprasta kalba kaip bi\u010diuliams, asmeni\u0161kai.\u201c Tai ne teorin\u0117 knyga \u2013 tokios visada b\u016bna kupinos klaidaus \u017eargono ir nereikaling\u0173 technini\u0173 smulkmen\u0173. \u010cia nuosekliai aptariama beveik 200 profesionali\u0173 gudrybi\u0173, kurios fotografuojant kiekvien\u0105kart pad\u0117s jums padaryti geras, ry\u0161kias, spalvingas nuotraukas. Atsiversdami nauj\u0105 puslap\u012f, su\u017einosite nauj\u0105 profesional\u0173 naudojam\u0105 gudryb\u0119. Jeigu jums pabodo, kad vartydami fotografijos \u017eurnalus vis paklausiate sav\u0119s: \u201eKod\u0117l mano fotografijos taip neatrodo?\u201c, tada \u0161i knyga \u2013 kaip tik jums.<\/p>\n","protected":false},"featured_media":20052,"comment_status":"open","ping_status":"closed","template":"","meta":{"_acf_changed":false,"site-sidebar-layout":"default","site-content-layout":"","ast-site-content-layout":"default","site-content-style":"default","site-sidebar-style":"default","ast-global-header-display":"","ast-banner-title-visibility":"","ast-main-header-display":"","ast-hfb-above-header-display":"","ast-hfb-below-header-display":"","ast-hfb-mobile-header-display":"","site-post-title":"","ast-breadcrumbs-content":"","ast-featured-img":"","footer-sml-layout":"","ast-disable-related-posts":"","theme-transparent-header-meta":"","adv-header-id-meta":"","stick-header-meta":"","header-above-stick-meta":"","header-main-stick-meta":"","header-below-stick-meta":"","astra-migrate-meta-layouts":"default","ast-page-background-enabled":"default","ast-page-background-meta":{"desktop":{"background-color":"","background-image":"","background-repeat":"repeat","background-position":"center center","background-size":"auto","background-attachment":"scroll","background-type":"","background-media":"","overlay-type":"","overlay-color":"","overlay-opacity":"","overlay-gradient":""},"tablet":{"background-color":"","background-image":"","background-repeat":"repeat","background-position":"center center","background-size":"auto","background-attachment":"scroll","background-type":"","background-media":"","overlay-type":"","overlay-color":"","overlay-opacity":"","overlay-gradient":""},"mobile":{"background-color":"","background-image":"","background-repeat":"repeat","background-position":"center center","background-size":"auto","background-attachment":"scroll","background-type":"","background-media":"","overlay-type":"","overlay-color":"","overlay-opacity":"","overlay-gradient":""}},"ast-content-background-meta":{"desktop":{"background-color":"var(--ast-global-color-4)","background-image":"","background-repeat":"repeat","background-position":"center center","background-size":"auto","background-attachment":"scroll","background-type":"","background-media":"","overlay-type":"","overlay-color":"","overlay-opacity":"","overlay-gradient":""},"tablet":{"background-color":"var(--ast-global-color-4)","background-image":"","background-repeat":"repeat","background-position":"center center","background-size":"auto","background-attachment":"scroll","background-type":"","background-media":"","overlay-type":"","overlay-color":"","overlay-opacity":"","overlay-gradient":""},"mobile":{"background-color":"var(--ast-global-color-4)","background-image":"","background-repeat":"repeat","background-position":"center center","background-size":"auto","background-attachment":"scroll","background-type":"","background-media":"","overlay-type":"","overlay-color":"","overlay-opacity":"","overlay-gradient":""}}},"product_brand":[],"product_cat":[15],"product_tag":[3147,3432,7219,3598],"class_list":{"0":"post-20049","1":"product","2":"type-product","3":"status-publish","4":"has-post-thumbnail","6":"product_cat-uncategorized","7":"product_tag-fotografija","8":"product_tag-patarimai","9":"product_tag-scott-kelby","10":"product_tag-technologijos","11":"desktop-align-left","12":"tablet-align-left","13":"mobile-align-left","15":"first","16":"instock","17":"shipping-taxable","18":"purchasable","19":"product-type-simple"},"acf":[],"yoast_head":"<!-- This site is optimized with the Yoast SEO plugin v27.4 - https:\/\/yoast.com\/product\/yoast-seo-wordpress\/ -->\n<title>Skaitmenin\u0117 fotografija. 1 dalis<\/title>\n<meta name=\"description\" content=\"Kaip pasiekti, kad j\u016bs\u0173 nuotraukos atrodyt\u0173 kaip profesional\u0173? Skaitmenin\u0117s fotografijos eroje tai n\u0117ra labai sud\u0117tinga, teigia populiariausias pasaulyje\" \/>\n<meta name=\"robots\" content=\"index, follow, max-snippet:-1, max-image-preview:large, max-video-preview:-1\" \/>\n<link rel=\"canonical\" href=\"https:\/\/skaitytaknyga.lt\/en\/produktas\/skaitmenine-fotografija-1-dalis\/\" \/>\n<meta property=\"og:locale\" content=\"en_GB\" \/>\n<meta property=\"og:locale:alternate\" content=\"lt_LT\" \/>\n<meta property=\"og:type\" content=\"article\" \/>\n<meta property=\"og:title\" content=\"Skaitmenin\u0117 fotografija. 1 dalis\" \/>\n<meta property=\"og:description\" content=\"Kaip pasiekti, kad j\u016bs\u0173 nuotraukos atrodyt\u0173 kaip profesional\u0173? Skaitmenin\u0117s fotografijos eroje tai n\u0117ra labai sud\u0117tinga, teigia populiariausias pasaulyje\" \/>\n<meta property=\"og:url\" content=\"https:\/\/skaitytaknyga.lt\/en\/produktas\/skaitmenine-fotografija-1-dalis\/\" \/>\n<meta property=\"og:site_name\" content=\"Skaitytaknyga\" \/>\n<meta property=\"article:publisher\" content=\"https:\/\/www.facebook.com\/skaitytaknyga\/\" \/>\n<meta property=\"article:modified_time\" content=\"2025-08-01T07:39:33+00:00\" \/>\n<meta property=\"og:image\" content=\"https:\/\/skaitytaknyga.lt\/wp-content\/uploads\/2025\/07\/Skaitmenine-fotografija.-1-dalis-1.webp\" \/>\n\t<meta property=\"og:image:width\" content=\"496\" \/>\n\t<meta property=\"og:image:height\" content=\"614\" \/>\n\t<meta property=\"og:image:type\" content=\"image\/webp\" \/>\n<meta name=\"twitter:card\" content=\"summary_large_image\" \/>\n<meta name=\"twitter:label1\" content=\"Estimated reading time\" \/>\n\t<meta name=\"twitter:data1\" content=\"1 minute\" \/>\n<script type=\"application\/ld+json\" class=\"yoast-schema-graph\">{\"@context\":\"https:\\\/\\\/schema.org\",\"@graph\":[{\"@type\":\"WebPage\",\"@id\":\"https:\\\/\\\/skaitytaknyga.lt\\\/produktas\\\/skaitmenine-fotografija-1-dalis\\\/\",\"url\":\"https:\\\/\\\/skaitytaknyga.lt\\\/produktas\\\/skaitmenine-fotografija-1-dalis\\\/\",\"name\":\"Skaitmenin\u0117 fotografija. 1 dalis\",\"isPartOf\":{\"@id\":\"https:\\\/\\\/skaitytaknyga.lt\\\/#website\"},\"primaryImageOfPage\":{\"@id\":\"https:\\\/\\\/skaitytaknyga.lt\\\/produktas\\\/skaitmenine-fotografija-1-dalis\\\/#primaryimage\"},\"image\":{\"@id\":\"https:\\\/\\\/skaitytaknyga.lt\\\/produktas\\\/skaitmenine-fotografija-1-dalis\\\/#primaryimage\"},\"thumbnailUrl\":\"https:\\\/\\\/skaitytaknyga.lt\\\/wp-content\\\/uploads\\\/2025\\\/07\\\/Skaitmenine-fotografija.-1-dalis-1.webp\",\"datePublished\":\"2025-07-31T05:41:38+00:00\",\"dateModified\":\"2025-08-01T07:39:33+00:00\",\"description\":\"Kaip pasiekti, kad j\u016bs\u0173 nuotraukos atrodyt\u0173 kaip profesional\u0173? Skaitmenin\u0117s fotografijos eroje tai n\u0117ra labai sud\u0117tinga, teigia populiariausias pasaulyje\",\"breadcrumb\":{\"@id\":\"https:\\\/\\\/skaitytaknyga.lt\\\/produktas\\\/skaitmenine-fotografija-1-dalis\\\/#breadcrumb\"},\"inLanguage\":\"en-GB\",\"potentialAction\":[{\"@type\":\"ReadAction\",\"target\":[\"https:\\\/\\\/skaitytaknyga.lt\\\/produktas\\\/skaitmenine-fotografija-1-dalis\\\/\"]}]},{\"@type\":\"ImageObject\",\"inLanguage\":\"en-GB\",\"@id\":\"https:\\\/\\\/skaitytaknyga.lt\\\/produktas\\\/skaitmenine-fotografija-1-dalis\\\/#primaryimage\",\"url\":\"https:\\\/\\\/skaitytaknyga.lt\\\/wp-content\\\/uploads\\\/2025\\\/07\\\/Skaitmenine-fotografija.-1-dalis-1.webp\",\"contentUrl\":\"https:\\\/\\\/skaitytaknyga.lt\\\/wp-content\\\/uploads\\\/2025\\\/07\\\/Skaitmenine-fotografija.-1-dalis-1.webp\",\"width\":496,\"height\":614},{\"@type\":\"BreadcrumbList\",\"@id\":\"https:\\\/\\\/skaitytaknyga.lt\\\/produktas\\\/skaitmenine-fotografija-1-dalis\\\/#breadcrumb\",\"itemListElement\":[{\"@type\":\"ListItem\",\"position\":1,\"name\":\"Home\",\"item\":\"https:\\\/\\\/skaitytaknyga.lt\\\/\"},{\"@type\":\"ListItem\",\"position\":2,\"name\":\"Parduotuv\u0117\",\"item\":\"https:\\\/\\\/skaitytaknyga.lt\\\/knygu-parduotuve\\\/\"},{\"@type\":\"ListItem\",\"position\":3,\"name\":\"Skaitmenin\u0117 fotografija. 1 dalis\"}]},{\"@type\":\"WebSite\",\"@id\":\"https:\\\/\\\/skaitytaknyga.lt\\\/#website\",\"url\":\"https:\\\/\\\/skaitytaknyga.lt\\\/\",\"name\":\"skaitytaknyga.lt\",\"description\":\"Skaitytaknyga.lt \u2013 tai ma\u017eas \u0161eimos verslas, kuris prasid\u0117jo nuo meil\u0117s knygoms ir siekio i\u0161gelb\u0117ti knygas nuo likimo prie konteinerio. Kas vienam nereikalingas daiktas \u2013 kitam lobis, o mes esame tarpininkai, kurie padeda abiems tapti laimingesniems ???? \u017dinome kaip nelengva i\u0161gyventi ma\u017eiems verslams, tad nuo \u0161iol, \u010dia rasite ir kit\u0173, ma\u017e\u0173 \u0161eim\u0173 versl\u0173, rank\u0173 darbo, dovan\u0173 sau ir artimiesiems.\",\"publisher\":{\"@id\":\"https:\\\/\\\/skaitytaknyga.lt\\\/#organization\"},\"potentialAction\":[{\"@type\":\"SearchAction\",\"target\":{\"@type\":\"EntryPoint\",\"urlTemplate\":\"https:\\\/\\\/skaitytaknyga.lt\\\/?s={search_term_string}\"},\"query-input\":{\"@type\":\"PropertyValueSpecification\",\"valueRequired\":true,\"valueName\":\"search_term_string\"}}],\"inLanguage\":\"en-GB\"},{\"@type\":\"Organization\",\"@id\":\"https:\\\/\\\/skaitytaknyga.lt\\\/#organization\",\"name\":\"skaitytaknyga.lt\",\"url\":\"https:\\\/\\\/skaitytaknyga.lt\\\/\",\"logo\":{\"@type\":\"ImageObject\",\"inLanguage\":\"en-GB\",\"@id\":\"https:\\\/\\\/skaitytaknyga.lt\\\/#\\\/schema\\\/logo\\\/image\\\/\",\"url\":\"https:\\\/\\\/skaitytaknyga.lt\\\/wp-content\\\/uploads\\\/2024\\\/05\\\/cropped-cropped-cropped-02_00843_jt3bggkj1j3HLc7SyY6rEUpg.jpeg\",\"contentUrl\":\"https:\\\/\\\/skaitytaknyga.lt\\\/wp-content\\\/uploads\\\/2024\\\/05\\\/cropped-cropped-cropped-02_00843_jt3bggkj1j3HLc7SyY6rEUpg.jpeg\",\"width\":1600,\"height\":1600,\"caption\":\"skaitytaknyga.lt\"},\"image\":{\"@id\":\"https:\\\/\\\/skaitytaknyga.lt\\\/#\\\/schema\\\/logo\\\/image\\\/\"},\"sameAs\":[\"https:\\\/\\\/www.facebook.com\\\/skaitytaknyga\\\/\"]}]}<\/script>\n<!-- \/ Yoast SEO plugin. -->","yoast_head_json":{"title":"Skaitmenin\u0117 fotografija. 1 dalis","description":"Kaip pasiekti, kad j\u016bs\u0173 nuotraukos atrodyt\u0173 kaip profesional\u0173? Skaitmenin\u0117s fotografijos eroje tai n\u0117ra labai sud\u0117tinga, teigia populiariausias pasaulyje","robots":{"index":"index","follow":"follow","max-snippet":"max-snippet:-1","max-image-preview":"max-image-preview:large","max-video-preview":"max-video-preview:-1"},"canonical":"https:\/\/skaitytaknyga.lt\/en\/produktas\/skaitmenine-fotografija-1-dalis\/","og_locale":"en_GB","og_type":"article","og_title":"[:lt]Skaitmenin\u0117 fotografija. 1 dalis[:] - Skaitytaknyga","og_description":"Kaip pasiekti, kad j\u016bs\u0173 nuotraukos atrodyt\u0173 kaip profesional\u0173? Skaitmenin\u0117s fotografijos eroje tai n\u0117ra labai sud\u0117tinga, teigia populiariausias pasaulyje","og_url":"https:\/\/skaitytaknyga.lt\/en\/produktas\/skaitmenine-fotografija-1-dalis\/","og_site_name":"Skaitytaknyga","article_publisher":"https:\/\/www.facebook.com\/skaitytaknyga\/","article_modified_time":"2025-08-01T07:39:33+00:00","og_image":[{"width":496,"height":614,"url":"https:\/\/skaitytaknyga.lt\/wp-content\/uploads\/2025\/07\/Skaitmenine-fotografija.-1-dalis-1.webp","type":"image\/webp"}],"twitter_card":"summary_large_image","twitter_misc":{"Estimated reading time":"1 minute"},"schema":{"@context":"https:\/\/schema.org","@graph":[{"@type":"WebPage","@id":"https:\/\/skaitytaknyga.lt\/produktas\/skaitmenine-fotografija-1-dalis\/","url":"https:\/\/skaitytaknyga.lt\/produktas\/skaitmenine-fotografija-1-dalis\/","name":"Skaitmenin\u0117 fotografija. 1 dalis","isPartOf":{"@id":"https:\/\/skaitytaknyga.lt\/#website"},"primaryImageOfPage":{"@id":"https:\/\/skaitytaknyga.lt\/produktas\/skaitmenine-fotografija-1-dalis\/#primaryimage"},"image":{"@id":"https:\/\/skaitytaknyga.lt\/produktas\/skaitmenine-fotografija-1-dalis\/#primaryimage"},"thumbnailUrl":"https:\/\/skaitytaknyga.lt\/wp-content\/uploads\/2025\/07\/Skaitmenine-fotografija.-1-dalis-1.webp","datePublished":"2025-07-31T05:41:38+00:00","dateModified":"2025-08-01T07:39:33+00:00","description":"Kaip pasiekti, kad j\u016bs\u0173 nuotraukos atrodyt\u0173 kaip profesional\u0173? Skaitmenin\u0117s fotografijos eroje tai n\u0117ra labai sud\u0117tinga, teigia populiariausias pasaulyje","breadcrumb":{"@id":"https:\/\/skaitytaknyga.lt\/produktas\/skaitmenine-fotografija-1-dalis\/#breadcrumb"},"inLanguage":"en-GB","potentialAction":[{"@type":"ReadAction","target":["https:\/\/skaitytaknyga.lt\/produktas\/skaitmenine-fotografija-1-dalis\/"]}]},{"@type":"ImageObject","inLanguage":"en-GB","@id":"https:\/\/skaitytaknyga.lt\/produktas\/skaitmenine-fotografija-1-dalis\/#primaryimage","url":"https:\/\/skaitytaknyga.lt\/wp-content\/uploads\/2025\/07\/Skaitmenine-fotografija.-1-dalis-1.webp","contentUrl":"https:\/\/skaitytaknyga.lt\/wp-content\/uploads\/2025\/07\/Skaitmenine-fotografija.-1-dalis-1.webp","width":496,"height":614},{"@type":"BreadcrumbList","@id":"https:\/\/skaitytaknyga.lt\/produktas\/skaitmenine-fotografija-1-dalis\/#breadcrumb","itemListElement":[{"@type":"ListItem","position":1,"name":"Home","item":"https:\/\/skaitytaknyga.lt\/"},{"@type":"ListItem","position":2,"name":"Parduotuv\u0117","item":"https:\/\/skaitytaknyga.lt\/knygu-parduotuve\/"},{"@type":"ListItem","position":3,"name":"Skaitmenin\u0117 fotografija. 1 dalis"}]},{"@type":"WebSite","@id":"https:\/\/skaitytaknyga.lt\/#website","url":"https:\/\/skaitytaknyga.lt\/","name":"skaitytaknyga.lt","description":"Skaitytaknyga.lt \u2013 tai ma\u017eas \u0161eimos verslas, kuris prasid\u0117jo nuo meil\u0117s knygoms ir siekio i\u0161gelb\u0117ti knygas nuo likimo prie konteinerio. Kas vienam nereikalingas daiktas \u2013 kitam lobis, o mes esame tarpininkai, kurie padeda abiems tapti laimingesniems ???? \u017dinome kaip nelengva i\u0161gyventi ma\u017eiems verslams, tad nuo \u0161iol, \u010dia rasite ir kit\u0173, ma\u017e\u0173 \u0161eim\u0173 versl\u0173, rank\u0173 darbo, dovan\u0173 sau ir artimiesiems.","publisher":{"@id":"https:\/\/skaitytaknyga.lt\/#organization"},"potentialAction":[{"@type":"SearchAction","target":{"@type":"EntryPoint","urlTemplate":"https:\/\/skaitytaknyga.lt\/?s={search_term_string}"},"query-input":{"@type":"PropertyValueSpecification","valueRequired":true,"valueName":"search_term_string"}}],"inLanguage":"en-GB"},{"@type":"Organization","@id":"https:\/\/skaitytaknyga.lt\/#organization","name":"skaitytaknyga.lt","url":"https:\/\/skaitytaknyga.lt\/","logo":{"@type":"ImageObject","inLanguage":"en-GB","@id":"https:\/\/skaitytaknyga.lt\/#\/schema\/logo\/image\/","url":"https:\/\/skaitytaknyga.lt\/wp-content\/uploads\/2024\/05\/cropped-cropped-cropped-02_00843_jt3bggkj1j3HLc7SyY6rEUpg.jpeg","contentUrl":"https:\/\/skaitytaknyga.lt\/wp-content\/uploads\/2024\/05\/cropped-cropped-cropped-02_00843_jt3bggkj1j3HLc7SyY6rEUpg.jpeg","width":1600,"height":1600,"caption":"skaitytaknyga.lt"},"image":{"@id":"https:\/\/skaitytaknyga.lt\/#\/schema\/logo\/image\/"},"sameAs":["https:\/\/www.facebook.com\/skaitytaknyga\/"]}]}},"_links":{"self":[{"href":"https:\/\/skaitytaknyga.lt\/en\/wp-json\/wp\/v2\/product\/20049","targetHints":{"allow":["GET"]}}],"collection":[{"href":"https:\/\/skaitytaknyga.lt\/en\/wp-json\/wp\/v2\/product"}],"about":[{"href":"https:\/\/skaitytaknyga.lt\/en\/wp-json\/wp\/v2\/types\/product"}],"replies":[{"embeddable":true,"href":"https:\/\/skaitytaknyga.lt\/en\/wp-json\/wp\/v2\/comments?post=20049"}],"wp:featuredmedia":[{"embeddable":true,"href":"https:\/\/skaitytaknyga.lt\/en\/wp-json\/wp\/v2\/media\/20052"}],"wp:attachment":[{"href":"https:\/\/skaitytaknyga.lt\/en\/wp-json\/wp\/v2\/media?parent=20049"}],"wp:term":[{"taxonomy":"product_brand","embeddable":true,"href":"https:\/\/skaitytaknyga.lt\/en\/wp-json\/wp\/v2\/product_brand?post=20049"},{"taxonomy":"product_cat","embeddable":true,"href":"https:\/\/skaitytaknyga.lt\/en\/wp-json\/wp\/v2\/product_cat?post=20049"},{"taxonomy":"product_tag","embeddable":true,"href":"https:\/\/skaitytaknyga.lt\/en\/wp-json\/wp\/v2\/product_tag?post=20049"}],"curies":[{"name":"wp","href":"https:\/\/api.w.org\/{rel}","templated":true}]}}