{"id":20046,"date":"2025-07-31T08:31:45","date_gmt":"2025-07-31T05:31:45","guid":{"rendered":"https:\/\/skaitytaknyga.lt\/?post_type=product&#038;p=20046"},"modified":"2025-08-11T16:58:18","modified_gmt":"2025-08-11T13:58:18","slug":"diplomatine-teise","status":"publish","type":"product","link":"https:\/\/skaitytaknyga.lt\/en\/produktas\/diplomatine-teise\/","title":{"rendered":"Diplomatin\u0117 teis\u0117"},"content":{"rendered":"<p>Knyga tur\u0117t\u0173 b\u016bti naudinga teis\u0117s mokslininkams, taip pat bus reikalinga studijuojantiems tarptautin\u0119 teis\u0119 bei tarptautinius santykius. Leidinys bus \u012fdomus ir reik\u0161mingas kiekvienam diplomatija ir tarptautiniais santykiais besidomin\u010diam skaitytojui bei diplomatini\u0173 tarnyb\u0173 darbuotojams.<br \/>\nMonografija &#8220;Diplomatin\u0117 teis\u0117&#8221; yra pirmasis Lietuvoje publikuojamas platus \u0161iuolaikin\u0117s diplomatin\u0117s teis\u0117s tyrin\u0117jimas. Lietuvos Respublikos diplomatini\u0173 santyki\u0173 raida ir j\u0173 intensyvumas daro \u0161i\u0105 monografija, aktualia tiek moksliniu, tiek praktiniu po\u017ei\u016briu. Ra\u0161ydami knyg\u0105 autoriai pasir\u0117m\u0117 labai solid\u017eia \u0161altini\u0173 baze, panaudojo gausi\u0105 mokslin\u0119 literat\u016br\u0105 \u012fvairiomis kalbomis, diplomatin\u0117s teis\u0117s \u0161altinius bei tarptautini\u0173 teism\u0173 praktik\u0105. Visa tai nagrin\u0117jama nacionalin\u0117s diplomatines teises kontekste. Kartu \u0161i monografija yra originalus darbas, kuriuo gal\u0117s remtis tarptautin\u0117s teis\u0117s bei tarptautini\u0173 santyki\u0173 specialistai bei studentai. Knyga tikrai prapl\u0117s akirat\u012f ir pla\u010diosios visuomen\u0117s, besidomin\u010dios diplomatijos istorija bei aktualijomis. Juo labiau, kad sklandus teksto stilius ir gaus\u016bs diplomatin\u0117s praktikos pavyzd\u017eiai tur\u0117t\u0173 patraukti visus tiek atid\u017eiai studijuojan\u010dius, tiek tik laisvalaikiu skaitan\u010dius. Knygos vert\u0119 didina tai, kad joje nagrin\u0117jami ir naujausi diplomatin\u0117s teis\u0117s aspektai &#8211; pastar\u0173j\u0173 met\u0173 Europos S\u0105jungos u\u017esienio santyki\u0173 raida bei jos perspektyvos. (Prof. habil.dr. Vilenas Vadapalas)<\/p>\n","protected":false},"excerpt":{"rendered":"<p>Knyga tur\u0117t\u0173 b\u016bti naudinga teis\u0117s mokslininkams, taip pat bus reikalinga studijuojantiems tarptautin\u0119 teis\u0119 bei tarptautinius santykius. Leidinys bus \u012fdomus ir reik\u0161mingas kiekvienam diplomatija ir tarptautiniais santykiais besidomin\u010diam skaitytojui bei diplomatini\u0173 tarnyb\u0173 darbuotojams. Monografija &#8220;Diplomatin\u0117 teis\u0117&#8221; yra pirmasis Lietuvoje publikuojamas platus \u0161iuolaikin\u0117s diplomatin\u0117s teis\u0117s tyrin\u0117jimas. Lietuvos Respublikos diplomatini\u0173 santyki\u0173 raida ir j\u0173 intensyvumas daro \u0161i\u0105 monografija, aktualia tiek moksliniu, tiek praktiniu po\u017ei\u016briu. Ra\u0161ydami knyg\u0105 autoriai pasir\u0117m\u0117 labai solid\u017eia \u0161altini\u0173 baze, panaudojo gausi\u0105 mokslin\u0119 literat\u016br\u0105 \u012fvairiomis kalbomis, diplomatin\u0117s teis\u0117s \u0161altinius bei tarptautini\u0173 teism\u0173 praktik\u0105. Visa tai nagrin\u0117jama nacionalin\u0117s diplomatines teises kontekste. Kartu \u0161i monografija yra originalus darbas, kuriuo gal\u0117s remtis tarptautin\u0117s teis\u0117s bei tarptautini\u0173 santyki\u0173 specialistai bei studentai. Knyga tikrai prapl\u0117s akirat\u012f ir pla\u010diosios visuomen\u0117s, besidomin\u010dios diplomatijos istorija bei aktualijomis. Juo labiau, kad sklandus teksto stilius ir gaus\u016bs diplomatin\u0117s praktikos pavyzd\u017eiai tur\u0117t\u0173 patraukti visus tiek atid\u017eiai studijuojan\u010dius, tiek tik laisvalaikiu skaitan\u010dius. Knygos vert\u0119 didina tai, kad joje nagrin\u0117jami ir naujausi diplomatin\u0117s teis\u0117s aspektai &#8211; pastar\u0173j\u0173 met\u0173 Europos S\u0105jungos u\u017esienio santyki\u0173 raida bei jos perspektyvos. (Prof. habil.dr. Vilenas Vadapalas)<\/p>\n","protected":false},"featured_media":20047,"comment_status":"open","ping_status":"closed","template":"","meta":{"_acf_changed":false,"site-sidebar-layout":"default","site-content-layout":"","ast-site-content-layout":"default","site-content-style":"default","site-sidebar-style":"default","ast-global-header-display":"","ast-banner-title-visibility":"","ast-main-header-display":"","ast-hfb-above-header-display":"","ast-hfb-below-header-display":"","ast-hfb-mobile-header-display":"","site-post-title":"","ast-breadcrumbs-content":"","ast-featured-img":"","footer-sml-layout":"","ast-disable-related-posts":"","theme-transparent-header-meta":"","adv-header-id-meta":"","stick-header-meta":"","header-above-stick-meta":"","header-main-stick-meta":"","header-below-stick-meta":"","astra-migrate-meta-layouts":"default","ast-page-background-enabled":"default","ast-page-background-meta":{"desktop":{"background-color":"","background-image":"","background-repeat":"repeat","background-position":"center center","background-size":"auto","background-attachment":"scroll","background-type":"","background-media":"","overlay-type":"","overlay-color":"","overlay-opacity":"","overlay-gradient":""},"tablet":{"background-color":"","background-image":"","background-repeat":"repeat","background-position":"center center","background-size":"auto","background-attachment":"scroll","background-type":"","background-media":"","overlay-type":"","overlay-color":"","overlay-opacity":"","overlay-gradient":""},"mobile":{"background-color":"","background-image":"","background-repeat":"repeat","background-position":"center center","background-size":"auto","background-attachment":"scroll","background-type":"","background-media":"","overlay-type":"","overlay-color":"","overlay-opacity":"","overlay-gradient":""}},"ast-content-background-meta":{"desktop":{"background-color":"var(--ast-global-color-4)","background-image":"","background-repeat":"repeat","background-position":"center center","background-size":"auto","background-attachment":"scroll","background-type":"","background-media":"","overlay-type":"","overlay-color":"","overlay-opacity":"","overlay-gradient":""},"tablet":{"background-color":"var(--ast-global-color-4)","background-image":"","background-repeat":"repeat","background-position":"center center","background-size":"auto","background-attachment":"scroll","background-type":"","background-media":"","overlay-type":"","overlay-color":"","overlay-opacity":"","overlay-gradient":""},"mobile":{"background-color":"var(--ast-global-color-4)","background-image":"","background-repeat":"repeat","background-position":"center center","background-size":"auto","background-attachment":"scroll","background-type":"","background-media":"","overlay-type":"","overlay-color":"","overlay-opacity":"","overlay-gradient":""}}},"product_brand":[],"product_cat":[15],"product_tag":[7213,2860,7214,2862,2096,7215],"class_list":{"0":"post-20046","1":"product","2":"type-product","3":"status-publish","4":"has-post-thumbnail","6":"product_cat-uncategorized","7":"product_tag-dainius-zalimas","8":"product_tag-diplomatija","9":"product_tag-skirgaile-zalimiene","10":"product_tag-tarptautiniai-santykiai","11":"product_tag-teise","12":"product_tag-zenonas-petrauskas","13":"desktop-align-left","14":"tablet-align-left","15":"mobile-align-left","17":"first","18":"outofstock","19":"shipping-taxable","20":"purchasable","21":"product-type-simple"},"acf":[],"yoast_head":"<!-- This site is optimized with the Yoast SEO plugin v27.0 - https:\/\/yoast.com\/product\/yoast-seo-wordpress\/ -->\n<title>Diplomatin\u0117 teis\u0117<\/title>\n<meta name=\"description\" content=\"Knyga tur\u0117t\u0173 b\u016bti naudinga teis\u0117s mokslininkams, taip pat bus reikalinga studijuojantiems tarptautin\u0119 teis\u0119 bei tarptautinius santykius. Leidinys bus\" \/>\n<meta name=\"robots\" content=\"index, follow, max-snippet:-1, max-image-preview:large, max-video-preview:-1\" \/>\n<link rel=\"canonical\" href=\"https:\/\/skaitytaknyga.lt\/en\/produktas\/diplomatine-teise\/\" \/>\n<meta property=\"og:locale\" content=\"en_GB\" \/>\n<meta property=\"og:locale:alternate\" content=\"lt_LT\" \/>\n<meta property=\"og:type\" content=\"article\" \/>\n<meta property=\"og:title\" content=\"Diplomatin\u0117 teis\u0117\" \/>\n<meta property=\"og:description\" content=\"Knyga tur\u0117t\u0173 b\u016bti naudinga teis\u0117s mokslininkams, taip pat bus reikalinga studijuojantiems tarptautin\u0119 teis\u0119 bei tarptautinius santykius. Leidinys bus\" \/>\n<meta property=\"og:url\" content=\"https:\/\/skaitytaknyga.lt\/en\/produktas\/diplomatine-teise\/\" \/>\n<meta property=\"og:site_name\" content=\"Skaitytaknyga\" \/>\n<meta property=\"article:publisher\" content=\"https:\/\/www.facebook.com\/skaitytaknyga\/\" \/>\n<meta property=\"article:modified_time\" content=\"2025-08-11T13:58:18+00:00\" \/>\n<meta property=\"og:image\" content=\"https:\/\/skaitytaknyga.lt\/wp-content\/uploads\/2025\/07\/Diplomatine-teise.jpg\" \/>\n\t<meta property=\"og:image:width\" content=\"600\" \/>\n\t<meta property=\"og:image:height\" content=\"858\" \/>\n\t<meta property=\"og:image:type\" content=\"image\/jpeg\" \/>\n<meta name=\"twitter:card\" content=\"summary_large_image\" \/>\n<meta name=\"twitter:label1\" content=\"Estimated reading time\" \/>\n\t<meta name=\"twitter:data1\" content=\"1 minute\" \/>\n<script type=\"application\/ld+json\" class=\"yoast-schema-graph\">{\"@context\":\"https:\/\/schema.org\",\"@graph\":[{\"@type\":\"WebPage\",\"@id\":\"https:\/\/skaitytaknyga.lt\/produktas\/diplomatine-teise\/\",\"url\":\"https:\/\/skaitytaknyga.lt\/produktas\/diplomatine-teise\/\",\"name\":\"Diplomatin\u0117 teis\u0117\",\"isPartOf\":{\"@id\":\"https:\/\/skaitytaknyga.lt\/#website\"},\"primaryImageOfPage\":{\"@id\":\"https:\/\/skaitytaknyga.lt\/produktas\/diplomatine-teise\/#primaryimage\"},\"image\":{\"@id\":\"https:\/\/skaitytaknyga.lt\/produktas\/diplomatine-teise\/#primaryimage\"},\"thumbnailUrl\":\"https:\/\/skaitytaknyga.lt\/wp-content\/uploads\/2025\/07\/Diplomatine-teise.jpg\",\"datePublished\":\"2025-07-31T05:31:45+00:00\",\"dateModified\":\"2025-08-11T13:58:18+00:00\",\"description\":\"Knyga tur\u0117t\u0173 b\u016bti naudinga teis\u0117s mokslininkams, taip pat bus reikalinga studijuojantiems tarptautin\u0119 teis\u0119 bei tarptautinius santykius. Leidinys bus\",\"breadcrumb\":{\"@id\":\"https:\/\/skaitytaknyga.lt\/produktas\/diplomatine-teise\/#breadcrumb\"},\"inLanguage\":\"en-GB\",\"potentialAction\":[{\"@type\":\"ReadAction\",\"target\":[\"https:\/\/skaitytaknyga.lt\/produktas\/diplomatine-teise\/\"]}]},{\"@type\":\"ImageObject\",\"inLanguage\":\"en-GB\",\"@id\":\"https:\/\/skaitytaknyga.lt\/produktas\/diplomatine-teise\/#primaryimage\",\"url\":\"https:\/\/skaitytaknyga.lt\/wp-content\/uploads\/2025\/07\/Diplomatine-teise.jpg\",\"contentUrl\":\"https:\/\/skaitytaknyga.lt\/wp-content\/uploads\/2025\/07\/Diplomatine-teise.jpg\",\"width\":600,\"height\":858,\"caption\":\"Diplomatin\u0117 teis\u0117\"},{\"@type\":\"BreadcrumbList\",\"@id\":\"https:\/\/skaitytaknyga.lt\/produktas\/diplomatine-teise\/#breadcrumb\",\"itemListElement\":[{\"@type\":\"ListItem\",\"position\":1,\"name\":\"Home\",\"item\":\"https:\/\/skaitytaknyga.lt\/\"},{\"@type\":\"ListItem\",\"position\":2,\"name\":\"Parduotuv\u0117\",\"item\":\"https:\/\/skaitytaknyga.lt\/knygu-parduotuve\/\"},{\"@type\":\"ListItem\",\"position\":3,\"name\":\"Diplomatin\u0117 teis\u0117\"}]},{\"@type\":\"WebSite\",\"@id\":\"https:\/\/skaitytaknyga.lt\/#website\",\"url\":\"https:\/\/skaitytaknyga.lt\/\",\"name\":\"skaitytaknyga.lt\",\"description\":\"Skaitytaknyga.lt \u2013 tai ma\u017eas \u0161eimos verslas, kuris prasid\u0117jo nuo meil\u0117s knygoms ir siekio i\u0161gelb\u0117ti knygas nuo likimo prie konteinerio. Kas vienam nereikalingas daiktas \u2013 kitam lobis, o mes esame tarpininkai, kurie padeda abiems tapti laimingesniems ???? \u017dinome kaip nelengva i\u0161gyventi ma\u017eiems verslams, tad nuo \u0161iol, \u010dia rasite ir kit\u0173, ma\u017e\u0173 \u0161eim\u0173 versl\u0173, rank\u0173 darbo, dovan\u0173 sau ir artimiesiems.\",\"publisher\":{\"@id\":\"https:\/\/skaitytaknyga.lt\/#organization\"},\"potentialAction\":[{\"@type\":\"SearchAction\",\"target\":{\"@type\":\"EntryPoint\",\"urlTemplate\":\"https:\/\/skaitytaknyga.lt\/?s={search_term_string}\"},\"query-input\":{\"@type\":\"PropertyValueSpecification\",\"valueRequired\":true,\"valueName\":\"search_term_string\"}}],\"inLanguage\":\"en-GB\"},{\"@type\":\"Organization\",\"@id\":\"https:\/\/skaitytaknyga.lt\/#organization\",\"name\":\"skaitytaknyga.lt\",\"url\":\"https:\/\/skaitytaknyga.lt\/\",\"logo\":{\"@type\":\"ImageObject\",\"inLanguage\":\"en-GB\",\"@id\":\"https:\/\/skaitytaknyga.lt\/#\/schema\/logo\/image\/\",\"url\":\"https:\/\/skaitytaknyga.lt\/wp-content\/uploads\/2024\/05\/cropped-cropped-cropped-02_00843_jt3bggkj1j3HLc7SyY6rEUpg.jpeg\",\"contentUrl\":\"https:\/\/skaitytaknyga.lt\/wp-content\/uploads\/2024\/05\/cropped-cropped-cropped-02_00843_jt3bggkj1j3HLc7SyY6rEUpg.jpeg\",\"width\":1600,\"height\":1600,\"caption\":\"skaitytaknyga.lt\"},\"image\":{\"@id\":\"https:\/\/skaitytaknyga.lt\/#\/schema\/logo\/image\/\"},\"sameAs\":[\"https:\/\/www.facebook.com\/skaitytaknyga\/\"]}]}<\/script>\n<!-- \/ Yoast SEO plugin. -->","yoast_head_json":{"title":"Diplomatin\u0117 teis\u0117","description":"Knyga tur\u0117t\u0173 b\u016bti naudinga teis\u0117s mokslininkams, taip pat bus reikalinga studijuojantiems tarptautin\u0119 teis\u0119 bei tarptautinius santykius. Leidinys bus","robots":{"index":"index","follow":"follow","max-snippet":"max-snippet:-1","max-image-preview":"max-image-preview:large","max-video-preview":"max-video-preview:-1"},"canonical":"https:\/\/skaitytaknyga.lt\/en\/produktas\/diplomatine-teise\/","og_locale":"en_GB","og_type":"article","og_title":"[:lt]Diplomatin\u0117 teis\u0117[:] - Skaitytaknyga","og_description":"Knyga tur\u0117t\u0173 b\u016bti naudinga teis\u0117s mokslininkams, taip pat bus reikalinga studijuojantiems tarptautin\u0119 teis\u0119 bei tarptautinius santykius. Leidinys bus","og_url":"https:\/\/skaitytaknyga.lt\/en\/produktas\/diplomatine-teise\/","og_site_name":"Skaitytaknyga","article_publisher":"https:\/\/www.facebook.com\/skaitytaknyga\/","article_modified_time":"2025-08-11T13:58:18+00:00","og_image":[{"width":600,"height":858,"url":"https:\/\/skaitytaknyga.lt\/wp-content\/uploads\/2025\/07\/Diplomatine-teise.jpg","type":"image\/jpeg"}],"twitter_card":"summary_large_image","twitter_misc":{"Estimated reading time":"1 minute"},"schema":{"@context":"https:\/\/schema.org","@graph":[{"@type":"WebPage","@id":"https:\/\/skaitytaknyga.lt\/produktas\/diplomatine-teise\/","url":"https:\/\/skaitytaknyga.lt\/produktas\/diplomatine-teise\/","name":"Diplomatin\u0117 teis\u0117","isPartOf":{"@id":"https:\/\/skaitytaknyga.lt\/#website"},"primaryImageOfPage":{"@id":"https:\/\/skaitytaknyga.lt\/produktas\/diplomatine-teise\/#primaryimage"},"image":{"@id":"https:\/\/skaitytaknyga.lt\/produktas\/diplomatine-teise\/#primaryimage"},"thumbnailUrl":"https:\/\/skaitytaknyga.lt\/wp-content\/uploads\/2025\/07\/Diplomatine-teise.jpg","datePublished":"2025-07-31T05:31:45+00:00","dateModified":"2025-08-11T13:58:18+00:00","description":"Knyga tur\u0117t\u0173 b\u016bti naudinga teis\u0117s mokslininkams, taip pat bus reikalinga studijuojantiems tarptautin\u0119 teis\u0119 bei tarptautinius santykius. Leidinys bus","breadcrumb":{"@id":"https:\/\/skaitytaknyga.lt\/produktas\/diplomatine-teise\/#breadcrumb"},"inLanguage":"en-GB","potentialAction":[{"@type":"ReadAction","target":["https:\/\/skaitytaknyga.lt\/produktas\/diplomatine-teise\/"]}]},{"@type":"ImageObject","inLanguage":"en-GB","@id":"https:\/\/skaitytaknyga.lt\/produktas\/diplomatine-teise\/#primaryimage","url":"https:\/\/skaitytaknyga.lt\/wp-content\/uploads\/2025\/07\/Diplomatine-teise.jpg","contentUrl":"https:\/\/skaitytaknyga.lt\/wp-content\/uploads\/2025\/07\/Diplomatine-teise.jpg","width":600,"height":858,"caption":"Diplomatin\u0117 teis\u0117"},{"@type":"BreadcrumbList","@id":"https:\/\/skaitytaknyga.lt\/produktas\/diplomatine-teise\/#breadcrumb","itemListElement":[{"@type":"ListItem","position":1,"name":"Home","item":"https:\/\/skaitytaknyga.lt\/"},{"@type":"ListItem","position":2,"name":"Parduotuv\u0117","item":"https:\/\/skaitytaknyga.lt\/knygu-parduotuve\/"},{"@type":"ListItem","position":3,"name":"Diplomatin\u0117 teis\u0117"}]},{"@type":"WebSite","@id":"https:\/\/skaitytaknyga.lt\/#website","url":"https:\/\/skaitytaknyga.lt\/","name":"skaitytaknyga.lt","description":"Skaitytaknyga.lt \u2013 tai ma\u017eas \u0161eimos verslas, kuris prasid\u0117jo nuo meil\u0117s knygoms ir siekio i\u0161gelb\u0117ti knygas nuo likimo prie konteinerio. Kas vienam nereikalingas daiktas \u2013 kitam lobis, o mes esame tarpininkai, kurie padeda abiems tapti laimingesniems ???? \u017dinome kaip nelengva i\u0161gyventi ma\u017eiems verslams, tad nuo \u0161iol, \u010dia rasite ir kit\u0173, ma\u017e\u0173 \u0161eim\u0173 versl\u0173, rank\u0173 darbo, dovan\u0173 sau ir artimiesiems.","publisher":{"@id":"https:\/\/skaitytaknyga.lt\/#organization"},"potentialAction":[{"@type":"SearchAction","target":{"@type":"EntryPoint","urlTemplate":"https:\/\/skaitytaknyga.lt\/?s={search_term_string}"},"query-input":{"@type":"PropertyValueSpecification","valueRequired":true,"valueName":"search_term_string"}}],"inLanguage":"en-GB"},{"@type":"Organization","@id":"https:\/\/skaitytaknyga.lt\/#organization","name":"skaitytaknyga.lt","url":"https:\/\/skaitytaknyga.lt\/","logo":{"@type":"ImageObject","inLanguage":"en-GB","@id":"https:\/\/skaitytaknyga.lt\/#\/schema\/logo\/image\/","url":"https:\/\/skaitytaknyga.lt\/wp-content\/uploads\/2024\/05\/cropped-cropped-cropped-02_00843_jt3bggkj1j3HLc7SyY6rEUpg.jpeg","contentUrl":"https:\/\/skaitytaknyga.lt\/wp-content\/uploads\/2024\/05\/cropped-cropped-cropped-02_00843_jt3bggkj1j3HLc7SyY6rEUpg.jpeg","width":1600,"height":1600,"caption":"skaitytaknyga.lt"},"image":{"@id":"https:\/\/skaitytaknyga.lt\/#\/schema\/logo\/image\/"},"sameAs":["https:\/\/www.facebook.com\/skaitytaknyga\/"]}]}},"_links":{"self":[{"href":"https:\/\/skaitytaknyga.lt\/en\/wp-json\/wp\/v2\/product\/20046","targetHints":{"allow":["GET"]}}],"collection":[{"href":"https:\/\/skaitytaknyga.lt\/en\/wp-json\/wp\/v2\/product"}],"about":[{"href":"https:\/\/skaitytaknyga.lt\/en\/wp-json\/wp\/v2\/types\/product"}],"replies":[{"embeddable":true,"href":"https:\/\/skaitytaknyga.lt\/en\/wp-json\/wp\/v2\/comments?post=20046"}],"wp:featuredmedia":[{"embeddable":true,"href":"https:\/\/skaitytaknyga.lt\/en\/wp-json\/wp\/v2\/media\/20047"}],"wp:attachment":[{"href":"https:\/\/skaitytaknyga.lt\/en\/wp-json\/wp\/v2\/media?parent=20046"}],"wp:term":[{"taxonomy":"product_brand","embeddable":true,"href":"https:\/\/skaitytaknyga.lt\/en\/wp-json\/wp\/v2\/product_brand?post=20046"},{"taxonomy":"product_cat","embeddable":true,"href":"https:\/\/skaitytaknyga.lt\/en\/wp-json\/wp\/v2\/product_cat?post=20046"},{"taxonomy":"product_tag","embeddable":true,"href":"https:\/\/skaitytaknyga.lt\/en\/wp-json\/wp\/v2\/product_tag?post=20046"}],"curies":[{"name":"wp","href":"https:\/\/api.w.org\/{rel}","templated":true}]}}