{"id":20044,"date":"2025-07-30T22:12:49","date_gmt":"2025-07-30T19:12:49","guid":{"rendered":"https:\/\/skaitytaknyga.lt\/?post_type=product&#038;p=20044"},"modified":"2025-07-31T08:43:54","modified_gmt":"2025-07-31T05:43:54","slug":"klounas-salimaras","status":"publish","type":"product","link":"https:\/\/skaitytaknyga.lt\/en\/produktas\/klounas-salimaras\/","title":{"rendered":"Klounas \u0160alimaras"},"content":{"rendered":"<p>Tai naujausia S. Rushdie knyga, kurioje, gretindamas skirtingus tik\u0117jimus ir kult\u016bras, ra\u0161ytojas analizuoja terorizmo i\u0161takas. Knygoje susipina politinio trilerio, farso, magi\u0161kojo realizmo, tautosakos elementai. \u201eKlounas \u0160alimaras\u201c \u2013 meil\u0117s, garb\u0117s ir ker\u0161to istorija, d\u0117l universali\u0173 dalyk\u0173 atspind\u0117jimo kritik\u0173 vadinama \u017emonijos poelgi\u0173 ir jausm\u0173 veidrod\u017eiu.<\/p>\n<p>Gra\u017euol\u0117 \u0161ok\u0117ja Bunji \u012fsimyli lyno akrobat\u0105, pasivadinus\u012f klounu \u0160alimaru. J\u0173dviej\u0173 meil\u0117 skleid\u017eiasi nuostabios Ka\u0161myro gamtos fone. \u010cia taikiai sugyvena hinduistai ir musulmonai. Ta\u010diau idilei ateina galas, kai kra\u0161te prasideda teroro i\u0161puoliai. Konflikt\u0105 spr\u0119sti \u012fgaliojamas Maksas Ofiulsas \u2013 Pasiprie\u0161inimo jud\u0117jimo dalyvis, diplomatas, JAV slapt\u0173j\u0173 tarnyb\u0173 agentas ir&#8230; daugelio moter\u0173 numyl\u0117tinis.<\/p>\n<p>Per ambasadoriaus Makso Ofiulso garbei surengt\u0105 vakar\u0105 Bunji \u0161oka tik jam, ir jis pajunta nenumaldom\u0105 trauk\u0105 \u0161iai merginai. Bunji palieka gimt\u0105j\u012f kaim\u0105, savo vyr\u0105 kloun\u0105 \u0160alimar\u0105 ir tampa ambasadoriaus meilu\u017ee. V\u0117liau Maksas Ofiulsas nu\u017eudomas. Jo dukt\u0117 Indija ry\u017etasi ie\u0161koti savo motinos, kurios nepa\u017einojo, p\u0117dsak\u0173 ir atker\u0161yti \u017eudikui&#8230;<\/p>\n","protected":false},"excerpt":{"rendered":"<p>Tai naujausia S. Rushdie knyga, kurioje, gretindamas skirtingus tik\u0117jimus ir kult\u016bras, ra\u0161ytojas analizuoja terorizmo i\u0161takas. Knygoje susipina politinio trilerio, farso, magi\u0161kojo realizmo, tautosakos elementai. \u201eKlounas \u0160alimaras\u201c \u2013 meil\u0117s, garb\u0117s ir ker\u0161to istorija, d\u0117l universali\u0173 dalyk\u0173 atspind\u0117jimo kritik\u0173 vadinama \u017emonijos poelgi\u0173 ir jausm\u0173 veidrod\u017eiu. Gra\u017euol\u0117 \u0161ok\u0117ja Bunji \u012fsimyli lyno akrobat\u0105, pasivadinus\u012f klounu \u0160alimaru. J\u0173dviej\u0173 meil\u0117 skleid\u017eiasi nuostabios Ka\u0161myro gamtos fone. \u010cia taikiai sugyvena hinduistai ir musulmonai. Ta\u010diau idilei ateina galas, kai kra\u0161te prasideda teroro i\u0161puoliai. Konflikt\u0105 spr\u0119sti \u012fgaliojamas Maksas Ofiulsas \u2013 Pasiprie\u0161inimo jud\u0117jimo dalyvis, diplomatas, JAV slapt\u0173j\u0173 tarnyb\u0173 agentas ir&#8230; daugelio moter\u0173 numyl\u0117tinis. Per ambasadoriaus Makso Ofiulso garbei surengt\u0105 vakar\u0105 Bunji \u0161oka tik jam, ir jis pajunta nenumaldom\u0105 trauk\u0105 \u0161iai merginai. Bunji palieka gimt\u0105j\u012f kaim\u0105, savo vyr\u0105 kloun\u0105 \u0160alimar\u0105 ir tampa ambasadoriaus meilu\u017ee. V\u0117liau Maksas Ofiulsas nu\u017eudomas. Jo dukt\u0117 Indija ry\u017etasi ie\u0161koti savo motinos, kurios nepa\u017einojo, p\u0117dsak\u0173 ir atker\u0161yti \u017eudikui&#8230;<\/p>\n","protected":false},"featured_media":20045,"comment_status":"open","ping_status":"closed","template":"","meta":{"_acf_changed":false,"site-sidebar-layout":"default","site-content-layout":"","ast-site-content-layout":"default","site-content-style":"default","site-sidebar-style":"default","ast-global-header-display":"","ast-banner-title-visibility":"","ast-main-header-display":"","ast-hfb-above-header-display":"","ast-hfb-below-header-display":"","ast-hfb-mobile-header-display":"","site-post-title":"","ast-breadcrumbs-content":"","ast-featured-img":"","footer-sml-layout":"","ast-disable-related-posts":"","theme-transparent-header-meta":"","adv-header-id-meta":"","stick-header-meta":"","header-above-stick-meta":"","header-main-stick-meta":"","header-below-stick-meta":"","astra-migrate-meta-layouts":"default","ast-page-background-enabled":"default","ast-page-background-meta":{"desktop":{"background-color":"","background-image":"","background-repeat":"repeat","background-position":"center center","background-size":"auto","background-attachment":"scroll","background-type":"","background-media":"","overlay-type":"","overlay-color":"","overlay-opacity":"","overlay-gradient":""},"tablet":{"background-color":"","background-image":"","background-repeat":"repeat","background-position":"center center","background-size":"auto","background-attachment":"scroll","background-type":"","background-media":"","overlay-type":"","overlay-color":"","overlay-opacity":"","overlay-gradient":""},"mobile":{"background-color":"","background-image":"","background-repeat":"repeat","background-position":"center center","background-size":"auto","background-attachment":"scroll","background-type":"","background-media":"","overlay-type":"","overlay-color":"","overlay-opacity":"","overlay-gradient":""}},"ast-content-background-meta":{"desktop":{"background-color":"var(--ast-global-color-4)","background-image":"","background-repeat":"repeat","background-position":"center center","background-size":"auto","background-attachment":"scroll","background-type":"","background-media":"","overlay-type":"","overlay-color":"","overlay-opacity":"","overlay-gradient":""},"tablet":{"background-color":"var(--ast-global-color-4)","background-image":"","background-repeat":"repeat","background-position":"center center","background-size":"auto","background-attachment":"scroll","background-type":"","background-media":"","overlay-type":"","overlay-color":"","overlay-opacity":"","overlay-gradient":""},"mobile":{"background-color":"var(--ast-global-color-4)","background-image":"","background-repeat":"repeat","background-position":"center center","background-size":"auto","background-attachment":"scroll","background-type":"","background-media":"","overlay-type":"","overlay-color":"","overlay-opacity":"","overlay-gradient":""}}},"product_brand":[],"product_cat":[31],"product_tag":[7100,5993,1748,3794,7099,7101],"class_list":{"0":"post-20044","1":"product","2":"type-product","3":"status-publish","4":"has-post-thumbnail","6":"product_cat-grozine-literatura","7":"product_tag-kasmyras","8":"product_tag-magiskas-realizmas","9":"product_tag-meiles-istorija","10":"product_tag-politinis-trileris","11":"product_tag-salman-rushdie","12":"product_tag-terorizmas","13":"desktop-align-left","14":"tablet-align-left","15":"mobile-align-left","17":"first","18":"instock","19":"shipping-taxable","20":"purchasable","21":"product-type-simple"},"acf":[],"yoast_head":"<!-- This site is optimized with the Yoast SEO plugin v27.0 - https:\/\/yoast.com\/product\/yoast-seo-wordpress\/ -->\n<title>Klounas \u0160alimaras<\/title>\n<meta name=\"description\" content=\"Tai naujausia S. Rushdie knyga, kurioje, gretindamas skirtingus tik\u0117jimus ir kult\u016bras, ra\u0161ytojas analizuoja terorizmo i\u0161takas. Knygoje susipina politinio\" \/>\n<meta name=\"robots\" content=\"index, follow, max-snippet:-1, max-image-preview:large, max-video-preview:-1\" \/>\n<link rel=\"canonical\" href=\"https:\/\/skaitytaknyga.lt\/en\/produktas\/klounas-salimaras\/\" \/>\n<meta property=\"og:locale\" content=\"en_GB\" \/>\n<meta property=\"og:locale:alternate\" content=\"lt_LT\" \/>\n<meta property=\"og:type\" content=\"article\" \/>\n<meta property=\"og:title\" content=\"Klounas \u0160alimaras\" \/>\n<meta property=\"og:description\" content=\"Tai naujausia S. Rushdie knyga, kurioje, gretindamas skirtingus tik\u0117jimus ir kult\u016bras, ra\u0161ytojas analizuoja terorizmo i\u0161takas. Knygoje susipina politinio\" \/>\n<meta property=\"og:url\" content=\"https:\/\/skaitytaknyga.lt\/en\/produktas\/klounas-salimaras\/\" \/>\n<meta property=\"og:site_name\" content=\"Skaitytaknyga\" \/>\n<meta property=\"article:publisher\" content=\"https:\/\/www.facebook.com\/skaitytaknyga\/\" \/>\n<meta property=\"article:modified_time\" content=\"2025-07-31T05:43:54+00:00\" \/>\n<meta property=\"og:image\" content=\"https:\/\/skaitytaknyga.lt\/wp-content\/uploads\/2025\/07\/Klounas-Salimaras-1.webp\" \/>\n\t<meta property=\"og:image:width\" content=\"497\" \/>\n\t<meta property=\"og:image:height\" content=\"801\" \/>\n\t<meta property=\"og:image:type\" content=\"image\/webp\" \/>\n<meta name=\"twitter:card\" content=\"summary_large_image\" \/>\n<meta name=\"twitter:label1\" content=\"Estimated reading time\" \/>\n\t<meta name=\"twitter:data1\" content=\"1 minute\" \/>\n<script type=\"application\/ld+json\" class=\"yoast-schema-graph\">{\"@context\":\"https:\/\/schema.org\",\"@graph\":[{\"@type\":\"WebPage\",\"@id\":\"https:\/\/skaitytaknyga.lt\/produktas\/klounas-salimaras\/\",\"url\":\"https:\/\/skaitytaknyga.lt\/produktas\/klounas-salimaras\/\",\"name\":\"Klounas \u0160alimaras\",\"isPartOf\":{\"@id\":\"https:\/\/skaitytaknyga.lt\/#website\"},\"primaryImageOfPage\":{\"@id\":\"https:\/\/skaitytaknyga.lt\/produktas\/klounas-salimaras\/#primaryimage\"},\"image\":{\"@id\":\"https:\/\/skaitytaknyga.lt\/produktas\/klounas-salimaras\/#primaryimage\"},\"thumbnailUrl\":\"https:\/\/skaitytaknyga.lt\/wp-content\/uploads\/2025\/07\/Klounas-Salimaras-1.webp\",\"datePublished\":\"2025-07-30T19:12:49+00:00\",\"dateModified\":\"2025-07-31T05:43:54+00:00\",\"description\":\"Tai naujausia S. Rushdie knyga, kurioje, gretindamas skirtingus tik\u0117jimus ir kult\u016bras, ra\u0161ytojas analizuoja terorizmo i\u0161takas. Knygoje susipina politinio\",\"breadcrumb\":{\"@id\":\"https:\/\/skaitytaknyga.lt\/produktas\/klounas-salimaras\/#breadcrumb\"},\"inLanguage\":\"en-GB\",\"potentialAction\":[{\"@type\":\"ReadAction\",\"target\":[\"https:\/\/skaitytaknyga.lt\/produktas\/klounas-salimaras\/\"]}]},{\"@type\":\"ImageObject\",\"inLanguage\":\"en-GB\",\"@id\":\"https:\/\/skaitytaknyga.lt\/produktas\/klounas-salimaras\/#primaryimage\",\"url\":\"https:\/\/skaitytaknyga.lt\/wp-content\/uploads\/2025\/07\/Klounas-Salimaras-1.webp\",\"contentUrl\":\"https:\/\/skaitytaknyga.lt\/wp-content\/uploads\/2025\/07\/Klounas-Salimaras-1.webp\",\"width\":497,\"height\":801},{\"@type\":\"BreadcrumbList\",\"@id\":\"https:\/\/skaitytaknyga.lt\/produktas\/klounas-salimaras\/#breadcrumb\",\"itemListElement\":[{\"@type\":\"ListItem\",\"position\":1,\"name\":\"Home\",\"item\":\"https:\/\/skaitytaknyga.lt\/\"},{\"@type\":\"ListItem\",\"position\":2,\"name\":\"Parduotuv\u0117\",\"item\":\"https:\/\/skaitytaknyga.lt\/knygu-parduotuve\/\"},{\"@type\":\"ListItem\",\"position\":3,\"name\":\"Klounas \u0160alimaras\"}]},{\"@type\":\"WebSite\",\"@id\":\"https:\/\/skaitytaknyga.lt\/#website\",\"url\":\"https:\/\/skaitytaknyga.lt\/\",\"name\":\"skaitytaknyga.lt\",\"description\":\"Skaitytaknyga.lt \u2013 tai ma\u017eas \u0161eimos verslas, kuris prasid\u0117jo nuo meil\u0117s knygoms ir siekio i\u0161gelb\u0117ti knygas nuo likimo prie konteinerio. Kas vienam nereikalingas daiktas \u2013 kitam lobis, o mes esame tarpininkai, kurie padeda abiems tapti laimingesniems ???? \u017dinome kaip nelengva i\u0161gyventi ma\u017eiems verslams, tad nuo \u0161iol, \u010dia rasite ir kit\u0173, ma\u017e\u0173 \u0161eim\u0173 versl\u0173, rank\u0173 darbo, dovan\u0173 sau ir artimiesiems.\",\"publisher\":{\"@id\":\"https:\/\/skaitytaknyga.lt\/#organization\"},\"potentialAction\":[{\"@type\":\"SearchAction\",\"target\":{\"@type\":\"EntryPoint\",\"urlTemplate\":\"https:\/\/skaitytaknyga.lt\/?s={search_term_string}\"},\"query-input\":{\"@type\":\"PropertyValueSpecification\",\"valueRequired\":true,\"valueName\":\"search_term_string\"}}],\"inLanguage\":\"en-GB\"},{\"@type\":\"Organization\",\"@id\":\"https:\/\/skaitytaknyga.lt\/#organization\",\"name\":\"skaitytaknyga.lt\",\"url\":\"https:\/\/skaitytaknyga.lt\/\",\"logo\":{\"@type\":\"ImageObject\",\"inLanguage\":\"en-GB\",\"@id\":\"https:\/\/skaitytaknyga.lt\/#\/schema\/logo\/image\/\",\"url\":\"https:\/\/skaitytaknyga.lt\/wp-content\/uploads\/2024\/05\/cropped-cropped-cropped-02_00843_jt3bggkj1j3HLc7SyY6rEUpg.jpeg\",\"contentUrl\":\"https:\/\/skaitytaknyga.lt\/wp-content\/uploads\/2024\/05\/cropped-cropped-cropped-02_00843_jt3bggkj1j3HLc7SyY6rEUpg.jpeg\",\"width\":1600,\"height\":1600,\"caption\":\"skaitytaknyga.lt\"},\"image\":{\"@id\":\"https:\/\/skaitytaknyga.lt\/#\/schema\/logo\/image\/\"},\"sameAs\":[\"https:\/\/www.facebook.com\/skaitytaknyga\/\"]}]}<\/script>\n<!-- \/ Yoast SEO plugin. -->","yoast_head_json":{"title":"Klounas \u0160alimaras","description":"Tai naujausia S. Rushdie knyga, kurioje, gretindamas skirtingus tik\u0117jimus ir kult\u016bras, ra\u0161ytojas analizuoja terorizmo i\u0161takas. Knygoje susipina politinio","robots":{"index":"index","follow":"follow","max-snippet":"max-snippet:-1","max-image-preview":"max-image-preview:large","max-video-preview":"max-video-preview:-1"},"canonical":"https:\/\/skaitytaknyga.lt\/en\/produktas\/klounas-salimaras\/","og_locale":"en_GB","og_type":"article","og_title":"[:lt]Klounas \u0160alimaras[:] - Skaitytaknyga","og_description":"Tai naujausia S. Rushdie knyga, kurioje, gretindamas skirtingus tik\u0117jimus ir kult\u016bras, ra\u0161ytojas analizuoja terorizmo i\u0161takas. Knygoje susipina politinio","og_url":"https:\/\/skaitytaknyga.lt\/en\/produktas\/klounas-salimaras\/","og_site_name":"Skaitytaknyga","article_publisher":"https:\/\/www.facebook.com\/skaitytaknyga\/","article_modified_time":"2025-07-31T05:43:54+00:00","og_image":[{"width":497,"height":801,"url":"https:\/\/skaitytaknyga.lt\/wp-content\/uploads\/2025\/07\/Klounas-Salimaras-1.webp","type":"image\/webp"}],"twitter_card":"summary_large_image","twitter_misc":{"Estimated reading time":"1 minute"},"schema":{"@context":"https:\/\/schema.org","@graph":[{"@type":"WebPage","@id":"https:\/\/skaitytaknyga.lt\/produktas\/klounas-salimaras\/","url":"https:\/\/skaitytaknyga.lt\/produktas\/klounas-salimaras\/","name":"Klounas \u0160alimaras","isPartOf":{"@id":"https:\/\/skaitytaknyga.lt\/#website"},"primaryImageOfPage":{"@id":"https:\/\/skaitytaknyga.lt\/produktas\/klounas-salimaras\/#primaryimage"},"image":{"@id":"https:\/\/skaitytaknyga.lt\/produktas\/klounas-salimaras\/#primaryimage"},"thumbnailUrl":"https:\/\/skaitytaknyga.lt\/wp-content\/uploads\/2025\/07\/Klounas-Salimaras-1.webp","datePublished":"2025-07-30T19:12:49+00:00","dateModified":"2025-07-31T05:43:54+00:00","description":"Tai naujausia S. Rushdie knyga, kurioje, gretindamas skirtingus tik\u0117jimus ir kult\u016bras, ra\u0161ytojas analizuoja terorizmo i\u0161takas. Knygoje susipina politinio","breadcrumb":{"@id":"https:\/\/skaitytaknyga.lt\/produktas\/klounas-salimaras\/#breadcrumb"},"inLanguage":"en-GB","potentialAction":[{"@type":"ReadAction","target":["https:\/\/skaitytaknyga.lt\/produktas\/klounas-salimaras\/"]}]},{"@type":"ImageObject","inLanguage":"en-GB","@id":"https:\/\/skaitytaknyga.lt\/produktas\/klounas-salimaras\/#primaryimage","url":"https:\/\/skaitytaknyga.lt\/wp-content\/uploads\/2025\/07\/Klounas-Salimaras-1.webp","contentUrl":"https:\/\/skaitytaknyga.lt\/wp-content\/uploads\/2025\/07\/Klounas-Salimaras-1.webp","width":497,"height":801},{"@type":"BreadcrumbList","@id":"https:\/\/skaitytaknyga.lt\/produktas\/klounas-salimaras\/#breadcrumb","itemListElement":[{"@type":"ListItem","position":1,"name":"Home","item":"https:\/\/skaitytaknyga.lt\/"},{"@type":"ListItem","position":2,"name":"Parduotuv\u0117","item":"https:\/\/skaitytaknyga.lt\/knygu-parduotuve\/"},{"@type":"ListItem","position":3,"name":"Klounas \u0160alimaras"}]},{"@type":"WebSite","@id":"https:\/\/skaitytaknyga.lt\/#website","url":"https:\/\/skaitytaknyga.lt\/","name":"skaitytaknyga.lt","description":"Skaitytaknyga.lt \u2013 tai ma\u017eas \u0161eimos verslas, kuris prasid\u0117jo nuo meil\u0117s knygoms ir siekio i\u0161gelb\u0117ti knygas nuo likimo prie konteinerio. Kas vienam nereikalingas daiktas \u2013 kitam lobis, o mes esame tarpininkai, kurie padeda abiems tapti laimingesniems ???? \u017dinome kaip nelengva i\u0161gyventi ma\u017eiems verslams, tad nuo \u0161iol, \u010dia rasite ir kit\u0173, ma\u017e\u0173 \u0161eim\u0173 versl\u0173, rank\u0173 darbo, dovan\u0173 sau ir artimiesiems.","publisher":{"@id":"https:\/\/skaitytaknyga.lt\/#organization"},"potentialAction":[{"@type":"SearchAction","target":{"@type":"EntryPoint","urlTemplate":"https:\/\/skaitytaknyga.lt\/?s={search_term_string}"},"query-input":{"@type":"PropertyValueSpecification","valueRequired":true,"valueName":"search_term_string"}}],"inLanguage":"en-GB"},{"@type":"Organization","@id":"https:\/\/skaitytaknyga.lt\/#organization","name":"skaitytaknyga.lt","url":"https:\/\/skaitytaknyga.lt\/","logo":{"@type":"ImageObject","inLanguage":"en-GB","@id":"https:\/\/skaitytaknyga.lt\/#\/schema\/logo\/image\/","url":"https:\/\/skaitytaknyga.lt\/wp-content\/uploads\/2024\/05\/cropped-cropped-cropped-02_00843_jt3bggkj1j3HLc7SyY6rEUpg.jpeg","contentUrl":"https:\/\/skaitytaknyga.lt\/wp-content\/uploads\/2024\/05\/cropped-cropped-cropped-02_00843_jt3bggkj1j3HLc7SyY6rEUpg.jpeg","width":1600,"height":1600,"caption":"skaitytaknyga.lt"},"image":{"@id":"https:\/\/skaitytaknyga.lt\/#\/schema\/logo\/image\/"},"sameAs":["https:\/\/www.facebook.com\/skaitytaknyga\/"]}]}},"_links":{"self":[{"href":"https:\/\/skaitytaknyga.lt\/en\/wp-json\/wp\/v2\/product\/20044","targetHints":{"allow":["GET"]}}],"collection":[{"href":"https:\/\/skaitytaknyga.lt\/en\/wp-json\/wp\/v2\/product"}],"about":[{"href":"https:\/\/skaitytaknyga.lt\/en\/wp-json\/wp\/v2\/types\/product"}],"replies":[{"embeddable":true,"href":"https:\/\/skaitytaknyga.lt\/en\/wp-json\/wp\/v2\/comments?post=20044"}],"wp:featuredmedia":[{"embeddable":true,"href":"https:\/\/skaitytaknyga.lt\/en\/wp-json\/wp\/v2\/media\/20045"}],"wp:attachment":[{"href":"https:\/\/skaitytaknyga.lt\/en\/wp-json\/wp\/v2\/media?parent=20044"}],"wp:term":[{"taxonomy":"product_brand","embeddable":true,"href":"https:\/\/skaitytaknyga.lt\/en\/wp-json\/wp\/v2\/product_brand?post=20044"},{"taxonomy":"product_cat","embeddable":true,"href":"https:\/\/skaitytaknyga.lt\/en\/wp-json\/wp\/v2\/product_cat?post=20044"},{"taxonomy":"product_tag","embeddable":true,"href":"https:\/\/skaitytaknyga.lt\/en\/wp-json\/wp\/v2\/product_tag?post=20044"}],"curies":[{"name":"wp","href":"https:\/\/api.w.org\/{rel}","templated":true}]}}