{"id":20040,"date":"2025-07-30T22:08:26","date_gmt":"2025-07-30T19:08:26","guid":{"rendered":"https:\/\/skaitytaknyga.lt\/?post_type=product&#038;p=20040"},"modified":"2026-03-18T14:59:44","modified_gmt":"2026-03-18T12:59:44","slug":"ceka-kelias-i-1988-uosius-metus","status":"publish","type":"product","link":"https:\/\/skaitytaknyga.lt\/en\/produktas\/ceka-kelias-i-1988-uosius-metus\/","title":{"rendered":"C\u0116KA kelias \u012f 1988-uosius metus"},"content":{"rendered":"<p>\u017durnalisto, buvusio LKP CK Organizacinio partinio darbo skyriaus ved\u0117jo pavaduotojo Vlado But\u0117no prisiminim\u0173 knyga, lie\u010dianti tos partijos CK veikl\u0105 nuo 1985-\u0173j\u0173 iki 1988-\u0173j\u0173 &#8211; vadinamosios M.Gorba\u010diovo &#8220;perestrojkos&#8221; laikotarpyje, kuris baig\u0117si TSRS \u017elugimu ir nepriklausomos Lietuvos Respublikos atk\u016brimu. Knyga iliustruota archyvin\u0117mis fotonuotraukomis.<\/p>\n<p>KNYGYNAS, Pylimo 59, Vilnius. Informacij\u0105 apie mus \u017ei\u016br\u0117kite m\u016bs\u0173 prieigoje. Knyg\u0105 galite u\u017esisakyti ir adresu www.knygavisiems.lt, o pasiimti m\u016bs\u0173 fiziniame knygyne arba galime knygut\u0119 atsi\u0173sti (Siun\u010diame LP registruotomis siuntomis ir LP Express pa\u0161tomatais). Knygyno darbo laikas: Antradienis- \u0160e\u0161tadienis nuo 10 iki 16 val. Sekmadien\u012f, pirmadien\u012f ir \u0161ven\u010di\u0173 dienomis nedirbame. Laikui b\u0117gant, knygos b\u016bkl\u0117 gali keistis.<\/p>\n","protected":false},"excerpt":{"rendered":"<p>\u017durnalisto, buvusio LKP CK Organizacinio partinio darbo skyriaus ved\u0117jo pavaduotojo Vlado But\u0117no prisiminim\u0173 knyga, lie\u010dianti tos partijos CK veikl\u0105 nuo 1985-\u0173j\u0173 iki 1988-\u0173j\u0173 &#8211; vadinamosios M.Gorba\u010diovo &#8220;perestrojkos&#8221; laikotarpyje, kuris baig\u0117si TSRS \u017elugimu ir nepriklausomos Lietuvos Respublikos atk\u016brimu. Knyga iliustruota archyvin\u0117mis fotonuotraukomis. KNYGYNAS, Pylimo 59, Vilnius. Informacij\u0105 apie mus \u017ei\u016br\u0117kite m\u016bs\u0173 prieigoje. Knyg\u0105 galite u\u017esisakyti ir adresu www.knygavisiems.lt, o pasiimti m\u016bs\u0173 fiziniame knygyne arba galime knygut\u0119 atsi\u0173sti (Siun\u010diame LP registruotomis siuntomis ir LP Express pa\u0161tomatais). Knygyno darbo laikas: Antradienis- \u0160e\u0161tadienis nuo 10 iki 16 val. Sekmadien\u012f, pirmadien\u012f ir \u0161ven\u010di\u0173 dienomis nedirbame. Laikui b\u0117gant, knygos b\u016bkl\u0117 gali keistis.<\/p>\n","protected":false},"featured_media":20042,"comment_status":"open","ping_status":"closed","template":"","meta":{"_acf_changed":false,"site-sidebar-layout":"default","site-content-layout":"","ast-site-content-layout":"default","site-content-style":"default","site-sidebar-style":"default","ast-global-header-display":"","ast-banner-title-visibility":"","ast-main-header-display":"","ast-hfb-above-header-display":"","ast-hfb-below-header-display":"","ast-hfb-mobile-header-display":"","site-post-title":"","ast-breadcrumbs-content":"","ast-featured-img":"","footer-sml-layout":"","ast-disable-related-posts":"","theme-transparent-header-meta":"","adv-header-id-meta":"","stick-header-meta":"","header-above-stick-meta":"","header-main-stick-meta":"","header-below-stick-meta":"","astra-migrate-meta-layouts":"default","ast-page-background-enabled":"default","ast-page-background-meta":{"desktop":{"background-color":"","background-image":"","background-repeat":"repeat","background-position":"center center","background-size":"auto","background-attachment":"scroll","background-type":"","background-media":"","overlay-type":"","overlay-color":"","overlay-opacity":"","overlay-gradient":""},"tablet":{"background-color":"","background-image":"","background-repeat":"repeat","background-position":"center center","background-size":"auto","background-attachment":"scroll","background-type":"","background-media":"","overlay-type":"","overlay-color":"","overlay-opacity":"","overlay-gradient":""},"mobile":{"background-color":"","background-image":"","background-repeat":"repeat","background-position":"center center","background-size":"auto","background-attachment":"scroll","background-type":"","background-media":"","overlay-type":"","overlay-color":"","overlay-opacity":"","overlay-gradient":""}},"ast-content-background-meta":{"desktop":{"background-color":"var(--ast-global-color-4)","background-image":"","background-repeat":"repeat","background-position":"center center","background-size":"auto","background-attachment":"scroll","background-type":"","background-media":"","overlay-type":"","overlay-color":"","overlay-opacity":"","overlay-gradient":""},"tablet":{"background-color":"var(--ast-global-color-4)","background-image":"","background-repeat":"repeat","background-position":"center center","background-size":"auto","background-attachment":"scroll","background-type":"","background-media":"","overlay-type":"","overlay-color":"","overlay-opacity":"","overlay-gradient":""},"mobile":{"background-color":"var(--ast-global-color-4)","background-image":"","background-repeat":"repeat","background-position":"center center","background-size":"auto","background-attachment":"scroll","background-type":"","background-media":"","overlay-type":"","overlay-color":"","overlay-opacity":"","overlay-gradient":""}}},"product_brand":[],"product_cat":[9862,174],"product_tag":[2625,7094,7095,2439,7096,2872,7097],"class_list":{"0":"post-20040","1":"product","2":"type-product","3":"status-publish","4":"has-post-thumbnail","6":"product_cat-lietuvos-istorija","7":"product_cat-istorija-ir-politologija","8":"product_tag-lietuva","9":"product_tag-lkp","10":"product_tag-perestrojka","11":"product_tag-prisiminimai","12":"product_tag-tsrs-zlugimas","13":"product_tag-vladas-butenas","14":"product_tag-zurnalistas","15":"desktop-align-left","16":"tablet-align-left","17":"mobile-align-left","19":"first","20":"instock","21":"shipping-taxable","22":"purchasable","23":"product-type-simple"},"acf":[],"yoast_head":"<!-- This site is optimized with the Yoast SEO plugin v27.0 - https:\/\/yoast.com\/product\/yoast-seo-wordpress\/ -->\n<title>C\u0116KA kelias \u012f 1988-uosius metus<\/title>\n<meta name=\"description\" content=\"\u017durnalisto, buvusio LKP CK Organizacinio partinio darbo skyriaus ved\u0117jo pavaduotojo Vlado But\u0117no prisiminim\u0173 knyga, lie\u010dianti tos partijos CK veikl\u0105 nuo\" \/>\n<meta name=\"robots\" content=\"index, follow, max-snippet:-1, max-image-preview:large, max-video-preview:-1\" \/>\n<link rel=\"canonical\" href=\"https:\/\/skaitytaknyga.lt\/en\/produktas\/ceka-kelias-i-1988-uosius-metus\/\" \/>\n<meta property=\"og:locale\" content=\"en_GB\" \/>\n<meta property=\"og:locale:alternate\" content=\"lt_LT\" \/>\n<meta property=\"og:type\" content=\"article\" \/>\n<meta property=\"og:title\" content=\"C\u0116KA kelias \u012f 1988-uosius metus\" \/>\n<meta property=\"og:description\" content=\"\u017durnalisto, buvusio LKP CK Organizacinio partinio darbo skyriaus ved\u0117jo pavaduotojo Vlado But\u0117no prisiminim\u0173 knyga, lie\u010dianti tos partijos CK veikl\u0105 nuo\" \/>\n<meta property=\"og:url\" content=\"https:\/\/skaitytaknyga.lt\/en\/produktas\/ceka-kelias-i-1988-uosius-metus\/\" \/>\n<meta property=\"og:site_name\" content=\"Skaitytaknyga\" \/>\n<meta property=\"article:publisher\" content=\"https:\/\/www.facebook.com\/skaitytaknyga\/\" \/>\n<meta property=\"article:modified_time\" content=\"2026-03-18T12:59:44+00:00\" \/>\n<meta property=\"og:image\" content=\"https:\/\/skaitytaknyga.lt\/wp-content\/uploads\/2025\/07\/CEKA-kelias-i-1988-uosius-metus.jpg\" \/>\n\t<meta property=\"og:image:width\" content=\"374\" \/>\n\t<meta property=\"og:image:height\" content=\"575\" \/>\n\t<meta property=\"og:image:type\" content=\"image\/jpeg\" \/>\n<meta name=\"twitter:card\" content=\"summary_large_image\" \/>\n<meta name=\"twitter:label1\" content=\"Estimated reading time\" \/>\n\t<meta name=\"twitter:data1\" content=\"1 minute\" \/>\n<script type=\"application\/ld+json\" class=\"yoast-schema-graph\">{\"@context\":\"https:\/\/schema.org\",\"@graph\":[{\"@type\":\"WebPage\",\"@id\":\"https:\/\/skaitytaknyga.lt\/produktas\/ceka-kelias-i-1988-uosius-metus\/\",\"url\":\"https:\/\/skaitytaknyga.lt\/produktas\/ceka-kelias-i-1988-uosius-metus\/\",\"name\":\"C\u0116KA kelias \u012f 1988-uosius metus\",\"isPartOf\":{\"@id\":\"https:\/\/skaitytaknyga.lt\/#website\"},\"primaryImageOfPage\":{\"@id\":\"https:\/\/skaitytaknyga.lt\/produktas\/ceka-kelias-i-1988-uosius-metus\/#primaryimage\"},\"image\":{\"@id\":\"https:\/\/skaitytaknyga.lt\/produktas\/ceka-kelias-i-1988-uosius-metus\/#primaryimage\"},\"thumbnailUrl\":\"https:\/\/skaitytaknyga.lt\/wp-content\/uploads\/2025\/07\/CEKA-kelias-i-1988-uosius-metus.jpg\",\"datePublished\":\"2025-07-30T19:08:26+00:00\",\"dateModified\":\"2026-03-18T12:59:44+00:00\",\"description\":\"\u017durnalisto, buvusio LKP CK Organizacinio partinio darbo skyriaus ved\u0117jo pavaduotojo Vlado But\u0117no prisiminim\u0173 knyga, lie\u010dianti tos partijos CK veikl\u0105 nuo\",\"breadcrumb\":{\"@id\":\"https:\/\/skaitytaknyga.lt\/produktas\/ceka-kelias-i-1988-uosius-metus\/#breadcrumb\"},\"inLanguage\":\"en-GB\",\"potentialAction\":[{\"@type\":\"ReadAction\",\"target\":[\"https:\/\/skaitytaknyga.lt\/produktas\/ceka-kelias-i-1988-uosius-metus\/\"]}]},{\"@type\":\"ImageObject\",\"inLanguage\":\"en-GB\",\"@id\":\"https:\/\/skaitytaknyga.lt\/produktas\/ceka-kelias-i-1988-uosius-metus\/#primaryimage\",\"url\":\"https:\/\/skaitytaknyga.lt\/wp-content\/uploads\/2025\/07\/CEKA-kelias-i-1988-uosius-metus.jpg\",\"contentUrl\":\"https:\/\/skaitytaknyga.lt\/wp-content\/uploads\/2025\/07\/CEKA-kelias-i-1988-uosius-metus.jpg\",\"width\":374,\"height\":575,\"caption\":\"C\u0116KA kelias \u012f 1988-uosius metus\"},{\"@type\":\"BreadcrumbList\",\"@id\":\"https:\/\/skaitytaknyga.lt\/produktas\/ceka-kelias-i-1988-uosius-metus\/#breadcrumb\",\"itemListElement\":[{\"@type\":\"ListItem\",\"position\":1,\"name\":\"Home\",\"item\":\"https:\/\/skaitytaknyga.lt\/\"},{\"@type\":\"ListItem\",\"position\":2,\"name\":\"Parduotuv\u0117\",\"item\":\"https:\/\/skaitytaknyga.lt\/knygu-parduotuve\/\"},{\"@type\":\"ListItem\",\"position\":3,\"name\":\"C\u0116KA kelias \u012f 1988-uosius metus\"}]},{\"@type\":\"WebSite\",\"@id\":\"https:\/\/skaitytaknyga.lt\/#website\",\"url\":\"https:\/\/skaitytaknyga.lt\/\",\"name\":\"skaitytaknyga.lt\",\"description\":\"Skaitytaknyga.lt \u2013 tai ma\u017eas \u0161eimos verslas, kuris prasid\u0117jo nuo meil\u0117s knygoms ir siekio i\u0161gelb\u0117ti knygas nuo likimo prie konteinerio. Kas vienam nereikalingas daiktas \u2013 kitam lobis, o mes esame tarpininkai, kurie padeda abiems tapti laimingesniems ???? \u017dinome kaip nelengva i\u0161gyventi ma\u017eiems verslams, tad nuo \u0161iol, \u010dia rasite ir kit\u0173, ma\u017e\u0173 \u0161eim\u0173 versl\u0173, rank\u0173 darbo, dovan\u0173 sau ir artimiesiems.\",\"publisher\":{\"@id\":\"https:\/\/skaitytaknyga.lt\/#organization\"},\"potentialAction\":[{\"@type\":\"SearchAction\",\"target\":{\"@type\":\"EntryPoint\",\"urlTemplate\":\"https:\/\/skaitytaknyga.lt\/?s={search_term_string}\"},\"query-input\":{\"@type\":\"PropertyValueSpecification\",\"valueRequired\":true,\"valueName\":\"search_term_string\"}}],\"inLanguage\":\"en-GB\"},{\"@type\":\"Organization\",\"@id\":\"https:\/\/skaitytaknyga.lt\/#organization\",\"name\":\"skaitytaknyga.lt\",\"url\":\"https:\/\/skaitytaknyga.lt\/\",\"logo\":{\"@type\":\"ImageObject\",\"inLanguage\":\"en-GB\",\"@id\":\"https:\/\/skaitytaknyga.lt\/#\/schema\/logo\/image\/\",\"url\":\"https:\/\/skaitytaknyga.lt\/wp-content\/uploads\/2024\/05\/cropped-cropped-cropped-02_00843_jt3bggkj1j3HLc7SyY6rEUpg.jpeg\",\"contentUrl\":\"https:\/\/skaitytaknyga.lt\/wp-content\/uploads\/2024\/05\/cropped-cropped-cropped-02_00843_jt3bggkj1j3HLc7SyY6rEUpg.jpeg\",\"width\":1600,\"height\":1600,\"caption\":\"skaitytaknyga.lt\"},\"image\":{\"@id\":\"https:\/\/skaitytaknyga.lt\/#\/schema\/logo\/image\/\"},\"sameAs\":[\"https:\/\/www.facebook.com\/skaitytaknyga\/\"]}]}<\/script>\n<!-- \/ Yoast SEO plugin. -->","yoast_head_json":{"title":"C\u0116KA kelias \u012f 1988-uosius metus","description":"\u017durnalisto, buvusio LKP CK Organizacinio partinio darbo skyriaus ved\u0117jo pavaduotojo Vlado But\u0117no prisiminim\u0173 knyga, lie\u010dianti tos partijos CK veikl\u0105 nuo","robots":{"index":"index","follow":"follow","max-snippet":"max-snippet:-1","max-image-preview":"max-image-preview:large","max-video-preview":"max-video-preview:-1"},"canonical":"https:\/\/skaitytaknyga.lt\/en\/produktas\/ceka-kelias-i-1988-uosius-metus\/","og_locale":"en_GB","og_type":"article","og_title":"[:lt]C\u0116KA kelias \u012f 1988-uosius metus[:] - Skaitytaknyga","og_description":"\u017durnalisto, buvusio LKP CK Organizacinio partinio darbo skyriaus ved\u0117jo pavaduotojo Vlado But\u0117no prisiminim\u0173 knyga, lie\u010dianti tos partijos CK veikl\u0105 nuo","og_url":"https:\/\/skaitytaknyga.lt\/en\/produktas\/ceka-kelias-i-1988-uosius-metus\/","og_site_name":"Skaitytaknyga","article_publisher":"https:\/\/www.facebook.com\/skaitytaknyga\/","article_modified_time":"2026-03-18T12:59:44+00:00","og_image":[{"width":374,"height":575,"url":"https:\/\/skaitytaknyga.lt\/wp-content\/uploads\/2025\/07\/CEKA-kelias-i-1988-uosius-metus.jpg","type":"image\/jpeg"}],"twitter_card":"summary_large_image","twitter_misc":{"Estimated reading time":"1 minute"},"schema":{"@context":"https:\/\/schema.org","@graph":[{"@type":"WebPage","@id":"https:\/\/skaitytaknyga.lt\/produktas\/ceka-kelias-i-1988-uosius-metus\/","url":"https:\/\/skaitytaknyga.lt\/produktas\/ceka-kelias-i-1988-uosius-metus\/","name":"C\u0116KA kelias \u012f 1988-uosius metus","isPartOf":{"@id":"https:\/\/skaitytaknyga.lt\/#website"},"primaryImageOfPage":{"@id":"https:\/\/skaitytaknyga.lt\/produktas\/ceka-kelias-i-1988-uosius-metus\/#primaryimage"},"image":{"@id":"https:\/\/skaitytaknyga.lt\/produktas\/ceka-kelias-i-1988-uosius-metus\/#primaryimage"},"thumbnailUrl":"https:\/\/skaitytaknyga.lt\/wp-content\/uploads\/2025\/07\/CEKA-kelias-i-1988-uosius-metus.jpg","datePublished":"2025-07-30T19:08:26+00:00","dateModified":"2026-03-18T12:59:44+00:00","description":"\u017durnalisto, buvusio LKP CK Organizacinio partinio darbo skyriaus ved\u0117jo pavaduotojo Vlado But\u0117no prisiminim\u0173 knyga, lie\u010dianti tos partijos CK veikl\u0105 nuo","breadcrumb":{"@id":"https:\/\/skaitytaknyga.lt\/produktas\/ceka-kelias-i-1988-uosius-metus\/#breadcrumb"},"inLanguage":"en-GB","potentialAction":[{"@type":"ReadAction","target":["https:\/\/skaitytaknyga.lt\/produktas\/ceka-kelias-i-1988-uosius-metus\/"]}]},{"@type":"ImageObject","inLanguage":"en-GB","@id":"https:\/\/skaitytaknyga.lt\/produktas\/ceka-kelias-i-1988-uosius-metus\/#primaryimage","url":"https:\/\/skaitytaknyga.lt\/wp-content\/uploads\/2025\/07\/CEKA-kelias-i-1988-uosius-metus.jpg","contentUrl":"https:\/\/skaitytaknyga.lt\/wp-content\/uploads\/2025\/07\/CEKA-kelias-i-1988-uosius-metus.jpg","width":374,"height":575,"caption":"C\u0116KA kelias \u012f 1988-uosius metus"},{"@type":"BreadcrumbList","@id":"https:\/\/skaitytaknyga.lt\/produktas\/ceka-kelias-i-1988-uosius-metus\/#breadcrumb","itemListElement":[{"@type":"ListItem","position":1,"name":"Home","item":"https:\/\/skaitytaknyga.lt\/"},{"@type":"ListItem","position":2,"name":"Parduotuv\u0117","item":"https:\/\/skaitytaknyga.lt\/knygu-parduotuve\/"},{"@type":"ListItem","position":3,"name":"C\u0116KA kelias \u012f 1988-uosius metus"}]},{"@type":"WebSite","@id":"https:\/\/skaitytaknyga.lt\/#website","url":"https:\/\/skaitytaknyga.lt\/","name":"skaitytaknyga.lt","description":"Skaitytaknyga.lt \u2013 tai ma\u017eas \u0161eimos verslas, kuris prasid\u0117jo nuo meil\u0117s knygoms ir siekio i\u0161gelb\u0117ti knygas nuo likimo prie konteinerio. Kas vienam nereikalingas daiktas \u2013 kitam lobis, o mes esame tarpininkai, kurie padeda abiems tapti laimingesniems ???? \u017dinome kaip nelengva i\u0161gyventi ma\u017eiems verslams, tad nuo \u0161iol, \u010dia rasite ir kit\u0173, ma\u017e\u0173 \u0161eim\u0173 versl\u0173, rank\u0173 darbo, dovan\u0173 sau ir artimiesiems.","publisher":{"@id":"https:\/\/skaitytaknyga.lt\/#organization"},"potentialAction":[{"@type":"SearchAction","target":{"@type":"EntryPoint","urlTemplate":"https:\/\/skaitytaknyga.lt\/?s={search_term_string}"},"query-input":{"@type":"PropertyValueSpecification","valueRequired":true,"valueName":"search_term_string"}}],"inLanguage":"en-GB"},{"@type":"Organization","@id":"https:\/\/skaitytaknyga.lt\/#organization","name":"skaitytaknyga.lt","url":"https:\/\/skaitytaknyga.lt\/","logo":{"@type":"ImageObject","inLanguage":"en-GB","@id":"https:\/\/skaitytaknyga.lt\/#\/schema\/logo\/image\/","url":"https:\/\/skaitytaknyga.lt\/wp-content\/uploads\/2024\/05\/cropped-cropped-cropped-02_00843_jt3bggkj1j3HLc7SyY6rEUpg.jpeg","contentUrl":"https:\/\/skaitytaknyga.lt\/wp-content\/uploads\/2024\/05\/cropped-cropped-cropped-02_00843_jt3bggkj1j3HLc7SyY6rEUpg.jpeg","width":1600,"height":1600,"caption":"skaitytaknyga.lt"},"image":{"@id":"https:\/\/skaitytaknyga.lt\/#\/schema\/logo\/image\/"},"sameAs":["https:\/\/www.facebook.com\/skaitytaknyga\/"]}]}},"_links":{"self":[{"href":"https:\/\/skaitytaknyga.lt\/en\/wp-json\/wp\/v2\/product\/20040","targetHints":{"allow":["GET"]}}],"collection":[{"href":"https:\/\/skaitytaknyga.lt\/en\/wp-json\/wp\/v2\/product"}],"about":[{"href":"https:\/\/skaitytaknyga.lt\/en\/wp-json\/wp\/v2\/types\/product"}],"replies":[{"embeddable":true,"href":"https:\/\/skaitytaknyga.lt\/en\/wp-json\/wp\/v2\/comments?post=20040"}],"wp:featuredmedia":[{"embeddable":true,"href":"https:\/\/skaitytaknyga.lt\/en\/wp-json\/wp\/v2\/media\/20042"}],"wp:attachment":[{"href":"https:\/\/skaitytaknyga.lt\/en\/wp-json\/wp\/v2\/media?parent=20040"}],"wp:term":[{"taxonomy":"product_brand","embeddable":true,"href":"https:\/\/skaitytaknyga.lt\/en\/wp-json\/wp\/v2\/product_brand?post=20040"},{"taxonomy":"product_cat","embeddable":true,"href":"https:\/\/skaitytaknyga.lt\/en\/wp-json\/wp\/v2\/product_cat?post=20040"},{"taxonomy":"product_tag","embeddable":true,"href":"https:\/\/skaitytaknyga.lt\/en\/wp-json\/wp\/v2\/product_tag?post=20040"}],"curies":[{"name":"wp","href":"https:\/\/api.w.org\/{rel}","templated":true}]}}