{"id":20039,"date":"2025-07-30T22:08:26","date_gmt":"2025-07-30T19:08:26","guid":{"rendered":"https:\/\/skaitytaknyga.lt\/?post_type=product&#038;p=20039"},"modified":"2025-07-31T08:43:54","modified_gmt":"2025-07-31T05:43:54","slug":"kelias-i-virsunes-gyvenimas-virsunese","status":"publish","type":"product","link":"https:\/\/skaitytaknyga.lt\/en\/produktas\/kelias-i-virsunes-gyvenimas-virsunese\/","title":{"rendered":"Kelias \u012f vir\u0161\u016bnes. Gyvenimas vir\u0161\u016bn\u0117se"},"content":{"rendered":"<p>Johnas Braine\u2019as (1922\u20131986), \u201e\u012ft\u016b\u017eusi\u0173 jaunuoli\u0173\u201c jud\u0117jimui priskiriamas brit\u0173 ra\u0161ytojas, dvylikos knyg\u0173 autorius, \u0161iandien ypa\u010d vertinamas u\u017e pirm\u0105 ir geriausi\u0105 roman\u0105 \u201eKelias \u012f vir\u0161\u016bnes\u201c (1957), jau tapus\u012f klasika. Ambicij\u0173 ir tro\u0161kim\u0173 kupinas romano herojus D\u017eou Lemptonas bet kokia kaina stengiasi i\u0161tr\u016bkti i\u0161 vidutinio socialinio sluoksnio \u012f \u201evir\u0161\u016bnes\u201c. Tam jis aukoja meil\u0119 ir s\u0105\u017ein\u0119.<\/p>\n<p>Kitas romanas \u2013 \u201eGyvenimas vir\u0161\u016bn\u0117se\u201c \u2013 t\u0119sia pirmojo tem\u0105. D\u017eou Lemptonas \u012fsiver\u017eia \u012f auk\u0161tuomen\u0117s pasaul\u012f, bet asmenin\u0117s laim\u0117s neranda \u2013 jau\u010diasi susidvejin\u0119s, susiter\u0161\u0119s, svetimas turtuoli\u0173 pasauliui, bet drauge negali atsispirti gerovei, pinigams, sald\u017eiai iliuzijai, kuri\u0105 garantuoja prabangus automobilis, puik\u016bs g\u0117rimai klubuose, i\u0161taigus namas, kokybi\u0161ki kostiumai, miela, daili \u017emona ir pora vaiku\u010di\u0173.<\/p>\n","protected":false},"excerpt":{"rendered":"<p>Johnas Braine\u2019as (1922\u20131986), \u201e\u012ft\u016b\u017eusi\u0173 jaunuoli\u0173\u201c jud\u0117jimui priskiriamas brit\u0173 ra\u0161ytojas, dvylikos knyg\u0173 autorius, \u0161iandien ypa\u010d vertinamas u\u017e pirm\u0105 ir geriausi\u0105 roman\u0105 \u201eKelias \u012f vir\u0161\u016bnes\u201c (1957), jau tapus\u012f klasika. Ambicij\u0173 ir tro\u0161kim\u0173 kupinas romano herojus D\u017eou Lemptonas bet kokia kaina stengiasi i\u0161tr\u016bkti i\u0161 vidutinio socialinio sluoksnio \u012f \u201evir\u0161\u016bnes\u201c. Tam jis aukoja meil\u0119 ir s\u0105\u017ein\u0119. Kitas romanas \u2013 \u201eGyvenimas vir\u0161\u016bn\u0117se\u201c \u2013 t\u0119sia pirmojo tem\u0105. D\u017eou Lemptonas \u012fsiver\u017eia \u012f auk\u0161tuomen\u0117s pasaul\u012f, bet asmenin\u0117s laim\u0117s neranda \u2013 jau\u010diasi susidvejin\u0119s, susiter\u0161\u0119s, svetimas turtuoli\u0173 pasauliui, bet drauge negali atsispirti gerovei, pinigams, sald\u017eiai iliuzijai, kuri\u0105 garantuoja prabangus automobilis, puik\u016bs g\u0117rimai klubuose, i\u0161taigus namas, kokybi\u0161ki kostiumai, miela, daili \u017emona ir pora vaiku\u010di\u0173.<\/p>\n","protected":false},"featured_media":20041,"comment_status":"open","ping_status":"closed","template":"","meta":{"_acf_changed":false,"site-sidebar-layout":"default","site-content-layout":"","ast-site-content-layout":"default","site-content-style":"default","site-sidebar-style":"default","ast-global-header-display":"","ast-banner-title-visibility":"","ast-main-header-display":"","ast-hfb-above-header-display":"","ast-hfb-below-header-display":"","ast-hfb-mobile-header-display":"","site-post-title":"","ast-breadcrumbs-content":"","ast-featured-img":"","footer-sml-layout":"","ast-disable-related-posts":"","theme-transparent-header-meta":"","adv-header-id-meta":"","stick-header-meta":"","header-above-stick-meta":"","header-main-stick-meta":"","header-below-stick-meta":"","astra-migrate-meta-layouts":"default","ast-page-background-enabled":"default","ast-page-background-meta":{"desktop":{"background-color":"","background-image":"","background-repeat":"repeat","background-position":"center center","background-size":"auto","background-attachment":"scroll","background-type":"","background-media":"","overlay-type":"","overlay-color":"","overlay-opacity":"","overlay-gradient":""},"tablet":{"background-color":"","background-image":"","background-repeat":"repeat","background-position":"center center","background-size":"auto","background-attachment":"scroll","background-type":"","background-media":"","overlay-type":"","overlay-color":"","overlay-opacity":"","overlay-gradient":""},"mobile":{"background-color":"","background-image":"","background-repeat":"repeat","background-position":"center center","background-size":"auto","background-attachment":"scroll","background-type":"","background-media":"","overlay-type":"","overlay-color":"","overlay-opacity":"","overlay-gradient":""}},"ast-content-background-meta":{"desktop":{"background-color":"var(--ast-global-color-4)","background-image":"","background-repeat":"repeat","background-position":"center center","background-size":"auto","background-attachment":"scroll","background-type":"","background-media":"","overlay-type":"","overlay-color":"","overlay-opacity":"","overlay-gradient":""},"tablet":{"background-color":"var(--ast-global-color-4)","background-image":"","background-repeat":"repeat","background-position":"center center","background-size":"auto","background-attachment":"scroll","background-type":"","background-media":"","overlay-type":"","overlay-color":"","overlay-opacity":"","overlay-gradient":""},"mobile":{"background-color":"var(--ast-global-color-4)","background-image":"","background-repeat":"repeat","background-position":"center center","background-size":"auto","background-attachment":"scroll","background-type":"","background-media":"","overlay-type":"","overlay-color":"","overlay-opacity":"","overlay-gradient":""}}},"product_brand":[],"product_cat":[31],"product_tag":[7093,2392,7091,1796,7092],"class_list":{"0":"post-20039","1":"product","2":"type-product","3":"status-publish","4":"has-post-thumbnail","6":"product_cat-grozine-literatura","7":"product_tag-ambicijos","8":"product_tag-britu-literatura","9":"product_tag-john-braine","10":"product_tag-meile","11":"product_tag-socialinis-kilimas","12":"desktop-align-left","13":"tablet-align-left","14":"mobile-align-left","16":"first","17":"instock","18":"shipping-taxable","19":"purchasable","20":"product-type-simple"},"acf":[],"yoast_head":"<!-- This site is optimized with the Yoast SEO plugin v27.0 - https:\/\/yoast.com\/product\/yoast-seo-wordpress\/ -->\n<title>Kelias \u012f vir\u0161\u016bnes. Gyvenimas vir\u0161\u016bn\u0117se<\/title>\n<meta name=\"description\" content=\"Johnas Braine\u2019as (1922\u20131986), \u201e\u012ft\u016b\u017eusi\u0173 jaunuoli\u0173\u201c jud\u0117jimui priskiriamas brit\u0173 ra\u0161ytojas, dvylikos knyg\u0173 autorius, \u0161iandien ypa\u010d vertinamas u\u017e pirm\u0105 ir\" \/>\n<meta name=\"robots\" content=\"index, follow, max-snippet:-1, max-image-preview:large, max-video-preview:-1\" \/>\n<link rel=\"canonical\" href=\"https:\/\/skaitytaknyga.lt\/en\/produktas\/kelias-i-virsunes-gyvenimas-virsunese\/\" \/>\n<meta property=\"og:locale\" content=\"en_GB\" \/>\n<meta property=\"og:locale:alternate\" content=\"lt_LT\" \/>\n<meta property=\"og:type\" content=\"article\" \/>\n<meta property=\"og:title\" content=\"Kelias \u012f vir\u0161\u016bnes. Gyvenimas vir\u0161\u016bn\u0117se\" \/>\n<meta property=\"og:description\" content=\"Johnas Braine\u2019as (1922\u20131986), \u201e\u012ft\u016b\u017eusi\u0173 jaunuoli\u0173\u201c jud\u0117jimui priskiriamas brit\u0173 ra\u0161ytojas, dvylikos knyg\u0173 autorius, \u0161iandien ypa\u010d vertinamas u\u017e pirm\u0105 ir\" \/>\n<meta property=\"og:url\" content=\"https:\/\/skaitytaknyga.lt\/en\/produktas\/kelias-i-virsunes-gyvenimas-virsunese\/\" \/>\n<meta property=\"og:site_name\" content=\"Skaitytaknyga\" \/>\n<meta property=\"article:publisher\" content=\"https:\/\/www.facebook.com\/skaitytaknyga\/\" \/>\n<meta property=\"article:modified_time\" content=\"2025-07-31T05:43:54+00:00\" \/>\n<meta property=\"og:image\" content=\"https:\/\/skaitytaknyga.lt\/wp-content\/uploads\/2025\/07\/Kelias-i-virsunes.-Gyvenimas-virsunese-1.webp\" \/>\n\t<meta property=\"og:image:width\" content=\"488\" \/>\n\t<meta property=\"og:image:height\" content=\"801\" \/>\n\t<meta property=\"og:image:type\" content=\"image\/webp\" \/>\n<meta name=\"twitter:card\" content=\"summary_large_image\" \/>\n<meta name=\"twitter:label1\" content=\"Estimated reading time\" \/>\n\t<meta name=\"twitter:data1\" content=\"1 minute\" \/>\n<script type=\"application\/ld+json\" class=\"yoast-schema-graph\">{\"@context\":\"https:\/\/schema.org\",\"@graph\":[{\"@type\":\"WebPage\",\"@id\":\"https:\/\/skaitytaknyga.lt\/produktas\/kelias-i-virsunes-gyvenimas-virsunese\/\",\"url\":\"https:\/\/skaitytaknyga.lt\/produktas\/kelias-i-virsunes-gyvenimas-virsunese\/\",\"name\":\"Kelias \u012f vir\u0161\u016bnes. Gyvenimas vir\u0161\u016bn\u0117se\",\"isPartOf\":{\"@id\":\"https:\/\/skaitytaknyga.lt\/#website\"},\"primaryImageOfPage\":{\"@id\":\"https:\/\/skaitytaknyga.lt\/produktas\/kelias-i-virsunes-gyvenimas-virsunese\/#primaryimage\"},\"image\":{\"@id\":\"https:\/\/skaitytaknyga.lt\/produktas\/kelias-i-virsunes-gyvenimas-virsunese\/#primaryimage\"},\"thumbnailUrl\":\"https:\/\/skaitytaknyga.lt\/wp-content\/uploads\/2025\/07\/Kelias-i-virsunes.-Gyvenimas-virsunese-1.webp\",\"datePublished\":\"2025-07-30T19:08:26+00:00\",\"dateModified\":\"2025-07-31T05:43:54+00:00\",\"description\":\"Johnas Braine\u2019as (1922\u20131986), \u201e\u012ft\u016b\u017eusi\u0173 jaunuoli\u0173\u201c jud\u0117jimui priskiriamas brit\u0173 ra\u0161ytojas, dvylikos knyg\u0173 autorius, \u0161iandien ypa\u010d vertinamas u\u017e pirm\u0105 ir\",\"breadcrumb\":{\"@id\":\"https:\/\/skaitytaknyga.lt\/produktas\/kelias-i-virsunes-gyvenimas-virsunese\/#breadcrumb\"},\"inLanguage\":\"en-GB\",\"potentialAction\":[{\"@type\":\"ReadAction\",\"target\":[\"https:\/\/skaitytaknyga.lt\/produktas\/kelias-i-virsunes-gyvenimas-virsunese\/\"]}]},{\"@type\":\"ImageObject\",\"inLanguage\":\"en-GB\",\"@id\":\"https:\/\/skaitytaknyga.lt\/produktas\/kelias-i-virsunes-gyvenimas-virsunese\/#primaryimage\",\"url\":\"https:\/\/skaitytaknyga.lt\/wp-content\/uploads\/2025\/07\/Kelias-i-virsunes.-Gyvenimas-virsunese-1.webp\",\"contentUrl\":\"https:\/\/skaitytaknyga.lt\/wp-content\/uploads\/2025\/07\/Kelias-i-virsunes.-Gyvenimas-virsunese-1.webp\",\"width\":488,\"height\":801,\"caption\":\"Kelias \u012f vir\u0161\u016bnes. Gyvenimas vir\u0161\u016bn\u0117se\"},{\"@type\":\"BreadcrumbList\",\"@id\":\"https:\/\/skaitytaknyga.lt\/produktas\/kelias-i-virsunes-gyvenimas-virsunese\/#breadcrumb\",\"itemListElement\":[{\"@type\":\"ListItem\",\"position\":1,\"name\":\"Home\",\"item\":\"https:\/\/skaitytaknyga.lt\/\"},{\"@type\":\"ListItem\",\"position\":2,\"name\":\"Parduotuv\u0117\",\"item\":\"https:\/\/skaitytaknyga.lt\/knygu-parduotuve\/\"},{\"@type\":\"ListItem\",\"position\":3,\"name\":\"Kelias \u012f vir\u0161\u016bnes. Gyvenimas vir\u0161\u016bn\u0117se\"}]},{\"@type\":\"WebSite\",\"@id\":\"https:\/\/skaitytaknyga.lt\/#website\",\"url\":\"https:\/\/skaitytaknyga.lt\/\",\"name\":\"skaitytaknyga.lt\",\"description\":\"Skaitytaknyga.lt \u2013 tai ma\u017eas \u0161eimos verslas, kuris prasid\u0117jo nuo meil\u0117s knygoms ir siekio i\u0161gelb\u0117ti knygas nuo likimo prie konteinerio. Kas vienam nereikalingas daiktas \u2013 kitam lobis, o mes esame tarpininkai, kurie padeda abiems tapti laimingesniems ???? \u017dinome kaip nelengva i\u0161gyventi ma\u017eiems verslams, tad nuo \u0161iol, \u010dia rasite ir kit\u0173, ma\u017e\u0173 \u0161eim\u0173 versl\u0173, rank\u0173 darbo, dovan\u0173 sau ir artimiesiems.\",\"publisher\":{\"@id\":\"https:\/\/skaitytaknyga.lt\/#organization\"},\"potentialAction\":[{\"@type\":\"SearchAction\",\"target\":{\"@type\":\"EntryPoint\",\"urlTemplate\":\"https:\/\/skaitytaknyga.lt\/?s={search_term_string}\"},\"query-input\":{\"@type\":\"PropertyValueSpecification\",\"valueRequired\":true,\"valueName\":\"search_term_string\"}}],\"inLanguage\":\"en-GB\"},{\"@type\":\"Organization\",\"@id\":\"https:\/\/skaitytaknyga.lt\/#organization\",\"name\":\"skaitytaknyga.lt\",\"url\":\"https:\/\/skaitytaknyga.lt\/\",\"logo\":{\"@type\":\"ImageObject\",\"inLanguage\":\"en-GB\",\"@id\":\"https:\/\/skaitytaknyga.lt\/#\/schema\/logo\/image\/\",\"url\":\"https:\/\/skaitytaknyga.lt\/wp-content\/uploads\/2024\/05\/cropped-cropped-cropped-02_00843_jt3bggkj1j3HLc7SyY6rEUpg.jpeg\",\"contentUrl\":\"https:\/\/skaitytaknyga.lt\/wp-content\/uploads\/2024\/05\/cropped-cropped-cropped-02_00843_jt3bggkj1j3HLc7SyY6rEUpg.jpeg\",\"width\":1600,\"height\":1600,\"caption\":\"skaitytaknyga.lt\"},\"image\":{\"@id\":\"https:\/\/skaitytaknyga.lt\/#\/schema\/logo\/image\/\"},\"sameAs\":[\"https:\/\/www.facebook.com\/skaitytaknyga\/\"]}]}<\/script>\n<!-- \/ Yoast SEO plugin. -->","yoast_head_json":{"title":"Kelias \u012f vir\u0161\u016bnes. Gyvenimas vir\u0161\u016bn\u0117se","description":"Johnas Braine\u2019as (1922\u20131986), \u201e\u012ft\u016b\u017eusi\u0173 jaunuoli\u0173\u201c jud\u0117jimui priskiriamas brit\u0173 ra\u0161ytojas, dvylikos knyg\u0173 autorius, \u0161iandien ypa\u010d vertinamas u\u017e pirm\u0105 ir","robots":{"index":"index","follow":"follow","max-snippet":"max-snippet:-1","max-image-preview":"max-image-preview:large","max-video-preview":"max-video-preview:-1"},"canonical":"https:\/\/skaitytaknyga.lt\/en\/produktas\/kelias-i-virsunes-gyvenimas-virsunese\/","og_locale":"en_GB","og_type":"article","og_title":"[:lt]Kelias \u012f vir\u0161\u016bnes. Gyvenimas vir\u0161\u016bn\u0117se[:] - Skaitytaknyga","og_description":"Johnas Braine\u2019as (1922\u20131986), \u201e\u012ft\u016b\u017eusi\u0173 jaunuoli\u0173\u201c jud\u0117jimui priskiriamas brit\u0173 ra\u0161ytojas, dvylikos knyg\u0173 autorius, \u0161iandien ypa\u010d vertinamas u\u017e pirm\u0105 ir","og_url":"https:\/\/skaitytaknyga.lt\/en\/produktas\/kelias-i-virsunes-gyvenimas-virsunese\/","og_site_name":"Skaitytaknyga","article_publisher":"https:\/\/www.facebook.com\/skaitytaknyga\/","article_modified_time":"2025-07-31T05:43:54+00:00","og_image":[{"width":488,"height":801,"url":"https:\/\/skaitytaknyga.lt\/wp-content\/uploads\/2025\/07\/Kelias-i-virsunes.-Gyvenimas-virsunese-1.webp","type":"image\/webp"}],"twitter_card":"summary_large_image","twitter_misc":{"Estimated reading time":"1 minute"},"schema":{"@context":"https:\/\/schema.org","@graph":[{"@type":"WebPage","@id":"https:\/\/skaitytaknyga.lt\/produktas\/kelias-i-virsunes-gyvenimas-virsunese\/","url":"https:\/\/skaitytaknyga.lt\/produktas\/kelias-i-virsunes-gyvenimas-virsunese\/","name":"Kelias \u012f vir\u0161\u016bnes. Gyvenimas vir\u0161\u016bn\u0117se","isPartOf":{"@id":"https:\/\/skaitytaknyga.lt\/#website"},"primaryImageOfPage":{"@id":"https:\/\/skaitytaknyga.lt\/produktas\/kelias-i-virsunes-gyvenimas-virsunese\/#primaryimage"},"image":{"@id":"https:\/\/skaitytaknyga.lt\/produktas\/kelias-i-virsunes-gyvenimas-virsunese\/#primaryimage"},"thumbnailUrl":"https:\/\/skaitytaknyga.lt\/wp-content\/uploads\/2025\/07\/Kelias-i-virsunes.-Gyvenimas-virsunese-1.webp","datePublished":"2025-07-30T19:08:26+00:00","dateModified":"2025-07-31T05:43:54+00:00","description":"Johnas Braine\u2019as (1922\u20131986), \u201e\u012ft\u016b\u017eusi\u0173 jaunuoli\u0173\u201c jud\u0117jimui priskiriamas brit\u0173 ra\u0161ytojas, dvylikos knyg\u0173 autorius, \u0161iandien ypa\u010d vertinamas u\u017e pirm\u0105 ir","breadcrumb":{"@id":"https:\/\/skaitytaknyga.lt\/produktas\/kelias-i-virsunes-gyvenimas-virsunese\/#breadcrumb"},"inLanguage":"en-GB","potentialAction":[{"@type":"ReadAction","target":["https:\/\/skaitytaknyga.lt\/produktas\/kelias-i-virsunes-gyvenimas-virsunese\/"]}]},{"@type":"ImageObject","inLanguage":"en-GB","@id":"https:\/\/skaitytaknyga.lt\/produktas\/kelias-i-virsunes-gyvenimas-virsunese\/#primaryimage","url":"https:\/\/skaitytaknyga.lt\/wp-content\/uploads\/2025\/07\/Kelias-i-virsunes.-Gyvenimas-virsunese-1.webp","contentUrl":"https:\/\/skaitytaknyga.lt\/wp-content\/uploads\/2025\/07\/Kelias-i-virsunes.-Gyvenimas-virsunese-1.webp","width":488,"height":801,"caption":"Kelias \u012f vir\u0161\u016bnes. Gyvenimas vir\u0161\u016bn\u0117se"},{"@type":"BreadcrumbList","@id":"https:\/\/skaitytaknyga.lt\/produktas\/kelias-i-virsunes-gyvenimas-virsunese\/#breadcrumb","itemListElement":[{"@type":"ListItem","position":1,"name":"Home","item":"https:\/\/skaitytaknyga.lt\/"},{"@type":"ListItem","position":2,"name":"Parduotuv\u0117","item":"https:\/\/skaitytaknyga.lt\/knygu-parduotuve\/"},{"@type":"ListItem","position":3,"name":"Kelias \u012f vir\u0161\u016bnes. Gyvenimas vir\u0161\u016bn\u0117se"}]},{"@type":"WebSite","@id":"https:\/\/skaitytaknyga.lt\/#website","url":"https:\/\/skaitytaknyga.lt\/","name":"skaitytaknyga.lt","description":"Skaitytaknyga.lt \u2013 tai ma\u017eas \u0161eimos verslas, kuris prasid\u0117jo nuo meil\u0117s knygoms ir siekio i\u0161gelb\u0117ti knygas nuo likimo prie konteinerio. Kas vienam nereikalingas daiktas \u2013 kitam lobis, o mes esame tarpininkai, kurie padeda abiems tapti laimingesniems ???? \u017dinome kaip nelengva i\u0161gyventi ma\u017eiems verslams, tad nuo \u0161iol, \u010dia rasite ir kit\u0173, ma\u017e\u0173 \u0161eim\u0173 versl\u0173, rank\u0173 darbo, dovan\u0173 sau ir artimiesiems.","publisher":{"@id":"https:\/\/skaitytaknyga.lt\/#organization"},"potentialAction":[{"@type":"SearchAction","target":{"@type":"EntryPoint","urlTemplate":"https:\/\/skaitytaknyga.lt\/?s={search_term_string}"},"query-input":{"@type":"PropertyValueSpecification","valueRequired":true,"valueName":"search_term_string"}}],"inLanguage":"en-GB"},{"@type":"Organization","@id":"https:\/\/skaitytaknyga.lt\/#organization","name":"skaitytaknyga.lt","url":"https:\/\/skaitytaknyga.lt\/","logo":{"@type":"ImageObject","inLanguage":"en-GB","@id":"https:\/\/skaitytaknyga.lt\/#\/schema\/logo\/image\/","url":"https:\/\/skaitytaknyga.lt\/wp-content\/uploads\/2024\/05\/cropped-cropped-cropped-02_00843_jt3bggkj1j3HLc7SyY6rEUpg.jpeg","contentUrl":"https:\/\/skaitytaknyga.lt\/wp-content\/uploads\/2024\/05\/cropped-cropped-cropped-02_00843_jt3bggkj1j3HLc7SyY6rEUpg.jpeg","width":1600,"height":1600,"caption":"skaitytaknyga.lt"},"image":{"@id":"https:\/\/skaitytaknyga.lt\/#\/schema\/logo\/image\/"},"sameAs":["https:\/\/www.facebook.com\/skaitytaknyga\/"]}]}},"_links":{"self":[{"href":"https:\/\/skaitytaknyga.lt\/en\/wp-json\/wp\/v2\/product\/20039","targetHints":{"allow":["GET"]}}],"collection":[{"href":"https:\/\/skaitytaknyga.lt\/en\/wp-json\/wp\/v2\/product"}],"about":[{"href":"https:\/\/skaitytaknyga.lt\/en\/wp-json\/wp\/v2\/types\/product"}],"replies":[{"embeddable":true,"href":"https:\/\/skaitytaknyga.lt\/en\/wp-json\/wp\/v2\/comments?post=20039"}],"wp:featuredmedia":[{"embeddable":true,"href":"https:\/\/skaitytaknyga.lt\/en\/wp-json\/wp\/v2\/media\/20041"}],"wp:attachment":[{"href":"https:\/\/skaitytaknyga.lt\/en\/wp-json\/wp\/v2\/media?parent=20039"}],"wp:term":[{"taxonomy":"product_brand","embeddable":true,"href":"https:\/\/skaitytaknyga.lt\/en\/wp-json\/wp\/v2\/product_brand?post=20039"},{"taxonomy":"product_cat","embeddable":true,"href":"https:\/\/skaitytaknyga.lt\/en\/wp-json\/wp\/v2\/product_cat?post=20039"},{"taxonomy":"product_tag","embeddable":true,"href":"https:\/\/skaitytaknyga.lt\/en\/wp-json\/wp\/v2\/product_tag?post=20039"}],"curies":[{"name":"wp","href":"https:\/\/api.w.org\/{rel}","templated":true}]}}