{"id":20036,"date":"2025-07-30T22:05:48","date_gmt":"2025-07-30T19:05:48","guid":{"rendered":"https:\/\/skaitytaknyga.lt\/?post_type=product&#038;p=20036"},"modified":"2025-07-31T08:43:43","modified_gmt":"2025-07-31T05:43:43","slug":"elegancijos-paslaptys-2","status":"publish","type":"product","link":"https:\/\/skaitytaknyga.lt\/en\/produktas\/elegancijos-paslaptys-2\/","title":{"rendered":"Elegancijos paslaptys"},"content":{"rendered":"<p>\u0160i knyga skirta moterims, norin\u010dioms susikurti savit\u0105 stili\u0173. Kaip pa\u010dioms derinti drabu\u017eius, papuo\u0161alus, aksesuarus? Kaip be dideli\u0173 i\u0161laid\u0173 skoningai apsirengti ir visada atrodyti tvarkingoms ir eleganti\u0161koms? Amerikie\u010di\u0173 dizainer\u0117 paprastai, patraukliai atsako \u012f \u0161iuos ir kitus klausimus, pateikia daug nauding\u0173 patarim\u0173.<\/p>\n<p>\u010cia i\u0161moksite, kaip:<\/p>\n<p>\u2022 tinkamai apsirengus \u201esuliekn\u0117ti\u201c 5-10 kg\u2026<\/p>\n<p>\u2022 turint tik 12 aprangos dali\u0173, sukurti net 40 skirting\u0173 komplekt\u0173\u2026<\/p>\n<p>\u2022 visada pasirinkti tinkamus batus\u2026<\/p>\n<p>\u2022 i\u0161vengti vyraujan\u010dios mados \u201esp\u0105st\u0173\u201c ir daug kit\u0173 dalyk\u0173\u2026<\/p>\n","protected":false},"excerpt":{"rendered":"<p>\u0160i knyga skirta moterims, norin\u010dioms susikurti savit\u0105 stili\u0173. Kaip pa\u010dioms derinti drabu\u017eius, papuo\u0161alus, aksesuarus? Kaip be dideli\u0173 i\u0161laid\u0173 skoningai apsirengti ir visada atrodyti tvarkingoms ir eleganti\u0161koms? Amerikie\u010di\u0173 dizainer\u0117 paprastai, patraukliai atsako \u012f \u0161iuos ir kitus klausimus, pateikia daug nauding\u0173 patarim\u0173. \u010cia i\u0161moksite, kaip: \u2022 tinkamai apsirengus \u201esuliekn\u0117ti\u201c 5-10 kg\u2026 \u2022 turint tik 12 aprangos dali\u0173, sukurti net 40 skirting\u0173 komplekt\u0173\u2026 \u2022 visada pasirinkti tinkamus batus\u2026 \u2022 i\u0161vengti vyraujan\u010dios mados \u201esp\u0105st\u0173\u201c ir daug kit\u0173 dalyk\u0173\u2026<\/p>\n","protected":false},"featured_media":20038,"comment_status":"open","ping_status":"closed","template":"","meta":{"_acf_changed":false,"site-sidebar-layout":"default","site-content-layout":"","ast-site-content-layout":"default","site-content-style":"default","site-sidebar-style":"default","ast-global-header-display":"","ast-banner-title-visibility":"","ast-main-header-display":"","ast-hfb-above-header-display":"","ast-hfb-below-header-display":"","ast-hfb-mobile-header-display":"","site-post-title":"","ast-breadcrumbs-content":"","ast-featured-img":"","footer-sml-layout":"","ast-disable-related-posts":"","theme-transparent-header-meta":"","adv-header-id-meta":"","stick-header-meta":"","header-above-stick-meta":"","header-main-stick-meta":"","header-below-stick-meta":"","astra-migrate-meta-layouts":"default","ast-page-background-enabled":"default","ast-page-background-meta":{"desktop":{"background-color":"","background-image":"","background-repeat":"repeat","background-position":"center center","background-size":"auto","background-attachment":"scroll","background-type":"","background-media":"","overlay-type":"","overlay-color":"","overlay-opacity":"","overlay-gradient":""},"tablet":{"background-color":"","background-image":"","background-repeat":"repeat","background-position":"center center","background-size":"auto","background-attachment":"scroll","background-type":"","background-media":"","overlay-type":"","overlay-color":"","overlay-opacity":"","overlay-gradient":""},"mobile":{"background-color":"","background-image":"","background-repeat":"repeat","background-position":"center center","background-size":"auto","background-attachment":"scroll","background-type":"","background-media":"","overlay-type":"","overlay-color":"","overlay-opacity":"","overlay-gradient":""}},"ast-content-background-meta":{"desktop":{"background-color":"var(--ast-global-color-4)","background-image":"","background-repeat":"repeat","background-position":"center center","background-size":"auto","background-attachment":"scroll","background-type":"","background-media":"","overlay-type":"","overlay-color":"","overlay-opacity":"","overlay-gradient":""},"tablet":{"background-color":"var(--ast-global-color-4)","background-image":"","background-repeat":"repeat","background-position":"center center","background-size":"auto","background-attachment":"scroll","background-type":"","background-media":"","overlay-type":"","overlay-color":"","overlay-opacity":"","overlay-gradient":""},"mobile":{"background-color":"var(--ast-global-color-4)","background-image":"","background-repeat":"repeat","background-position":"center center","background-size":"auto","background-attachment":"scroll","background-type":"","background-media":"","overlay-type":"","overlay-color":"","overlay-opacity":"","overlay-gradient":""}}},"product_brand":[],"product_cat":[15],"product_tag":[4774,7089,4475,4772,7090,3432],"class_list":{"0":"post-20036","1":"product","2":"type-product","3":"status-publish","4":"has-post-thumbnail","6":"product_cat-uncategorized","7":"product_tag-aksesuarai","8":"product_tag-deborah-lynn-darling","9":"product_tag-dizainas","10":"product_tag-mada","11":"product_tag-moteru-stilius","12":"product_tag-patarimai","13":"desktop-align-left","14":"tablet-align-left","15":"mobile-align-left","17":"first","18":"instock","19":"shipping-taxable","20":"purchasable","21":"product-type-simple"},"acf":[],"yoast_head":"<!-- This site is optimized with the Yoast SEO plugin v27.0 - https:\/\/yoast.com\/product\/yoast-seo-wordpress\/ -->\n<title>Elegancijos paslaptys<\/title>\n<meta name=\"description\" content=\"\u0160i knyga skirta moterims, norin\u010dioms susikurti savit\u0105 stili\u0173. Kaip pa\u010dioms derinti drabu\u017eius, papuo\u0161alus, aksesuarus? Kaip be dideli\u0173 i\u0161laid\u0173 skoningai\" \/>\n<meta name=\"robots\" content=\"index, follow, max-snippet:-1, max-image-preview:large, max-video-preview:-1\" \/>\n<link rel=\"canonical\" href=\"https:\/\/skaitytaknyga.lt\/en\/produktas\/elegancijos-paslaptys-2\/\" \/>\n<meta property=\"og:locale\" content=\"en_GB\" \/>\n<meta property=\"og:locale:alternate\" content=\"lt_LT\" \/>\n<meta property=\"og:type\" content=\"article\" \/>\n<meta property=\"og:title\" content=\"Elegancijos paslaptys\" \/>\n<meta property=\"og:description\" content=\"\u0160i knyga skirta moterims, norin\u010dioms susikurti savit\u0105 stili\u0173. Kaip pa\u010dioms derinti drabu\u017eius, papuo\u0161alus, aksesuarus? Kaip be dideli\u0173 i\u0161laid\u0173 skoningai\" \/>\n<meta property=\"og:url\" content=\"https:\/\/skaitytaknyga.lt\/en\/produktas\/elegancijos-paslaptys-2\/\" \/>\n<meta property=\"og:site_name\" content=\"Skaitytaknyga\" \/>\n<meta property=\"article:publisher\" content=\"https:\/\/www.facebook.com\/skaitytaknyga\/\" \/>\n<meta property=\"article:modified_time\" content=\"2025-07-31T05:43:43+00:00\" \/>\n<meta property=\"og:image\" content=\"https:\/\/skaitytaknyga.lt\/wp-content\/uploads\/2025\/07\/Elegancijos-paslaptys-1.webp\" \/>\n\t<meta property=\"og:image:width\" content=\"515\" \/>\n\t<meta property=\"og:image:height\" content=\"801\" \/>\n\t<meta property=\"og:image:type\" content=\"image\/webp\" \/>\n<meta name=\"twitter:card\" content=\"summary_large_image\" \/>\n<script type=\"application\/ld+json\" class=\"yoast-schema-graph\">{\"@context\":\"https:\/\/schema.org\",\"@graph\":[{\"@type\":\"WebPage\",\"@id\":\"https:\/\/skaitytaknyga.lt\/produktas\/elegancijos-paslaptys-2\/\",\"url\":\"https:\/\/skaitytaknyga.lt\/produktas\/elegancijos-paslaptys-2\/\",\"name\":\"Elegancijos paslaptys\",\"isPartOf\":{\"@id\":\"https:\/\/skaitytaknyga.lt\/#website\"},\"primaryImageOfPage\":{\"@id\":\"https:\/\/skaitytaknyga.lt\/produktas\/elegancijos-paslaptys-2\/#primaryimage\"},\"image\":{\"@id\":\"https:\/\/skaitytaknyga.lt\/produktas\/elegancijos-paslaptys-2\/#primaryimage\"},\"thumbnailUrl\":\"https:\/\/skaitytaknyga.lt\/wp-content\/uploads\/2025\/07\/Elegancijos-paslaptys-1.webp\",\"datePublished\":\"2025-07-30T19:05:48+00:00\",\"dateModified\":\"2025-07-31T05:43:43+00:00\",\"description\":\"\u0160i knyga skirta moterims, norin\u010dioms susikurti savit\u0105 stili\u0173. Kaip pa\u010dioms derinti drabu\u017eius, papuo\u0161alus, aksesuarus? Kaip be dideli\u0173 i\u0161laid\u0173 skoningai\",\"breadcrumb\":{\"@id\":\"https:\/\/skaitytaknyga.lt\/produktas\/elegancijos-paslaptys-2\/#breadcrumb\"},\"inLanguage\":\"en-GB\",\"potentialAction\":[{\"@type\":\"ReadAction\",\"target\":[\"https:\/\/skaitytaknyga.lt\/produktas\/elegancijos-paslaptys-2\/\"]}]},{\"@type\":\"ImageObject\",\"inLanguage\":\"en-GB\",\"@id\":\"https:\/\/skaitytaknyga.lt\/produktas\/elegancijos-paslaptys-2\/#primaryimage\",\"url\":\"https:\/\/skaitytaknyga.lt\/wp-content\/uploads\/2025\/07\/Elegancijos-paslaptys-1.webp\",\"contentUrl\":\"https:\/\/skaitytaknyga.lt\/wp-content\/uploads\/2025\/07\/Elegancijos-paslaptys-1.webp\",\"width\":515,\"height\":801},{\"@type\":\"BreadcrumbList\",\"@id\":\"https:\/\/skaitytaknyga.lt\/produktas\/elegancijos-paslaptys-2\/#breadcrumb\",\"itemListElement\":[{\"@type\":\"ListItem\",\"position\":1,\"name\":\"Home\",\"item\":\"https:\/\/skaitytaknyga.lt\/\"},{\"@type\":\"ListItem\",\"position\":2,\"name\":\"Parduotuv\u0117\",\"item\":\"https:\/\/skaitytaknyga.lt\/knygu-parduotuve\/\"},{\"@type\":\"ListItem\",\"position\":3,\"name\":\"Elegancijos paslaptys\"}]},{\"@type\":\"WebSite\",\"@id\":\"https:\/\/skaitytaknyga.lt\/#website\",\"url\":\"https:\/\/skaitytaknyga.lt\/\",\"name\":\"skaitytaknyga.lt\",\"description\":\"Skaitytaknyga.lt \u2013 tai ma\u017eas \u0161eimos verslas, kuris prasid\u0117jo nuo meil\u0117s knygoms ir siekio i\u0161gelb\u0117ti knygas nuo likimo prie konteinerio. Kas vienam nereikalingas daiktas \u2013 kitam lobis, o mes esame tarpininkai, kurie padeda abiems tapti laimingesniems ???? \u017dinome kaip nelengva i\u0161gyventi ma\u017eiems verslams, tad nuo \u0161iol, \u010dia rasite ir kit\u0173, ma\u017e\u0173 \u0161eim\u0173 versl\u0173, rank\u0173 darbo, dovan\u0173 sau ir artimiesiems.\",\"publisher\":{\"@id\":\"https:\/\/skaitytaknyga.lt\/#organization\"},\"potentialAction\":[{\"@type\":\"SearchAction\",\"target\":{\"@type\":\"EntryPoint\",\"urlTemplate\":\"https:\/\/skaitytaknyga.lt\/?s={search_term_string}\"},\"query-input\":{\"@type\":\"PropertyValueSpecification\",\"valueRequired\":true,\"valueName\":\"search_term_string\"}}],\"inLanguage\":\"en-GB\"},{\"@type\":\"Organization\",\"@id\":\"https:\/\/skaitytaknyga.lt\/#organization\",\"name\":\"skaitytaknyga.lt\",\"url\":\"https:\/\/skaitytaknyga.lt\/\",\"logo\":{\"@type\":\"ImageObject\",\"inLanguage\":\"en-GB\",\"@id\":\"https:\/\/skaitytaknyga.lt\/#\/schema\/logo\/image\/\",\"url\":\"https:\/\/skaitytaknyga.lt\/wp-content\/uploads\/2024\/05\/cropped-cropped-cropped-02_00843_jt3bggkj1j3HLc7SyY6rEUpg.jpeg\",\"contentUrl\":\"https:\/\/skaitytaknyga.lt\/wp-content\/uploads\/2024\/05\/cropped-cropped-cropped-02_00843_jt3bggkj1j3HLc7SyY6rEUpg.jpeg\",\"width\":1600,\"height\":1600,\"caption\":\"skaitytaknyga.lt\"},\"image\":{\"@id\":\"https:\/\/skaitytaknyga.lt\/#\/schema\/logo\/image\/\"},\"sameAs\":[\"https:\/\/www.facebook.com\/skaitytaknyga\/\"]}]}<\/script>\n<!-- \/ Yoast SEO plugin. -->","yoast_head_json":{"title":"Elegancijos paslaptys","description":"\u0160i knyga skirta moterims, norin\u010dioms susikurti savit\u0105 stili\u0173. Kaip pa\u010dioms derinti drabu\u017eius, papuo\u0161alus, aksesuarus? Kaip be dideli\u0173 i\u0161laid\u0173 skoningai","robots":{"index":"index","follow":"follow","max-snippet":"max-snippet:-1","max-image-preview":"max-image-preview:large","max-video-preview":"max-video-preview:-1"},"canonical":"https:\/\/skaitytaknyga.lt\/en\/produktas\/elegancijos-paslaptys-2\/","og_locale":"en_GB","og_type":"article","og_title":"[:lt]Elegancijos paslaptys[:] - Skaitytaknyga","og_description":"\u0160i knyga skirta moterims, norin\u010dioms susikurti savit\u0105 stili\u0173. Kaip pa\u010dioms derinti drabu\u017eius, papuo\u0161alus, aksesuarus? Kaip be dideli\u0173 i\u0161laid\u0173 skoningai","og_url":"https:\/\/skaitytaknyga.lt\/en\/produktas\/elegancijos-paslaptys-2\/","og_site_name":"Skaitytaknyga","article_publisher":"https:\/\/www.facebook.com\/skaitytaknyga\/","article_modified_time":"2025-07-31T05:43:43+00:00","og_image":[{"width":515,"height":801,"url":"https:\/\/skaitytaknyga.lt\/wp-content\/uploads\/2025\/07\/Elegancijos-paslaptys-1.webp","type":"image\/webp"}],"twitter_card":"summary_large_image","schema":{"@context":"https:\/\/schema.org","@graph":[{"@type":"WebPage","@id":"https:\/\/skaitytaknyga.lt\/produktas\/elegancijos-paslaptys-2\/","url":"https:\/\/skaitytaknyga.lt\/produktas\/elegancijos-paslaptys-2\/","name":"Elegancijos paslaptys","isPartOf":{"@id":"https:\/\/skaitytaknyga.lt\/#website"},"primaryImageOfPage":{"@id":"https:\/\/skaitytaknyga.lt\/produktas\/elegancijos-paslaptys-2\/#primaryimage"},"image":{"@id":"https:\/\/skaitytaknyga.lt\/produktas\/elegancijos-paslaptys-2\/#primaryimage"},"thumbnailUrl":"https:\/\/skaitytaknyga.lt\/wp-content\/uploads\/2025\/07\/Elegancijos-paslaptys-1.webp","datePublished":"2025-07-30T19:05:48+00:00","dateModified":"2025-07-31T05:43:43+00:00","description":"\u0160i knyga skirta moterims, norin\u010dioms susikurti savit\u0105 stili\u0173. Kaip pa\u010dioms derinti drabu\u017eius, papuo\u0161alus, aksesuarus? Kaip be dideli\u0173 i\u0161laid\u0173 skoningai","breadcrumb":{"@id":"https:\/\/skaitytaknyga.lt\/produktas\/elegancijos-paslaptys-2\/#breadcrumb"},"inLanguage":"en-GB","potentialAction":[{"@type":"ReadAction","target":["https:\/\/skaitytaknyga.lt\/produktas\/elegancijos-paslaptys-2\/"]}]},{"@type":"ImageObject","inLanguage":"en-GB","@id":"https:\/\/skaitytaknyga.lt\/produktas\/elegancijos-paslaptys-2\/#primaryimage","url":"https:\/\/skaitytaknyga.lt\/wp-content\/uploads\/2025\/07\/Elegancijos-paslaptys-1.webp","contentUrl":"https:\/\/skaitytaknyga.lt\/wp-content\/uploads\/2025\/07\/Elegancijos-paslaptys-1.webp","width":515,"height":801},{"@type":"BreadcrumbList","@id":"https:\/\/skaitytaknyga.lt\/produktas\/elegancijos-paslaptys-2\/#breadcrumb","itemListElement":[{"@type":"ListItem","position":1,"name":"Home","item":"https:\/\/skaitytaknyga.lt\/"},{"@type":"ListItem","position":2,"name":"Parduotuv\u0117","item":"https:\/\/skaitytaknyga.lt\/knygu-parduotuve\/"},{"@type":"ListItem","position":3,"name":"Elegancijos paslaptys"}]},{"@type":"WebSite","@id":"https:\/\/skaitytaknyga.lt\/#website","url":"https:\/\/skaitytaknyga.lt\/","name":"skaitytaknyga.lt","description":"Skaitytaknyga.lt \u2013 tai ma\u017eas \u0161eimos verslas, kuris prasid\u0117jo nuo meil\u0117s knygoms ir siekio i\u0161gelb\u0117ti knygas nuo likimo prie konteinerio. Kas vienam nereikalingas daiktas \u2013 kitam lobis, o mes esame tarpininkai, kurie padeda abiems tapti laimingesniems ???? \u017dinome kaip nelengva i\u0161gyventi ma\u017eiems verslams, tad nuo \u0161iol, \u010dia rasite ir kit\u0173, ma\u017e\u0173 \u0161eim\u0173 versl\u0173, rank\u0173 darbo, dovan\u0173 sau ir artimiesiems.","publisher":{"@id":"https:\/\/skaitytaknyga.lt\/#organization"},"potentialAction":[{"@type":"SearchAction","target":{"@type":"EntryPoint","urlTemplate":"https:\/\/skaitytaknyga.lt\/?s={search_term_string}"},"query-input":{"@type":"PropertyValueSpecification","valueRequired":true,"valueName":"search_term_string"}}],"inLanguage":"en-GB"},{"@type":"Organization","@id":"https:\/\/skaitytaknyga.lt\/#organization","name":"skaitytaknyga.lt","url":"https:\/\/skaitytaknyga.lt\/","logo":{"@type":"ImageObject","inLanguage":"en-GB","@id":"https:\/\/skaitytaknyga.lt\/#\/schema\/logo\/image\/","url":"https:\/\/skaitytaknyga.lt\/wp-content\/uploads\/2024\/05\/cropped-cropped-cropped-02_00843_jt3bggkj1j3HLc7SyY6rEUpg.jpeg","contentUrl":"https:\/\/skaitytaknyga.lt\/wp-content\/uploads\/2024\/05\/cropped-cropped-cropped-02_00843_jt3bggkj1j3HLc7SyY6rEUpg.jpeg","width":1600,"height":1600,"caption":"skaitytaknyga.lt"},"image":{"@id":"https:\/\/skaitytaknyga.lt\/#\/schema\/logo\/image\/"},"sameAs":["https:\/\/www.facebook.com\/skaitytaknyga\/"]}]}},"_links":{"self":[{"href":"https:\/\/skaitytaknyga.lt\/en\/wp-json\/wp\/v2\/product\/20036","targetHints":{"allow":["GET"]}}],"collection":[{"href":"https:\/\/skaitytaknyga.lt\/en\/wp-json\/wp\/v2\/product"}],"about":[{"href":"https:\/\/skaitytaknyga.lt\/en\/wp-json\/wp\/v2\/types\/product"}],"replies":[{"embeddable":true,"href":"https:\/\/skaitytaknyga.lt\/en\/wp-json\/wp\/v2\/comments?post=20036"}],"wp:featuredmedia":[{"embeddable":true,"href":"https:\/\/skaitytaknyga.lt\/en\/wp-json\/wp\/v2\/media\/20038"}],"wp:attachment":[{"href":"https:\/\/skaitytaknyga.lt\/en\/wp-json\/wp\/v2\/media?parent=20036"}],"wp:term":[{"taxonomy":"product_brand","embeddable":true,"href":"https:\/\/skaitytaknyga.lt\/en\/wp-json\/wp\/v2\/product_brand?post=20036"},{"taxonomy":"product_cat","embeddable":true,"href":"https:\/\/skaitytaknyga.lt\/en\/wp-json\/wp\/v2\/product_cat?post=20036"},{"taxonomy":"product_tag","embeddable":true,"href":"https:\/\/skaitytaknyga.lt\/en\/wp-json\/wp\/v2\/product_tag?post=20036"}],"curies":[{"name":"wp","href":"https:\/\/api.w.org\/{rel}","templated":true}]}}