{"id":20026,"date":"2025-07-30T21:48:31","date_gmt":"2025-07-30T18:48:31","guid":{"rendered":"https:\/\/skaitytaknyga.lt\/?post_type=product&#038;p=20026"},"modified":"2025-07-31T08:43:43","modified_gmt":"2025-07-31T05:43:43","slug":"inteligentisko-tinginio-sodas","status":"publish","type":"product","link":"https:\/\/skaitytaknyga.lt\/en\/produktas\/inteligentisko-tinginio-sodas\/","title":{"rendered":"Inteligenti\u0161ko tinginio sodas"},"content":{"rendered":"<p>Austr\u0173 \u017eurnalistas ir garsus sodininkas para\u0161\u0117 \u201ekiek kitoki\u0105 knyg\u0105 apie sod\u0105\u201c. Per dvejus metus i\u0161leistos net septynios laidos. \u0160i knyga skirta visiems, kurie sodo veisimui ir prie\u017ei\u016brai negali arba nenori skirti daug laiko. I\u0161samiai ir \u017eaismingai pateikta, pritaikoma praktikoje, gausi iliustracij\u0173 bei nuotrauk\u0173 informacija apie sodininkavim\u0105 ir dar\u017eininkavim\u0105, g\u0117li\u0173 dar\u017eel\u012f balkone, vaik\u0173 kampel\u012f, vijoklinius augalus ant stog\u0173 ir sien\u0173, kov\u0105 su kenk\u0117jais ir ligomis. Knygoje taip pat gausyb\u0117 nauding\u0173 ir ne\u012fprast\u0173 patarim\u0173 ypa\u010d tingiems ir inteligenti\u0161kiems sodininkams.<\/p>\n","protected":false},"excerpt":{"rendered":"<p>Austr\u0173 \u017eurnalistas ir garsus sodininkas para\u0161\u0117 \u201ekiek kitoki\u0105 knyg\u0105 apie sod\u0105\u201c. Per dvejus metus i\u0161leistos net septynios laidos. \u0160i knyga skirta visiems, kurie sodo veisimui ir prie\u017ei\u016brai negali arba nenori skirti daug laiko. I\u0161samiai ir \u017eaismingai pateikta, pritaikoma praktikoje, gausi iliustracij\u0173 bei nuotrauk\u0173 informacija apie sodininkavim\u0105 ir dar\u017eininkavim\u0105, g\u0117li\u0173 dar\u017eel\u012f balkone, vaik\u0173 kampel\u012f, vijoklinius augalus ant stog\u0173 ir sien\u0173, kov\u0105 su kenk\u0117jais ir ligomis. Knygoje taip pat gausyb\u0117 nauding\u0173 ir ne\u012fprast\u0173 patarim\u0173 ypa\u010d tingiems ir inteligenti\u0161kiems sodininkams.<\/p>\n","protected":false},"featured_media":20030,"comment_status":"open","ping_status":"closed","template":"","meta":{"_acf_changed":false,"site-sidebar-layout":"default","site-content-layout":"","ast-site-content-layout":"default","site-content-style":"default","site-sidebar-style":"default","ast-global-header-display":"","ast-banner-title-visibility":"","ast-main-header-display":"","ast-hfb-above-header-display":"","ast-hfb-below-header-display":"","ast-hfb-mobile-header-display":"","site-post-title":"","ast-breadcrumbs-content":"","ast-featured-img":"","footer-sml-layout":"","ast-disable-related-posts":"","theme-transparent-header-meta":"","adv-header-id-meta":"","stick-header-meta":"","header-above-stick-meta":"","header-main-stick-meta":"","header-below-stick-meta":"","astra-migrate-meta-layouts":"default","ast-page-background-enabled":"default","ast-page-background-meta":{"desktop":{"background-color":"","background-image":"","background-repeat":"repeat","background-position":"center center","background-size":"auto","background-attachment":"scroll","background-type":"","background-media":"","overlay-type":"","overlay-color":"","overlay-opacity":"","overlay-gradient":""},"tablet":{"background-color":"","background-image":"","background-repeat":"repeat","background-position":"center center","background-size":"auto","background-attachment":"scroll","background-type":"","background-media":"","overlay-type":"","overlay-color":"","overlay-opacity":"","overlay-gradient":""},"mobile":{"background-color":"","background-image":"","background-repeat":"repeat","background-position":"center center","background-size":"auto","background-attachment":"scroll","background-type":"","background-media":"","overlay-type":"","overlay-color":"","overlay-opacity":"","overlay-gradient":""}},"ast-content-background-meta":{"desktop":{"background-color":"var(--ast-global-color-4)","background-image":"","background-repeat":"repeat","background-position":"center center","background-size":"auto","background-attachment":"scroll","background-type":"","background-media":"","overlay-type":"","overlay-color":"","overlay-opacity":"","overlay-gradient":""},"tablet":{"background-color":"var(--ast-global-color-4)","background-image":"","background-repeat":"repeat","background-position":"center center","background-size":"auto","background-attachment":"scroll","background-type":"","background-media":"","overlay-type":"","overlay-color":"","overlay-opacity":"","overlay-gradient":""},"mobile":{"background-color":"var(--ast-global-color-4)","background-image":"","background-repeat":"repeat","background-position":"center center","background-size":"auto","background-attachment":"scroll","background-type":"","background-media":"","overlay-type":"","overlay-color":"","overlay-opacity":"","overlay-gradient":""}}},"product_brand":[],"product_cat":[15],"product_tag":[7075,7081,7076,4990,7077,7078,7080,7082,7079],"class_list":{"0":"post-20026","1":"product","2":"type-product","3":"status-publish","4":"has-post-thumbnail","6":"product_cat-uncategorized","7":"product_tag-arvydas-rutkauskas","8":"product_tag-darzininkavimas","9":"product_tag-donatas-klimavicius","10":"product_tag-geles","11":"product_tag-jonas-vaidelys","12":"product_tag-kestutis-obelevicius","13":"product_tag-sodininkavimas","14":"product_tag-vaisiai","15":"product_tag-valerija-baroniene","16":"desktop-align-left","17":"tablet-align-left","18":"mobile-align-left","20":"first","21":"instock","22":"shipping-taxable","23":"purchasable","24":"product-type-simple"},"acf":[],"yoast_head":"<!-- This site is optimized with the Yoast SEO plugin v27.0 - https:\/\/yoast.com\/product\/yoast-seo-wordpress\/ -->\n<title>Inteligenti\u0161ko tinginio sodas<\/title>\n<meta name=\"description\" content=\"Austr\u0173 \u017eurnalistas ir garsus sodininkas para\u0161\u0117 \u201ekiek kitoki\u0105 knyg\u0105 apie sod\u0105\u201c. Per dvejus metus i\u0161leistos net septynios laidos. \u0160i knyga skirta visiems,\" \/>\n<meta name=\"robots\" content=\"index, follow, max-snippet:-1, max-image-preview:large, max-video-preview:-1\" \/>\n<link rel=\"canonical\" href=\"https:\/\/skaitytaknyga.lt\/en\/produktas\/inteligentisko-tinginio-sodas\/\" \/>\n<meta property=\"og:locale\" content=\"en_GB\" \/>\n<meta property=\"og:locale:alternate\" content=\"lt_LT\" \/>\n<meta property=\"og:type\" content=\"article\" \/>\n<meta property=\"og:title\" content=\"Inteligenti\u0161ko tinginio sodas\" \/>\n<meta property=\"og:description\" content=\"Austr\u0173 \u017eurnalistas ir garsus sodininkas para\u0161\u0117 \u201ekiek kitoki\u0105 knyg\u0105 apie sod\u0105\u201c. Per dvejus metus i\u0161leistos net septynios laidos. \u0160i knyga skirta visiems,\" \/>\n<meta property=\"og:url\" content=\"https:\/\/skaitytaknyga.lt\/en\/produktas\/inteligentisko-tinginio-sodas\/\" \/>\n<meta property=\"og:site_name\" content=\"Skaitytaknyga\" \/>\n<meta property=\"article:publisher\" content=\"https:\/\/www.facebook.com\/skaitytaknyga\/\" \/>\n<meta property=\"article:modified_time\" content=\"2025-07-31T05:43:43+00:00\" \/>\n<meta property=\"og:image\" content=\"https:\/\/skaitytaknyga.lt\/wp-content\/uploads\/2025\/07\/Inteligentiskotinginiosodas41.webp\" \/>\n\t<meta property=\"og:image:width\" content=\"363\" \/>\n\t<meta property=\"og:image:height\" content=\"431\" \/>\n\t<meta property=\"og:image:type\" content=\"image\/webp\" \/>\n<meta name=\"twitter:card\" content=\"summary_large_image\" \/>\n<script type=\"application\/ld+json\" class=\"yoast-schema-graph\">{\"@context\":\"https:\/\/schema.org\",\"@graph\":[{\"@type\":\"WebPage\",\"@id\":\"https:\/\/skaitytaknyga.lt\/produktas\/inteligentisko-tinginio-sodas\/\",\"url\":\"https:\/\/skaitytaknyga.lt\/produktas\/inteligentisko-tinginio-sodas\/\",\"name\":\"Inteligenti\u0161ko tinginio sodas\",\"isPartOf\":{\"@id\":\"https:\/\/skaitytaknyga.lt\/#website\"},\"primaryImageOfPage\":{\"@id\":\"https:\/\/skaitytaknyga.lt\/produktas\/inteligentisko-tinginio-sodas\/#primaryimage\"},\"image\":{\"@id\":\"https:\/\/skaitytaknyga.lt\/produktas\/inteligentisko-tinginio-sodas\/#primaryimage\"},\"thumbnailUrl\":\"https:\/\/skaitytaknyga.lt\/wp-content\/uploads\/2025\/07\/Inteligentiskotinginiosodas41.webp\",\"datePublished\":\"2025-07-30T18:48:31+00:00\",\"dateModified\":\"2025-07-31T05:43:43+00:00\",\"description\":\"Austr\u0173 \u017eurnalistas ir garsus sodininkas para\u0161\u0117 \u201ekiek kitoki\u0105 knyg\u0105 apie sod\u0105\u201c. Per dvejus metus i\u0161leistos net septynios laidos. \u0160i knyga skirta visiems,\",\"breadcrumb\":{\"@id\":\"https:\/\/skaitytaknyga.lt\/produktas\/inteligentisko-tinginio-sodas\/#breadcrumb\"},\"inLanguage\":\"en-GB\",\"potentialAction\":[{\"@type\":\"ReadAction\",\"target\":[\"https:\/\/skaitytaknyga.lt\/produktas\/inteligentisko-tinginio-sodas\/\"]}]},{\"@type\":\"ImageObject\",\"inLanguage\":\"en-GB\",\"@id\":\"https:\/\/skaitytaknyga.lt\/produktas\/inteligentisko-tinginio-sodas\/#primaryimage\",\"url\":\"https:\/\/skaitytaknyga.lt\/wp-content\/uploads\/2025\/07\/Inteligentiskotinginiosodas41.webp\",\"contentUrl\":\"https:\/\/skaitytaknyga.lt\/wp-content\/uploads\/2025\/07\/Inteligentiskotinginiosodas41.webp\",\"width\":363,\"height\":431,\"caption\":\"Inteligenti\u0161ko tinginio sodas\"},{\"@type\":\"BreadcrumbList\",\"@id\":\"https:\/\/skaitytaknyga.lt\/produktas\/inteligentisko-tinginio-sodas\/#breadcrumb\",\"itemListElement\":[{\"@type\":\"ListItem\",\"position\":1,\"name\":\"Home\",\"item\":\"https:\/\/skaitytaknyga.lt\/\"},{\"@type\":\"ListItem\",\"position\":2,\"name\":\"Parduotuv\u0117\",\"item\":\"https:\/\/skaitytaknyga.lt\/knygu-parduotuve\/\"},{\"@type\":\"ListItem\",\"position\":3,\"name\":\"Inteligenti\u0161ko tinginio sodas\"}]},{\"@type\":\"WebSite\",\"@id\":\"https:\/\/skaitytaknyga.lt\/#website\",\"url\":\"https:\/\/skaitytaknyga.lt\/\",\"name\":\"skaitytaknyga.lt\",\"description\":\"Skaitytaknyga.lt \u2013 tai ma\u017eas \u0161eimos verslas, kuris prasid\u0117jo nuo meil\u0117s knygoms ir siekio i\u0161gelb\u0117ti knygas nuo likimo prie konteinerio. Kas vienam nereikalingas daiktas \u2013 kitam lobis, o mes esame tarpininkai, kurie padeda abiems tapti laimingesniems ???? \u017dinome kaip nelengva i\u0161gyventi ma\u017eiems verslams, tad nuo \u0161iol, \u010dia rasite ir kit\u0173, ma\u017e\u0173 \u0161eim\u0173 versl\u0173, rank\u0173 darbo, dovan\u0173 sau ir artimiesiems.\",\"publisher\":{\"@id\":\"https:\/\/skaitytaknyga.lt\/#organization\"},\"potentialAction\":[{\"@type\":\"SearchAction\",\"target\":{\"@type\":\"EntryPoint\",\"urlTemplate\":\"https:\/\/skaitytaknyga.lt\/?s={search_term_string}\"},\"query-input\":{\"@type\":\"PropertyValueSpecification\",\"valueRequired\":true,\"valueName\":\"search_term_string\"}}],\"inLanguage\":\"en-GB\"},{\"@type\":\"Organization\",\"@id\":\"https:\/\/skaitytaknyga.lt\/#organization\",\"name\":\"skaitytaknyga.lt\",\"url\":\"https:\/\/skaitytaknyga.lt\/\",\"logo\":{\"@type\":\"ImageObject\",\"inLanguage\":\"en-GB\",\"@id\":\"https:\/\/skaitytaknyga.lt\/#\/schema\/logo\/image\/\",\"url\":\"https:\/\/skaitytaknyga.lt\/wp-content\/uploads\/2024\/05\/cropped-cropped-cropped-02_00843_jt3bggkj1j3HLc7SyY6rEUpg.jpeg\",\"contentUrl\":\"https:\/\/skaitytaknyga.lt\/wp-content\/uploads\/2024\/05\/cropped-cropped-cropped-02_00843_jt3bggkj1j3HLc7SyY6rEUpg.jpeg\",\"width\":1600,\"height\":1600,\"caption\":\"skaitytaknyga.lt\"},\"image\":{\"@id\":\"https:\/\/skaitytaknyga.lt\/#\/schema\/logo\/image\/\"},\"sameAs\":[\"https:\/\/www.facebook.com\/skaitytaknyga\/\"]}]}<\/script>\n<!-- \/ Yoast SEO plugin. -->","yoast_head_json":{"title":"Inteligenti\u0161ko tinginio sodas","description":"Austr\u0173 \u017eurnalistas ir garsus sodininkas para\u0161\u0117 \u201ekiek kitoki\u0105 knyg\u0105 apie sod\u0105\u201c. Per dvejus metus i\u0161leistos net septynios laidos. \u0160i knyga skirta visiems,","robots":{"index":"index","follow":"follow","max-snippet":"max-snippet:-1","max-image-preview":"max-image-preview:large","max-video-preview":"max-video-preview:-1"},"canonical":"https:\/\/skaitytaknyga.lt\/en\/produktas\/inteligentisko-tinginio-sodas\/","og_locale":"en_GB","og_type":"article","og_title":"[:lt]Inteligenti\u0161ko tinginio sodas[:] - Skaitytaknyga","og_description":"Austr\u0173 \u017eurnalistas ir garsus sodininkas para\u0161\u0117 \u201ekiek kitoki\u0105 knyg\u0105 apie sod\u0105\u201c. Per dvejus metus i\u0161leistos net septynios laidos. \u0160i knyga skirta visiems,","og_url":"https:\/\/skaitytaknyga.lt\/en\/produktas\/inteligentisko-tinginio-sodas\/","og_site_name":"Skaitytaknyga","article_publisher":"https:\/\/www.facebook.com\/skaitytaknyga\/","article_modified_time":"2025-07-31T05:43:43+00:00","og_image":[{"width":363,"height":431,"url":"https:\/\/skaitytaknyga.lt\/wp-content\/uploads\/2025\/07\/Inteligentiskotinginiosodas41.webp","type":"image\/webp"}],"twitter_card":"summary_large_image","schema":{"@context":"https:\/\/schema.org","@graph":[{"@type":"WebPage","@id":"https:\/\/skaitytaknyga.lt\/produktas\/inteligentisko-tinginio-sodas\/","url":"https:\/\/skaitytaknyga.lt\/produktas\/inteligentisko-tinginio-sodas\/","name":"Inteligenti\u0161ko tinginio sodas","isPartOf":{"@id":"https:\/\/skaitytaknyga.lt\/#website"},"primaryImageOfPage":{"@id":"https:\/\/skaitytaknyga.lt\/produktas\/inteligentisko-tinginio-sodas\/#primaryimage"},"image":{"@id":"https:\/\/skaitytaknyga.lt\/produktas\/inteligentisko-tinginio-sodas\/#primaryimage"},"thumbnailUrl":"https:\/\/skaitytaknyga.lt\/wp-content\/uploads\/2025\/07\/Inteligentiskotinginiosodas41.webp","datePublished":"2025-07-30T18:48:31+00:00","dateModified":"2025-07-31T05:43:43+00:00","description":"Austr\u0173 \u017eurnalistas ir garsus sodininkas para\u0161\u0117 \u201ekiek kitoki\u0105 knyg\u0105 apie sod\u0105\u201c. Per dvejus metus i\u0161leistos net septynios laidos. \u0160i knyga skirta visiems,","breadcrumb":{"@id":"https:\/\/skaitytaknyga.lt\/produktas\/inteligentisko-tinginio-sodas\/#breadcrumb"},"inLanguage":"en-GB","potentialAction":[{"@type":"ReadAction","target":["https:\/\/skaitytaknyga.lt\/produktas\/inteligentisko-tinginio-sodas\/"]}]},{"@type":"ImageObject","inLanguage":"en-GB","@id":"https:\/\/skaitytaknyga.lt\/produktas\/inteligentisko-tinginio-sodas\/#primaryimage","url":"https:\/\/skaitytaknyga.lt\/wp-content\/uploads\/2025\/07\/Inteligentiskotinginiosodas41.webp","contentUrl":"https:\/\/skaitytaknyga.lt\/wp-content\/uploads\/2025\/07\/Inteligentiskotinginiosodas41.webp","width":363,"height":431,"caption":"Inteligenti\u0161ko tinginio sodas"},{"@type":"BreadcrumbList","@id":"https:\/\/skaitytaknyga.lt\/produktas\/inteligentisko-tinginio-sodas\/#breadcrumb","itemListElement":[{"@type":"ListItem","position":1,"name":"Home","item":"https:\/\/skaitytaknyga.lt\/"},{"@type":"ListItem","position":2,"name":"Parduotuv\u0117","item":"https:\/\/skaitytaknyga.lt\/knygu-parduotuve\/"},{"@type":"ListItem","position":3,"name":"Inteligenti\u0161ko tinginio sodas"}]},{"@type":"WebSite","@id":"https:\/\/skaitytaknyga.lt\/#website","url":"https:\/\/skaitytaknyga.lt\/","name":"skaitytaknyga.lt","description":"Skaitytaknyga.lt \u2013 tai ma\u017eas \u0161eimos verslas, kuris prasid\u0117jo nuo meil\u0117s knygoms ir siekio i\u0161gelb\u0117ti knygas nuo likimo prie konteinerio. Kas vienam nereikalingas daiktas \u2013 kitam lobis, o mes esame tarpininkai, kurie padeda abiems tapti laimingesniems ???? \u017dinome kaip nelengva i\u0161gyventi ma\u017eiems verslams, tad nuo \u0161iol, \u010dia rasite ir kit\u0173, ma\u017e\u0173 \u0161eim\u0173 versl\u0173, rank\u0173 darbo, dovan\u0173 sau ir artimiesiems.","publisher":{"@id":"https:\/\/skaitytaknyga.lt\/#organization"},"potentialAction":[{"@type":"SearchAction","target":{"@type":"EntryPoint","urlTemplate":"https:\/\/skaitytaknyga.lt\/?s={search_term_string}"},"query-input":{"@type":"PropertyValueSpecification","valueRequired":true,"valueName":"search_term_string"}}],"inLanguage":"en-GB"},{"@type":"Organization","@id":"https:\/\/skaitytaknyga.lt\/#organization","name":"skaitytaknyga.lt","url":"https:\/\/skaitytaknyga.lt\/","logo":{"@type":"ImageObject","inLanguage":"en-GB","@id":"https:\/\/skaitytaknyga.lt\/#\/schema\/logo\/image\/","url":"https:\/\/skaitytaknyga.lt\/wp-content\/uploads\/2024\/05\/cropped-cropped-cropped-02_00843_jt3bggkj1j3HLc7SyY6rEUpg.jpeg","contentUrl":"https:\/\/skaitytaknyga.lt\/wp-content\/uploads\/2024\/05\/cropped-cropped-cropped-02_00843_jt3bggkj1j3HLc7SyY6rEUpg.jpeg","width":1600,"height":1600,"caption":"skaitytaknyga.lt"},"image":{"@id":"https:\/\/skaitytaknyga.lt\/#\/schema\/logo\/image\/"},"sameAs":["https:\/\/www.facebook.com\/skaitytaknyga\/"]}]}},"_links":{"self":[{"href":"https:\/\/skaitytaknyga.lt\/en\/wp-json\/wp\/v2\/product\/20026","targetHints":{"allow":["GET"]}}],"collection":[{"href":"https:\/\/skaitytaknyga.lt\/en\/wp-json\/wp\/v2\/product"}],"about":[{"href":"https:\/\/skaitytaknyga.lt\/en\/wp-json\/wp\/v2\/types\/product"}],"replies":[{"embeddable":true,"href":"https:\/\/skaitytaknyga.lt\/en\/wp-json\/wp\/v2\/comments?post=20026"}],"wp:featuredmedia":[{"embeddable":true,"href":"https:\/\/skaitytaknyga.lt\/en\/wp-json\/wp\/v2\/media\/20030"}],"wp:attachment":[{"href":"https:\/\/skaitytaknyga.lt\/en\/wp-json\/wp\/v2\/media?parent=20026"}],"wp:term":[{"taxonomy":"product_brand","embeddable":true,"href":"https:\/\/skaitytaknyga.lt\/en\/wp-json\/wp\/v2\/product_brand?post=20026"},{"taxonomy":"product_cat","embeddable":true,"href":"https:\/\/skaitytaknyga.lt\/en\/wp-json\/wp\/v2\/product_cat?post=20026"},{"taxonomy":"product_tag","embeddable":true,"href":"https:\/\/skaitytaknyga.lt\/en\/wp-json\/wp\/v2\/product_tag?post=20026"}],"curies":[{"name":"wp","href":"https:\/\/api.w.org\/{rel}","templated":true}]}}