{"id":20025,"date":"2025-07-30T21:48:31","date_gmt":"2025-07-30T18:48:31","guid":{"rendered":"https:\/\/skaitytaknyga.lt\/?post_type=product&#038;p=20025"},"modified":"2025-07-31T08:43:43","modified_gmt":"2025-07-31T05:43:43","slug":"sodas-ir-darzas","status":"publish","type":"product","link":"https:\/\/skaitytaknyga.lt\/en\/produktas\/sodas-ir-darzas\/","title":{"rendered":"Sodas ir dar\u017eas"},"content":{"rendered":"<p>Galb\u016bt kartais atrodo, kad ne j\u016bs\u0173 j\u0117goms i\u0161puosel\u0117ti savo sodyb\u0105 taip, kaip nor\u0117tum\u0117te, kad u\u017esiauginti dar\u017eovi\u0173, vaisi\u0173 ar g\u0117li\u0173, susikurti jauki\u0105 vietel\u0119 &#8211; Sizifo darbas. Jeigu kilo toki\u0173 min\u010di\u0173, vadinasi, ka\u017ek\u0105 darote ne taip. Gal tiesiog bandote \u012fveikti gamt\u0105? J\u0105 suprasti ir i\u0161mokti prie jos prisitaikyti pad\u0117s m\u016bs\u0173 penki neprilygstami ekspertai. Jie i\u0161 savo patirties \u017eino, ko reikia tiek pradedan\u010diam, tiek jau \u012fgudusiam g\u0117lininkui, sodininkui ir dar\u017eininkui, sodybos aplinkos k\u016br\u0117jui. Tad pamokys ne tik kaip nustatyti dirvo\u017eemio tip\u0105, tinkamai pasodinti med\u017eius ir juos gen\u0117ti, i\u0161kasti tvenkinuk\u0105, nutiesti tak\u0105, pas\u0117ti ir pri\u017ei\u016br\u0117ti vej\u0105, bet ir patars, kokie augalai geriausiai ve\u0161\u0117t\u0173 j\u016bs\u0173 \u017eem\u0117je, kaip juos padauginti, tr\u0119\u0161ti, apsaugoti nuo lig\u0173 ir kenk\u0117j\u0173, pad\u0117s lengviau apsispr\u0119sti, kokia gyvatvore ar tvora apgl\u0117bti savo sodyb\u0105 ir apskritai kaip joje visk\u0105 suderinti, kad ir j\u016bs po vis\u0173 darb\u0173 d\u017eiaugdamiesi savo sukurta aplinka tiesiog pra\u017eystum\u0117te.<\/p>\n","protected":false},"excerpt":{"rendered":"<p>Galb\u016bt kartais atrodo, kad ne j\u016bs\u0173 j\u0117goms i\u0161puosel\u0117ti savo sodyb\u0105 taip, kaip nor\u0117tum\u0117te, kad u\u017esiauginti dar\u017eovi\u0173, vaisi\u0173 ar g\u0117li\u0173, susikurti jauki\u0105 vietel\u0119 &#8211; Sizifo darbas. Jeigu kilo toki\u0173 min\u010di\u0173, vadinasi, ka\u017ek\u0105 darote ne taip. Gal tiesiog bandote \u012fveikti gamt\u0105? J\u0105 suprasti ir i\u0161mokti prie jos prisitaikyti pad\u0117s m\u016bs\u0173 penki neprilygstami ekspertai. Jie i\u0161 savo patirties \u017eino, ko reikia tiek pradedan\u010diam, tiek jau \u012fgudusiam g\u0117lininkui, sodininkui ir dar\u017eininkui, sodybos aplinkos k\u016br\u0117jui. Tad pamokys ne tik kaip nustatyti dirvo\u017eemio tip\u0105, tinkamai pasodinti med\u017eius ir juos gen\u0117ti, i\u0161kasti tvenkinuk\u0105, nutiesti tak\u0105, pas\u0117ti ir pri\u017ei\u016br\u0117ti vej\u0105, bet ir patars, kokie augalai geriausiai ve\u0161\u0117t\u0173 j\u016bs\u0173 \u017eem\u0117je, kaip juos padauginti, tr\u0119\u0161ti, apsaugoti nuo lig\u0173 ir kenk\u0117j\u0173, pad\u0117s lengviau apsispr\u0119sti, kokia gyvatvore ar tvora apgl\u0117bti savo sodyb\u0105 ir apskritai kaip joje visk\u0105 suderinti, kad ir j\u016bs po vis\u0173 darb\u0173 d\u017eiaugdamiesi savo sukurta aplinka tiesiog pra\u017eystum\u0117te.<\/p>\n","protected":false},"featured_media":20029,"comment_status":"open","ping_status":"closed","template":"","meta":{"_acf_changed":false,"site-sidebar-layout":"default","site-content-layout":"","ast-site-content-layout":"default","site-content-style":"default","site-sidebar-style":"default","ast-global-header-display":"","ast-banner-title-visibility":"","ast-main-header-display":"","ast-hfb-above-header-display":"","ast-hfb-below-header-display":"","ast-hfb-mobile-header-display":"","site-post-title":"","ast-breadcrumbs-content":"","ast-featured-img":"","footer-sml-layout":"","ast-disable-related-posts":"","theme-transparent-header-meta":"","adv-header-id-meta":"","stick-header-meta":"","header-above-stick-meta":"","header-main-stick-meta":"","header-below-stick-meta":"","astra-migrate-meta-layouts":"default","ast-page-background-enabled":"default","ast-page-background-meta":{"desktop":{"background-color":"","background-image":"","background-repeat":"repeat","background-position":"center center","background-size":"auto","background-attachment":"scroll","background-type":"","background-media":"","overlay-type":"","overlay-color":"","overlay-opacity":"","overlay-gradient":""},"tablet":{"background-color":"","background-image":"","background-repeat":"repeat","background-position":"center center","background-size":"auto","background-attachment":"scroll","background-type":"","background-media":"","overlay-type":"","overlay-color":"","overlay-opacity":"","overlay-gradient":""},"mobile":{"background-color":"","background-image":"","background-repeat":"repeat","background-position":"center center","background-size":"auto","background-attachment":"scroll","background-type":"","background-media":"","overlay-type":"","overlay-color":"","overlay-opacity":"","overlay-gradient":""}},"ast-content-background-meta":{"desktop":{"background-color":"var(--ast-global-color-4)","background-image":"","background-repeat":"repeat","background-position":"center center","background-size":"auto","background-attachment":"scroll","background-type":"","background-media":"","overlay-type":"","overlay-color":"","overlay-opacity":"","overlay-gradient":""},"tablet":{"background-color":"var(--ast-global-color-4)","background-image":"","background-repeat":"repeat","background-position":"center center","background-size":"auto","background-attachment":"scroll","background-type":"","background-media":"","overlay-type":"","overlay-color":"","overlay-opacity":"","overlay-gradient":""},"mobile":{"background-color":"var(--ast-global-color-4)","background-image":"","background-repeat":"repeat","background-position":"center center","background-size":"auto","background-attachment":"scroll","background-type":"","background-media":"","overlay-type":"","overlay-color":"","overlay-opacity":"","overlay-gradient":""}}},"product_brand":[],"product_cat":[15],"product_tag":[7074,7072,7073,4596,7071,1524],"class_list":{"0":"post-20025","1":"product","2":"type-product","3":"status-publish","4":"has-post-thumbnail","6":"product_cat-uncategorized","7":"product_tag-atradimai","8":"product_tag-dangaus-kunai","9":"product_tag-energija","10":"product_tag-fizika","11":"product_tag-gintautas-tamulaitis","12":"product_tag-mokslas","13":"desktop-align-left","14":"tablet-align-left","15":"mobile-align-left","17":"first","18":"instock","19":"shipping-taxable","20":"purchasable","21":"product-type-simple"},"acf":[],"yoast_head":"<!-- This site is optimized with the Yoast SEO plugin v27.4 - https:\/\/yoast.com\/product\/yoast-seo-wordpress\/ -->\n<title>Sodas ir dar\u017eas<\/title>\n<meta name=\"description\" content=\"Galb\u016bt kartais atrodo, kad ne j\u016bs\u0173 j\u0117goms i\u0161puosel\u0117ti savo sodyb\u0105 taip, kaip nor\u0117tum\u0117te, kad u\u017esiauginti dar\u017eovi\u0173, vaisi\u0173 ar g\u0117li\u0173, susikurti jauki\u0105\" \/>\n<meta name=\"robots\" content=\"index, follow, max-snippet:-1, max-image-preview:large, max-video-preview:-1\" \/>\n<link rel=\"canonical\" href=\"https:\/\/skaitytaknyga.lt\/en\/produktas\/sodas-ir-darzas\/\" \/>\n<meta property=\"og:locale\" content=\"en_GB\" \/>\n<meta property=\"og:locale:alternate\" content=\"lt_LT\" \/>\n<meta property=\"og:type\" content=\"article\" \/>\n<meta property=\"og:title\" content=\"Sodas ir dar\u017eas\" \/>\n<meta property=\"og:description\" content=\"Galb\u016bt kartais atrodo, kad ne j\u016bs\u0173 j\u0117goms i\u0161puosel\u0117ti savo sodyb\u0105 taip, kaip nor\u0117tum\u0117te, kad u\u017esiauginti dar\u017eovi\u0173, vaisi\u0173 ar g\u0117li\u0173, susikurti jauki\u0105\" \/>\n<meta property=\"og:url\" content=\"https:\/\/skaitytaknyga.lt\/en\/produktas\/sodas-ir-darzas\/\" \/>\n<meta property=\"og:site_name\" content=\"Skaitytaknyga\" \/>\n<meta property=\"article:publisher\" content=\"https:\/\/www.facebook.com\/skaitytaknyga\/\" \/>\n<meta property=\"article:modified_time\" content=\"2025-07-31T05:43:43+00:00\" \/>\n<meta property=\"og:image\" content=\"https:\/\/skaitytaknyga.lt\/wp-content\/uploads\/2025\/07\/Sodas-ir-darzas-1.webp\" \/>\n\t<meta property=\"og:image:width\" content=\"500\" \/>\n\t<meta property=\"og:image:height\" content=\"662\" \/>\n\t<meta property=\"og:image:type\" content=\"image\/webp\" \/>\n<meta name=\"twitter:card\" content=\"summary_large_image\" \/>\n<meta name=\"twitter:label1\" content=\"Estimated reading time\" \/>\n\t<meta name=\"twitter:data1\" content=\"1 minute\" \/>\n<script type=\"application\/ld+json\" class=\"yoast-schema-graph\">{\"@context\":\"https:\\\/\\\/schema.org\",\"@graph\":[{\"@type\":\"WebPage\",\"@id\":\"https:\\\/\\\/skaitytaknyga.lt\\\/produktas\\\/sodas-ir-darzas\\\/\",\"url\":\"https:\\\/\\\/skaitytaknyga.lt\\\/produktas\\\/sodas-ir-darzas\\\/\",\"name\":\"Sodas ir dar\u017eas\",\"isPartOf\":{\"@id\":\"https:\\\/\\\/skaitytaknyga.lt\\\/#website\"},\"primaryImageOfPage\":{\"@id\":\"https:\\\/\\\/skaitytaknyga.lt\\\/produktas\\\/sodas-ir-darzas\\\/#primaryimage\"},\"image\":{\"@id\":\"https:\\\/\\\/skaitytaknyga.lt\\\/produktas\\\/sodas-ir-darzas\\\/#primaryimage\"},\"thumbnailUrl\":\"https:\\\/\\\/skaitytaknyga.lt\\\/wp-content\\\/uploads\\\/2025\\\/07\\\/Sodas-ir-darzas-1.webp\",\"datePublished\":\"2025-07-30T18:48:31+00:00\",\"dateModified\":\"2025-07-31T05:43:43+00:00\",\"description\":\"Galb\u016bt kartais atrodo, kad ne j\u016bs\u0173 j\u0117goms i\u0161puosel\u0117ti savo sodyb\u0105 taip, kaip nor\u0117tum\u0117te, kad u\u017esiauginti dar\u017eovi\u0173, vaisi\u0173 ar g\u0117li\u0173, susikurti jauki\u0105\",\"breadcrumb\":{\"@id\":\"https:\\\/\\\/skaitytaknyga.lt\\\/produktas\\\/sodas-ir-darzas\\\/#breadcrumb\"},\"inLanguage\":\"en-GB\",\"potentialAction\":[{\"@type\":\"ReadAction\",\"target\":[\"https:\\\/\\\/skaitytaknyga.lt\\\/produktas\\\/sodas-ir-darzas\\\/\"]}]},{\"@type\":\"ImageObject\",\"inLanguage\":\"en-GB\",\"@id\":\"https:\\\/\\\/skaitytaknyga.lt\\\/produktas\\\/sodas-ir-darzas\\\/#primaryimage\",\"url\":\"https:\\\/\\\/skaitytaknyga.lt\\\/wp-content\\\/uploads\\\/2025\\\/07\\\/Sodas-ir-darzas-1.webp\",\"contentUrl\":\"https:\\\/\\\/skaitytaknyga.lt\\\/wp-content\\\/uploads\\\/2025\\\/07\\\/Sodas-ir-darzas-1.webp\",\"width\":500,\"height\":662,\"caption\":\"Sodas ir dar\u017eas\"},{\"@type\":\"BreadcrumbList\",\"@id\":\"https:\\\/\\\/skaitytaknyga.lt\\\/produktas\\\/sodas-ir-darzas\\\/#breadcrumb\",\"itemListElement\":[{\"@type\":\"ListItem\",\"position\":1,\"name\":\"Home\",\"item\":\"https:\\\/\\\/skaitytaknyga.lt\\\/\"},{\"@type\":\"ListItem\",\"position\":2,\"name\":\"Parduotuv\u0117\",\"item\":\"https:\\\/\\\/skaitytaknyga.lt\\\/knygu-parduotuve\\\/\"},{\"@type\":\"ListItem\",\"position\":3,\"name\":\"Sodas ir dar\u017eas\"}]},{\"@type\":\"WebSite\",\"@id\":\"https:\\\/\\\/skaitytaknyga.lt\\\/#website\",\"url\":\"https:\\\/\\\/skaitytaknyga.lt\\\/\",\"name\":\"skaitytaknyga.lt\",\"description\":\"Skaitytaknyga.lt \u2013 tai ma\u017eas \u0161eimos verslas, kuris prasid\u0117jo nuo meil\u0117s knygoms ir siekio i\u0161gelb\u0117ti knygas nuo likimo prie konteinerio. Kas vienam nereikalingas daiktas \u2013 kitam lobis, o mes esame tarpininkai, kurie padeda abiems tapti laimingesniems ???? \u017dinome kaip nelengva i\u0161gyventi ma\u017eiems verslams, tad nuo \u0161iol, \u010dia rasite ir kit\u0173, ma\u017e\u0173 \u0161eim\u0173 versl\u0173, rank\u0173 darbo, dovan\u0173 sau ir artimiesiems.\",\"publisher\":{\"@id\":\"https:\\\/\\\/skaitytaknyga.lt\\\/#organization\"},\"potentialAction\":[{\"@type\":\"SearchAction\",\"target\":{\"@type\":\"EntryPoint\",\"urlTemplate\":\"https:\\\/\\\/skaitytaknyga.lt\\\/?s={search_term_string}\"},\"query-input\":{\"@type\":\"PropertyValueSpecification\",\"valueRequired\":true,\"valueName\":\"search_term_string\"}}],\"inLanguage\":\"en-GB\"},{\"@type\":\"Organization\",\"@id\":\"https:\\\/\\\/skaitytaknyga.lt\\\/#organization\",\"name\":\"skaitytaknyga.lt\",\"url\":\"https:\\\/\\\/skaitytaknyga.lt\\\/\",\"logo\":{\"@type\":\"ImageObject\",\"inLanguage\":\"en-GB\",\"@id\":\"https:\\\/\\\/skaitytaknyga.lt\\\/#\\\/schema\\\/logo\\\/image\\\/\",\"url\":\"https:\\\/\\\/skaitytaknyga.lt\\\/wp-content\\\/uploads\\\/2024\\\/05\\\/cropped-cropped-cropped-02_00843_jt3bggkj1j3HLc7SyY6rEUpg.jpeg\",\"contentUrl\":\"https:\\\/\\\/skaitytaknyga.lt\\\/wp-content\\\/uploads\\\/2024\\\/05\\\/cropped-cropped-cropped-02_00843_jt3bggkj1j3HLc7SyY6rEUpg.jpeg\",\"width\":1600,\"height\":1600,\"caption\":\"skaitytaknyga.lt\"},\"image\":{\"@id\":\"https:\\\/\\\/skaitytaknyga.lt\\\/#\\\/schema\\\/logo\\\/image\\\/\"},\"sameAs\":[\"https:\\\/\\\/www.facebook.com\\\/skaitytaknyga\\\/\"]}]}<\/script>\n<!-- \/ Yoast SEO plugin. -->","yoast_head_json":{"title":"Sodas ir dar\u017eas","description":"Galb\u016bt kartais atrodo, kad ne j\u016bs\u0173 j\u0117goms i\u0161puosel\u0117ti savo sodyb\u0105 taip, kaip nor\u0117tum\u0117te, kad u\u017esiauginti dar\u017eovi\u0173, vaisi\u0173 ar g\u0117li\u0173, susikurti jauki\u0105","robots":{"index":"index","follow":"follow","max-snippet":"max-snippet:-1","max-image-preview":"max-image-preview:large","max-video-preview":"max-video-preview:-1"},"canonical":"https:\/\/skaitytaknyga.lt\/en\/produktas\/sodas-ir-darzas\/","og_locale":"en_GB","og_type":"article","og_title":"[:lt]Sodas ir dar\u017eas[:] - Skaitytaknyga","og_description":"Galb\u016bt kartais atrodo, kad ne j\u016bs\u0173 j\u0117goms i\u0161puosel\u0117ti savo sodyb\u0105 taip, kaip nor\u0117tum\u0117te, kad u\u017esiauginti dar\u017eovi\u0173, vaisi\u0173 ar g\u0117li\u0173, susikurti jauki\u0105","og_url":"https:\/\/skaitytaknyga.lt\/en\/produktas\/sodas-ir-darzas\/","og_site_name":"Skaitytaknyga","article_publisher":"https:\/\/www.facebook.com\/skaitytaknyga\/","article_modified_time":"2025-07-31T05:43:43+00:00","og_image":[{"width":500,"height":662,"url":"https:\/\/skaitytaknyga.lt\/wp-content\/uploads\/2025\/07\/Sodas-ir-darzas-1.webp","type":"image\/webp"}],"twitter_card":"summary_large_image","twitter_misc":{"Estimated reading time":"1 minute"},"schema":{"@context":"https:\/\/schema.org","@graph":[{"@type":"WebPage","@id":"https:\/\/skaitytaknyga.lt\/produktas\/sodas-ir-darzas\/","url":"https:\/\/skaitytaknyga.lt\/produktas\/sodas-ir-darzas\/","name":"Sodas ir dar\u017eas","isPartOf":{"@id":"https:\/\/skaitytaknyga.lt\/#website"},"primaryImageOfPage":{"@id":"https:\/\/skaitytaknyga.lt\/produktas\/sodas-ir-darzas\/#primaryimage"},"image":{"@id":"https:\/\/skaitytaknyga.lt\/produktas\/sodas-ir-darzas\/#primaryimage"},"thumbnailUrl":"https:\/\/skaitytaknyga.lt\/wp-content\/uploads\/2025\/07\/Sodas-ir-darzas-1.webp","datePublished":"2025-07-30T18:48:31+00:00","dateModified":"2025-07-31T05:43:43+00:00","description":"Galb\u016bt kartais atrodo, kad ne j\u016bs\u0173 j\u0117goms i\u0161puosel\u0117ti savo sodyb\u0105 taip, kaip nor\u0117tum\u0117te, kad u\u017esiauginti dar\u017eovi\u0173, vaisi\u0173 ar g\u0117li\u0173, susikurti jauki\u0105","breadcrumb":{"@id":"https:\/\/skaitytaknyga.lt\/produktas\/sodas-ir-darzas\/#breadcrumb"},"inLanguage":"en-GB","potentialAction":[{"@type":"ReadAction","target":["https:\/\/skaitytaknyga.lt\/produktas\/sodas-ir-darzas\/"]}]},{"@type":"ImageObject","inLanguage":"en-GB","@id":"https:\/\/skaitytaknyga.lt\/produktas\/sodas-ir-darzas\/#primaryimage","url":"https:\/\/skaitytaknyga.lt\/wp-content\/uploads\/2025\/07\/Sodas-ir-darzas-1.webp","contentUrl":"https:\/\/skaitytaknyga.lt\/wp-content\/uploads\/2025\/07\/Sodas-ir-darzas-1.webp","width":500,"height":662,"caption":"Sodas ir dar\u017eas"},{"@type":"BreadcrumbList","@id":"https:\/\/skaitytaknyga.lt\/produktas\/sodas-ir-darzas\/#breadcrumb","itemListElement":[{"@type":"ListItem","position":1,"name":"Home","item":"https:\/\/skaitytaknyga.lt\/"},{"@type":"ListItem","position":2,"name":"Parduotuv\u0117","item":"https:\/\/skaitytaknyga.lt\/knygu-parduotuve\/"},{"@type":"ListItem","position":3,"name":"Sodas ir dar\u017eas"}]},{"@type":"WebSite","@id":"https:\/\/skaitytaknyga.lt\/#website","url":"https:\/\/skaitytaknyga.lt\/","name":"skaitytaknyga.lt","description":"Skaitytaknyga.lt \u2013 tai ma\u017eas \u0161eimos verslas, kuris prasid\u0117jo nuo meil\u0117s knygoms ir siekio i\u0161gelb\u0117ti knygas nuo likimo prie konteinerio. Kas vienam nereikalingas daiktas \u2013 kitam lobis, o mes esame tarpininkai, kurie padeda abiems tapti laimingesniems ???? \u017dinome kaip nelengva i\u0161gyventi ma\u017eiems verslams, tad nuo \u0161iol, \u010dia rasite ir kit\u0173, ma\u017e\u0173 \u0161eim\u0173 versl\u0173, rank\u0173 darbo, dovan\u0173 sau ir artimiesiems.","publisher":{"@id":"https:\/\/skaitytaknyga.lt\/#organization"},"potentialAction":[{"@type":"SearchAction","target":{"@type":"EntryPoint","urlTemplate":"https:\/\/skaitytaknyga.lt\/?s={search_term_string}"},"query-input":{"@type":"PropertyValueSpecification","valueRequired":true,"valueName":"search_term_string"}}],"inLanguage":"en-GB"},{"@type":"Organization","@id":"https:\/\/skaitytaknyga.lt\/#organization","name":"skaitytaknyga.lt","url":"https:\/\/skaitytaknyga.lt\/","logo":{"@type":"ImageObject","inLanguage":"en-GB","@id":"https:\/\/skaitytaknyga.lt\/#\/schema\/logo\/image\/","url":"https:\/\/skaitytaknyga.lt\/wp-content\/uploads\/2024\/05\/cropped-cropped-cropped-02_00843_jt3bggkj1j3HLc7SyY6rEUpg.jpeg","contentUrl":"https:\/\/skaitytaknyga.lt\/wp-content\/uploads\/2024\/05\/cropped-cropped-cropped-02_00843_jt3bggkj1j3HLc7SyY6rEUpg.jpeg","width":1600,"height":1600,"caption":"skaitytaknyga.lt"},"image":{"@id":"https:\/\/skaitytaknyga.lt\/#\/schema\/logo\/image\/"},"sameAs":["https:\/\/www.facebook.com\/skaitytaknyga\/"]}]}},"_links":{"self":[{"href":"https:\/\/skaitytaknyga.lt\/en\/wp-json\/wp\/v2\/product\/20025","targetHints":{"allow":["GET"]}}],"collection":[{"href":"https:\/\/skaitytaknyga.lt\/en\/wp-json\/wp\/v2\/product"}],"about":[{"href":"https:\/\/skaitytaknyga.lt\/en\/wp-json\/wp\/v2\/types\/product"}],"replies":[{"embeddable":true,"href":"https:\/\/skaitytaknyga.lt\/en\/wp-json\/wp\/v2\/comments?post=20025"}],"wp:featuredmedia":[{"embeddable":true,"href":"https:\/\/skaitytaknyga.lt\/en\/wp-json\/wp\/v2\/media\/20029"}],"wp:attachment":[{"href":"https:\/\/skaitytaknyga.lt\/en\/wp-json\/wp\/v2\/media?parent=20025"}],"wp:term":[{"taxonomy":"product_brand","embeddable":true,"href":"https:\/\/skaitytaknyga.lt\/en\/wp-json\/wp\/v2\/product_brand?post=20025"},{"taxonomy":"product_cat","embeddable":true,"href":"https:\/\/skaitytaknyga.lt\/en\/wp-json\/wp\/v2\/product_cat?post=20025"},{"taxonomy":"product_tag","embeddable":true,"href":"https:\/\/skaitytaknyga.lt\/en\/wp-json\/wp\/v2\/product_tag?post=20025"}],"curies":[{"name":"wp","href":"https:\/\/api.w.org\/{rel}","templated":true}]}}