{"id":20024,"date":"2025-07-30T21:48:31","date_gmt":"2025-07-30T18:48:31","guid":{"rendered":"https:\/\/skaitytaknyga.lt\/?post_type=product&#038;p=20024"},"modified":"2025-08-01T08:27:18","modified_gmt":"2025-08-01T05:27:18","slug":"mokslas-su-prieskoniais","status":"publish","type":"product","link":"https:\/\/skaitytaknyga.lt\/en\/produktas\/mokslas-su-prieskoniais\/","title":{"rendered":"Mokslas su prieskoniais"},"content":{"rendered":"<p>Vilniaus universiteto profesoriaus fiziko Gintauto Tamulai\u010dio pla\u010diajam skaitytoj\u0173 ratui skirta knyga apie pasaul\u012f, kuriame gyvename, apie mus pa\u010dius \u0161iame pasaulyje ir apie d\u0117snius, pagal kuriuos \u0161is pasaulis gyvuoja.<\/p>\n<p>Suprantamai ir paprastai, bet moksli\u0161kai tiksliai pasakojama apie dangaus k\u016bnus, \u017dem\u0119, gyvyb\u0119, energijos \u0161altinius, technologijas, taip pat ir apie did\u017eiuosius<br \/>\natrad\u0117jus, tyr\u0117jus, k\u016br\u0117jus.<\/p>\n<p>Ar gali M\u0117nulis gaminti elektr\u0105 \u017dem\u0117je?<br \/>\nKod\u0117l e\u017eerai u\u017e\u0161\u0105la ne nuo dugno?<br \/>\nKas pakeis gintarinius kompiuterius?<br \/>\nKuo mes pana\u0161\u016bs \u012f vandenin\u012f kirstuk\u0105?<br \/>\nKod\u0117l juoda juodoji skyl\u0117?<\/p>\n<p>\u201eGimiau viename i\u0161 septyni\u0173 Lietuvoje esan\u010di\u0173 Klausu\u010di\u0173 kaim\u0173, u\u017eaugau Suvalkijoje, aukso medaliu baigiau Kri\u016bk\u0173 vidurin\u0119 mokykl\u0105, Vilniaus universitete gavau fiziko diplom\u0105 su pagyrimu, apgyniau dvi disertacijas, su \u017emona Birute u\u017eauginau du s\u016bnus \u2013 Giedri\u0173 ir Audri\u0173, gavau dvi valstybines Lietuvos mokslo premijas, paskelbiau per du \u0161imtus mokslini\u0173 straipsni\u0173, kurie cituojami bent dukart per savait\u0119, aplankiau daugiau nei 50 \u0161ali\u0173.<\/p>\n","protected":false},"excerpt":{"rendered":"<p>Vilniaus universiteto profesoriaus fiziko Gintauto Tamulai\u010dio pla\u010diajam skaitytoj\u0173 ratui skirta knyga apie pasaul\u012f, kuriame gyvename, apie mus pa\u010dius \u0161iame pasaulyje ir apie d\u0117snius, pagal kuriuos \u0161is pasaulis gyvuoja. Suprantamai ir paprastai, bet moksli\u0161kai tiksliai pasakojama apie dangaus k\u016bnus, \u017dem\u0119, gyvyb\u0119, energijos \u0161altinius, technologijas, taip pat ir apie did\u017eiuosius atrad\u0117jus, tyr\u0117jus, k\u016br\u0117jus. Ar gali M\u0117nulis gaminti elektr\u0105 \u017dem\u0117je? Kod\u0117l e\u017eerai u\u017e\u0161\u0105la ne nuo dugno? Kas pakeis gintarinius kompiuterius? Kuo mes pana\u0161\u016bs \u012f vandenin\u012f kirstuk\u0105? Kod\u0117l juoda juodoji skyl\u0117? \u201eGimiau viename i\u0161 septyni\u0173 Lietuvoje esan\u010di\u0173 Klausu\u010di\u0173 kaim\u0173, u\u017eaugau Suvalkijoje, aukso medaliu baigiau Kri\u016bk\u0173 vidurin\u0119 mokykl\u0105, Vilniaus universitete gavau fiziko diplom\u0105 su pagyrimu, apgyniau dvi disertacijas, su \u017emona Birute u\u017eauginau du s\u016bnus \u2013 Giedri\u0173 ir Audri\u0173, gavau dvi valstybines Lietuvos mokslo premijas, paskelbiau per du \u0161imtus mokslini\u0173 straipsni\u0173, kurie cituojami bent dukart per savait\u0119, aplankiau daugiau nei 50 \u0161ali\u0173.<\/p>\n","protected":false},"featured_media":20028,"comment_status":"open","ping_status":"closed","template":"","meta":{"_acf_changed":false,"site-sidebar-layout":"default","site-content-layout":"","ast-site-content-layout":"default","site-content-style":"default","site-sidebar-style":"default","ast-global-header-display":"","ast-banner-title-visibility":"","ast-main-header-display":"","ast-hfb-above-header-display":"","ast-hfb-below-header-display":"","ast-hfb-mobile-header-display":"","site-post-title":"","ast-breadcrumbs-content":"","ast-featured-img":"","footer-sml-layout":"","ast-disable-related-posts":"","theme-transparent-header-meta":"","adv-header-id-meta":"","stick-header-meta":"","header-above-stick-meta":"","header-main-stick-meta":"","header-below-stick-meta":"","astra-migrate-meta-layouts":"default","ast-page-background-enabled":"default","ast-page-background-meta":{"desktop":{"background-color":"","background-image":"","background-repeat":"repeat","background-position":"center center","background-size":"auto","background-attachment":"scroll","background-type":"","background-media":"","overlay-type":"","overlay-color":"","overlay-opacity":"","overlay-gradient":""},"tablet":{"background-color":"","background-image":"","background-repeat":"repeat","background-position":"center center","background-size":"auto","background-attachment":"scroll","background-type":"","background-media":"","overlay-type":"","overlay-color":"","overlay-opacity":"","overlay-gradient":""},"mobile":{"background-color":"","background-image":"","background-repeat":"repeat","background-position":"center center","background-size":"auto","background-attachment":"scroll","background-type":"","background-media":"","overlay-type":"","overlay-color":"","overlay-opacity":"","overlay-gradient":""}},"ast-content-background-meta":{"desktop":{"background-color":"var(--ast-global-color-4)","background-image":"","background-repeat":"repeat","background-position":"center center","background-size":"auto","background-attachment":"scroll","background-type":"","background-media":"","overlay-type":"","overlay-color":"","overlay-opacity":"","overlay-gradient":""},"tablet":{"background-color":"var(--ast-global-color-4)","background-image":"","background-repeat":"repeat","background-position":"center center","background-size":"auto","background-attachment":"scroll","background-type":"","background-media":"","overlay-type":"","overlay-color":"","overlay-opacity":"","overlay-gradient":""},"mobile":{"background-color":"var(--ast-global-color-4)","background-image":"","background-repeat":"repeat","background-position":"center center","background-size":"auto","background-attachment":"scroll","background-type":"","background-media":"","overlay-type":"","overlay-color":"","overlay-opacity":"","overlay-gradient":""}}},"product_brand":[],"product_cat":[269],"product_tag":[2491,3414,7070,7069],"class_list":{"0":"post-20024","1":"product","2":"type-product","3":"status-publish","4":"has-post-thumbnail","6":"product_cat-gamtos-mokslai","7":"product_tag-antrojo-pasaulinio-karo-istorija","8":"product_tag-hitleris","9":"product_tag-politinis-testamentas","10":"product_tag-sekretore","11":"desktop-align-left","12":"tablet-align-left","13":"mobile-align-left","15":"first","16":"instock","17":"shipping-taxable","18":"purchasable","19":"product-type-simple"},"acf":[],"yoast_head":"<!-- This site is optimized with the Yoast SEO plugin v27.0 - https:\/\/yoast.com\/product\/yoast-seo-wordpress\/ -->\n<title>Mokslas su prieskoniais<\/title>\n<meta name=\"description\" content=\"Vilniaus universiteto profesoriaus fiziko Gintauto Tamulai\u010dio pla\u010diajam skaitytoj\u0173 ratui skirta knyga apie pasaul\u012f, kuriame gyvename, apie mus pa\u010dius\" \/>\n<meta name=\"robots\" content=\"index, follow, max-snippet:-1, max-image-preview:large, max-video-preview:-1\" \/>\n<link rel=\"canonical\" href=\"https:\/\/skaitytaknyga.lt\/en\/produktas\/mokslas-su-prieskoniais\/\" \/>\n<meta property=\"og:locale\" content=\"en_GB\" \/>\n<meta property=\"og:locale:alternate\" content=\"lt_LT\" \/>\n<meta property=\"og:type\" content=\"article\" \/>\n<meta property=\"og:title\" content=\"Mokslas su prieskoniais\" \/>\n<meta property=\"og:description\" content=\"Vilniaus universiteto profesoriaus fiziko Gintauto Tamulai\u010dio pla\u010diajam skaitytoj\u0173 ratui skirta knyga apie pasaul\u012f, kuriame gyvename, apie mus pa\u010dius\" \/>\n<meta property=\"og:url\" content=\"https:\/\/skaitytaknyga.lt\/en\/produktas\/mokslas-su-prieskoniais\/\" \/>\n<meta property=\"og:site_name\" content=\"Skaitytaknyga\" \/>\n<meta property=\"article:publisher\" content=\"https:\/\/www.facebook.com\/skaitytaknyga\/\" \/>\n<meta property=\"article:modified_time\" content=\"2025-08-01T05:27:18+00:00\" \/>\n<meta property=\"og:image\" content=\"https:\/\/skaitytaknyga.lt\/wp-content\/uploads\/2025\/07\/Mokslas-su-prieskoniais-1.webp\" \/>\n\t<meta property=\"og:image:width\" content=\"534\" \/>\n\t<meta property=\"og:image:height\" content=\"801\" \/>\n\t<meta property=\"og:image:type\" content=\"image\/webp\" \/>\n<meta name=\"twitter:card\" content=\"summary_large_image\" \/>\n<meta name=\"twitter:label1\" content=\"Estimated reading time\" \/>\n\t<meta name=\"twitter:data1\" content=\"1 minute\" \/>\n<script type=\"application\/ld+json\" class=\"yoast-schema-graph\">{\"@context\":\"https:\/\/schema.org\",\"@graph\":[{\"@type\":\"WebPage\",\"@id\":\"https:\/\/skaitytaknyga.lt\/produktas\/mokslas-su-prieskoniais\/\",\"url\":\"https:\/\/skaitytaknyga.lt\/produktas\/mokslas-su-prieskoniais\/\",\"name\":\"Mokslas su prieskoniais\",\"isPartOf\":{\"@id\":\"https:\/\/skaitytaknyga.lt\/#website\"},\"primaryImageOfPage\":{\"@id\":\"https:\/\/skaitytaknyga.lt\/produktas\/mokslas-su-prieskoniais\/#primaryimage\"},\"image\":{\"@id\":\"https:\/\/skaitytaknyga.lt\/produktas\/mokslas-su-prieskoniais\/#primaryimage\"},\"thumbnailUrl\":\"https:\/\/skaitytaknyga.lt\/wp-content\/uploads\/2025\/07\/Mokslas-su-prieskoniais-1.webp\",\"datePublished\":\"2025-07-30T18:48:31+00:00\",\"dateModified\":\"2025-08-01T05:27:18+00:00\",\"description\":\"Vilniaus universiteto profesoriaus fiziko Gintauto Tamulai\u010dio pla\u010diajam skaitytoj\u0173 ratui skirta knyga apie pasaul\u012f, kuriame gyvename, apie mus pa\u010dius\",\"breadcrumb\":{\"@id\":\"https:\/\/skaitytaknyga.lt\/produktas\/mokslas-su-prieskoniais\/#breadcrumb\"},\"inLanguage\":\"en-GB\",\"potentialAction\":[{\"@type\":\"ReadAction\",\"target\":[\"https:\/\/skaitytaknyga.lt\/produktas\/mokslas-su-prieskoniais\/\"]}]},{\"@type\":\"ImageObject\",\"inLanguage\":\"en-GB\",\"@id\":\"https:\/\/skaitytaknyga.lt\/produktas\/mokslas-su-prieskoniais\/#primaryimage\",\"url\":\"https:\/\/skaitytaknyga.lt\/wp-content\/uploads\/2025\/07\/Mokslas-su-prieskoniais-1.webp\",\"contentUrl\":\"https:\/\/skaitytaknyga.lt\/wp-content\/uploads\/2025\/07\/Mokslas-su-prieskoniais-1.webp\",\"width\":534,\"height\":801,\"caption\":\"Mokslas su prieskoniais\"},{\"@type\":\"BreadcrumbList\",\"@id\":\"https:\/\/skaitytaknyga.lt\/produktas\/mokslas-su-prieskoniais\/#breadcrumb\",\"itemListElement\":[{\"@type\":\"ListItem\",\"position\":1,\"name\":\"Home\",\"item\":\"https:\/\/skaitytaknyga.lt\/\"},{\"@type\":\"ListItem\",\"position\":2,\"name\":\"Parduotuv\u0117\",\"item\":\"https:\/\/skaitytaknyga.lt\/knygu-parduotuve\/\"},{\"@type\":\"ListItem\",\"position\":3,\"name\":\"Mokslas su prieskoniais\"}]},{\"@type\":\"WebSite\",\"@id\":\"https:\/\/skaitytaknyga.lt\/#website\",\"url\":\"https:\/\/skaitytaknyga.lt\/\",\"name\":\"skaitytaknyga.lt\",\"description\":\"Skaitytaknyga.lt \u2013 tai ma\u017eas \u0161eimos verslas, kuris prasid\u0117jo nuo meil\u0117s knygoms ir siekio i\u0161gelb\u0117ti knygas nuo likimo prie konteinerio. Kas vienam nereikalingas daiktas \u2013 kitam lobis, o mes esame tarpininkai, kurie padeda abiems tapti laimingesniems ???? \u017dinome kaip nelengva i\u0161gyventi ma\u017eiems verslams, tad nuo \u0161iol, \u010dia rasite ir kit\u0173, ma\u017e\u0173 \u0161eim\u0173 versl\u0173, rank\u0173 darbo, dovan\u0173 sau ir artimiesiems.\",\"publisher\":{\"@id\":\"https:\/\/skaitytaknyga.lt\/#organization\"},\"potentialAction\":[{\"@type\":\"SearchAction\",\"target\":{\"@type\":\"EntryPoint\",\"urlTemplate\":\"https:\/\/skaitytaknyga.lt\/?s={search_term_string}\"},\"query-input\":{\"@type\":\"PropertyValueSpecification\",\"valueRequired\":true,\"valueName\":\"search_term_string\"}}],\"inLanguage\":\"en-GB\"},{\"@type\":\"Organization\",\"@id\":\"https:\/\/skaitytaknyga.lt\/#organization\",\"name\":\"skaitytaknyga.lt\",\"url\":\"https:\/\/skaitytaknyga.lt\/\",\"logo\":{\"@type\":\"ImageObject\",\"inLanguage\":\"en-GB\",\"@id\":\"https:\/\/skaitytaknyga.lt\/#\/schema\/logo\/image\/\",\"url\":\"https:\/\/skaitytaknyga.lt\/wp-content\/uploads\/2024\/05\/cropped-cropped-cropped-02_00843_jt3bggkj1j3HLc7SyY6rEUpg.jpeg\",\"contentUrl\":\"https:\/\/skaitytaknyga.lt\/wp-content\/uploads\/2024\/05\/cropped-cropped-cropped-02_00843_jt3bggkj1j3HLc7SyY6rEUpg.jpeg\",\"width\":1600,\"height\":1600,\"caption\":\"skaitytaknyga.lt\"},\"image\":{\"@id\":\"https:\/\/skaitytaknyga.lt\/#\/schema\/logo\/image\/\"},\"sameAs\":[\"https:\/\/www.facebook.com\/skaitytaknyga\/\"]}]}<\/script>\n<!-- \/ Yoast SEO plugin. -->","yoast_head_json":{"title":"Mokslas su prieskoniais","description":"Vilniaus universiteto profesoriaus fiziko Gintauto Tamulai\u010dio pla\u010diajam skaitytoj\u0173 ratui skirta knyga apie pasaul\u012f, kuriame gyvename, apie mus pa\u010dius","robots":{"index":"index","follow":"follow","max-snippet":"max-snippet:-1","max-image-preview":"max-image-preview:large","max-video-preview":"max-video-preview:-1"},"canonical":"https:\/\/skaitytaknyga.lt\/en\/produktas\/mokslas-su-prieskoniais\/","og_locale":"en_GB","og_type":"article","og_title":"[:lt]Mokslas su prieskoniais[:] - Skaitytaknyga","og_description":"Vilniaus universiteto profesoriaus fiziko Gintauto Tamulai\u010dio pla\u010diajam skaitytoj\u0173 ratui skirta knyga apie pasaul\u012f, kuriame gyvename, apie mus pa\u010dius","og_url":"https:\/\/skaitytaknyga.lt\/en\/produktas\/mokslas-su-prieskoniais\/","og_site_name":"Skaitytaknyga","article_publisher":"https:\/\/www.facebook.com\/skaitytaknyga\/","article_modified_time":"2025-08-01T05:27:18+00:00","og_image":[{"width":534,"height":801,"url":"https:\/\/skaitytaknyga.lt\/wp-content\/uploads\/2025\/07\/Mokslas-su-prieskoniais-1.webp","type":"image\/webp"}],"twitter_card":"summary_large_image","twitter_misc":{"Estimated reading time":"1 minute"},"schema":{"@context":"https:\/\/schema.org","@graph":[{"@type":"WebPage","@id":"https:\/\/skaitytaknyga.lt\/produktas\/mokslas-su-prieskoniais\/","url":"https:\/\/skaitytaknyga.lt\/produktas\/mokslas-su-prieskoniais\/","name":"Mokslas su prieskoniais","isPartOf":{"@id":"https:\/\/skaitytaknyga.lt\/#website"},"primaryImageOfPage":{"@id":"https:\/\/skaitytaknyga.lt\/produktas\/mokslas-su-prieskoniais\/#primaryimage"},"image":{"@id":"https:\/\/skaitytaknyga.lt\/produktas\/mokslas-su-prieskoniais\/#primaryimage"},"thumbnailUrl":"https:\/\/skaitytaknyga.lt\/wp-content\/uploads\/2025\/07\/Mokslas-su-prieskoniais-1.webp","datePublished":"2025-07-30T18:48:31+00:00","dateModified":"2025-08-01T05:27:18+00:00","description":"Vilniaus universiteto profesoriaus fiziko Gintauto Tamulai\u010dio pla\u010diajam skaitytoj\u0173 ratui skirta knyga apie pasaul\u012f, kuriame gyvename, apie mus pa\u010dius","breadcrumb":{"@id":"https:\/\/skaitytaknyga.lt\/produktas\/mokslas-su-prieskoniais\/#breadcrumb"},"inLanguage":"en-GB","potentialAction":[{"@type":"ReadAction","target":["https:\/\/skaitytaknyga.lt\/produktas\/mokslas-su-prieskoniais\/"]}]},{"@type":"ImageObject","inLanguage":"en-GB","@id":"https:\/\/skaitytaknyga.lt\/produktas\/mokslas-su-prieskoniais\/#primaryimage","url":"https:\/\/skaitytaknyga.lt\/wp-content\/uploads\/2025\/07\/Mokslas-su-prieskoniais-1.webp","contentUrl":"https:\/\/skaitytaknyga.lt\/wp-content\/uploads\/2025\/07\/Mokslas-su-prieskoniais-1.webp","width":534,"height":801,"caption":"Mokslas su prieskoniais"},{"@type":"BreadcrumbList","@id":"https:\/\/skaitytaknyga.lt\/produktas\/mokslas-su-prieskoniais\/#breadcrumb","itemListElement":[{"@type":"ListItem","position":1,"name":"Home","item":"https:\/\/skaitytaknyga.lt\/"},{"@type":"ListItem","position":2,"name":"Parduotuv\u0117","item":"https:\/\/skaitytaknyga.lt\/knygu-parduotuve\/"},{"@type":"ListItem","position":3,"name":"Mokslas su prieskoniais"}]},{"@type":"WebSite","@id":"https:\/\/skaitytaknyga.lt\/#website","url":"https:\/\/skaitytaknyga.lt\/","name":"skaitytaknyga.lt","description":"Skaitytaknyga.lt \u2013 tai ma\u017eas \u0161eimos verslas, kuris prasid\u0117jo nuo meil\u0117s knygoms ir siekio i\u0161gelb\u0117ti knygas nuo likimo prie konteinerio. Kas vienam nereikalingas daiktas \u2013 kitam lobis, o mes esame tarpininkai, kurie padeda abiems tapti laimingesniems ???? \u017dinome kaip nelengva i\u0161gyventi ma\u017eiems verslams, tad nuo \u0161iol, \u010dia rasite ir kit\u0173, ma\u017e\u0173 \u0161eim\u0173 versl\u0173, rank\u0173 darbo, dovan\u0173 sau ir artimiesiems.","publisher":{"@id":"https:\/\/skaitytaknyga.lt\/#organization"},"potentialAction":[{"@type":"SearchAction","target":{"@type":"EntryPoint","urlTemplate":"https:\/\/skaitytaknyga.lt\/?s={search_term_string}"},"query-input":{"@type":"PropertyValueSpecification","valueRequired":true,"valueName":"search_term_string"}}],"inLanguage":"en-GB"},{"@type":"Organization","@id":"https:\/\/skaitytaknyga.lt\/#organization","name":"skaitytaknyga.lt","url":"https:\/\/skaitytaknyga.lt\/","logo":{"@type":"ImageObject","inLanguage":"en-GB","@id":"https:\/\/skaitytaknyga.lt\/#\/schema\/logo\/image\/","url":"https:\/\/skaitytaknyga.lt\/wp-content\/uploads\/2024\/05\/cropped-cropped-cropped-02_00843_jt3bggkj1j3HLc7SyY6rEUpg.jpeg","contentUrl":"https:\/\/skaitytaknyga.lt\/wp-content\/uploads\/2024\/05\/cropped-cropped-cropped-02_00843_jt3bggkj1j3HLc7SyY6rEUpg.jpeg","width":1600,"height":1600,"caption":"skaitytaknyga.lt"},"image":{"@id":"https:\/\/skaitytaknyga.lt\/#\/schema\/logo\/image\/"},"sameAs":["https:\/\/www.facebook.com\/skaitytaknyga\/"]}]}},"_links":{"self":[{"href":"https:\/\/skaitytaknyga.lt\/en\/wp-json\/wp\/v2\/product\/20024","targetHints":{"allow":["GET"]}}],"collection":[{"href":"https:\/\/skaitytaknyga.lt\/en\/wp-json\/wp\/v2\/product"}],"about":[{"href":"https:\/\/skaitytaknyga.lt\/en\/wp-json\/wp\/v2\/types\/product"}],"replies":[{"embeddable":true,"href":"https:\/\/skaitytaknyga.lt\/en\/wp-json\/wp\/v2\/comments?post=20024"}],"wp:featuredmedia":[{"embeddable":true,"href":"https:\/\/skaitytaknyga.lt\/en\/wp-json\/wp\/v2\/media\/20028"}],"wp:attachment":[{"href":"https:\/\/skaitytaknyga.lt\/en\/wp-json\/wp\/v2\/media?parent=20024"}],"wp:term":[{"taxonomy":"product_brand","embeddable":true,"href":"https:\/\/skaitytaknyga.lt\/en\/wp-json\/wp\/v2\/product_brand?post=20024"},{"taxonomy":"product_cat","embeddable":true,"href":"https:\/\/skaitytaknyga.lt\/en\/wp-json\/wp\/v2\/product_cat?post=20024"},{"taxonomy":"product_tag","embeddable":true,"href":"https:\/\/skaitytaknyga.lt\/en\/wp-json\/wp\/v2\/product_tag?post=20024"}],"curies":[{"name":"wp","href":"https:\/\/api.w.org\/{rel}","templated":true}]}}