{"id":20018,"date":"2025-07-30T21:37:36","date_gmt":"2025-07-30T18:37:36","guid":{"rendered":"https:\/\/skaitytaknyga.lt\/?post_type=product&#038;p=20018"},"modified":"2025-08-01T08:28:36","modified_gmt":"2025-08-01T05:28:36","slug":"iki-paskutines-akimirkos","status":"publish","type":"product","link":"https:\/\/skaitytaknyga.lt\/en\/produktas\/iki-paskutines-akimirkos\/","title":{"rendered":"Iki paskutin\u0117s akimirkos"},"content":{"rendered":"<p>Pokario kartoms Hitleris &#8211; diktatorius, didyb\u0117s manijos aps\u0117stas valstyb\u0117s veik\u0117jas, fiureris, suk\u0117l\u0119s did\u017eiausi\u0105 XX am\u017eiaus \u017emonijos katastrof\u0105. Nuo 1942 met\u0173 gruod\u017eio m\u0117nesio iki jo savi\u017eudyb\u0117s 1945 met\u0173 baland\u017eio 30 dien\u0105 Traudl Jung\u0117 buvo Hitlerio asmenin\u0117 sekretor\u0117. Be to, ji buvo pasik\u0117sinimo, \u012fvykdyto prie\u0161 Hitler\u012f 1944 metais, liudinink\u0117. B\u016btent jai Hitleris padiktavo savo politin\u012f ir asmenin\u012f testamentus. Paprasta mergait\u0117 i\u0161 Miuncheno, svajojusi tapti \u0161ok\u0117ja, netik\u0117tai ir labai greitai atsid\u016br\u0117 &#8220;rud\u0173j\u0173&#8221; vald\u017eios vir\u0161\u016bn\u0117je.<\/p>\n","protected":false},"excerpt":{"rendered":"<p>Pokario kartoms Hitleris &#8211; diktatorius, didyb\u0117s manijos aps\u0117stas valstyb\u0117s veik\u0117jas, fiureris, suk\u0117l\u0119s did\u017eiausi\u0105 XX am\u017eiaus \u017emonijos katastrof\u0105. Nuo 1942 met\u0173 gruod\u017eio m\u0117nesio iki jo savi\u017eudyb\u0117s 1945 met\u0173 baland\u017eio 30 dien\u0105 Traudl Jung\u0117 buvo Hitlerio asmenin\u0117 sekretor\u0117. Be to, ji buvo pasik\u0117sinimo, \u012fvykdyto prie\u0161 Hitler\u012f 1944 metais, liudinink\u0117. B\u016btent jai Hitleris padiktavo savo politin\u012f ir asmenin\u012f testamentus. Paprasta mergait\u0117 i\u0161 Miuncheno, svajojusi tapti \u0161ok\u0117ja, netik\u0117tai ir labai greitai atsid\u016br\u0117 &#8220;rud\u0173j\u0173&#8221; vald\u017eios vir\u0161\u016bn\u0117je.<\/p>\n","protected":false},"featured_media":20022,"comment_status":"open","ping_status":"closed","template":"","meta":{"_acf_changed":false,"site-sidebar-layout":"default","site-content-layout":"","ast-site-content-layout":"default","site-content-style":"default","site-sidebar-style":"default","ast-global-header-display":"","ast-banner-title-visibility":"","ast-main-header-display":"","ast-hfb-above-header-display":"","ast-hfb-below-header-display":"","ast-hfb-mobile-header-display":"","site-post-title":"","ast-breadcrumbs-content":"","ast-featured-img":"","footer-sml-layout":"","ast-disable-related-posts":"","theme-transparent-header-meta":"","adv-header-id-meta":"","stick-header-meta":"","header-above-stick-meta":"","header-main-stick-meta":"","header-below-stick-meta":"","astra-migrate-meta-layouts":"default","ast-page-background-enabled":"default","ast-page-background-meta":{"desktop":{"background-color":"","background-image":"","background-repeat":"repeat","background-position":"center center","background-size":"auto","background-attachment":"scroll","background-type":"","background-media":"","overlay-type":"","overlay-color":"","overlay-opacity":"","overlay-gradient":""},"tablet":{"background-color":"","background-image":"","background-repeat":"repeat","background-position":"center center","background-size":"auto","background-attachment":"scroll","background-type":"","background-media":"","overlay-type":"","overlay-color":"","overlay-opacity":"","overlay-gradient":""},"mobile":{"background-color":"","background-image":"","background-repeat":"repeat","background-position":"center center","background-size":"auto","background-attachment":"scroll","background-type":"","background-media":"","overlay-type":"","overlay-color":"","overlay-opacity":"","overlay-gradient":""}},"ast-content-background-meta":{"desktop":{"background-color":"var(--ast-global-color-4)","background-image":"","background-repeat":"repeat","background-position":"center center","background-size":"auto","background-attachment":"scroll","background-type":"","background-media":"","overlay-type":"","overlay-color":"","overlay-opacity":"","overlay-gradient":""},"tablet":{"background-color":"var(--ast-global-color-4)","background-image":"","background-repeat":"repeat","background-position":"center center","background-size":"auto","background-attachment":"scroll","background-type":"","background-media":"","overlay-type":"","overlay-color":"","overlay-opacity":"","overlay-gradient":""},"mobile":{"background-color":"var(--ast-global-color-4)","background-image":"","background-repeat":"repeat","background-position":"center center","background-size":"auto","background-attachment":"scroll","background-type":"","background-media":"","overlay-type":"","overlay-color":"","overlay-opacity":"","overlay-gradient":""}}},"product_brand":[],"product_cat":[174],"product_tag":[7150,7151,3414,7149,2395,7069,7152,7148],"class_list":{"0":"post-20018","1":"product","2":"type-product","3":"status-publish","4":"has-post-thumbnail","6":"product_cat-istorija-ir-politologija","7":"product_tag-diktatorius","8":"product_tag-fiureris","9":"product_tag-hitleris","10":"product_tag-pokario","11":"product_tag-politika","12":"product_tag-sekretore","13":"product_tag-testamentas","14":"product_tag-traudl-junge","15":"desktop-align-left","16":"tablet-align-left","17":"mobile-align-left","19":"first","20":"instock","21":"shipping-taxable","22":"purchasable","23":"product-type-simple"},"acf":[],"yoast_head":"<!-- This site is optimized with the Yoast SEO plugin v27.0 - https:\/\/yoast.com\/product\/yoast-seo-wordpress\/ -->\n<title>Iki paskutin\u0117s akimirkos<\/title>\n<meta name=\"description\" content=\"Pokario kartoms Hitleris - diktatorius, didyb\u0117s manijos aps\u0117stas valstyb\u0117s veik\u0117jas, fiureris, suk\u0117l\u0119s did\u017eiausi\u0105 XX am\u017eiaus \u017emonijos katastrof\u0105. Nuo 1942\" \/>\n<meta name=\"robots\" content=\"index, follow, max-snippet:-1, max-image-preview:large, max-video-preview:-1\" \/>\n<link rel=\"canonical\" href=\"https:\/\/skaitytaknyga.lt\/en\/produktas\/iki-paskutines-akimirkos\/\" \/>\n<meta property=\"og:locale\" content=\"en_GB\" \/>\n<meta property=\"og:locale:alternate\" content=\"lt_LT\" \/>\n<meta property=\"og:type\" content=\"article\" \/>\n<meta property=\"og:title\" content=\"Iki paskutin\u0117s akimirkos\" \/>\n<meta property=\"og:description\" content=\"Pokario kartoms Hitleris - diktatorius, didyb\u0117s manijos aps\u0117stas valstyb\u0117s veik\u0117jas, fiureris, suk\u0117l\u0119s did\u017eiausi\u0105 XX am\u017eiaus \u017emonijos katastrof\u0105. Nuo 1942\" \/>\n<meta property=\"og:url\" content=\"https:\/\/skaitytaknyga.lt\/en\/produktas\/iki-paskutines-akimirkos\/\" \/>\n<meta property=\"og:site_name\" content=\"Skaitytaknyga\" \/>\n<meta property=\"article:publisher\" content=\"https:\/\/www.facebook.com\/skaitytaknyga\/\" \/>\n<meta property=\"article:modified_time\" content=\"2025-08-01T05:28:36+00:00\" \/>\n<meta property=\"og:image\" content=\"https:\/\/skaitytaknyga.lt\/wp-content\/uploads\/2025\/07\/Iki-paskutines-akimirkos-e1753901114581.jpg\" \/>\n\t<meta property=\"og:image:width\" content=\"349\" \/>\n\t<meta property=\"og:image:height\" content=\"558\" \/>\n\t<meta property=\"og:image:type\" content=\"image\/jpeg\" \/>\n<meta name=\"twitter:card\" content=\"summary_large_image\" \/>\n<script type=\"application\/ld+json\" class=\"yoast-schema-graph\">{\"@context\":\"https:\/\/schema.org\",\"@graph\":[{\"@type\":\"WebPage\",\"@id\":\"https:\/\/skaitytaknyga.lt\/produktas\/iki-paskutines-akimirkos\/\",\"url\":\"https:\/\/skaitytaknyga.lt\/produktas\/iki-paskutines-akimirkos\/\",\"name\":\"Iki paskutin\u0117s akimirkos\",\"isPartOf\":{\"@id\":\"https:\/\/skaitytaknyga.lt\/#website\"},\"primaryImageOfPage\":{\"@id\":\"https:\/\/skaitytaknyga.lt\/produktas\/iki-paskutines-akimirkos\/#primaryimage\"},\"image\":{\"@id\":\"https:\/\/skaitytaknyga.lt\/produktas\/iki-paskutines-akimirkos\/#primaryimage\"},\"thumbnailUrl\":\"https:\/\/skaitytaknyga.lt\/wp-content\/uploads\/2025\/07\/Iki-paskutines-akimirkos-e1753901114581.jpg\",\"datePublished\":\"2025-07-30T18:37:36+00:00\",\"dateModified\":\"2025-08-01T05:28:36+00:00\",\"description\":\"Pokario kartoms Hitleris - diktatorius, didyb\u0117s manijos aps\u0117stas valstyb\u0117s veik\u0117jas, fiureris, suk\u0117l\u0119s did\u017eiausi\u0105 XX am\u017eiaus \u017emonijos katastrof\u0105. Nuo 1942\",\"breadcrumb\":{\"@id\":\"https:\/\/skaitytaknyga.lt\/produktas\/iki-paskutines-akimirkos\/#breadcrumb\"},\"inLanguage\":\"en-GB\",\"potentialAction\":[{\"@type\":\"ReadAction\",\"target\":[\"https:\/\/skaitytaknyga.lt\/produktas\/iki-paskutines-akimirkos\/\"]}]},{\"@type\":\"ImageObject\",\"inLanguage\":\"en-GB\",\"@id\":\"https:\/\/skaitytaknyga.lt\/produktas\/iki-paskutines-akimirkos\/#primaryimage\",\"url\":\"https:\/\/skaitytaknyga.lt\/wp-content\/uploads\/2025\/07\/Iki-paskutines-akimirkos-e1753901114581.jpg\",\"contentUrl\":\"https:\/\/skaitytaknyga.lt\/wp-content\/uploads\/2025\/07\/Iki-paskutines-akimirkos-e1753901114581.jpg\",\"width\":349,\"height\":558,\"caption\":\"Iki paskutin\u0117s akimirkos\"},{\"@type\":\"BreadcrumbList\",\"@id\":\"https:\/\/skaitytaknyga.lt\/produktas\/iki-paskutines-akimirkos\/#breadcrumb\",\"itemListElement\":[{\"@type\":\"ListItem\",\"position\":1,\"name\":\"Home\",\"item\":\"https:\/\/skaitytaknyga.lt\/\"},{\"@type\":\"ListItem\",\"position\":2,\"name\":\"Parduotuv\u0117\",\"item\":\"https:\/\/skaitytaknyga.lt\/knygu-parduotuve\/\"},{\"@type\":\"ListItem\",\"position\":3,\"name\":\"Iki paskutin\u0117s akimirkos\"}]},{\"@type\":\"WebSite\",\"@id\":\"https:\/\/skaitytaknyga.lt\/#website\",\"url\":\"https:\/\/skaitytaknyga.lt\/\",\"name\":\"skaitytaknyga.lt\",\"description\":\"Skaitytaknyga.lt \u2013 tai ma\u017eas \u0161eimos verslas, kuris prasid\u0117jo nuo meil\u0117s knygoms ir siekio i\u0161gelb\u0117ti knygas nuo likimo prie konteinerio. Kas vienam nereikalingas daiktas \u2013 kitam lobis, o mes esame tarpininkai, kurie padeda abiems tapti laimingesniems ???? \u017dinome kaip nelengva i\u0161gyventi ma\u017eiems verslams, tad nuo \u0161iol, \u010dia rasite ir kit\u0173, ma\u017e\u0173 \u0161eim\u0173 versl\u0173, rank\u0173 darbo, dovan\u0173 sau ir artimiesiems.\",\"publisher\":{\"@id\":\"https:\/\/skaitytaknyga.lt\/#organization\"},\"potentialAction\":[{\"@type\":\"SearchAction\",\"target\":{\"@type\":\"EntryPoint\",\"urlTemplate\":\"https:\/\/skaitytaknyga.lt\/?s={search_term_string}\"},\"query-input\":{\"@type\":\"PropertyValueSpecification\",\"valueRequired\":true,\"valueName\":\"search_term_string\"}}],\"inLanguage\":\"en-GB\"},{\"@type\":\"Organization\",\"@id\":\"https:\/\/skaitytaknyga.lt\/#organization\",\"name\":\"skaitytaknyga.lt\",\"url\":\"https:\/\/skaitytaknyga.lt\/\",\"logo\":{\"@type\":\"ImageObject\",\"inLanguage\":\"en-GB\",\"@id\":\"https:\/\/skaitytaknyga.lt\/#\/schema\/logo\/image\/\",\"url\":\"https:\/\/skaitytaknyga.lt\/wp-content\/uploads\/2024\/05\/cropped-cropped-cropped-02_00843_jt3bggkj1j3HLc7SyY6rEUpg.jpeg\",\"contentUrl\":\"https:\/\/skaitytaknyga.lt\/wp-content\/uploads\/2024\/05\/cropped-cropped-cropped-02_00843_jt3bggkj1j3HLc7SyY6rEUpg.jpeg\",\"width\":1600,\"height\":1600,\"caption\":\"skaitytaknyga.lt\"},\"image\":{\"@id\":\"https:\/\/skaitytaknyga.lt\/#\/schema\/logo\/image\/\"},\"sameAs\":[\"https:\/\/www.facebook.com\/skaitytaknyga\/\"]}]}<\/script>\n<!-- \/ Yoast SEO plugin. -->","yoast_head_json":{"title":"Iki paskutin\u0117s akimirkos","description":"Pokario kartoms Hitleris - diktatorius, didyb\u0117s manijos aps\u0117stas valstyb\u0117s veik\u0117jas, fiureris, suk\u0117l\u0119s did\u017eiausi\u0105 XX am\u017eiaus \u017emonijos katastrof\u0105. Nuo 1942","robots":{"index":"index","follow":"follow","max-snippet":"max-snippet:-1","max-image-preview":"max-image-preview:large","max-video-preview":"max-video-preview:-1"},"canonical":"https:\/\/skaitytaknyga.lt\/en\/produktas\/iki-paskutines-akimirkos\/","og_locale":"en_GB","og_type":"article","og_title":"[:lt]Iki paskutin\u0117s akimirkos[:] - Skaitytaknyga","og_description":"Pokario kartoms Hitleris - diktatorius, didyb\u0117s manijos aps\u0117stas valstyb\u0117s veik\u0117jas, fiureris, suk\u0117l\u0119s did\u017eiausi\u0105 XX am\u017eiaus \u017emonijos katastrof\u0105. Nuo 1942","og_url":"https:\/\/skaitytaknyga.lt\/en\/produktas\/iki-paskutines-akimirkos\/","og_site_name":"Skaitytaknyga","article_publisher":"https:\/\/www.facebook.com\/skaitytaknyga\/","article_modified_time":"2025-08-01T05:28:36+00:00","og_image":[{"width":349,"height":558,"url":"https:\/\/skaitytaknyga.lt\/wp-content\/uploads\/2025\/07\/Iki-paskutines-akimirkos-e1753901114581.jpg","type":"image\/jpeg"}],"twitter_card":"summary_large_image","schema":{"@context":"https:\/\/schema.org","@graph":[{"@type":"WebPage","@id":"https:\/\/skaitytaknyga.lt\/produktas\/iki-paskutines-akimirkos\/","url":"https:\/\/skaitytaknyga.lt\/produktas\/iki-paskutines-akimirkos\/","name":"Iki paskutin\u0117s akimirkos","isPartOf":{"@id":"https:\/\/skaitytaknyga.lt\/#website"},"primaryImageOfPage":{"@id":"https:\/\/skaitytaknyga.lt\/produktas\/iki-paskutines-akimirkos\/#primaryimage"},"image":{"@id":"https:\/\/skaitytaknyga.lt\/produktas\/iki-paskutines-akimirkos\/#primaryimage"},"thumbnailUrl":"https:\/\/skaitytaknyga.lt\/wp-content\/uploads\/2025\/07\/Iki-paskutines-akimirkos-e1753901114581.jpg","datePublished":"2025-07-30T18:37:36+00:00","dateModified":"2025-08-01T05:28:36+00:00","description":"Pokario kartoms Hitleris - diktatorius, didyb\u0117s manijos aps\u0117stas valstyb\u0117s veik\u0117jas, fiureris, suk\u0117l\u0119s did\u017eiausi\u0105 XX am\u017eiaus \u017emonijos katastrof\u0105. Nuo 1942","breadcrumb":{"@id":"https:\/\/skaitytaknyga.lt\/produktas\/iki-paskutines-akimirkos\/#breadcrumb"},"inLanguage":"en-GB","potentialAction":[{"@type":"ReadAction","target":["https:\/\/skaitytaknyga.lt\/produktas\/iki-paskutines-akimirkos\/"]}]},{"@type":"ImageObject","inLanguage":"en-GB","@id":"https:\/\/skaitytaknyga.lt\/produktas\/iki-paskutines-akimirkos\/#primaryimage","url":"https:\/\/skaitytaknyga.lt\/wp-content\/uploads\/2025\/07\/Iki-paskutines-akimirkos-e1753901114581.jpg","contentUrl":"https:\/\/skaitytaknyga.lt\/wp-content\/uploads\/2025\/07\/Iki-paskutines-akimirkos-e1753901114581.jpg","width":349,"height":558,"caption":"Iki paskutin\u0117s akimirkos"},{"@type":"BreadcrumbList","@id":"https:\/\/skaitytaknyga.lt\/produktas\/iki-paskutines-akimirkos\/#breadcrumb","itemListElement":[{"@type":"ListItem","position":1,"name":"Home","item":"https:\/\/skaitytaknyga.lt\/"},{"@type":"ListItem","position":2,"name":"Parduotuv\u0117","item":"https:\/\/skaitytaknyga.lt\/knygu-parduotuve\/"},{"@type":"ListItem","position":3,"name":"Iki paskutin\u0117s akimirkos"}]},{"@type":"WebSite","@id":"https:\/\/skaitytaknyga.lt\/#website","url":"https:\/\/skaitytaknyga.lt\/","name":"skaitytaknyga.lt","description":"Skaitytaknyga.lt \u2013 tai ma\u017eas \u0161eimos verslas, kuris prasid\u0117jo nuo meil\u0117s knygoms ir siekio i\u0161gelb\u0117ti knygas nuo likimo prie konteinerio. Kas vienam nereikalingas daiktas \u2013 kitam lobis, o mes esame tarpininkai, kurie padeda abiems tapti laimingesniems ???? \u017dinome kaip nelengva i\u0161gyventi ma\u017eiems verslams, tad nuo \u0161iol, \u010dia rasite ir kit\u0173, ma\u017e\u0173 \u0161eim\u0173 versl\u0173, rank\u0173 darbo, dovan\u0173 sau ir artimiesiems.","publisher":{"@id":"https:\/\/skaitytaknyga.lt\/#organization"},"potentialAction":[{"@type":"SearchAction","target":{"@type":"EntryPoint","urlTemplate":"https:\/\/skaitytaknyga.lt\/?s={search_term_string}"},"query-input":{"@type":"PropertyValueSpecification","valueRequired":true,"valueName":"search_term_string"}}],"inLanguage":"en-GB"},{"@type":"Organization","@id":"https:\/\/skaitytaknyga.lt\/#organization","name":"skaitytaknyga.lt","url":"https:\/\/skaitytaknyga.lt\/","logo":{"@type":"ImageObject","inLanguage":"en-GB","@id":"https:\/\/skaitytaknyga.lt\/#\/schema\/logo\/image\/","url":"https:\/\/skaitytaknyga.lt\/wp-content\/uploads\/2024\/05\/cropped-cropped-cropped-02_00843_jt3bggkj1j3HLc7SyY6rEUpg.jpeg","contentUrl":"https:\/\/skaitytaknyga.lt\/wp-content\/uploads\/2024\/05\/cropped-cropped-cropped-02_00843_jt3bggkj1j3HLc7SyY6rEUpg.jpeg","width":1600,"height":1600,"caption":"skaitytaknyga.lt"},"image":{"@id":"https:\/\/skaitytaknyga.lt\/#\/schema\/logo\/image\/"},"sameAs":["https:\/\/www.facebook.com\/skaitytaknyga\/"]}]}},"_links":{"self":[{"href":"https:\/\/skaitytaknyga.lt\/en\/wp-json\/wp\/v2\/product\/20018","targetHints":{"allow":["GET"]}}],"collection":[{"href":"https:\/\/skaitytaknyga.lt\/en\/wp-json\/wp\/v2\/product"}],"about":[{"href":"https:\/\/skaitytaknyga.lt\/en\/wp-json\/wp\/v2\/types\/product"}],"replies":[{"embeddable":true,"href":"https:\/\/skaitytaknyga.lt\/en\/wp-json\/wp\/v2\/comments?post=20018"}],"wp:featuredmedia":[{"embeddable":true,"href":"https:\/\/skaitytaknyga.lt\/en\/wp-json\/wp\/v2\/media\/20022"}],"wp:attachment":[{"href":"https:\/\/skaitytaknyga.lt\/en\/wp-json\/wp\/v2\/media?parent=20018"}],"wp:term":[{"taxonomy":"product_brand","embeddable":true,"href":"https:\/\/skaitytaknyga.lt\/en\/wp-json\/wp\/v2\/product_brand?post=20018"},{"taxonomy":"product_cat","embeddable":true,"href":"https:\/\/skaitytaknyga.lt\/en\/wp-json\/wp\/v2\/product_cat?post=20018"},{"taxonomy":"product_tag","embeddable":true,"href":"https:\/\/skaitytaknyga.lt\/en\/wp-json\/wp\/v2\/product_tag?post=20018"}],"curies":[{"name":"wp","href":"https:\/\/api.w.org\/{rel}","templated":true}]}}