{"id":20017,"date":"2025-07-30T21:37:35","date_gmt":"2025-07-30T18:37:35","guid":{"rendered":"https:\/\/skaitytaknyga.lt\/?post_type=product&#038;p=20017"},"modified":"2025-07-31T08:26:20","modified_gmt":"2025-07-31T05:26:20","slug":"mirties-angelas","status":"publish","type":"product","link":"https:\/\/skaitytaknyga.lt\/en\/produktas\/mirties-angelas\/","title":{"rendered":"Mirties angelas"},"content":{"rendered":"<p>1453 &#8211; ieji laikomi t\u016bkstantmet\u0117s Ryt\u0173 Romos &#8211; Konstantinopolio &#8211; nepaprastai turtingo ir galingo miesto, svarbaus Ryt\u0173 krik\u0161\u010dioni\u0173 dvasinio centro \u017elugimo metais. Ryt\u0173 barbar\u0173 ne kart\u0105 suptas Konstantinopolis neatsilaik\u0117 prie\u0161 turk\u0173 sultono Muchamedo II kariaun\u0105. Konstantinopolio gyv\u0117jai, nesulauk\u0119 \u017ead\u0117tos Vakar\u0173 paramos, narsiai gyn\u0117 miest\u0105, ta\u010diau, pasak kronikininko, \u201evisk\u0105 nul\u0117m\u0117 patrankos\u201c. Tuomet Europa nesuvok\u0117 kad, leidusi \u017elugti Bizantijos imterijai, nul\u0117m\u0117 ir savo likim\u0105. 1453 m. gegu\u017e\u0117s 29 d. u\u017e\u0117m\u0119 miest\u0105 turkai po keleri\u0173 met\u0173 nukariavo At\u0117nus, netrukus \u012fsibrov\u0117 \u012f Graikij\u0105 bei kitas Europos \u0161alis.<br \/>\n\u201eMirties angelas\u201c &#8211; paslaptingo svetim\u0161alio dienora\u0161tis, pasakojantis apie paskutinius Konstantinopolio m\u0117nesius. Svetim\u0161alio, kuris taria prival\u0105s likti mir\u0161tan\u010diame pasaki\u0161k\u0173 turt\u0173 ir pirmaprad\u017ei\u0173 misterij\u0173 mieste. Kartu tai poeti\u0161kas pasakojimas apie nepaprast\u0105 meil\u0119, kurios neu\u017ebl\u0117sina n\u0117 juod\u017eiausia legenda. \u201eMirties angelas\u201c laikomas puikiausiu istoriniu M. Waltari\u2019o k\u016briniu ir vienu geriausi\u0173 istorini\u0173 roman\u0173 pasaulyje.<\/p>\n","protected":false},"excerpt":{"rendered":"<p>1453 &#8211; ieji laikomi t\u016bkstantmet\u0117s Ryt\u0173 Romos &#8211; Konstantinopolio &#8211; nepaprastai turtingo ir galingo miesto, svarbaus Ryt\u0173 krik\u0161\u010dioni\u0173 dvasinio centro \u017elugimo metais. Ryt\u0173 barbar\u0173 ne kart\u0105 suptas Konstantinopolis neatsilaik\u0117 prie\u0161 turk\u0173 sultono Muchamedo II kariaun\u0105. Konstantinopolio gyv\u0117jai, nesulauk\u0119 \u017ead\u0117tos Vakar\u0173 paramos, narsiai gyn\u0117 miest\u0105, ta\u010diau, pasak kronikininko, \u201evisk\u0105 nul\u0117m\u0117 patrankos\u201c. Tuomet Europa nesuvok\u0117 kad, leidusi \u017elugti Bizantijos imterijai, nul\u0117m\u0117 ir savo likim\u0105. 1453 m. gegu\u017e\u0117s 29 d. u\u017e\u0117m\u0119 miest\u0105 turkai po keleri\u0173 met\u0173 nukariavo At\u0117nus, netrukus \u012fsibrov\u0117 \u012f Graikij\u0105 bei kitas Europos \u0161alis. \u201eMirties angelas\u201c &#8211; paslaptingo svetim\u0161alio dienora\u0161tis, pasakojantis apie paskutinius Konstantinopolio m\u0117nesius. Svetim\u0161alio, kuris taria prival\u0105s likti mir\u0161tan\u010diame pasaki\u0161k\u0173 turt\u0173 ir pirmaprad\u017ei\u0173 misterij\u0173 mieste. Kartu tai poeti\u0161kas pasakojimas apie nepaprast\u0105 meil\u0119, kurios neu\u017ebl\u0117sina n\u0117 juod\u017eiausia legenda. \u201eMirties angelas\u201c laikomas puikiausiu istoriniu M. Waltari\u2019o k\u016briniu ir vienu geriausi\u0173 istorini\u0173 roman\u0173 pasaulyje.<\/p>\n","protected":false},"featured_media":20021,"comment_status":"open","ping_status":"closed","template":"","meta":{"_acf_changed":false,"site-sidebar-layout":"default","site-content-layout":"","ast-site-content-layout":"default","site-content-style":"default","site-sidebar-style":"default","ast-global-header-display":"","ast-banner-title-visibility":"","ast-main-header-display":"","ast-hfb-above-header-display":"","ast-hfb-below-header-display":"","ast-hfb-mobile-header-display":"","site-post-title":"","ast-breadcrumbs-content":"","ast-featured-img":"","footer-sml-layout":"","ast-disable-related-posts":"","theme-transparent-header-meta":"","adv-header-id-meta":"","stick-header-meta":"","header-above-stick-meta":"","header-main-stick-meta":"","header-below-stick-meta":"","astra-migrate-meta-layouts":"default","ast-page-background-enabled":"default","ast-page-background-meta":{"desktop":{"background-color":"","background-image":"","background-repeat":"repeat","background-position":"center center","background-size":"auto","background-attachment":"scroll","background-type":"","background-media":"","overlay-type":"","overlay-color":"","overlay-opacity":"","overlay-gradient":""},"tablet":{"background-color":"","background-image":"","background-repeat":"repeat","background-position":"center center","background-size":"auto","background-attachment":"scroll","background-type":"","background-media":"","overlay-type":"","overlay-color":"","overlay-opacity":"","overlay-gradient":""},"mobile":{"background-color":"","background-image":"","background-repeat":"repeat","background-position":"center center","background-size":"auto","background-attachment":"scroll","background-type":"","background-media":"","overlay-type":"","overlay-color":"","overlay-opacity":"","overlay-gradient":""}},"ast-content-background-meta":{"desktop":{"background-color":"var(--ast-global-color-4)","background-image":"","background-repeat":"repeat","background-position":"center center","background-size":"auto","background-attachment":"scroll","background-type":"","background-media":"","overlay-type":"","overlay-color":"","overlay-opacity":"","overlay-gradient":""},"tablet":{"background-color":"var(--ast-global-color-4)","background-image":"","background-repeat":"repeat","background-position":"center center","background-size":"auto","background-attachment":"scroll","background-type":"","background-media":"","overlay-type":"","overlay-color":"","overlay-opacity":"","overlay-gradient":""},"mobile":{"background-color":"var(--ast-global-color-4)","background-image":"","background-repeat":"repeat","background-position":"center center","background-size":"auto","background-attachment":"scroll","background-type":"","background-media":"","overlay-type":"","overlay-color":"","overlay-opacity":"","overlay-gradient":""}}},"product_brand":[],"product_cat":[31],"product_tag":[7146,7144,2224,7066,7147,1796,5830,7145],"class_list":{"0":"post-20017","1":"product","2":"type-product","3":"status-publish","4":"has-post-thumbnail","6":"product_cat-grozine-literatura","7":"product_tag-7146","8":"product_tag-bizantija","9":"product_tag-istorija","10":"product_tag-konstantinopolis","11":"product_tag-legenda","12":"product_tag-meile","13":"product_tag-mika-waltari","14":"product_tag-turkai","15":"desktop-align-left","16":"tablet-align-left","17":"mobile-align-left","19":"first","20":"instock","21":"shipping-taxable","22":"purchasable","23":"product-type-simple"},"acf":[],"yoast_head":"<!-- This site is optimized with the Yoast SEO plugin v27.0 - https:\/\/yoast.com\/product\/yoast-seo-wordpress\/ -->\n<title>Mirties angelas<\/title>\n<meta name=\"description\" content=\"1453 - ieji laikomi t\u016bkstantmet\u0117s Ryt\u0173 Romos - Konstantinopolio - nepaprastai turtingo ir galingo miesto, svarbaus Ryt\u0173 krik\u0161\u010dioni\u0173 dvasinio centro\" \/>\n<meta name=\"robots\" content=\"index, follow, max-snippet:-1, max-image-preview:large, max-video-preview:-1\" \/>\n<link rel=\"canonical\" href=\"https:\/\/skaitytaknyga.lt\/en\/produktas\/mirties-angelas\/\" \/>\n<meta property=\"og:locale\" content=\"en_GB\" \/>\n<meta property=\"og:locale:alternate\" content=\"lt_LT\" \/>\n<meta property=\"og:type\" content=\"article\" \/>\n<meta property=\"og:title\" content=\"Mirties angelas\" \/>\n<meta property=\"og:description\" content=\"1453 - ieji laikomi t\u016bkstantmet\u0117s Ryt\u0173 Romos - Konstantinopolio - nepaprastai turtingo ir galingo miesto, svarbaus Ryt\u0173 krik\u0161\u010dioni\u0173 dvasinio centro\" \/>\n<meta property=\"og:url\" content=\"https:\/\/skaitytaknyga.lt\/en\/produktas\/mirties-angelas\/\" \/>\n<meta property=\"og:site_name\" content=\"Skaitytaknyga\" \/>\n<meta property=\"article:publisher\" content=\"https:\/\/www.facebook.com\/skaitytaknyga\/\" \/>\n<meta property=\"article:modified_time\" content=\"2025-07-31T05:26:20+00:00\" \/>\n<meta property=\"og:image\" content=\"https:\/\/skaitytaknyga.lt\/wp-content\/uploads\/2025\/07\/Mirtiesangelas.webp\" \/>\n\t<meta property=\"og:image:width\" content=\"228\" \/>\n\t<meta property=\"og:image:height\" content=\"336\" \/>\n\t<meta property=\"og:image:type\" content=\"image\/webp\" \/>\n<meta name=\"twitter:card\" content=\"summary_large_image\" \/>\n<meta name=\"twitter:label1\" content=\"Estimated reading time\" \/>\n\t<meta name=\"twitter:data1\" content=\"1 minute\" \/>\n<script type=\"application\/ld+json\" class=\"yoast-schema-graph\">{\"@context\":\"https:\/\/schema.org\",\"@graph\":[{\"@type\":\"WebPage\",\"@id\":\"https:\/\/skaitytaknyga.lt\/produktas\/mirties-angelas\/\",\"url\":\"https:\/\/skaitytaknyga.lt\/produktas\/mirties-angelas\/\",\"name\":\"Mirties angelas\",\"isPartOf\":{\"@id\":\"https:\/\/skaitytaknyga.lt\/#website\"},\"primaryImageOfPage\":{\"@id\":\"https:\/\/skaitytaknyga.lt\/produktas\/mirties-angelas\/#primaryimage\"},\"image\":{\"@id\":\"https:\/\/skaitytaknyga.lt\/produktas\/mirties-angelas\/#primaryimage\"},\"thumbnailUrl\":\"https:\/\/skaitytaknyga.lt\/wp-content\/uploads\/2025\/07\/Mirtiesangelas.webp\",\"datePublished\":\"2025-07-30T18:37:35+00:00\",\"dateModified\":\"2025-07-31T05:26:20+00:00\",\"description\":\"1453 - ieji laikomi t\u016bkstantmet\u0117s Ryt\u0173 Romos - Konstantinopolio - nepaprastai turtingo ir galingo miesto, svarbaus Ryt\u0173 krik\u0161\u010dioni\u0173 dvasinio centro\",\"breadcrumb\":{\"@id\":\"https:\/\/skaitytaknyga.lt\/produktas\/mirties-angelas\/#breadcrumb\"},\"inLanguage\":\"en-GB\",\"potentialAction\":[{\"@type\":\"ReadAction\",\"target\":[\"https:\/\/skaitytaknyga.lt\/produktas\/mirties-angelas\/\"]}]},{\"@type\":\"ImageObject\",\"inLanguage\":\"en-GB\",\"@id\":\"https:\/\/skaitytaknyga.lt\/produktas\/mirties-angelas\/#primaryimage\",\"url\":\"https:\/\/skaitytaknyga.lt\/wp-content\/uploads\/2025\/07\/Mirtiesangelas.webp\",\"contentUrl\":\"https:\/\/skaitytaknyga.lt\/wp-content\/uploads\/2025\/07\/Mirtiesangelas.webp\",\"width\":228,\"height\":336},{\"@type\":\"BreadcrumbList\",\"@id\":\"https:\/\/skaitytaknyga.lt\/produktas\/mirties-angelas\/#breadcrumb\",\"itemListElement\":[{\"@type\":\"ListItem\",\"position\":1,\"name\":\"Home\",\"item\":\"https:\/\/skaitytaknyga.lt\/\"},{\"@type\":\"ListItem\",\"position\":2,\"name\":\"Parduotuv\u0117\",\"item\":\"https:\/\/skaitytaknyga.lt\/knygu-parduotuve\/\"},{\"@type\":\"ListItem\",\"position\":3,\"name\":\"Mirties angelas\"}]},{\"@type\":\"WebSite\",\"@id\":\"https:\/\/skaitytaknyga.lt\/#website\",\"url\":\"https:\/\/skaitytaknyga.lt\/\",\"name\":\"skaitytaknyga.lt\",\"description\":\"Skaitytaknyga.lt \u2013 tai ma\u017eas \u0161eimos verslas, kuris prasid\u0117jo nuo meil\u0117s knygoms ir siekio i\u0161gelb\u0117ti knygas nuo likimo prie konteinerio. Kas vienam nereikalingas daiktas \u2013 kitam lobis, o mes esame tarpininkai, kurie padeda abiems tapti laimingesniems ???? \u017dinome kaip nelengva i\u0161gyventi ma\u017eiems verslams, tad nuo \u0161iol, \u010dia rasite ir kit\u0173, ma\u017e\u0173 \u0161eim\u0173 versl\u0173, rank\u0173 darbo, dovan\u0173 sau ir artimiesiems.\",\"publisher\":{\"@id\":\"https:\/\/skaitytaknyga.lt\/#organization\"},\"potentialAction\":[{\"@type\":\"SearchAction\",\"target\":{\"@type\":\"EntryPoint\",\"urlTemplate\":\"https:\/\/skaitytaknyga.lt\/?s={search_term_string}\"},\"query-input\":{\"@type\":\"PropertyValueSpecification\",\"valueRequired\":true,\"valueName\":\"search_term_string\"}}],\"inLanguage\":\"en-GB\"},{\"@type\":\"Organization\",\"@id\":\"https:\/\/skaitytaknyga.lt\/#organization\",\"name\":\"skaitytaknyga.lt\",\"url\":\"https:\/\/skaitytaknyga.lt\/\",\"logo\":{\"@type\":\"ImageObject\",\"inLanguage\":\"en-GB\",\"@id\":\"https:\/\/skaitytaknyga.lt\/#\/schema\/logo\/image\/\",\"url\":\"https:\/\/skaitytaknyga.lt\/wp-content\/uploads\/2024\/05\/cropped-cropped-cropped-02_00843_jt3bggkj1j3HLc7SyY6rEUpg.jpeg\",\"contentUrl\":\"https:\/\/skaitytaknyga.lt\/wp-content\/uploads\/2024\/05\/cropped-cropped-cropped-02_00843_jt3bggkj1j3HLc7SyY6rEUpg.jpeg\",\"width\":1600,\"height\":1600,\"caption\":\"skaitytaknyga.lt\"},\"image\":{\"@id\":\"https:\/\/skaitytaknyga.lt\/#\/schema\/logo\/image\/\"},\"sameAs\":[\"https:\/\/www.facebook.com\/skaitytaknyga\/\"]}]}<\/script>\n<!-- \/ Yoast SEO plugin. -->","yoast_head_json":{"title":"Mirties angelas","description":"1453 - ieji laikomi t\u016bkstantmet\u0117s Ryt\u0173 Romos - Konstantinopolio - nepaprastai turtingo ir galingo miesto, svarbaus Ryt\u0173 krik\u0161\u010dioni\u0173 dvasinio centro","robots":{"index":"index","follow":"follow","max-snippet":"max-snippet:-1","max-image-preview":"max-image-preview:large","max-video-preview":"max-video-preview:-1"},"canonical":"https:\/\/skaitytaknyga.lt\/en\/produktas\/mirties-angelas\/","og_locale":"en_GB","og_type":"article","og_title":"[:lt]Mirties angelas[:] - Skaitytaknyga","og_description":"1453 - ieji laikomi t\u016bkstantmet\u0117s Ryt\u0173 Romos - Konstantinopolio - nepaprastai turtingo ir galingo miesto, svarbaus Ryt\u0173 krik\u0161\u010dioni\u0173 dvasinio centro","og_url":"https:\/\/skaitytaknyga.lt\/en\/produktas\/mirties-angelas\/","og_site_name":"Skaitytaknyga","article_publisher":"https:\/\/www.facebook.com\/skaitytaknyga\/","article_modified_time":"2025-07-31T05:26:20+00:00","og_image":[{"width":228,"height":336,"url":"https:\/\/skaitytaknyga.lt\/wp-content\/uploads\/2025\/07\/Mirtiesangelas.webp","type":"image\/webp"}],"twitter_card":"summary_large_image","twitter_misc":{"Estimated reading time":"1 minute"},"schema":{"@context":"https:\/\/schema.org","@graph":[{"@type":"WebPage","@id":"https:\/\/skaitytaknyga.lt\/produktas\/mirties-angelas\/","url":"https:\/\/skaitytaknyga.lt\/produktas\/mirties-angelas\/","name":"Mirties angelas","isPartOf":{"@id":"https:\/\/skaitytaknyga.lt\/#website"},"primaryImageOfPage":{"@id":"https:\/\/skaitytaknyga.lt\/produktas\/mirties-angelas\/#primaryimage"},"image":{"@id":"https:\/\/skaitytaknyga.lt\/produktas\/mirties-angelas\/#primaryimage"},"thumbnailUrl":"https:\/\/skaitytaknyga.lt\/wp-content\/uploads\/2025\/07\/Mirtiesangelas.webp","datePublished":"2025-07-30T18:37:35+00:00","dateModified":"2025-07-31T05:26:20+00:00","description":"1453 - ieji laikomi t\u016bkstantmet\u0117s Ryt\u0173 Romos - Konstantinopolio - nepaprastai turtingo ir galingo miesto, svarbaus Ryt\u0173 krik\u0161\u010dioni\u0173 dvasinio centro","breadcrumb":{"@id":"https:\/\/skaitytaknyga.lt\/produktas\/mirties-angelas\/#breadcrumb"},"inLanguage":"en-GB","potentialAction":[{"@type":"ReadAction","target":["https:\/\/skaitytaknyga.lt\/produktas\/mirties-angelas\/"]}]},{"@type":"ImageObject","inLanguage":"en-GB","@id":"https:\/\/skaitytaknyga.lt\/produktas\/mirties-angelas\/#primaryimage","url":"https:\/\/skaitytaknyga.lt\/wp-content\/uploads\/2025\/07\/Mirtiesangelas.webp","contentUrl":"https:\/\/skaitytaknyga.lt\/wp-content\/uploads\/2025\/07\/Mirtiesangelas.webp","width":228,"height":336},{"@type":"BreadcrumbList","@id":"https:\/\/skaitytaknyga.lt\/produktas\/mirties-angelas\/#breadcrumb","itemListElement":[{"@type":"ListItem","position":1,"name":"Home","item":"https:\/\/skaitytaknyga.lt\/"},{"@type":"ListItem","position":2,"name":"Parduotuv\u0117","item":"https:\/\/skaitytaknyga.lt\/knygu-parduotuve\/"},{"@type":"ListItem","position":3,"name":"Mirties angelas"}]},{"@type":"WebSite","@id":"https:\/\/skaitytaknyga.lt\/#website","url":"https:\/\/skaitytaknyga.lt\/","name":"skaitytaknyga.lt","description":"Skaitytaknyga.lt \u2013 tai ma\u017eas \u0161eimos verslas, kuris prasid\u0117jo nuo meil\u0117s knygoms ir siekio i\u0161gelb\u0117ti knygas nuo likimo prie konteinerio. Kas vienam nereikalingas daiktas \u2013 kitam lobis, o mes esame tarpininkai, kurie padeda abiems tapti laimingesniems ???? \u017dinome kaip nelengva i\u0161gyventi ma\u017eiems verslams, tad nuo \u0161iol, \u010dia rasite ir kit\u0173, ma\u017e\u0173 \u0161eim\u0173 versl\u0173, rank\u0173 darbo, dovan\u0173 sau ir artimiesiems.","publisher":{"@id":"https:\/\/skaitytaknyga.lt\/#organization"},"potentialAction":[{"@type":"SearchAction","target":{"@type":"EntryPoint","urlTemplate":"https:\/\/skaitytaknyga.lt\/?s={search_term_string}"},"query-input":{"@type":"PropertyValueSpecification","valueRequired":true,"valueName":"search_term_string"}}],"inLanguage":"en-GB"},{"@type":"Organization","@id":"https:\/\/skaitytaknyga.lt\/#organization","name":"skaitytaknyga.lt","url":"https:\/\/skaitytaknyga.lt\/","logo":{"@type":"ImageObject","inLanguage":"en-GB","@id":"https:\/\/skaitytaknyga.lt\/#\/schema\/logo\/image\/","url":"https:\/\/skaitytaknyga.lt\/wp-content\/uploads\/2024\/05\/cropped-cropped-cropped-02_00843_jt3bggkj1j3HLc7SyY6rEUpg.jpeg","contentUrl":"https:\/\/skaitytaknyga.lt\/wp-content\/uploads\/2024\/05\/cropped-cropped-cropped-02_00843_jt3bggkj1j3HLc7SyY6rEUpg.jpeg","width":1600,"height":1600,"caption":"skaitytaknyga.lt"},"image":{"@id":"https:\/\/skaitytaknyga.lt\/#\/schema\/logo\/image\/"},"sameAs":["https:\/\/www.facebook.com\/skaitytaknyga\/"]}]}},"_links":{"self":[{"href":"https:\/\/skaitytaknyga.lt\/en\/wp-json\/wp\/v2\/product\/20017","targetHints":{"allow":["GET"]}}],"collection":[{"href":"https:\/\/skaitytaknyga.lt\/en\/wp-json\/wp\/v2\/product"}],"about":[{"href":"https:\/\/skaitytaknyga.lt\/en\/wp-json\/wp\/v2\/types\/product"}],"replies":[{"embeddable":true,"href":"https:\/\/skaitytaknyga.lt\/en\/wp-json\/wp\/v2\/comments?post=20017"}],"wp:featuredmedia":[{"embeddable":true,"href":"https:\/\/skaitytaknyga.lt\/en\/wp-json\/wp\/v2\/media\/20021"}],"wp:attachment":[{"href":"https:\/\/skaitytaknyga.lt\/en\/wp-json\/wp\/v2\/media?parent=20017"}],"wp:term":[{"taxonomy":"product_brand","embeddable":true,"href":"https:\/\/skaitytaknyga.lt\/en\/wp-json\/wp\/v2\/product_brand?post=20017"},{"taxonomy":"product_cat","embeddable":true,"href":"https:\/\/skaitytaknyga.lt\/en\/wp-json\/wp\/v2\/product_cat?post=20017"},{"taxonomy":"product_tag","embeddable":true,"href":"https:\/\/skaitytaknyga.lt\/en\/wp-json\/wp\/v2\/product_tag?post=20017"}],"curies":[{"name":"wp","href":"https:\/\/api.w.org\/{rel}","templated":true}]}}