{"id":20015,"date":"2025-07-30T21:37:35","date_gmt":"2025-07-30T18:37:35","guid":{"rendered":"https:\/\/skaitytaknyga.lt\/?post_type=product&#038;p=20015"},"modified":"2025-07-31T08:26:20","modified_gmt":"2025-07-31T05:26:20","slug":"ilgo-gyvenimo-paslaptys","status":"publish","type":"product","link":"https:\/\/skaitytaknyga.lt\/en\/produktas\/ilgo-gyvenimo-paslaptys\/","title":{"rendered":"Ilgo gyvenimo paslaptys"},"content":{"rendered":"<p>Norime b\u016bti sveiki. Ta\u010diau u\u017euot pasidom\u0117j\u0119 t\u016bkstantme\u010dius kaupta patirtimi, da\u017enai einame lengviausiu keliu \u2013 ie\u0161kome veiksming\u0173 vaist\u0173 ir u\u017esiimame savigyda. O juk be saiko vartojant medikamentus liga gali pa\u016bm\u0117ti.<\/p>\n<p>Danguol\u0117s, Juozo ir Audriaus Vasiliausk\u0173 leidinyje \u201eIlgo gyvenimo paslaptys\u201c i\u0161samiai supa\u017eindiname su akupres\u016bros technika. Tos \u017einios ypa\u010d pravers ir staiga sunegalavus, ir sergant l\u0117tin\u0117mis ligomis, taip pat kai ima mausti \u0161ird\u012f, skauda dant\u012f, galv\u0105, skrand\u012f, nugar\u0105, kai prireikia skubiai suteikti pirm\u0105j\u0105 pagalb\u0105 nualpus, d\u016bstant, u\u017espringus, \u012fkandus bitei.<\/p>\n<p>Knygoje rasite patarim\u0173, kaip gr\u016bdintis, teisingai maitintis ir mank\u0161tintis, i\u0161samios informacijos apie vaista\u017eoles: kaip negalavimus gydyti nuovirais, u\u017epilais, kompresais, kokios \u017eol\u0117s tinka vonioms, k\u0105 ne\u0161tis \u012f pirt\u012f ir apskritai koki\u0105 pirt\u012f rinktis. Pateikiame \u017eini\u0173 apie kraujosp\u016bd\u012f, cholesterol\u012f, vitaminus, sultis, mikroelementus, gyv\u016bn\u0173 terapij\u0105, Tibeto pieno gryb\u0105 ir kitus sveikatai naudingus dalykus.<\/p>\n<p>\u0160is leidinys \u2013 tai stalo knyga, b\u016btina kiekvienam, besir\u016bpinan\u010diam savo ir savo artim\u0173j\u0173 sveikata<\/p>\n","protected":false},"excerpt":{"rendered":"<p>Norime b\u016bti sveiki. Ta\u010diau u\u017euot pasidom\u0117j\u0119 t\u016bkstantme\u010dius kaupta patirtimi, da\u017enai einame lengviausiu keliu \u2013 ie\u0161kome veiksming\u0173 vaist\u0173 ir u\u017esiimame savigyda. O juk be saiko vartojant medikamentus liga gali pa\u016bm\u0117ti. Danguol\u0117s, Juozo ir Audriaus Vasiliausk\u0173 leidinyje \u201eIlgo gyvenimo paslaptys\u201c i\u0161samiai supa\u017eindiname su akupres\u016bros technika. Tos \u017einios ypa\u010d pravers ir staiga sunegalavus, ir sergant l\u0117tin\u0117mis ligomis, taip pat kai ima mausti \u0161ird\u012f, skauda dant\u012f, galv\u0105, skrand\u012f, nugar\u0105, kai prireikia skubiai suteikti pirm\u0105j\u0105 pagalb\u0105 nualpus, d\u016bstant, u\u017espringus, \u012fkandus bitei. Knygoje rasite patarim\u0173, kaip gr\u016bdintis, teisingai maitintis ir mank\u0161tintis, i\u0161samios informacijos apie vaista\u017eoles: kaip negalavimus gydyti nuovirais, u\u017epilais, kompresais, kokios \u017eol\u0117s tinka vonioms, k\u0105 ne\u0161tis \u012f pirt\u012f ir apskritai koki\u0105 pirt\u012f rinktis. Pateikiame \u017eini\u0173 apie kraujosp\u016bd\u012f, cholesterol\u012f, vitaminus, sultis, mikroelementus, gyv\u016bn\u0173 terapij\u0105, Tibeto pieno gryb\u0105 ir kitus sveikatai naudingus dalykus. \u0160is leidinys \u2013 tai stalo knyga, b\u016btina kiekvienam, besir\u016bpinan\u010diam savo ir savo artim\u0173j\u0173 sveikata<\/p>\n","protected":false},"featured_media":20019,"comment_status":"open","ping_status":"closed","template":"","meta":{"_acf_changed":false,"site-sidebar-layout":"default","site-content-layout":"","ast-site-content-layout":"default","site-content-style":"default","site-sidebar-style":"default","ast-global-header-display":"","ast-banner-title-visibility":"","ast-main-header-display":"","ast-hfb-above-header-display":"","ast-hfb-below-header-display":"","ast-hfb-mobile-header-display":"","site-post-title":"","ast-breadcrumbs-content":"","ast-featured-img":"","footer-sml-layout":"","ast-disable-related-posts":"","theme-transparent-header-meta":"","adv-header-id-meta":"","stick-header-meta":"","header-above-stick-meta":"","header-main-stick-meta":"","header-below-stick-meta":"","astra-migrate-meta-layouts":"default","ast-page-background-enabled":"default","ast-page-background-meta":{"desktop":{"background-color":"","background-image":"","background-repeat":"repeat","background-position":"center center","background-size":"auto","background-attachment":"scroll","background-type":"","background-media":"","overlay-type":"","overlay-color":"","overlay-opacity":"","overlay-gradient":""},"tablet":{"background-color":"","background-image":"","background-repeat":"repeat","background-position":"center center","background-size":"auto","background-attachment":"scroll","background-type":"","background-media":"","overlay-type":"","overlay-color":"","overlay-opacity":"","overlay-gradient":""},"mobile":{"background-color":"","background-image":"","background-repeat":"repeat","background-position":"center center","background-size":"auto","background-attachment":"scroll","background-type":"","background-media":"","overlay-type":"","overlay-color":"","overlay-opacity":"","overlay-gradient":""}},"ast-content-background-meta":{"desktop":{"background-color":"var(--ast-global-color-4)","background-image":"","background-repeat":"repeat","background-position":"center center","background-size":"auto","background-attachment":"scroll","background-type":"","background-media":"","overlay-type":"","overlay-color":"","overlay-opacity":"","overlay-gradient":""},"tablet":{"background-color":"var(--ast-global-color-4)","background-image":"","background-repeat":"repeat","background-position":"center center","background-size":"auto","background-attachment":"scroll","background-type":"","background-media":"","overlay-type":"","overlay-color":"","overlay-opacity":"","overlay-gradient":""},"mobile":{"background-color":"var(--ast-global-color-4)","background-image":"","background-repeat":"repeat","background-position":"center center","background-size":"auto","background-attachment":"scroll","background-type":"","background-media":"","overlay-type":"","overlay-color":"","overlay-opacity":"","overlay-gradient":""}}},"product_brand":[],"product_cat":[15],"product_tag":[7135,7133,7134,7138,7137,3432,7136,1680,4433],"class_list":{"0":"post-20015","1":"product","2":"type-product","3":"status-publish","4":"has-post-thumbnail","6":"product_cat-uncategorized","7":"product_tag-akupresura","8":"product_tag-audrius-vasiliauskas","9":"product_tag-danguole-vasiliauskiene","10":"product_tag-ilgas-gyvenimas","11":"product_tag-medikamentai","12":"product_tag-patarimai","13":"product_tag-savigyda","14":"product_tag-sveikata","15":"product_tag-vaistai","16":"desktop-align-left","17":"tablet-align-left","18":"mobile-align-left","20":"first","21":"instock","22":"shipping-taxable","23":"purchasable","24":"product-type-simple"},"acf":[],"yoast_head":"<!-- This site is optimized with the Yoast SEO plugin v27.0 - https:\/\/yoast.com\/product\/yoast-seo-wordpress\/ -->\n<title>Ilgo gyvenimo paslaptys<\/title>\n<meta name=\"description\" content=\"Norime b\u016bti sveiki. Ta\u010diau u\u017euot pasidom\u0117j\u0119 t\u016bkstantme\u010dius kaupta patirtimi, da\u017enai einame lengviausiu keliu \u2013 ie\u0161kome veiksming\u0173 vaist\u0173 ir u\u017esiimame\" \/>\n<meta name=\"robots\" content=\"index, follow, max-snippet:-1, max-image-preview:large, max-video-preview:-1\" \/>\n<link rel=\"canonical\" href=\"https:\/\/skaitytaknyga.lt\/en\/produktas\/ilgo-gyvenimo-paslaptys\/\" \/>\n<meta property=\"og:locale\" content=\"en_GB\" \/>\n<meta property=\"og:locale:alternate\" content=\"lt_LT\" \/>\n<meta property=\"og:type\" content=\"article\" \/>\n<meta property=\"og:title\" content=\"Ilgo gyvenimo paslaptys\" \/>\n<meta property=\"og:description\" content=\"Norime b\u016bti sveiki. Ta\u010diau u\u017euot pasidom\u0117j\u0119 t\u016bkstantme\u010dius kaupta patirtimi, da\u017enai einame lengviausiu keliu \u2013 ie\u0161kome veiksming\u0173 vaist\u0173 ir u\u017esiimame\" \/>\n<meta property=\"og:url\" content=\"https:\/\/skaitytaknyga.lt\/en\/produktas\/ilgo-gyvenimo-paslaptys\/\" \/>\n<meta property=\"og:site_name\" content=\"Skaitytaknyga\" \/>\n<meta property=\"article:publisher\" content=\"https:\/\/www.facebook.com\/skaitytaknyga\/\" \/>\n<meta property=\"article:modified_time\" content=\"2025-07-31T05:26:20+00:00\" \/>\n<meta property=\"og:image\" content=\"https:\/\/skaitytaknyga.lt\/wp-content\/uploads\/2025\/07\/Ilgo-gyvenimo-paslaptys-1.webp\" \/>\n\t<meta property=\"og:image:width\" content=\"510\" \/>\n\t<meta property=\"og:image:height\" content=\"718\" \/>\n\t<meta property=\"og:image:type\" content=\"image\/webp\" \/>\n<meta name=\"twitter:card\" content=\"summary_large_image\" \/>\n<meta name=\"twitter:label1\" content=\"Estimated reading time\" \/>\n\t<meta name=\"twitter:data1\" content=\"1 minute\" \/>\n<script type=\"application\/ld+json\" class=\"yoast-schema-graph\">{\"@context\":\"https:\/\/schema.org\",\"@graph\":[{\"@type\":\"WebPage\",\"@id\":\"https:\/\/skaitytaknyga.lt\/produktas\/ilgo-gyvenimo-paslaptys\/\",\"url\":\"https:\/\/skaitytaknyga.lt\/produktas\/ilgo-gyvenimo-paslaptys\/\",\"name\":\"Ilgo gyvenimo paslaptys\",\"isPartOf\":{\"@id\":\"https:\/\/skaitytaknyga.lt\/#website\"},\"primaryImageOfPage\":{\"@id\":\"https:\/\/skaitytaknyga.lt\/produktas\/ilgo-gyvenimo-paslaptys\/#primaryimage\"},\"image\":{\"@id\":\"https:\/\/skaitytaknyga.lt\/produktas\/ilgo-gyvenimo-paslaptys\/#primaryimage\"},\"thumbnailUrl\":\"https:\/\/skaitytaknyga.lt\/wp-content\/uploads\/2025\/07\/Ilgo-gyvenimo-paslaptys-1.webp\",\"datePublished\":\"2025-07-30T18:37:35+00:00\",\"dateModified\":\"2025-07-31T05:26:20+00:00\",\"description\":\"Norime b\u016bti sveiki. Ta\u010diau u\u017euot pasidom\u0117j\u0119 t\u016bkstantme\u010dius kaupta patirtimi, da\u017enai einame lengviausiu keliu \u2013 ie\u0161kome veiksming\u0173 vaist\u0173 ir u\u017esiimame\",\"breadcrumb\":{\"@id\":\"https:\/\/skaitytaknyga.lt\/produktas\/ilgo-gyvenimo-paslaptys\/#breadcrumb\"},\"inLanguage\":\"en-GB\",\"potentialAction\":[{\"@type\":\"ReadAction\",\"target\":[\"https:\/\/skaitytaknyga.lt\/produktas\/ilgo-gyvenimo-paslaptys\/\"]}]},{\"@type\":\"ImageObject\",\"inLanguage\":\"en-GB\",\"@id\":\"https:\/\/skaitytaknyga.lt\/produktas\/ilgo-gyvenimo-paslaptys\/#primaryimage\",\"url\":\"https:\/\/skaitytaknyga.lt\/wp-content\/uploads\/2025\/07\/Ilgo-gyvenimo-paslaptys-1.webp\",\"contentUrl\":\"https:\/\/skaitytaknyga.lt\/wp-content\/uploads\/2025\/07\/Ilgo-gyvenimo-paslaptys-1.webp\",\"width\":510,\"height\":718,\"caption\":\"Ilgo gyvenimo paslaptys\"},{\"@type\":\"BreadcrumbList\",\"@id\":\"https:\/\/skaitytaknyga.lt\/produktas\/ilgo-gyvenimo-paslaptys\/#breadcrumb\",\"itemListElement\":[{\"@type\":\"ListItem\",\"position\":1,\"name\":\"Home\",\"item\":\"https:\/\/skaitytaknyga.lt\/\"},{\"@type\":\"ListItem\",\"position\":2,\"name\":\"Parduotuv\u0117\",\"item\":\"https:\/\/skaitytaknyga.lt\/knygu-parduotuve\/\"},{\"@type\":\"ListItem\",\"position\":3,\"name\":\"Ilgo gyvenimo paslaptys\"}]},{\"@type\":\"WebSite\",\"@id\":\"https:\/\/skaitytaknyga.lt\/#website\",\"url\":\"https:\/\/skaitytaknyga.lt\/\",\"name\":\"skaitytaknyga.lt\",\"description\":\"Skaitytaknyga.lt \u2013 tai ma\u017eas \u0161eimos verslas, kuris prasid\u0117jo nuo meil\u0117s knygoms ir siekio i\u0161gelb\u0117ti knygas nuo likimo prie konteinerio. Kas vienam nereikalingas daiktas \u2013 kitam lobis, o mes esame tarpininkai, kurie padeda abiems tapti laimingesniems ???? \u017dinome kaip nelengva i\u0161gyventi ma\u017eiems verslams, tad nuo \u0161iol, \u010dia rasite ir kit\u0173, ma\u017e\u0173 \u0161eim\u0173 versl\u0173, rank\u0173 darbo, dovan\u0173 sau ir artimiesiems.\",\"publisher\":{\"@id\":\"https:\/\/skaitytaknyga.lt\/#organization\"},\"potentialAction\":[{\"@type\":\"SearchAction\",\"target\":{\"@type\":\"EntryPoint\",\"urlTemplate\":\"https:\/\/skaitytaknyga.lt\/?s={search_term_string}\"},\"query-input\":{\"@type\":\"PropertyValueSpecification\",\"valueRequired\":true,\"valueName\":\"search_term_string\"}}],\"inLanguage\":\"en-GB\"},{\"@type\":\"Organization\",\"@id\":\"https:\/\/skaitytaknyga.lt\/#organization\",\"name\":\"skaitytaknyga.lt\",\"url\":\"https:\/\/skaitytaknyga.lt\/\",\"logo\":{\"@type\":\"ImageObject\",\"inLanguage\":\"en-GB\",\"@id\":\"https:\/\/skaitytaknyga.lt\/#\/schema\/logo\/image\/\",\"url\":\"https:\/\/skaitytaknyga.lt\/wp-content\/uploads\/2024\/05\/cropped-cropped-cropped-02_00843_jt3bggkj1j3HLc7SyY6rEUpg.jpeg\",\"contentUrl\":\"https:\/\/skaitytaknyga.lt\/wp-content\/uploads\/2024\/05\/cropped-cropped-cropped-02_00843_jt3bggkj1j3HLc7SyY6rEUpg.jpeg\",\"width\":1600,\"height\":1600,\"caption\":\"skaitytaknyga.lt\"},\"image\":{\"@id\":\"https:\/\/skaitytaknyga.lt\/#\/schema\/logo\/image\/\"},\"sameAs\":[\"https:\/\/www.facebook.com\/skaitytaknyga\/\"]}]}<\/script>\n<!-- \/ Yoast SEO plugin. -->","yoast_head_json":{"title":"Ilgo gyvenimo paslaptys","description":"Norime b\u016bti sveiki. Ta\u010diau u\u017euot pasidom\u0117j\u0119 t\u016bkstantme\u010dius kaupta patirtimi, da\u017enai einame lengviausiu keliu \u2013 ie\u0161kome veiksming\u0173 vaist\u0173 ir u\u017esiimame","robots":{"index":"index","follow":"follow","max-snippet":"max-snippet:-1","max-image-preview":"max-image-preview:large","max-video-preview":"max-video-preview:-1"},"canonical":"https:\/\/skaitytaknyga.lt\/en\/produktas\/ilgo-gyvenimo-paslaptys\/","og_locale":"en_GB","og_type":"article","og_title":"[:lt]Ilgo gyvenimo paslaptys[:] - Skaitytaknyga","og_description":"Norime b\u016bti sveiki. Ta\u010diau u\u017euot pasidom\u0117j\u0119 t\u016bkstantme\u010dius kaupta patirtimi, da\u017enai einame lengviausiu keliu \u2013 ie\u0161kome veiksming\u0173 vaist\u0173 ir u\u017esiimame","og_url":"https:\/\/skaitytaknyga.lt\/en\/produktas\/ilgo-gyvenimo-paslaptys\/","og_site_name":"Skaitytaknyga","article_publisher":"https:\/\/www.facebook.com\/skaitytaknyga\/","article_modified_time":"2025-07-31T05:26:20+00:00","og_image":[{"width":510,"height":718,"url":"https:\/\/skaitytaknyga.lt\/wp-content\/uploads\/2025\/07\/Ilgo-gyvenimo-paslaptys-1.webp","type":"image\/webp"}],"twitter_card":"summary_large_image","twitter_misc":{"Estimated reading time":"1 minute"},"schema":{"@context":"https:\/\/schema.org","@graph":[{"@type":"WebPage","@id":"https:\/\/skaitytaknyga.lt\/produktas\/ilgo-gyvenimo-paslaptys\/","url":"https:\/\/skaitytaknyga.lt\/produktas\/ilgo-gyvenimo-paslaptys\/","name":"Ilgo gyvenimo paslaptys","isPartOf":{"@id":"https:\/\/skaitytaknyga.lt\/#website"},"primaryImageOfPage":{"@id":"https:\/\/skaitytaknyga.lt\/produktas\/ilgo-gyvenimo-paslaptys\/#primaryimage"},"image":{"@id":"https:\/\/skaitytaknyga.lt\/produktas\/ilgo-gyvenimo-paslaptys\/#primaryimage"},"thumbnailUrl":"https:\/\/skaitytaknyga.lt\/wp-content\/uploads\/2025\/07\/Ilgo-gyvenimo-paslaptys-1.webp","datePublished":"2025-07-30T18:37:35+00:00","dateModified":"2025-07-31T05:26:20+00:00","description":"Norime b\u016bti sveiki. Ta\u010diau u\u017euot pasidom\u0117j\u0119 t\u016bkstantme\u010dius kaupta patirtimi, da\u017enai einame lengviausiu keliu \u2013 ie\u0161kome veiksming\u0173 vaist\u0173 ir u\u017esiimame","breadcrumb":{"@id":"https:\/\/skaitytaknyga.lt\/produktas\/ilgo-gyvenimo-paslaptys\/#breadcrumb"},"inLanguage":"en-GB","potentialAction":[{"@type":"ReadAction","target":["https:\/\/skaitytaknyga.lt\/produktas\/ilgo-gyvenimo-paslaptys\/"]}]},{"@type":"ImageObject","inLanguage":"en-GB","@id":"https:\/\/skaitytaknyga.lt\/produktas\/ilgo-gyvenimo-paslaptys\/#primaryimage","url":"https:\/\/skaitytaknyga.lt\/wp-content\/uploads\/2025\/07\/Ilgo-gyvenimo-paslaptys-1.webp","contentUrl":"https:\/\/skaitytaknyga.lt\/wp-content\/uploads\/2025\/07\/Ilgo-gyvenimo-paslaptys-1.webp","width":510,"height":718,"caption":"Ilgo gyvenimo paslaptys"},{"@type":"BreadcrumbList","@id":"https:\/\/skaitytaknyga.lt\/produktas\/ilgo-gyvenimo-paslaptys\/#breadcrumb","itemListElement":[{"@type":"ListItem","position":1,"name":"Home","item":"https:\/\/skaitytaknyga.lt\/"},{"@type":"ListItem","position":2,"name":"Parduotuv\u0117","item":"https:\/\/skaitytaknyga.lt\/knygu-parduotuve\/"},{"@type":"ListItem","position":3,"name":"Ilgo gyvenimo paslaptys"}]},{"@type":"WebSite","@id":"https:\/\/skaitytaknyga.lt\/#website","url":"https:\/\/skaitytaknyga.lt\/","name":"skaitytaknyga.lt","description":"Skaitytaknyga.lt \u2013 tai ma\u017eas \u0161eimos verslas, kuris prasid\u0117jo nuo meil\u0117s knygoms ir siekio i\u0161gelb\u0117ti knygas nuo likimo prie konteinerio. Kas vienam nereikalingas daiktas \u2013 kitam lobis, o mes esame tarpininkai, kurie padeda abiems tapti laimingesniems ???? \u017dinome kaip nelengva i\u0161gyventi ma\u017eiems verslams, tad nuo \u0161iol, \u010dia rasite ir kit\u0173, ma\u017e\u0173 \u0161eim\u0173 versl\u0173, rank\u0173 darbo, dovan\u0173 sau ir artimiesiems.","publisher":{"@id":"https:\/\/skaitytaknyga.lt\/#organization"},"potentialAction":[{"@type":"SearchAction","target":{"@type":"EntryPoint","urlTemplate":"https:\/\/skaitytaknyga.lt\/?s={search_term_string}"},"query-input":{"@type":"PropertyValueSpecification","valueRequired":true,"valueName":"search_term_string"}}],"inLanguage":"en-GB"},{"@type":"Organization","@id":"https:\/\/skaitytaknyga.lt\/#organization","name":"skaitytaknyga.lt","url":"https:\/\/skaitytaknyga.lt\/","logo":{"@type":"ImageObject","inLanguage":"en-GB","@id":"https:\/\/skaitytaknyga.lt\/#\/schema\/logo\/image\/","url":"https:\/\/skaitytaknyga.lt\/wp-content\/uploads\/2024\/05\/cropped-cropped-cropped-02_00843_jt3bggkj1j3HLc7SyY6rEUpg.jpeg","contentUrl":"https:\/\/skaitytaknyga.lt\/wp-content\/uploads\/2024\/05\/cropped-cropped-cropped-02_00843_jt3bggkj1j3HLc7SyY6rEUpg.jpeg","width":1600,"height":1600,"caption":"skaitytaknyga.lt"},"image":{"@id":"https:\/\/skaitytaknyga.lt\/#\/schema\/logo\/image\/"},"sameAs":["https:\/\/www.facebook.com\/skaitytaknyga\/"]}]}},"_links":{"self":[{"href":"https:\/\/skaitytaknyga.lt\/en\/wp-json\/wp\/v2\/product\/20015","targetHints":{"allow":["GET"]}}],"collection":[{"href":"https:\/\/skaitytaknyga.lt\/en\/wp-json\/wp\/v2\/product"}],"about":[{"href":"https:\/\/skaitytaknyga.lt\/en\/wp-json\/wp\/v2\/types\/product"}],"replies":[{"embeddable":true,"href":"https:\/\/skaitytaknyga.lt\/en\/wp-json\/wp\/v2\/comments?post=20015"}],"wp:featuredmedia":[{"embeddable":true,"href":"https:\/\/skaitytaknyga.lt\/en\/wp-json\/wp\/v2\/media\/20019"}],"wp:attachment":[{"href":"https:\/\/skaitytaknyga.lt\/en\/wp-json\/wp\/v2\/media?parent=20015"}],"wp:term":[{"taxonomy":"product_brand","embeddable":true,"href":"https:\/\/skaitytaknyga.lt\/en\/wp-json\/wp\/v2\/product_brand?post=20015"},{"taxonomy":"product_cat","embeddable":true,"href":"https:\/\/skaitytaknyga.lt\/en\/wp-json\/wp\/v2\/product_cat?post=20015"},{"taxonomy":"product_tag","embeddable":true,"href":"https:\/\/skaitytaknyga.lt\/en\/wp-json\/wp\/v2\/product_tag?post=20015"}],"curies":[{"name":"wp","href":"https:\/\/api.w.org\/{rel}","templated":true}]}}