{"id":19998,"date":"2025-07-30T10:15:38","date_gmt":"2025-07-30T07:15:38","guid":{"rendered":"https:\/\/skaitytaknyga.lt\/?post_type=product&#038;p=19998"},"modified":"2025-08-01T08:32:09","modified_gmt":"2025-08-01T05:32:09","slug":"mano-pirmoji-moksline-enciklopedija","status":"publish","type":"product","link":"https:\/\/skaitytaknyga.lt\/en\/produktas\/mano-pirmoji-moksline-enciklopedija\/","title":{"rendered":"Mano pirmoji mokslin\u0117 enciklopedija"},"content":{"rendered":"<p>Pirmojoje mokslin\u0117je enciklopedijoje pasakojama apie tave supant\u012f pasaul\u012f. Joje ai\u0161kinama, kaip veikia kai kurie daiktai ir kod\u0117l viskas vyksta.<\/p>\n<p>Knygoje gausu iliustracij\u0173, pad\u0117sian\u010di\u0173 tau mokytis. \u010cia rasi daugyb\u0119 bandym\u0173, kuriuos gal\u0117si atlikti. Jie tau pad\u0117s daugiau su\u017einoti apie moksl\u0105 ir kaip tampama mokslininku.<\/p>\n<p>Chris Oxlade ir Anita Ganeri yra informacini\u0173 knyg\u0173, skirt\u0173 vaikams, ra\u0161ytojai. Jie para\u0161\u0117 daug mokslo ir technikos leidini\u0173, vienas i\u0161 j\u0173 1996 m. buvo nominuotas Rhone Poulenc mokslo prizui.<\/p>\n","protected":false},"excerpt":{"rendered":"<p>Pirmojoje mokslin\u0117je enciklopedijoje pasakojama apie tave supant\u012f pasaul\u012f. Joje ai\u0161kinama, kaip veikia kai kurie daiktai ir kod\u0117l viskas vyksta. Knygoje gausu iliustracij\u0173, pad\u0117sian\u010di\u0173 tau mokytis. \u010cia rasi daugyb\u0119 bandym\u0173, kuriuos gal\u0117si atlikti. Jie tau pad\u0117s daugiau su\u017einoti apie moksl\u0105 ir kaip tampama mokslininku. Chris Oxlade ir Anita Ganeri yra informacini\u0173 knyg\u0173, skirt\u0173 vaikams, ra\u0161ytojai. Jie para\u0161\u0117 daug mokslo ir technikos leidini\u0173, vienas i\u0161 j\u0173 1996 m. buvo nominuotas Rhone Poulenc mokslo prizui.<\/p>\n","protected":false},"featured_media":20002,"comment_status":"open","ping_status":"closed","template":"","meta":{"_acf_changed":false,"site-sidebar-layout":"default","site-content-layout":"","ast-site-content-layout":"default","site-content-style":"default","site-sidebar-style":"default","ast-global-header-display":"","ast-banner-title-visibility":"","ast-main-header-display":"","ast-hfb-above-header-display":"","ast-hfb-below-header-display":"","ast-hfb-mobile-header-display":"","site-post-title":"","ast-breadcrumbs-content":"","ast-featured-img":"","footer-sml-layout":"","ast-disable-related-posts":"","theme-transparent-header-meta":"","adv-header-id-meta":"","stick-header-meta":"","header-above-stick-meta":"","header-main-stick-meta":"","header-below-stick-meta":"","astra-migrate-meta-layouts":"default","ast-page-background-enabled":"default","ast-page-background-meta":{"desktop":{"background-color":"","background-image":"","background-repeat":"repeat","background-position":"center center","background-size":"auto","background-attachment":"scroll","background-type":"","background-media":"","overlay-type":"","overlay-color":"","overlay-opacity":"","overlay-gradient":""},"tablet":{"background-color":"","background-image":"","background-repeat":"repeat","background-position":"center center","background-size":"auto","background-attachment":"scroll","background-type":"","background-media":"","overlay-type":"","overlay-color":"","overlay-opacity":"","overlay-gradient":""},"mobile":{"background-color":"","background-image":"","background-repeat":"repeat","background-position":"center center","background-size":"auto","background-attachment":"scroll","background-type":"","background-media":"","overlay-type":"","overlay-color":"","overlay-opacity":"","overlay-gradient":""}},"ast-content-background-meta":{"desktop":{"background-color":"var(--ast-global-color-4)","background-image":"","background-repeat":"repeat","background-position":"center center","background-size":"auto","background-attachment":"scroll","background-type":"","background-media":"","overlay-type":"","overlay-color":"","overlay-opacity":"","overlay-gradient":""},"tablet":{"background-color":"var(--ast-global-color-4)","background-image":"","background-repeat":"repeat","background-position":"center center","background-size":"auto","background-attachment":"scroll","background-type":"","background-media":"","overlay-type":"","overlay-color":"","overlay-opacity":"","overlay-gradient":""},"mobile":{"background-color":"var(--ast-global-color-4)","background-image":"","background-repeat":"repeat","background-position":"center center","background-size":"auto","background-attachment":"scroll","background-type":"","background-media":"","overlay-type":"","overlay-color":"","overlay-opacity":"","overlay-gradient":""}}},"product_brand":[],"product_cat":[35],"product_tag":[7116,7115,3342,4415,1982,7114,1524,3672],"class_list":{"0":"post-19998","1":"product","2":"type-product","3":"status-publish","4":"has-post-thumbnail","6":"product_cat-vaikams-ir-paaugliams","7":"product_tag-anita-ganeri","8":"product_tag-chris-oxlade","9":"product_tag-edukacija","10":"product_tag-eksperimentai","11":"product_tag-iliustracijos","12":"product_tag-mano-pirmoji-moksline-enciklopedija","13":"product_tag-mokslas","14":"product_tag-mokslininkai","15":"desktop-align-left","16":"tablet-align-left","17":"mobile-align-left","19":"first","20":"instock","21":"shipping-taxable","22":"purchasable","23":"product-type-simple"},"acf":[],"yoast_head":"<!-- This site is optimized with the Yoast SEO plugin v27.0 - https:\/\/yoast.com\/product\/yoast-seo-wordpress\/ -->\n<title>Mano pirmoji mokslin\u0117 enciklopedija<\/title>\n<meta name=\"description\" content=\"Pirmojoje mokslin\u0117je enciklopedijoje pasakojama apie tave supant\u012f pasaul\u012f. Joje ai\u0161kinama, kaip veikia kai kurie daiktai ir kod\u0117l viskas vyksta. Knygoje\" \/>\n<meta name=\"robots\" content=\"index, follow, max-snippet:-1, max-image-preview:large, max-video-preview:-1\" \/>\n<link rel=\"canonical\" href=\"https:\/\/skaitytaknyga.lt\/en\/produktas\/mano-pirmoji-moksline-enciklopedija\/\" \/>\n<meta property=\"og:locale\" content=\"en_GB\" \/>\n<meta property=\"og:locale:alternate\" content=\"lt_LT\" \/>\n<meta property=\"og:type\" content=\"article\" \/>\n<meta property=\"og:title\" content=\"Mano pirmoji mokslin\u0117 enciklopedija\" \/>\n<meta property=\"og:description\" content=\"Pirmojoje mokslin\u0117je enciklopedijoje pasakojama apie tave supant\u012f pasaul\u012f. Joje ai\u0161kinama, kaip veikia kai kurie daiktai ir kod\u0117l viskas vyksta. Knygoje\" \/>\n<meta property=\"og:url\" content=\"https:\/\/skaitytaknyga.lt\/en\/produktas\/mano-pirmoji-moksline-enciklopedija\/\" \/>\n<meta property=\"og:site_name\" content=\"Skaitytaknyga\" \/>\n<meta property=\"article:publisher\" content=\"https:\/\/www.facebook.com\/skaitytaknyga\/\" \/>\n<meta property=\"article:modified_time\" content=\"2025-08-01T05:32:09+00:00\" \/>\n<meta property=\"og:image\" content=\"https:\/\/skaitytaknyga.lt\/wp-content\/uploads\/2025\/07\/Mano-pirmoji-moksline-enciklopedija-1.webp\" \/>\n\t<meta property=\"og:image:width\" content=\"458\" \/>\n\t<meta property=\"og:image:height\" content=\"599\" \/>\n\t<meta property=\"og:image:type\" content=\"image\/webp\" \/>\n<meta name=\"twitter:card\" content=\"summary_large_image\" \/>\n<script type=\"application\/ld+json\" class=\"yoast-schema-graph\">{\"@context\":\"https:\/\/schema.org\",\"@graph\":[{\"@type\":\"WebPage\",\"@id\":\"https:\/\/skaitytaknyga.lt\/produktas\/mano-pirmoji-moksline-enciklopedija\/\",\"url\":\"https:\/\/skaitytaknyga.lt\/produktas\/mano-pirmoji-moksline-enciklopedija\/\",\"name\":\"Mano pirmoji mokslin\u0117 enciklopedija\",\"isPartOf\":{\"@id\":\"https:\/\/skaitytaknyga.lt\/#website\"},\"primaryImageOfPage\":{\"@id\":\"https:\/\/skaitytaknyga.lt\/produktas\/mano-pirmoji-moksline-enciklopedija\/#primaryimage\"},\"image\":{\"@id\":\"https:\/\/skaitytaknyga.lt\/produktas\/mano-pirmoji-moksline-enciklopedija\/#primaryimage\"},\"thumbnailUrl\":\"https:\/\/skaitytaknyga.lt\/wp-content\/uploads\/2025\/07\/Mano-pirmoji-moksline-enciklopedija-1.webp\",\"datePublished\":\"2025-07-30T07:15:38+00:00\",\"dateModified\":\"2025-08-01T05:32:09+00:00\",\"description\":\"Pirmojoje mokslin\u0117je enciklopedijoje pasakojama apie tave supant\u012f pasaul\u012f. Joje ai\u0161kinama, kaip veikia kai kurie daiktai ir kod\u0117l viskas vyksta. Knygoje\",\"breadcrumb\":{\"@id\":\"https:\/\/skaitytaknyga.lt\/produktas\/mano-pirmoji-moksline-enciklopedija\/#breadcrumb\"},\"inLanguage\":\"en-GB\",\"potentialAction\":[{\"@type\":\"ReadAction\",\"target\":[\"https:\/\/skaitytaknyga.lt\/produktas\/mano-pirmoji-moksline-enciklopedija\/\"]}]},{\"@type\":\"ImageObject\",\"inLanguage\":\"en-GB\",\"@id\":\"https:\/\/skaitytaknyga.lt\/produktas\/mano-pirmoji-moksline-enciklopedija\/#primaryimage\",\"url\":\"https:\/\/skaitytaknyga.lt\/wp-content\/uploads\/2025\/07\/Mano-pirmoji-moksline-enciklopedija-1.webp\",\"contentUrl\":\"https:\/\/skaitytaknyga.lt\/wp-content\/uploads\/2025\/07\/Mano-pirmoji-moksline-enciklopedija-1.webp\",\"width\":458,\"height\":599},{\"@type\":\"BreadcrumbList\",\"@id\":\"https:\/\/skaitytaknyga.lt\/produktas\/mano-pirmoji-moksline-enciklopedija\/#breadcrumb\",\"itemListElement\":[{\"@type\":\"ListItem\",\"position\":1,\"name\":\"Home\",\"item\":\"https:\/\/skaitytaknyga.lt\/\"},{\"@type\":\"ListItem\",\"position\":2,\"name\":\"Parduotuv\u0117\",\"item\":\"https:\/\/skaitytaknyga.lt\/knygu-parduotuve\/\"},{\"@type\":\"ListItem\",\"position\":3,\"name\":\"Mano pirmoji mokslin\u0117 enciklopedija\"}]},{\"@type\":\"WebSite\",\"@id\":\"https:\/\/skaitytaknyga.lt\/#website\",\"url\":\"https:\/\/skaitytaknyga.lt\/\",\"name\":\"skaitytaknyga.lt\",\"description\":\"Skaitytaknyga.lt \u2013 tai ma\u017eas \u0161eimos verslas, kuris prasid\u0117jo nuo meil\u0117s knygoms ir siekio i\u0161gelb\u0117ti knygas nuo likimo prie konteinerio. Kas vienam nereikalingas daiktas \u2013 kitam lobis, o mes esame tarpininkai, kurie padeda abiems tapti laimingesniems ???? \u017dinome kaip nelengva i\u0161gyventi ma\u017eiems verslams, tad nuo \u0161iol, \u010dia rasite ir kit\u0173, ma\u017e\u0173 \u0161eim\u0173 versl\u0173, rank\u0173 darbo, dovan\u0173 sau ir artimiesiems.\",\"publisher\":{\"@id\":\"https:\/\/skaitytaknyga.lt\/#organization\"},\"potentialAction\":[{\"@type\":\"SearchAction\",\"target\":{\"@type\":\"EntryPoint\",\"urlTemplate\":\"https:\/\/skaitytaknyga.lt\/?s={search_term_string}\"},\"query-input\":{\"@type\":\"PropertyValueSpecification\",\"valueRequired\":true,\"valueName\":\"search_term_string\"}}],\"inLanguage\":\"en-GB\"},{\"@type\":\"Organization\",\"@id\":\"https:\/\/skaitytaknyga.lt\/#organization\",\"name\":\"skaitytaknyga.lt\",\"url\":\"https:\/\/skaitytaknyga.lt\/\",\"logo\":{\"@type\":\"ImageObject\",\"inLanguage\":\"en-GB\",\"@id\":\"https:\/\/skaitytaknyga.lt\/#\/schema\/logo\/image\/\",\"url\":\"https:\/\/skaitytaknyga.lt\/wp-content\/uploads\/2024\/05\/cropped-cropped-cropped-02_00843_jt3bggkj1j3HLc7SyY6rEUpg.jpeg\",\"contentUrl\":\"https:\/\/skaitytaknyga.lt\/wp-content\/uploads\/2024\/05\/cropped-cropped-cropped-02_00843_jt3bggkj1j3HLc7SyY6rEUpg.jpeg\",\"width\":1600,\"height\":1600,\"caption\":\"skaitytaknyga.lt\"},\"image\":{\"@id\":\"https:\/\/skaitytaknyga.lt\/#\/schema\/logo\/image\/\"},\"sameAs\":[\"https:\/\/www.facebook.com\/skaitytaknyga\/\"]}]}<\/script>\n<!-- \/ Yoast SEO plugin. -->","yoast_head_json":{"title":"Mano pirmoji mokslin\u0117 enciklopedija","description":"Pirmojoje mokslin\u0117je enciklopedijoje pasakojama apie tave supant\u012f pasaul\u012f. Joje ai\u0161kinama, kaip veikia kai kurie daiktai ir kod\u0117l viskas vyksta. Knygoje","robots":{"index":"index","follow":"follow","max-snippet":"max-snippet:-1","max-image-preview":"max-image-preview:large","max-video-preview":"max-video-preview:-1"},"canonical":"https:\/\/skaitytaknyga.lt\/en\/produktas\/mano-pirmoji-moksline-enciklopedija\/","og_locale":"en_GB","og_type":"article","og_title":"[:lt]Mano pirmoji mokslin\u0117 enciklopedija[:] - Skaitytaknyga","og_description":"Pirmojoje mokslin\u0117je enciklopedijoje pasakojama apie tave supant\u012f pasaul\u012f. Joje ai\u0161kinama, kaip veikia kai kurie daiktai ir kod\u0117l viskas vyksta. Knygoje","og_url":"https:\/\/skaitytaknyga.lt\/en\/produktas\/mano-pirmoji-moksline-enciklopedija\/","og_site_name":"Skaitytaknyga","article_publisher":"https:\/\/www.facebook.com\/skaitytaknyga\/","article_modified_time":"2025-08-01T05:32:09+00:00","og_image":[{"width":458,"height":599,"url":"https:\/\/skaitytaknyga.lt\/wp-content\/uploads\/2025\/07\/Mano-pirmoji-moksline-enciklopedija-1.webp","type":"image\/webp"}],"twitter_card":"summary_large_image","schema":{"@context":"https:\/\/schema.org","@graph":[{"@type":"WebPage","@id":"https:\/\/skaitytaknyga.lt\/produktas\/mano-pirmoji-moksline-enciklopedija\/","url":"https:\/\/skaitytaknyga.lt\/produktas\/mano-pirmoji-moksline-enciklopedija\/","name":"Mano pirmoji mokslin\u0117 enciklopedija","isPartOf":{"@id":"https:\/\/skaitytaknyga.lt\/#website"},"primaryImageOfPage":{"@id":"https:\/\/skaitytaknyga.lt\/produktas\/mano-pirmoji-moksline-enciklopedija\/#primaryimage"},"image":{"@id":"https:\/\/skaitytaknyga.lt\/produktas\/mano-pirmoji-moksline-enciklopedija\/#primaryimage"},"thumbnailUrl":"https:\/\/skaitytaknyga.lt\/wp-content\/uploads\/2025\/07\/Mano-pirmoji-moksline-enciklopedija-1.webp","datePublished":"2025-07-30T07:15:38+00:00","dateModified":"2025-08-01T05:32:09+00:00","description":"Pirmojoje mokslin\u0117je enciklopedijoje pasakojama apie tave supant\u012f pasaul\u012f. Joje ai\u0161kinama, kaip veikia kai kurie daiktai ir kod\u0117l viskas vyksta. Knygoje","breadcrumb":{"@id":"https:\/\/skaitytaknyga.lt\/produktas\/mano-pirmoji-moksline-enciklopedija\/#breadcrumb"},"inLanguage":"en-GB","potentialAction":[{"@type":"ReadAction","target":["https:\/\/skaitytaknyga.lt\/produktas\/mano-pirmoji-moksline-enciklopedija\/"]}]},{"@type":"ImageObject","inLanguage":"en-GB","@id":"https:\/\/skaitytaknyga.lt\/produktas\/mano-pirmoji-moksline-enciklopedija\/#primaryimage","url":"https:\/\/skaitytaknyga.lt\/wp-content\/uploads\/2025\/07\/Mano-pirmoji-moksline-enciklopedija-1.webp","contentUrl":"https:\/\/skaitytaknyga.lt\/wp-content\/uploads\/2025\/07\/Mano-pirmoji-moksline-enciklopedija-1.webp","width":458,"height":599},{"@type":"BreadcrumbList","@id":"https:\/\/skaitytaknyga.lt\/produktas\/mano-pirmoji-moksline-enciklopedija\/#breadcrumb","itemListElement":[{"@type":"ListItem","position":1,"name":"Home","item":"https:\/\/skaitytaknyga.lt\/"},{"@type":"ListItem","position":2,"name":"Parduotuv\u0117","item":"https:\/\/skaitytaknyga.lt\/knygu-parduotuve\/"},{"@type":"ListItem","position":3,"name":"Mano pirmoji mokslin\u0117 enciklopedija"}]},{"@type":"WebSite","@id":"https:\/\/skaitytaknyga.lt\/#website","url":"https:\/\/skaitytaknyga.lt\/","name":"skaitytaknyga.lt","description":"Skaitytaknyga.lt \u2013 tai ma\u017eas \u0161eimos verslas, kuris prasid\u0117jo nuo meil\u0117s knygoms ir siekio i\u0161gelb\u0117ti knygas nuo likimo prie konteinerio. Kas vienam nereikalingas daiktas \u2013 kitam lobis, o mes esame tarpininkai, kurie padeda abiems tapti laimingesniems ???? \u017dinome kaip nelengva i\u0161gyventi ma\u017eiems verslams, tad nuo \u0161iol, \u010dia rasite ir kit\u0173, ma\u017e\u0173 \u0161eim\u0173 versl\u0173, rank\u0173 darbo, dovan\u0173 sau ir artimiesiems.","publisher":{"@id":"https:\/\/skaitytaknyga.lt\/#organization"},"potentialAction":[{"@type":"SearchAction","target":{"@type":"EntryPoint","urlTemplate":"https:\/\/skaitytaknyga.lt\/?s={search_term_string}"},"query-input":{"@type":"PropertyValueSpecification","valueRequired":true,"valueName":"search_term_string"}}],"inLanguage":"en-GB"},{"@type":"Organization","@id":"https:\/\/skaitytaknyga.lt\/#organization","name":"skaitytaknyga.lt","url":"https:\/\/skaitytaknyga.lt\/","logo":{"@type":"ImageObject","inLanguage":"en-GB","@id":"https:\/\/skaitytaknyga.lt\/#\/schema\/logo\/image\/","url":"https:\/\/skaitytaknyga.lt\/wp-content\/uploads\/2024\/05\/cropped-cropped-cropped-02_00843_jt3bggkj1j3HLc7SyY6rEUpg.jpeg","contentUrl":"https:\/\/skaitytaknyga.lt\/wp-content\/uploads\/2024\/05\/cropped-cropped-cropped-02_00843_jt3bggkj1j3HLc7SyY6rEUpg.jpeg","width":1600,"height":1600,"caption":"skaitytaknyga.lt"},"image":{"@id":"https:\/\/skaitytaknyga.lt\/#\/schema\/logo\/image\/"},"sameAs":["https:\/\/www.facebook.com\/skaitytaknyga\/"]}]}},"_links":{"self":[{"href":"https:\/\/skaitytaknyga.lt\/en\/wp-json\/wp\/v2\/product\/19998","targetHints":{"allow":["GET"]}}],"collection":[{"href":"https:\/\/skaitytaknyga.lt\/en\/wp-json\/wp\/v2\/product"}],"about":[{"href":"https:\/\/skaitytaknyga.lt\/en\/wp-json\/wp\/v2\/types\/product"}],"replies":[{"embeddable":true,"href":"https:\/\/skaitytaknyga.lt\/en\/wp-json\/wp\/v2\/comments?post=19998"}],"wp:featuredmedia":[{"embeddable":true,"href":"https:\/\/skaitytaknyga.lt\/en\/wp-json\/wp\/v2\/media\/20002"}],"wp:attachment":[{"href":"https:\/\/skaitytaknyga.lt\/en\/wp-json\/wp\/v2\/media?parent=19998"}],"wp:term":[{"taxonomy":"product_brand","embeddable":true,"href":"https:\/\/skaitytaknyga.lt\/en\/wp-json\/wp\/v2\/product_brand?post=19998"},{"taxonomy":"product_cat","embeddable":true,"href":"https:\/\/skaitytaknyga.lt\/en\/wp-json\/wp\/v2\/product_cat?post=19998"},{"taxonomy":"product_tag","embeddable":true,"href":"https:\/\/skaitytaknyga.lt\/en\/wp-json\/wp\/v2\/product_tag?post=19998"}],"curies":[{"name":"wp","href":"https:\/\/api.w.org\/{rel}","templated":true}]}}