{"id":19988,"date":"2025-07-30T10:05:21","date_gmt":"2025-07-30T07:05:21","guid":{"rendered":"https:\/\/skaitytaknyga.lt\/?post_type=product&#038;p=19988"},"modified":"2025-08-01T08:32:11","modified_gmt":"2025-08-01T05:32:11","slug":"mandagumo-pamokeles-etiketas-vaikams","status":"publish","type":"product","link":"https:\/\/skaitytaknyga.lt\/en\/produktas\/mandagumo-pamokeles-etiketas-vaikams\/","title":{"rendered":"Mandagumo pamok\u0117l\u0117s: etiketas vaikams"},"content":{"rendered":"<p>Jeigu nori i\u0161girsti apie \u017eavios Pyragi\u0173 \u0161eimos nuotykius ir surasti atsakymus \u012f tokius klausimus:<br \/>\n\u2013 Ar virtinius su bra\u0161ki\u0173 u\u017epilu galima kramsnoti rankomis?<br \/>\n\u2013 Kas turi pirmas paduoti rank\u0105 sveikindamasis?<br \/>\n\u2013 Ar autobuse galima lai\u017eyti \u017eemuoginius ledus?<br \/>\n\u2013 Kod\u0117l kine neplepama?<br \/>\n\u2013 K\u0105 daryti, kai nepavyksta nueiti \u012f sve\u010dius?<br \/>\n\u2013 Kod\u0117l nedera triuk\u0161mauti mi\u0161ke?<br \/>\n\u2013 Ar reikia pasibelsti, kai norime \u012feiti vidun?<br \/>\n\u2013 Ar b\u016btina praustis kiekvien\u0105 dien\u0105?<br \/>\n\u2013 Ar galima siaut\u0117ti mamos kambaryje?<br \/>\n\u2013 Ar gra\u017eu \u0161iuk\u0161linti vej\u0105?<br \/>\n\u2013 Kiek \u0161okolado galima sutra\u0161kinti per gimtadien\u012f?<br \/>\n\u2013 Kokius telefon\u0173 numerius privalu prisiminti, jei prireikt\u0173 i\u0161kviesti pagalb\u0105?<br \/>\n\u2013 K\u0105 reikt\u0173 \u017einoti vaik\u0161tin\u0117jant po mi\u0161k\u0105?<br \/>\n\u2013 Kiek laiko galima \u0161neku\u010diuotis telefonu?<br \/>\n\u2013 Ar mandagu \u017ei\u016br\u0117ti film\u0105, kai namuose yra sve\u010di\u0173?<br \/>\ntiesiog perskaityk \u0161i\u0105 knygel\u0119.<\/p>\n","protected":false},"excerpt":{"rendered":"<p>Jeigu nori i\u0161girsti apie \u017eavios Pyragi\u0173 \u0161eimos nuotykius ir surasti atsakymus \u012f tokius klausimus: \u2013 Ar virtinius su bra\u0161ki\u0173 u\u017epilu galima kramsnoti rankomis? \u2013 Kas turi pirmas paduoti rank\u0105 sveikindamasis? \u2013 Ar autobuse galima lai\u017eyti \u017eemuoginius ledus? \u2013 Kod\u0117l kine neplepama? \u2013 K\u0105 daryti, kai nepavyksta nueiti \u012f sve\u010dius? \u2013 Kod\u0117l nedera triuk\u0161mauti mi\u0161ke? \u2013 Ar reikia pasibelsti, kai norime \u012feiti vidun? \u2013 Ar b\u016btina praustis kiekvien\u0105 dien\u0105? \u2013 Ar galima siaut\u0117ti mamos kambaryje? \u2013 Ar gra\u017eu \u0161iuk\u0161linti vej\u0105? \u2013 Kiek \u0161okolado galima sutra\u0161kinti per gimtadien\u012f? \u2013 Kokius telefon\u0173 numerius privalu prisiminti, jei prireikt\u0173 i\u0161kviesti pagalb\u0105? \u2013 K\u0105 reikt\u0173 \u017einoti vaik\u0161tin\u0117jant po mi\u0161k\u0105? \u2013 Kiek laiko galima \u0161neku\u010diuotis telefonu? \u2013 Ar mandagu \u017ei\u016br\u0117ti film\u0105, kai namuose yra sve\u010di\u0173? tiesiog perskaityk \u0161i\u0105 knygel\u0119.<\/p>\n","protected":false},"featured_media":19989,"comment_status":"open","ping_status":"closed","template":"","meta":{"_acf_changed":false,"site-sidebar-layout":"default","site-content-layout":"","ast-site-content-layout":"default","site-content-style":"default","site-sidebar-style":"default","ast-global-header-display":"","ast-banner-title-visibility":"","ast-main-header-display":"","ast-hfb-above-header-display":"","ast-hfb-below-header-display":"","ast-hfb-mobile-header-display":"","site-post-title":"","ast-breadcrumbs-content":"","ast-featured-img":"","footer-sml-layout":"","ast-disable-related-posts":"","theme-transparent-header-meta":"","adv-header-id-meta":"","stick-header-meta":"","header-above-stick-meta":"","header-main-stick-meta":"","header-below-stick-meta":"","astra-migrate-meta-layouts":"default","ast-page-background-enabled":"default","ast-page-background-meta":{"desktop":{"background-color":"","background-image":"","background-repeat":"repeat","background-position":"center center","background-size":"auto","background-attachment":"scroll","background-type":"","background-media":"","overlay-type":"","overlay-color":"","overlay-opacity":"","overlay-gradient":""},"tablet":{"background-color":"","background-image":"","background-repeat":"repeat","background-position":"center center","background-size":"auto","background-attachment":"scroll","background-type":"","background-media":"","overlay-type":"","overlay-color":"","overlay-opacity":"","overlay-gradient":""},"mobile":{"background-color":"","background-image":"","background-repeat":"repeat","background-position":"center center","background-size":"auto","background-attachment":"scroll","background-type":"","background-media":"","overlay-type":"","overlay-color":"","overlay-opacity":"","overlay-gradient":""}},"ast-content-background-meta":{"desktop":{"background-color":"var(--ast-global-color-4)","background-image":"","background-repeat":"repeat","background-position":"center center","background-size":"auto","background-attachment":"scroll","background-type":"","background-media":"","overlay-type":"","overlay-color":"","overlay-opacity":"","overlay-gradient":""},"tablet":{"background-color":"var(--ast-global-color-4)","background-image":"","background-repeat":"repeat","background-position":"center center","background-size":"auto","background-attachment":"scroll","background-type":"","background-media":"","overlay-type":"","overlay-color":"","overlay-opacity":"","overlay-gradient":""},"mobile":{"background-color":"var(--ast-global-color-4)","background-image":"","background-repeat":"repeat","background-position":"center center","background-size":"auto","background-attachment":"scroll","background-type":"","background-media":"","overlay-type":"","overlay-color":"","overlay-opacity":"","overlay-gradient":""}}},"product_brand":[],"product_cat":[35],"product_tag":[4307,5587,7103,7102,7104,3071],"class_list":{"0":"post-19988","1":"product","2":"type-product","3":"status-publish","4":"has-post-thumbnail","6":"product_cat-vaikams-ir-paaugliams","7":"product_tag-elgesys","8":"product_tag-etiketas","9":"product_tag-mandagumas","10":"product_tag-mandagumo-pamokeles","11":"product_tag-pyragiu-seima","12":"product_tag-vaikai","13":"desktop-align-left","14":"tablet-align-left","15":"mobile-align-left","17":"first","18":"instock","19":"shipping-taxable","20":"purchasable","21":"product-type-simple"},"acf":[],"yoast_head":"<!-- This site is optimized with the Yoast SEO plugin v27.0 - https:\/\/yoast.com\/product\/yoast-seo-wordpress\/ -->\n<title>Mandagumo pamok\u0117l\u0117s: etiketas vaikams<\/title>\n<meta name=\"description\" content=\"Jeigu nori i\u0161girsti apie \u017eavios Pyragi\u0173 \u0161eimos nuotykius ir surasti atsakymus \u012f tokius klausimus: \u2013 Ar virtinius su bra\u0161ki\u0173 u\u017epilu galima kramsnoti\" \/>\n<meta name=\"robots\" content=\"index, follow, max-snippet:-1, max-image-preview:large, max-video-preview:-1\" \/>\n<link rel=\"canonical\" href=\"https:\/\/skaitytaknyga.lt\/en\/produktas\/mandagumo-pamokeles-etiketas-vaikams\/\" \/>\n<meta property=\"og:locale\" content=\"en_GB\" \/>\n<meta property=\"og:locale:alternate\" content=\"lt_LT\" \/>\n<meta property=\"og:type\" content=\"article\" \/>\n<meta property=\"og:title\" content=\"Mandagumo pamok\u0117l\u0117s: etiketas vaikams\" \/>\n<meta property=\"og:description\" content=\"Jeigu nori i\u0161girsti apie \u017eavios Pyragi\u0173 \u0161eimos nuotykius ir surasti atsakymus \u012f tokius klausimus: \u2013 Ar virtinius su bra\u0161ki\u0173 u\u017epilu galima kramsnoti\" \/>\n<meta property=\"og:url\" content=\"https:\/\/skaitytaknyga.lt\/en\/produktas\/mandagumo-pamokeles-etiketas-vaikams\/\" \/>\n<meta property=\"og:site_name\" content=\"Skaitytaknyga\" \/>\n<meta property=\"article:publisher\" content=\"https:\/\/www.facebook.com\/skaitytaknyga\/\" \/>\n<meta property=\"article:modified_time\" content=\"2025-08-01T05:32:11+00:00\" \/>\n<meta property=\"og:image\" content=\"https:\/\/skaitytaknyga.lt\/wp-content\/uploads\/2025\/07\/Mandagumo-pamokeles-etiketas-vaikams-1.webp\" \/>\n\t<meta property=\"og:image:width\" content=\"564\" \/>\n\t<meta property=\"og:image:height\" content=\"801\" \/>\n\t<meta property=\"og:image:type\" content=\"image\/webp\" \/>\n<meta name=\"twitter:card\" content=\"summary_large_image\" \/>\n<meta name=\"twitter:label1\" content=\"Estimated reading time\" \/>\n\t<meta name=\"twitter:data1\" content=\"1 minute\" \/>\n<script type=\"application\/ld+json\" class=\"yoast-schema-graph\">{\"@context\":\"https:\/\/schema.org\",\"@graph\":[{\"@type\":\"WebPage\",\"@id\":\"https:\/\/skaitytaknyga.lt\/produktas\/mandagumo-pamokeles-etiketas-vaikams\/\",\"url\":\"https:\/\/skaitytaknyga.lt\/produktas\/mandagumo-pamokeles-etiketas-vaikams\/\",\"name\":\"Mandagumo pamok\u0117l\u0117s: etiketas vaikams\",\"isPartOf\":{\"@id\":\"https:\/\/skaitytaknyga.lt\/#website\"},\"primaryImageOfPage\":{\"@id\":\"https:\/\/skaitytaknyga.lt\/produktas\/mandagumo-pamokeles-etiketas-vaikams\/#primaryimage\"},\"image\":{\"@id\":\"https:\/\/skaitytaknyga.lt\/produktas\/mandagumo-pamokeles-etiketas-vaikams\/#primaryimage\"},\"thumbnailUrl\":\"https:\/\/skaitytaknyga.lt\/wp-content\/uploads\/2025\/07\/Mandagumo-pamokeles-etiketas-vaikams-1.webp\",\"datePublished\":\"2025-07-30T07:05:21+00:00\",\"dateModified\":\"2025-08-01T05:32:11+00:00\",\"description\":\"Jeigu nori i\u0161girsti apie \u017eavios Pyragi\u0173 \u0161eimos nuotykius ir surasti atsakymus \u012f tokius klausimus: \u2013 Ar virtinius su bra\u0161ki\u0173 u\u017epilu galima kramsnoti\",\"breadcrumb\":{\"@id\":\"https:\/\/skaitytaknyga.lt\/produktas\/mandagumo-pamokeles-etiketas-vaikams\/#breadcrumb\"},\"inLanguage\":\"en-GB\",\"potentialAction\":[{\"@type\":\"ReadAction\",\"target\":[\"https:\/\/skaitytaknyga.lt\/produktas\/mandagumo-pamokeles-etiketas-vaikams\/\"]}]},{\"@type\":\"ImageObject\",\"inLanguage\":\"en-GB\",\"@id\":\"https:\/\/skaitytaknyga.lt\/produktas\/mandagumo-pamokeles-etiketas-vaikams\/#primaryimage\",\"url\":\"https:\/\/skaitytaknyga.lt\/wp-content\/uploads\/2025\/07\/Mandagumo-pamokeles-etiketas-vaikams-1.webp\",\"contentUrl\":\"https:\/\/skaitytaknyga.lt\/wp-content\/uploads\/2025\/07\/Mandagumo-pamokeles-etiketas-vaikams-1.webp\",\"width\":564,\"height\":801,\"caption\":\"Mandagumo pamok\u0117l\u0117s: etiketas vaikams\"},{\"@type\":\"BreadcrumbList\",\"@id\":\"https:\/\/skaitytaknyga.lt\/produktas\/mandagumo-pamokeles-etiketas-vaikams\/#breadcrumb\",\"itemListElement\":[{\"@type\":\"ListItem\",\"position\":1,\"name\":\"Home\",\"item\":\"https:\/\/skaitytaknyga.lt\/\"},{\"@type\":\"ListItem\",\"position\":2,\"name\":\"Parduotuv\u0117\",\"item\":\"https:\/\/skaitytaknyga.lt\/knygu-parduotuve\/\"},{\"@type\":\"ListItem\",\"position\":3,\"name\":\"Mandagumo pamok\u0117l\u0117s: etiketas vaikams\"}]},{\"@type\":\"WebSite\",\"@id\":\"https:\/\/skaitytaknyga.lt\/#website\",\"url\":\"https:\/\/skaitytaknyga.lt\/\",\"name\":\"skaitytaknyga.lt\",\"description\":\"Skaitytaknyga.lt \u2013 tai ma\u017eas \u0161eimos verslas, kuris prasid\u0117jo nuo meil\u0117s knygoms ir siekio i\u0161gelb\u0117ti knygas nuo likimo prie konteinerio. Kas vienam nereikalingas daiktas \u2013 kitam lobis, o mes esame tarpininkai, kurie padeda abiems tapti laimingesniems ???? \u017dinome kaip nelengva i\u0161gyventi ma\u017eiems verslams, tad nuo \u0161iol, \u010dia rasite ir kit\u0173, ma\u017e\u0173 \u0161eim\u0173 versl\u0173, rank\u0173 darbo, dovan\u0173 sau ir artimiesiems.\",\"publisher\":{\"@id\":\"https:\/\/skaitytaknyga.lt\/#organization\"},\"potentialAction\":[{\"@type\":\"SearchAction\",\"target\":{\"@type\":\"EntryPoint\",\"urlTemplate\":\"https:\/\/skaitytaknyga.lt\/?s={search_term_string}\"},\"query-input\":{\"@type\":\"PropertyValueSpecification\",\"valueRequired\":true,\"valueName\":\"search_term_string\"}}],\"inLanguage\":\"en-GB\"},{\"@type\":\"Organization\",\"@id\":\"https:\/\/skaitytaknyga.lt\/#organization\",\"name\":\"skaitytaknyga.lt\",\"url\":\"https:\/\/skaitytaknyga.lt\/\",\"logo\":{\"@type\":\"ImageObject\",\"inLanguage\":\"en-GB\",\"@id\":\"https:\/\/skaitytaknyga.lt\/#\/schema\/logo\/image\/\",\"url\":\"https:\/\/skaitytaknyga.lt\/wp-content\/uploads\/2024\/05\/cropped-cropped-cropped-02_00843_jt3bggkj1j3HLc7SyY6rEUpg.jpeg\",\"contentUrl\":\"https:\/\/skaitytaknyga.lt\/wp-content\/uploads\/2024\/05\/cropped-cropped-cropped-02_00843_jt3bggkj1j3HLc7SyY6rEUpg.jpeg\",\"width\":1600,\"height\":1600,\"caption\":\"skaitytaknyga.lt\"},\"image\":{\"@id\":\"https:\/\/skaitytaknyga.lt\/#\/schema\/logo\/image\/\"},\"sameAs\":[\"https:\/\/www.facebook.com\/skaitytaknyga\/\"]}]}<\/script>\n<!-- \/ Yoast SEO plugin. -->","yoast_head_json":{"title":"Mandagumo pamok\u0117l\u0117s: etiketas vaikams","description":"Jeigu nori i\u0161girsti apie \u017eavios Pyragi\u0173 \u0161eimos nuotykius ir surasti atsakymus \u012f tokius klausimus: \u2013 Ar virtinius su bra\u0161ki\u0173 u\u017epilu galima kramsnoti","robots":{"index":"index","follow":"follow","max-snippet":"max-snippet:-1","max-image-preview":"max-image-preview:large","max-video-preview":"max-video-preview:-1"},"canonical":"https:\/\/skaitytaknyga.lt\/en\/produktas\/mandagumo-pamokeles-etiketas-vaikams\/","og_locale":"en_GB","og_type":"article","og_title":"[:lt]Mandagumo pamok\u0117l\u0117s: etiketas vaikams[:] - Skaitytaknyga","og_description":"Jeigu nori i\u0161girsti apie \u017eavios Pyragi\u0173 \u0161eimos nuotykius ir surasti atsakymus \u012f tokius klausimus: \u2013 Ar virtinius su bra\u0161ki\u0173 u\u017epilu galima kramsnoti","og_url":"https:\/\/skaitytaknyga.lt\/en\/produktas\/mandagumo-pamokeles-etiketas-vaikams\/","og_site_name":"Skaitytaknyga","article_publisher":"https:\/\/www.facebook.com\/skaitytaknyga\/","article_modified_time":"2025-08-01T05:32:11+00:00","og_image":[{"width":564,"height":801,"url":"https:\/\/skaitytaknyga.lt\/wp-content\/uploads\/2025\/07\/Mandagumo-pamokeles-etiketas-vaikams-1.webp","type":"image\/webp"}],"twitter_card":"summary_large_image","twitter_misc":{"Estimated reading time":"1 minute"},"schema":{"@context":"https:\/\/schema.org","@graph":[{"@type":"WebPage","@id":"https:\/\/skaitytaknyga.lt\/produktas\/mandagumo-pamokeles-etiketas-vaikams\/","url":"https:\/\/skaitytaknyga.lt\/produktas\/mandagumo-pamokeles-etiketas-vaikams\/","name":"Mandagumo pamok\u0117l\u0117s: etiketas vaikams","isPartOf":{"@id":"https:\/\/skaitytaknyga.lt\/#website"},"primaryImageOfPage":{"@id":"https:\/\/skaitytaknyga.lt\/produktas\/mandagumo-pamokeles-etiketas-vaikams\/#primaryimage"},"image":{"@id":"https:\/\/skaitytaknyga.lt\/produktas\/mandagumo-pamokeles-etiketas-vaikams\/#primaryimage"},"thumbnailUrl":"https:\/\/skaitytaknyga.lt\/wp-content\/uploads\/2025\/07\/Mandagumo-pamokeles-etiketas-vaikams-1.webp","datePublished":"2025-07-30T07:05:21+00:00","dateModified":"2025-08-01T05:32:11+00:00","description":"Jeigu nori i\u0161girsti apie \u017eavios Pyragi\u0173 \u0161eimos nuotykius ir surasti atsakymus \u012f tokius klausimus: \u2013 Ar virtinius su bra\u0161ki\u0173 u\u017epilu galima kramsnoti","breadcrumb":{"@id":"https:\/\/skaitytaknyga.lt\/produktas\/mandagumo-pamokeles-etiketas-vaikams\/#breadcrumb"},"inLanguage":"en-GB","potentialAction":[{"@type":"ReadAction","target":["https:\/\/skaitytaknyga.lt\/produktas\/mandagumo-pamokeles-etiketas-vaikams\/"]}]},{"@type":"ImageObject","inLanguage":"en-GB","@id":"https:\/\/skaitytaknyga.lt\/produktas\/mandagumo-pamokeles-etiketas-vaikams\/#primaryimage","url":"https:\/\/skaitytaknyga.lt\/wp-content\/uploads\/2025\/07\/Mandagumo-pamokeles-etiketas-vaikams-1.webp","contentUrl":"https:\/\/skaitytaknyga.lt\/wp-content\/uploads\/2025\/07\/Mandagumo-pamokeles-etiketas-vaikams-1.webp","width":564,"height":801,"caption":"Mandagumo pamok\u0117l\u0117s: etiketas vaikams"},{"@type":"BreadcrumbList","@id":"https:\/\/skaitytaknyga.lt\/produktas\/mandagumo-pamokeles-etiketas-vaikams\/#breadcrumb","itemListElement":[{"@type":"ListItem","position":1,"name":"Home","item":"https:\/\/skaitytaknyga.lt\/"},{"@type":"ListItem","position":2,"name":"Parduotuv\u0117","item":"https:\/\/skaitytaknyga.lt\/knygu-parduotuve\/"},{"@type":"ListItem","position":3,"name":"Mandagumo pamok\u0117l\u0117s: etiketas vaikams"}]},{"@type":"WebSite","@id":"https:\/\/skaitytaknyga.lt\/#website","url":"https:\/\/skaitytaknyga.lt\/","name":"skaitytaknyga.lt","description":"Skaitytaknyga.lt \u2013 tai ma\u017eas \u0161eimos verslas, kuris prasid\u0117jo nuo meil\u0117s knygoms ir siekio i\u0161gelb\u0117ti knygas nuo likimo prie konteinerio. Kas vienam nereikalingas daiktas \u2013 kitam lobis, o mes esame tarpininkai, kurie padeda abiems tapti laimingesniems ???? \u017dinome kaip nelengva i\u0161gyventi ma\u017eiems verslams, tad nuo \u0161iol, \u010dia rasite ir kit\u0173, ma\u017e\u0173 \u0161eim\u0173 versl\u0173, rank\u0173 darbo, dovan\u0173 sau ir artimiesiems.","publisher":{"@id":"https:\/\/skaitytaknyga.lt\/#organization"},"potentialAction":[{"@type":"SearchAction","target":{"@type":"EntryPoint","urlTemplate":"https:\/\/skaitytaknyga.lt\/?s={search_term_string}"},"query-input":{"@type":"PropertyValueSpecification","valueRequired":true,"valueName":"search_term_string"}}],"inLanguage":"en-GB"},{"@type":"Organization","@id":"https:\/\/skaitytaknyga.lt\/#organization","name":"skaitytaknyga.lt","url":"https:\/\/skaitytaknyga.lt\/","logo":{"@type":"ImageObject","inLanguage":"en-GB","@id":"https:\/\/skaitytaknyga.lt\/#\/schema\/logo\/image\/","url":"https:\/\/skaitytaknyga.lt\/wp-content\/uploads\/2024\/05\/cropped-cropped-cropped-02_00843_jt3bggkj1j3HLc7SyY6rEUpg.jpeg","contentUrl":"https:\/\/skaitytaknyga.lt\/wp-content\/uploads\/2024\/05\/cropped-cropped-cropped-02_00843_jt3bggkj1j3HLc7SyY6rEUpg.jpeg","width":1600,"height":1600,"caption":"skaitytaknyga.lt"},"image":{"@id":"https:\/\/skaitytaknyga.lt\/#\/schema\/logo\/image\/"},"sameAs":["https:\/\/www.facebook.com\/skaitytaknyga\/"]}]}},"_links":{"self":[{"href":"https:\/\/skaitytaknyga.lt\/en\/wp-json\/wp\/v2\/product\/19988","targetHints":{"allow":["GET"]}}],"collection":[{"href":"https:\/\/skaitytaknyga.lt\/en\/wp-json\/wp\/v2\/product"}],"about":[{"href":"https:\/\/skaitytaknyga.lt\/en\/wp-json\/wp\/v2\/types\/product"}],"replies":[{"embeddable":true,"href":"https:\/\/skaitytaknyga.lt\/en\/wp-json\/wp\/v2\/comments?post=19988"}],"wp:featuredmedia":[{"embeddable":true,"href":"https:\/\/skaitytaknyga.lt\/en\/wp-json\/wp\/v2\/media\/19989"}],"wp:attachment":[{"href":"https:\/\/skaitytaknyga.lt\/en\/wp-json\/wp\/v2\/media?parent=19988"}],"wp:term":[{"taxonomy":"product_brand","embeddable":true,"href":"https:\/\/skaitytaknyga.lt\/en\/wp-json\/wp\/v2\/product_brand?post=19988"},{"taxonomy":"product_cat","embeddable":true,"href":"https:\/\/skaitytaknyga.lt\/en\/wp-json\/wp\/v2\/product_cat?post=19988"},{"taxonomy":"product_tag","embeddable":true,"href":"https:\/\/skaitytaknyga.lt\/en\/wp-json\/wp\/v2\/product_tag?post=19988"}],"curies":[{"name":"wp","href":"https:\/\/api.w.org\/{rel}","templated":true}]}}