{"id":19981,"date":"2025-07-29T09:07:00","date_gmt":"2025-07-29T06:07:00","guid":{"rendered":"https:\/\/skaitytaknyga.lt\/?post_type=product&#038;p=19981"},"modified":"2025-08-01T08:32:11","modified_gmt":"2025-08-01T05:32:11","slug":"mano-draugas-paukstelis","status":"publish","type":"product","link":"https:\/\/skaitytaknyga.lt\/en\/produktas\/mano-draugas-paukstelis\/","title":{"rendered":"Mano draugas Pauk\u0161telis"},"content":{"rendered":"<p>Ma\u017eas, bet labai protingas miesto berniukas \u0161ioje knygoje pasakoja apie pauk\u0161tel\u012f. Labai daug pasakoja: pauk\u0161telis es\u0105s ir chemikas, ir alchemikas, turi kosmonauto siel\u0105, groja gitara, kartais paskambina telefonu\u2026 Tad imi ir suabejoji \u2013 ar jis pauk\u0161telis, ar \u017emogus?<\/p>\n<p>\u017dinoma, jaunoji dailinink\u0117 ir ra\u0161ytoja toki\u0105 abejon\u0119  sukuria specialiai \u2013 m\u012fslingumas, paslaptis \u0161i\u0105 knyg\u0105, kaip ir bet kok\u012f kit\u0105 meno k\u016brin\u012f, daro tik \u012fdomesn\u0119.<\/p>\n<p>Vis d\u0117lto neabejotina, kad \u0161io k\u016brinio \u017eod\u017eiai ir spalvos skleid\u017eia artumo poreik\u012f, draugyst\u0117s jausm\u0105, harmonijos, arba darnos, ilges\u012f. O harmonija \u2013 \u201etoks pauk\u0161tis, kurio \u0161irdis ir protas gieda vien\u0105 giesm\u0119\u201c.<\/p>\n<p>Pauk\u0161telis &#8211; muzikantas, poetas, kai verkia &#8211; tampa permatomas, kai m\u0105sto &#8211; stovi ant k\u0117d\u0117s.<\/p>\n","protected":false},"excerpt":{"rendered":"<p>Ma\u017eas, bet labai protingas miesto berniukas \u0161ioje knygoje pasakoja apie pauk\u0161tel\u012f. Labai daug pasakoja: pauk\u0161telis es\u0105s ir chemikas, ir alchemikas, turi kosmonauto siel\u0105, groja gitara, kartais paskambina telefonu\u2026 Tad imi ir suabejoji \u2013 ar jis pauk\u0161telis, ar \u017emogus? \u017dinoma, jaunoji dailinink\u0117 ir ra\u0161ytoja toki\u0105 abejon\u0119 sukuria specialiai \u2013 m\u012fslingumas, paslaptis \u0161i\u0105 knyg\u0105, kaip ir bet kok\u012f kit\u0105 meno k\u016brin\u012f, daro tik \u012fdomesn\u0119. Vis d\u0117lto neabejotina, kad \u0161io k\u016brinio \u017eod\u017eiai ir spalvos skleid\u017eia artumo poreik\u012f, draugyst\u0117s jausm\u0105, harmonijos, arba darnos, ilges\u012f. O harmonija \u2013 \u201etoks pauk\u0161tis, kurio \u0161irdis ir protas gieda vien\u0105 giesm\u0119\u201c. Pauk\u0161telis &#8211; muzikantas, poetas, kai verkia &#8211; tampa permatomas, kai m\u0105sto &#8211; stovi ant k\u0117d\u0117s.<\/p>\n","protected":false},"featured_media":19987,"comment_status":"open","ping_status":"closed","template":"","meta":{"_acf_changed":false,"site-sidebar-layout":"default","site-content-layout":"","ast-site-content-layout":"default","site-content-style":"default","site-sidebar-style":"default","ast-global-header-display":"","ast-banner-title-visibility":"","ast-main-header-display":"","ast-hfb-above-header-display":"","ast-hfb-below-header-display":"","ast-hfb-mobile-header-display":"","site-post-title":"","ast-breadcrumbs-content":"","ast-featured-img":"","footer-sml-layout":"","ast-disable-related-posts":"","theme-transparent-header-meta":"","adv-header-id-meta":"","stick-header-meta":"","header-above-stick-meta":"","header-main-stick-meta":"","header-below-stick-meta":"","astra-migrate-meta-layouts":"default","ast-page-background-enabled":"default","ast-page-background-meta":{"desktop":{"background-color":"","background-image":"","background-repeat":"repeat","background-position":"center center","background-size":"auto","background-attachment":"scroll","background-type":"","background-media":"","overlay-type":"","overlay-color":"","overlay-opacity":"","overlay-gradient":""},"tablet":{"background-color":"","background-image":"","background-repeat":"repeat","background-position":"center center","background-size":"auto","background-attachment":"scroll","background-type":"","background-media":"","overlay-type":"","overlay-color":"","overlay-opacity":"","overlay-gradient":""},"mobile":{"background-color":"","background-image":"","background-repeat":"repeat","background-position":"center center","background-size":"auto","background-attachment":"scroll","background-type":"","background-media":"","overlay-type":"","overlay-color":"","overlay-opacity":"","overlay-gradient":""}},"ast-content-background-meta":{"desktop":{"background-color":"var(--ast-global-color-4)","background-image":"","background-repeat":"repeat","background-position":"center center","background-size":"auto","background-attachment":"scroll","background-type":"","background-media":"","overlay-type":"","overlay-color":"","overlay-opacity":"","overlay-gradient":""},"tablet":{"background-color":"var(--ast-global-color-4)","background-image":"","background-repeat":"repeat","background-position":"center center","background-size":"auto","background-attachment":"scroll","background-type":"","background-media":"","overlay-type":"","overlay-color":"","overlay-opacity":"","overlay-gradient":""},"mobile":{"background-color":"var(--ast-global-color-4)","background-image":"","background-repeat":"repeat","background-position":"center center","background-size":"auto","background-attachment":"scroll","background-type":"","background-media":"","overlay-type":"","overlay-color":"","overlay-opacity":"","overlay-gradient":""}}},"product_brand":[],"product_cat":[35],"product_tag":[7171,7170,1647,1900,7174,7172,7175,7169,6025,7173],"class_list":{"0":"post-19981","1":"product","2":"type-product","3":"status-publish","4":"has-post-thumbnail","6":"product_cat-vaikams-ir-paaugliams","7":"product_tag-alchemikas","8":"product_tag-chemikas","9":"product_tag-draugyste","10":"product_tag-gitara","11":"product_tag-harmonija","12":"product_tag-kosmonautas","13":"product_tag-muzikantas","14":"product_tag-paukstelis","15":"product_tag-poetas","16":"product_tag-telefonas","17":"desktop-align-left","18":"tablet-align-left","19":"mobile-align-left","21":"first","22":"instock","23":"shipping-taxable","24":"purchasable","25":"product-type-simple"},"acf":[],"yoast_head":"<!-- This site is optimized with the Yoast SEO plugin v27.0 - https:\/\/yoast.com\/product\/yoast-seo-wordpress\/ -->\n<title>Mano draugas Pauk\u0161telis<\/title>\n<meta name=\"description\" content=\"Ma\u017eas, bet labai protingas miesto berniukas \u0161ioje knygoje pasakoja apie pauk\u0161tel\u012f. Labai daug pasakoja: pauk\u0161telis es\u0105s ir chemikas, ir alchemikas, turi\" \/>\n<meta name=\"robots\" content=\"index, follow, max-snippet:-1, max-image-preview:large, max-video-preview:-1\" \/>\n<link rel=\"canonical\" href=\"https:\/\/skaitytaknyga.lt\/en\/produktas\/mano-draugas-paukstelis\/\" \/>\n<meta property=\"og:locale\" content=\"en_GB\" \/>\n<meta property=\"og:locale:alternate\" content=\"lt_LT\" \/>\n<meta property=\"og:type\" content=\"article\" \/>\n<meta property=\"og:title\" content=\"Mano draugas Pauk\u0161telis\" \/>\n<meta property=\"og:description\" content=\"Ma\u017eas, bet labai protingas miesto berniukas \u0161ioje knygoje pasakoja apie pauk\u0161tel\u012f. Labai daug pasakoja: pauk\u0161telis es\u0105s ir chemikas, ir alchemikas, turi\" \/>\n<meta property=\"og:url\" content=\"https:\/\/skaitytaknyga.lt\/en\/produktas\/mano-draugas-paukstelis\/\" \/>\n<meta property=\"og:site_name\" content=\"Skaitytaknyga\" \/>\n<meta property=\"article:publisher\" content=\"https:\/\/www.facebook.com\/skaitytaknyga\/\" \/>\n<meta property=\"article:modified_time\" content=\"2025-08-01T05:32:11+00:00\" \/>\n<meta property=\"og:image\" content=\"https:\/\/skaitytaknyga.lt\/wp-content\/uploads\/2025\/07\/Mano-draugas-Paukstelis-1.webp\" \/>\n\t<meta property=\"og:image:width\" content=\"608\" \/>\n\t<meta property=\"og:image:height\" content=\"728\" \/>\n\t<meta property=\"og:image:type\" content=\"image\/webp\" \/>\n<meta name=\"twitter:card\" content=\"summary_large_image\" \/>\n<meta name=\"twitter:label1\" content=\"Estimated reading time\" \/>\n\t<meta name=\"twitter:data1\" content=\"1 minute\" \/>\n<script type=\"application\/ld+json\" class=\"yoast-schema-graph\">{\"@context\":\"https:\/\/schema.org\",\"@graph\":[{\"@type\":\"WebPage\",\"@id\":\"https:\/\/skaitytaknyga.lt\/produktas\/mano-draugas-paukstelis\/\",\"url\":\"https:\/\/skaitytaknyga.lt\/produktas\/mano-draugas-paukstelis\/\",\"name\":\"Mano draugas Pauk\u0161telis\",\"isPartOf\":{\"@id\":\"https:\/\/skaitytaknyga.lt\/#website\"},\"primaryImageOfPage\":{\"@id\":\"https:\/\/skaitytaknyga.lt\/produktas\/mano-draugas-paukstelis\/#primaryimage\"},\"image\":{\"@id\":\"https:\/\/skaitytaknyga.lt\/produktas\/mano-draugas-paukstelis\/#primaryimage\"},\"thumbnailUrl\":\"https:\/\/skaitytaknyga.lt\/wp-content\/uploads\/2025\/07\/Mano-draugas-Paukstelis-1.webp\",\"datePublished\":\"2025-07-29T06:07:00+00:00\",\"dateModified\":\"2025-08-01T05:32:11+00:00\",\"description\":\"Ma\u017eas, bet labai protingas miesto berniukas \u0161ioje knygoje pasakoja apie pauk\u0161tel\u012f. Labai daug pasakoja: pauk\u0161telis es\u0105s ir chemikas, ir alchemikas, turi\",\"breadcrumb\":{\"@id\":\"https:\/\/skaitytaknyga.lt\/produktas\/mano-draugas-paukstelis\/#breadcrumb\"},\"inLanguage\":\"en-GB\",\"potentialAction\":[{\"@type\":\"ReadAction\",\"target\":[\"https:\/\/skaitytaknyga.lt\/produktas\/mano-draugas-paukstelis\/\"]}]},{\"@type\":\"ImageObject\",\"inLanguage\":\"en-GB\",\"@id\":\"https:\/\/skaitytaknyga.lt\/produktas\/mano-draugas-paukstelis\/#primaryimage\",\"url\":\"https:\/\/skaitytaknyga.lt\/wp-content\/uploads\/2025\/07\/Mano-draugas-Paukstelis-1.webp\",\"contentUrl\":\"https:\/\/skaitytaknyga.lt\/wp-content\/uploads\/2025\/07\/Mano-draugas-Paukstelis-1.webp\",\"width\":608,\"height\":728,\"caption\":\"Mano draugas Pauk\u0161telis\"},{\"@type\":\"BreadcrumbList\",\"@id\":\"https:\/\/skaitytaknyga.lt\/produktas\/mano-draugas-paukstelis\/#breadcrumb\",\"itemListElement\":[{\"@type\":\"ListItem\",\"position\":1,\"name\":\"Home\",\"item\":\"https:\/\/skaitytaknyga.lt\/\"},{\"@type\":\"ListItem\",\"position\":2,\"name\":\"Parduotuv\u0117\",\"item\":\"https:\/\/skaitytaknyga.lt\/knygu-parduotuve\/\"},{\"@type\":\"ListItem\",\"position\":3,\"name\":\"Mano draugas Pauk\u0161telis\"}]},{\"@type\":\"WebSite\",\"@id\":\"https:\/\/skaitytaknyga.lt\/#website\",\"url\":\"https:\/\/skaitytaknyga.lt\/\",\"name\":\"skaitytaknyga.lt\",\"description\":\"Skaitytaknyga.lt \u2013 tai ma\u017eas \u0161eimos verslas, kuris prasid\u0117jo nuo meil\u0117s knygoms ir siekio i\u0161gelb\u0117ti knygas nuo likimo prie konteinerio. Kas vienam nereikalingas daiktas \u2013 kitam lobis, o mes esame tarpininkai, kurie padeda abiems tapti laimingesniems ???? \u017dinome kaip nelengva i\u0161gyventi ma\u017eiems verslams, tad nuo \u0161iol, \u010dia rasite ir kit\u0173, ma\u017e\u0173 \u0161eim\u0173 versl\u0173, rank\u0173 darbo, dovan\u0173 sau ir artimiesiems.\",\"publisher\":{\"@id\":\"https:\/\/skaitytaknyga.lt\/#organization\"},\"potentialAction\":[{\"@type\":\"SearchAction\",\"target\":{\"@type\":\"EntryPoint\",\"urlTemplate\":\"https:\/\/skaitytaknyga.lt\/?s={search_term_string}\"},\"query-input\":{\"@type\":\"PropertyValueSpecification\",\"valueRequired\":true,\"valueName\":\"search_term_string\"}}],\"inLanguage\":\"en-GB\"},{\"@type\":\"Organization\",\"@id\":\"https:\/\/skaitytaknyga.lt\/#organization\",\"name\":\"skaitytaknyga.lt\",\"url\":\"https:\/\/skaitytaknyga.lt\/\",\"logo\":{\"@type\":\"ImageObject\",\"inLanguage\":\"en-GB\",\"@id\":\"https:\/\/skaitytaknyga.lt\/#\/schema\/logo\/image\/\",\"url\":\"https:\/\/skaitytaknyga.lt\/wp-content\/uploads\/2024\/05\/cropped-cropped-cropped-02_00843_jt3bggkj1j3HLc7SyY6rEUpg.jpeg\",\"contentUrl\":\"https:\/\/skaitytaknyga.lt\/wp-content\/uploads\/2024\/05\/cropped-cropped-cropped-02_00843_jt3bggkj1j3HLc7SyY6rEUpg.jpeg\",\"width\":1600,\"height\":1600,\"caption\":\"skaitytaknyga.lt\"},\"image\":{\"@id\":\"https:\/\/skaitytaknyga.lt\/#\/schema\/logo\/image\/\"},\"sameAs\":[\"https:\/\/www.facebook.com\/skaitytaknyga\/\"]}]}<\/script>\n<!-- \/ Yoast SEO plugin. -->","yoast_head_json":{"title":"Mano draugas Pauk\u0161telis","description":"Ma\u017eas, bet labai protingas miesto berniukas \u0161ioje knygoje pasakoja apie pauk\u0161tel\u012f. Labai daug pasakoja: pauk\u0161telis es\u0105s ir chemikas, ir alchemikas, turi","robots":{"index":"index","follow":"follow","max-snippet":"max-snippet:-1","max-image-preview":"max-image-preview:large","max-video-preview":"max-video-preview:-1"},"canonical":"https:\/\/skaitytaknyga.lt\/en\/produktas\/mano-draugas-paukstelis\/","og_locale":"en_GB","og_type":"article","og_title":"[:lt]Mano draugas Pauk\u0161telis[:] - Skaitytaknyga","og_description":"Ma\u017eas, bet labai protingas miesto berniukas \u0161ioje knygoje pasakoja apie pauk\u0161tel\u012f. Labai daug pasakoja: pauk\u0161telis es\u0105s ir chemikas, ir alchemikas, turi","og_url":"https:\/\/skaitytaknyga.lt\/en\/produktas\/mano-draugas-paukstelis\/","og_site_name":"Skaitytaknyga","article_publisher":"https:\/\/www.facebook.com\/skaitytaknyga\/","article_modified_time":"2025-08-01T05:32:11+00:00","og_image":[{"width":608,"height":728,"url":"https:\/\/skaitytaknyga.lt\/wp-content\/uploads\/2025\/07\/Mano-draugas-Paukstelis-1.webp","type":"image\/webp"}],"twitter_card":"summary_large_image","twitter_misc":{"Estimated reading time":"1 minute"},"schema":{"@context":"https:\/\/schema.org","@graph":[{"@type":"WebPage","@id":"https:\/\/skaitytaknyga.lt\/produktas\/mano-draugas-paukstelis\/","url":"https:\/\/skaitytaknyga.lt\/produktas\/mano-draugas-paukstelis\/","name":"Mano draugas Pauk\u0161telis","isPartOf":{"@id":"https:\/\/skaitytaknyga.lt\/#website"},"primaryImageOfPage":{"@id":"https:\/\/skaitytaknyga.lt\/produktas\/mano-draugas-paukstelis\/#primaryimage"},"image":{"@id":"https:\/\/skaitytaknyga.lt\/produktas\/mano-draugas-paukstelis\/#primaryimage"},"thumbnailUrl":"https:\/\/skaitytaknyga.lt\/wp-content\/uploads\/2025\/07\/Mano-draugas-Paukstelis-1.webp","datePublished":"2025-07-29T06:07:00+00:00","dateModified":"2025-08-01T05:32:11+00:00","description":"Ma\u017eas, bet labai protingas miesto berniukas \u0161ioje knygoje pasakoja apie pauk\u0161tel\u012f. Labai daug pasakoja: pauk\u0161telis es\u0105s ir chemikas, ir alchemikas, turi","breadcrumb":{"@id":"https:\/\/skaitytaknyga.lt\/produktas\/mano-draugas-paukstelis\/#breadcrumb"},"inLanguage":"en-GB","potentialAction":[{"@type":"ReadAction","target":["https:\/\/skaitytaknyga.lt\/produktas\/mano-draugas-paukstelis\/"]}]},{"@type":"ImageObject","inLanguage":"en-GB","@id":"https:\/\/skaitytaknyga.lt\/produktas\/mano-draugas-paukstelis\/#primaryimage","url":"https:\/\/skaitytaknyga.lt\/wp-content\/uploads\/2025\/07\/Mano-draugas-Paukstelis-1.webp","contentUrl":"https:\/\/skaitytaknyga.lt\/wp-content\/uploads\/2025\/07\/Mano-draugas-Paukstelis-1.webp","width":608,"height":728,"caption":"Mano draugas Pauk\u0161telis"},{"@type":"BreadcrumbList","@id":"https:\/\/skaitytaknyga.lt\/produktas\/mano-draugas-paukstelis\/#breadcrumb","itemListElement":[{"@type":"ListItem","position":1,"name":"Home","item":"https:\/\/skaitytaknyga.lt\/"},{"@type":"ListItem","position":2,"name":"Parduotuv\u0117","item":"https:\/\/skaitytaknyga.lt\/knygu-parduotuve\/"},{"@type":"ListItem","position":3,"name":"Mano draugas Pauk\u0161telis"}]},{"@type":"WebSite","@id":"https:\/\/skaitytaknyga.lt\/#website","url":"https:\/\/skaitytaknyga.lt\/","name":"skaitytaknyga.lt","description":"Skaitytaknyga.lt \u2013 tai ma\u017eas \u0161eimos verslas, kuris prasid\u0117jo nuo meil\u0117s knygoms ir siekio i\u0161gelb\u0117ti knygas nuo likimo prie konteinerio. Kas vienam nereikalingas daiktas \u2013 kitam lobis, o mes esame tarpininkai, kurie padeda abiems tapti laimingesniems ???? \u017dinome kaip nelengva i\u0161gyventi ma\u017eiems verslams, tad nuo \u0161iol, \u010dia rasite ir kit\u0173, ma\u017e\u0173 \u0161eim\u0173 versl\u0173, rank\u0173 darbo, dovan\u0173 sau ir artimiesiems.","publisher":{"@id":"https:\/\/skaitytaknyga.lt\/#organization"},"potentialAction":[{"@type":"SearchAction","target":{"@type":"EntryPoint","urlTemplate":"https:\/\/skaitytaknyga.lt\/?s={search_term_string}"},"query-input":{"@type":"PropertyValueSpecification","valueRequired":true,"valueName":"search_term_string"}}],"inLanguage":"en-GB"},{"@type":"Organization","@id":"https:\/\/skaitytaknyga.lt\/#organization","name":"skaitytaknyga.lt","url":"https:\/\/skaitytaknyga.lt\/","logo":{"@type":"ImageObject","inLanguage":"en-GB","@id":"https:\/\/skaitytaknyga.lt\/#\/schema\/logo\/image\/","url":"https:\/\/skaitytaknyga.lt\/wp-content\/uploads\/2024\/05\/cropped-cropped-cropped-02_00843_jt3bggkj1j3HLc7SyY6rEUpg.jpeg","contentUrl":"https:\/\/skaitytaknyga.lt\/wp-content\/uploads\/2024\/05\/cropped-cropped-cropped-02_00843_jt3bggkj1j3HLc7SyY6rEUpg.jpeg","width":1600,"height":1600,"caption":"skaitytaknyga.lt"},"image":{"@id":"https:\/\/skaitytaknyga.lt\/#\/schema\/logo\/image\/"},"sameAs":["https:\/\/www.facebook.com\/skaitytaknyga\/"]}]}},"_links":{"self":[{"href":"https:\/\/skaitytaknyga.lt\/en\/wp-json\/wp\/v2\/product\/19981","targetHints":{"allow":["GET"]}}],"collection":[{"href":"https:\/\/skaitytaknyga.lt\/en\/wp-json\/wp\/v2\/product"}],"about":[{"href":"https:\/\/skaitytaknyga.lt\/en\/wp-json\/wp\/v2\/types\/product"}],"replies":[{"embeddable":true,"href":"https:\/\/skaitytaknyga.lt\/en\/wp-json\/wp\/v2\/comments?post=19981"}],"wp:featuredmedia":[{"embeddable":true,"href":"https:\/\/skaitytaknyga.lt\/en\/wp-json\/wp\/v2\/media\/19987"}],"wp:attachment":[{"href":"https:\/\/skaitytaknyga.lt\/en\/wp-json\/wp\/v2\/media?parent=19981"}],"wp:term":[{"taxonomy":"product_brand","embeddable":true,"href":"https:\/\/skaitytaknyga.lt\/en\/wp-json\/wp\/v2\/product_brand?post=19981"},{"taxonomy":"product_cat","embeddable":true,"href":"https:\/\/skaitytaknyga.lt\/en\/wp-json\/wp\/v2\/product_cat?post=19981"},{"taxonomy":"product_tag","embeddable":true,"href":"https:\/\/skaitytaknyga.lt\/en\/wp-json\/wp\/v2\/product_tag?post=19981"}],"curies":[{"name":"wp","href":"https:\/\/api.w.org\/{rel}","templated":true}]}}