{"id":19978,"date":"2025-07-29T09:06:59","date_gmt":"2025-07-29T06:06:59","guid":{"rendered":"https:\/\/skaitytaknyga.lt\/?post_type=product&#038;p=19978"},"modified":"2025-09-27T21:45:07","modified_gmt":"2025-09-27T18:45:07","slug":"gudriu-atsakymu-knyga-zeme-ir-visata","status":"publish","type":"product","link":"https:\/\/skaitytaknyga.lt\/en\/produktas\/gudriu-atsakymu-knyga-zeme-ir-visata\/","title":{"rendered":"Gudri\u0173 atsakym\u0173 knyga. \u017dem\u0117 ir visata"},"content":{"rendered":"<p>Kod\u0117l kei\u010diasi met\u0173 laikai? Kaip kinta M\u0117nulio forma? I\u0161 kur j\u016broje yra druskos? 150 klausim\u0173, kurie tau gali i\u0161kilti, ir \u012f kuriuos da\u017enai nelabai kas sugeb\u0117s atsakyti. \u0160ias m\u012fsles apie m\u016bs\u0173 \u017dem\u0117s stebuklus ir neapr\u0117piamas kosmoso tolyb\u0117s tau pad\u0117s \u012fminti gudri\u0173 atsakym\u0173 knyga, kurioje gausu spalvot\u0173 fotografij\u0173 ir iliustracij\u0173.<\/p>\n","protected":false},"excerpt":{"rendered":"<p>Kod\u0117l kei\u010diasi met\u0173 laikai? Kaip kinta M\u0117nulio forma? I\u0161 kur j\u016broje yra druskos? 150 klausim\u0173, kurie tau gali i\u0161kilti, ir \u012f kuriuos da\u017enai nelabai kas sugeb\u0117s atsakyti. \u0160ias m\u012fsles apie m\u016bs\u0173 \u017dem\u0117s stebuklus ir neapr\u0117piamas kosmoso tolyb\u0117s tau pad\u0117s \u012fminti gudri\u0173 atsakym\u0173 knyga, kurioje gausu spalvot\u0173 fotografij\u0173 ir iliustracij\u0173.<\/p>\n","protected":false},"featured_media":19984,"comment_status":"open","ping_status":"closed","template":"","meta":{"_acf_changed":false,"site-sidebar-layout":"default","site-content-layout":"","ast-site-content-layout":"default","site-content-style":"default","site-sidebar-style":"default","ast-global-header-display":"","ast-banner-title-visibility":"","ast-main-header-display":"","ast-hfb-above-header-display":"","ast-hfb-below-header-display":"","ast-hfb-mobile-header-display":"","site-post-title":"","ast-breadcrumbs-content":"","ast-featured-img":"","footer-sml-layout":"","ast-disable-related-posts":"","theme-transparent-header-meta":"","adv-header-id-meta":"","stick-header-meta":"","header-above-stick-meta":"","header-main-stick-meta":"","header-below-stick-meta":"","astra-migrate-meta-layouts":"default","ast-page-background-enabled":"default","ast-page-background-meta":{"desktop":{"background-color":"","background-image":"","background-repeat":"repeat","background-position":"center center","background-size":"auto","background-attachment":"scroll","background-type":"","background-media":"","overlay-type":"","overlay-color":"","overlay-opacity":"","overlay-gradient":""},"tablet":{"background-color":"","background-image":"","background-repeat":"repeat","background-position":"center center","background-size":"auto","background-attachment":"scroll","background-type":"","background-media":"","overlay-type":"","overlay-color":"","overlay-opacity":"","overlay-gradient":""},"mobile":{"background-color":"","background-image":"","background-repeat":"repeat","background-position":"center center","background-size":"auto","background-attachment":"scroll","background-type":"","background-media":"","overlay-type":"","overlay-color":"","overlay-opacity":"","overlay-gradient":""}},"ast-content-background-meta":{"desktop":{"background-color":"var(--ast-global-color-4)","background-image":"","background-repeat":"repeat","background-position":"center center","background-size":"auto","background-attachment":"scroll","background-type":"","background-media":"","overlay-type":"","overlay-color":"","overlay-opacity":"","overlay-gradient":""},"tablet":{"background-color":"var(--ast-global-color-4)","background-image":"","background-repeat":"repeat","background-position":"center center","background-size":"auto","background-attachment":"scroll","background-type":"","background-media":"","overlay-type":"","overlay-color":"","overlay-opacity":"","overlay-gradient":""},"mobile":{"background-color":"var(--ast-global-color-4)","background-image":"","background-repeat":"repeat","background-position":"center center","background-size":"auto","background-attachment":"scroll","background-type":"","background-media":"","overlay-type":"","overlay-color":"","overlay-opacity":"","overlay-gradient":""}}},"product_brand":[],"product_cat":[35],"product_tag":[7162,7163,1802,7164,7161,1982,3808,4559,5519,5589],"class_list":{"0":"post-19978","1":"product","2":"type-product","3":"status-publish","4":"has-post-thumbnail","6":"product_cat-vaikams-ir-paaugliams","7":"product_tag-druska","8":"product_tag-fotografijos","9":"product_tag-gamta","10":"product_tag-gamtos-paslaptys","11":"product_tag-gudriu-atsakymu-knyga","12":"product_tag-iliustracijos","13":"product_tag-kosmosas","14":"product_tag-menulis","15":"product_tag-metu-laikai","16":"product_tag-misles","17":"desktop-align-left","18":"tablet-align-left","19":"mobile-align-left","21":"first","22":"outofstock","23":"shipping-taxable","24":"purchasable","25":"product-type-simple"},"acf":[],"yoast_head":"<!-- This site is optimized with the Yoast SEO plugin v27.0 - https:\/\/yoast.com\/product\/yoast-seo-wordpress\/ -->\n<title>Gudri\u0173 atsakym\u0173 knyga. \u017dem\u0117 ir visata<\/title>\n<meta name=\"description\" content=\"Kod\u0117l kei\u010diasi met\u0173 laikai? Kaip kinta M\u0117nulio forma? I\u0161 kur j\u016broje yra druskos? 150 klausim\u0173, kurie tau gali i\u0161kilti, ir \u012f kuriuos da\u017enai nelabai kas\" \/>\n<meta name=\"robots\" content=\"index, follow, max-snippet:-1, max-image-preview:large, max-video-preview:-1\" \/>\n<link rel=\"canonical\" href=\"https:\/\/skaitytaknyga.lt\/en\/produktas\/gudriu-atsakymu-knyga-zeme-ir-visata\/\" \/>\n<meta property=\"og:locale\" content=\"en_GB\" \/>\n<meta property=\"og:locale:alternate\" content=\"lt_LT\" \/>\n<meta property=\"og:type\" content=\"article\" \/>\n<meta property=\"og:title\" content=\"Gudri\u0173 atsakym\u0173 knyga. \u017dem\u0117 ir visata\" \/>\n<meta property=\"og:description\" content=\"Kod\u0117l kei\u010diasi met\u0173 laikai? Kaip kinta M\u0117nulio forma? I\u0161 kur j\u016broje yra druskos? 150 klausim\u0173, kurie tau gali i\u0161kilti, ir \u012f kuriuos da\u017enai nelabai kas\" \/>\n<meta property=\"og:url\" content=\"https:\/\/skaitytaknyga.lt\/en\/produktas\/gudriu-atsakymu-knyga-zeme-ir-visata\/\" \/>\n<meta property=\"og:site_name\" content=\"Skaitytaknyga\" \/>\n<meta property=\"article:publisher\" content=\"https:\/\/www.facebook.com\/skaitytaknyga\/\" \/>\n<meta property=\"article:modified_time\" content=\"2025-09-27T18:45:07+00:00\" \/>\n<meta property=\"og:image\" content=\"https:\/\/skaitytaknyga.lt\/wp-content\/uploads\/2025\/07\/Gudriu-atsakymu-knyga.-Zeme-ir-visata-1.webp\" \/>\n\t<meta property=\"og:image:width\" content=\"582\" \/>\n\t<meta property=\"og:image:height\" content=\"801\" \/>\n\t<meta property=\"og:image:type\" content=\"image\/webp\" \/>\n<meta name=\"twitter:card\" content=\"summary_large_image\" \/>\n<script type=\"application\/ld+json\" class=\"yoast-schema-graph\">{\"@context\":\"https:\/\/schema.org\",\"@graph\":[{\"@type\":\"WebPage\",\"@id\":\"https:\/\/skaitytaknyga.lt\/produktas\/gudriu-atsakymu-knyga-zeme-ir-visata\/\",\"url\":\"https:\/\/skaitytaknyga.lt\/produktas\/gudriu-atsakymu-knyga-zeme-ir-visata\/\",\"name\":\"Gudri\u0173 atsakym\u0173 knyga. \u017dem\u0117 ir visata\",\"isPartOf\":{\"@id\":\"https:\/\/skaitytaknyga.lt\/#website\"},\"primaryImageOfPage\":{\"@id\":\"https:\/\/skaitytaknyga.lt\/produktas\/gudriu-atsakymu-knyga-zeme-ir-visata\/#primaryimage\"},\"image\":{\"@id\":\"https:\/\/skaitytaknyga.lt\/produktas\/gudriu-atsakymu-knyga-zeme-ir-visata\/#primaryimage\"},\"thumbnailUrl\":\"https:\/\/skaitytaknyga.lt\/wp-content\/uploads\/2025\/07\/Gudriu-atsakymu-knyga.-Zeme-ir-visata-1.webp\",\"datePublished\":\"2025-07-29T06:06:59+00:00\",\"dateModified\":\"2025-09-27T18:45:07+00:00\",\"description\":\"Kod\u0117l kei\u010diasi met\u0173 laikai? Kaip kinta M\u0117nulio forma? I\u0161 kur j\u016broje yra druskos? 150 klausim\u0173, kurie tau gali i\u0161kilti, ir \u012f kuriuos da\u017enai nelabai kas\",\"breadcrumb\":{\"@id\":\"https:\/\/skaitytaknyga.lt\/produktas\/gudriu-atsakymu-knyga-zeme-ir-visata\/#breadcrumb\"},\"inLanguage\":\"en-GB\",\"potentialAction\":[{\"@type\":\"ReadAction\",\"target\":[\"https:\/\/skaitytaknyga.lt\/produktas\/gudriu-atsakymu-knyga-zeme-ir-visata\/\"]}]},{\"@type\":\"ImageObject\",\"inLanguage\":\"en-GB\",\"@id\":\"https:\/\/skaitytaknyga.lt\/produktas\/gudriu-atsakymu-knyga-zeme-ir-visata\/#primaryimage\",\"url\":\"https:\/\/skaitytaknyga.lt\/wp-content\/uploads\/2025\/07\/Gudriu-atsakymu-knyga.-Zeme-ir-visata-1.webp\",\"contentUrl\":\"https:\/\/skaitytaknyga.lt\/wp-content\/uploads\/2025\/07\/Gudriu-atsakymu-knyga.-Zeme-ir-visata-1.webp\",\"width\":582,\"height\":801,\"caption\":\"Gudri\u0173 atsakym\u0173 knyga. \u017dem\u0117 ir visata\"},{\"@type\":\"BreadcrumbList\",\"@id\":\"https:\/\/skaitytaknyga.lt\/produktas\/gudriu-atsakymu-knyga-zeme-ir-visata\/#breadcrumb\",\"itemListElement\":[{\"@type\":\"ListItem\",\"position\":1,\"name\":\"Home\",\"item\":\"https:\/\/skaitytaknyga.lt\/\"},{\"@type\":\"ListItem\",\"position\":2,\"name\":\"Parduotuv\u0117\",\"item\":\"https:\/\/skaitytaknyga.lt\/knygu-parduotuve\/\"},{\"@type\":\"ListItem\",\"position\":3,\"name\":\"Gudri\u0173 atsakym\u0173 knyga. \u017dem\u0117 ir visata\"}]},{\"@type\":\"WebSite\",\"@id\":\"https:\/\/skaitytaknyga.lt\/#website\",\"url\":\"https:\/\/skaitytaknyga.lt\/\",\"name\":\"skaitytaknyga.lt\",\"description\":\"Skaitytaknyga.lt \u2013 tai ma\u017eas \u0161eimos verslas, kuris prasid\u0117jo nuo meil\u0117s knygoms ir siekio i\u0161gelb\u0117ti knygas nuo likimo prie konteinerio. Kas vienam nereikalingas daiktas \u2013 kitam lobis, o mes esame tarpininkai, kurie padeda abiems tapti laimingesniems ???? \u017dinome kaip nelengva i\u0161gyventi ma\u017eiems verslams, tad nuo \u0161iol, \u010dia rasite ir kit\u0173, ma\u017e\u0173 \u0161eim\u0173 versl\u0173, rank\u0173 darbo, dovan\u0173 sau ir artimiesiems.\",\"publisher\":{\"@id\":\"https:\/\/skaitytaknyga.lt\/#organization\"},\"potentialAction\":[{\"@type\":\"SearchAction\",\"target\":{\"@type\":\"EntryPoint\",\"urlTemplate\":\"https:\/\/skaitytaknyga.lt\/?s={search_term_string}\"},\"query-input\":{\"@type\":\"PropertyValueSpecification\",\"valueRequired\":true,\"valueName\":\"search_term_string\"}}],\"inLanguage\":\"en-GB\"},{\"@type\":\"Organization\",\"@id\":\"https:\/\/skaitytaknyga.lt\/#organization\",\"name\":\"skaitytaknyga.lt\",\"url\":\"https:\/\/skaitytaknyga.lt\/\",\"logo\":{\"@type\":\"ImageObject\",\"inLanguage\":\"en-GB\",\"@id\":\"https:\/\/skaitytaknyga.lt\/#\/schema\/logo\/image\/\",\"url\":\"https:\/\/skaitytaknyga.lt\/wp-content\/uploads\/2024\/05\/cropped-cropped-cropped-02_00843_jt3bggkj1j3HLc7SyY6rEUpg.jpeg\",\"contentUrl\":\"https:\/\/skaitytaknyga.lt\/wp-content\/uploads\/2024\/05\/cropped-cropped-cropped-02_00843_jt3bggkj1j3HLc7SyY6rEUpg.jpeg\",\"width\":1600,\"height\":1600,\"caption\":\"skaitytaknyga.lt\"},\"image\":{\"@id\":\"https:\/\/skaitytaknyga.lt\/#\/schema\/logo\/image\/\"},\"sameAs\":[\"https:\/\/www.facebook.com\/skaitytaknyga\/\"]}]}<\/script>\n<!-- \/ Yoast SEO plugin. -->","yoast_head_json":{"title":"Gudri\u0173 atsakym\u0173 knyga. \u017dem\u0117 ir visata","description":"Kod\u0117l kei\u010diasi met\u0173 laikai? Kaip kinta M\u0117nulio forma? I\u0161 kur j\u016broje yra druskos? 150 klausim\u0173, kurie tau gali i\u0161kilti, ir \u012f kuriuos da\u017enai nelabai kas","robots":{"index":"index","follow":"follow","max-snippet":"max-snippet:-1","max-image-preview":"max-image-preview:large","max-video-preview":"max-video-preview:-1"},"canonical":"https:\/\/skaitytaknyga.lt\/en\/produktas\/gudriu-atsakymu-knyga-zeme-ir-visata\/","og_locale":"en_GB","og_type":"article","og_title":"[:lt]Gudri\u0173 atsakym\u0173 knyga. \u017dem\u0117 ir visata[:] - Skaitytaknyga","og_description":"Kod\u0117l kei\u010diasi met\u0173 laikai? Kaip kinta M\u0117nulio forma? I\u0161 kur j\u016broje yra druskos? 150 klausim\u0173, kurie tau gali i\u0161kilti, ir \u012f kuriuos da\u017enai nelabai kas","og_url":"https:\/\/skaitytaknyga.lt\/en\/produktas\/gudriu-atsakymu-knyga-zeme-ir-visata\/","og_site_name":"Skaitytaknyga","article_publisher":"https:\/\/www.facebook.com\/skaitytaknyga\/","article_modified_time":"2025-09-27T18:45:07+00:00","og_image":[{"width":582,"height":801,"url":"https:\/\/skaitytaknyga.lt\/wp-content\/uploads\/2025\/07\/Gudriu-atsakymu-knyga.-Zeme-ir-visata-1.webp","type":"image\/webp"}],"twitter_card":"summary_large_image","schema":{"@context":"https:\/\/schema.org","@graph":[{"@type":"WebPage","@id":"https:\/\/skaitytaknyga.lt\/produktas\/gudriu-atsakymu-knyga-zeme-ir-visata\/","url":"https:\/\/skaitytaknyga.lt\/produktas\/gudriu-atsakymu-knyga-zeme-ir-visata\/","name":"Gudri\u0173 atsakym\u0173 knyga. \u017dem\u0117 ir visata","isPartOf":{"@id":"https:\/\/skaitytaknyga.lt\/#website"},"primaryImageOfPage":{"@id":"https:\/\/skaitytaknyga.lt\/produktas\/gudriu-atsakymu-knyga-zeme-ir-visata\/#primaryimage"},"image":{"@id":"https:\/\/skaitytaknyga.lt\/produktas\/gudriu-atsakymu-knyga-zeme-ir-visata\/#primaryimage"},"thumbnailUrl":"https:\/\/skaitytaknyga.lt\/wp-content\/uploads\/2025\/07\/Gudriu-atsakymu-knyga.-Zeme-ir-visata-1.webp","datePublished":"2025-07-29T06:06:59+00:00","dateModified":"2025-09-27T18:45:07+00:00","description":"Kod\u0117l kei\u010diasi met\u0173 laikai? Kaip kinta M\u0117nulio forma? I\u0161 kur j\u016broje yra druskos? 150 klausim\u0173, kurie tau gali i\u0161kilti, ir \u012f kuriuos da\u017enai nelabai kas","breadcrumb":{"@id":"https:\/\/skaitytaknyga.lt\/produktas\/gudriu-atsakymu-knyga-zeme-ir-visata\/#breadcrumb"},"inLanguage":"en-GB","potentialAction":[{"@type":"ReadAction","target":["https:\/\/skaitytaknyga.lt\/produktas\/gudriu-atsakymu-knyga-zeme-ir-visata\/"]}]},{"@type":"ImageObject","inLanguage":"en-GB","@id":"https:\/\/skaitytaknyga.lt\/produktas\/gudriu-atsakymu-knyga-zeme-ir-visata\/#primaryimage","url":"https:\/\/skaitytaknyga.lt\/wp-content\/uploads\/2025\/07\/Gudriu-atsakymu-knyga.-Zeme-ir-visata-1.webp","contentUrl":"https:\/\/skaitytaknyga.lt\/wp-content\/uploads\/2025\/07\/Gudriu-atsakymu-knyga.-Zeme-ir-visata-1.webp","width":582,"height":801,"caption":"Gudri\u0173 atsakym\u0173 knyga. \u017dem\u0117 ir visata"},{"@type":"BreadcrumbList","@id":"https:\/\/skaitytaknyga.lt\/produktas\/gudriu-atsakymu-knyga-zeme-ir-visata\/#breadcrumb","itemListElement":[{"@type":"ListItem","position":1,"name":"Home","item":"https:\/\/skaitytaknyga.lt\/"},{"@type":"ListItem","position":2,"name":"Parduotuv\u0117","item":"https:\/\/skaitytaknyga.lt\/knygu-parduotuve\/"},{"@type":"ListItem","position":3,"name":"Gudri\u0173 atsakym\u0173 knyga. \u017dem\u0117 ir visata"}]},{"@type":"WebSite","@id":"https:\/\/skaitytaknyga.lt\/#website","url":"https:\/\/skaitytaknyga.lt\/","name":"skaitytaknyga.lt","description":"Skaitytaknyga.lt \u2013 tai ma\u017eas \u0161eimos verslas, kuris prasid\u0117jo nuo meil\u0117s knygoms ir siekio i\u0161gelb\u0117ti knygas nuo likimo prie konteinerio. Kas vienam nereikalingas daiktas \u2013 kitam lobis, o mes esame tarpininkai, kurie padeda abiems tapti laimingesniems ???? \u017dinome kaip nelengva i\u0161gyventi ma\u017eiems verslams, tad nuo \u0161iol, \u010dia rasite ir kit\u0173, ma\u017e\u0173 \u0161eim\u0173 versl\u0173, rank\u0173 darbo, dovan\u0173 sau ir artimiesiems.","publisher":{"@id":"https:\/\/skaitytaknyga.lt\/#organization"},"potentialAction":[{"@type":"SearchAction","target":{"@type":"EntryPoint","urlTemplate":"https:\/\/skaitytaknyga.lt\/?s={search_term_string}"},"query-input":{"@type":"PropertyValueSpecification","valueRequired":true,"valueName":"search_term_string"}}],"inLanguage":"en-GB"},{"@type":"Organization","@id":"https:\/\/skaitytaknyga.lt\/#organization","name":"skaitytaknyga.lt","url":"https:\/\/skaitytaknyga.lt\/","logo":{"@type":"ImageObject","inLanguage":"en-GB","@id":"https:\/\/skaitytaknyga.lt\/#\/schema\/logo\/image\/","url":"https:\/\/skaitytaknyga.lt\/wp-content\/uploads\/2024\/05\/cropped-cropped-cropped-02_00843_jt3bggkj1j3HLc7SyY6rEUpg.jpeg","contentUrl":"https:\/\/skaitytaknyga.lt\/wp-content\/uploads\/2024\/05\/cropped-cropped-cropped-02_00843_jt3bggkj1j3HLc7SyY6rEUpg.jpeg","width":1600,"height":1600,"caption":"skaitytaknyga.lt"},"image":{"@id":"https:\/\/skaitytaknyga.lt\/#\/schema\/logo\/image\/"},"sameAs":["https:\/\/www.facebook.com\/skaitytaknyga\/"]}]}},"_links":{"self":[{"href":"https:\/\/skaitytaknyga.lt\/en\/wp-json\/wp\/v2\/product\/19978","targetHints":{"allow":["GET"]}}],"collection":[{"href":"https:\/\/skaitytaknyga.lt\/en\/wp-json\/wp\/v2\/product"}],"about":[{"href":"https:\/\/skaitytaknyga.lt\/en\/wp-json\/wp\/v2\/types\/product"}],"replies":[{"embeddable":true,"href":"https:\/\/skaitytaknyga.lt\/en\/wp-json\/wp\/v2\/comments?post=19978"}],"wp:featuredmedia":[{"embeddable":true,"href":"https:\/\/skaitytaknyga.lt\/en\/wp-json\/wp\/v2\/media\/19984"}],"wp:attachment":[{"href":"https:\/\/skaitytaknyga.lt\/en\/wp-json\/wp\/v2\/media?parent=19978"}],"wp:term":[{"taxonomy":"product_brand","embeddable":true,"href":"https:\/\/skaitytaknyga.lt\/en\/wp-json\/wp\/v2\/product_brand?post=19978"},{"taxonomy":"product_cat","embeddable":true,"href":"https:\/\/skaitytaknyga.lt\/en\/wp-json\/wp\/v2\/product_cat?post=19978"},{"taxonomy":"product_tag","embeddable":true,"href":"https:\/\/skaitytaknyga.lt\/en\/wp-json\/wp\/v2\/product_tag?post=19978"}],"curies":[{"name":"wp","href":"https:\/\/api.w.org\/{rel}","templated":true}]}}