{"id":19976,"date":"2025-07-29T09:06:59","date_gmt":"2025-07-29T06:06:59","guid":{"rendered":"https:\/\/skaitytaknyga.lt\/?post_type=product&#038;p=19976"},"modified":"2025-07-31T08:30:32","modified_gmt":"2025-07-31T05:30:32","slug":"lakuno-zmona","status":"publish","type":"product","link":"https:\/\/skaitytaknyga.lt\/en\/produktas\/lakuno-zmona\/","title":{"rendered":"Lak\u016bno \u017emona"},"content":{"rendered":"<p>Iki tos nakties Ketrinos gyvenimas tek\u0117jo \u012fprasta t\u0117kme jaukiame name prie vandenyno. Tik ji, vyras D\u017eekas ir j\u0173dviej\u0173 dukt\u0117 Met\u0117. B\u016bdama lak\u016bno \u017emona Ketrina tur\u0117jo susitaikyti su nuolatiniais vyro skryd\u017eiais ir kirban\u010diu nerimu \u0161irdyje.<\/p>\n<p>Ji prisitaik\u0117.<\/p>\n<p>Ketrina  \u012fprato gyventi D\u017eeko ritmu, prireikus paankstinti Kal\u0117das, matytis su vyru re\u010diau, nei nor\u0117t\u0173si, ir bes\u0105lygi\u0161kai juo pasitik\u0117ti.<\/p>\n<p>Kol vien\u0105 nakt\u012f \u0161eimos ramyb\u0119 sudrums\u010dia beldimas \u012f duris.<\/p>\n<p>D\u017eekas \u017euvo pilotuodamas l\u0117ktuv\u0105.<\/p>\n<p>Ketrinos gyvenimas pa\u017eiro \u012f \u0161ukes&#8230;<\/p>\n<p>Nepaisydama baisaus sielvarto ji turi atlaikyti did\u017eiul\u012f \u017einiasklaidos spaudim\u0105. Juk D\u017eeko pilotuojamame l\u0117ktuve \u017euvo pus\u0161imtis \u017emoni\u0173! Pasipyl\u0119 kaltinimai smogia skaud\u0173 sm\u016bg\u012f \u0161eimai.<\/p>\n<p>Kas nutiko pilot\u0173 kabinoje prie\u0161 sud\u016b\u017etant l\u0117ktuvui?<\/p>\n<p>Ketrina ima rinkti paskutines D\u017eeko gyvenimo detales. Ji privalo sau ir dukrai surasti atsakymus \u012f \u0161imtus kod\u0117l?<\/p>\n<p>Ta\u010diau likimas antr\u0105kart suduoda skaud\u0173 sm\u016bg\u012f \u2013 ar ji tikrai pa\u017einojo savo vyr\u0105?<\/p>\n<p>Amerikie\u010di\u0173 ra\u0161ytoja Anita Shreve pasaulin\u0119 \u0161lov\u0119 pelniusiame romane \u201eLak\u016bno \u017emona\u201c kelia am\u017einus gyvenimo prasm\u0117s, meil\u0117s ir \u0161eimos klausimus. \u012evykusi l\u0117ktuvo katastrofa apvert\u0117 vis\u0105 Ketrinos Lajons ir jos dukters Met\u0117s pasaul\u012f, i\u0161mu\u0161\u0117 i\u0161 v\u0117\u017ei\u0173 ir privert\u0117 suvokti, jog ne\u012fmanoma i\u0161 tikr\u0173j\u0173 pa\u017einti kito \u017emogaus \u2013 net i\u0161gyvenus drauge keliolika met\u0173.<\/p>\n","protected":false},"excerpt":{"rendered":"<p>Iki tos nakties Ketrinos gyvenimas tek\u0117jo \u012fprasta t\u0117kme jaukiame name prie vandenyno. Tik ji, vyras D\u017eekas ir j\u0173dviej\u0173 dukt\u0117 Met\u0117. B\u016bdama lak\u016bno \u017emona Ketrina tur\u0117jo susitaikyti su nuolatiniais vyro skryd\u017eiais ir kirban\u010diu nerimu \u0161irdyje. Ji prisitaik\u0117. Ketrina \u012fprato gyventi D\u017eeko ritmu, prireikus paankstinti Kal\u0117das, matytis su vyru re\u010diau, nei nor\u0117t\u0173si, ir bes\u0105lygi\u0161kai juo pasitik\u0117ti. Kol vien\u0105 nakt\u012f \u0161eimos ramyb\u0119 sudrums\u010dia beldimas \u012f duris. D\u017eekas \u017euvo pilotuodamas l\u0117ktuv\u0105. Ketrinos gyvenimas pa\u017eiro \u012f \u0161ukes&#8230; Nepaisydama baisaus sielvarto ji turi atlaikyti did\u017eiul\u012f \u017einiasklaidos spaudim\u0105. Juk D\u017eeko pilotuojamame l\u0117ktuve \u017euvo pus\u0161imtis \u017emoni\u0173! Pasipyl\u0119 kaltinimai smogia skaud\u0173 sm\u016bg\u012f \u0161eimai. Kas nutiko pilot\u0173 kabinoje prie\u0161 sud\u016b\u017etant l\u0117ktuvui? Ketrina ima rinkti paskutines D\u017eeko gyvenimo detales. Ji privalo sau ir dukrai surasti atsakymus \u012f \u0161imtus kod\u0117l? Ta\u010diau likimas antr\u0105kart suduoda skaud\u0173 sm\u016bg\u012f \u2013 ar ji tikrai pa\u017einojo savo vyr\u0105? Amerikie\u010di\u0173 ra\u0161ytoja Anita Shreve pasaulin\u0119 \u0161lov\u0119 pelniusiame romane \u201eLak\u016bno \u017emona\u201c kelia am\u017einus gyvenimo prasm\u0117s, meil\u0117s ir \u0161eimos klausimus. \u012evykusi l\u0117ktuvo katastrofa apvert\u0117 vis\u0105 Ketrinos Lajons ir jos dukters Met\u0117s pasaul\u012f, i\u0161mu\u0161\u0117 i\u0161 v\u0117\u017ei\u0173 ir privert\u0117 suvokti, jog ne\u012fmanoma i\u0161 tikr\u0173j\u0173 pa\u017einti kito \u017emogaus \u2013 net i\u0161gyvenus drauge keliolika met\u0173.<\/p>\n","protected":false},"featured_media":19982,"comment_status":"open","ping_status":"closed","template":"","meta":{"_acf_changed":false,"site-sidebar-layout":"default","site-content-layout":"","ast-site-content-layout":"default","site-content-style":"default","site-sidebar-style":"default","ast-global-header-display":"","ast-banner-title-visibility":"","ast-main-header-display":"","ast-hfb-above-header-display":"","ast-hfb-below-header-display":"","ast-hfb-mobile-header-display":"","site-post-title":"","ast-breadcrumbs-content":"","ast-featured-img":"","footer-sml-layout":"","ast-disable-related-posts":"","theme-transparent-header-meta":"","adv-header-id-meta":"","stick-header-meta":"","header-above-stick-meta":"","header-main-stick-meta":"","header-below-stick-meta":"","astra-migrate-meta-layouts":"default","ast-page-background-enabled":"default","ast-page-background-meta":{"desktop":{"background-color":"","background-image":"","background-repeat":"repeat","background-position":"center center","background-size":"auto","background-attachment":"scroll","background-type":"","background-media":"","overlay-type":"","overlay-color":"","overlay-opacity":"","overlay-gradient":""},"tablet":{"background-color":"","background-image":"","background-repeat":"repeat","background-position":"center center","background-size":"auto","background-attachment":"scroll","background-type":"","background-media":"","overlay-type":"","overlay-color":"","overlay-opacity":"","overlay-gradient":""},"mobile":{"background-color":"","background-image":"","background-repeat":"repeat","background-position":"center center","background-size":"auto","background-attachment":"scroll","background-type":"","background-media":"","overlay-type":"","overlay-color":"","overlay-opacity":"","overlay-gradient":""}},"ast-content-background-meta":{"desktop":{"background-color":"var(--ast-global-color-4)","background-image":"","background-repeat":"repeat","background-position":"center center","background-size":"auto","background-attachment":"scroll","background-type":"","background-media":"","overlay-type":"","overlay-color":"","overlay-opacity":"","overlay-gradient":""},"tablet":{"background-color":"var(--ast-global-color-4)","background-image":"","background-repeat":"repeat","background-position":"center center","background-size":"auto","background-attachment":"scroll","background-type":"","background-media":"","overlay-type":"","overlay-color":"","overlay-opacity":"","overlay-gradient":""},"mobile":{"background-color":"var(--ast-global-color-4)","background-image":"","background-repeat":"repeat","background-position":"center center","background-size":"auto","background-attachment":"scroll","background-type":"","background-media":"","overlay-type":"","overlay-color":"","overlay-opacity":"","overlay-gradient":""}}},"product_brand":[],"product_cat":[31],"product_tag":[7157,7158,7159,1796,1478,1646,7160,4146,3107],"class_list":{"0":"post-19976","1":"product","2":"type-product","3":"status-publish","4":"has-post-thumbnail","6":"product_cat-grozine-literatura","7":"product_tag-anita-shreve","8":"product_tag-lakuno-zmona","9":"product_tag-lektuvo-katastrofa","10":"product_tag-meile","11":"product_tag-paslaptys","12":"product_tag-seima","13":"product_tag-sielvartas","14":"product_tag-trauma","15":"product_tag-ziniasklaida","16":"desktop-align-left","17":"tablet-align-left","18":"mobile-align-left","20":"first","21":"instock","22":"shipping-taxable","23":"purchasable","24":"product-type-simple"},"acf":[],"yoast_head":"<!-- This site is optimized with the Yoast SEO plugin v27.4 - https:\/\/yoast.com\/product\/yoast-seo-wordpress\/ -->\n<title>Lak\u016bno \u017emona<\/title>\n<meta name=\"description\" content=\"Iki tos nakties Ketrinos gyvenimas tek\u0117jo \u012fprasta t\u0117kme jaukiame name prie vandenyno. Tik ji, vyras D\u017eekas ir j\u0173dviej\u0173 dukt\u0117 Met\u0117. B\u016bdama lak\u016bno \u017emona\" \/>\n<meta name=\"robots\" content=\"index, follow, max-snippet:-1, max-image-preview:large, max-video-preview:-1\" \/>\n<link rel=\"canonical\" href=\"https:\/\/skaitytaknyga.lt\/en\/produktas\/lakuno-zmona\/\" \/>\n<meta property=\"og:locale\" content=\"en_GB\" \/>\n<meta property=\"og:locale:alternate\" content=\"lt_LT\" \/>\n<meta property=\"og:type\" content=\"article\" \/>\n<meta property=\"og:title\" content=\"Lak\u016bno \u017emona\" \/>\n<meta property=\"og:description\" content=\"Iki tos nakties Ketrinos gyvenimas tek\u0117jo \u012fprasta t\u0117kme jaukiame name prie vandenyno. Tik ji, vyras D\u017eekas ir j\u0173dviej\u0173 dukt\u0117 Met\u0117. B\u016bdama lak\u016bno \u017emona\" \/>\n<meta property=\"og:url\" content=\"https:\/\/skaitytaknyga.lt\/en\/produktas\/lakuno-zmona\/\" \/>\n<meta property=\"og:site_name\" content=\"Skaitytaknyga\" \/>\n<meta property=\"article:publisher\" content=\"https:\/\/www.facebook.com\/skaitytaknyga\/\" \/>\n<meta property=\"article:modified_time\" content=\"2025-07-31T05:30:32+00:00\" \/>\n<meta property=\"og:image\" content=\"https:\/\/skaitytaknyga.lt\/wp-content\/uploads\/2025\/07\/Lakuno-zmona-1.webp\" \/>\n\t<meta property=\"og:image:width\" content=\"458\" \/>\n\t<meta property=\"og:image:height\" content=\"750\" \/>\n\t<meta property=\"og:image:type\" content=\"image\/webp\" \/>\n<meta name=\"twitter:card\" content=\"summary_large_image\" \/>\n<meta name=\"twitter:label1\" content=\"Estimated reading time\" \/>\n\t<meta name=\"twitter:data1\" content=\"1 minute\" \/>\n<script type=\"application\/ld+json\" class=\"yoast-schema-graph\">{\"@context\":\"https:\\\/\\\/schema.org\",\"@graph\":[{\"@type\":\"WebPage\",\"@id\":\"https:\\\/\\\/skaitytaknyga.lt\\\/produktas\\\/lakuno-zmona\\\/\",\"url\":\"https:\\\/\\\/skaitytaknyga.lt\\\/produktas\\\/lakuno-zmona\\\/\",\"name\":\"Lak\u016bno \u017emona\",\"isPartOf\":{\"@id\":\"https:\\\/\\\/skaitytaknyga.lt\\\/#website\"},\"primaryImageOfPage\":{\"@id\":\"https:\\\/\\\/skaitytaknyga.lt\\\/produktas\\\/lakuno-zmona\\\/#primaryimage\"},\"image\":{\"@id\":\"https:\\\/\\\/skaitytaknyga.lt\\\/produktas\\\/lakuno-zmona\\\/#primaryimage\"},\"thumbnailUrl\":\"https:\\\/\\\/skaitytaknyga.lt\\\/wp-content\\\/uploads\\\/2025\\\/07\\\/Lakuno-zmona-1.webp\",\"datePublished\":\"2025-07-29T06:06:59+00:00\",\"dateModified\":\"2025-07-31T05:30:32+00:00\",\"description\":\"Iki tos nakties Ketrinos gyvenimas tek\u0117jo \u012fprasta t\u0117kme jaukiame name prie vandenyno. Tik ji, vyras D\u017eekas ir j\u0173dviej\u0173 dukt\u0117 Met\u0117. B\u016bdama lak\u016bno \u017emona\",\"breadcrumb\":{\"@id\":\"https:\\\/\\\/skaitytaknyga.lt\\\/produktas\\\/lakuno-zmona\\\/#breadcrumb\"},\"inLanguage\":\"en-GB\",\"potentialAction\":[{\"@type\":\"ReadAction\",\"target\":[\"https:\\\/\\\/skaitytaknyga.lt\\\/produktas\\\/lakuno-zmona\\\/\"]}]},{\"@type\":\"ImageObject\",\"inLanguage\":\"en-GB\",\"@id\":\"https:\\\/\\\/skaitytaknyga.lt\\\/produktas\\\/lakuno-zmona\\\/#primaryimage\",\"url\":\"https:\\\/\\\/skaitytaknyga.lt\\\/wp-content\\\/uploads\\\/2025\\\/07\\\/Lakuno-zmona-1.webp\",\"contentUrl\":\"https:\\\/\\\/skaitytaknyga.lt\\\/wp-content\\\/uploads\\\/2025\\\/07\\\/Lakuno-zmona-1.webp\",\"width\":458,\"height\":750,\"caption\":\"Lak\u016bno \u017emona\"},{\"@type\":\"BreadcrumbList\",\"@id\":\"https:\\\/\\\/skaitytaknyga.lt\\\/produktas\\\/lakuno-zmona\\\/#breadcrumb\",\"itemListElement\":[{\"@type\":\"ListItem\",\"position\":1,\"name\":\"Home\",\"item\":\"https:\\\/\\\/skaitytaknyga.lt\\\/\"},{\"@type\":\"ListItem\",\"position\":2,\"name\":\"Parduotuv\u0117\",\"item\":\"https:\\\/\\\/skaitytaknyga.lt\\\/knygu-parduotuve\\\/\"},{\"@type\":\"ListItem\",\"position\":3,\"name\":\"Lak\u016bno \u017emona\"}]},{\"@type\":\"WebSite\",\"@id\":\"https:\\\/\\\/skaitytaknyga.lt\\\/#website\",\"url\":\"https:\\\/\\\/skaitytaknyga.lt\\\/\",\"name\":\"skaitytaknyga.lt\",\"description\":\"Skaitytaknyga.lt \u2013 tai ma\u017eas \u0161eimos verslas, kuris prasid\u0117jo nuo meil\u0117s knygoms ir siekio i\u0161gelb\u0117ti knygas nuo likimo prie konteinerio. Kas vienam nereikalingas daiktas \u2013 kitam lobis, o mes esame tarpininkai, kurie padeda abiems tapti laimingesniems ???? \u017dinome kaip nelengva i\u0161gyventi ma\u017eiems verslams, tad nuo \u0161iol, \u010dia rasite ir kit\u0173, ma\u017e\u0173 \u0161eim\u0173 versl\u0173, rank\u0173 darbo, dovan\u0173 sau ir artimiesiems.\",\"publisher\":{\"@id\":\"https:\\\/\\\/skaitytaknyga.lt\\\/#organization\"},\"potentialAction\":[{\"@type\":\"SearchAction\",\"target\":{\"@type\":\"EntryPoint\",\"urlTemplate\":\"https:\\\/\\\/skaitytaknyga.lt\\\/?s={search_term_string}\"},\"query-input\":{\"@type\":\"PropertyValueSpecification\",\"valueRequired\":true,\"valueName\":\"search_term_string\"}}],\"inLanguage\":\"en-GB\"},{\"@type\":\"Organization\",\"@id\":\"https:\\\/\\\/skaitytaknyga.lt\\\/#organization\",\"name\":\"skaitytaknyga.lt\",\"url\":\"https:\\\/\\\/skaitytaknyga.lt\\\/\",\"logo\":{\"@type\":\"ImageObject\",\"inLanguage\":\"en-GB\",\"@id\":\"https:\\\/\\\/skaitytaknyga.lt\\\/#\\\/schema\\\/logo\\\/image\\\/\",\"url\":\"https:\\\/\\\/skaitytaknyga.lt\\\/wp-content\\\/uploads\\\/2024\\\/05\\\/cropped-cropped-cropped-02_00843_jt3bggkj1j3HLc7SyY6rEUpg.jpeg\",\"contentUrl\":\"https:\\\/\\\/skaitytaknyga.lt\\\/wp-content\\\/uploads\\\/2024\\\/05\\\/cropped-cropped-cropped-02_00843_jt3bggkj1j3HLc7SyY6rEUpg.jpeg\",\"width\":1600,\"height\":1600,\"caption\":\"skaitytaknyga.lt\"},\"image\":{\"@id\":\"https:\\\/\\\/skaitytaknyga.lt\\\/#\\\/schema\\\/logo\\\/image\\\/\"},\"sameAs\":[\"https:\\\/\\\/www.facebook.com\\\/skaitytaknyga\\\/\"]}]}<\/script>\n<!-- \/ Yoast SEO plugin. -->","yoast_head_json":{"title":"Lak\u016bno \u017emona","description":"Iki tos nakties Ketrinos gyvenimas tek\u0117jo \u012fprasta t\u0117kme jaukiame name prie vandenyno. Tik ji, vyras D\u017eekas ir j\u0173dviej\u0173 dukt\u0117 Met\u0117. B\u016bdama lak\u016bno \u017emona","robots":{"index":"index","follow":"follow","max-snippet":"max-snippet:-1","max-image-preview":"max-image-preview:large","max-video-preview":"max-video-preview:-1"},"canonical":"https:\/\/skaitytaknyga.lt\/en\/produktas\/lakuno-zmona\/","og_locale":"en_GB","og_type":"article","og_title":"[:lt]Lak\u016bno \u017emona[:] - Skaitytaknyga","og_description":"Iki tos nakties Ketrinos gyvenimas tek\u0117jo \u012fprasta t\u0117kme jaukiame name prie vandenyno. Tik ji, vyras D\u017eekas ir j\u0173dviej\u0173 dukt\u0117 Met\u0117. B\u016bdama lak\u016bno \u017emona","og_url":"https:\/\/skaitytaknyga.lt\/en\/produktas\/lakuno-zmona\/","og_site_name":"Skaitytaknyga","article_publisher":"https:\/\/www.facebook.com\/skaitytaknyga\/","article_modified_time":"2025-07-31T05:30:32+00:00","og_image":[{"width":458,"height":750,"url":"https:\/\/skaitytaknyga.lt\/wp-content\/uploads\/2025\/07\/Lakuno-zmona-1.webp","type":"image\/webp"}],"twitter_card":"summary_large_image","twitter_misc":{"Estimated reading time":"1 minute"},"schema":{"@context":"https:\/\/schema.org","@graph":[{"@type":"WebPage","@id":"https:\/\/skaitytaknyga.lt\/produktas\/lakuno-zmona\/","url":"https:\/\/skaitytaknyga.lt\/produktas\/lakuno-zmona\/","name":"Lak\u016bno \u017emona","isPartOf":{"@id":"https:\/\/skaitytaknyga.lt\/#website"},"primaryImageOfPage":{"@id":"https:\/\/skaitytaknyga.lt\/produktas\/lakuno-zmona\/#primaryimage"},"image":{"@id":"https:\/\/skaitytaknyga.lt\/produktas\/lakuno-zmona\/#primaryimage"},"thumbnailUrl":"https:\/\/skaitytaknyga.lt\/wp-content\/uploads\/2025\/07\/Lakuno-zmona-1.webp","datePublished":"2025-07-29T06:06:59+00:00","dateModified":"2025-07-31T05:30:32+00:00","description":"Iki tos nakties Ketrinos gyvenimas tek\u0117jo \u012fprasta t\u0117kme jaukiame name prie vandenyno. Tik ji, vyras D\u017eekas ir j\u0173dviej\u0173 dukt\u0117 Met\u0117. B\u016bdama lak\u016bno \u017emona","breadcrumb":{"@id":"https:\/\/skaitytaknyga.lt\/produktas\/lakuno-zmona\/#breadcrumb"},"inLanguage":"en-GB","potentialAction":[{"@type":"ReadAction","target":["https:\/\/skaitytaknyga.lt\/produktas\/lakuno-zmona\/"]}]},{"@type":"ImageObject","inLanguage":"en-GB","@id":"https:\/\/skaitytaknyga.lt\/produktas\/lakuno-zmona\/#primaryimage","url":"https:\/\/skaitytaknyga.lt\/wp-content\/uploads\/2025\/07\/Lakuno-zmona-1.webp","contentUrl":"https:\/\/skaitytaknyga.lt\/wp-content\/uploads\/2025\/07\/Lakuno-zmona-1.webp","width":458,"height":750,"caption":"Lak\u016bno \u017emona"},{"@type":"BreadcrumbList","@id":"https:\/\/skaitytaknyga.lt\/produktas\/lakuno-zmona\/#breadcrumb","itemListElement":[{"@type":"ListItem","position":1,"name":"Home","item":"https:\/\/skaitytaknyga.lt\/"},{"@type":"ListItem","position":2,"name":"Parduotuv\u0117","item":"https:\/\/skaitytaknyga.lt\/knygu-parduotuve\/"},{"@type":"ListItem","position":3,"name":"Lak\u016bno \u017emona"}]},{"@type":"WebSite","@id":"https:\/\/skaitytaknyga.lt\/#website","url":"https:\/\/skaitytaknyga.lt\/","name":"skaitytaknyga.lt","description":"Skaitytaknyga.lt \u2013 tai ma\u017eas \u0161eimos verslas, kuris prasid\u0117jo nuo meil\u0117s knygoms ir siekio i\u0161gelb\u0117ti knygas nuo likimo prie konteinerio. Kas vienam nereikalingas daiktas \u2013 kitam lobis, o mes esame tarpininkai, kurie padeda abiems tapti laimingesniems ???? \u017dinome kaip nelengva i\u0161gyventi ma\u017eiems verslams, tad nuo \u0161iol, \u010dia rasite ir kit\u0173, ma\u017e\u0173 \u0161eim\u0173 versl\u0173, rank\u0173 darbo, dovan\u0173 sau ir artimiesiems.","publisher":{"@id":"https:\/\/skaitytaknyga.lt\/#organization"},"potentialAction":[{"@type":"SearchAction","target":{"@type":"EntryPoint","urlTemplate":"https:\/\/skaitytaknyga.lt\/?s={search_term_string}"},"query-input":{"@type":"PropertyValueSpecification","valueRequired":true,"valueName":"search_term_string"}}],"inLanguage":"en-GB"},{"@type":"Organization","@id":"https:\/\/skaitytaknyga.lt\/#organization","name":"skaitytaknyga.lt","url":"https:\/\/skaitytaknyga.lt\/","logo":{"@type":"ImageObject","inLanguage":"en-GB","@id":"https:\/\/skaitytaknyga.lt\/#\/schema\/logo\/image\/","url":"https:\/\/skaitytaknyga.lt\/wp-content\/uploads\/2024\/05\/cropped-cropped-cropped-02_00843_jt3bggkj1j3HLc7SyY6rEUpg.jpeg","contentUrl":"https:\/\/skaitytaknyga.lt\/wp-content\/uploads\/2024\/05\/cropped-cropped-cropped-02_00843_jt3bggkj1j3HLc7SyY6rEUpg.jpeg","width":1600,"height":1600,"caption":"skaitytaknyga.lt"},"image":{"@id":"https:\/\/skaitytaknyga.lt\/#\/schema\/logo\/image\/"},"sameAs":["https:\/\/www.facebook.com\/skaitytaknyga\/"]}]}},"_links":{"self":[{"href":"https:\/\/skaitytaknyga.lt\/en\/wp-json\/wp\/v2\/product\/19976","targetHints":{"allow":["GET"]}}],"collection":[{"href":"https:\/\/skaitytaknyga.lt\/en\/wp-json\/wp\/v2\/product"}],"about":[{"href":"https:\/\/skaitytaknyga.lt\/en\/wp-json\/wp\/v2\/types\/product"}],"replies":[{"embeddable":true,"href":"https:\/\/skaitytaknyga.lt\/en\/wp-json\/wp\/v2\/comments?post=19976"}],"wp:featuredmedia":[{"embeddable":true,"href":"https:\/\/skaitytaknyga.lt\/en\/wp-json\/wp\/v2\/media\/19982"}],"wp:attachment":[{"href":"https:\/\/skaitytaknyga.lt\/en\/wp-json\/wp\/v2\/media?parent=19976"}],"wp:term":[{"taxonomy":"product_brand","embeddable":true,"href":"https:\/\/skaitytaknyga.lt\/en\/wp-json\/wp\/v2\/product_brand?post=19976"},{"taxonomy":"product_cat","embeddable":true,"href":"https:\/\/skaitytaknyga.lt\/en\/wp-json\/wp\/v2\/product_cat?post=19976"},{"taxonomy":"product_tag","embeddable":true,"href":"https:\/\/skaitytaknyga.lt\/en\/wp-json\/wp\/v2\/product_tag?post=19976"}],"curies":[{"name":"wp","href":"https:\/\/api.w.org\/{rel}","templated":true}]}}