{"id":19970,"date":"2025-07-25T13:50:34","date_gmt":"2025-07-25T10:50:34","guid":{"rendered":"https:\/\/skaitytaknyga.lt\/?post_type=product&#038;p=19970"},"modified":"2025-07-31T08:17:08","modified_gmt":"2025-07-31T05:17:08","slug":"stiklo-skambesys","status":"publish","type":"product","link":"https:\/\/skaitytaknyga.lt\/en\/produktas\/stiklo-skambesys\/","title":{"rendered":"Stiklo skambesys"},"content":{"rendered":"<p>Nie\u017et\u0117jo pir\u0161tus u\u017era\u0161yti \u012f galv\u0105 at\u0117jusius \u017eod\u017eius, kol dar nepamir\u0161o. Net juod\u017eiausi\u0105 nakt\u012f kur nors spindi \u0161viesa.<\/p>\n<p>Karen White (Karen Vait) \u2013 JAV ra\u0161ytoja, dvide\u0161imt keturi\u0173 bestseleri\u0173 autor\u0117. \u0160iuo metu ji su vyru ir dviem vaikais gyvena D\u017eord\u017eijos valstijoje, JAV Pietuose, kur vyksta ir daugumos jos roman\u0173 veiksmas. \u201eStiklo skambesys&#8221; \u2013 romanas, pasakojantis apie praeities \u017eaizdas, paslaptis ir visk\u0105 gydan\u010di\u0105 meil\u0119.<\/p>\n<p>Meritos gyvenimas apsiver\u010dia auk\u0161tyn kojomis, kai po vyro Kelo \u017e\u016bties paveldi jo senel\u0117s Editos nam\u0105 Piet\u0173 Karolinoje. Jauna moteris d\u0117l vyro mirties kaltina save, bet tikisi paveld\u0117tame name i\u0161sivaduoti nuo dusinan\u010dios praeities. Vis d\u0117lto atvykus pasirodo, kad namas turi savo praeit\u012f. Editos praeit\u012f ir baisi\u0105 jos paslapt\u012f. Ir jos padaryt\u0173 stiklini\u0173 v\u0117jo varpeli\u0173 skambes\u012f u\u017e lango.<\/p>\n<p>Vienatv\u0117s ir ramyb\u0117s tro\u0161kusi\u0105 Merit\u0105 staiga apsupa ne tik nutr\u016bkusios santuokos \u0161e\u0161\u0117liai, bet ir ne\u017einia i\u0161 kur atsiradusi Lorel\u0117 \u2013 ne pagal metus i\u0161mintinga jaunut\u0117 pamot\u0117 su de\u0161imtme\u010diu s\u016bnumi, netikru Meritos broliu. Ko jie atsigr\u016bdo \u012f jos gyvenim\u0105? Dar ir Kelo brolis, toks bauginamai pana\u0161us \u012f j\u012f, ir diena po dienos atsiskleid\u017eianti Editos saugota paslaptis. Naujas gyvenimas visai nepana\u0161us \u012f sen\u0105j\u012f, ta\u010diau, regisi, aplinkiniai tetrok\u0161ta vieno \u2013 neleisti Meritai u\u017esiskl\u0119sti. Ir u\u017eguitos, visus atstumian\u010dios moters \u0161irdis pama\u017eu ima \u0161ilti&#8230;<\/p>\n<p>Trys moterys, trys susipyn\u0119 likimai. Trys istorijos apie baim\u0119, santuokos iliuzijas, vienatv\u0119 dviese, nei\u0161sipild\u017eiusias viltis ir meil\u0119, aplankan\u010di\u0105 net ir tuos, kurie j\u0105 atstumia.<\/p>\n","protected":false},"excerpt":{"rendered":"<p>Nie\u017et\u0117jo pir\u0161tus u\u017era\u0161yti \u012f galv\u0105 at\u0117jusius \u017eod\u017eius, kol dar nepamir\u0161o. Net juod\u017eiausi\u0105 nakt\u012f kur nors spindi \u0161viesa. Karen White (Karen Vait) \u2013 JAV ra\u0161ytoja, dvide\u0161imt keturi\u0173 bestseleri\u0173 autor\u0117. \u0160iuo metu ji su vyru ir dviem vaikais gyvena D\u017eord\u017eijos valstijoje, JAV Pietuose, kur vyksta ir daugumos jos roman\u0173 veiksmas. \u201eStiklo skambesys&#8221; \u2013 romanas, pasakojantis apie praeities \u017eaizdas, paslaptis ir visk\u0105 gydan\u010di\u0105 meil\u0119. Meritos gyvenimas apsiver\u010dia auk\u0161tyn kojomis, kai po vyro Kelo \u017e\u016bties paveldi jo senel\u0117s Editos nam\u0105 Piet\u0173 Karolinoje. Jauna moteris d\u0117l vyro mirties kaltina save, bet tikisi paveld\u0117tame name i\u0161sivaduoti nuo dusinan\u010dios praeities. Vis d\u0117lto atvykus pasirodo, kad namas turi savo praeit\u012f. Editos praeit\u012f ir baisi\u0105 jos paslapt\u012f. Ir jos padaryt\u0173 stiklini\u0173 v\u0117jo varpeli\u0173 skambes\u012f u\u017e lango. Vienatv\u0117s ir ramyb\u0117s tro\u0161kusi\u0105 Merit\u0105 staiga apsupa ne tik nutr\u016bkusios santuokos \u0161e\u0161\u0117liai, bet ir ne\u017einia i\u0161 kur atsiradusi Lorel\u0117 \u2013 ne pagal metus i\u0161mintinga jaunut\u0117 pamot\u0117 su de\u0161imtme\u010diu s\u016bnumi, netikru Meritos broliu. Ko jie atsigr\u016bdo \u012f jos gyvenim\u0105? Dar ir Kelo brolis, toks bauginamai pana\u0161us \u012f j\u012f, ir diena po dienos atsiskleid\u017eianti Editos saugota paslaptis. Naujas gyvenimas visai nepana\u0161us \u012f sen\u0105j\u012f, ta\u010diau, regisi, aplinkiniai tetrok\u0161ta vieno \u2013 neleisti Meritai u\u017esiskl\u0119sti. Ir u\u017eguitos, visus atstumian\u010dios moters \u0161irdis pama\u017eu ima \u0161ilti&#8230; Trys moterys, trys susipyn\u0119 likimai. Trys istorijos apie baim\u0119, santuokos iliuzijas, vienatv\u0119 dviese, nei\u0161sipild\u017eiusias viltis ir meil\u0119, aplankan\u010di\u0105 net ir tuos, kurie j\u0105 atstumia.<\/p>\n","protected":false},"featured_media":19971,"comment_status":"open","ping_status":"closed","template":"","meta":{"_acf_changed":false,"site-sidebar-layout":"default","site-content-layout":"","ast-site-content-layout":"default","site-content-style":"default","site-sidebar-style":"default","ast-global-header-display":"","ast-banner-title-visibility":"","ast-main-header-display":"","ast-hfb-above-header-display":"","ast-hfb-below-header-display":"","ast-hfb-mobile-header-display":"","site-post-title":"","ast-breadcrumbs-content":"","ast-featured-img":"","footer-sml-layout":"","ast-disable-related-posts":"","theme-transparent-header-meta":"","adv-header-id-meta":"","stick-header-meta":"","header-above-stick-meta":"","header-main-stick-meta":"","header-below-stick-meta":"","astra-migrate-meta-layouts":"default","ast-page-background-enabled":"default","ast-page-background-meta":{"desktop":{"background-color":"","background-image":"","background-repeat":"repeat","background-position":"center center","background-size":"auto","background-attachment":"scroll","background-type":"","background-media":"","overlay-type":"","overlay-color":"","overlay-opacity":"","overlay-gradient":""},"tablet":{"background-color":"","background-image":"","background-repeat":"repeat","background-position":"center center","background-size":"auto","background-attachment":"scroll","background-type":"","background-media":"","overlay-type":"","overlay-color":"","overlay-opacity":"","overlay-gradient":""},"mobile":{"background-color":"","background-image":"","background-repeat":"repeat","background-position":"center center","background-size":"auto","background-attachment":"scroll","background-type":"","background-media":"","overlay-type":"","overlay-color":"","overlay-opacity":"","overlay-gradient":""}},"ast-content-background-meta":{"desktop":{"background-color":"var(--ast-global-color-4)","background-image":"","background-repeat":"repeat","background-position":"center center","background-size":"auto","background-attachment":"scroll","background-type":"","background-media":"","overlay-type":"","overlay-color":"","overlay-opacity":"","overlay-gradient":""},"tablet":{"background-color":"var(--ast-global-color-4)","background-image":"","background-repeat":"repeat","background-position":"center center","background-size":"auto","background-attachment":"scroll","background-type":"","background-media":"","overlay-type":"","overlay-color":"","overlay-opacity":"","overlay-gradient":""},"mobile":{"background-color":"var(--ast-global-color-4)","background-image":"","background-repeat":"repeat","background-position":"center center","background-size":"auto","background-attachment":"scroll","background-type":"","background-media":"","overlay-type":"","overlay-color":"","overlay-opacity":"","overlay-gradient":""}}},"product_brand":[],"product_cat":[31],"product_tag":[6923,1796,2815,6922,6626,2088],"class_list":{"0":"post-19970","1":"product","2":"type-product","3":"status-publish","4":"has-post-thumbnail","6":"product_cat-grozine-literatura","7":"product_tag-karen-white","8":"product_tag-meile","9":"product_tag-moteru-likimai","10":"product_tag-paveldejimas","11":"product_tag-pietu-karolina","12":"product_tag-seimos-paslaptys","13":"desktop-align-left","14":"tablet-align-left","15":"mobile-align-left","17":"first","18":"instock","19":"shipping-taxable","20":"purchasable","21":"product-type-simple"},"acf":[],"yoast_head":"<!-- This site is optimized with the Yoast SEO plugin v27.0 - https:\/\/yoast.com\/product\/yoast-seo-wordpress\/ -->\n<title>Stiklo skambesys<\/title>\n<meta name=\"description\" content=\"Nie\u017et\u0117jo pir\u0161tus u\u017era\u0161yti \u012f galv\u0105 at\u0117jusius \u017eod\u017eius, kol dar nepamir\u0161o. Net juod\u017eiausi\u0105 nakt\u012f kur nors spindi \u0161viesa. Karen White (Karen Vait) \u2013 JAV\" \/>\n<meta name=\"robots\" content=\"index, follow, max-snippet:-1, max-image-preview:large, max-video-preview:-1\" \/>\n<link rel=\"canonical\" href=\"https:\/\/skaitytaknyga.lt\/en\/produktas\/stiklo-skambesys\/\" \/>\n<meta property=\"og:locale\" content=\"en_GB\" \/>\n<meta property=\"og:locale:alternate\" content=\"lt_LT\" \/>\n<meta property=\"og:type\" content=\"article\" \/>\n<meta property=\"og:title\" content=\"Stiklo skambesys\" \/>\n<meta property=\"og:description\" content=\"Nie\u017et\u0117jo pir\u0161tus u\u017era\u0161yti \u012f galv\u0105 at\u0117jusius \u017eod\u017eius, kol dar nepamir\u0161o. Net juod\u017eiausi\u0105 nakt\u012f kur nors spindi \u0161viesa. Karen White (Karen Vait) \u2013 JAV\" \/>\n<meta property=\"og:url\" content=\"https:\/\/skaitytaknyga.lt\/en\/produktas\/stiklo-skambesys\/\" \/>\n<meta property=\"og:site_name\" content=\"Skaitytaknyga\" \/>\n<meta property=\"article:publisher\" content=\"https:\/\/www.facebook.com\/skaitytaknyga\/\" \/>\n<meta property=\"article:modified_time\" content=\"2025-07-31T05:17:08+00:00\" \/>\n<meta property=\"og:image\" content=\"https:\/\/skaitytaknyga.lt\/wp-content\/uploads\/2025\/07\/Stiklo-skambesys-1.webp\" \/>\n\t<meta property=\"og:image:width\" content=\"423\" \/>\n\t<meta property=\"og:image:height\" content=\"635\" \/>\n\t<meta property=\"og:image:type\" content=\"image\/webp\" \/>\n<meta name=\"twitter:card\" content=\"summary_large_image\" \/>\n<meta name=\"twitter:label1\" content=\"Estimated reading time\" \/>\n\t<meta name=\"twitter:data1\" content=\"1 minute\" \/>\n<script type=\"application\/ld+json\" class=\"yoast-schema-graph\">{\"@context\":\"https:\/\/schema.org\",\"@graph\":[{\"@type\":\"WebPage\",\"@id\":\"https:\/\/skaitytaknyga.lt\/produktas\/stiklo-skambesys\/\",\"url\":\"https:\/\/skaitytaknyga.lt\/produktas\/stiklo-skambesys\/\",\"name\":\"Stiklo skambesys\",\"isPartOf\":{\"@id\":\"https:\/\/skaitytaknyga.lt\/#website\"},\"primaryImageOfPage\":{\"@id\":\"https:\/\/skaitytaknyga.lt\/produktas\/stiklo-skambesys\/#primaryimage\"},\"image\":{\"@id\":\"https:\/\/skaitytaknyga.lt\/produktas\/stiklo-skambesys\/#primaryimage\"},\"thumbnailUrl\":\"https:\/\/skaitytaknyga.lt\/wp-content\/uploads\/2025\/07\/Stiklo-skambesys-1.webp\",\"datePublished\":\"2025-07-25T10:50:34+00:00\",\"dateModified\":\"2025-07-31T05:17:08+00:00\",\"description\":\"Nie\u017et\u0117jo pir\u0161tus u\u017era\u0161yti \u012f galv\u0105 at\u0117jusius \u017eod\u017eius, kol dar nepamir\u0161o. Net juod\u017eiausi\u0105 nakt\u012f kur nors spindi \u0161viesa. Karen White (Karen Vait) \u2013 JAV\",\"breadcrumb\":{\"@id\":\"https:\/\/skaitytaknyga.lt\/produktas\/stiklo-skambesys\/#breadcrumb\"},\"inLanguage\":\"en-GB\",\"potentialAction\":[{\"@type\":\"ReadAction\",\"target\":[\"https:\/\/skaitytaknyga.lt\/produktas\/stiklo-skambesys\/\"]}]},{\"@type\":\"ImageObject\",\"inLanguage\":\"en-GB\",\"@id\":\"https:\/\/skaitytaknyga.lt\/produktas\/stiklo-skambesys\/#primaryimage\",\"url\":\"https:\/\/skaitytaknyga.lt\/wp-content\/uploads\/2025\/07\/Stiklo-skambesys-1.webp\",\"contentUrl\":\"https:\/\/skaitytaknyga.lt\/wp-content\/uploads\/2025\/07\/Stiklo-skambesys-1.webp\",\"width\":423,\"height\":635,\"caption\":\"Stiklo skambesys\"},{\"@type\":\"BreadcrumbList\",\"@id\":\"https:\/\/skaitytaknyga.lt\/produktas\/stiklo-skambesys\/#breadcrumb\",\"itemListElement\":[{\"@type\":\"ListItem\",\"position\":1,\"name\":\"Home\",\"item\":\"https:\/\/skaitytaknyga.lt\/\"},{\"@type\":\"ListItem\",\"position\":2,\"name\":\"Parduotuv\u0117\",\"item\":\"https:\/\/skaitytaknyga.lt\/knygu-parduotuve\/\"},{\"@type\":\"ListItem\",\"position\":3,\"name\":\"Stiklo skambesys\"}]},{\"@type\":\"WebSite\",\"@id\":\"https:\/\/skaitytaknyga.lt\/#website\",\"url\":\"https:\/\/skaitytaknyga.lt\/\",\"name\":\"skaitytaknyga.lt\",\"description\":\"Skaitytaknyga.lt \u2013 tai ma\u017eas \u0161eimos verslas, kuris prasid\u0117jo nuo meil\u0117s knygoms ir siekio i\u0161gelb\u0117ti knygas nuo likimo prie konteinerio. Kas vienam nereikalingas daiktas \u2013 kitam lobis, o mes esame tarpininkai, kurie padeda abiems tapti laimingesniems ???? \u017dinome kaip nelengva i\u0161gyventi ma\u017eiems verslams, tad nuo \u0161iol, \u010dia rasite ir kit\u0173, ma\u017e\u0173 \u0161eim\u0173 versl\u0173, rank\u0173 darbo, dovan\u0173 sau ir artimiesiems.\",\"publisher\":{\"@id\":\"https:\/\/skaitytaknyga.lt\/#organization\"},\"potentialAction\":[{\"@type\":\"SearchAction\",\"target\":{\"@type\":\"EntryPoint\",\"urlTemplate\":\"https:\/\/skaitytaknyga.lt\/?s={search_term_string}\"},\"query-input\":{\"@type\":\"PropertyValueSpecification\",\"valueRequired\":true,\"valueName\":\"search_term_string\"}}],\"inLanguage\":\"en-GB\"},{\"@type\":\"Organization\",\"@id\":\"https:\/\/skaitytaknyga.lt\/#organization\",\"name\":\"skaitytaknyga.lt\",\"url\":\"https:\/\/skaitytaknyga.lt\/\",\"logo\":{\"@type\":\"ImageObject\",\"inLanguage\":\"en-GB\",\"@id\":\"https:\/\/skaitytaknyga.lt\/#\/schema\/logo\/image\/\",\"url\":\"https:\/\/skaitytaknyga.lt\/wp-content\/uploads\/2024\/05\/cropped-cropped-cropped-02_00843_jt3bggkj1j3HLc7SyY6rEUpg.jpeg\",\"contentUrl\":\"https:\/\/skaitytaknyga.lt\/wp-content\/uploads\/2024\/05\/cropped-cropped-cropped-02_00843_jt3bggkj1j3HLc7SyY6rEUpg.jpeg\",\"width\":1600,\"height\":1600,\"caption\":\"skaitytaknyga.lt\"},\"image\":{\"@id\":\"https:\/\/skaitytaknyga.lt\/#\/schema\/logo\/image\/\"},\"sameAs\":[\"https:\/\/www.facebook.com\/skaitytaknyga\/\"]}]}<\/script>\n<!-- \/ Yoast SEO plugin. -->","yoast_head_json":{"title":"Stiklo skambesys","description":"Nie\u017et\u0117jo pir\u0161tus u\u017era\u0161yti \u012f galv\u0105 at\u0117jusius \u017eod\u017eius, kol dar nepamir\u0161o. Net juod\u017eiausi\u0105 nakt\u012f kur nors spindi \u0161viesa. Karen White (Karen Vait) \u2013 JAV","robots":{"index":"index","follow":"follow","max-snippet":"max-snippet:-1","max-image-preview":"max-image-preview:large","max-video-preview":"max-video-preview:-1"},"canonical":"https:\/\/skaitytaknyga.lt\/en\/produktas\/stiklo-skambesys\/","og_locale":"en_GB","og_type":"article","og_title":"[:lt]Stiklo skambesys[:] - Skaitytaknyga","og_description":"Nie\u017et\u0117jo pir\u0161tus u\u017era\u0161yti \u012f galv\u0105 at\u0117jusius \u017eod\u017eius, kol dar nepamir\u0161o. Net juod\u017eiausi\u0105 nakt\u012f kur nors spindi \u0161viesa. Karen White (Karen Vait) \u2013 JAV","og_url":"https:\/\/skaitytaknyga.lt\/en\/produktas\/stiklo-skambesys\/","og_site_name":"Skaitytaknyga","article_publisher":"https:\/\/www.facebook.com\/skaitytaknyga\/","article_modified_time":"2025-07-31T05:17:08+00:00","og_image":[{"width":423,"height":635,"url":"https:\/\/skaitytaknyga.lt\/wp-content\/uploads\/2025\/07\/Stiklo-skambesys-1.webp","type":"image\/webp"}],"twitter_card":"summary_large_image","twitter_misc":{"Estimated reading time":"1 minute"},"schema":{"@context":"https:\/\/schema.org","@graph":[{"@type":"WebPage","@id":"https:\/\/skaitytaknyga.lt\/produktas\/stiklo-skambesys\/","url":"https:\/\/skaitytaknyga.lt\/produktas\/stiklo-skambesys\/","name":"Stiklo skambesys","isPartOf":{"@id":"https:\/\/skaitytaknyga.lt\/#website"},"primaryImageOfPage":{"@id":"https:\/\/skaitytaknyga.lt\/produktas\/stiklo-skambesys\/#primaryimage"},"image":{"@id":"https:\/\/skaitytaknyga.lt\/produktas\/stiklo-skambesys\/#primaryimage"},"thumbnailUrl":"https:\/\/skaitytaknyga.lt\/wp-content\/uploads\/2025\/07\/Stiklo-skambesys-1.webp","datePublished":"2025-07-25T10:50:34+00:00","dateModified":"2025-07-31T05:17:08+00:00","description":"Nie\u017et\u0117jo pir\u0161tus u\u017era\u0161yti \u012f galv\u0105 at\u0117jusius \u017eod\u017eius, kol dar nepamir\u0161o. Net juod\u017eiausi\u0105 nakt\u012f kur nors spindi \u0161viesa. Karen White (Karen Vait) \u2013 JAV","breadcrumb":{"@id":"https:\/\/skaitytaknyga.lt\/produktas\/stiklo-skambesys\/#breadcrumb"},"inLanguage":"en-GB","potentialAction":[{"@type":"ReadAction","target":["https:\/\/skaitytaknyga.lt\/produktas\/stiklo-skambesys\/"]}]},{"@type":"ImageObject","inLanguage":"en-GB","@id":"https:\/\/skaitytaknyga.lt\/produktas\/stiklo-skambesys\/#primaryimage","url":"https:\/\/skaitytaknyga.lt\/wp-content\/uploads\/2025\/07\/Stiklo-skambesys-1.webp","contentUrl":"https:\/\/skaitytaknyga.lt\/wp-content\/uploads\/2025\/07\/Stiklo-skambesys-1.webp","width":423,"height":635,"caption":"Stiklo skambesys"},{"@type":"BreadcrumbList","@id":"https:\/\/skaitytaknyga.lt\/produktas\/stiklo-skambesys\/#breadcrumb","itemListElement":[{"@type":"ListItem","position":1,"name":"Home","item":"https:\/\/skaitytaknyga.lt\/"},{"@type":"ListItem","position":2,"name":"Parduotuv\u0117","item":"https:\/\/skaitytaknyga.lt\/knygu-parduotuve\/"},{"@type":"ListItem","position":3,"name":"Stiklo skambesys"}]},{"@type":"WebSite","@id":"https:\/\/skaitytaknyga.lt\/#website","url":"https:\/\/skaitytaknyga.lt\/","name":"skaitytaknyga.lt","description":"Skaitytaknyga.lt \u2013 tai ma\u017eas \u0161eimos verslas, kuris prasid\u0117jo nuo meil\u0117s knygoms ir siekio i\u0161gelb\u0117ti knygas nuo likimo prie konteinerio. Kas vienam nereikalingas daiktas \u2013 kitam lobis, o mes esame tarpininkai, kurie padeda abiems tapti laimingesniems ???? \u017dinome kaip nelengva i\u0161gyventi ma\u017eiems verslams, tad nuo \u0161iol, \u010dia rasite ir kit\u0173, ma\u017e\u0173 \u0161eim\u0173 versl\u0173, rank\u0173 darbo, dovan\u0173 sau ir artimiesiems.","publisher":{"@id":"https:\/\/skaitytaknyga.lt\/#organization"},"potentialAction":[{"@type":"SearchAction","target":{"@type":"EntryPoint","urlTemplate":"https:\/\/skaitytaknyga.lt\/?s={search_term_string}"},"query-input":{"@type":"PropertyValueSpecification","valueRequired":true,"valueName":"search_term_string"}}],"inLanguage":"en-GB"},{"@type":"Organization","@id":"https:\/\/skaitytaknyga.lt\/#organization","name":"skaitytaknyga.lt","url":"https:\/\/skaitytaknyga.lt\/","logo":{"@type":"ImageObject","inLanguage":"en-GB","@id":"https:\/\/skaitytaknyga.lt\/#\/schema\/logo\/image\/","url":"https:\/\/skaitytaknyga.lt\/wp-content\/uploads\/2024\/05\/cropped-cropped-cropped-02_00843_jt3bggkj1j3HLc7SyY6rEUpg.jpeg","contentUrl":"https:\/\/skaitytaknyga.lt\/wp-content\/uploads\/2024\/05\/cropped-cropped-cropped-02_00843_jt3bggkj1j3HLc7SyY6rEUpg.jpeg","width":1600,"height":1600,"caption":"skaitytaknyga.lt"},"image":{"@id":"https:\/\/skaitytaknyga.lt\/#\/schema\/logo\/image\/"},"sameAs":["https:\/\/www.facebook.com\/skaitytaknyga\/"]}]}},"_links":{"self":[{"href":"https:\/\/skaitytaknyga.lt\/en\/wp-json\/wp\/v2\/product\/19970","targetHints":{"allow":["GET"]}}],"collection":[{"href":"https:\/\/skaitytaknyga.lt\/en\/wp-json\/wp\/v2\/product"}],"about":[{"href":"https:\/\/skaitytaknyga.lt\/en\/wp-json\/wp\/v2\/types\/product"}],"replies":[{"embeddable":true,"href":"https:\/\/skaitytaknyga.lt\/en\/wp-json\/wp\/v2\/comments?post=19970"}],"wp:featuredmedia":[{"embeddable":true,"href":"https:\/\/skaitytaknyga.lt\/en\/wp-json\/wp\/v2\/media\/19971"}],"wp:attachment":[{"href":"https:\/\/skaitytaknyga.lt\/en\/wp-json\/wp\/v2\/media?parent=19970"}],"wp:term":[{"taxonomy":"product_brand","embeddable":true,"href":"https:\/\/skaitytaknyga.lt\/en\/wp-json\/wp\/v2\/product_brand?post=19970"},{"taxonomy":"product_cat","embeddable":true,"href":"https:\/\/skaitytaknyga.lt\/en\/wp-json\/wp\/v2\/product_cat?post=19970"},{"taxonomy":"product_tag","embeddable":true,"href":"https:\/\/skaitytaknyga.lt\/en\/wp-json\/wp\/v2\/product_tag?post=19970"}],"curies":[{"name":"wp","href":"https:\/\/api.w.org\/{rel}","templated":true}]}}