{"id":19964,"date":"2025-07-25T13:42:05","date_gmt":"2025-07-25T10:42:05","guid":{"rendered":"https:\/\/skaitytaknyga.lt\/?post_type=product&#038;p=19964"},"modified":"2025-07-31T08:17:08","modified_gmt":"2025-07-31T05:17:08","slug":"stiklo-kalavijas","status":"publish","type":"product","link":"https:\/\/skaitytaknyga.lt\/en\/produktas\/stiklo-kalavijas\/","title":{"rendered":"Stiklo kalavijas"},"content":{"rendered":"<p>Jei a\u0161 kalavijas,<\/p>\n<p>tai nukaltas i\u0161 stiklo.<\/p>\n<p>Nes pradedu ai\u017e\u0117ti&#8230;<\/p>\n<p>Viena, k\u0105 Mara Barou tikrai \u017eino \u2013 ji yra kitokia.<\/p>\n<p>Maros kraujas raudonas kaip pras\u010diok\u0173, bet ji turi geb\u0117jim\u0173, b\u016bding\u0173 kilmingiesiems sidabriniams: gali valdyti \u017eaib\u0105. D\u0117l to mergina tampa gr\u0117smingu ginklu, jos gvie\u0161iasi karaliaus r\u016bmai. Vald\u017eios atstovai tvirtina, kad tokie kaip Mara nepasi\u017eymi jokiais geb\u0117jimais, kad ji t\u0117ra apgavik\u0117, bet pasprukusi nuo princo Maveno, niekingo i\u0161daviko, mergina su\u017eino priblo\u0161kian\u010di\u0105 ties\u0105: ji ne vienintel\u0117 tokia.<\/p>\n<p>Persekiojama ker\u0161tingojo Maveno, pasiskelbusio karaliumi, Mara ry\u017etasi surasti kitus pusiau raudonuosius, pusiau sidabrinius kovotojus ir \u012ftraukti juos \u012f mai\u0161t\u0105 prie\u0161 eng\u0117jus. Jos pasirinktas kelias pavojingas, \u017eengdama juo, mergina rizikuoja tapti tokia pa\u010dia pabaisa kaip tas, kur\u012f ji siekia \u012fveikti. Ar i\u0161vydusi, kiek gyvybi\u0173 kainuoja mai\u0161tas, Mara ims dvejoti ? O gal klasta ir apgaul\u0117 u\u017egr\u016bdins j\u0105?<\/p>\n","protected":false},"excerpt":{"rendered":"<p>Jei a\u0161 kalavijas, tai nukaltas i\u0161 stiklo. Nes pradedu ai\u017e\u0117ti&#8230; Viena, k\u0105 Mara Barou tikrai \u017eino \u2013 ji yra kitokia. Maros kraujas raudonas kaip pras\u010diok\u0173, bet ji turi geb\u0117jim\u0173, b\u016bding\u0173 kilmingiesiems sidabriniams: gali valdyti \u017eaib\u0105. D\u0117l to mergina tampa gr\u0117smingu ginklu, jos gvie\u0161iasi karaliaus r\u016bmai. Vald\u017eios atstovai tvirtina, kad tokie kaip Mara nepasi\u017eymi jokiais geb\u0117jimais, kad ji t\u0117ra apgavik\u0117, bet pasprukusi nuo princo Maveno, niekingo i\u0161daviko, mergina su\u017eino priblo\u0161kian\u010di\u0105 ties\u0105: ji ne vienintel\u0117 tokia. Persekiojama ker\u0161tingojo Maveno, pasiskelbusio karaliumi, Mara ry\u017etasi surasti kitus pusiau raudonuosius, pusiau sidabrinius kovotojus ir \u012ftraukti juos \u012f mai\u0161t\u0105 prie\u0161 eng\u0117jus. Jos pasirinktas kelias pavojingas, \u017eengdama juo, mergina rizikuoja tapti tokia pa\u010dia pabaisa kaip tas, kur\u012f ji siekia \u012fveikti. Ar i\u0161vydusi, kiek gyvybi\u0173 kainuoja mai\u0161tas, Mara ims dvejoti ? O gal klasta ir apgaul\u0117 u\u017egr\u016bdins j\u0105?<\/p>\n","protected":false},"featured_media":19969,"comment_status":"open","ping_status":"closed","template":"","meta":{"_acf_changed":false,"site-sidebar-layout":"default","site-content-layout":"","ast-site-content-layout":"default","site-content-style":"default","site-sidebar-style":"default","ast-global-header-display":"","ast-banner-title-visibility":"","ast-main-header-display":"","ast-hfb-above-header-display":"","ast-hfb-below-header-display":"","ast-hfb-mobile-header-display":"","site-post-title":"","ast-breadcrumbs-content":"","ast-featured-img":"","footer-sml-layout":"","ast-disable-related-posts":"","theme-transparent-header-meta":"","adv-header-id-meta":"","stick-header-meta":"","header-above-stick-meta":"","header-main-stick-meta":"","header-below-stick-meta":"","astra-migrate-meta-layouts":"default","ast-page-background-enabled":"default","ast-page-background-meta":{"desktop":{"background-color":"","background-image":"","background-repeat":"repeat","background-position":"center center","background-size":"auto","background-attachment":"scroll","background-type":"","background-media":"","overlay-type":"","overlay-color":"","overlay-opacity":"","overlay-gradient":""},"tablet":{"background-color":"","background-image":"","background-repeat":"repeat","background-position":"center center","background-size":"auto","background-attachment":"scroll","background-type":"","background-media":"","overlay-type":"","overlay-color":"","overlay-opacity":"","overlay-gradient":""},"mobile":{"background-color":"","background-image":"","background-repeat":"repeat","background-position":"center center","background-size":"auto","background-attachment":"scroll","background-type":"","background-media":"","overlay-type":"","overlay-color":"","overlay-opacity":"","overlay-gradient":""}},"ast-content-background-meta":{"desktop":{"background-color":"var(--ast-global-color-4)","background-image":"","background-repeat":"repeat","background-position":"center center","background-size":"auto","background-attachment":"scroll","background-type":"","background-media":"","overlay-type":"","overlay-color":"","overlay-opacity":"","overlay-gradient":""},"tablet":{"background-color":"var(--ast-global-color-4)","background-image":"","background-repeat":"repeat","background-position":"center center","background-size":"auto","background-attachment":"scroll","background-type":"","background-media":"","overlay-type":"","overlay-color":"","overlay-opacity":"","overlay-gradient":""},"mobile":{"background-color":"var(--ast-global-color-4)","background-image":"","background-repeat":"repeat","background-position":"center center","background-size":"auto","background-attachment":"scroll","background-type":"","background-media":"","overlay-type":"","overlay-color":"","overlay-opacity":"","overlay-gradient":""}}},"product_brand":[],"product_cat":[31],"product_tag":[2477,1673,1504,2489,3368,6621],"class_list":{"0":"post-19964","1":"product","2":"type-product","3":"status-publish","4":"has-post-thumbnail","6":"product_cat-grozine-literatura","7":"product_tag-antgamtiniai-gebejimai","8":"product_tag-distopija","9":"product_tag-fantastika","10":"product_tag-jaunimo-literatura","11":"product_tag-maistas","12":"product_tag-victoria-aveyard","13":"desktop-align-left","14":"tablet-align-left","15":"mobile-align-left","17":"first","18":"instock","19":"shipping-taxable","20":"purchasable","21":"product-type-simple"},"acf":[],"yoast_head":"<!-- This site is optimized with the Yoast SEO plugin v27.0 - https:\/\/yoast.com\/product\/yoast-seo-wordpress\/ -->\n<title>Stiklo kalavijas<\/title>\n<meta name=\"description\" content=\"Jei a\u0161 kalavijas, tai nukaltas i\u0161 stiklo. Nes pradedu ai\u017e\u0117ti... Viena, k\u0105 Mara Barou tikrai \u017eino \u2013 ji yra kitokia. Maros kraujas raudonas kaip pras\u010diok\u0173,\" \/>\n<meta name=\"robots\" content=\"index, follow, max-snippet:-1, max-image-preview:large, max-video-preview:-1\" \/>\n<link rel=\"canonical\" href=\"https:\/\/skaitytaknyga.lt\/en\/produktas\/stiklo-kalavijas\/\" \/>\n<meta property=\"og:locale\" content=\"en_GB\" \/>\n<meta property=\"og:locale:alternate\" content=\"lt_LT\" \/>\n<meta property=\"og:type\" content=\"article\" \/>\n<meta property=\"og:title\" content=\"Stiklo kalavijas\" \/>\n<meta property=\"og:description\" content=\"Jei a\u0161 kalavijas, tai nukaltas i\u0161 stiklo. Nes pradedu ai\u017e\u0117ti... Viena, k\u0105 Mara Barou tikrai \u017eino \u2013 ji yra kitokia. Maros kraujas raudonas kaip pras\u010diok\u0173,\" \/>\n<meta property=\"og:url\" content=\"https:\/\/skaitytaknyga.lt\/en\/produktas\/stiklo-kalavijas\/\" \/>\n<meta property=\"og:site_name\" content=\"Skaitytaknyga\" \/>\n<meta property=\"article:publisher\" content=\"https:\/\/www.facebook.com\/skaitytaknyga\/\" \/>\n<meta property=\"article:modified_time\" content=\"2025-07-31T05:17:08+00:00\" \/>\n<meta property=\"og:image\" content=\"https:\/\/skaitytaknyga.lt\/wp-content\/uploads\/2025\/07\/Stiklo-kalavijas-1.webp\" \/>\n\t<meta property=\"og:image:width\" content=\"500\" \/>\n\t<meta property=\"og:image:height\" content=\"746\" \/>\n\t<meta property=\"og:image:type\" content=\"image\/webp\" \/>\n<meta name=\"twitter:card\" content=\"summary_large_image\" \/>\n<meta name=\"twitter:label1\" content=\"Estimated reading time\" \/>\n\t<meta name=\"twitter:data1\" content=\"1 minute\" \/>\n<script type=\"application\/ld+json\" class=\"yoast-schema-graph\">{\"@context\":\"https:\/\/schema.org\",\"@graph\":[{\"@type\":\"WebPage\",\"@id\":\"https:\/\/skaitytaknyga.lt\/produktas\/stiklo-kalavijas\/\",\"url\":\"https:\/\/skaitytaknyga.lt\/produktas\/stiklo-kalavijas\/\",\"name\":\"Stiklo kalavijas\",\"isPartOf\":{\"@id\":\"https:\/\/skaitytaknyga.lt\/#website\"},\"primaryImageOfPage\":{\"@id\":\"https:\/\/skaitytaknyga.lt\/produktas\/stiklo-kalavijas\/#primaryimage\"},\"image\":{\"@id\":\"https:\/\/skaitytaknyga.lt\/produktas\/stiklo-kalavijas\/#primaryimage\"},\"thumbnailUrl\":\"https:\/\/skaitytaknyga.lt\/wp-content\/uploads\/2025\/07\/Stiklo-kalavijas-1.webp\",\"datePublished\":\"2025-07-25T10:42:05+00:00\",\"dateModified\":\"2025-07-31T05:17:08+00:00\",\"description\":\"Jei a\u0161 kalavijas, tai nukaltas i\u0161 stiklo. Nes pradedu ai\u017e\u0117ti... Viena, k\u0105 Mara Barou tikrai \u017eino \u2013 ji yra kitokia. Maros kraujas raudonas kaip pras\u010diok\u0173,\",\"breadcrumb\":{\"@id\":\"https:\/\/skaitytaknyga.lt\/produktas\/stiklo-kalavijas\/#breadcrumb\"},\"inLanguage\":\"en-GB\",\"potentialAction\":[{\"@type\":\"ReadAction\",\"target\":[\"https:\/\/skaitytaknyga.lt\/produktas\/stiklo-kalavijas\/\"]}]},{\"@type\":\"ImageObject\",\"inLanguage\":\"en-GB\",\"@id\":\"https:\/\/skaitytaknyga.lt\/produktas\/stiklo-kalavijas\/#primaryimage\",\"url\":\"https:\/\/skaitytaknyga.lt\/wp-content\/uploads\/2025\/07\/Stiklo-kalavijas-1.webp\",\"contentUrl\":\"https:\/\/skaitytaknyga.lt\/wp-content\/uploads\/2025\/07\/Stiklo-kalavijas-1.webp\",\"width\":500,\"height\":746},{\"@type\":\"BreadcrumbList\",\"@id\":\"https:\/\/skaitytaknyga.lt\/produktas\/stiklo-kalavijas\/#breadcrumb\",\"itemListElement\":[{\"@type\":\"ListItem\",\"position\":1,\"name\":\"Home\",\"item\":\"https:\/\/skaitytaknyga.lt\/\"},{\"@type\":\"ListItem\",\"position\":2,\"name\":\"Parduotuv\u0117\",\"item\":\"https:\/\/skaitytaknyga.lt\/knygu-parduotuve\/\"},{\"@type\":\"ListItem\",\"position\":3,\"name\":\"Stiklo kalavijas\"}]},{\"@type\":\"WebSite\",\"@id\":\"https:\/\/skaitytaknyga.lt\/#website\",\"url\":\"https:\/\/skaitytaknyga.lt\/\",\"name\":\"skaitytaknyga.lt\",\"description\":\"Skaitytaknyga.lt \u2013 tai ma\u017eas \u0161eimos verslas, kuris prasid\u0117jo nuo meil\u0117s knygoms ir siekio i\u0161gelb\u0117ti knygas nuo likimo prie konteinerio. Kas vienam nereikalingas daiktas \u2013 kitam lobis, o mes esame tarpininkai, kurie padeda abiems tapti laimingesniems ???? \u017dinome kaip nelengva i\u0161gyventi ma\u017eiems verslams, tad nuo \u0161iol, \u010dia rasite ir kit\u0173, ma\u017e\u0173 \u0161eim\u0173 versl\u0173, rank\u0173 darbo, dovan\u0173 sau ir artimiesiems.\",\"publisher\":{\"@id\":\"https:\/\/skaitytaknyga.lt\/#organization\"},\"potentialAction\":[{\"@type\":\"SearchAction\",\"target\":{\"@type\":\"EntryPoint\",\"urlTemplate\":\"https:\/\/skaitytaknyga.lt\/?s={search_term_string}\"},\"query-input\":{\"@type\":\"PropertyValueSpecification\",\"valueRequired\":true,\"valueName\":\"search_term_string\"}}],\"inLanguage\":\"en-GB\"},{\"@type\":\"Organization\",\"@id\":\"https:\/\/skaitytaknyga.lt\/#organization\",\"name\":\"skaitytaknyga.lt\",\"url\":\"https:\/\/skaitytaknyga.lt\/\",\"logo\":{\"@type\":\"ImageObject\",\"inLanguage\":\"en-GB\",\"@id\":\"https:\/\/skaitytaknyga.lt\/#\/schema\/logo\/image\/\",\"url\":\"https:\/\/skaitytaknyga.lt\/wp-content\/uploads\/2024\/05\/cropped-cropped-cropped-02_00843_jt3bggkj1j3HLc7SyY6rEUpg.jpeg\",\"contentUrl\":\"https:\/\/skaitytaknyga.lt\/wp-content\/uploads\/2024\/05\/cropped-cropped-cropped-02_00843_jt3bggkj1j3HLc7SyY6rEUpg.jpeg\",\"width\":1600,\"height\":1600,\"caption\":\"skaitytaknyga.lt\"},\"image\":{\"@id\":\"https:\/\/skaitytaknyga.lt\/#\/schema\/logo\/image\/\"},\"sameAs\":[\"https:\/\/www.facebook.com\/skaitytaknyga\/\"]}]}<\/script>\n<!-- \/ Yoast SEO plugin. -->","yoast_head_json":{"title":"Stiklo kalavijas","description":"Jei a\u0161 kalavijas, tai nukaltas i\u0161 stiklo. Nes pradedu ai\u017e\u0117ti... Viena, k\u0105 Mara Barou tikrai \u017eino \u2013 ji yra kitokia. Maros kraujas raudonas kaip pras\u010diok\u0173,","robots":{"index":"index","follow":"follow","max-snippet":"max-snippet:-1","max-image-preview":"max-image-preview:large","max-video-preview":"max-video-preview:-1"},"canonical":"https:\/\/skaitytaknyga.lt\/en\/produktas\/stiklo-kalavijas\/","og_locale":"en_GB","og_type":"article","og_title":"[:lt]Stiklo kalavijas[:] - Skaitytaknyga","og_description":"Jei a\u0161 kalavijas, tai nukaltas i\u0161 stiklo. Nes pradedu ai\u017e\u0117ti... Viena, k\u0105 Mara Barou tikrai \u017eino \u2013 ji yra kitokia. Maros kraujas raudonas kaip pras\u010diok\u0173,","og_url":"https:\/\/skaitytaknyga.lt\/en\/produktas\/stiklo-kalavijas\/","og_site_name":"Skaitytaknyga","article_publisher":"https:\/\/www.facebook.com\/skaitytaknyga\/","article_modified_time":"2025-07-31T05:17:08+00:00","og_image":[{"width":500,"height":746,"url":"https:\/\/skaitytaknyga.lt\/wp-content\/uploads\/2025\/07\/Stiklo-kalavijas-1.webp","type":"image\/webp"}],"twitter_card":"summary_large_image","twitter_misc":{"Estimated reading time":"1 minute"},"schema":{"@context":"https:\/\/schema.org","@graph":[{"@type":"WebPage","@id":"https:\/\/skaitytaknyga.lt\/produktas\/stiklo-kalavijas\/","url":"https:\/\/skaitytaknyga.lt\/produktas\/stiklo-kalavijas\/","name":"Stiklo kalavijas","isPartOf":{"@id":"https:\/\/skaitytaknyga.lt\/#website"},"primaryImageOfPage":{"@id":"https:\/\/skaitytaknyga.lt\/produktas\/stiklo-kalavijas\/#primaryimage"},"image":{"@id":"https:\/\/skaitytaknyga.lt\/produktas\/stiklo-kalavijas\/#primaryimage"},"thumbnailUrl":"https:\/\/skaitytaknyga.lt\/wp-content\/uploads\/2025\/07\/Stiklo-kalavijas-1.webp","datePublished":"2025-07-25T10:42:05+00:00","dateModified":"2025-07-31T05:17:08+00:00","description":"Jei a\u0161 kalavijas, tai nukaltas i\u0161 stiklo. Nes pradedu ai\u017e\u0117ti... Viena, k\u0105 Mara Barou tikrai \u017eino \u2013 ji yra kitokia. Maros kraujas raudonas kaip pras\u010diok\u0173,","breadcrumb":{"@id":"https:\/\/skaitytaknyga.lt\/produktas\/stiklo-kalavijas\/#breadcrumb"},"inLanguage":"en-GB","potentialAction":[{"@type":"ReadAction","target":["https:\/\/skaitytaknyga.lt\/produktas\/stiklo-kalavijas\/"]}]},{"@type":"ImageObject","inLanguage":"en-GB","@id":"https:\/\/skaitytaknyga.lt\/produktas\/stiklo-kalavijas\/#primaryimage","url":"https:\/\/skaitytaknyga.lt\/wp-content\/uploads\/2025\/07\/Stiklo-kalavijas-1.webp","contentUrl":"https:\/\/skaitytaknyga.lt\/wp-content\/uploads\/2025\/07\/Stiklo-kalavijas-1.webp","width":500,"height":746},{"@type":"BreadcrumbList","@id":"https:\/\/skaitytaknyga.lt\/produktas\/stiklo-kalavijas\/#breadcrumb","itemListElement":[{"@type":"ListItem","position":1,"name":"Home","item":"https:\/\/skaitytaknyga.lt\/"},{"@type":"ListItem","position":2,"name":"Parduotuv\u0117","item":"https:\/\/skaitytaknyga.lt\/knygu-parduotuve\/"},{"@type":"ListItem","position":3,"name":"Stiklo kalavijas"}]},{"@type":"WebSite","@id":"https:\/\/skaitytaknyga.lt\/#website","url":"https:\/\/skaitytaknyga.lt\/","name":"skaitytaknyga.lt","description":"Skaitytaknyga.lt \u2013 tai ma\u017eas \u0161eimos verslas, kuris prasid\u0117jo nuo meil\u0117s knygoms ir siekio i\u0161gelb\u0117ti knygas nuo likimo prie konteinerio. Kas vienam nereikalingas daiktas \u2013 kitam lobis, o mes esame tarpininkai, kurie padeda abiems tapti laimingesniems ???? \u017dinome kaip nelengva i\u0161gyventi ma\u017eiems verslams, tad nuo \u0161iol, \u010dia rasite ir kit\u0173, ma\u017e\u0173 \u0161eim\u0173 versl\u0173, rank\u0173 darbo, dovan\u0173 sau ir artimiesiems.","publisher":{"@id":"https:\/\/skaitytaknyga.lt\/#organization"},"potentialAction":[{"@type":"SearchAction","target":{"@type":"EntryPoint","urlTemplate":"https:\/\/skaitytaknyga.lt\/?s={search_term_string}"},"query-input":{"@type":"PropertyValueSpecification","valueRequired":true,"valueName":"search_term_string"}}],"inLanguage":"en-GB"},{"@type":"Organization","@id":"https:\/\/skaitytaknyga.lt\/#organization","name":"skaitytaknyga.lt","url":"https:\/\/skaitytaknyga.lt\/","logo":{"@type":"ImageObject","inLanguage":"en-GB","@id":"https:\/\/skaitytaknyga.lt\/#\/schema\/logo\/image\/","url":"https:\/\/skaitytaknyga.lt\/wp-content\/uploads\/2024\/05\/cropped-cropped-cropped-02_00843_jt3bggkj1j3HLc7SyY6rEUpg.jpeg","contentUrl":"https:\/\/skaitytaknyga.lt\/wp-content\/uploads\/2024\/05\/cropped-cropped-cropped-02_00843_jt3bggkj1j3HLc7SyY6rEUpg.jpeg","width":1600,"height":1600,"caption":"skaitytaknyga.lt"},"image":{"@id":"https:\/\/skaitytaknyga.lt\/#\/schema\/logo\/image\/"},"sameAs":["https:\/\/www.facebook.com\/skaitytaknyga\/"]}]}},"_links":{"self":[{"href":"https:\/\/skaitytaknyga.lt\/en\/wp-json\/wp\/v2\/product\/19964","targetHints":{"allow":["GET"]}}],"collection":[{"href":"https:\/\/skaitytaknyga.lt\/en\/wp-json\/wp\/v2\/product"}],"about":[{"href":"https:\/\/skaitytaknyga.lt\/en\/wp-json\/wp\/v2\/types\/product"}],"replies":[{"embeddable":true,"href":"https:\/\/skaitytaknyga.lt\/en\/wp-json\/wp\/v2\/comments?post=19964"}],"wp:featuredmedia":[{"embeddable":true,"href":"https:\/\/skaitytaknyga.lt\/en\/wp-json\/wp\/v2\/media\/19969"}],"wp:attachment":[{"href":"https:\/\/skaitytaknyga.lt\/en\/wp-json\/wp\/v2\/media?parent=19964"}],"wp:term":[{"taxonomy":"product_brand","embeddable":true,"href":"https:\/\/skaitytaknyga.lt\/en\/wp-json\/wp\/v2\/product_brand?post=19964"},{"taxonomy":"product_cat","embeddable":true,"href":"https:\/\/skaitytaknyga.lt\/en\/wp-json\/wp\/v2\/product_cat?post=19964"},{"taxonomy":"product_tag","embeddable":true,"href":"https:\/\/skaitytaknyga.lt\/en\/wp-json\/wp\/v2\/product_tag?post=19964"}],"curies":[{"name":"wp","href":"https:\/\/api.w.org\/{rel}","templated":true}]}}