{"id":19963,"date":"2025-07-25T13:42:05","date_gmt":"2025-07-25T10:42:05","guid":{"rendered":"https:\/\/skaitytaknyga.lt\/?post_type=product&#038;p=19963"},"modified":"2026-03-18T11:28:12","modified_gmt":"2026-03-18T09:28:12","slug":"jeruzales-deimantas","status":"publish","type":"product","link":"https:\/\/skaitytaknyga.lt\/en\/produktas\/jeruzales-deimantas\/","title":{"rendered":"Jeruzal\u0117s deimantas"},"content":{"rendered":"<p>Puikiai \u017einom\u0173 roman\u0173 \u201eGydytojas. Avicenos mokinys&#8221; ir \u201e\u0160amanas&#8221; autoriaus knyga supa\u017eindina su deimant\u0173 verslo u\u017ekulisiais ir pateikia daug \u012fdomios religin\u0117s, istorin\u0117s ir archeologin\u0117s informacijos apie \u0160vent\u0105j\u0105 \u017dem\u0119 ir Jeruzal\u0119.<\/p>\n<p>Deimant\u0173 \u0161lifuotoj\u0105 i\u0161 senos ir garbingos Europos juvelyr\u0173 gimin\u0117s niujorkiet\u012f Har\u012f Houpman\u0105 sudomino nepaprasto geltonojo \u201eJeruzal\u0117s deimanto&#8221; istorija, siekianti net biblinio karaliaus Saliamono laikus. Kai jo papra\u0161oma pagalbos sugr\u0105\u017einant legendin\u012f akmen\u012f Izraeliui, jis noriai sutinka.<\/p>\n<p>Bet, atvyk\u0119s \u012f neramius Vidurinius Rytus, Haris \u012fsitikina, kad misija bus sunki. Visos trys \u0160ventosios \u017dem\u0117s religijos \u2013 judaizmas, krik\u0161\u010dionyb\u0117 ir islamas \u2013 gvie\u0161iasi ne\u012fkainojamo brangakmenio.<\/p>\n<p>Bendradarbiaudamas su Izraelio vyriausyb\u0117s agente Tamara \u0160traus, Izraelio muziejaus kuratore, kurios dr\u0105sa, protas ir gro\u017eis atvyk\u0117liui \u012fkvepia ir aistr\u0105, ir pagarb\u0105, Houpmanas \u012fsivelia \u012f penki\u0173 \u0161imtme\u010di\u0173 senumo paslaptis ir intrigas.<\/p>\n<p>Skaitytojas, sekdamas pinklias deimanto klajones, susipynusias su Houpmano gimin\u0117s likimu, i\u0161gyvendamas kruvinus konfliktus, susipa\u017eins su \u0160vent\u0105ja \u017deme, jos istorija ir papro\u010diais, su \u0161alies \u017emon\u0117mis ir kasdieniu j\u0173 gyvenimu.<\/p>\n","protected":false},"excerpt":{"rendered":"<p>Puikiai \u017einom\u0173 roman\u0173 \u201eGydytojas. Avicenos mokinys&#8221; ir \u201e\u0160amanas&#8221; autoriaus knyga supa\u017eindina su deimant\u0173 verslo u\u017ekulisiais ir pateikia daug \u012fdomios religin\u0117s, istorin\u0117s ir archeologin\u0117s informacijos apie \u0160vent\u0105j\u0105 \u017dem\u0119 ir Jeruzal\u0119. Deimant\u0173 \u0161lifuotoj\u0105 i\u0161 senos ir garbingos Europos juvelyr\u0173 gimin\u0117s niujorkiet\u012f Har\u012f Houpman\u0105 sudomino nepaprasto geltonojo \u201eJeruzal\u0117s deimanto&#8221; istorija, siekianti net biblinio karaliaus Saliamono laikus. Kai jo papra\u0161oma pagalbos sugr\u0105\u017einant legendin\u012f akmen\u012f Izraeliui, jis noriai sutinka. Bet, atvyk\u0119s \u012f neramius Vidurinius Rytus, Haris \u012fsitikina, kad misija bus sunki. Visos trys \u0160ventosios \u017dem\u0117s religijos \u2013 judaizmas, krik\u0161\u010dionyb\u0117 ir islamas \u2013 gvie\u0161iasi ne\u012fkainojamo brangakmenio. Bendradarbiaudamas su Izraelio vyriausyb\u0117s agente Tamara \u0160traus, Izraelio muziejaus kuratore, kurios dr\u0105sa, protas ir gro\u017eis atvyk\u0117liui \u012fkvepia ir aistr\u0105, ir pagarb\u0105, Houpmanas \u012fsivelia \u012f penki\u0173 \u0161imtme\u010di\u0173 senumo paslaptis ir intrigas. Skaitytojas, sekdamas pinklias deimanto klajones, susipynusias su Houpmano gimin\u0117s likimu, i\u0161gyvendamas kruvinus konfliktus, susipa\u017eins su \u0160vent\u0105ja \u017deme, jos istorija ir papro\u010diais, su \u0161alies \u017emon\u0117mis ir kasdieniu j\u0173 gyvenimu.<\/p>\n","protected":false},"featured_media":19968,"comment_status":"open","ping_status":"closed","template":"","meta":{"_acf_changed":false,"site-sidebar-layout":"default","site-content-layout":"","ast-site-content-layout":"default","site-content-style":"default","site-sidebar-style":"default","ast-global-header-display":"","ast-banner-title-visibility":"","ast-main-header-display":"","ast-hfb-above-header-display":"","ast-hfb-below-header-display":"","ast-hfb-mobile-header-display":"","site-post-title":"","ast-breadcrumbs-content":"","ast-featured-img":"","footer-sml-layout":"","ast-disable-related-posts":"","theme-transparent-header-meta":"","adv-header-id-meta":"","stick-header-meta":"","header-above-stick-meta":"","header-main-stick-meta":"","header-below-stick-meta":"","astra-migrate-meta-layouts":"default","ast-page-background-enabled":"default","ast-page-background-meta":{"desktop":{"background-color":"","background-image":"","background-repeat":"repeat","background-position":"center center","background-size":"auto","background-attachment":"scroll","background-type":"","background-media":"","overlay-type":"","overlay-color":"","overlay-opacity":"","overlay-gradient":""},"tablet":{"background-color":"","background-image":"","background-repeat":"repeat","background-position":"center center","background-size":"auto","background-attachment":"scroll","background-type":"","background-media":"","overlay-type":"","overlay-color":"","overlay-opacity":"","overlay-gradient":""},"mobile":{"background-color":"","background-image":"","background-repeat":"repeat","background-position":"center center","background-size":"auto","background-attachment":"scroll","background-type":"","background-media":"","overlay-type":"","overlay-color":"","overlay-opacity":"","overlay-gradient":""}},"ast-content-background-meta":{"desktop":{"background-color":"var(--ast-global-color-4)","background-image":"","background-repeat":"repeat","background-position":"center center","background-size":"auto","background-attachment":"scroll","background-type":"","background-media":"","overlay-type":"","overlay-color":"","overlay-opacity":"","overlay-gradient":""},"tablet":{"background-color":"var(--ast-global-color-4)","background-image":"","background-repeat":"repeat","background-position":"center center","background-size":"auto","background-attachment":"scroll","background-type":"","background-media":"","overlay-type":"","overlay-color":"","overlay-opacity":"","overlay-gradient":""},"mobile":{"background-color":"var(--ast-global-color-4)","background-image":"","background-repeat":"repeat","background-position":"center center","background-size":"auto","background-attachment":"scroll","background-type":"","background-media":"","overlay-type":"","overlay-color":"","overlay-opacity":"","overlay-gradient":""}}},"product_brand":[],"product_cat":[9618],"product_tag":[6917,2632,2069,6918,6912,6919],"class_list":{"0":"post-19963","1":"product","2":"type-product","3":"status-publish","4":"has-post-thumbnail","6":"product_cat-istoriniai-romanai","7":"product_tag-deimantai","8":"product_tag-intrigos","9":"product_tag-istorinis-romanas","10":"product_tag-jeruzale","11":"product_tag-noah-gordon","12":"product_tag-religines-temos","13":"desktop-align-left","14":"tablet-align-left","15":"mobile-align-left","17":"first","18":"instock","19":"shipping-taxable","20":"purchasable","21":"product-type-simple"},"acf":[],"yoast_head":"<!-- This site is optimized with the Yoast SEO plugin v27.0 - https:\/\/yoast.com\/product\/yoast-seo-wordpress\/ -->\n<title>Jeruzal\u0117s deimantas<\/title>\n<meta name=\"description\" content=\"Puikiai \u017einom\u0173 roman\u0173 \u201eGydytojas. Avicenos mokinys&quot; ir \u201e\u0160amanas&quot; autoriaus knyga supa\u017eindina su deimant\u0173 verslo u\u017ekulisiais ir pateikia daug \u012fdomios\" \/>\n<meta name=\"robots\" content=\"index, follow, max-snippet:-1, max-image-preview:large, max-video-preview:-1\" \/>\n<link rel=\"canonical\" href=\"https:\/\/skaitytaknyga.lt\/en\/produktas\/jeruzales-deimantas\/\" \/>\n<meta property=\"og:locale\" content=\"en_GB\" \/>\n<meta property=\"og:locale:alternate\" content=\"lt_LT\" \/>\n<meta property=\"og:type\" content=\"article\" \/>\n<meta property=\"og:title\" content=\"Jeruzal\u0117s deimantas\" \/>\n<meta property=\"og:description\" content=\"Puikiai \u017einom\u0173 roman\u0173 \u201eGydytojas. Avicenos mokinys&quot; ir \u201e\u0160amanas&quot; autoriaus knyga supa\u017eindina su deimant\u0173 verslo u\u017ekulisiais ir pateikia daug \u012fdomios\" \/>\n<meta property=\"og:url\" content=\"https:\/\/skaitytaknyga.lt\/en\/produktas\/jeruzales-deimantas\/\" \/>\n<meta property=\"og:site_name\" content=\"Skaitytaknyga\" \/>\n<meta property=\"article:publisher\" content=\"https:\/\/www.facebook.com\/skaitytaknyga\/\" \/>\n<meta property=\"article:modified_time\" content=\"2026-03-18T09:28:12+00:00\" \/>\n<meta property=\"og:image\" content=\"https:\/\/skaitytaknyga.lt\/wp-content\/uploads\/2025\/07\/Jeruzales-deimantas-1.webp\" \/>\n\t<meta property=\"og:image:width\" content=\"402\" \/>\n\t<meta property=\"og:image:height\" content=\"600\" \/>\n\t<meta property=\"og:image:type\" content=\"image\/webp\" \/>\n<meta name=\"twitter:card\" content=\"summary_large_image\" \/>\n<meta name=\"twitter:label1\" content=\"Estimated reading time\" \/>\n\t<meta name=\"twitter:data1\" content=\"1 minute\" \/>\n<script type=\"application\/ld+json\" class=\"yoast-schema-graph\">{\"@context\":\"https:\/\/schema.org\",\"@graph\":[{\"@type\":\"WebPage\",\"@id\":\"https:\/\/skaitytaknyga.lt\/produktas\/jeruzales-deimantas\/\",\"url\":\"https:\/\/skaitytaknyga.lt\/produktas\/jeruzales-deimantas\/\",\"name\":\"Jeruzal\u0117s deimantas\",\"isPartOf\":{\"@id\":\"https:\/\/skaitytaknyga.lt\/#website\"},\"primaryImageOfPage\":{\"@id\":\"https:\/\/skaitytaknyga.lt\/produktas\/jeruzales-deimantas\/#primaryimage\"},\"image\":{\"@id\":\"https:\/\/skaitytaknyga.lt\/produktas\/jeruzales-deimantas\/#primaryimage\"},\"thumbnailUrl\":\"https:\/\/skaitytaknyga.lt\/wp-content\/uploads\/2025\/07\/Jeruzales-deimantas-1.webp\",\"datePublished\":\"2025-07-25T10:42:05+00:00\",\"dateModified\":\"2026-03-18T09:28:12+00:00\",\"description\":\"Puikiai \u017einom\u0173 roman\u0173 \u201eGydytojas. Avicenos mokinys\\\" ir \u201e\u0160amanas\\\" autoriaus knyga supa\u017eindina su deimant\u0173 verslo u\u017ekulisiais ir pateikia daug \u012fdomios\",\"breadcrumb\":{\"@id\":\"https:\/\/skaitytaknyga.lt\/produktas\/jeruzales-deimantas\/#breadcrumb\"},\"inLanguage\":\"en-GB\",\"potentialAction\":[{\"@type\":\"ReadAction\",\"target\":[\"https:\/\/skaitytaknyga.lt\/produktas\/jeruzales-deimantas\/\"]}]},{\"@type\":\"ImageObject\",\"inLanguage\":\"en-GB\",\"@id\":\"https:\/\/skaitytaknyga.lt\/produktas\/jeruzales-deimantas\/#primaryimage\",\"url\":\"https:\/\/skaitytaknyga.lt\/wp-content\/uploads\/2025\/07\/Jeruzales-deimantas-1.webp\",\"contentUrl\":\"https:\/\/skaitytaknyga.lt\/wp-content\/uploads\/2025\/07\/Jeruzales-deimantas-1.webp\",\"width\":402,\"height\":600},{\"@type\":\"BreadcrumbList\",\"@id\":\"https:\/\/skaitytaknyga.lt\/produktas\/jeruzales-deimantas\/#breadcrumb\",\"itemListElement\":[{\"@type\":\"ListItem\",\"position\":1,\"name\":\"Home\",\"item\":\"https:\/\/skaitytaknyga.lt\/\"},{\"@type\":\"ListItem\",\"position\":2,\"name\":\"Parduotuv\u0117\",\"item\":\"https:\/\/skaitytaknyga.lt\/knygu-parduotuve\/\"},{\"@type\":\"ListItem\",\"position\":3,\"name\":\"Jeruzal\u0117s deimantas\"}]},{\"@type\":\"WebSite\",\"@id\":\"https:\/\/skaitytaknyga.lt\/#website\",\"url\":\"https:\/\/skaitytaknyga.lt\/\",\"name\":\"skaitytaknyga.lt\",\"description\":\"Skaitytaknyga.lt \u2013 tai ma\u017eas \u0161eimos verslas, kuris prasid\u0117jo nuo meil\u0117s knygoms ir siekio i\u0161gelb\u0117ti knygas nuo likimo prie konteinerio. Kas vienam nereikalingas daiktas \u2013 kitam lobis, o mes esame tarpininkai, kurie padeda abiems tapti laimingesniems ???? \u017dinome kaip nelengva i\u0161gyventi ma\u017eiems verslams, tad nuo \u0161iol, \u010dia rasite ir kit\u0173, ma\u017e\u0173 \u0161eim\u0173 versl\u0173, rank\u0173 darbo, dovan\u0173 sau ir artimiesiems.\",\"publisher\":{\"@id\":\"https:\/\/skaitytaknyga.lt\/#organization\"},\"potentialAction\":[{\"@type\":\"SearchAction\",\"target\":{\"@type\":\"EntryPoint\",\"urlTemplate\":\"https:\/\/skaitytaknyga.lt\/?s={search_term_string}\"},\"query-input\":{\"@type\":\"PropertyValueSpecification\",\"valueRequired\":true,\"valueName\":\"search_term_string\"}}],\"inLanguage\":\"en-GB\"},{\"@type\":\"Organization\",\"@id\":\"https:\/\/skaitytaknyga.lt\/#organization\",\"name\":\"skaitytaknyga.lt\",\"url\":\"https:\/\/skaitytaknyga.lt\/\",\"logo\":{\"@type\":\"ImageObject\",\"inLanguage\":\"en-GB\",\"@id\":\"https:\/\/skaitytaknyga.lt\/#\/schema\/logo\/image\/\",\"url\":\"https:\/\/skaitytaknyga.lt\/wp-content\/uploads\/2024\/05\/cropped-cropped-cropped-02_00843_jt3bggkj1j3HLc7SyY6rEUpg.jpeg\",\"contentUrl\":\"https:\/\/skaitytaknyga.lt\/wp-content\/uploads\/2024\/05\/cropped-cropped-cropped-02_00843_jt3bggkj1j3HLc7SyY6rEUpg.jpeg\",\"width\":1600,\"height\":1600,\"caption\":\"skaitytaknyga.lt\"},\"image\":{\"@id\":\"https:\/\/skaitytaknyga.lt\/#\/schema\/logo\/image\/\"},\"sameAs\":[\"https:\/\/www.facebook.com\/skaitytaknyga\/\"]}]}<\/script>\n<!-- \/ Yoast SEO plugin. -->","yoast_head_json":{"title":"Jeruzal\u0117s deimantas","description":"Puikiai \u017einom\u0173 roman\u0173 \u201eGydytojas. Avicenos mokinys\" ir \u201e\u0160amanas\" autoriaus knyga supa\u017eindina su deimant\u0173 verslo u\u017ekulisiais ir pateikia daug \u012fdomios","robots":{"index":"index","follow":"follow","max-snippet":"max-snippet:-1","max-image-preview":"max-image-preview:large","max-video-preview":"max-video-preview:-1"},"canonical":"https:\/\/skaitytaknyga.lt\/en\/produktas\/jeruzales-deimantas\/","og_locale":"en_GB","og_type":"article","og_title":"[:lt]Jeruzal\u0117s deimantas[:] - Skaitytaknyga","og_description":"Puikiai \u017einom\u0173 roman\u0173 \u201eGydytojas. Avicenos mokinys\" ir \u201e\u0160amanas\" autoriaus knyga supa\u017eindina su deimant\u0173 verslo u\u017ekulisiais ir pateikia daug \u012fdomios","og_url":"https:\/\/skaitytaknyga.lt\/en\/produktas\/jeruzales-deimantas\/","og_site_name":"Skaitytaknyga","article_publisher":"https:\/\/www.facebook.com\/skaitytaknyga\/","article_modified_time":"2026-03-18T09:28:12+00:00","og_image":[{"width":402,"height":600,"url":"https:\/\/skaitytaknyga.lt\/wp-content\/uploads\/2025\/07\/Jeruzales-deimantas-1.webp","type":"image\/webp"}],"twitter_card":"summary_large_image","twitter_misc":{"Estimated reading time":"1 minute"},"schema":{"@context":"https:\/\/schema.org","@graph":[{"@type":"WebPage","@id":"https:\/\/skaitytaknyga.lt\/produktas\/jeruzales-deimantas\/","url":"https:\/\/skaitytaknyga.lt\/produktas\/jeruzales-deimantas\/","name":"Jeruzal\u0117s deimantas","isPartOf":{"@id":"https:\/\/skaitytaknyga.lt\/#website"},"primaryImageOfPage":{"@id":"https:\/\/skaitytaknyga.lt\/produktas\/jeruzales-deimantas\/#primaryimage"},"image":{"@id":"https:\/\/skaitytaknyga.lt\/produktas\/jeruzales-deimantas\/#primaryimage"},"thumbnailUrl":"https:\/\/skaitytaknyga.lt\/wp-content\/uploads\/2025\/07\/Jeruzales-deimantas-1.webp","datePublished":"2025-07-25T10:42:05+00:00","dateModified":"2026-03-18T09:28:12+00:00","description":"Puikiai \u017einom\u0173 roman\u0173 \u201eGydytojas. Avicenos mokinys\" ir \u201e\u0160amanas\" autoriaus knyga supa\u017eindina su deimant\u0173 verslo u\u017ekulisiais ir pateikia daug \u012fdomios","breadcrumb":{"@id":"https:\/\/skaitytaknyga.lt\/produktas\/jeruzales-deimantas\/#breadcrumb"},"inLanguage":"en-GB","potentialAction":[{"@type":"ReadAction","target":["https:\/\/skaitytaknyga.lt\/produktas\/jeruzales-deimantas\/"]}]},{"@type":"ImageObject","inLanguage":"en-GB","@id":"https:\/\/skaitytaknyga.lt\/produktas\/jeruzales-deimantas\/#primaryimage","url":"https:\/\/skaitytaknyga.lt\/wp-content\/uploads\/2025\/07\/Jeruzales-deimantas-1.webp","contentUrl":"https:\/\/skaitytaknyga.lt\/wp-content\/uploads\/2025\/07\/Jeruzales-deimantas-1.webp","width":402,"height":600},{"@type":"BreadcrumbList","@id":"https:\/\/skaitytaknyga.lt\/produktas\/jeruzales-deimantas\/#breadcrumb","itemListElement":[{"@type":"ListItem","position":1,"name":"Home","item":"https:\/\/skaitytaknyga.lt\/"},{"@type":"ListItem","position":2,"name":"Parduotuv\u0117","item":"https:\/\/skaitytaknyga.lt\/knygu-parduotuve\/"},{"@type":"ListItem","position":3,"name":"Jeruzal\u0117s deimantas"}]},{"@type":"WebSite","@id":"https:\/\/skaitytaknyga.lt\/#website","url":"https:\/\/skaitytaknyga.lt\/","name":"skaitytaknyga.lt","description":"Skaitytaknyga.lt \u2013 tai ma\u017eas \u0161eimos verslas, kuris prasid\u0117jo nuo meil\u0117s knygoms ir siekio i\u0161gelb\u0117ti knygas nuo likimo prie konteinerio. Kas vienam nereikalingas daiktas \u2013 kitam lobis, o mes esame tarpininkai, kurie padeda abiems tapti laimingesniems ???? \u017dinome kaip nelengva i\u0161gyventi ma\u017eiems verslams, tad nuo \u0161iol, \u010dia rasite ir kit\u0173, ma\u017e\u0173 \u0161eim\u0173 versl\u0173, rank\u0173 darbo, dovan\u0173 sau ir artimiesiems.","publisher":{"@id":"https:\/\/skaitytaknyga.lt\/#organization"},"potentialAction":[{"@type":"SearchAction","target":{"@type":"EntryPoint","urlTemplate":"https:\/\/skaitytaknyga.lt\/?s={search_term_string}"},"query-input":{"@type":"PropertyValueSpecification","valueRequired":true,"valueName":"search_term_string"}}],"inLanguage":"en-GB"},{"@type":"Organization","@id":"https:\/\/skaitytaknyga.lt\/#organization","name":"skaitytaknyga.lt","url":"https:\/\/skaitytaknyga.lt\/","logo":{"@type":"ImageObject","inLanguage":"en-GB","@id":"https:\/\/skaitytaknyga.lt\/#\/schema\/logo\/image\/","url":"https:\/\/skaitytaknyga.lt\/wp-content\/uploads\/2024\/05\/cropped-cropped-cropped-02_00843_jt3bggkj1j3HLc7SyY6rEUpg.jpeg","contentUrl":"https:\/\/skaitytaknyga.lt\/wp-content\/uploads\/2024\/05\/cropped-cropped-cropped-02_00843_jt3bggkj1j3HLc7SyY6rEUpg.jpeg","width":1600,"height":1600,"caption":"skaitytaknyga.lt"},"image":{"@id":"https:\/\/skaitytaknyga.lt\/#\/schema\/logo\/image\/"},"sameAs":["https:\/\/www.facebook.com\/skaitytaknyga\/"]}]}},"_links":{"self":[{"href":"https:\/\/skaitytaknyga.lt\/en\/wp-json\/wp\/v2\/product\/19963","targetHints":{"allow":["GET"]}}],"collection":[{"href":"https:\/\/skaitytaknyga.lt\/en\/wp-json\/wp\/v2\/product"}],"about":[{"href":"https:\/\/skaitytaknyga.lt\/en\/wp-json\/wp\/v2\/types\/product"}],"replies":[{"embeddable":true,"href":"https:\/\/skaitytaknyga.lt\/en\/wp-json\/wp\/v2\/comments?post=19963"}],"wp:featuredmedia":[{"embeddable":true,"href":"https:\/\/skaitytaknyga.lt\/en\/wp-json\/wp\/v2\/media\/19968"}],"wp:attachment":[{"href":"https:\/\/skaitytaknyga.lt\/en\/wp-json\/wp\/v2\/media?parent=19963"}],"wp:term":[{"taxonomy":"product_brand","embeddable":true,"href":"https:\/\/skaitytaknyga.lt\/en\/wp-json\/wp\/v2\/product_brand?post=19963"},{"taxonomy":"product_cat","embeddable":true,"href":"https:\/\/skaitytaknyga.lt\/en\/wp-json\/wp\/v2\/product_cat?post=19963"},{"taxonomy":"product_tag","embeddable":true,"href":"https:\/\/skaitytaknyga.lt\/en\/wp-json\/wp\/v2\/product_tag?post=19963"}],"curies":[{"name":"wp","href":"https:\/\/api.w.org\/{rel}","templated":true}]}}