{"id":19962,"date":"2025-07-25T13:42:05","date_gmt":"2025-07-25T10:42:05","guid":{"rendered":"https:\/\/skaitytaknyga.lt\/?post_type=product&#038;p=19962"},"modified":"2026-03-18T11:28:12","modified_gmt":"2026-03-18T09:28:12","slug":"rabis","status":"publish","type":"product","link":"https:\/\/skaitytaknyga.lt\/en\/produktas\/rabis\/","title":{"rendered":"Rabis"},"content":{"rendered":"<p>Puikiai \u017einom\u0173 roman\u0173 \u201eGydytojas. Avicenos mokinys&#8221; ir \u201e\u0160amanas&#8221; autorius Noah Gordonas romane \u201eRabis&#8221; pasakoja talentingo religinio lyderio, susidurian\u010dio su visiems \u017emon\u0117ms \u012fprastais sunkumais, istorij\u0105.<\/p>\n<p>Jaunas, ambicingas ir talentingas rabinas Maiklas Kaindas, XX a. tre\u010diajame de\u0161imtmetyje aug\u0119s Niujorko \u017eyd\u0173 kvartale, pamilsta protestant\u0173 pastoriaus dukter\u012f. Papro\u010di\u0173 skirtumai pastoja keli\u0105 meilei ir tik abiej\u0173 mylim\u0173j\u0173 dvasin\u0117 stipryb\u0117 padeda likti i\u0161tikimiems, i\u0161saugoti savo jausmus. Tai ie\u0161kojim\u0173, klaid\u0173 ir laim\u0117jim\u0173 istorija pasirinkus tarnyst\u0117s \u017emon\u0117ms keli\u0105, nevergaujant savo religijai, bet ir jos nei\u0161duodant.<\/p>\n<p>1926 m. JAV, Masa\u010dusetso valstijoje, gim\u0119s Noah Gordonas pirm\u0105j\u0105 knyg\u0105 i\u0161leido b\u016bdamas 39-eri\u0173. Ra\u0161ytojas tarptautiniu mastu i\u0161gars\u0117jo para\u0161\u0119s roman\u0105 \u201eGydytojas. Avicenos mokinys&#8221; (liet. 2016). Autorius yra i\u0161leid\u0119s devynis istorinius romanus, jie peln\u0117 ne vien\u0105 premij\u0105 ir yra vertinami viso pasaulio skaitytoj\u0173 bei kritik\u0173. Romanas \u201eRabis&#8221; (1965) \u2013 pirmoji Gordono k\u016brybin\u0117s biografijos knyga.<\/p>\n","protected":false},"excerpt":{"rendered":"<p>Puikiai \u017einom\u0173 roman\u0173 \u201eGydytojas. Avicenos mokinys&#8221; ir \u201e\u0160amanas&#8221; autorius Noah Gordonas romane \u201eRabis&#8221; pasakoja talentingo religinio lyderio, susidurian\u010dio su visiems \u017emon\u0117ms \u012fprastais sunkumais, istorij\u0105. Jaunas, ambicingas ir talentingas rabinas Maiklas Kaindas, XX a. tre\u010diajame de\u0161imtmetyje aug\u0119s Niujorko \u017eyd\u0173 kvartale, pamilsta protestant\u0173 pastoriaus dukter\u012f. Papro\u010di\u0173 skirtumai pastoja keli\u0105 meilei ir tik abiej\u0173 mylim\u0173j\u0173 dvasin\u0117 stipryb\u0117 padeda likti i\u0161tikimiems, i\u0161saugoti savo jausmus. Tai ie\u0161kojim\u0173, klaid\u0173 ir laim\u0117jim\u0173 istorija pasirinkus tarnyst\u0117s \u017emon\u0117ms keli\u0105, nevergaujant savo religijai, bet ir jos nei\u0161duodant. 1926 m. JAV, Masa\u010dusetso valstijoje, gim\u0119s Noah Gordonas pirm\u0105j\u0105 knyg\u0105 i\u0161leido b\u016bdamas 39-eri\u0173. Ra\u0161ytojas tarptautiniu mastu i\u0161gars\u0117jo para\u0161\u0119s roman\u0105 \u201eGydytojas. Avicenos mokinys&#8221; (liet. 2016). Autorius yra i\u0161leid\u0119s devynis istorinius romanus, jie peln\u0117 ne vien\u0105 premij\u0105 ir yra vertinami viso pasaulio skaitytoj\u0173 bei kritik\u0173. Romanas \u201eRabis&#8221; (1965) \u2013 pirmoji Gordono k\u016brybin\u0117s biografijos knyga.<\/p>\n","protected":false},"featured_media":19967,"comment_status":"open","ping_status":"closed","template":"","meta":{"_acf_changed":false,"site-sidebar-layout":"default","site-content-layout":"","ast-site-content-layout":"default","site-content-style":"default","site-sidebar-style":"default","ast-global-header-display":"","ast-banner-title-visibility":"","ast-main-header-display":"","ast-hfb-above-header-display":"","ast-hfb-below-header-display":"","ast-hfb-mobile-header-display":"","site-post-title":"","ast-breadcrumbs-content":"","ast-featured-img":"","footer-sml-layout":"","ast-disable-related-posts":"","theme-transparent-header-meta":"","adv-header-id-meta":"","stick-header-meta":"","header-above-stick-meta":"","header-main-stick-meta":"","header-below-stick-meta":"","astra-migrate-meta-layouts":"default","ast-page-background-enabled":"default","ast-page-background-meta":{"desktop":{"background-color":"","background-image":"","background-repeat":"repeat","background-position":"center center","background-size":"auto","background-attachment":"scroll","background-type":"","background-media":"","overlay-type":"","overlay-color":"","overlay-opacity":"","overlay-gradient":""},"tablet":{"background-color":"","background-image":"","background-repeat":"repeat","background-position":"center center","background-size":"auto","background-attachment":"scroll","background-type":"","background-media":"","overlay-type":"","overlay-color":"","overlay-opacity":"","overlay-gradient":""},"mobile":{"background-color":"","background-image":"","background-repeat":"repeat","background-position":"center center","background-size":"auto","background-attachment":"scroll","background-type":"","background-media":"","overlay-type":"","overlay-color":"","overlay-opacity":"","overlay-gradient":""}},"ast-content-background-meta":{"desktop":{"background-color":"var(--ast-global-color-4)","background-image":"","background-repeat":"repeat","background-position":"center center","background-size":"auto","background-attachment":"scroll","background-type":"","background-media":"","overlay-type":"","overlay-color":"","overlay-opacity":"","overlay-gradient":""},"tablet":{"background-color":"var(--ast-global-color-4)","background-image":"","background-repeat":"repeat","background-position":"center center","background-size":"auto","background-attachment":"scroll","background-type":"","background-media":"","overlay-type":"","overlay-color":"","overlay-opacity":"","overlay-gradient":""},"mobile":{"background-color":"var(--ast-global-color-4)","background-image":"","background-repeat":"repeat","background-position":"center center","background-size":"auto","background-attachment":"scroll","background-type":"","background-media":"","overlay-type":"","overlay-color":"","overlay-opacity":"","overlay-gradient":""}}},"product_brand":[],"product_cat":[9618],"product_tag":[1796,6912,2277,2807,2366,6916],"class_list":{"0":"post-19962","1":"product","2":"type-product","3":"status-publish","4":"has-post-thumbnail","6":"product_cat-istoriniai-romanai","7":"product_tag-meile","8":"product_tag-noah-gordon","9":"product_tag-religija","10":"product_tag-tradicijos","11":"product_tag-xx-amzius","12":"product_tag-zydu-kultura","13":"desktop-align-left","14":"tablet-align-left","15":"mobile-align-left","17":"first","18":"instock","19":"shipping-taxable","20":"purchasable","21":"product-type-simple"},"acf":[],"yoast_head":"<!-- This site is optimized with the Yoast SEO plugin v27.0 - https:\/\/yoast.com\/product\/yoast-seo-wordpress\/ -->\n<title>Rabis<\/title>\n<meta name=\"description\" content=\"Puikiai \u017einom\u0173 roman\u0173 \u201eGydytojas. Avicenos mokinys&quot; ir \u201e\u0160amanas&quot; autorius Noah Gordonas romane \u201eRabis&quot; pasakoja talentingo religinio lyderio,\" \/>\n<meta name=\"robots\" content=\"index, follow, max-snippet:-1, max-image-preview:large, max-video-preview:-1\" \/>\n<link rel=\"canonical\" href=\"https:\/\/skaitytaknyga.lt\/en\/produktas\/rabis\/\" \/>\n<meta property=\"og:locale\" content=\"en_GB\" \/>\n<meta property=\"og:locale:alternate\" content=\"lt_LT\" \/>\n<meta property=\"og:type\" content=\"article\" \/>\n<meta property=\"og:title\" content=\"Rabis\" \/>\n<meta property=\"og:description\" content=\"Puikiai \u017einom\u0173 roman\u0173 \u201eGydytojas. Avicenos mokinys&quot; ir \u201e\u0160amanas&quot; autorius Noah Gordonas romane \u201eRabis&quot; pasakoja talentingo religinio lyderio,\" \/>\n<meta property=\"og:url\" content=\"https:\/\/skaitytaknyga.lt\/en\/produktas\/rabis\/\" \/>\n<meta property=\"og:site_name\" content=\"Skaitytaknyga\" \/>\n<meta property=\"article:publisher\" content=\"https:\/\/www.facebook.com\/skaitytaknyga\/\" \/>\n<meta property=\"article:modified_time\" content=\"2026-03-18T09:28:12+00:00\" \/>\n<meta property=\"og:image\" content=\"https:\/\/skaitytaknyga.lt\/wp-content\/uploads\/2025\/07\/Rabis-1.webp\" \/>\n\t<meta property=\"og:image:width\" content=\"403\" \/>\n\t<meta property=\"og:image:height\" content=\"600\" \/>\n\t<meta property=\"og:image:type\" content=\"image\/webp\" \/>\n<meta name=\"twitter:card\" content=\"summary_large_image\" \/>\n<meta name=\"twitter:label1\" content=\"Estimated reading time\" \/>\n\t<meta name=\"twitter:data1\" content=\"1 minute\" \/>\n<script type=\"application\/ld+json\" class=\"yoast-schema-graph\">{\"@context\":\"https:\/\/schema.org\",\"@graph\":[{\"@type\":\"WebPage\",\"@id\":\"https:\/\/skaitytaknyga.lt\/produktas\/rabis\/\",\"url\":\"https:\/\/skaitytaknyga.lt\/produktas\/rabis\/\",\"name\":\"Rabis\",\"isPartOf\":{\"@id\":\"https:\/\/skaitytaknyga.lt\/#website\"},\"primaryImageOfPage\":{\"@id\":\"https:\/\/skaitytaknyga.lt\/produktas\/rabis\/#primaryimage\"},\"image\":{\"@id\":\"https:\/\/skaitytaknyga.lt\/produktas\/rabis\/#primaryimage\"},\"thumbnailUrl\":\"https:\/\/skaitytaknyga.lt\/wp-content\/uploads\/2025\/07\/Rabis-1.webp\",\"datePublished\":\"2025-07-25T10:42:05+00:00\",\"dateModified\":\"2026-03-18T09:28:12+00:00\",\"description\":\"Puikiai \u017einom\u0173 roman\u0173 \u201eGydytojas. Avicenos mokinys\\\" ir \u201e\u0160amanas\\\" autorius Noah Gordonas romane \u201eRabis\\\" pasakoja talentingo religinio lyderio,\",\"breadcrumb\":{\"@id\":\"https:\/\/skaitytaknyga.lt\/produktas\/rabis\/#breadcrumb\"},\"inLanguage\":\"en-GB\",\"potentialAction\":[{\"@type\":\"ReadAction\",\"target\":[\"https:\/\/skaitytaknyga.lt\/produktas\/rabis\/\"]}]},{\"@type\":\"ImageObject\",\"inLanguage\":\"en-GB\",\"@id\":\"https:\/\/skaitytaknyga.lt\/produktas\/rabis\/#primaryimage\",\"url\":\"https:\/\/skaitytaknyga.lt\/wp-content\/uploads\/2025\/07\/Rabis-1.webp\",\"contentUrl\":\"https:\/\/skaitytaknyga.lt\/wp-content\/uploads\/2025\/07\/Rabis-1.webp\",\"width\":403,\"height\":600,\"caption\":\"Rabis\"},{\"@type\":\"BreadcrumbList\",\"@id\":\"https:\/\/skaitytaknyga.lt\/produktas\/rabis\/#breadcrumb\",\"itemListElement\":[{\"@type\":\"ListItem\",\"position\":1,\"name\":\"Home\",\"item\":\"https:\/\/skaitytaknyga.lt\/\"},{\"@type\":\"ListItem\",\"position\":2,\"name\":\"Parduotuv\u0117\",\"item\":\"https:\/\/skaitytaknyga.lt\/knygu-parduotuve\/\"},{\"@type\":\"ListItem\",\"position\":3,\"name\":\"Rabis\"}]},{\"@type\":\"WebSite\",\"@id\":\"https:\/\/skaitytaknyga.lt\/#website\",\"url\":\"https:\/\/skaitytaknyga.lt\/\",\"name\":\"skaitytaknyga.lt\",\"description\":\"Skaitytaknyga.lt \u2013 tai ma\u017eas \u0161eimos verslas, kuris prasid\u0117jo nuo meil\u0117s knygoms ir siekio i\u0161gelb\u0117ti knygas nuo likimo prie konteinerio. Kas vienam nereikalingas daiktas \u2013 kitam lobis, o mes esame tarpininkai, kurie padeda abiems tapti laimingesniems ???? \u017dinome kaip nelengva i\u0161gyventi ma\u017eiems verslams, tad nuo \u0161iol, \u010dia rasite ir kit\u0173, ma\u017e\u0173 \u0161eim\u0173 versl\u0173, rank\u0173 darbo, dovan\u0173 sau ir artimiesiems.\",\"publisher\":{\"@id\":\"https:\/\/skaitytaknyga.lt\/#organization\"},\"potentialAction\":[{\"@type\":\"SearchAction\",\"target\":{\"@type\":\"EntryPoint\",\"urlTemplate\":\"https:\/\/skaitytaknyga.lt\/?s={search_term_string}\"},\"query-input\":{\"@type\":\"PropertyValueSpecification\",\"valueRequired\":true,\"valueName\":\"search_term_string\"}}],\"inLanguage\":\"en-GB\"},{\"@type\":\"Organization\",\"@id\":\"https:\/\/skaitytaknyga.lt\/#organization\",\"name\":\"skaitytaknyga.lt\",\"url\":\"https:\/\/skaitytaknyga.lt\/\",\"logo\":{\"@type\":\"ImageObject\",\"inLanguage\":\"en-GB\",\"@id\":\"https:\/\/skaitytaknyga.lt\/#\/schema\/logo\/image\/\",\"url\":\"https:\/\/skaitytaknyga.lt\/wp-content\/uploads\/2024\/05\/cropped-cropped-cropped-02_00843_jt3bggkj1j3HLc7SyY6rEUpg.jpeg\",\"contentUrl\":\"https:\/\/skaitytaknyga.lt\/wp-content\/uploads\/2024\/05\/cropped-cropped-cropped-02_00843_jt3bggkj1j3HLc7SyY6rEUpg.jpeg\",\"width\":1600,\"height\":1600,\"caption\":\"skaitytaknyga.lt\"},\"image\":{\"@id\":\"https:\/\/skaitytaknyga.lt\/#\/schema\/logo\/image\/\"},\"sameAs\":[\"https:\/\/www.facebook.com\/skaitytaknyga\/\"]}]}<\/script>\n<!-- \/ Yoast SEO plugin. -->","yoast_head_json":{"title":"Rabis","description":"Puikiai \u017einom\u0173 roman\u0173 \u201eGydytojas. Avicenos mokinys\" ir \u201e\u0160amanas\" autorius Noah Gordonas romane \u201eRabis\" pasakoja talentingo religinio lyderio,","robots":{"index":"index","follow":"follow","max-snippet":"max-snippet:-1","max-image-preview":"max-image-preview:large","max-video-preview":"max-video-preview:-1"},"canonical":"https:\/\/skaitytaknyga.lt\/en\/produktas\/rabis\/","og_locale":"en_GB","og_type":"article","og_title":"[:lt]Rabis[:] - Skaitytaknyga","og_description":"Puikiai \u017einom\u0173 roman\u0173 \u201eGydytojas. Avicenos mokinys\" ir \u201e\u0160amanas\" autorius Noah Gordonas romane \u201eRabis\" pasakoja talentingo religinio lyderio,","og_url":"https:\/\/skaitytaknyga.lt\/en\/produktas\/rabis\/","og_site_name":"Skaitytaknyga","article_publisher":"https:\/\/www.facebook.com\/skaitytaknyga\/","article_modified_time":"2026-03-18T09:28:12+00:00","og_image":[{"width":403,"height":600,"url":"https:\/\/skaitytaknyga.lt\/wp-content\/uploads\/2025\/07\/Rabis-1.webp","type":"image\/webp"}],"twitter_card":"summary_large_image","twitter_misc":{"Estimated reading time":"1 minute"},"schema":{"@context":"https:\/\/schema.org","@graph":[{"@type":"WebPage","@id":"https:\/\/skaitytaknyga.lt\/produktas\/rabis\/","url":"https:\/\/skaitytaknyga.lt\/produktas\/rabis\/","name":"Rabis","isPartOf":{"@id":"https:\/\/skaitytaknyga.lt\/#website"},"primaryImageOfPage":{"@id":"https:\/\/skaitytaknyga.lt\/produktas\/rabis\/#primaryimage"},"image":{"@id":"https:\/\/skaitytaknyga.lt\/produktas\/rabis\/#primaryimage"},"thumbnailUrl":"https:\/\/skaitytaknyga.lt\/wp-content\/uploads\/2025\/07\/Rabis-1.webp","datePublished":"2025-07-25T10:42:05+00:00","dateModified":"2026-03-18T09:28:12+00:00","description":"Puikiai \u017einom\u0173 roman\u0173 \u201eGydytojas. Avicenos mokinys\" ir \u201e\u0160amanas\" autorius Noah Gordonas romane \u201eRabis\" pasakoja talentingo religinio lyderio,","breadcrumb":{"@id":"https:\/\/skaitytaknyga.lt\/produktas\/rabis\/#breadcrumb"},"inLanguage":"en-GB","potentialAction":[{"@type":"ReadAction","target":["https:\/\/skaitytaknyga.lt\/produktas\/rabis\/"]}]},{"@type":"ImageObject","inLanguage":"en-GB","@id":"https:\/\/skaitytaknyga.lt\/produktas\/rabis\/#primaryimage","url":"https:\/\/skaitytaknyga.lt\/wp-content\/uploads\/2025\/07\/Rabis-1.webp","contentUrl":"https:\/\/skaitytaknyga.lt\/wp-content\/uploads\/2025\/07\/Rabis-1.webp","width":403,"height":600,"caption":"Rabis"},{"@type":"BreadcrumbList","@id":"https:\/\/skaitytaknyga.lt\/produktas\/rabis\/#breadcrumb","itemListElement":[{"@type":"ListItem","position":1,"name":"Home","item":"https:\/\/skaitytaknyga.lt\/"},{"@type":"ListItem","position":2,"name":"Parduotuv\u0117","item":"https:\/\/skaitytaknyga.lt\/knygu-parduotuve\/"},{"@type":"ListItem","position":3,"name":"Rabis"}]},{"@type":"WebSite","@id":"https:\/\/skaitytaknyga.lt\/#website","url":"https:\/\/skaitytaknyga.lt\/","name":"skaitytaknyga.lt","description":"Skaitytaknyga.lt \u2013 tai ma\u017eas \u0161eimos verslas, kuris prasid\u0117jo nuo meil\u0117s knygoms ir siekio i\u0161gelb\u0117ti knygas nuo likimo prie konteinerio. Kas vienam nereikalingas daiktas \u2013 kitam lobis, o mes esame tarpininkai, kurie padeda abiems tapti laimingesniems ???? \u017dinome kaip nelengva i\u0161gyventi ma\u017eiems verslams, tad nuo \u0161iol, \u010dia rasite ir kit\u0173, ma\u017e\u0173 \u0161eim\u0173 versl\u0173, rank\u0173 darbo, dovan\u0173 sau ir artimiesiems.","publisher":{"@id":"https:\/\/skaitytaknyga.lt\/#organization"},"potentialAction":[{"@type":"SearchAction","target":{"@type":"EntryPoint","urlTemplate":"https:\/\/skaitytaknyga.lt\/?s={search_term_string}"},"query-input":{"@type":"PropertyValueSpecification","valueRequired":true,"valueName":"search_term_string"}}],"inLanguage":"en-GB"},{"@type":"Organization","@id":"https:\/\/skaitytaknyga.lt\/#organization","name":"skaitytaknyga.lt","url":"https:\/\/skaitytaknyga.lt\/","logo":{"@type":"ImageObject","inLanguage":"en-GB","@id":"https:\/\/skaitytaknyga.lt\/#\/schema\/logo\/image\/","url":"https:\/\/skaitytaknyga.lt\/wp-content\/uploads\/2024\/05\/cropped-cropped-cropped-02_00843_jt3bggkj1j3HLc7SyY6rEUpg.jpeg","contentUrl":"https:\/\/skaitytaknyga.lt\/wp-content\/uploads\/2024\/05\/cropped-cropped-cropped-02_00843_jt3bggkj1j3HLc7SyY6rEUpg.jpeg","width":1600,"height":1600,"caption":"skaitytaknyga.lt"},"image":{"@id":"https:\/\/skaitytaknyga.lt\/#\/schema\/logo\/image\/"},"sameAs":["https:\/\/www.facebook.com\/skaitytaknyga\/"]}]}},"_links":{"self":[{"href":"https:\/\/skaitytaknyga.lt\/en\/wp-json\/wp\/v2\/product\/19962","targetHints":{"allow":["GET"]}}],"collection":[{"href":"https:\/\/skaitytaknyga.lt\/en\/wp-json\/wp\/v2\/product"}],"about":[{"href":"https:\/\/skaitytaknyga.lt\/en\/wp-json\/wp\/v2\/types\/product"}],"replies":[{"embeddable":true,"href":"https:\/\/skaitytaknyga.lt\/en\/wp-json\/wp\/v2\/comments?post=19962"}],"wp:featuredmedia":[{"embeddable":true,"href":"https:\/\/skaitytaknyga.lt\/en\/wp-json\/wp\/v2\/media\/19967"}],"wp:attachment":[{"href":"https:\/\/skaitytaknyga.lt\/en\/wp-json\/wp\/v2\/media?parent=19962"}],"wp:term":[{"taxonomy":"product_brand","embeddable":true,"href":"https:\/\/skaitytaknyga.lt\/en\/wp-json\/wp\/v2\/product_brand?post=19962"},{"taxonomy":"product_cat","embeddable":true,"href":"https:\/\/skaitytaknyga.lt\/en\/wp-json\/wp\/v2\/product_cat?post=19962"},{"taxonomy":"product_tag","embeddable":true,"href":"https:\/\/skaitytaknyga.lt\/en\/wp-json\/wp\/v2\/product_tag?post=19962"}],"curies":[{"name":"wp","href":"https:\/\/api.w.org\/{rel}","templated":true}]}}