{"id":19961,"date":"2025-07-25T13:42:05","date_gmt":"2025-07-25T10:42:05","guid":{"rendered":"https:\/\/skaitytaknyga.lt\/?post_type=product&#038;p=19961"},"modified":"2025-07-30T21:47:31","modified_gmt":"2025-07-30T18:47:31","slug":"gydytojas-is-saragosos","status":"publish","type":"product","link":"https:\/\/skaitytaknyga.lt\/en\/produktas\/gydytojas-is-saragosos\/","title":{"rendered":"Gydytojas i\u0161 Saragosos"},"content":{"rendered":"<p>Puikiai \u017einom\u0173 roman\u0173 \u201eGydytojas. Avicenos mokinys&#8221; ir \u201e\u0160amanas&#8221; autoriaus nauja knyga, \u012ftraukian\u010diai ir jaudinan\u010diai pasakojanti vieno vyro gyvenimo istorij\u0105 inkvizicijos laik\u0173 Ispanijoje. 1492-ieji metai. Ispanijoje \u2013 pats inkvizicijos \u012fkar\u0161tis. Po kelis am\u017eius trukusi\u0173 neramum\u0173, paskatint\u0173 Katalik\u0173 ba\u017eny\u010dios, \u0161alies \u017eydams suduodamas paskutinis sm\u016bgis: pagal ba\u017eny\u010dios potvark\u012f, jie turi arba i\u0161si\u017ead\u0117ti savo tik\u0117jimo, arba palikti \u0161al\u012f. Nuo pat rom\u0117n\u0173 laik\u0173 buv\u0119 svarbia Ispanijos gyvenimo dalimi, daugelis \u017eyd\u0173 nori pasilikti ir priima sprendim\u0105 tapti katalikais. Likusiems prie savo religini\u0173 \u012fsitikinim\u0173 laiko i\u0161vykti suteikiama nedaug ir nema\u017eai j\u0173 \u017e\u016bva nesp\u0117j\u0119 palikti Ispanijos.<\/p>\n<p>Tarp toki\u0173 yra ir 15-me\u010dio Jonos Toledano brolis Meiras ir t\u0117vas Helkijas \u2013 \u017einomas vietinis sidabrakalis. Jona savo akimis mat\u0117 j\u0173 mirt\u012f ir, gerbdamas gimin\u0117s atminim\u0105, prisiekia niekuomet nei\u0161si\u017ead\u0117ti savojo tik\u0117jimo. B\u0117gdamas nuo pragai\u0161tingo ba\u017eny\u010dios potvarkio, ta\u010diau susiklos\u010diusi\u0173 aplinkybi\u0173 priverstas likti Ispanijoje, netek\u0119s \u0161eimos, nam\u0173 ir visko, kas jam brangu, Jona leid\u017eiasi \u012f sunki\u0105 ir varginan\u010di\u0105 pab\u0117g\u0117lio kelion\u0119 per \u0161alies platybes.<\/p>\n<p>1926 m. JAV, Masa\u010dusetso valstijoje, gim\u0119s Noah Gordonas pirm\u0105j\u0105 knyg\u0105 \u201eRabinas&#8221; i\u0161leido b\u016bdamas 39-eri\u0173. Ra\u0161ytojas i\u0161gars\u0117jo para\u0161\u0119s roman\u0105 \u201eGydytojas. Avicenos mokinys&#8221;, kuris daugelyje \u0161ali\u0173 tapo tikra sensacija. Autorius jau yra i\u0161leid\u0119s devynis istorinius romanus, kurie peln\u0117 ne vien\u0105 premij\u0105 ir yra vertinami viso pasaulio skaitytoj\u0173 bei kritik\u0173.<\/p>\n","protected":false},"excerpt":{"rendered":"<p>Puikiai \u017einom\u0173 roman\u0173 \u201eGydytojas. Avicenos mokinys&#8221; ir \u201e\u0160amanas&#8221; autoriaus nauja knyga, \u012ftraukian\u010diai ir jaudinan\u010diai pasakojanti vieno vyro gyvenimo istorij\u0105 inkvizicijos laik\u0173 Ispanijoje. 1492-ieji metai. Ispanijoje \u2013 pats inkvizicijos \u012fkar\u0161tis. Po kelis am\u017eius trukusi\u0173 neramum\u0173, paskatint\u0173 Katalik\u0173 ba\u017eny\u010dios, \u0161alies \u017eydams suduodamas paskutinis sm\u016bgis: pagal ba\u017eny\u010dios potvark\u012f, jie turi arba i\u0161si\u017ead\u0117ti savo tik\u0117jimo, arba palikti \u0161al\u012f. Nuo pat rom\u0117n\u0173 laik\u0173 buv\u0119 svarbia Ispanijos gyvenimo dalimi, daugelis \u017eyd\u0173 nori pasilikti ir priima sprendim\u0105 tapti katalikais. Likusiems prie savo religini\u0173 \u012fsitikinim\u0173 laiko i\u0161vykti suteikiama nedaug ir nema\u017eai j\u0173 \u017e\u016bva nesp\u0117j\u0119 palikti Ispanijos. Tarp toki\u0173 yra ir 15-me\u010dio Jonos Toledano brolis Meiras ir t\u0117vas Helkijas \u2013 \u017einomas vietinis sidabrakalis. Jona savo akimis mat\u0117 j\u0173 mirt\u012f ir, gerbdamas gimin\u0117s atminim\u0105, prisiekia niekuomet nei\u0161si\u017ead\u0117ti savojo tik\u0117jimo. B\u0117gdamas nuo pragai\u0161tingo ba\u017eny\u010dios potvarkio, ta\u010diau susiklos\u010diusi\u0173 aplinkybi\u0173 priverstas likti Ispanijoje, netek\u0119s \u0161eimos, nam\u0173 ir visko, kas jam brangu, Jona leid\u017eiasi \u012f sunki\u0105 ir varginan\u010di\u0105 pab\u0117g\u0117lio kelion\u0119 per \u0161alies platybes. 1926 m. JAV, Masa\u010dusetso valstijoje, gim\u0119s Noah Gordonas pirm\u0105j\u0105 knyg\u0105 \u201eRabinas&#8221; i\u0161leido b\u016bdamas 39-eri\u0173. Ra\u0161ytojas i\u0161gars\u0117jo para\u0161\u0119s roman\u0105 \u201eGydytojas. Avicenos mokinys&#8221;, kuris daugelyje \u0161ali\u0173 tapo tikra sensacija. Autorius jau yra i\u0161leid\u0119s devynis istorinius romanus, kurie peln\u0117 ne vien\u0105 premij\u0105 ir yra vertinami viso pasaulio skaitytoj\u0173 bei kritik\u0173.<\/p>\n","protected":false},"featured_media":19966,"comment_status":"open","ping_status":"closed","template":"","meta":{"_acf_changed":false,"site-sidebar-layout":"default","site-content-layout":"","ast-site-content-layout":"default","site-content-style":"default","site-sidebar-style":"default","ast-global-header-display":"","ast-banner-title-visibility":"","ast-main-header-display":"","ast-hfb-above-header-display":"","ast-hfb-below-header-display":"","ast-hfb-mobile-header-display":"","site-post-title":"","ast-breadcrumbs-content":"","ast-featured-img":"","footer-sml-layout":"","ast-disable-related-posts":"","theme-transparent-header-meta":"","adv-header-id-meta":"","stick-header-meta":"","header-above-stick-meta":"","header-main-stick-meta":"","header-below-stick-meta":"","astra-migrate-meta-layouts":"default","ast-page-background-enabled":"default","ast-page-background-meta":{"desktop":{"background-color":"","background-image":"","background-repeat":"repeat","background-position":"center center","background-size":"auto","background-attachment":"scroll","background-type":"","background-media":"","overlay-type":"","overlay-color":"","overlay-opacity":"","overlay-gradient":""},"tablet":{"background-color":"","background-image":"","background-repeat":"repeat","background-position":"center center","background-size":"auto","background-attachment":"scroll","background-type":"","background-media":"","overlay-type":"","overlay-color":"","overlay-opacity":"","overlay-gradient":""},"mobile":{"background-color":"","background-image":"","background-repeat":"repeat","background-position":"center center","background-size":"auto","background-attachment":"scroll","background-type":"","background-media":"","overlay-type":"","overlay-color":"","overlay-opacity":"","overlay-gradient":""}},"ast-content-background-meta":{"desktop":{"background-color":"var(--ast-global-color-4)","background-image":"","background-repeat":"repeat","background-position":"center center","background-size":"auto","background-attachment":"scroll","background-type":"","background-media":"","overlay-type":"","overlay-color":"","overlay-opacity":"","overlay-gradient":""},"tablet":{"background-color":"var(--ast-global-color-4)","background-image":"","background-repeat":"repeat","background-position":"center center","background-size":"auto","background-attachment":"scroll","background-type":"","background-media":"","overlay-type":"","overlay-color":"","overlay-opacity":"","overlay-gradient":""},"mobile":{"background-color":"var(--ast-global-color-4)","background-image":"","background-repeat":"repeat","background-position":"center center","background-size":"auto","background-attachment":"scroll","background-type":"","background-media":"","overlay-type":"","overlay-color":"","overlay-opacity":"","overlay-gradient":""}}},"product_brand":[],"product_cat":[31],"product_tag":[6913,4920,2069,6912,6914,6915],"class_list":{"0":"post-19961","1":"product","2":"type-product","3":"status-publish","4":"has-post-thumbnail","6":"product_cat-grozine-literatura","7":"product_tag-inkvizicija","8":"product_tag-ispanija","9":"product_tag-istorinis-romanas","10":"product_tag-noah-gordon","11":"product_tag-pabegelio-kelias","12":"product_tag-zydu-istorija","13":"desktop-align-left","14":"tablet-align-left","15":"mobile-align-left","17":"first","18":"instock","19":"shipping-taxable","20":"purchasable","21":"product-type-simple"},"acf":[],"yoast_head":"<!-- This site is optimized with the Yoast SEO plugin v27.0 - https:\/\/yoast.com\/product\/yoast-seo-wordpress\/ -->\n<title>Gydytojas i\u0161 Saragosos<\/title>\n<meta name=\"description\" content=\"Puikiai \u017einom\u0173 roman\u0173 \u201eGydytojas. Avicenos mokinys&quot; ir \u201e\u0160amanas&quot; autoriaus nauja knyga, \u012ftraukian\u010diai ir jaudinan\u010diai pasakojanti vieno vyro gyvenimo\" \/>\n<meta name=\"robots\" content=\"index, follow, max-snippet:-1, max-image-preview:large, max-video-preview:-1\" \/>\n<link rel=\"canonical\" href=\"https:\/\/skaitytaknyga.lt\/en\/produktas\/gydytojas-is-saragosos\/\" \/>\n<meta property=\"og:locale\" content=\"en_GB\" \/>\n<meta property=\"og:locale:alternate\" content=\"lt_LT\" \/>\n<meta property=\"og:type\" content=\"article\" \/>\n<meta property=\"og:title\" content=\"Gydytojas i\u0161 Saragosos\" \/>\n<meta property=\"og:description\" content=\"Puikiai \u017einom\u0173 roman\u0173 \u201eGydytojas. Avicenos mokinys&quot; ir \u201e\u0160amanas&quot; autoriaus nauja knyga, \u012ftraukian\u010diai ir jaudinan\u010diai pasakojanti vieno vyro gyvenimo\" \/>\n<meta property=\"og:url\" content=\"https:\/\/skaitytaknyga.lt\/en\/produktas\/gydytojas-is-saragosos\/\" \/>\n<meta property=\"og:site_name\" content=\"Skaitytaknyga\" \/>\n<meta property=\"article:publisher\" content=\"https:\/\/www.facebook.com\/skaitytaknyga\/\" \/>\n<meta property=\"article:modified_time\" content=\"2025-07-30T18:47:31+00:00\" \/>\n<meta property=\"og:image\" content=\"https:\/\/skaitytaknyga.lt\/wp-content\/uploads\/2025\/07\/Gydytojas-is-Saragosos-1.webp\" \/>\n\t<meta property=\"og:image:width\" content=\"403\" \/>\n\t<meta property=\"og:image:height\" content=\"600\" \/>\n\t<meta property=\"og:image:type\" content=\"image\/webp\" \/>\n<meta name=\"twitter:card\" content=\"summary_large_image\" \/>\n<meta name=\"twitter:label1\" content=\"Estimated reading time\" \/>\n\t<meta name=\"twitter:data1\" content=\"1 minute\" \/>\n<script type=\"application\/ld+json\" class=\"yoast-schema-graph\">{\"@context\":\"https:\/\/schema.org\",\"@graph\":[{\"@type\":\"WebPage\",\"@id\":\"https:\/\/skaitytaknyga.lt\/produktas\/gydytojas-is-saragosos\/\",\"url\":\"https:\/\/skaitytaknyga.lt\/produktas\/gydytojas-is-saragosos\/\",\"name\":\"Gydytojas i\u0161 Saragosos\",\"isPartOf\":{\"@id\":\"https:\/\/skaitytaknyga.lt\/#website\"},\"primaryImageOfPage\":{\"@id\":\"https:\/\/skaitytaknyga.lt\/produktas\/gydytojas-is-saragosos\/#primaryimage\"},\"image\":{\"@id\":\"https:\/\/skaitytaknyga.lt\/produktas\/gydytojas-is-saragosos\/#primaryimage\"},\"thumbnailUrl\":\"https:\/\/skaitytaknyga.lt\/wp-content\/uploads\/2025\/07\/Gydytojas-is-Saragosos-1.webp\",\"datePublished\":\"2025-07-25T10:42:05+00:00\",\"dateModified\":\"2025-07-30T18:47:31+00:00\",\"description\":\"Puikiai \u017einom\u0173 roman\u0173 \u201eGydytojas. Avicenos mokinys\\\" ir \u201e\u0160amanas\\\" autoriaus nauja knyga, \u012ftraukian\u010diai ir jaudinan\u010diai pasakojanti vieno vyro gyvenimo\",\"breadcrumb\":{\"@id\":\"https:\/\/skaitytaknyga.lt\/produktas\/gydytojas-is-saragosos\/#breadcrumb\"},\"inLanguage\":\"en-GB\",\"potentialAction\":[{\"@type\":\"ReadAction\",\"target\":[\"https:\/\/skaitytaknyga.lt\/produktas\/gydytojas-is-saragosos\/\"]}]},{\"@type\":\"ImageObject\",\"inLanguage\":\"en-GB\",\"@id\":\"https:\/\/skaitytaknyga.lt\/produktas\/gydytojas-is-saragosos\/#primaryimage\",\"url\":\"https:\/\/skaitytaknyga.lt\/wp-content\/uploads\/2025\/07\/Gydytojas-is-Saragosos-1.webp\",\"contentUrl\":\"https:\/\/skaitytaknyga.lt\/wp-content\/uploads\/2025\/07\/Gydytojas-is-Saragosos-1.webp\",\"width\":403,\"height\":600,\"caption\":\"Gydytojas i\u0161 Saragosos\"},{\"@type\":\"BreadcrumbList\",\"@id\":\"https:\/\/skaitytaknyga.lt\/produktas\/gydytojas-is-saragosos\/#breadcrumb\",\"itemListElement\":[{\"@type\":\"ListItem\",\"position\":1,\"name\":\"Home\",\"item\":\"https:\/\/skaitytaknyga.lt\/\"},{\"@type\":\"ListItem\",\"position\":2,\"name\":\"Parduotuv\u0117\",\"item\":\"https:\/\/skaitytaknyga.lt\/knygu-parduotuve\/\"},{\"@type\":\"ListItem\",\"position\":3,\"name\":\"Gydytojas i\u0161 Saragosos\"}]},{\"@type\":\"WebSite\",\"@id\":\"https:\/\/skaitytaknyga.lt\/#website\",\"url\":\"https:\/\/skaitytaknyga.lt\/\",\"name\":\"skaitytaknyga.lt\",\"description\":\"Skaitytaknyga.lt \u2013 tai ma\u017eas \u0161eimos verslas, kuris prasid\u0117jo nuo meil\u0117s knygoms ir siekio i\u0161gelb\u0117ti knygas nuo likimo prie konteinerio. Kas vienam nereikalingas daiktas \u2013 kitam lobis, o mes esame tarpininkai, kurie padeda abiems tapti laimingesniems ???? \u017dinome kaip nelengva i\u0161gyventi ma\u017eiems verslams, tad nuo \u0161iol, \u010dia rasite ir kit\u0173, ma\u017e\u0173 \u0161eim\u0173 versl\u0173, rank\u0173 darbo, dovan\u0173 sau ir artimiesiems.\",\"publisher\":{\"@id\":\"https:\/\/skaitytaknyga.lt\/#organization\"},\"potentialAction\":[{\"@type\":\"SearchAction\",\"target\":{\"@type\":\"EntryPoint\",\"urlTemplate\":\"https:\/\/skaitytaknyga.lt\/?s={search_term_string}\"},\"query-input\":{\"@type\":\"PropertyValueSpecification\",\"valueRequired\":true,\"valueName\":\"search_term_string\"}}],\"inLanguage\":\"en-GB\"},{\"@type\":\"Organization\",\"@id\":\"https:\/\/skaitytaknyga.lt\/#organization\",\"name\":\"skaitytaknyga.lt\",\"url\":\"https:\/\/skaitytaknyga.lt\/\",\"logo\":{\"@type\":\"ImageObject\",\"inLanguage\":\"en-GB\",\"@id\":\"https:\/\/skaitytaknyga.lt\/#\/schema\/logo\/image\/\",\"url\":\"https:\/\/skaitytaknyga.lt\/wp-content\/uploads\/2024\/05\/cropped-cropped-cropped-02_00843_jt3bggkj1j3HLc7SyY6rEUpg.jpeg\",\"contentUrl\":\"https:\/\/skaitytaknyga.lt\/wp-content\/uploads\/2024\/05\/cropped-cropped-cropped-02_00843_jt3bggkj1j3HLc7SyY6rEUpg.jpeg\",\"width\":1600,\"height\":1600,\"caption\":\"skaitytaknyga.lt\"},\"image\":{\"@id\":\"https:\/\/skaitytaknyga.lt\/#\/schema\/logo\/image\/\"},\"sameAs\":[\"https:\/\/www.facebook.com\/skaitytaknyga\/\"]}]}<\/script>\n<!-- \/ Yoast SEO plugin. -->","yoast_head_json":{"title":"Gydytojas i\u0161 Saragosos","description":"Puikiai \u017einom\u0173 roman\u0173 \u201eGydytojas. Avicenos mokinys\" ir \u201e\u0160amanas\" autoriaus nauja knyga, \u012ftraukian\u010diai ir jaudinan\u010diai pasakojanti vieno vyro gyvenimo","robots":{"index":"index","follow":"follow","max-snippet":"max-snippet:-1","max-image-preview":"max-image-preview:large","max-video-preview":"max-video-preview:-1"},"canonical":"https:\/\/skaitytaknyga.lt\/en\/produktas\/gydytojas-is-saragosos\/","og_locale":"en_GB","og_type":"article","og_title":"[:lt]Gydytojas i\u0161 Saragosos[:] - Skaitytaknyga","og_description":"Puikiai \u017einom\u0173 roman\u0173 \u201eGydytojas. Avicenos mokinys\" ir \u201e\u0160amanas\" autoriaus nauja knyga, \u012ftraukian\u010diai ir jaudinan\u010diai pasakojanti vieno vyro gyvenimo","og_url":"https:\/\/skaitytaknyga.lt\/en\/produktas\/gydytojas-is-saragosos\/","og_site_name":"Skaitytaknyga","article_publisher":"https:\/\/www.facebook.com\/skaitytaknyga\/","article_modified_time":"2025-07-30T18:47:31+00:00","og_image":[{"width":403,"height":600,"url":"https:\/\/skaitytaknyga.lt\/wp-content\/uploads\/2025\/07\/Gydytojas-is-Saragosos-1.webp","type":"image\/webp"}],"twitter_card":"summary_large_image","twitter_misc":{"Estimated reading time":"1 minute"},"schema":{"@context":"https:\/\/schema.org","@graph":[{"@type":"WebPage","@id":"https:\/\/skaitytaknyga.lt\/produktas\/gydytojas-is-saragosos\/","url":"https:\/\/skaitytaknyga.lt\/produktas\/gydytojas-is-saragosos\/","name":"Gydytojas i\u0161 Saragosos","isPartOf":{"@id":"https:\/\/skaitytaknyga.lt\/#website"},"primaryImageOfPage":{"@id":"https:\/\/skaitytaknyga.lt\/produktas\/gydytojas-is-saragosos\/#primaryimage"},"image":{"@id":"https:\/\/skaitytaknyga.lt\/produktas\/gydytojas-is-saragosos\/#primaryimage"},"thumbnailUrl":"https:\/\/skaitytaknyga.lt\/wp-content\/uploads\/2025\/07\/Gydytojas-is-Saragosos-1.webp","datePublished":"2025-07-25T10:42:05+00:00","dateModified":"2025-07-30T18:47:31+00:00","description":"Puikiai \u017einom\u0173 roman\u0173 \u201eGydytojas. Avicenos mokinys\" ir \u201e\u0160amanas\" autoriaus nauja knyga, \u012ftraukian\u010diai ir jaudinan\u010diai pasakojanti vieno vyro gyvenimo","breadcrumb":{"@id":"https:\/\/skaitytaknyga.lt\/produktas\/gydytojas-is-saragosos\/#breadcrumb"},"inLanguage":"en-GB","potentialAction":[{"@type":"ReadAction","target":["https:\/\/skaitytaknyga.lt\/produktas\/gydytojas-is-saragosos\/"]}]},{"@type":"ImageObject","inLanguage":"en-GB","@id":"https:\/\/skaitytaknyga.lt\/produktas\/gydytojas-is-saragosos\/#primaryimage","url":"https:\/\/skaitytaknyga.lt\/wp-content\/uploads\/2025\/07\/Gydytojas-is-Saragosos-1.webp","contentUrl":"https:\/\/skaitytaknyga.lt\/wp-content\/uploads\/2025\/07\/Gydytojas-is-Saragosos-1.webp","width":403,"height":600,"caption":"Gydytojas i\u0161 Saragosos"},{"@type":"BreadcrumbList","@id":"https:\/\/skaitytaknyga.lt\/produktas\/gydytojas-is-saragosos\/#breadcrumb","itemListElement":[{"@type":"ListItem","position":1,"name":"Home","item":"https:\/\/skaitytaknyga.lt\/"},{"@type":"ListItem","position":2,"name":"Parduotuv\u0117","item":"https:\/\/skaitytaknyga.lt\/knygu-parduotuve\/"},{"@type":"ListItem","position":3,"name":"Gydytojas i\u0161 Saragosos"}]},{"@type":"WebSite","@id":"https:\/\/skaitytaknyga.lt\/#website","url":"https:\/\/skaitytaknyga.lt\/","name":"skaitytaknyga.lt","description":"Skaitytaknyga.lt \u2013 tai ma\u017eas \u0161eimos verslas, kuris prasid\u0117jo nuo meil\u0117s knygoms ir siekio i\u0161gelb\u0117ti knygas nuo likimo prie konteinerio. Kas vienam nereikalingas daiktas \u2013 kitam lobis, o mes esame tarpininkai, kurie padeda abiems tapti laimingesniems ???? \u017dinome kaip nelengva i\u0161gyventi ma\u017eiems verslams, tad nuo \u0161iol, \u010dia rasite ir kit\u0173, ma\u017e\u0173 \u0161eim\u0173 versl\u0173, rank\u0173 darbo, dovan\u0173 sau ir artimiesiems.","publisher":{"@id":"https:\/\/skaitytaknyga.lt\/#organization"},"potentialAction":[{"@type":"SearchAction","target":{"@type":"EntryPoint","urlTemplate":"https:\/\/skaitytaknyga.lt\/?s={search_term_string}"},"query-input":{"@type":"PropertyValueSpecification","valueRequired":true,"valueName":"search_term_string"}}],"inLanguage":"en-GB"},{"@type":"Organization","@id":"https:\/\/skaitytaknyga.lt\/#organization","name":"skaitytaknyga.lt","url":"https:\/\/skaitytaknyga.lt\/","logo":{"@type":"ImageObject","inLanguage":"en-GB","@id":"https:\/\/skaitytaknyga.lt\/#\/schema\/logo\/image\/","url":"https:\/\/skaitytaknyga.lt\/wp-content\/uploads\/2024\/05\/cropped-cropped-cropped-02_00843_jt3bggkj1j3HLc7SyY6rEUpg.jpeg","contentUrl":"https:\/\/skaitytaknyga.lt\/wp-content\/uploads\/2024\/05\/cropped-cropped-cropped-02_00843_jt3bggkj1j3HLc7SyY6rEUpg.jpeg","width":1600,"height":1600,"caption":"skaitytaknyga.lt"},"image":{"@id":"https:\/\/skaitytaknyga.lt\/#\/schema\/logo\/image\/"},"sameAs":["https:\/\/www.facebook.com\/skaitytaknyga\/"]}]}},"_links":{"self":[{"href":"https:\/\/skaitytaknyga.lt\/en\/wp-json\/wp\/v2\/product\/19961","targetHints":{"allow":["GET"]}}],"collection":[{"href":"https:\/\/skaitytaknyga.lt\/en\/wp-json\/wp\/v2\/product"}],"about":[{"href":"https:\/\/skaitytaknyga.lt\/en\/wp-json\/wp\/v2\/types\/product"}],"replies":[{"embeddable":true,"href":"https:\/\/skaitytaknyga.lt\/en\/wp-json\/wp\/v2\/comments?post=19961"}],"wp:featuredmedia":[{"embeddable":true,"href":"https:\/\/skaitytaknyga.lt\/en\/wp-json\/wp\/v2\/media\/19966"}],"wp:attachment":[{"href":"https:\/\/skaitytaknyga.lt\/en\/wp-json\/wp\/v2\/media?parent=19961"}],"wp:term":[{"taxonomy":"product_brand","embeddable":true,"href":"https:\/\/skaitytaknyga.lt\/en\/wp-json\/wp\/v2\/product_brand?post=19961"},{"taxonomy":"product_cat","embeddable":true,"href":"https:\/\/skaitytaknyga.lt\/en\/wp-json\/wp\/v2\/product_cat?post=19961"},{"taxonomy":"product_tag","embeddable":true,"href":"https:\/\/skaitytaknyga.lt\/en\/wp-json\/wp\/v2\/product_tag?post=19961"}],"curies":[{"name":"wp","href":"https:\/\/api.w.org\/{rel}","templated":true}]}}