{"id":19960,"date":"2025-07-25T13:42:05","date_gmt":"2025-07-25T10:42:05","guid":{"rendered":"https:\/\/skaitytaknyga.lt\/?post_type=product&#038;p=19960"},"modified":"2025-07-30T21:47:22","modified_gmt":"2025-07-30T18:47:22","slug":"vyndarys","status":"publish","type":"product","link":"https:\/\/skaitytaknyga.lt\/en\/produktas\/vyndarys\/","title":{"rendered":"Vyndarys"},"content":{"rendered":"<p>Nedideliame \u0160iaur\u0117s Ispanijos vynuogi\u0173 augintoj\u0173 kaimelyje Santa Eulalijoje gyvena D\u017eiuzepas Alvaresas. Jo t\u0117vas turi juod\u0173j\u0173 vynuogi\u0173 \u016bk\u0173. Aistr\u0105 vynuogi\u0173 auginimui ir meil\u0119 gimtajai \u017eemei bei \u017eaviajai Teresai jau\u010diantis D\u017euzepas nor\u0117t\u0173 perimti t\u0117vo \u016bk\u012f. Ta\u010diau vaikinas yra antrasis savo t\u0117vo s\u016bnus, o tai rei\u0161kia, kad vynuogyn\u0105 paveld\u0117s jo brolis, pirmagimis Donatas.<\/p>\n<p>Tuo tarpu Madride verda politin\u0117s intrigos: \u012ftaking\u0173 pirkli\u0173, didik\u0173 ir kit\u0173 elito atstov\u0173 b\u016brelis planuoja u\u017egrobti vald\u017ei\u0105. \u012e intrig\u0173 verpet\u0105 patenka ir b\u016brys niekuo d\u0117t\u0173 vaikin\u0173 i\u0161 Santa Eulalijos, tarp j\u0173 \u2013 ir D\u017euzepas. Ne savo noru \u012fsipainioj\u0119s s\u0105mokslo pinkl\u0117se, vaikinas susiduria su visi\u0161kai nauju, iki tol nepa\u017eintu pasauliu.<\/p>\n<p>Naujoji realyb\u0117 privers D\u017euzep\u0105 perm\u0105styti vertybes ir pa\u017einti tikr\u0105j\u012f save. \u0160ios pamokos taps ne\u012fkainojamu lobiu jo kelyje \u012f did\u017ei\u0105j\u0105 svajon\u0119 \u2013 tapti talentingu, gerbiamu ir laimingu vyndariu.<\/p>\n<p>1926 m. JAV, Masa\u010dusetso valstijoje gim\u0119s Noah Gordonas pirm\u0105j\u0105 knyg\u0105 \u201eRabis\u201c i\u0161leido b\u016bdamas 39-eri\u0173. Ra\u0161ytojas i\u0161gars\u0117jo para\u0161\u0119s roman\u0105 \u201eGydytojas. Avicenos mokinys\u201c, kuris daugelyje \u0161ali\u0173 tapo tikra sensacija. Autorius jau yra i\u0161leid\u0119s devynis istorinius romanus, kurie peln\u0117 ne vien\u0105 premij\u0105 ir yra vertinami viso pasaulio skaitytoj\u0173 ir kritik\u0173.<\/p>\n","protected":false},"excerpt":{"rendered":"<p>Nedideliame \u0160iaur\u0117s Ispanijos vynuogi\u0173 augintoj\u0173 kaimelyje Santa Eulalijoje gyvena D\u017eiuzepas Alvaresas. Jo t\u0117vas turi juod\u0173j\u0173 vynuogi\u0173 \u016bk\u0173. Aistr\u0105 vynuogi\u0173 auginimui ir meil\u0119 gimtajai \u017eemei bei \u017eaviajai Teresai jau\u010diantis D\u017euzepas nor\u0117t\u0173 perimti t\u0117vo \u016bk\u012f. Ta\u010diau vaikinas yra antrasis savo t\u0117vo s\u016bnus, o tai rei\u0161kia, kad vynuogyn\u0105 paveld\u0117s jo brolis, pirmagimis Donatas. Tuo tarpu Madride verda politin\u0117s intrigos: \u012ftaking\u0173 pirkli\u0173, didik\u0173 ir kit\u0173 elito atstov\u0173 b\u016brelis planuoja u\u017egrobti vald\u017ei\u0105. \u012e intrig\u0173 verpet\u0105 patenka ir b\u016brys niekuo d\u0117t\u0173 vaikin\u0173 i\u0161 Santa Eulalijos, tarp j\u0173 \u2013 ir D\u017euzepas. Ne savo noru \u012fsipainioj\u0119s s\u0105mokslo pinkl\u0117se, vaikinas susiduria su visi\u0161kai nauju, iki tol nepa\u017eintu pasauliu. Naujoji realyb\u0117 privers D\u017euzep\u0105 perm\u0105styti vertybes ir pa\u017einti tikr\u0105j\u012f save. \u0160ios pamokos taps ne\u012fkainojamu lobiu jo kelyje \u012f did\u017ei\u0105j\u0105 svajon\u0119 \u2013 tapti talentingu, gerbiamu ir laimingu vyndariu. 1926 m. JAV, Masa\u010dusetso valstijoje gim\u0119s Noah Gordonas pirm\u0105j\u0105 knyg\u0105 \u201eRabis\u201c i\u0161leido b\u016bdamas 39-eri\u0173. Ra\u0161ytojas i\u0161gars\u0117jo para\u0161\u0119s roman\u0105 \u201eGydytojas. Avicenos mokinys\u201c, kuris daugelyje \u0161ali\u0173 tapo tikra sensacija. Autorius jau yra i\u0161leid\u0119s devynis istorinius romanus, kurie peln\u0117 ne vien\u0105 premij\u0105 ir yra vertinami viso pasaulio skaitytoj\u0173 ir kritik\u0173.<\/p>\n","protected":false},"featured_media":19965,"comment_status":"open","ping_status":"closed","template":"","meta":{"_acf_changed":false,"site-sidebar-layout":"default","site-content-layout":"","ast-site-content-layout":"default","site-content-style":"default","site-sidebar-style":"default","ast-global-header-display":"","ast-banner-title-visibility":"","ast-main-header-display":"","ast-hfb-above-header-display":"","ast-hfb-below-header-display":"","ast-hfb-mobile-header-display":"","site-post-title":"","ast-breadcrumbs-content":"","ast-featured-img":"","footer-sml-layout":"","ast-disable-related-posts":"","theme-transparent-header-meta":"","adv-header-id-meta":"","stick-header-meta":"","header-above-stick-meta":"","header-main-stick-meta":"","header-below-stick-meta":"","astra-migrate-meta-layouts":"default","ast-page-background-enabled":"default","ast-page-background-meta":{"desktop":{"background-color":"","background-image":"","background-repeat":"repeat","background-position":"center center","background-size":"auto","background-attachment":"scroll","background-type":"","background-media":"","overlay-type":"","overlay-color":"","overlay-opacity":"","overlay-gradient":""},"tablet":{"background-color":"","background-image":"","background-repeat":"repeat","background-position":"center center","background-size":"auto","background-attachment":"scroll","background-type":"","background-media":"","overlay-type":"","overlay-color":"","overlay-opacity":"","overlay-gradient":""},"mobile":{"background-color":"","background-image":"","background-repeat":"repeat","background-position":"center center","background-size":"auto","background-attachment":"scroll","background-type":"","background-media":"","overlay-type":"","overlay-color":"","overlay-opacity":"","overlay-gradient":""}},"ast-content-background-meta":{"desktop":{"background-color":"var(--ast-global-color-4)","background-image":"","background-repeat":"repeat","background-position":"center center","background-size":"auto","background-attachment":"scroll","background-type":"","background-media":"","overlay-type":"","overlay-color":"","overlay-opacity":"","overlay-gradient":""},"tablet":{"background-color":"var(--ast-global-color-4)","background-image":"","background-repeat":"repeat","background-position":"center center","background-size":"auto","background-attachment":"scroll","background-type":"","background-media":"","overlay-type":"","overlay-color":"","overlay-opacity":"","overlay-gradient":""},"mobile":{"background-color":"var(--ast-global-color-4)","background-image":"","background-repeat":"repeat","background-position":"center center","background-size":"auto","background-attachment":"scroll","background-type":"","background-media":"","overlay-type":"","overlay-color":"","overlay-opacity":"","overlay-gradient":""}}},"product_brand":[],"product_cat":[31],"product_tag":[4920,2069,6912,6911,1707,6910],"class_list":{"0":"post-19960","1":"product","2":"type-product","3":"status-publish","4":"has-post-thumbnail","6":"product_cat-grozine-literatura","7":"product_tag-ispanija","8":"product_tag-istorinis-romanas","9":"product_tag-noah-gordon","10":"product_tag-saves-paieskos","11":"product_tag-seimos-santykiai","12":"product_tag-vynuogynai","13":"desktop-align-left","14":"tablet-align-left","15":"mobile-align-left","17":"first","18":"instock","19":"shipping-taxable","20":"purchasable","21":"product-type-simple"},"acf":[],"yoast_head":"<!-- This site is optimized with the Yoast SEO plugin v27.0 - https:\/\/yoast.com\/product\/yoast-seo-wordpress\/ -->\n<title>Vyndarys<\/title>\n<meta name=\"description\" content=\"Nedideliame \u0160iaur\u0117s Ispanijos vynuogi\u0173 augintoj\u0173 kaimelyje Santa Eulalijoje gyvena D\u017eiuzepas Alvaresas. Jo t\u0117vas turi juod\u0173j\u0173 vynuogi\u0173 \u016bk\u0173. Aistr\u0105\" \/>\n<meta name=\"robots\" content=\"index, follow, max-snippet:-1, max-image-preview:large, max-video-preview:-1\" \/>\n<link rel=\"canonical\" href=\"https:\/\/skaitytaknyga.lt\/en\/produktas\/vyndarys\/\" \/>\n<meta property=\"og:locale\" content=\"en_GB\" \/>\n<meta property=\"og:locale:alternate\" content=\"lt_LT\" \/>\n<meta property=\"og:type\" content=\"article\" \/>\n<meta property=\"og:title\" content=\"Vyndarys\" \/>\n<meta property=\"og:description\" content=\"Nedideliame \u0160iaur\u0117s Ispanijos vynuogi\u0173 augintoj\u0173 kaimelyje Santa Eulalijoje gyvena D\u017eiuzepas Alvaresas. Jo t\u0117vas turi juod\u0173j\u0173 vynuogi\u0173 \u016bk\u0173. Aistr\u0105\" \/>\n<meta property=\"og:url\" content=\"https:\/\/skaitytaknyga.lt\/en\/produktas\/vyndarys\/\" \/>\n<meta property=\"og:site_name\" content=\"Skaitytaknyga\" \/>\n<meta property=\"article:publisher\" content=\"https:\/\/www.facebook.com\/skaitytaknyga\/\" \/>\n<meta property=\"article:modified_time\" content=\"2025-07-30T18:47:22+00:00\" \/>\n<meta property=\"og:image\" content=\"https:\/\/skaitytaknyga.lt\/wp-content\/uploads\/2025\/07\/Vyndarys-1.webp\" \/>\n\t<meta property=\"og:image:width\" content=\"403\" \/>\n\t<meta property=\"og:image:height\" content=\"600\" \/>\n\t<meta property=\"og:image:type\" content=\"image\/webp\" \/>\n<meta name=\"twitter:card\" content=\"summary_large_image\" \/>\n<meta name=\"twitter:label1\" content=\"Estimated reading time\" \/>\n\t<meta name=\"twitter:data1\" content=\"1 minute\" \/>\n<script type=\"application\/ld+json\" class=\"yoast-schema-graph\">{\"@context\":\"https:\/\/schema.org\",\"@graph\":[{\"@type\":\"WebPage\",\"@id\":\"https:\/\/skaitytaknyga.lt\/produktas\/vyndarys\/\",\"url\":\"https:\/\/skaitytaknyga.lt\/produktas\/vyndarys\/\",\"name\":\"Vyndarys\",\"isPartOf\":{\"@id\":\"https:\/\/skaitytaknyga.lt\/#website\"},\"primaryImageOfPage\":{\"@id\":\"https:\/\/skaitytaknyga.lt\/produktas\/vyndarys\/#primaryimage\"},\"image\":{\"@id\":\"https:\/\/skaitytaknyga.lt\/produktas\/vyndarys\/#primaryimage\"},\"thumbnailUrl\":\"https:\/\/skaitytaknyga.lt\/wp-content\/uploads\/2025\/07\/Vyndarys-1.webp\",\"datePublished\":\"2025-07-25T10:42:05+00:00\",\"dateModified\":\"2025-07-30T18:47:22+00:00\",\"description\":\"Nedideliame \u0160iaur\u0117s Ispanijos vynuogi\u0173 augintoj\u0173 kaimelyje Santa Eulalijoje gyvena D\u017eiuzepas Alvaresas. Jo t\u0117vas turi juod\u0173j\u0173 vynuogi\u0173 \u016bk\u0173. Aistr\u0105\",\"breadcrumb\":{\"@id\":\"https:\/\/skaitytaknyga.lt\/produktas\/vyndarys\/#breadcrumb\"},\"inLanguage\":\"en-GB\",\"potentialAction\":[{\"@type\":\"ReadAction\",\"target\":[\"https:\/\/skaitytaknyga.lt\/produktas\/vyndarys\/\"]}]},{\"@type\":\"ImageObject\",\"inLanguage\":\"en-GB\",\"@id\":\"https:\/\/skaitytaknyga.lt\/produktas\/vyndarys\/#primaryimage\",\"url\":\"https:\/\/skaitytaknyga.lt\/wp-content\/uploads\/2025\/07\/Vyndarys-1.webp\",\"contentUrl\":\"https:\/\/skaitytaknyga.lt\/wp-content\/uploads\/2025\/07\/Vyndarys-1.webp\",\"width\":403,\"height\":600,\"caption\":\"Vyndarys\"},{\"@type\":\"BreadcrumbList\",\"@id\":\"https:\/\/skaitytaknyga.lt\/produktas\/vyndarys\/#breadcrumb\",\"itemListElement\":[{\"@type\":\"ListItem\",\"position\":1,\"name\":\"Home\",\"item\":\"https:\/\/skaitytaknyga.lt\/\"},{\"@type\":\"ListItem\",\"position\":2,\"name\":\"Parduotuv\u0117\",\"item\":\"https:\/\/skaitytaknyga.lt\/knygu-parduotuve\/\"},{\"@type\":\"ListItem\",\"position\":3,\"name\":\"Vyndarys\"}]},{\"@type\":\"WebSite\",\"@id\":\"https:\/\/skaitytaknyga.lt\/#website\",\"url\":\"https:\/\/skaitytaknyga.lt\/\",\"name\":\"skaitytaknyga.lt\",\"description\":\"Skaitytaknyga.lt \u2013 tai ma\u017eas \u0161eimos verslas, kuris prasid\u0117jo nuo meil\u0117s knygoms ir siekio i\u0161gelb\u0117ti knygas nuo likimo prie konteinerio. Kas vienam nereikalingas daiktas \u2013 kitam lobis, o mes esame tarpininkai, kurie padeda abiems tapti laimingesniems ???? \u017dinome kaip nelengva i\u0161gyventi ma\u017eiems verslams, tad nuo \u0161iol, \u010dia rasite ir kit\u0173, ma\u017e\u0173 \u0161eim\u0173 versl\u0173, rank\u0173 darbo, dovan\u0173 sau ir artimiesiems.\",\"publisher\":{\"@id\":\"https:\/\/skaitytaknyga.lt\/#organization\"},\"potentialAction\":[{\"@type\":\"SearchAction\",\"target\":{\"@type\":\"EntryPoint\",\"urlTemplate\":\"https:\/\/skaitytaknyga.lt\/?s={search_term_string}\"},\"query-input\":{\"@type\":\"PropertyValueSpecification\",\"valueRequired\":true,\"valueName\":\"search_term_string\"}}],\"inLanguage\":\"en-GB\"},{\"@type\":\"Organization\",\"@id\":\"https:\/\/skaitytaknyga.lt\/#organization\",\"name\":\"skaitytaknyga.lt\",\"url\":\"https:\/\/skaitytaknyga.lt\/\",\"logo\":{\"@type\":\"ImageObject\",\"inLanguage\":\"en-GB\",\"@id\":\"https:\/\/skaitytaknyga.lt\/#\/schema\/logo\/image\/\",\"url\":\"https:\/\/skaitytaknyga.lt\/wp-content\/uploads\/2024\/05\/cropped-cropped-cropped-02_00843_jt3bggkj1j3HLc7SyY6rEUpg.jpeg\",\"contentUrl\":\"https:\/\/skaitytaknyga.lt\/wp-content\/uploads\/2024\/05\/cropped-cropped-cropped-02_00843_jt3bggkj1j3HLc7SyY6rEUpg.jpeg\",\"width\":1600,\"height\":1600,\"caption\":\"skaitytaknyga.lt\"},\"image\":{\"@id\":\"https:\/\/skaitytaknyga.lt\/#\/schema\/logo\/image\/\"},\"sameAs\":[\"https:\/\/www.facebook.com\/skaitytaknyga\/\"]}]}<\/script>\n<!-- \/ Yoast SEO plugin. -->","yoast_head_json":{"title":"Vyndarys","description":"Nedideliame \u0160iaur\u0117s Ispanijos vynuogi\u0173 augintoj\u0173 kaimelyje Santa Eulalijoje gyvena D\u017eiuzepas Alvaresas. Jo t\u0117vas turi juod\u0173j\u0173 vynuogi\u0173 \u016bk\u0173. Aistr\u0105","robots":{"index":"index","follow":"follow","max-snippet":"max-snippet:-1","max-image-preview":"max-image-preview:large","max-video-preview":"max-video-preview:-1"},"canonical":"https:\/\/skaitytaknyga.lt\/en\/produktas\/vyndarys\/","og_locale":"en_GB","og_type":"article","og_title":"[:lt]Vyndarys[:] - Skaitytaknyga","og_description":"Nedideliame \u0160iaur\u0117s Ispanijos vynuogi\u0173 augintoj\u0173 kaimelyje Santa Eulalijoje gyvena D\u017eiuzepas Alvaresas. Jo t\u0117vas turi juod\u0173j\u0173 vynuogi\u0173 \u016bk\u0173. Aistr\u0105","og_url":"https:\/\/skaitytaknyga.lt\/en\/produktas\/vyndarys\/","og_site_name":"Skaitytaknyga","article_publisher":"https:\/\/www.facebook.com\/skaitytaknyga\/","article_modified_time":"2025-07-30T18:47:22+00:00","og_image":[{"width":403,"height":600,"url":"https:\/\/skaitytaknyga.lt\/wp-content\/uploads\/2025\/07\/Vyndarys-1.webp","type":"image\/webp"}],"twitter_card":"summary_large_image","twitter_misc":{"Estimated reading time":"1 minute"},"schema":{"@context":"https:\/\/schema.org","@graph":[{"@type":"WebPage","@id":"https:\/\/skaitytaknyga.lt\/produktas\/vyndarys\/","url":"https:\/\/skaitytaknyga.lt\/produktas\/vyndarys\/","name":"Vyndarys","isPartOf":{"@id":"https:\/\/skaitytaknyga.lt\/#website"},"primaryImageOfPage":{"@id":"https:\/\/skaitytaknyga.lt\/produktas\/vyndarys\/#primaryimage"},"image":{"@id":"https:\/\/skaitytaknyga.lt\/produktas\/vyndarys\/#primaryimage"},"thumbnailUrl":"https:\/\/skaitytaknyga.lt\/wp-content\/uploads\/2025\/07\/Vyndarys-1.webp","datePublished":"2025-07-25T10:42:05+00:00","dateModified":"2025-07-30T18:47:22+00:00","description":"Nedideliame \u0160iaur\u0117s Ispanijos vynuogi\u0173 augintoj\u0173 kaimelyje Santa Eulalijoje gyvena D\u017eiuzepas Alvaresas. Jo t\u0117vas turi juod\u0173j\u0173 vynuogi\u0173 \u016bk\u0173. Aistr\u0105","breadcrumb":{"@id":"https:\/\/skaitytaknyga.lt\/produktas\/vyndarys\/#breadcrumb"},"inLanguage":"en-GB","potentialAction":[{"@type":"ReadAction","target":["https:\/\/skaitytaknyga.lt\/produktas\/vyndarys\/"]}]},{"@type":"ImageObject","inLanguage":"en-GB","@id":"https:\/\/skaitytaknyga.lt\/produktas\/vyndarys\/#primaryimage","url":"https:\/\/skaitytaknyga.lt\/wp-content\/uploads\/2025\/07\/Vyndarys-1.webp","contentUrl":"https:\/\/skaitytaknyga.lt\/wp-content\/uploads\/2025\/07\/Vyndarys-1.webp","width":403,"height":600,"caption":"Vyndarys"},{"@type":"BreadcrumbList","@id":"https:\/\/skaitytaknyga.lt\/produktas\/vyndarys\/#breadcrumb","itemListElement":[{"@type":"ListItem","position":1,"name":"Home","item":"https:\/\/skaitytaknyga.lt\/"},{"@type":"ListItem","position":2,"name":"Parduotuv\u0117","item":"https:\/\/skaitytaknyga.lt\/knygu-parduotuve\/"},{"@type":"ListItem","position":3,"name":"Vyndarys"}]},{"@type":"WebSite","@id":"https:\/\/skaitytaknyga.lt\/#website","url":"https:\/\/skaitytaknyga.lt\/","name":"skaitytaknyga.lt","description":"Skaitytaknyga.lt \u2013 tai ma\u017eas \u0161eimos verslas, kuris prasid\u0117jo nuo meil\u0117s knygoms ir siekio i\u0161gelb\u0117ti knygas nuo likimo prie konteinerio. Kas vienam nereikalingas daiktas \u2013 kitam lobis, o mes esame tarpininkai, kurie padeda abiems tapti laimingesniems ???? \u017dinome kaip nelengva i\u0161gyventi ma\u017eiems verslams, tad nuo \u0161iol, \u010dia rasite ir kit\u0173, ma\u017e\u0173 \u0161eim\u0173 versl\u0173, rank\u0173 darbo, dovan\u0173 sau ir artimiesiems.","publisher":{"@id":"https:\/\/skaitytaknyga.lt\/#organization"},"potentialAction":[{"@type":"SearchAction","target":{"@type":"EntryPoint","urlTemplate":"https:\/\/skaitytaknyga.lt\/?s={search_term_string}"},"query-input":{"@type":"PropertyValueSpecification","valueRequired":true,"valueName":"search_term_string"}}],"inLanguage":"en-GB"},{"@type":"Organization","@id":"https:\/\/skaitytaknyga.lt\/#organization","name":"skaitytaknyga.lt","url":"https:\/\/skaitytaknyga.lt\/","logo":{"@type":"ImageObject","inLanguage":"en-GB","@id":"https:\/\/skaitytaknyga.lt\/#\/schema\/logo\/image\/","url":"https:\/\/skaitytaknyga.lt\/wp-content\/uploads\/2024\/05\/cropped-cropped-cropped-02_00843_jt3bggkj1j3HLc7SyY6rEUpg.jpeg","contentUrl":"https:\/\/skaitytaknyga.lt\/wp-content\/uploads\/2024\/05\/cropped-cropped-cropped-02_00843_jt3bggkj1j3HLc7SyY6rEUpg.jpeg","width":1600,"height":1600,"caption":"skaitytaknyga.lt"},"image":{"@id":"https:\/\/skaitytaknyga.lt\/#\/schema\/logo\/image\/"},"sameAs":["https:\/\/www.facebook.com\/skaitytaknyga\/"]}]}},"_links":{"self":[{"href":"https:\/\/skaitytaknyga.lt\/en\/wp-json\/wp\/v2\/product\/19960","targetHints":{"allow":["GET"]}}],"collection":[{"href":"https:\/\/skaitytaknyga.lt\/en\/wp-json\/wp\/v2\/product"}],"about":[{"href":"https:\/\/skaitytaknyga.lt\/en\/wp-json\/wp\/v2\/types\/product"}],"replies":[{"embeddable":true,"href":"https:\/\/skaitytaknyga.lt\/en\/wp-json\/wp\/v2\/comments?post=19960"}],"wp:featuredmedia":[{"embeddable":true,"href":"https:\/\/skaitytaknyga.lt\/en\/wp-json\/wp\/v2\/media\/19965"}],"wp:attachment":[{"href":"https:\/\/skaitytaknyga.lt\/en\/wp-json\/wp\/v2\/media?parent=19960"}],"wp:term":[{"taxonomy":"product_brand","embeddable":true,"href":"https:\/\/skaitytaknyga.lt\/en\/wp-json\/wp\/v2\/product_brand?post=19960"},{"taxonomy":"product_cat","embeddable":true,"href":"https:\/\/skaitytaknyga.lt\/en\/wp-json\/wp\/v2\/product_cat?post=19960"},{"taxonomy":"product_tag","embeddable":true,"href":"https:\/\/skaitytaknyga.lt\/en\/wp-json\/wp\/v2\/product_tag?post=19960"}],"curies":[{"name":"wp","href":"https:\/\/api.w.org\/{rel}","templated":true}]}}