{"id":19953,"date":"2025-07-25T11:09:32","date_gmt":"2025-07-25T08:09:32","guid":{"rendered":"https:\/\/skaitytaknyga.lt\/?post_type=product&#038;p=19953"},"modified":"2025-07-30T21:47:22","modified_gmt":"2025-07-30T18:47:22","slug":"nakties-paukste","status":"publish","type":"product","link":"https:\/\/skaitytaknyga.lt\/en\/produktas\/nakties-paukste\/","title":{"rendered":"Nakties pauk\u0161t\u0117"},"content":{"rendered":"<p>Nr. 1  \u0160vedijos bestseleris \u201eNAKTIES PAUK\u0160T\u0116\u201c \u2013 genialus \u0161ved\u0173 detektyv\u0173 autor\u0117s Johannos Mo, kuri skaitytojams dovanoja \u012ftempt\u0105 ir tams\u0173 skandinavi\u0161ko detektyvo \u0161edevr\u0105, romanas. Ma\u017eo miestelio paslaptys \u2013 ypa\u010d pavojingos. Nepasitik\u0117k tyla&#8230;<\/p>\n<p>\u201eNe\u012fmanoma atsispirti Hanai, u\u017esispyrusiai, m\u0105sliai, laiko veltui ne\u0161vaistan\u010diai tyr\u0117jai. Johannos Mo romanas \u2013 \u012fsp\u016bdingas.&#8221; \u2013 Publishers Weekly<\/p>\n<p>Kai Hanai buvo devyniolika, jos t\u0117vas buvo nuteistas u\u017e \u017emog\u017eudyst\u0119. Slegiama g\u0117dos ji pab\u0117go nuo ma\u017eo miestelio apkalb\u0173 ir prisiek\u0117 niekada negr\u012f\u017eti.<\/p>\n<p>Bet&#8230; Po \u0161e\u0161iolikos met\u0173, tapusi policininke, Hana atsiduria gimtojoje saloje, apsigyvena savo vaikyst\u0117s namuose ant j\u016bros kranto. \u012esidarbinusi vietos policijoje Hana stengiasi nusl\u0117pti savo \u0161eimos praeit\u012f, ta\u010diau nepavyksta \u2013 naujasis vir\u0161ininkas yra tas pats policininkas, kuris u\u017e \u017emog\u017eudyst\u0119 are\u0161tavo jos t\u0117v\u0105. Negana to, pirm\u0105j\u0105 savo darbo dien\u0105 ji i\u0161kvie\u010diama \u012f nusikaltimo viet\u0105, kur rastas negyvas penkiolikmetis, jos vaikyst\u0117s draug\u0117s s\u016bnus.<\/p>\n<p>Hana pasineria \u012f \u017emog\u017eudyst\u0117s tyrim\u0105. Jai \u012f pagalb\u0105 paskiriamas policininkas Erikas Lindgrenas, kuris nieko ne\u017eino apie koleg\u0117s praeit\u012f ir labai stengiasi pralau\u017eti Hanos u\u017esisklendim\u0105. Negali b\u016bti skirtingesni\u0173 \u017emoni\u0173: ji \u2013 vieni\u0161a ir u\u017edara, jis \u2013 plepus ir bendrauti m\u0117gstantis \u0161eimos \u017emogus.<\/p>\n<p>Praeities vaiduokliai nepasilieka atsiminim\u0173 u\u017ekaboriuose. Toli gra\u017eu ne visi miestelio gyventojai apsid\u017eiaug\u0117 i\u0161vyd\u0119 sugr\u012f\u017eusi\u0105 Han\u0105 \u2013 gal tamsios paslaptys geriau likt\u0173 neatskleistos&#8230;<\/p>\n","protected":false},"excerpt":{"rendered":"<p>Nr. 1 \u0160vedijos bestseleris \u201eNAKTIES PAUK\u0160T\u0116\u201c \u2013 genialus \u0161ved\u0173 detektyv\u0173 autor\u0117s Johannos Mo, kuri skaitytojams dovanoja \u012ftempt\u0105 ir tams\u0173 skandinavi\u0161ko detektyvo \u0161edevr\u0105, romanas. Ma\u017eo miestelio paslaptys \u2013 ypa\u010d pavojingos. Nepasitik\u0117k tyla&#8230; \u201eNe\u012fmanoma atsispirti Hanai, u\u017esispyrusiai, m\u0105sliai, laiko veltui ne\u0161vaistan\u010diai tyr\u0117jai. Johannos Mo romanas \u2013 \u012fsp\u016bdingas.&#8221; \u2013 Publishers Weekly Kai Hanai buvo devyniolika, jos t\u0117vas buvo nuteistas u\u017e \u017emog\u017eudyst\u0119. Slegiama g\u0117dos ji pab\u0117go nuo ma\u017eo miestelio apkalb\u0173 ir prisiek\u0117 niekada negr\u012f\u017eti. Bet&#8230; Po \u0161e\u0161iolikos met\u0173, tapusi policininke, Hana atsiduria gimtojoje saloje, apsigyvena savo vaikyst\u0117s namuose ant j\u016bros kranto. \u012esidarbinusi vietos policijoje Hana stengiasi nusl\u0117pti savo \u0161eimos praeit\u012f, ta\u010diau nepavyksta \u2013 naujasis vir\u0161ininkas yra tas pats policininkas, kuris u\u017e \u017emog\u017eudyst\u0119 are\u0161tavo jos t\u0117v\u0105. Negana to, pirm\u0105j\u0105 savo darbo dien\u0105 ji i\u0161kvie\u010diama \u012f nusikaltimo viet\u0105, kur rastas negyvas penkiolikmetis, jos vaikyst\u0117s draug\u0117s s\u016bnus. Hana pasineria \u012f \u017emog\u017eudyst\u0117s tyrim\u0105. Jai \u012f pagalb\u0105 paskiriamas policininkas Erikas Lindgrenas, kuris nieko ne\u017eino apie koleg\u0117s praeit\u012f ir labai stengiasi pralau\u017eti Hanos u\u017esisklendim\u0105. Negali b\u016bti skirtingesni\u0173 \u017emoni\u0173: ji \u2013 vieni\u0161a ir u\u017edara, jis \u2013 plepus ir bendrauti m\u0117gstantis \u0161eimos \u017emogus. Praeities vaiduokliai nepasilieka atsiminim\u0173 u\u017ekaboriuose. Toli gra\u017eu ne visi miestelio gyventojai apsid\u017eiaug\u0117 i\u0161vyd\u0119 sugr\u012f\u017eusi\u0105 Han\u0105 \u2013 gal tamsios paslaptys geriau likt\u0173 neatskleistos&#8230;<\/p>\n","protected":false},"featured_media":19959,"comment_status":"open","ping_status":"closed","template":"","meta":{"_acf_changed":false,"site-sidebar-layout":"default","site-content-layout":"","ast-site-content-layout":"default","site-content-style":"default","site-sidebar-style":"default","ast-global-header-display":"","ast-banner-title-visibility":"","ast-main-header-display":"","ast-hfb-above-header-display":"","ast-hfb-below-header-display":"","ast-hfb-mobile-header-display":"","site-post-title":"","ast-breadcrumbs-content":"","ast-featured-img":"","footer-sml-layout":"","ast-disable-related-posts":"","theme-transparent-header-meta":"","adv-header-id-meta":"","stick-header-meta":"","header-above-stick-meta":"","header-main-stick-meta":"","header-below-stick-meta":"","astra-migrate-meta-layouts":"default","ast-page-background-enabled":"default","ast-page-background-meta":{"desktop":{"background-color":"","background-image":"","background-repeat":"repeat","background-position":"center center","background-size":"auto","background-attachment":"scroll","background-type":"","background-media":"","overlay-type":"","overlay-color":"","overlay-opacity":"","overlay-gradient":""},"tablet":{"background-color":"","background-image":"","background-repeat":"repeat","background-position":"center center","background-size":"auto","background-attachment":"scroll","background-type":"","background-media":"","overlay-type":"","overlay-color":"","overlay-opacity":"","overlay-gradient":""},"mobile":{"background-color":"","background-image":"","background-repeat":"repeat","background-position":"center center","background-size":"auto","background-attachment":"scroll","background-type":"","background-media":"","overlay-type":"","overlay-color":"","overlay-opacity":"","overlay-gradient":""}},"ast-content-background-meta":{"desktop":{"background-color":"var(--ast-global-color-4)","background-image":"","background-repeat":"repeat","background-position":"center center","background-size":"auto","background-attachment":"scroll","background-type":"","background-media":"","overlay-type":"","overlay-color":"","overlay-opacity":"","overlay-gradient":""},"tablet":{"background-color":"var(--ast-global-color-4)","background-image":"","background-repeat":"repeat","background-position":"center center","background-size":"auto","background-attachment":"scroll","background-type":"","background-media":"","overlay-type":"","overlay-color":"","overlay-opacity":"","overlay-gradient":""},"mobile":{"background-color":"var(--ast-global-color-4)","background-image":"","background-repeat":"repeat","background-position":"center center","background-size":"auto","background-attachment":"scroll","background-type":"","background-media":"","overlay-type":"","overlay-color":"","overlay-opacity":"","overlay-gradient":""}}},"product_brand":[],"product_cat":[15],"product_tag":[6909,4529,2088,6395,3133],"class_list":{"0":"post-19953","1":"product","2":"type-product","3":"status-publish","4":"has-post-thumbnail","6":"product_cat-uncategorized","7":"product_tag-johanna-mo","8":"product_tag-mazas-miestelis","9":"product_tag-seimos-paslaptys","10":"product_tag-skandinaviskas-detektyvas","11":"product_tag-svedija","12":"desktop-align-left","13":"tablet-align-left","14":"mobile-align-left","16":"first","17":"instock","18":"shipping-taxable","19":"purchasable","20":"product-type-simple"},"acf":[],"yoast_head":"<!-- This site is optimized with the Yoast SEO plugin v27.0 - https:\/\/yoast.com\/product\/yoast-seo-wordpress\/ -->\n<title>Nakties pauk\u0161t\u0117<\/title>\n<meta name=\"description\" content=\"Nr. 1 \u0160vedijos bestseleris \u201eNAKTIES PAUK\u0160T\u0116\u201c \u2013 genialus \u0161ved\u0173 detektyv\u0173 autor\u0117s Johannos Mo, kuri skaitytojams dovanoja \u012ftempt\u0105 ir tams\u0173 skandinavi\u0161ko\" \/>\n<meta name=\"robots\" content=\"index, follow, max-snippet:-1, max-image-preview:large, max-video-preview:-1\" \/>\n<link rel=\"canonical\" href=\"https:\/\/skaitytaknyga.lt\/en\/produktas\/nakties-paukste\/\" \/>\n<meta property=\"og:locale\" content=\"en_GB\" \/>\n<meta property=\"og:locale:alternate\" content=\"lt_LT\" \/>\n<meta property=\"og:type\" content=\"article\" \/>\n<meta property=\"og:title\" content=\"Nakties pauk\u0161t\u0117\" \/>\n<meta property=\"og:description\" content=\"Nr. 1 \u0160vedijos bestseleris \u201eNAKTIES PAUK\u0160T\u0116\u201c \u2013 genialus \u0161ved\u0173 detektyv\u0173 autor\u0117s Johannos Mo, kuri skaitytojams dovanoja \u012ftempt\u0105 ir tams\u0173 skandinavi\u0161ko\" \/>\n<meta property=\"og:url\" content=\"https:\/\/skaitytaknyga.lt\/en\/produktas\/nakties-paukste\/\" \/>\n<meta property=\"og:site_name\" content=\"Skaitytaknyga\" \/>\n<meta property=\"article:publisher\" content=\"https:\/\/www.facebook.com\/skaitytaknyga\/\" \/>\n<meta property=\"article:modified_time\" content=\"2025-07-30T18:47:22+00:00\" \/>\n<meta property=\"og:image\" content=\"https:\/\/skaitytaknyga.lt\/wp-content\/uploads\/2025\/07\/Nakties-paukste-1.webp\" \/>\n\t<meta property=\"og:image:width\" content=\"457\" \/>\n\t<meta property=\"og:image:height\" content=\"671\" \/>\n\t<meta property=\"og:image:type\" content=\"image\/webp\" \/>\n<meta name=\"twitter:card\" content=\"summary_large_image\" \/>\n<meta name=\"twitter:label1\" content=\"Estimated reading time\" \/>\n\t<meta name=\"twitter:data1\" content=\"1 minute\" \/>\n<script type=\"application\/ld+json\" class=\"yoast-schema-graph\">{\"@context\":\"https:\/\/schema.org\",\"@graph\":[{\"@type\":\"WebPage\",\"@id\":\"https:\/\/skaitytaknyga.lt\/produktas\/nakties-paukste\/\",\"url\":\"https:\/\/skaitytaknyga.lt\/produktas\/nakties-paukste\/\",\"name\":\"Nakties pauk\u0161t\u0117\",\"isPartOf\":{\"@id\":\"https:\/\/skaitytaknyga.lt\/#website\"},\"primaryImageOfPage\":{\"@id\":\"https:\/\/skaitytaknyga.lt\/produktas\/nakties-paukste\/#primaryimage\"},\"image\":{\"@id\":\"https:\/\/skaitytaknyga.lt\/produktas\/nakties-paukste\/#primaryimage\"},\"thumbnailUrl\":\"https:\/\/skaitytaknyga.lt\/wp-content\/uploads\/2025\/07\/Nakties-paukste-1.webp\",\"datePublished\":\"2025-07-25T08:09:32+00:00\",\"dateModified\":\"2025-07-30T18:47:22+00:00\",\"description\":\"Nr. 1 \u0160vedijos bestseleris \u201eNAKTIES PAUK\u0160T\u0116\u201c \u2013 genialus \u0161ved\u0173 detektyv\u0173 autor\u0117s Johannos Mo, kuri skaitytojams dovanoja \u012ftempt\u0105 ir tams\u0173 skandinavi\u0161ko\",\"breadcrumb\":{\"@id\":\"https:\/\/skaitytaknyga.lt\/produktas\/nakties-paukste\/#breadcrumb\"},\"inLanguage\":\"en-GB\",\"potentialAction\":[{\"@type\":\"ReadAction\",\"target\":[\"https:\/\/skaitytaknyga.lt\/produktas\/nakties-paukste\/\"]}]},{\"@type\":\"ImageObject\",\"inLanguage\":\"en-GB\",\"@id\":\"https:\/\/skaitytaknyga.lt\/produktas\/nakties-paukste\/#primaryimage\",\"url\":\"https:\/\/skaitytaknyga.lt\/wp-content\/uploads\/2025\/07\/Nakties-paukste-1.webp\",\"contentUrl\":\"https:\/\/skaitytaknyga.lt\/wp-content\/uploads\/2025\/07\/Nakties-paukste-1.webp\",\"width\":457,\"height\":671,\"caption\":\"Nakties pauk\u0161t\u0117\"},{\"@type\":\"BreadcrumbList\",\"@id\":\"https:\/\/skaitytaknyga.lt\/produktas\/nakties-paukste\/#breadcrumb\",\"itemListElement\":[{\"@type\":\"ListItem\",\"position\":1,\"name\":\"Home\",\"item\":\"https:\/\/skaitytaknyga.lt\/\"},{\"@type\":\"ListItem\",\"position\":2,\"name\":\"Parduotuv\u0117\",\"item\":\"https:\/\/skaitytaknyga.lt\/knygu-parduotuve\/\"},{\"@type\":\"ListItem\",\"position\":3,\"name\":\"Nakties pauk\u0161t\u0117\"}]},{\"@type\":\"WebSite\",\"@id\":\"https:\/\/skaitytaknyga.lt\/#website\",\"url\":\"https:\/\/skaitytaknyga.lt\/\",\"name\":\"skaitytaknyga.lt\",\"description\":\"Skaitytaknyga.lt \u2013 tai ma\u017eas \u0161eimos verslas, kuris prasid\u0117jo nuo meil\u0117s knygoms ir siekio i\u0161gelb\u0117ti knygas nuo likimo prie konteinerio. Kas vienam nereikalingas daiktas \u2013 kitam lobis, o mes esame tarpininkai, kurie padeda abiems tapti laimingesniems ???? \u017dinome kaip nelengva i\u0161gyventi ma\u017eiems verslams, tad nuo \u0161iol, \u010dia rasite ir kit\u0173, ma\u017e\u0173 \u0161eim\u0173 versl\u0173, rank\u0173 darbo, dovan\u0173 sau ir artimiesiems.\",\"publisher\":{\"@id\":\"https:\/\/skaitytaknyga.lt\/#organization\"},\"potentialAction\":[{\"@type\":\"SearchAction\",\"target\":{\"@type\":\"EntryPoint\",\"urlTemplate\":\"https:\/\/skaitytaknyga.lt\/?s={search_term_string}\"},\"query-input\":{\"@type\":\"PropertyValueSpecification\",\"valueRequired\":true,\"valueName\":\"search_term_string\"}}],\"inLanguage\":\"en-GB\"},{\"@type\":\"Organization\",\"@id\":\"https:\/\/skaitytaknyga.lt\/#organization\",\"name\":\"skaitytaknyga.lt\",\"url\":\"https:\/\/skaitytaknyga.lt\/\",\"logo\":{\"@type\":\"ImageObject\",\"inLanguage\":\"en-GB\",\"@id\":\"https:\/\/skaitytaknyga.lt\/#\/schema\/logo\/image\/\",\"url\":\"https:\/\/skaitytaknyga.lt\/wp-content\/uploads\/2024\/05\/cropped-cropped-cropped-02_00843_jt3bggkj1j3HLc7SyY6rEUpg.jpeg\",\"contentUrl\":\"https:\/\/skaitytaknyga.lt\/wp-content\/uploads\/2024\/05\/cropped-cropped-cropped-02_00843_jt3bggkj1j3HLc7SyY6rEUpg.jpeg\",\"width\":1600,\"height\":1600,\"caption\":\"skaitytaknyga.lt\"},\"image\":{\"@id\":\"https:\/\/skaitytaknyga.lt\/#\/schema\/logo\/image\/\"},\"sameAs\":[\"https:\/\/www.facebook.com\/skaitytaknyga\/\"]}]}<\/script>\n<!-- \/ Yoast SEO plugin. -->","yoast_head_json":{"title":"Nakties pauk\u0161t\u0117","description":"Nr. 1 \u0160vedijos bestseleris \u201eNAKTIES PAUK\u0160T\u0116\u201c \u2013 genialus \u0161ved\u0173 detektyv\u0173 autor\u0117s Johannos Mo, kuri skaitytojams dovanoja \u012ftempt\u0105 ir tams\u0173 skandinavi\u0161ko","robots":{"index":"index","follow":"follow","max-snippet":"max-snippet:-1","max-image-preview":"max-image-preview:large","max-video-preview":"max-video-preview:-1"},"canonical":"https:\/\/skaitytaknyga.lt\/en\/produktas\/nakties-paukste\/","og_locale":"en_GB","og_type":"article","og_title":"[:lt]Nakties pauk\u0161t\u0117[:] - Skaitytaknyga","og_description":"Nr. 1 \u0160vedijos bestseleris \u201eNAKTIES PAUK\u0160T\u0116\u201c \u2013 genialus \u0161ved\u0173 detektyv\u0173 autor\u0117s Johannos Mo, kuri skaitytojams dovanoja \u012ftempt\u0105 ir tams\u0173 skandinavi\u0161ko","og_url":"https:\/\/skaitytaknyga.lt\/en\/produktas\/nakties-paukste\/","og_site_name":"Skaitytaknyga","article_publisher":"https:\/\/www.facebook.com\/skaitytaknyga\/","article_modified_time":"2025-07-30T18:47:22+00:00","og_image":[{"width":457,"height":671,"url":"https:\/\/skaitytaknyga.lt\/wp-content\/uploads\/2025\/07\/Nakties-paukste-1.webp","type":"image\/webp"}],"twitter_card":"summary_large_image","twitter_misc":{"Estimated reading time":"1 minute"},"schema":{"@context":"https:\/\/schema.org","@graph":[{"@type":"WebPage","@id":"https:\/\/skaitytaknyga.lt\/produktas\/nakties-paukste\/","url":"https:\/\/skaitytaknyga.lt\/produktas\/nakties-paukste\/","name":"Nakties pauk\u0161t\u0117","isPartOf":{"@id":"https:\/\/skaitytaknyga.lt\/#website"},"primaryImageOfPage":{"@id":"https:\/\/skaitytaknyga.lt\/produktas\/nakties-paukste\/#primaryimage"},"image":{"@id":"https:\/\/skaitytaknyga.lt\/produktas\/nakties-paukste\/#primaryimage"},"thumbnailUrl":"https:\/\/skaitytaknyga.lt\/wp-content\/uploads\/2025\/07\/Nakties-paukste-1.webp","datePublished":"2025-07-25T08:09:32+00:00","dateModified":"2025-07-30T18:47:22+00:00","description":"Nr. 1 \u0160vedijos bestseleris \u201eNAKTIES PAUK\u0160T\u0116\u201c \u2013 genialus \u0161ved\u0173 detektyv\u0173 autor\u0117s Johannos Mo, kuri skaitytojams dovanoja \u012ftempt\u0105 ir tams\u0173 skandinavi\u0161ko","breadcrumb":{"@id":"https:\/\/skaitytaknyga.lt\/produktas\/nakties-paukste\/#breadcrumb"},"inLanguage":"en-GB","potentialAction":[{"@type":"ReadAction","target":["https:\/\/skaitytaknyga.lt\/produktas\/nakties-paukste\/"]}]},{"@type":"ImageObject","inLanguage":"en-GB","@id":"https:\/\/skaitytaknyga.lt\/produktas\/nakties-paukste\/#primaryimage","url":"https:\/\/skaitytaknyga.lt\/wp-content\/uploads\/2025\/07\/Nakties-paukste-1.webp","contentUrl":"https:\/\/skaitytaknyga.lt\/wp-content\/uploads\/2025\/07\/Nakties-paukste-1.webp","width":457,"height":671,"caption":"Nakties pauk\u0161t\u0117"},{"@type":"BreadcrumbList","@id":"https:\/\/skaitytaknyga.lt\/produktas\/nakties-paukste\/#breadcrumb","itemListElement":[{"@type":"ListItem","position":1,"name":"Home","item":"https:\/\/skaitytaknyga.lt\/"},{"@type":"ListItem","position":2,"name":"Parduotuv\u0117","item":"https:\/\/skaitytaknyga.lt\/knygu-parduotuve\/"},{"@type":"ListItem","position":3,"name":"Nakties pauk\u0161t\u0117"}]},{"@type":"WebSite","@id":"https:\/\/skaitytaknyga.lt\/#website","url":"https:\/\/skaitytaknyga.lt\/","name":"skaitytaknyga.lt","description":"Skaitytaknyga.lt \u2013 tai ma\u017eas \u0161eimos verslas, kuris prasid\u0117jo nuo meil\u0117s knygoms ir siekio i\u0161gelb\u0117ti knygas nuo likimo prie konteinerio. Kas vienam nereikalingas daiktas \u2013 kitam lobis, o mes esame tarpininkai, kurie padeda abiems tapti laimingesniems ???? \u017dinome kaip nelengva i\u0161gyventi ma\u017eiems verslams, tad nuo \u0161iol, \u010dia rasite ir kit\u0173, ma\u017e\u0173 \u0161eim\u0173 versl\u0173, rank\u0173 darbo, dovan\u0173 sau ir artimiesiems.","publisher":{"@id":"https:\/\/skaitytaknyga.lt\/#organization"},"potentialAction":[{"@type":"SearchAction","target":{"@type":"EntryPoint","urlTemplate":"https:\/\/skaitytaknyga.lt\/?s={search_term_string}"},"query-input":{"@type":"PropertyValueSpecification","valueRequired":true,"valueName":"search_term_string"}}],"inLanguage":"en-GB"},{"@type":"Organization","@id":"https:\/\/skaitytaknyga.lt\/#organization","name":"skaitytaknyga.lt","url":"https:\/\/skaitytaknyga.lt\/","logo":{"@type":"ImageObject","inLanguage":"en-GB","@id":"https:\/\/skaitytaknyga.lt\/#\/schema\/logo\/image\/","url":"https:\/\/skaitytaknyga.lt\/wp-content\/uploads\/2024\/05\/cropped-cropped-cropped-02_00843_jt3bggkj1j3HLc7SyY6rEUpg.jpeg","contentUrl":"https:\/\/skaitytaknyga.lt\/wp-content\/uploads\/2024\/05\/cropped-cropped-cropped-02_00843_jt3bggkj1j3HLc7SyY6rEUpg.jpeg","width":1600,"height":1600,"caption":"skaitytaknyga.lt"},"image":{"@id":"https:\/\/skaitytaknyga.lt\/#\/schema\/logo\/image\/"},"sameAs":["https:\/\/www.facebook.com\/skaitytaknyga\/"]}]}},"_links":{"self":[{"href":"https:\/\/skaitytaknyga.lt\/en\/wp-json\/wp\/v2\/product\/19953","targetHints":{"allow":["GET"]}}],"collection":[{"href":"https:\/\/skaitytaknyga.lt\/en\/wp-json\/wp\/v2\/product"}],"about":[{"href":"https:\/\/skaitytaknyga.lt\/en\/wp-json\/wp\/v2\/types\/product"}],"replies":[{"embeddable":true,"href":"https:\/\/skaitytaknyga.lt\/en\/wp-json\/wp\/v2\/comments?post=19953"}],"wp:featuredmedia":[{"embeddable":true,"href":"https:\/\/skaitytaknyga.lt\/en\/wp-json\/wp\/v2\/media\/19959"}],"wp:attachment":[{"href":"https:\/\/skaitytaknyga.lt\/en\/wp-json\/wp\/v2\/media?parent=19953"}],"wp:term":[{"taxonomy":"product_brand","embeddable":true,"href":"https:\/\/skaitytaknyga.lt\/en\/wp-json\/wp\/v2\/product_brand?post=19953"},{"taxonomy":"product_cat","embeddable":true,"href":"https:\/\/skaitytaknyga.lt\/en\/wp-json\/wp\/v2\/product_cat?post=19953"},{"taxonomy":"product_tag","embeddable":true,"href":"https:\/\/skaitytaknyga.lt\/en\/wp-json\/wp\/v2\/product_tag?post=19953"}],"curies":[{"name":"wp","href":"https:\/\/api.w.org\/{rel}","templated":true}]}}