{"id":19952,"date":"2025-07-25T11:09:31","date_gmt":"2025-07-25T08:09:31","guid":{"rendered":"https:\/\/skaitytaknyga.lt\/?post_type=product&#038;p=19952"},"modified":"2026-03-10T09:58:31","modified_gmt":"2026-03-10T07:58:31","slug":"zmonos","status":"publish","type":"product","link":"https:\/\/skaitytaknyga.lt\/en\/produktas\/zmonos\/","title":{"rendered":"\u017dmonos"},"content":{"rendered":"<p>\u201eNew York Times&#8221; bestseleri\u0173 autor\u0117 Tarryn Fisher pristato \u0161ird\u012f spar\u010diau plakti priversiant\u012f, siu\u017eeto pos\u016bki\u0173 ir \u012ftampos kupin\u0105 roman\u0105, kuris u\u017egniau\u0161 kvap\u0105. Trileris, nuo kurio negal\u0117site atsitraukti!<\/p>\n<p>\u012esivaizduok, kad tavo vyras turi dar dvi \u017emonas.<\/p>\n<p>Niekada nesi ma\u010diusi kit\u0173 \u017emon\u0173. J\u016bs viena kitos nepa\u017e\u012fstate, ir d\u0117l \u0161io ne\u012fprasto susitarimo savo vyr\u0105 matai tik kart\u0105 per savait\u0119. Bet myli j\u012f taip stipriai, kad tau nesvarbu. Ar bent jau bandai tuo tik\u0117ti.<\/p>\n<p>Ta\u010diau vien\u0105 dien\u0105 jo ki\u0161en\u0117je randi popieriaus skiaut\u0119 \u2013 lapel\u012f apie apsilankym\u0105 pas gydytoj\u0105, jis priklauso moteriai vardu Hana, ir esi tikra, kad ji \u2013 viena i\u0161 \u017emon\u0173.<\/p>\n<p>Manei, kad susitarimas tave tenkina, bet negali susilaikyti: randi Han\u0105 ir nusl\u0117pusi ties\u0105 su ja susidraugauji. Ji n\u0117 nenutuokia, kas tu. Ta\u010diau tada Hana atvyksta i\u0161gerti kavos su i\u0161davik\u0117mis m\u0117lyn\u0117mis ir supranti, kad jos vyras j\u0105 mu\u0161a. Vyras, kuris, \u017einoma, yra ir tavo vyras. Bet jis niekada, n\u0117 karto tav\u0119s nenuskriaud\u0117.<\/p>\n<p>Kas i\u0161 ties\u0173 yra tavo vyras ir kaip toli gali nueiti, kad tai i\u0161siai\u0161kintum?<br \/>\nIr kas ta paslaptingoji tre\u010dioji \u017emona?<\/p>\n","protected":false},"excerpt":{"rendered":"<p>\u201eNew York Times&#8221; bestseleri\u0173 autor\u0117 Tarryn Fisher pristato \u0161ird\u012f spar\u010diau plakti priversiant\u012f, siu\u017eeto pos\u016bki\u0173 ir \u012ftampos kupin\u0105 roman\u0105, kuris u\u017egniau\u0161 kvap\u0105. Trileris, nuo kurio negal\u0117site atsitraukti! \u012esivaizduok, kad tavo vyras turi dar dvi \u017emonas. Niekada nesi ma\u010diusi kit\u0173 \u017emon\u0173. J\u016bs viena kitos nepa\u017e\u012fstate, ir d\u0117l \u0161io ne\u012fprasto susitarimo savo vyr\u0105 matai tik kart\u0105 per savait\u0119. Bet myli j\u012f taip stipriai, kad tau nesvarbu. Ar bent jau bandai tuo tik\u0117ti. Ta\u010diau vien\u0105 dien\u0105 jo ki\u0161en\u0117je randi popieriaus skiaut\u0119 \u2013 lapel\u012f apie apsilankym\u0105 pas gydytoj\u0105, jis priklauso moteriai vardu Hana, ir esi tikra, kad ji \u2013 viena i\u0161 \u017emon\u0173. Manei, kad susitarimas tave tenkina, bet negali susilaikyti: randi Han\u0105 ir nusl\u0117pusi ties\u0105 su ja susidraugauji. Ji n\u0117 nenutuokia, kas tu. Ta\u010diau tada Hana atvyksta i\u0161gerti kavos su i\u0161davik\u0117mis m\u0117lyn\u0117mis ir supranti, kad jos vyras j\u0105 mu\u0161a. Vyras, kuris, \u017einoma, yra ir tavo vyras. Bet jis niekada, n\u0117 karto tav\u0119s nenuskriaud\u0117. Kas i\u0161 ties\u0173 yra tavo vyras ir kaip toli gali nueiti, kad tai i\u0161siai\u0161kintum? Ir kas ta paslaptingoji tre\u010dioji \u017emona?<\/p>\n","protected":false},"featured_media":19958,"comment_status":"open","ping_status":"closed","template":"","meta":{"_acf_changed":false,"site-sidebar-layout":"default","site-content-layout":"","ast-site-content-layout":"default","site-content-style":"default","site-sidebar-style":"default","ast-global-header-display":"","ast-banner-title-visibility":"","ast-main-header-display":"","ast-hfb-above-header-display":"","ast-hfb-below-header-display":"","ast-hfb-mobile-header-display":"","site-post-title":"","ast-breadcrumbs-content":"","ast-featured-img":"","footer-sml-layout":"","ast-disable-related-posts":"","theme-transparent-header-meta":"","adv-header-id-meta":"","stick-header-meta":"","header-above-stick-meta":"","header-main-stick-meta":"","header-below-stick-meta":"","astra-migrate-meta-layouts":"default","ast-page-background-enabled":"default","ast-page-background-meta":{"desktop":{"background-color":"","background-image":"","background-repeat":"repeat","background-position":"center center","background-size":"auto","background-attachment":"scroll","background-type":"","background-media":"","overlay-type":"","overlay-color":"","overlay-opacity":"","overlay-gradient":""},"tablet":{"background-color":"","background-image":"","background-repeat":"repeat","background-position":"center center","background-size":"auto","background-attachment":"scroll","background-type":"","background-media":"","overlay-type":"","overlay-color":"","overlay-opacity":"","overlay-gradient":""},"mobile":{"background-color":"","background-image":"","background-repeat":"repeat","background-position":"center center","background-size":"auto","background-attachment":"scroll","background-type":"","background-media":"","overlay-type":"","overlay-color":"","overlay-opacity":"","overlay-gradient":""}},"ast-content-background-meta":{"desktop":{"background-color":"var(--ast-global-color-4)","background-image":"","background-repeat":"repeat","background-position":"center center","background-size":"auto","background-attachment":"scroll","background-type":"","background-media":"","overlay-type":"","overlay-color":"","overlay-opacity":"","overlay-gradient":""},"tablet":{"background-color":"var(--ast-global-color-4)","background-image":"","background-repeat":"repeat","background-position":"center center","background-size":"auto","background-attachment":"scroll","background-type":"","background-media":"","overlay-type":"","overlay-color":"","overlay-opacity":"","overlay-gradient":""},"mobile":{"background-color":"var(--ast-global-color-4)","background-image":"","background-repeat":"repeat","background-position":"center center","background-size":"auto","background-attachment":"scroll","background-type":"","background-media":"","overlay-type":"","overlay-color":"","overlay-opacity":"","overlay-gradient":""}}},"product_brand":[],"product_cat":[15],"product_tag":[1478,2155,2745,4376,6908],"class_list":{"0":"post-19952","1":"product","2":"type-product","3":"status-publish","4":"has-post-thumbnail","6":"product_cat-uncategorized","7":"product_tag-paslaptys","8":"product_tag-psichologinis-trileris","9":"product_tag-santuoka","10":"product_tag-smurtas-seimoje","11":"product_tag-tarryn-fisher","12":"desktop-align-left","13":"tablet-align-left","14":"mobile-align-left","16":"first","17":"instock","18":"shipping-taxable","19":"purchasable","20":"product-type-simple"},"acf":[],"yoast_head":"<!-- This site is optimized with the Yoast SEO plugin v27.0 - https:\/\/yoast.com\/product\/yoast-seo-wordpress\/ -->\n<title>\u017dmonos<\/title>\n<meta name=\"description\" content=\"\u201eNew York Times&quot; bestseleri\u0173 autor\u0117 Tarryn Fisher pristato \u0161ird\u012f spar\u010diau plakti priversiant\u012f, siu\u017eeto pos\u016bki\u0173 ir \u012ftampos kupin\u0105 roman\u0105, kuris u\u017egniau\u0161\" \/>\n<meta name=\"robots\" content=\"index, follow, max-snippet:-1, max-image-preview:large, max-video-preview:-1\" \/>\n<link rel=\"canonical\" href=\"https:\/\/skaitytaknyga.lt\/en\/produktas\/zmonos\/\" \/>\n<meta property=\"og:locale\" content=\"en_GB\" \/>\n<meta property=\"og:locale:alternate\" content=\"lt_LT\" \/>\n<meta property=\"og:type\" content=\"article\" \/>\n<meta property=\"og:title\" content=\"\u017dmonos\" \/>\n<meta property=\"og:description\" content=\"\u201eNew York Times&quot; bestseleri\u0173 autor\u0117 Tarryn Fisher pristato \u0161ird\u012f spar\u010diau plakti priversiant\u012f, siu\u017eeto pos\u016bki\u0173 ir \u012ftampos kupin\u0105 roman\u0105, kuris u\u017egniau\u0161\" \/>\n<meta property=\"og:url\" content=\"https:\/\/skaitytaknyga.lt\/en\/produktas\/zmonos\/\" \/>\n<meta property=\"og:site_name\" content=\"Skaitytaknyga\" \/>\n<meta property=\"article:publisher\" content=\"https:\/\/www.facebook.com\/skaitytaknyga\/\" \/>\n<meta property=\"article:modified_time\" content=\"2026-03-10T07:58:31+00:00\" \/>\n<meta property=\"og:image\" content=\"https:\/\/skaitytaknyga.lt\/wp-content\/uploads\/2025\/07\/Zmonos-e1753439549221.webp\" \/>\n\t<meta property=\"og:image:width\" content=\"274\" \/>\n\t<meta property=\"og:image:height\" content=\"393\" \/>\n\t<meta property=\"og:image:type\" content=\"image\/webp\" \/>\n<meta name=\"twitter:card\" content=\"summary_large_image\" \/>\n<meta name=\"twitter:label1\" content=\"Estimated reading time\" \/>\n\t<meta name=\"twitter:data1\" content=\"1 minute\" \/>\n<script type=\"application\/ld+json\" class=\"yoast-schema-graph\">{\"@context\":\"https:\/\/schema.org\",\"@graph\":[{\"@type\":\"WebPage\",\"@id\":\"https:\/\/skaitytaknyga.lt\/produktas\/zmonos\/\",\"url\":\"https:\/\/skaitytaknyga.lt\/produktas\/zmonos\/\",\"name\":\"\u017dmonos\",\"isPartOf\":{\"@id\":\"https:\/\/skaitytaknyga.lt\/#website\"},\"primaryImageOfPage\":{\"@id\":\"https:\/\/skaitytaknyga.lt\/produktas\/zmonos\/#primaryimage\"},\"image\":{\"@id\":\"https:\/\/skaitytaknyga.lt\/produktas\/zmonos\/#primaryimage\"},\"thumbnailUrl\":\"https:\/\/skaitytaknyga.lt\/wp-content\/uploads\/2025\/07\/Zmonos-e1753439549221.webp\",\"datePublished\":\"2025-07-25T08:09:31+00:00\",\"dateModified\":\"2026-03-10T07:58:31+00:00\",\"description\":\"\u201eNew York Times\\\" bestseleri\u0173 autor\u0117 Tarryn Fisher pristato \u0161ird\u012f spar\u010diau plakti priversiant\u012f, siu\u017eeto pos\u016bki\u0173 ir \u012ftampos kupin\u0105 roman\u0105, kuris u\u017egniau\u0161\",\"breadcrumb\":{\"@id\":\"https:\/\/skaitytaknyga.lt\/produktas\/zmonos\/#breadcrumb\"},\"inLanguage\":\"en-GB\",\"potentialAction\":[{\"@type\":\"ReadAction\",\"target\":[\"https:\/\/skaitytaknyga.lt\/produktas\/zmonos\/\"]}]},{\"@type\":\"ImageObject\",\"inLanguage\":\"en-GB\",\"@id\":\"https:\/\/skaitytaknyga.lt\/produktas\/zmonos\/#primaryimage\",\"url\":\"https:\/\/skaitytaknyga.lt\/wp-content\/uploads\/2025\/07\/Zmonos-e1753439549221.webp\",\"contentUrl\":\"https:\/\/skaitytaknyga.lt\/wp-content\/uploads\/2025\/07\/Zmonos-e1753439549221.webp\",\"width\":274,\"height\":393},{\"@type\":\"BreadcrumbList\",\"@id\":\"https:\/\/skaitytaknyga.lt\/produktas\/zmonos\/#breadcrumb\",\"itemListElement\":[{\"@type\":\"ListItem\",\"position\":1,\"name\":\"Home\",\"item\":\"https:\/\/skaitytaknyga.lt\/\"},{\"@type\":\"ListItem\",\"position\":2,\"name\":\"Parduotuv\u0117\",\"item\":\"https:\/\/skaitytaknyga.lt\/knygu-parduotuve\/\"},{\"@type\":\"ListItem\",\"position\":3,\"name\":\"\u017dmonos\"}]},{\"@type\":\"WebSite\",\"@id\":\"https:\/\/skaitytaknyga.lt\/#website\",\"url\":\"https:\/\/skaitytaknyga.lt\/\",\"name\":\"skaitytaknyga.lt\",\"description\":\"Skaitytaknyga.lt \u2013 tai ma\u017eas \u0161eimos verslas, kuris prasid\u0117jo nuo meil\u0117s knygoms ir siekio i\u0161gelb\u0117ti knygas nuo likimo prie konteinerio. Kas vienam nereikalingas daiktas \u2013 kitam lobis, o mes esame tarpininkai, kurie padeda abiems tapti laimingesniems ???? \u017dinome kaip nelengva i\u0161gyventi ma\u017eiems verslams, tad nuo \u0161iol, \u010dia rasite ir kit\u0173, ma\u017e\u0173 \u0161eim\u0173 versl\u0173, rank\u0173 darbo, dovan\u0173 sau ir artimiesiems.\",\"publisher\":{\"@id\":\"https:\/\/skaitytaknyga.lt\/#organization\"},\"potentialAction\":[{\"@type\":\"SearchAction\",\"target\":{\"@type\":\"EntryPoint\",\"urlTemplate\":\"https:\/\/skaitytaknyga.lt\/?s={search_term_string}\"},\"query-input\":{\"@type\":\"PropertyValueSpecification\",\"valueRequired\":true,\"valueName\":\"search_term_string\"}}],\"inLanguage\":\"en-GB\"},{\"@type\":\"Organization\",\"@id\":\"https:\/\/skaitytaknyga.lt\/#organization\",\"name\":\"skaitytaknyga.lt\",\"url\":\"https:\/\/skaitytaknyga.lt\/\",\"logo\":{\"@type\":\"ImageObject\",\"inLanguage\":\"en-GB\",\"@id\":\"https:\/\/skaitytaknyga.lt\/#\/schema\/logo\/image\/\",\"url\":\"https:\/\/skaitytaknyga.lt\/wp-content\/uploads\/2024\/05\/cropped-cropped-cropped-02_00843_jt3bggkj1j3HLc7SyY6rEUpg.jpeg\",\"contentUrl\":\"https:\/\/skaitytaknyga.lt\/wp-content\/uploads\/2024\/05\/cropped-cropped-cropped-02_00843_jt3bggkj1j3HLc7SyY6rEUpg.jpeg\",\"width\":1600,\"height\":1600,\"caption\":\"skaitytaknyga.lt\"},\"image\":{\"@id\":\"https:\/\/skaitytaknyga.lt\/#\/schema\/logo\/image\/\"},\"sameAs\":[\"https:\/\/www.facebook.com\/skaitytaknyga\/\"]}]}<\/script>\n<!-- \/ Yoast SEO plugin. -->","yoast_head_json":{"title":"\u017dmonos","description":"\u201eNew York Times\" bestseleri\u0173 autor\u0117 Tarryn Fisher pristato \u0161ird\u012f spar\u010diau plakti priversiant\u012f, siu\u017eeto pos\u016bki\u0173 ir \u012ftampos kupin\u0105 roman\u0105, kuris u\u017egniau\u0161","robots":{"index":"index","follow":"follow","max-snippet":"max-snippet:-1","max-image-preview":"max-image-preview:large","max-video-preview":"max-video-preview:-1"},"canonical":"https:\/\/skaitytaknyga.lt\/en\/produktas\/zmonos\/","og_locale":"en_GB","og_type":"article","og_title":"[:lt]\u017dmonos[:] - Skaitytaknyga","og_description":"\u201eNew York Times\" bestseleri\u0173 autor\u0117 Tarryn Fisher pristato \u0161ird\u012f spar\u010diau plakti priversiant\u012f, siu\u017eeto pos\u016bki\u0173 ir \u012ftampos kupin\u0105 roman\u0105, kuris u\u017egniau\u0161","og_url":"https:\/\/skaitytaknyga.lt\/en\/produktas\/zmonos\/","og_site_name":"Skaitytaknyga","article_publisher":"https:\/\/www.facebook.com\/skaitytaknyga\/","article_modified_time":"2026-03-10T07:58:31+00:00","og_image":[{"width":274,"height":393,"url":"https:\/\/skaitytaknyga.lt\/wp-content\/uploads\/2025\/07\/Zmonos-e1753439549221.webp","type":"image\/webp"}],"twitter_card":"summary_large_image","twitter_misc":{"Estimated reading time":"1 minute"},"schema":{"@context":"https:\/\/schema.org","@graph":[{"@type":"WebPage","@id":"https:\/\/skaitytaknyga.lt\/produktas\/zmonos\/","url":"https:\/\/skaitytaknyga.lt\/produktas\/zmonos\/","name":"\u017dmonos","isPartOf":{"@id":"https:\/\/skaitytaknyga.lt\/#website"},"primaryImageOfPage":{"@id":"https:\/\/skaitytaknyga.lt\/produktas\/zmonos\/#primaryimage"},"image":{"@id":"https:\/\/skaitytaknyga.lt\/produktas\/zmonos\/#primaryimage"},"thumbnailUrl":"https:\/\/skaitytaknyga.lt\/wp-content\/uploads\/2025\/07\/Zmonos-e1753439549221.webp","datePublished":"2025-07-25T08:09:31+00:00","dateModified":"2026-03-10T07:58:31+00:00","description":"\u201eNew York Times\" bestseleri\u0173 autor\u0117 Tarryn Fisher pristato \u0161ird\u012f spar\u010diau plakti priversiant\u012f, siu\u017eeto pos\u016bki\u0173 ir \u012ftampos kupin\u0105 roman\u0105, kuris u\u017egniau\u0161","breadcrumb":{"@id":"https:\/\/skaitytaknyga.lt\/produktas\/zmonos\/#breadcrumb"},"inLanguage":"en-GB","potentialAction":[{"@type":"ReadAction","target":["https:\/\/skaitytaknyga.lt\/produktas\/zmonos\/"]}]},{"@type":"ImageObject","inLanguage":"en-GB","@id":"https:\/\/skaitytaknyga.lt\/produktas\/zmonos\/#primaryimage","url":"https:\/\/skaitytaknyga.lt\/wp-content\/uploads\/2025\/07\/Zmonos-e1753439549221.webp","contentUrl":"https:\/\/skaitytaknyga.lt\/wp-content\/uploads\/2025\/07\/Zmonos-e1753439549221.webp","width":274,"height":393},{"@type":"BreadcrumbList","@id":"https:\/\/skaitytaknyga.lt\/produktas\/zmonos\/#breadcrumb","itemListElement":[{"@type":"ListItem","position":1,"name":"Home","item":"https:\/\/skaitytaknyga.lt\/"},{"@type":"ListItem","position":2,"name":"Parduotuv\u0117","item":"https:\/\/skaitytaknyga.lt\/knygu-parduotuve\/"},{"@type":"ListItem","position":3,"name":"\u017dmonos"}]},{"@type":"WebSite","@id":"https:\/\/skaitytaknyga.lt\/#website","url":"https:\/\/skaitytaknyga.lt\/","name":"skaitytaknyga.lt","description":"Skaitytaknyga.lt \u2013 tai ma\u017eas \u0161eimos verslas, kuris prasid\u0117jo nuo meil\u0117s knygoms ir siekio i\u0161gelb\u0117ti knygas nuo likimo prie konteinerio. Kas vienam nereikalingas daiktas \u2013 kitam lobis, o mes esame tarpininkai, kurie padeda abiems tapti laimingesniems ???? \u017dinome kaip nelengva i\u0161gyventi ma\u017eiems verslams, tad nuo \u0161iol, \u010dia rasite ir kit\u0173, ma\u017e\u0173 \u0161eim\u0173 versl\u0173, rank\u0173 darbo, dovan\u0173 sau ir artimiesiems.","publisher":{"@id":"https:\/\/skaitytaknyga.lt\/#organization"},"potentialAction":[{"@type":"SearchAction","target":{"@type":"EntryPoint","urlTemplate":"https:\/\/skaitytaknyga.lt\/?s={search_term_string}"},"query-input":{"@type":"PropertyValueSpecification","valueRequired":true,"valueName":"search_term_string"}}],"inLanguage":"en-GB"},{"@type":"Organization","@id":"https:\/\/skaitytaknyga.lt\/#organization","name":"skaitytaknyga.lt","url":"https:\/\/skaitytaknyga.lt\/","logo":{"@type":"ImageObject","inLanguage":"en-GB","@id":"https:\/\/skaitytaknyga.lt\/#\/schema\/logo\/image\/","url":"https:\/\/skaitytaknyga.lt\/wp-content\/uploads\/2024\/05\/cropped-cropped-cropped-02_00843_jt3bggkj1j3HLc7SyY6rEUpg.jpeg","contentUrl":"https:\/\/skaitytaknyga.lt\/wp-content\/uploads\/2024\/05\/cropped-cropped-cropped-02_00843_jt3bggkj1j3HLc7SyY6rEUpg.jpeg","width":1600,"height":1600,"caption":"skaitytaknyga.lt"},"image":{"@id":"https:\/\/skaitytaknyga.lt\/#\/schema\/logo\/image\/"},"sameAs":["https:\/\/www.facebook.com\/skaitytaknyga\/"]}]}},"_links":{"self":[{"href":"https:\/\/skaitytaknyga.lt\/en\/wp-json\/wp\/v2\/product\/19952","targetHints":{"allow":["GET"]}}],"collection":[{"href":"https:\/\/skaitytaknyga.lt\/en\/wp-json\/wp\/v2\/product"}],"about":[{"href":"https:\/\/skaitytaknyga.lt\/en\/wp-json\/wp\/v2\/types\/product"}],"replies":[{"embeddable":true,"href":"https:\/\/skaitytaknyga.lt\/en\/wp-json\/wp\/v2\/comments?post=19952"}],"wp:featuredmedia":[{"embeddable":true,"href":"https:\/\/skaitytaknyga.lt\/en\/wp-json\/wp\/v2\/media\/19958"}],"wp:attachment":[{"href":"https:\/\/skaitytaknyga.lt\/en\/wp-json\/wp\/v2\/media?parent=19952"}],"wp:term":[{"taxonomy":"product_brand","embeddable":true,"href":"https:\/\/skaitytaknyga.lt\/en\/wp-json\/wp\/v2\/product_brand?post=19952"},{"taxonomy":"product_cat","embeddable":true,"href":"https:\/\/skaitytaknyga.lt\/en\/wp-json\/wp\/v2\/product_cat?post=19952"},{"taxonomy":"product_tag","embeddable":true,"href":"https:\/\/skaitytaknyga.lt\/en\/wp-json\/wp\/v2\/product_tag?post=19952"}],"curies":[{"name":"wp","href":"https:\/\/api.w.org\/{rel}","templated":true}]}}