{"id":19951,"date":"2025-07-25T11:09:31","date_gmt":"2025-07-25T08:09:31","guid":{"rendered":"https:\/\/skaitytaknyga.lt\/?post_type=product&#038;p=19951"},"modified":"2025-07-30T21:47:22","modified_gmt":"2025-07-30T18:47:22","slug":"as-stebiu-tave","status":"publish","type":"product","link":"https:\/\/skaitytaknyga.lt\/en\/produktas\/as-stebiu-tave\/","title":{"rendered":"A\u0161 stebiu tave"},"content":{"rendered":"<p>Traukinyje Ela Longfild stebi dvi paaugles, flirtuojanc\u030cias su i\u0328tartinais vyrukais, kurie, pasirodo, ka\u0328 tik is\u030ce\u0307jo is\u030c kale\u0307jimo. Is\u030c pradz\u030ciu\u0328 ketinusi i\u0328sikis\u030cti ir neleisti merginoms veltis i\u0328 pavojinga\u0328 nuotyki\u0328, v\u0117liau apsigalvoja.<\/p>\n<p>Kita\u0328 diena\u0328 i\u0161girsta kraupi\u0105 z\u030cini\u0105: viena is\u030c traukiniu vaz\u030ciavusiu\u0328 merginu\u0328 \u2013 graz\u030cioji Ana Belard \u2013 dingo. Susikrimtusi Ela kreipiasi i\u0328 policija\u0328, bet, z\u030cinoma, jau per ve\u0307lu.<\/p>\n<p>Prabe\u0307ga metai: mergina vis dar dingusi, du i\u0328tartini vyrukai \u2013 taip pat. I\u0328 Elos pas\u030cto de\u0307z\u030cute\u0328 keliauja keisti ga\u0328sdinantys lais\u030ckai, o nutyl\u0117ti faktai sunkiai slegia ir Anos te\u0307v\u0105, ir drauge traukiniu va\u017eiavusi\u0105 Sar\u0105.<\/p>\n<p>Psichologini\u0173 trileri\u0173 autore\u0307 Teresa Driscoll, beveik dvide\u0161imt met\u0173 dirbusi televizijos z\u030curnaliste ir rengusi kriminalini\u0173 \u012fvyki\u0173 reporta\u017eus, tikrovis\u030ckai pasakoja merginos dingimo drama\u0328. Meistris\u030ckai is\u030cde\u0307liotos uz\u030cuominos ver\u010dia vis greic\u030ciau be\u0307gti knygos puslapiais ir vis giliau panirti i\u0328 daugiasluoksniu\u0328 veike\u0307ju\u0328 paslaptis.<\/p>\n<p>Kas atsitiko Anai? Ar ji vis dar gyva? Kas \u0161ioje istorijoje yra nusikalte\u0307lis, o kas \u2013 auka?<br \/>\nAis\u030cku tik viena: paslapti\u0328 z\u030cino tas, kuris stebi nusikaltimo liudininke\u0328 Ela\u0328.<\/p>\n","protected":false},"excerpt":{"rendered":"<p>Traukinyje Ela Longfild stebi dvi paaugles, flirtuojanc\u030cias su i\u0328tartinais vyrukais, kurie, pasirodo, ka\u0328 tik is\u030ce\u0307jo is\u030c kale\u0307jimo. Is\u030c pradz\u030ciu\u0328 ketinusi i\u0328sikis\u030cti ir neleisti merginoms veltis i\u0328 pavojinga\u0328 nuotyki\u0328, v\u0117liau apsigalvoja. Kita\u0328 diena\u0328 i\u0161girsta kraupi\u0105 z\u030cini\u0105: viena is\u030c traukiniu vaz\u030ciavusiu\u0328 merginu\u0328 \u2013 graz\u030cioji Ana Belard \u2013 dingo. Susikrimtusi Ela kreipiasi i\u0328 policija\u0328, bet, z\u030cinoma, jau per ve\u0307lu. Prabe\u0307ga metai: mergina vis dar dingusi, du i\u0328tartini vyrukai \u2013 taip pat. I\u0328 Elos pas\u030cto de\u0307z\u030cute\u0328 keliauja keisti ga\u0328sdinantys lais\u030ckai, o nutyl\u0117ti faktai sunkiai slegia ir Anos te\u0307v\u0105, ir drauge traukiniu va\u017eiavusi\u0105 Sar\u0105. Psichologini\u0173 trileri\u0173 autore\u0307 Teresa Driscoll, beveik dvide\u0161imt met\u0173 dirbusi televizijos z\u030curnaliste ir rengusi kriminalini\u0173 \u012fvyki\u0173 reporta\u017eus, tikrovis\u030ckai pasakoja merginos dingimo drama\u0328. Meistris\u030ckai is\u030cde\u0307liotos uz\u030cuominos ver\u010dia vis greic\u030ciau be\u0307gti knygos puslapiais ir vis giliau panirti i\u0328 daugiasluoksniu\u0328 veike\u0307ju\u0328 paslaptis. Kas atsitiko Anai? Ar ji vis dar gyva? Kas \u0161ioje istorijoje yra nusikalte\u0307lis, o kas \u2013 auka? Ais\u030cku tik viena: paslapti\u0328 z\u030cino tas, kuris stebi nusikaltimo liudininke\u0328 Ela\u0328.<\/p>\n","protected":false},"featured_media":19957,"comment_status":"open","ping_status":"closed","template":"","meta":{"_acf_changed":false,"site-sidebar-layout":"default","site-content-layout":"","ast-site-content-layout":"default","site-content-style":"default","site-sidebar-style":"default","ast-global-header-display":"","ast-banner-title-visibility":"","ast-main-header-display":"","ast-hfb-above-header-display":"","ast-hfb-below-header-display":"","ast-hfb-mobile-header-display":"","site-post-title":"","ast-breadcrumbs-content":"","ast-featured-img":"","footer-sml-layout":"","ast-disable-related-posts":"","theme-transparent-header-meta":"","adv-header-id-meta":"","stick-header-meta":"","header-above-stick-meta":"","header-main-stick-meta":"","header-below-stick-meta":"","astra-migrate-meta-layouts":"default","ast-page-background-enabled":"default","ast-page-background-meta":{"desktop":{"background-color":"","background-image":"","background-repeat":"repeat","background-position":"center center","background-size":"auto","background-attachment":"scroll","background-type":"","background-media":"","overlay-type":"","overlay-color":"","overlay-opacity":"","overlay-gradient":""},"tablet":{"background-color":"","background-image":"","background-repeat":"repeat","background-position":"center center","background-size":"auto","background-attachment":"scroll","background-type":"","background-media":"","overlay-type":"","overlay-color":"","overlay-opacity":"","overlay-gradient":""},"mobile":{"background-color":"","background-image":"","background-repeat":"repeat","background-position":"center center","background-size":"auto","background-attachment":"scroll","background-type":"","background-media":"","overlay-type":"","overlay-color":"","overlay-opacity":"","overlay-gradient":""}},"ast-content-background-meta":{"desktop":{"background-color":"var(--ast-global-color-4)","background-image":"","background-repeat":"repeat","background-position":"center center","background-size":"auto","background-attachment":"scroll","background-type":"","background-media":"","overlay-type":"","overlay-color":"","overlay-opacity":"","overlay-gradient":""},"tablet":{"background-color":"var(--ast-global-color-4)","background-image":"","background-repeat":"repeat","background-position":"center center","background-size":"auto","background-attachment":"scroll","background-type":"","background-media":"","overlay-type":"","overlay-color":"","overlay-opacity":"","overlay-gradient":""},"mobile":{"background-color":"var(--ast-global-color-4)","background-image":"","background-repeat":"repeat","background-position":"center center","background-size":"auto","background-attachment":"scroll","background-type":"","background-media":"","overlay-type":"","overlay-color":"","overlay-opacity":"","overlay-gradient":""}}},"product_brand":[],"product_cat":[15],"product_tag":[6907,4889,2720,2155,2743],"class_list":{"0":"post-19951","1":"product","2":"type-product","3":"status-publish","4":"has-post-thumbnail","6":"product_cat-uncategorized","7":"product_tag-dingusi-mergina","8":"product_tag-kalte","9":"product_tag-paslaptis","10":"product_tag-psichologinis-trileris","11":"product_tag-teresa-driscoll","12":"desktop-align-left","13":"tablet-align-left","14":"mobile-align-left","16":"first","17":"instock","18":"shipping-taxable","19":"purchasable","20":"product-type-simple"},"acf":[],"yoast_head":"<!-- This site is optimized with the Yoast SEO plugin v27.0 - https:\/\/yoast.com\/product\/yoast-seo-wordpress\/ -->\n<title>A\u0161 stebiu tave<\/title>\n<meta name=\"description\" content=\"Traukinyje Ela Longfild stebi dvi paaugles, flirtuojanc\u030cias su i\u0328tartinais vyrukais, kurie, pasirodo, ka\u0328 tik is\u030ce\u0307jo is\u030c kale\u0307jimo. Is\u030c pradz\u030ciu\u0328\" \/>\n<meta name=\"robots\" content=\"index, follow, max-snippet:-1, max-image-preview:large, max-video-preview:-1\" \/>\n<link rel=\"canonical\" href=\"https:\/\/skaitytaknyga.lt\/en\/produktas\/as-stebiu-tave\/\" \/>\n<meta property=\"og:locale\" content=\"en_GB\" \/>\n<meta property=\"og:locale:alternate\" content=\"lt_LT\" \/>\n<meta property=\"og:type\" content=\"article\" \/>\n<meta property=\"og:title\" content=\"A\u0161 stebiu tave\" \/>\n<meta property=\"og:description\" content=\"Traukinyje Ela Longfild stebi dvi paaugles, flirtuojanc\u030cias su i\u0328tartinais vyrukais, kurie, pasirodo, ka\u0328 tik is\u030ce\u0307jo is\u030c kale\u0307jimo. Is\u030c pradz\u030ciu\u0328\" \/>\n<meta property=\"og:url\" content=\"https:\/\/skaitytaknyga.lt\/en\/produktas\/as-stebiu-tave\/\" \/>\n<meta property=\"og:site_name\" content=\"Skaitytaknyga\" \/>\n<meta property=\"article:publisher\" content=\"https:\/\/www.facebook.com\/skaitytaknyga\/\" \/>\n<meta property=\"article:modified_time\" content=\"2025-07-30T18:47:22+00:00\" \/>\n<meta property=\"og:image\" content=\"https:\/\/skaitytaknyga.lt\/wp-content\/uploads\/2025\/07\/As-stebiu-tave-1.webp\" \/>\n\t<meta property=\"og:image:width\" content=\"544\" \/>\n\t<meta property=\"og:image:height\" content=\"801\" \/>\n\t<meta property=\"og:image:type\" content=\"image\/webp\" \/>\n<meta name=\"twitter:card\" content=\"summary_large_image\" \/>\n<meta name=\"twitter:label1\" content=\"Estimated reading time\" \/>\n\t<meta name=\"twitter:data1\" content=\"1 minute\" \/>\n<script type=\"application\/ld+json\" class=\"yoast-schema-graph\">{\"@context\":\"https:\/\/schema.org\",\"@graph\":[{\"@type\":\"WebPage\",\"@id\":\"https:\/\/skaitytaknyga.lt\/produktas\/as-stebiu-tave\/\",\"url\":\"https:\/\/skaitytaknyga.lt\/produktas\/as-stebiu-tave\/\",\"name\":\"A\u0161 stebiu tave\",\"isPartOf\":{\"@id\":\"https:\/\/skaitytaknyga.lt\/#website\"},\"primaryImageOfPage\":{\"@id\":\"https:\/\/skaitytaknyga.lt\/produktas\/as-stebiu-tave\/#primaryimage\"},\"image\":{\"@id\":\"https:\/\/skaitytaknyga.lt\/produktas\/as-stebiu-tave\/#primaryimage\"},\"thumbnailUrl\":\"https:\/\/skaitytaknyga.lt\/wp-content\/uploads\/2025\/07\/As-stebiu-tave-1.webp\",\"datePublished\":\"2025-07-25T08:09:31+00:00\",\"dateModified\":\"2025-07-30T18:47:22+00:00\",\"description\":\"Traukinyje Ela Longfild stebi dvi paaugles, flirtuojanc\u030cias su i\u0328tartinais vyrukais, kurie, pasirodo, ka\u0328 tik is\u030ce\u0307jo is\u030c kale\u0307jimo. Is\u030c pradz\u030ciu\u0328\",\"breadcrumb\":{\"@id\":\"https:\/\/skaitytaknyga.lt\/produktas\/as-stebiu-tave\/#breadcrumb\"},\"inLanguage\":\"en-GB\",\"potentialAction\":[{\"@type\":\"ReadAction\",\"target\":[\"https:\/\/skaitytaknyga.lt\/produktas\/as-stebiu-tave\/\"]}]},{\"@type\":\"ImageObject\",\"inLanguage\":\"en-GB\",\"@id\":\"https:\/\/skaitytaknyga.lt\/produktas\/as-stebiu-tave\/#primaryimage\",\"url\":\"https:\/\/skaitytaknyga.lt\/wp-content\/uploads\/2025\/07\/As-stebiu-tave-1.webp\",\"contentUrl\":\"https:\/\/skaitytaknyga.lt\/wp-content\/uploads\/2025\/07\/As-stebiu-tave-1.webp\",\"width\":544,\"height\":801,\"caption\":\"A\u0161 stebiu tave\"},{\"@type\":\"BreadcrumbList\",\"@id\":\"https:\/\/skaitytaknyga.lt\/produktas\/as-stebiu-tave\/#breadcrumb\",\"itemListElement\":[{\"@type\":\"ListItem\",\"position\":1,\"name\":\"Home\",\"item\":\"https:\/\/skaitytaknyga.lt\/\"},{\"@type\":\"ListItem\",\"position\":2,\"name\":\"Parduotuv\u0117\",\"item\":\"https:\/\/skaitytaknyga.lt\/knygu-parduotuve\/\"},{\"@type\":\"ListItem\",\"position\":3,\"name\":\"A\u0161 stebiu tave\"}]},{\"@type\":\"WebSite\",\"@id\":\"https:\/\/skaitytaknyga.lt\/#website\",\"url\":\"https:\/\/skaitytaknyga.lt\/\",\"name\":\"skaitytaknyga.lt\",\"description\":\"Skaitytaknyga.lt \u2013 tai ma\u017eas \u0161eimos verslas, kuris prasid\u0117jo nuo meil\u0117s knygoms ir siekio i\u0161gelb\u0117ti knygas nuo likimo prie konteinerio. Kas vienam nereikalingas daiktas \u2013 kitam lobis, o mes esame tarpininkai, kurie padeda abiems tapti laimingesniems ???? \u017dinome kaip nelengva i\u0161gyventi ma\u017eiems verslams, tad nuo \u0161iol, \u010dia rasite ir kit\u0173, ma\u017e\u0173 \u0161eim\u0173 versl\u0173, rank\u0173 darbo, dovan\u0173 sau ir artimiesiems.\",\"publisher\":{\"@id\":\"https:\/\/skaitytaknyga.lt\/#organization\"},\"potentialAction\":[{\"@type\":\"SearchAction\",\"target\":{\"@type\":\"EntryPoint\",\"urlTemplate\":\"https:\/\/skaitytaknyga.lt\/?s={search_term_string}\"},\"query-input\":{\"@type\":\"PropertyValueSpecification\",\"valueRequired\":true,\"valueName\":\"search_term_string\"}}],\"inLanguage\":\"en-GB\"},{\"@type\":\"Organization\",\"@id\":\"https:\/\/skaitytaknyga.lt\/#organization\",\"name\":\"skaitytaknyga.lt\",\"url\":\"https:\/\/skaitytaknyga.lt\/\",\"logo\":{\"@type\":\"ImageObject\",\"inLanguage\":\"en-GB\",\"@id\":\"https:\/\/skaitytaknyga.lt\/#\/schema\/logo\/image\/\",\"url\":\"https:\/\/skaitytaknyga.lt\/wp-content\/uploads\/2024\/05\/cropped-cropped-cropped-02_00843_jt3bggkj1j3HLc7SyY6rEUpg.jpeg\",\"contentUrl\":\"https:\/\/skaitytaknyga.lt\/wp-content\/uploads\/2024\/05\/cropped-cropped-cropped-02_00843_jt3bggkj1j3HLc7SyY6rEUpg.jpeg\",\"width\":1600,\"height\":1600,\"caption\":\"skaitytaknyga.lt\"},\"image\":{\"@id\":\"https:\/\/skaitytaknyga.lt\/#\/schema\/logo\/image\/\"},\"sameAs\":[\"https:\/\/www.facebook.com\/skaitytaknyga\/\"]}]}<\/script>\n<!-- \/ Yoast SEO plugin. -->","yoast_head_json":{"title":"A\u0161 stebiu tave","description":"Traukinyje Ela Longfild stebi dvi paaugles, flirtuojanc\u030cias su i\u0328tartinais vyrukais, kurie, pasirodo, ka\u0328 tik is\u030ce\u0307jo is\u030c kale\u0307jimo. Is\u030c pradz\u030ciu\u0328","robots":{"index":"index","follow":"follow","max-snippet":"max-snippet:-1","max-image-preview":"max-image-preview:large","max-video-preview":"max-video-preview:-1"},"canonical":"https:\/\/skaitytaknyga.lt\/en\/produktas\/as-stebiu-tave\/","og_locale":"en_GB","og_type":"article","og_title":"[:lt]A\u0161 stebiu tave[:] - Skaitytaknyga","og_description":"Traukinyje Ela Longfild stebi dvi paaugles, flirtuojanc\u030cias su i\u0328tartinais vyrukais, kurie, pasirodo, ka\u0328 tik is\u030ce\u0307jo is\u030c kale\u0307jimo. Is\u030c pradz\u030ciu\u0328","og_url":"https:\/\/skaitytaknyga.lt\/en\/produktas\/as-stebiu-tave\/","og_site_name":"Skaitytaknyga","article_publisher":"https:\/\/www.facebook.com\/skaitytaknyga\/","article_modified_time":"2025-07-30T18:47:22+00:00","og_image":[{"width":544,"height":801,"url":"https:\/\/skaitytaknyga.lt\/wp-content\/uploads\/2025\/07\/As-stebiu-tave-1.webp","type":"image\/webp"}],"twitter_card":"summary_large_image","twitter_misc":{"Estimated reading time":"1 minute"},"schema":{"@context":"https:\/\/schema.org","@graph":[{"@type":"WebPage","@id":"https:\/\/skaitytaknyga.lt\/produktas\/as-stebiu-tave\/","url":"https:\/\/skaitytaknyga.lt\/produktas\/as-stebiu-tave\/","name":"A\u0161 stebiu tave","isPartOf":{"@id":"https:\/\/skaitytaknyga.lt\/#website"},"primaryImageOfPage":{"@id":"https:\/\/skaitytaknyga.lt\/produktas\/as-stebiu-tave\/#primaryimage"},"image":{"@id":"https:\/\/skaitytaknyga.lt\/produktas\/as-stebiu-tave\/#primaryimage"},"thumbnailUrl":"https:\/\/skaitytaknyga.lt\/wp-content\/uploads\/2025\/07\/As-stebiu-tave-1.webp","datePublished":"2025-07-25T08:09:31+00:00","dateModified":"2025-07-30T18:47:22+00:00","description":"Traukinyje Ela Longfild stebi dvi paaugles, flirtuojanc\u030cias su i\u0328tartinais vyrukais, kurie, pasirodo, ka\u0328 tik is\u030ce\u0307jo is\u030c kale\u0307jimo. Is\u030c pradz\u030ciu\u0328","breadcrumb":{"@id":"https:\/\/skaitytaknyga.lt\/produktas\/as-stebiu-tave\/#breadcrumb"},"inLanguage":"en-GB","potentialAction":[{"@type":"ReadAction","target":["https:\/\/skaitytaknyga.lt\/produktas\/as-stebiu-tave\/"]}]},{"@type":"ImageObject","inLanguage":"en-GB","@id":"https:\/\/skaitytaknyga.lt\/produktas\/as-stebiu-tave\/#primaryimage","url":"https:\/\/skaitytaknyga.lt\/wp-content\/uploads\/2025\/07\/As-stebiu-tave-1.webp","contentUrl":"https:\/\/skaitytaknyga.lt\/wp-content\/uploads\/2025\/07\/As-stebiu-tave-1.webp","width":544,"height":801,"caption":"A\u0161 stebiu tave"},{"@type":"BreadcrumbList","@id":"https:\/\/skaitytaknyga.lt\/produktas\/as-stebiu-tave\/#breadcrumb","itemListElement":[{"@type":"ListItem","position":1,"name":"Home","item":"https:\/\/skaitytaknyga.lt\/"},{"@type":"ListItem","position":2,"name":"Parduotuv\u0117","item":"https:\/\/skaitytaknyga.lt\/knygu-parduotuve\/"},{"@type":"ListItem","position":3,"name":"A\u0161 stebiu tave"}]},{"@type":"WebSite","@id":"https:\/\/skaitytaknyga.lt\/#website","url":"https:\/\/skaitytaknyga.lt\/","name":"skaitytaknyga.lt","description":"Skaitytaknyga.lt \u2013 tai ma\u017eas \u0161eimos verslas, kuris prasid\u0117jo nuo meil\u0117s knygoms ir siekio i\u0161gelb\u0117ti knygas nuo likimo prie konteinerio. Kas vienam nereikalingas daiktas \u2013 kitam lobis, o mes esame tarpininkai, kurie padeda abiems tapti laimingesniems ???? \u017dinome kaip nelengva i\u0161gyventi ma\u017eiems verslams, tad nuo \u0161iol, \u010dia rasite ir kit\u0173, ma\u017e\u0173 \u0161eim\u0173 versl\u0173, rank\u0173 darbo, dovan\u0173 sau ir artimiesiems.","publisher":{"@id":"https:\/\/skaitytaknyga.lt\/#organization"},"potentialAction":[{"@type":"SearchAction","target":{"@type":"EntryPoint","urlTemplate":"https:\/\/skaitytaknyga.lt\/?s={search_term_string}"},"query-input":{"@type":"PropertyValueSpecification","valueRequired":true,"valueName":"search_term_string"}}],"inLanguage":"en-GB"},{"@type":"Organization","@id":"https:\/\/skaitytaknyga.lt\/#organization","name":"skaitytaknyga.lt","url":"https:\/\/skaitytaknyga.lt\/","logo":{"@type":"ImageObject","inLanguage":"en-GB","@id":"https:\/\/skaitytaknyga.lt\/#\/schema\/logo\/image\/","url":"https:\/\/skaitytaknyga.lt\/wp-content\/uploads\/2024\/05\/cropped-cropped-cropped-02_00843_jt3bggkj1j3HLc7SyY6rEUpg.jpeg","contentUrl":"https:\/\/skaitytaknyga.lt\/wp-content\/uploads\/2024\/05\/cropped-cropped-cropped-02_00843_jt3bggkj1j3HLc7SyY6rEUpg.jpeg","width":1600,"height":1600,"caption":"skaitytaknyga.lt"},"image":{"@id":"https:\/\/skaitytaknyga.lt\/#\/schema\/logo\/image\/"},"sameAs":["https:\/\/www.facebook.com\/skaitytaknyga\/"]}]}},"_links":{"self":[{"href":"https:\/\/skaitytaknyga.lt\/en\/wp-json\/wp\/v2\/product\/19951","targetHints":{"allow":["GET"]}}],"collection":[{"href":"https:\/\/skaitytaknyga.lt\/en\/wp-json\/wp\/v2\/product"}],"about":[{"href":"https:\/\/skaitytaknyga.lt\/en\/wp-json\/wp\/v2\/types\/product"}],"replies":[{"embeddable":true,"href":"https:\/\/skaitytaknyga.lt\/en\/wp-json\/wp\/v2\/comments?post=19951"}],"wp:featuredmedia":[{"embeddable":true,"href":"https:\/\/skaitytaknyga.lt\/en\/wp-json\/wp\/v2\/media\/19957"}],"wp:attachment":[{"href":"https:\/\/skaitytaknyga.lt\/en\/wp-json\/wp\/v2\/media?parent=19951"}],"wp:term":[{"taxonomy":"product_brand","embeddable":true,"href":"https:\/\/skaitytaknyga.lt\/en\/wp-json\/wp\/v2\/product_brand?post=19951"},{"taxonomy":"product_cat","embeddable":true,"href":"https:\/\/skaitytaknyga.lt\/en\/wp-json\/wp\/v2\/product_cat?post=19951"},{"taxonomy":"product_tag","embeddable":true,"href":"https:\/\/skaitytaknyga.lt\/en\/wp-json\/wp\/v2\/product_tag?post=19951"}],"curies":[{"name":"wp","href":"https:\/\/api.w.org\/{rel}","templated":true}]}}