{"id":19950,"date":"2025-07-25T11:09:31","date_gmt":"2025-07-25T08:09:31","guid":{"rendered":"https:\/\/skaitytaknyga.lt\/?post_type=product&#038;p=19950"},"modified":"2025-07-30T21:47:22","modified_gmt":"2025-07-30T18:47:22","slug":"silko-rumai","status":"publish","type":"product","link":"https:\/\/skaitytaknyga.lt\/en\/produktas\/silko-rumai\/","title":{"rendered":"\u0160ilko r\u016bmai"},"content":{"rendered":"<p>Reik\u0117jo seniai atverti Beikerio gatv\u0117s 221B namo duris ir \u012f\u017eengti \u012f kambar\u012f, kuriame prasid\u0117jo tiek daug nuotyki\u0173. Ai\u0161kiai matau j\u012f prie\u0161ais save: u\u017e lango \u0161vie\u010dia lempa, \u012f vid\u0173 nuo \u0161aligatvio veda septyniolika laipteli\u0173.<\/p>\n<p>Anthony Horowitz (Antonis Horovicas, g. 1955 m.) \u2013 vienas \u017eymiausi\u0173 \u0161iuolaikini\u0173 brit\u0173 ra\u0161ytoj\u0173, daugiau nei 40-ies knyg\u0173 vaikams ir suaugusiems autorius, scenaristas, kurio specializacija \u2013 detektyvai. Jis k\u016br\u0117 \u201eMidsomerio \u017emog\u017eudys\u010di\u0173&#8221; ir \u201ePuaro&#8221; serial\u0173 serijas bei serial\u0105 \u201eFoilo karas&#8221;. B\u016btent jam Arthuro Conano Doyle&#8217;io teisi\u0173 paveld\u0117tojai u\u017esak\u0117 prikelti gyvenimui \u0160erlok\u0105 Holms\u0105. Ne\u012ftik\u0117tina, ta\u010diau A. Horowitzui tai pavyko.<\/p>\n<p>\u201e\u0160ilko r\u016bmai&#8221; \u2013 knyga, kurioje v\u0117l atgyja garsiausias vis\u0173 laik\u0173 seklys \u2013 sulauk\u0117 did\u017eiul\u0117s s\u0117km\u0117s visame pasaulyje.<\/p>\n<p>Autorius kalba autenti\u0161ku daktaro Votsono balsu. \u0160erloko Holmso pasaulis v\u0117l gr\u012f\u017eo. V\u0117l ni\u016brus, r\u016bkuose paskend\u0119s Londonas, v\u0117l pypk\u0117 ir smuikas, \u017eidinys ir kr\u0117slas, v\u0117l gerojo daktaro Votsono balsas, pasakojantis paslapting\u0105 istorij\u0105.<\/p>\n<p>Londonas, ne\u012fprastai \u0161altas 1890-\u0173j\u0173 lapkri\u010dio vakaras. Eleganti\u0161kas vyri\u0161kis \u012f\u017eengia \u012f \u0160erloko Holmso but\u0105 Beikerio gatv\u0117je ir papasakoja, jog j\u012f persekioja keistas \u017emogus. Jo teigimu, tai vienintelis lik\u0119s gyvas Bostono nusikalt\u0117li\u0173 gaujos narys. Ar jis perplauk\u0117 Atlanto vandenyn\u0105, kad atker\u0161yt\u0173 tam, kuris prisid\u0117jo likviduojant gauj\u0105? Holmsas ir Votsonas pradeda sekti bandito p\u0117dsakais, ta\u010diau jie greit nuveda \u012f s\u0105moksl\u0105, kuris i\u0161\u0161aukia auk\u0161\u010diausi\u0173 visuomen\u0117s sluoksni\u0173 nepasitenkinim\u0105, ir garsusis seklys atsiduria kal\u0117jime, \u012ftariamas \u017emog\u017eudyste. Visam \u0161iam kamuoliui i\u0161painioti Holmsas i\u0161 prad\u017ei\u0173 teturi tik balt\u0105 \u0161ilkin\u012f kaspin\u0105, u\u017eri\u0161t\u0105 ant nu\u017eudyto gatv\u0117s berniuko rankos&#8230;<\/p>\n<p>Vis\u0173 \u0161ali\u0173 Holmso gerb\u0117jai, d\u017eiaukit\u0117s \u2013 jis v\u0117l su mumis!<\/p>\n","protected":false},"excerpt":{"rendered":"<p>Reik\u0117jo seniai atverti Beikerio gatv\u0117s 221B namo duris ir \u012f\u017eengti \u012f kambar\u012f, kuriame prasid\u0117jo tiek daug nuotyki\u0173. Ai\u0161kiai matau j\u012f prie\u0161ais save: u\u017e lango \u0161vie\u010dia lempa, \u012f vid\u0173 nuo \u0161aligatvio veda septyniolika laipteli\u0173. Anthony Horowitz (Antonis Horovicas, g. 1955 m.) \u2013 vienas \u017eymiausi\u0173 \u0161iuolaikini\u0173 brit\u0173 ra\u0161ytoj\u0173, daugiau nei 40-ies knyg\u0173 vaikams ir suaugusiems autorius, scenaristas, kurio specializacija \u2013 detektyvai. Jis k\u016br\u0117 \u201eMidsomerio \u017emog\u017eudys\u010di\u0173&#8221; ir \u201ePuaro&#8221; serial\u0173 serijas bei serial\u0105 \u201eFoilo karas&#8221;. B\u016btent jam Arthuro Conano Doyle&#8217;io teisi\u0173 paveld\u0117tojai u\u017esak\u0117 prikelti gyvenimui \u0160erlok\u0105 Holms\u0105. Ne\u012ftik\u0117tina, ta\u010diau A. Horowitzui tai pavyko. \u201e\u0160ilko r\u016bmai&#8221; \u2013 knyga, kurioje v\u0117l atgyja garsiausias vis\u0173 laik\u0173 seklys \u2013 sulauk\u0117 did\u017eiul\u0117s s\u0117km\u0117s visame pasaulyje. Autorius kalba autenti\u0161ku daktaro Votsono balsu. \u0160erloko Holmso pasaulis v\u0117l gr\u012f\u017eo. V\u0117l ni\u016brus, r\u016bkuose paskend\u0119s Londonas, v\u0117l pypk\u0117 ir smuikas, \u017eidinys ir kr\u0117slas, v\u0117l gerojo daktaro Votsono balsas, pasakojantis paslapting\u0105 istorij\u0105. Londonas, ne\u012fprastai \u0161altas 1890-\u0173j\u0173 lapkri\u010dio vakaras. Eleganti\u0161kas vyri\u0161kis \u012f\u017eengia \u012f \u0160erloko Holmso but\u0105 Beikerio gatv\u0117je ir papasakoja, jog j\u012f persekioja keistas \u017emogus. Jo teigimu, tai vienintelis lik\u0119s gyvas Bostono nusikalt\u0117li\u0173 gaujos narys. Ar jis perplauk\u0117 Atlanto vandenyn\u0105, kad atker\u0161yt\u0173 tam, kuris prisid\u0117jo likviduojant gauj\u0105? Holmsas ir Votsonas pradeda sekti bandito p\u0117dsakais, ta\u010diau jie greit nuveda \u012f s\u0105moksl\u0105, kuris i\u0161\u0161aukia auk\u0161\u010diausi\u0173 visuomen\u0117s sluoksni\u0173 nepasitenkinim\u0105, ir garsusis seklys atsiduria kal\u0117jime, \u012ftariamas \u017emog\u017eudyste. Visam \u0161iam kamuoliui i\u0161painioti Holmsas i\u0161 prad\u017ei\u0173 teturi tik balt\u0105 \u0161ilkin\u012f kaspin\u0105, u\u017eri\u0161t\u0105 ant nu\u017eudyto gatv\u0117s berniuko rankos&#8230; Vis\u0173 \u0161ali\u0173 Holmso gerb\u0117jai, d\u017eiaukit\u0117s \u2013 jis v\u0117l su mumis!<\/p>\n","protected":false},"featured_media":19955,"comment_status":"open","ping_status":"closed","template":"","meta":{"_acf_changed":false,"site-sidebar-layout":"default","site-content-layout":"","ast-site-content-layout":"default","site-content-style":"default","site-sidebar-style":"default","ast-global-header-display":"","ast-banner-title-visibility":"","ast-main-header-display":"","ast-hfb-above-header-display":"","ast-hfb-below-header-display":"","ast-hfb-mobile-header-display":"","site-post-title":"","ast-breadcrumbs-content":"","ast-featured-img":"","footer-sml-layout":"","ast-disable-related-posts":"","theme-transparent-header-meta":"","adv-header-id-meta":"","stick-header-meta":"","header-above-stick-meta":"","header-main-stick-meta":"","header-below-stick-meta":"","astra-migrate-meta-layouts":"default","ast-page-background-enabled":"default","ast-page-background-meta":{"desktop":{"background-color":"","background-image":"","background-repeat":"repeat","background-position":"center center","background-size":"auto","background-attachment":"scroll","background-type":"","background-media":"","overlay-type":"","overlay-color":"","overlay-opacity":"","overlay-gradient":""},"tablet":{"background-color":"","background-image":"","background-repeat":"repeat","background-position":"center center","background-size":"auto","background-attachment":"scroll","background-type":"","background-media":"","overlay-type":"","overlay-color":"","overlay-opacity":"","overlay-gradient":""},"mobile":{"background-color":"","background-image":"","background-repeat":"repeat","background-position":"center center","background-size":"auto","background-attachment":"scroll","background-type":"","background-media":"","overlay-type":"","overlay-color":"","overlay-opacity":"","overlay-gradient":""}},"ast-content-background-meta":{"desktop":{"background-color":"var(--ast-global-color-4)","background-image":"","background-repeat":"repeat","background-position":"center center","background-size":"auto","background-attachment":"scroll","background-type":"","background-media":"","overlay-type":"","overlay-color":"","overlay-opacity":"","overlay-gradient":""},"tablet":{"background-color":"var(--ast-global-color-4)","background-image":"","background-repeat":"repeat","background-position":"center center","background-size":"auto","background-attachment":"scroll","background-type":"","background-media":"","overlay-type":"","overlay-color":"","overlay-opacity":"","overlay-gradient":""},"mobile":{"background-color":"var(--ast-global-color-4)","background-image":"","background-repeat":"repeat","background-position":"center center","background-size":"auto","background-attachment":"scroll","background-type":"","background-media":"","overlay-type":"","overlay-color":"","overlay-opacity":"","overlay-gradient":""}}},"product_brand":[],"product_cat":[15],"product_tag":[6879,1476,3983,3865,6898],"class_list":{"0":"post-19950","1":"product","2":"type-product","3":"status-publish","4":"has-post-thumbnail","6":"product_cat-uncategorized","7":"product_tag-anthony-horowitz","8":"product_tag-detektyvas","9":"product_tag-londonas","10":"product_tag-samokslas","11":"product_tag-serlokas-holmsas","12":"desktop-align-left","13":"tablet-align-left","14":"mobile-align-left","16":"first","17":"instock","18":"shipping-taxable","19":"purchasable","20":"product-type-simple"},"acf":[],"yoast_head":"<!-- This site is optimized with the Yoast SEO plugin v27.0 - https:\/\/yoast.com\/product\/yoast-seo-wordpress\/ -->\n<title>\u0160ilko r\u016bmai<\/title>\n<meta name=\"description\" content=\"Reik\u0117jo seniai atverti Beikerio gatv\u0117s 221B namo duris ir \u012f\u017eengti \u012f kambar\u012f, kuriame prasid\u0117jo tiek daug nuotyki\u0173. Ai\u0161kiai matau j\u012f prie\u0161ais save: u\u017e\" \/>\n<meta name=\"robots\" content=\"index, follow, max-snippet:-1, max-image-preview:large, max-video-preview:-1\" \/>\n<link rel=\"canonical\" href=\"https:\/\/skaitytaknyga.lt\/en\/produktas\/silko-rumai\/\" \/>\n<meta property=\"og:locale\" content=\"en_GB\" \/>\n<meta property=\"og:locale:alternate\" content=\"lt_LT\" \/>\n<meta property=\"og:type\" content=\"article\" \/>\n<meta property=\"og:title\" content=\"\u0160ilko r\u016bmai\" \/>\n<meta property=\"og:description\" content=\"Reik\u0117jo seniai atverti Beikerio gatv\u0117s 221B namo duris ir \u012f\u017eengti \u012f kambar\u012f, kuriame prasid\u0117jo tiek daug nuotyki\u0173. Ai\u0161kiai matau j\u012f prie\u0161ais save: u\u017e\" \/>\n<meta property=\"og:url\" content=\"https:\/\/skaitytaknyga.lt\/en\/produktas\/silko-rumai\/\" \/>\n<meta property=\"og:site_name\" content=\"Skaitytaknyga\" \/>\n<meta property=\"article:publisher\" content=\"https:\/\/www.facebook.com\/skaitytaknyga\/\" \/>\n<meta property=\"article:modified_time\" content=\"2025-07-30T18:47:22+00:00\" \/>\n<meta property=\"og:image\" content=\"https:\/\/skaitytaknyga.lt\/wp-content\/uploads\/2025\/07\/Silko-rumai-1.webp\" \/>\n\t<meta property=\"og:image:width\" content=\"534\" \/>\n\t<meta property=\"og:image:height\" content=\"801\" \/>\n\t<meta property=\"og:image:type\" content=\"image\/webp\" \/>\n<meta name=\"twitter:card\" content=\"summary_large_image\" \/>\n<meta name=\"twitter:label1\" content=\"Estimated reading time\" \/>\n\t<meta name=\"twitter:data1\" content=\"1 minute\" \/>\n<script type=\"application\/ld+json\" class=\"yoast-schema-graph\">{\"@context\":\"https:\/\/schema.org\",\"@graph\":[{\"@type\":\"WebPage\",\"@id\":\"https:\/\/skaitytaknyga.lt\/produktas\/silko-rumai\/\",\"url\":\"https:\/\/skaitytaknyga.lt\/produktas\/silko-rumai\/\",\"name\":\"\u0160ilko r\u016bmai\",\"isPartOf\":{\"@id\":\"https:\/\/skaitytaknyga.lt\/#website\"},\"primaryImageOfPage\":{\"@id\":\"https:\/\/skaitytaknyga.lt\/produktas\/silko-rumai\/#primaryimage\"},\"image\":{\"@id\":\"https:\/\/skaitytaknyga.lt\/produktas\/silko-rumai\/#primaryimage\"},\"thumbnailUrl\":\"https:\/\/skaitytaknyga.lt\/wp-content\/uploads\/2025\/07\/Silko-rumai-1.webp\",\"datePublished\":\"2025-07-25T08:09:31+00:00\",\"dateModified\":\"2025-07-30T18:47:22+00:00\",\"description\":\"Reik\u0117jo seniai atverti Beikerio gatv\u0117s 221B namo duris ir \u012f\u017eengti \u012f kambar\u012f, kuriame prasid\u0117jo tiek daug nuotyki\u0173. Ai\u0161kiai matau j\u012f prie\u0161ais save: u\u017e\",\"breadcrumb\":{\"@id\":\"https:\/\/skaitytaknyga.lt\/produktas\/silko-rumai\/#breadcrumb\"},\"inLanguage\":\"en-GB\",\"potentialAction\":[{\"@type\":\"ReadAction\",\"target\":[\"https:\/\/skaitytaknyga.lt\/produktas\/silko-rumai\/\"]}]},{\"@type\":\"ImageObject\",\"inLanguage\":\"en-GB\",\"@id\":\"https:\/\/skaitytaknyga.lt\/produktas\/silko-rumai\/#primaryimage\",\"url\":\"https:\/\/skaitytaknyga.lt\/wp-content\/uploads\/2025\/07\/Silko-rumai-1.webp\",\"contentUrl\":\"https:\/\/skaitytaknyga.lt\/wp-content\/uploads\/2025\/07\/Silko-rumai-1.webp\",\"width\":534,\"height\":801,\"caption\":\"\u0160ilko r\u016bmai\"},{\"@type\":\"BreadcrumbList\",\"@id\":\"https:\/\/skaitytaknyga.lt\/produktas\/silko-rumai\/#breadcrumb\",\"itemListElement\":[{\"@type\":\"ListItem\",\"position\":1,\"name\":\"Home\",\"item\":\"https:\/\/skaitytaknyga.lt\/\"},{\"@type\":\"ListItem\",\"position\":2,\"name\":\"Parduotuv\u0117\",\"item\":\"https:\/\/skaitytaknyga.lt\/knygu-parduotuve\/\"},{\"@type\":\"ListItem\",\"position\":3,\"name\":\"\u0160ilko r\u016bmai\"}]},{\"@type\":\"WebSite\",\"@id\":\"https:\/\/skaitytaknyga.lt\/#website\",\"url\":\"https:\/\/skaitytaknyga.lt\/\",\"name\":\"skaitytaknyga.lt\",\"description\":\"Skaitytaknyga.lt \u2013 tai ma\u017eas \u0161eimos verslas, kuris prasid\u0117jo nuo meil\u0117s knygoms ir siekio i\u0161gelb\u0117ti knygas nuo likimo prie konteinerio. Kas vienam nereikalingas daiktas \u2013 kitam lobis, o mes esame tarpininkai, kurie padeda abiems tapti laimingesniems ???? \u017dinome kaip nelengva i\u0161gyventi ma\u017eiems verslams, tad nuo \u0161iol, \u010dia rasite ir kit\u0173, ma\u017e\u0173 \u0161eim\u0173 versl\u0173, rank\u0173 darbo, dovan\u0173 sau ir artimiesiems.\",\"publisher\":{\"@id\":\"https:\/\/skaitytaknyga.lt\/#organization\"},\"potentialAction\":[{\"@type\":\"SearchAction\",\"target\":{\"@type\":\"EntryPoint\",\"urlTemplate\":\"https:\/\/skaitytaknyga.lt\/?s={search_term_string}\"},\"query-input\":{\"@type\":\"PropertyValueSpecification\",\"valueRequired\":true,\"valueName\":\"search_term_string\"}}],\"inLanguage\":\"en-GB\"},{\"@type\":\"Organization\",\"@id\":\"https:\/\/skaitytaknyga.lt\/#organization\",\"name\":\"skaitytaknyga.lt\",\"url\":\"https:\/\/skaitytaknyga.lt\/\",\"logo\":{\"@type\":\"ImageObject\",\"inLanguage\":\"en-GB\",\"@id\":\"https:\/\/skaitytaknyga.lt\/#\/schema\/logo\/image\/\",\"url\":\"https:\/\/skaitytaknyga.lt\/wp-content\/uploads\/2024\/05\/cropped-cropped-cropped-02_00843_jt3bggkj1j3HLc7SyY6rEUpg.jpeg\",\"contentUrl\":\"https:\/\/skaitytaknyga.lt\/wp-content\/uploads\/2024\/05\/cropped-cropped-cropped-02_00843_jt3bggkj1j3HLc7SyY6rEUpg.jpeg\",\"width\":1600,\"height\":1600,\"caption\":\"skaitytaknyga.lt\"},\"image\":{\"@id\":\"https:\/\/skaitytaknyga.lt\/#\/schema\/logo\/image\/\"},\"sameAs\":[\"https:\/\/www.facebook.com\/skaitytaknyga\/\"]}]}<\/script>\n<!-- \/ Yoast SEO plugin. -->","yoast_head_json":{"title":"\u0160ilko r\u016bmai","description":"Reik\u0117jo seniai atverti Beikerio gatv\u0117s 221B namo duris ir \u012f\u017eengti \u012f kambar\u012f, kuriame prasid\u0117jo tiek daug nuotyki\u0173. Ai\u0161kiai matau j\u012f prie\u0161ais save: u\u017e","robots":{"index":"index","follow":"follow","max-snippet":"max-snippet:-1","max-image-preview":"max-image-preview:large","max-video-preview":"max-video-preview:-1"},"canonical":"https:\/\/skaitytaknyga.lt\/en\/produktas\/silko-rumai\/","og_locale":"en_GB","og_type":"article","og_title":"[:lt]\u0160ilko r\u016bmai[:] - Skaitytaknyga","og_description":"Reik\u0117jo seniai atverti Beikerio gatv\u0117s 221B namo duris ir \u012f\u017eengti \u012f kambar\u012f, kuriame prasid\u0117jo tiek daug nuotyki\u0173. Ai\u0161kiai matau j\u012f prie\u0161ais save: u\u017e","og_url":"https:\/\/skaitytaknyga.lt\/en\/produktas\/silko-rumai\/","og_site_name":"Skaitytaknyga","article_publisher":"https:\/\/www.facebook.com\/skaitytaknyga\/","article_modified_time":"2025-07-30T18:47:22+00:00","og_image":[{"width":534,"height":801,"url":"https:\/\/skaitytaknyga.lt\/wp-content\/uploads\/2025\/07\/Silko-rumai-1.webp","type":"image\/webp"}],"twitter_card":"summary_large_image","twitter_misc":{"Estimated reading time":"1 minute"},"schema":{"@context":"https:\/\/schema.org","@graph":[{"@type":"WebPage","@id":"https:\/\/skaitytaknyga.lt\/produktas\/silko-rumai\/","url":"https:\/\/skaitytaknyga.lt\/produktas\/silko-rumai\/","name":"\u0160ilko r\u016bmai","isPartOf":{"@id":"https:\/\/skaitytaknyga.lt\/#website"},"primaryImageOfPage":{"@id":"https:\/\/skaitytaknyga.lt\/produktas\/silko-rumai\/#primaryimage"},"image":{"@id":"https:\/\/skaitytaknyga.lt\/produktas\/silko-rumai\/#primaryimage"},"thumbnailUrl":"https:\/\/skaitytaknyga.lt\/wp-content\/uploads\/2025\/07\/Silko-rumai-1.webp","datePublished":"2025-07-25T08:09:31+00:00","dateModified":"2025-07-30T18:47:22+00:00","description":"Reik\u0117jo seniai atverti Beikerio gatv\u0117s 221B namo duris ir \u012f\u017eengti \u012f kambar\u012f, kuriame prasid\u0117jo tiek daug nuotyki\u0173. Ai\u0161kiai matau j\u012f prie\u0161ais save: u\u017e","breadcrumb":{"@id":"https:\/\/skaitytaknyga.lt\/produktas\/silko-rumai\/#breadcrumb"},"inLanguage":"en-GB","potentialAction":[{"@type":"ReadAction","target":["https:\/\/skaitytaknyga.lt\/produktas\/silko-rumai\/"]}]},{"@type":"ImageObject","inLanguage":"en-GB","@id":"https:\/\/skaitytaknyga.lt\/produktas\/silko-rumai\/#primaryimage","url":"https:\/\/skaitytaknyga.lt\/wp-content\/uploads\/2025\/07\/Silko-rumai-1.webp","contentUrl":"https:\/\/skaitytaknyga.lt\/wp-content\/uploads\/2025\/07\/Silko-rumai-1.webp","width":534,"height":801,"caption":"\u0160ilko r\u016bmai"},{"@type":"BreadcrumbList","@id":"https:\/\/skaitytaknyga.lt\/produktas\/silko-rumai\/#breadcrumb","itemListElement":[{"@type":"ListItem","position":1,"name":"Home","item":"https:\/\/skaitytaknyga.lt\/"},{"@type":"ListItem","position":2,"name":"Parduotuv\u0117","item":"https:\/\/skaitytaknyga.lt\/knygu-parduotuve\/"},{"@type":"ListItem","position":3,"name":"\u0160ilko r\u016bmai"}]},{"@type":"WebSite","@id":"https:\/\/skaitytaknyga.lt\/#website","url":"https:\/\/skaitytaknyga.lt\/","name":"skaitytaknyga.lt","description":"Skaitytaknyga.lt \u2013 tai ma\u017eas \u0161eimos verslas, kuris prasid\u0117jo nuo meil\u0117s knygoms ir siekio i\u0161gelb\u0117ti knygas nuo likimo prie konteinerio. Kas vienam nereikalingas daiktas \u2013 kitam lobis, o mes esame tarpininkai, kurie padeda abiems tapti laimingesniems ???? \u017dinome kaip nelengva i\u0161gyventi ma\u017eiems verslams, tad nuo \u0161iol, \u010dia rasite ir kit\u0173, ma\u017e\u0173 \u0161eim\u0173 versl\u0173, rank\u0173 darbo, dovan\u0173 sau ir artimiesiems.","publisher":{"@id":"https:\/\/skaitytaknyga.lt\/#organization"},"potentialAction":[{"@type":"SearchAction","target":{"@type":"EntryPoint","urlTemplate":"https:\/\/skaitytaknyga.lt\/?s={search_term_string}"},"query-input":{"@type":"PropertyValueSpecification","valueRequired":true,"valueName":"search_term_string"}}],"inLanguage":"en-GB"},{"@type":"Organization","@id":"https:\/\/skaitytaknyga.lt\/#organization","name":"skaitytaknyga.lt","url":"https:\/\/skaitytaknyga.lt\/","logo":{"@type":"ImageObject","inLanguage":"en-GB","@id":"https:\/\/skaitytaknyga.lt\/#\/schema\/logo\/image\/","url":"https:\/\/skaitytaknyga.lt\/wp-content\/uploads\/2024\/05\/cropped-cropped-cropped-02_00843_jt3bggkj1j3HLc7SyY6rEUpg.jpeg","contentUrl":"https:\/\/skaitytaknyga.lt\/wp-content\/uploads\/2024\/05\/cropped-cropped-cropped-02_00843_jt3bggkj1j3HLc7SyY6rEUpg.jpeg","width":1600,"height":1600,"caption":"skaitytaknyga.lt"},"image":{"@id":"https:\/\/skaitytaknyga.lt\/#\/schema\/logo\/image\/"},"sameAs":["https:\/\/www.facebook.com\/skaitytaknyga\/"]}]}},"_links":{"self":[{"href":"https:\/\/skaitytaknyga.lt\/en\/wp-json\/wp\/v2\/product\/19950","targetHints":{"allow":["GET"]}}],"collection":[{"href":"https:\/\/skaitytaknyga.lt\/en\/wp-json\/wp\/v2\/product"}],"about":[{"href":"https:\/\/skaitytaknyga.lt\/en\/wp-json\/wp\/v2\/types\/product"}],"replies":[{"embeddable":true,"href":"https:\/\/skaitytaknyga.lt\/en\/wp-json\/wp\/v2\/comments?post=19950"}],"wp:featuredmedia":[{"embeddable":true,"href":"https:\/\/skaitytaknyga.lt\/en\/wp-json\/wp\/v2\/media\/19955"}],"wp:attachment":[{"href":"https:\/\/skaitytaknyga.lt\/en\/wp-json\/wp\/v2\/media?parent=19950"}],"wp:term":[{"taxonomy":"product_brand","embeddable":true,"href":"https:\/\/skaitytaknyga.lt\/en\/wp-json\/wp\/v2\/product_brand?post=19950"},{"taxonomy":"product_cat","embeddable":true,"href":"https:\/\/skaitytaknyga.lt\/en\/wp-json\/wp\/v2\/product_cat?post=19950"},{"taxonomy":"product_tag","embeddable":true,"href":"https:\/\/skaitytaknyga.lt\/en\/wp-json\/wp\/v2\/product_tag?post=19950"}],"curies":[{"name":"wp","href":"https:\/\/api.w.org\/{rel}","templated":true}]}}