{"id":19949,"date":"2025-07-25T11:09:31","date_gmt":"2025-07-25T08:09:31","guid":{"rendered":"https:\/\/skaitytaknyga.lt\/?post_type=product&#038;p=19949"},"modified":"2026-03-05T13:24:23","modified_gmt":"2026-03-05T11:24:23","slug":"mergina-lede","status":"publish","type":"product","link":"https:\/\/skaitytaknyga.lt\/en\/produktas\/mergina-lede\/","title":{"rendered":"Mergina lede"},"content":{"rendered":"<p>Kokias tamsias paslaptis saugo mergina lede?<\/p>\n<p>Piet\u0173 Londono parko tvenkinyje vaikinukas aptinka moters palaikus. Auka \u2014 populiari auk\u0161tuomen\u0117s gra\u017euol\u0117, gyvenusi tobul\u0105 gyvenim\u0105.<\/p>\n<p>Detektyv\u0117 Erika Foster paskiriama vadovauti \u017emog\u017eudyst\u0117s tyrimui. Prad\u0117jusi kapstytis giliau, ji \u012f\u017evelgia ry\u0161\u012f tarp \u0161ios \u017emog\u017eudyst\u0117s ir trij\u0173 pasmaugt\u0173 prostitu\u010di\u0173 \u2014 mergin\u0173 suri\u0161tomis rankomis lavonai buvo aptikti vandens telkiniuose skirtingose Londono vietose.<\/p>\n<p>Erikai art\u0117jant prie tiesos, \u017eudikas art\u0117ja prie Erikos.<\/p>\n<p>Paskutinis tyrimas, kuriam vadovavo Erika, bevilti\u0161kai nenusisek\u0117&#8230; \u017euvo jos vyras. Inspektor\u0117s Foster karjera kabo ant plauko, tad ji privalo susigrumti su asmeniniais demonais ir susiremti su negailestingu \u017eudiku. Ar Erika Foster sp\u0117s pri\u010diupti nusikalt\u0117l\u012f, kol jis smogs dar kart\u0105?<\/p>\n<p>Jei jums patinka Angelos Marsons, Rachel Abbott ir Tess Gerritsen knygos, susipa\u017einkite su nauj\u0105ja Roberto Bryndzos detektyv\u0173 serija \u2014 detektyv\u0117 Erika Foster j\u016bs\u0173 nenuvils.<\/p>\n","protected":false},"excerpt":{"rendered":"<p>Kokias tamsias paslaptis saugo mergina lede? Piet\u0173 Londono parko tvenkinyje vaikinukas aptinka moters palaikus. Auka \u2014 populiari auk\u0161tuomen\u0117s gra\u017euol\u0117, gyvenusi tobul\u0105 gyvenim\u0105. Detektyv\u0117 Erika Foster paskiriama vadovauti \u017emog\u017eudyst\u0117s tyrimui. Prad\u0117jusi kapstytis giliau, ji \u012f\u017evelgia ry\u0161\u012f tarp \u0161ios \u017emog\u017eudyst\u0117s ir trij\u0173 pasmaugt\u0173 prostitu\u010di\u0173 \u2014 mergin\u0173 suri\u0161tomis rankomis lavonai buvo aptikti vandens telkiniuose skirtingose Londono vietose. Erikai art\u0117jant prie tiesos, \u017eudikas art\u0117ja prie Erikos. Paskutinis tyrimas, kuriam vadovavo Erika, bevilti\u0161kai nenusisek\u0117&#8230; \u017euvo jos vyras. Inspektor\u0117s Foster karjera kabo ant plauko, tad ji privalo susigrumti su asmeniniais demonais ir susiremti su negailestingu \u017eudiku. Ar Erika Foster sp\u0117s pri\u010diupti nusikalt\u0117l\u012f, kol jis smogs dar kart\u0105? Jei jums patinka Angelos Marsons, Rachel Abbott ir Tess Gerritsen knygos, susipa\u017einkite su nauj\u0105ja Roberto Bryndzos detektyv\u0173 serija \u2014 detektyv\u0117 Erika Foster j\u016bs\u0173 nenuvils.<\/p>\n","protected":false},"featured_media":19954,"comment_status":"open","ping_status":"closed","template":"","meta":{"_acf_changed":false,"site-sidebar-layout":"default","site-content-layout":"","ast-site-content-layout":"default","site-content-style":"default","site-sidebar-style":"default","ast-global-header-display":"","ast-banner-title-visibility":"","ast-main-header-display":"","ast-hfb-above-header-display":"","ast-hfb-below-header-display":"","ast-hfb-mobile-header-display":"","site-post-title":"","ast-breadcrumbs-content":"","ast-featured-img":"","footer-sml-layout":"","ast-disable-related-posts":"","theme-transparent-header-meta":"","adv-header-id-meta":"","stick-header-meta":"","header-above-stick-meta":"","header-main-stick-meta":"","header-below-stick-meta":"","astra-migrate-meta-layouts":"default","ast-page-background-enabled":"default","ast-page-background-meta":{"desktop":{"background-color":"","background-image":"","background-repeat":"repeat","background-position":"center center","background-size":"auto","background-attachment":"scroll","background-type":"","background-media":"","overlay-type":"","overlay-color":"","overlay-opacity":"","overlay-gradient":""},"tablet":{"background-color":"","background-image":"","background-repeat":"repeat","background-position":"center center","background-size":"auto","background-attachment":"scroll","background-type":"","background-media":"","overlay-type":"","overlay-color":"","overlay-opacity":"","overlay-gradient":""},"mobile":{"background-color":"","background-image":"","background-repeat":"repeat","background-position":"center center","background-size":"auto","background-attachment":"scroll","background-type":"","background-media":"","overlay-type":"","overlay-color":"","overlay-opacity":"","overlay-gradient":""}},"ast-content-background-meta":{"desktop":{"background-color":"var(--ast-global-color-4)","background-image":"","background-repeat":"repeat","background-position":"center center","background-size":"auto","background-attachment":"scroll","background-type":"","background-media":"","overlay-type":"","overlay-color":"","overlay-opacity":"","overlay-gradient":""},"tablet":{"background-color":"var(--ast-global-color-4)","background-image":"","background-repeat":"repeat","background-position":"center center","background-size":"auto","background-attachment":"scroll","background-type":"","background-media":"","overlay-type":"","overlay-color":"","overlay-opacity":"","overlay-gradient":""},"mobile":{"background-color":"var(--ast-global-color-4)","background-image":"","background-repeat":"repeat","background-position":"center center","background-size":"auto","background-attachment":"scroll","background-type":"","background-media":"","overlay-type":"","overlay-color":"","overlay-opacity":"","overlay-gradient":""}}},"product_brand":[],"product_cat":[9581],"product_tag":[1476,6905,6906,5178,1772],"class_list":{"0":"post-19949","1":"product","2":"type-product","3":"status-publish","4":"has-post-thumbnail","6":"product_cat-kriminaliniai-romanai","7":"product_tag-detektyvas","8":"product_tag-erika-foster","9":"product_tag-robert-bryndza","10":"product_tag-tamsios-paslaptys","11":"product_tag-zmogzudyste","12":"desktop-align-left","13":"tablet-align-left","14":"mobile-align-left","16":"first","17":"instock","18":"shipping-taxable","19":"purchasable","20":"product-type-simple"},"acf":[],"yoast_head":"<!-- This site is optimized with the Yoast SEO plugin v27.0 - https:\/\/yoast.com\/product\/yoast-seo-wordpress\/ -->\n<title>Mergina lede<\/title>\n<meta name=\"description\" content=\"Kokias tamsias paslaptis saugo mergina lede? Piet\u0173 Londono parko tvenkinyje vaikinukas aptinka moters palaikus. Auka \u2014 populiari auk\u0161tuomen\u0117s gra\u017euol\u0117,\" \/>\n<meta name=\"robots\" content=\"index, follow, max-snippet:-1, max-image-preview:large, max-video-preview:-1\" \/>\n<link rel=\"canonical\" href=\"https:\/\/skaitytaknyga.lt\/en\/produktas\/mergina-lede\/\" \/>\n<meta property=\"og:locale\" content=\"en_GB\" \/>\n<meta property=\"og:locale:alternate\" content=\"lt_LT\" \/>\n<meta property=\"og:type\" content=\"article\" \/>\n<meta property=\"og:title\" content=\"Mergina lede\" \/>\n<meta property=\"og:description\" content=\"Kokias tamsias paslaptis saugo mergina lede? Piet\u0173 Londono parko tvenkinyje vaikinukas aptinka moters palaikus. Auka \u2014 populiari auk\u0161tuomen\u0117s gra\u017euol\u0117,\" \/>\n<meta property=\"og:url\" content=\"https:\/\/skaitytaknyga.lt\/en\/produktas\/mergina-lede\/\" \/>\n<meta property=\"og:site_name\" content=\"Skaitytaknyga\" \/>\n<meta property=\"article:publisher\" content=\"https:\/\/www.facebook.com\/skaitytaknyga\/\" \/>\n<meta property=\"article:modified_time\" content=\"2026-03-05T11:24:23+00:00\" \/>\n<meta property=\"og:image\" content=\"https:\/\/skaitytaknyga.lt\/wp-content\/uploads\/2025\/07\/7513650_2-1000x1000-1.webp\" \/>\n\t<meta property=\"og:image:width\" content=\"1000\" \/>\n\t<meta property=\"og:image:height\" content=\"1000\" \/>\n\t<meta property=\"og:image:type\" content=\"image\/webp\" \/>\n<meta name=\"twitter:card\" content=\"summary_large_image\" \/>\n<meta name=\"twitter:label1\" content=\"Estimated reading time\" \/>\n\t<meta name=\"twitter:data1\" content=\"1 minute\" \/>\n<script type=\"application\/ld+json\" class=\"yoast-schema-graph\">{\"@context\":\"https:\/\/schema.org\",\"@graph\":[{\"@type\":\"WebPage\",\"@id\":\"https:\/\/skaitytaknyga.lt\/produktas\/mergina-lede\/\",\"url\":\"https:\/\/skaitytaknyga.lt\/produktas\/mergina-lede\/\",\"name\":\"Mergina lede\",\"isPartOf\":{\"@id\":\"https:\/\/skaitytaknyga.lt\/#website\"},\"primaryImageOfPage\":{\"@id\":\"https:\/\/skaitytaknyga.lt\/produktas\/mergina-lede\/#primaryimage\"},\"image\":{\"@id\":\"https:\/\/skaitytaknyga.lt\/produktas\/mergina-lede\/#primaryimage\"},\"thumbnailUrl\":\"https:\/\/skaitytaknyga.lt\/wp-content\/uploads\/2025\/07\/7513650_2-1000x1000-1.webp\",\"datePublished\":\"2025-07-25T08:09:31+00:00\",\"dateModified\":\"2026-03-05T11:24:23+00:00\",\"description\":\"Kokias tamsias paslaptis saugo mergina lede? Piet\u0173 Londono parko tvenkinyje vaikinukas aptinka moters palaikus. Auka \u2014 populiari auk\u0161tuomen\u0117s gra\u017euol\u0117,\",\"breadcrumb\":{\"@id\":\"https:\/\/skaitytaknyga.lt\/produktas\/mergina-lede\/#breadcrumb\"},\"inLanguage\":\"en-GB\",\"potentialAction\":[{\"@type\":\"ReadAction\",\"target\":[\"https:\/\/skaitytaknyga.lt\/produktas\/mergina-lede\/\"]}]},{\"@type\":\"ImageObject\",\"inLanguage\":\"en-GB\",\"@id\":\"https:\/\/skaitytaknyga.lt\/produktas\/mergina-lede\/#primaryimage\",\"url\":\"https:\/\/skaitytaknyga.lt\/wp-content\/uploads\/2025\/07\/7513650_2-1000x1000-1.webp\",\"contentUrl\":\"https:\/\/skaitytaknyga.lt\/wp-content\/uploads\/2025\/07\/7513650_2-1000x1000-1.webp\",\"width\":1000,\"height\":1000,\"caption\":\"Mergina lede\"},{\"@type\":\"BreadcrumbList\",\"@id\":\"https:\/\/skaitytaknyga.lt\/produktas\/mergina-lede\/#breadcrumb\",\"itemListElement\":[{\"@type\":\"ListItem\",\"position\":1,\"name\":\"Home\",\"item\":\"https:\/\/skaitytaknyga.lt\/\"},{\"@type\":\"ListItem\",\"position\":2,\"name\":\"Parduotuv\u0117\",\"item\":\"https:\/\/skaitytaknyga.lt\/knygu-parduotuve\/\"},{\"@type\":\"ListItem\",\"position\":3,\"name\":\"Mergina lede\"}]},{\"@type\":\"WebSite\",\"@id\":\"https:\/\/skaitytaknyga.lt\/#website\",\"url\":\"https:\/\/skaitytaknyga.lt\/\",\"name\":\"skaitytaknyga.lt\",\"description\":\"Skaitytaknyga.lt \u2013 tai ma\u017eas \u0161eimos verslas, kuris prasid\u0117jo nuo meil\u0117s knygoms ir siekio i\u0161gelb\u0117ti knygas nuo likimo prie konteinerio. Kas vienam nereikalingas daiktas \u2013 kitam lobis, o mes esame tarpininkai, kurie padeda abiems tapti laimingesniems ???? \u017dinome kaip nelengva i\u0161gyventi ma\u017eiems verslams, tad nuo \u0161iol, \u010dia rasite ir kit\u0173, ma\u017e\u0173 \u0161eim\u0173 versl\u0173, rank\u0173 darbo, dovan\u0173 sau ir artimiesiems.\",\"publisher\":{\"@id\":\"https:\/\/skaitytaknyga.lt\/#organization\"},\"potentialAction\":[{\"@type\":\"SearchAction\",\"target\":{\"@type\":\"EntryPoint\",\"urlTemplate\":\"https:\/\/skaitytaknyga.lt\/?s={search_term_string}\"},\"query-input\":{\"@type\":\"PropertyValueSpecification\",\"valueRequired\":true,\"valueName\":\"search_term_string\"}}],\"inLanguage\":\"en-GB\"},{\"@type\":\"Organization\",\"@id\":\"https:\/\/skaitytaknyga.lt\/#organization\",\"name\":\"skaitytaknyga.lt\",\"url\":\"https:\/\/skaitytaknyga.lt\/\",\"logo\":{\"@type\":\"ImageObject\",\"inLanguage\":\"en-GB\",\"@id\":\"https:\/\/skaitytaknyga.lt\/#\/schema\/logo\/image\/\",\"url\":\"https:\/\/skaitytaknyga.lt\/wp-content\/uploads\/2024\/05\/cropped-cropped-cropped-02_00843_jt3bggkj1j3HLc7SyY6rEUpg.jpeg\",\"contentUrl\":\"https:\/\/skaitytaknyga.lt\/wp-content\/uploads\/2024\/05\/cropped-cropped-cropped-02_00843_jt3bggkj1j3HLc7SyY6rEUpg.jpeg\",\"width\":1600,\"height\":1600,\"caption\":\"skaitytaknyga.lt\"},\"image\":{\"@id\":\"https:\/\/skaitytaknyga.lt\/#\/schema\/logo\/image\/\"},\"sameAs\":[\"https:\/\/www.facebook.com\/skaitytaknyga\/\"]}]}<\/script>\n<!-- \/ Yoast SEO plugin. -->","yoast_head_json":{"title":"Mergina lede","description":"Kokias tamsias paslaptis saugo mergina lede? Piet\u0173 Londono parko tvenkinyje vaikinukas aptinka moters palaikus. Auka \u2014 populiari auk\u0161tuomen\u0117s gra\u017euol\u0117,","robots":{"index":"index","follow":"follow","max-snippet":"max-snippet:-1","max-image-preview":"max-image-preview:large","max-video-preview":"max-video-preview:-1"},"canonical":"https:\/\/skaitytaknyga.lt\/en\/produktas\/mergina-lede\/","og_locale":"en_GB","og_type":"article","og_title":"[:lt]Mergina lede[:] - Skaitytaknyga","og_description":"Kokias tamsias paslaptis saugo mergina lede? Piet\u0173 Londono parko tvenkinyje vaikinukas aptinka moters palaikus. Auka \u2014 populiari auk\u0161tuomen\u0117s gra\u017euol\u0117,","og_url":"https:\/\/skaitytaknyga.lt\/en\/produktas\/mergina-lede\/","og_site_name":"Skaitytaknyga","article_publisher":"https:\/\/www.facebook.com\/skaitytaknyga\/","article_modified_time":"2026-03-05T11:24:23+00:00","og_image":[{"width":1000,"height":1000,"url":"https:\/\/skaitytaknyga.lt\/wp-content\/uploads\/2025\/07\/7513650_2-1000x1000-1.webp","type":"image\/webp"}],"twitter_card":"summary_large_image","twitter_misc":{"Estimated reading time":"1 minute"},"schema":{"@context":"https:\/\/schema.org","@graph":[{"@type":"WebPage","@id":"https:\/\/skaitytaknyga.lt\/produktas\/mergina-lede\/","url":"https:\/\/skaitytaknyga.lt\/produktas\/mergina-lede\/","name":"Mergina lede","isPartOf":{"@id":"https:\/\/skaitytaknyga.lt\/#website"},"primaryImageOfPage":{"@id":"https:\/\/skaitytaknyga.lt\/produktas\/mergina-lede\/#primaryimage"},"image":{"@id":"https:\/\/skaitytaknyga.lt\/produktas\/mergina-lede\/#primaryimage"},"thumbnailUrl":"https:\/\/skaitytaknyga.lt\/wp-content\/uploads\/2025\/07\/7513650_2-1000x1000-1.webp","datePublished":"2025-07-25T08:09:31+00:00","dateModified":"2026-03-05T11:24:23+00:00","description":"Kokias tamsias paslaptis saugo mergina lede? Piet\u0173 Londono parko tvenkinyje vaikinukas aptinka moters palaikus. Auka \u2014 populiari auk\u0161tuomen\u0117s gra\u017euol\u0117,","breadcrumb":{"@id":"https:\/\/skaitytaknyga.lt\/produktas\/mergina-lede\/#breadcrumb"},"inLanguage":"en-GB","potentialAction":[{"@type":"ReadAction","target":["https:\/\/skaitytaknyga.lt\/produktas\/mergina-lede\/"]}]},{"@type":"ImageObject","inLanguage":"en-GB","@id":"https:\/\/skaitytaknyga.lt\/produktas\/mergina-lede\/#primaryimage","url":"https:\/\/skaitytaknyga.lt\/wp-content\/uploads\/2025\/07\/7513650_2-1000x1000-1.webp","contentUrl":"https:\/\/skaitytaknyga.lt\/wp-content\/uploads\/2025\/07\/7513650_2-1000x1000-1.webp","width":1000,"height":1000,"caption":"Mergina lede"},{"@type":"BreadcrumbList","@id":"https:\/\/skaitytaknyga.lt\/produktas\/mergina-lede\/#breadcrumb","itemListElement":[{"@type":"ListItem","position":1,"name":"Home","item":"https:\/\/skaitytaknyga.lt\/"},{"@type":"ListItem","position":2,"name":"Parduotuv\u0117","item":"https:\/\/skaitytaknyga.lt\/knygu-parduotuve\/"},{"@type":"ListItem","position":3,"name":"Mergina lede"}]},{"@type":"WebSite","@id":"https:\/\/skaitytaknyga.lt\/#website","url":"https:\/\/skaitytaknyga.lt\/","name":"skaitytaknyga.lt","description":"Skaitytaknyga.lt \u2013 tai ma\u017eas \u0161eimos verslas, kuris prasid\u0117jo nuo meil\u0117s knygoms ir siekio i\u0161gelb\u0117ti knygas nuo likimo prie konteinerio. Kas vienam nereikalingas daiktas \u2013 kitam lobis, o mes esame tarpininkai, kurie padeda abiems tapti laimingesniems ???? \u017dinome kaip nelengva i\u0161gyventi ma\u017eiems verslams, tad nuo \u0161iol, \u010dia rasite ir kit\u0173, ma\u017e\u0173 \u0161eim\u0173 versl\u0173, rank\u0173 darbo, dovan\u0173 sau ir artimiesiems.","publisher":{"@id":"https:\/\/skaitytaknyga.lt\/#organization"},"potentialAction":[{"@type":"SearchAction","target":{"@type":"EntryPoint","urlTemplate":"https:\/\/skaitytaknyga.lt\/?s={search_term_string}"},"query-input":{"@type":"PropertyValueSpecification","valueRequired":true,"valueName":"search_term_string"}}],"inLanguage":"en-GB"},{"@type":"Organization","@id":"https:\/\/skaitytaknyga.lt\/#organization","name":"skaitytaknyga.lt","url":"https:\/\/skaitytaknyga.lt\/","logo":{"@type":"ImageObject","inLanguage":"en-GB","@id":"https:\/\/skaitytaknyga.lt\/#\/schema\/logo\/image\/","url":"https:\/\/skaitytaknyga.lt\/wp-content\/uploads\/2024\/05\/cropped-cropped-cropped-02_00843_jt3bggkj1j3HLc7SyY6rEUpg.jpeg","contentUrl":"https:\/\/skaitytaknyga.lt\/wp-content\/uploads\/2024\/05\/cropped-cropped-cropped-02_00843_jt3bggkj1j3HLc7SyY6rEUpg.jpeg","width":1600,"height":1600,"caption":"skaitytaknyga.lt"},"image":{"@id":"https:\/\/skaitytaknyga.lt\/#\/schema\/logo\/image\/"},"sameAs":["https:\/\/www.facebook.com\/skaitytaknyga\/"]}]}},"_links":{"self":[{"href":"https:\/\/skaitytaknyga.lt\/en\/wp-json\/wp\/v2\/product\/19949","targetHints":{"allow":["GET"]}}],"collection":[{"href":"https:\/\/skaitytaknyga.lt\/en\/wp-json\/wp\/v2\/product"}],"about":[{"href":"https:\/\/skaitytaknyga.lt\/en\/wp-json\/wp\/v2\/types\/product"}],"replies":[{"embeddable":true,"href":"https:\/\/skaitytaknyga.lt\/en\/wp-json\/wp\/v2\/comments?post=19949"}],"wp:featuredmedia":[{"embeddable":true,"href":"https:\/\/skaitytaknyga.lt\/en\/wp-json\/wp\/v2\/media\/19954"}],"wp:attachment":[{"href":"https:\/\/skaitytaknyga.lt\/en\/wp-json\/wp\/v2\/media?parent=19949"}],"wp:term":[{"taxonomy":"product_brand","embeddable":true,"href":"https:\/\/skaitytaknyga.lt\/en\/wp-json\/wp\/v2\/product_brand?post=19949"},{"taxonomy":"product_cat","embeddable":true,"href":"https:\/\/skaitytaknyga.lt\/en\/wp-json\/wp\/v2\/product_cat?post=19949"},{"taxonomy":"product_tag","embeddable":true,"href":"https:\/\/skaitytaknyga.lt\/en\/wp-json\/wp\/v2\/product_tag?post=19949"}],"curies":[{"name":"wp","href":"https:\/\/api.w.org\/{rel}","templated":true}]}}