{"id":19943,"date":"2025-07-25T11:02:55","date_gmt":"2025-07-25T08:02:55","guid":{"rendered":"https:\/\/skaitytaknyga.lt\/?post_type=product&#038;p=19943"},"modified":"2026-03-05T11:01:37","modified_gmt":"2026-03-05T09:01:37","slug":"diena-kai-ivyko-nelaime","status":"publish","type":"product","link":"https:\/\/skaitytaknyga.lt\/en\/produktas\/diena-kai-ivyko-nelaime\/","title":{"rendered":"Diena, kai \u012fvyko nelaim\u0117"},"content":{"rendered":"<p>\u201e\u012eprast\u0105 vakar\u0105 Elspet\u0117 jau b\u016bt\u0173 buvusi lovoje, o a\u0161 s\u0117d\u0117\u010diau patogiai \u012fsitaisiusi prie savo darbo stalo, ra\u0161ydama dar vien\u0105 romano skyri\u0173. Niekaip negaliu suprasti, kod\u0117l man prireik\u0117 taip v\u0117lai ka\u017ekur va\u017eiuoti.&#8221;<\/p>\n<p>Pabudus i\u0161 komos Meg\u0117s gyvenimas apsiver\u010dia auk\u0161tyn kojomis. Policija prane\u0161a, kad jos dukt\u0117 Elspet\u0117 \u017euvo nelaimingo atsitikimo metu. Ji nuskendo kartu su automobiliu, \u0161iam nuried\u0117jus \u012f up\u0119. Ta\u010diau \u0161oko i\u0161tikta moteris nieko neprisimena ir negali tuo patik\u0117ti. Panorus apie tai pasikalb\u0117ti su vyru, su\u017eino, kad ir jo neb\u0117ra. \u0160onas dingo i\u0161kart po dukters laidotuvi\u0173.<\/p>\n<p>Likusi viena Meg\u0117 kar\u0161tligi\u0161kai stengiasi i\u0161siai\u0161kinti, kas i\u0161 tikr\u0173j\u0173 \u012fvyko t\u0105 dien\u0105 prie up\u0117s. Kod\u0117l ji ten va\u017eiavo ir u\u017erakino Elspet\u0119 automobilyje? Kas buvo toji raudonai apsivilkusi moteris? Ar tai susij\u0119 su \u012fvykiu jaunyst\u0117je, po kurio ji tur\u0117jo gydytis psichiatrijos ligonin\u0117je?..<\/p>\n<p>Nuala Ellwood \u2013 skaitytoj\u0173 pam\u0117gta autor\u0117, u\u017eaugusi \u017eurnalist\u0173 \u0161eimoje, d\u0117stanti k\u016brybin\u012f ra\u0161ym\u0105 \u0160v. Jono universitete Jorke, Anglijoje. Tarptautin\u012f pripa\u017einim\u0105 peln\u0117 psichologiniu trileriu \u201eMano sesers kaulai&#8221; (\u201eSofoklis&#8221;, 2017).<\/p>\n","protected":false},"excerpt":{"rendered":"<p>\u201e\u012eprast\u0105 vakar\u0105 Elspet\u0117 jau b\u016bt\u0173 buvusi lovoje, o a\u0161 s\u0117d\u0117\u010diau patogiai \u012fsitaisiusi prie savo darbo stalo, ra\u0161ydama dar vien\u0105 romano skyri\u0173. Niekaip negaliu suprasti, kod\u0117l man prireik\u0117 taip v\u0117lai ka\u017ekur va\u017eiuoti.&#8221; Pabudus i\u0161 komos Meg\u0117s gyvenimas apsiver\u010dia auk\u0161tyn kojomis. Policija prane\u0161a, kad jos dukt\u0117 Elspet\u0117 \u017euvo nelaimingo atsitikimo metu. Ji nuskendo kartu su automobiliu, \u0161iam nuried\u0117jus \u012f up\u0119. Ta\u010diau \u0161oko i\u0161tikta moteris nieko neprisimena ir negali tuo patik\u0117ti. Panorus apie tai pasikalb\u0117ti su vyru, su\u017eino, kad ir jo neb\u0117ra. \u0160onas dingo i\u0161kart po dukters laidotuvi\u0173. Likusi viena Meg\u0117 kar\u0161tligi\u0161kai stengiasi i\u0161siai\u0161kinti, kas i\u0161 tikr\u0173j\u0173 \u012fvyko t\u0105 dien\u0105 prie up\u0117s. Kod\u0117l ji ten va\u017eiavo ir u\u017erakino Elspet\u0119 automobilyje? Kas buvo toji raudonai apsivilkusi moteris? Ar tai susij\u0119 su \u012fvykiu jaunyst\u0117je, po kurio ji tur\u0117jo gydytis psichiatrijos ligonin\u0117je?.. Nuala Ellwood \u2013 skaitytoj\u0173 pam\u0117gta autor\u0117, u\u017eaugusi \u017eurnalist\u0173 \u0161eimoje, d\u0117stanti k\u016brybin\u012f ra\u0161ym\u0105 \u0160v. Jono universitete Jorke, Anglijoje. Tarptautin\u012f pripa\u017einim\u0105 peln\u0117 psichologiniu trileriu \u201eMano sesers kaulai&#8221; (\u201eSofoklis&#8221;, 2017).<\/p>\n","protected":false},"featured_media":19948,"comment_status":"open","ping_status":"closed","template":"","meta":{"_acf_changed":false,"site-sidebar-layout":"default","site-content-layout":"","ast-site-content-layout":"default","site-content-style":"default","site-sidebar-style":"default","ast-global-header-display":"","ast-banner-title-visibility":"","ast-main-header-display":"","ast-hfb-above-header-display":"","ast-hfb-below-header-display":"","ast-hfb-mobile-header-display":"","site-post-title":"","ast-breadcrumbs-content":"","ast-featured-img":"","footer-sml-layout":"","ast-disable-related-posts":"","theme-transparent-header-meta":"","adv-header-id-meta":"","stick-header-meta":"","header-above-stick-meta":"","header-main-stick-meta":"","header-below-stick-meta":"","astra-migrate-meta-layouts":"default","ast-page-background-enabled":"default","ast-page-background-meta":{"desktop":{"background-color":"","background-image":"","background-repeat":"repeat","background-position":"center center","background-size":"auto","background-attachment":"scroll","background-type":"","background-media":"","overlay-type":"","overlay-color":"","overlay-opacity":"","overlay-gradient":""},"tablet":{"background-color":"","background-image":"","background-repeat":"repeat","background-position":"center center","background-size":"auto","background-attachment":"scroll","background-type":"","background-media":"","overlay-type":"","overlay-color":"","overlay-opacity":"","overlay-gradient":""},"mobile":{"background-color":"","background-image":"","background-repeat":"repeat","background-position":"center center","background-size":"auto","background-attachment":"scroll","background-type":"","background-media":"","overlay-type":"","overlay-color":"","overlay-opacity":"","overlay-gradient":""}},"ast-content-background-meta":{"desktop":{"background-color":"var(--ast-global-color-4)","background-image":"","background-repeat":"repeat","background-position":"center center","background-size":"auto","background-attachment":"scroll","background-type":"","background-media":"","overlay-type":"","overlay-color":"","overlay-opacity":"","overlay-gradient":""},"tablet":{"background-color":"var(--ast-global-color-4)","background-image":"","background-repeat":"repeat","background-position":"center center","background-size":"auto","background-attachment":"scroll","background-type":"","background-media":"","overlay-type":"","overlay-color":"","overlay-opacity":"","overlay-gradient":""},"mobile":{"background-color":"var(--ast-global-color-4)","background-image":"","background-repeat":"repeat","background-position":"center center","background-size":"auto","background-attachment":"scroll","background-type":"","background-media":"","overlay-type":"","overlay-color":"","overlay-opacity":"","overlay-gradient":""}}},"product_brand":[],"product_cat":[9581],"product_tag":[6903,6584,2720,6904,2155],"class_list":{"0":"post-19943","1":"product","2":"type-product","3":"status-publish","4":"has-post-thumbnail","6":"product_cat-kriminaliniai-romanai","7":"product_tag-motinos-kalte","8":"product_tag-nuala-ellwood","9":"product_tag-paslaptis","10":"product_tag-praeities-traumos","11":"product_tag-psichologinis-trileris","12":"desktop-align-left","13":"tablet-align-left","14":"mobile-align-left","16":"first","17":"instock","18":"shipping-taxable","19":"purchasable","20":"product-type-simple"},"acf":[],"yoast_head":"<!-- This site is optimized with the Yoast SEO plugin v27.0 - https:\/\/yoast.com\/product\/yoast-seo-wordpress\/ -->\n<title>Diena, kai \u012fvyko nelaim\u0117<\/title>\n<meta name=\"description\" content=\"\u201e\u012eprast\u0105 vakar\u0105 Elspet\u0117 jau b\u016bt\u0173 buvusi lovoje, o a\u0161 s\u0117d\u0117\u010diau patogiai \u012fsitaisiusi prie savo darbo stalo, ra\u0161ydama dar vien\u0105 romano skyri\u0173. Niekaip\" \/>\n<meta name=\"robots\" content=\"index, follow, max-snippet:-1, max-image-preview:large, max-video-preview:-1\" \/>\n<link rel=\"canonical\" href=\"https:\/\/skaitytaknyga.lt\/en\/produktas\/diena-kai-ivyko-nelaime\/\" \/>\n<meta property=\"og:locale\" content=\"en_GB\" \/>\n<meta property=\"og:locale:alternate\" content=\"lt_LT\" \/>\n<meta property=\"og:type\" content=\"article\" \/>\n<meta property=\"og:title\" content=\"Diena, kai \u012fvyko nelaim\u0117\" \/>\n<meta property=\"og:description\" content=\"\u201e\u012eprast\u0105 vakar\u0105 Elspet\u0117 jau b\u016bt\u0173 buvusi lovoje, o a\u0161 s\u0117d\u0117\u010diau patogiai \u012fsitaisiusi prie savo darbo stalo, ra\u0161ydama dar vien\u0105 romano skyri\u0173. Niekaip\" \/>\n<meta property=\"og:url\" content=\"https:\/\/skaitytaknyga.lt\/en\/produktas\/diena-kai-ivyko-nelaime\/\" \/>\n<meta property=\"og:site_name\" content=\"Skaitytaknyga\" \/>\n<meta property=\"article:publisher\" content=\"https:\/\/www.facebook.com\/skaitytaknyga\/\" \/>\n<meta property=\"article:modified_time\" content=\"2026-03-05T09:01:37+00:00\" \/>\n<meta property=\"og:image\" content=\"https:\/\/skaitytaknyga.lt\/wp-content\/uploads\/2025\/07\/Diena-kai-ivyko-nelaime-1.webp\" \/>\n\t<meta property=\"og:image:width\" content=\"511\" \/>\n\t<meta property=\"og:image:height\" content=\"766\" \/>\n\t<meta property=\"og:image:type\" content=\"image\/webp\" \/>\n<meta name=\"twitter:card\" content=\"summary_large_image\" \/>\n<meta name=\"twitter:label1\" content=\"Estimated reading time\" \/>\n\t<meta name=\"twitter:data1\" content=\"1 minute\" \/>\n<script type=\"application\/ld+json\" class=\"yoast-schema-graph\">{\"@context\":\"https:\/\/schema.org\",\"@graph\":[{\"@type\":\"WebPage\",\"@id\":\"https:\/\/skaitytaknyga.lt\/produktas\/diena-kai-ivyko-nelaime\/\",\"url\":\"https:\/\/skaitytaknyga.lt\/produktas\/diena-kai-ivyko-nelaime\/\",\"name\":\"Diena, kai \u012fvyko nelaim\u0117\",\"isPartOf\":{\"@id\":\"https:\/\/skaitytaknyga.lt\/#website\"},\"primaryImageOfPage\":{\"@id\":\"https:\/\/skaitytaknyga.lt\/produktas\/diena-kai-ivyko-nelaime\/#primaryimage\"},\"image\":{\"@id\":\"https:\/\/skaitytaknyga.lt\/produktas\/diena-kai-ivyko-nelaime\/#primaryimage\"},\"thumbnailUrl\":\"https:\/\/skaitytaknyga.lt\/wp-content\/uploads\/2025\/07\/Diena-kai-ivyko-nelaime-1.webp\",\"datePublished\":\"2025-07-25T08:02:55+00:00\",\"dateModified\":\"2026-03-05T09:01:37+00:00\",\"description\":\"\u201e\u012eprast\u0105 vakar\u0105 Elspet\u0117 jau b\u016bt\u0173 buvusi lovoje, o a\u0161 s\u0117d\u0117\u010diau patogiai \u012fsitaisiusi prie savo darbo stalo, ra\u0161ydama dar vien\u0105 romano skyri\u0173. Niekaip\",\"breadcrumb\":{\"@id\":\"https:\/\/skaitytaknyga.lt\/produktas\/diena-kai-ivyko-nelaime\/#breadcrumb\"},\"inLanguage\":\"en-GB\",\"potentialAction\":[{\"@type\":\"ReadAction\",\"target\":[\"https:\/\/skaitytaknyga.lt\/produktas\/diena-kai-ivyko-nelaime\/\"]}]},{\"@type\":\"ImageObject\",\"inLanguage\":\"en-GB\",\"@id\":\"https:\/\/skaitytaknyga.lt\/produktas\/diena-kai-ivyko-nelaime\/#primaryimage\",\"url\":\"https:\/\/skaitytaknyga.lt\/wp-content\/uploads\/2025\/07\/Diena-kai-ivyko-nelaime-1.webp\",\"contentUrl\":\"https:\/\/skaitytaknyga.lt\/wp-content\/uploads\/2025\/07\/Diena-kai-ivyko-nelaime-1.webp\",\"width\":511,\"height\":766,\"caption\":\"Diena, kai \u012fvyko nelaim\u0117\"},{\"@type\":\"BreadcrumbList\",\"@id\":\"https:\/\/skaitytaknyga.lt\/produktas\/diena-kai-ivyko-nelaime\/#breadcrumb\",\"itemListElement\":[{\"@type\":\"ListItem\",\"position\":1,\"name\":\"Home\",\"item\":\"https:\/\/skaitytaknyga.lt\/\"},{\"@type\":\"ListItem\",\"position\":2,\"name\":\"Parduotuv\u0117\",\"item\":\"https:\/\/skaitytaknyga.lt\/knygu-parduotuve\/\"},{\"@type\":\"ListItem\",\"position\":3,\"name\":\"Diena, kai \u012fvyko nelaim\u0117\"}]},{\"@type\":\"WebSite\",\"@id\":\"https:\/\/skaitytaknyga.lt\/#website\",\"url\":\"https:\/\/skaitytaknyga.lt\/\",\"name\":\"skaitytaknyga.lt\",\"description\":\"Skaitytaknyga.lt \u2013 tai ma\u017eas \u0161eimos verslas, kuris prasid\u0117jo nuo meil\u0117s knygoms ir siekio i\u0161gelb\u0117ti knygas nuo likimo prie konteinerio. Kas vienam nereikalingas daiktas \u2013 kitam lobis, o mes esame tarpininkai, kurie padeda abiems tapti laimingesniems ???? \u017dinome kaip nelengva i\u0161gyventi ma\u017eiems verslams, tad nuo \u0161iol, \u010dia rasite ir kit\u0173, ma\u017e\u0173 \u0161eim\u0173 versl\u0173, rank\u0173 darbo, dovan\u0173 sau ir artimiesiems.\",\"publisher\":{\"@id\":\"https:\/\/skaitytaknyga.lt\/#organization\"},\"potentialAction\":[{\"@type\":\"SearchAction\",\"target\":{\"@type\":\"EntryPoint\",\"urlTemplate\":\"https:\/\/skaitytaknyga.lt\/?s={search_term_string}\"},\"query-input\":{\"@type\":\"PropertyValueSpecification\",\"valueRequired\":true,\"valueName\":\"search_term_string\"}}],\"inLanguage\":\"en-GB\"},{\"@type\":\"Organization\",\"@id\":\"https:\/\/skaitytaknyga.lt\/#organization\",\"name\":\"skaitytaknyga.lt\",\"url\":\"https:\/\/skaitytaknyga.lt\/\",\"logo\":{\"@type\":\"ImageObject\",\"inLanguage\":\"en-GB\",\"@id\":\"https:\/\/skaitytaknyga.lt\/#\/schema\/logo\/image\/\",\"url\":\"https:\/\/skaitytaknyga.lt\/wp-content\/uploads\/2024\/05\/cropped-cropped-cropped-02_00843_jt3bggkj1j3HLc7SyY6rEUpg.jpeg\",\"contentUrl\":\"https:\/\/skaitytaknyga.lt\/wp-content\/uploads\/2024\/05\/cropped-cropped-cropped-02_00843_jt3bggkj1j3HLc7SyY6rEUpg.jpeg\",\"width\":1600,\"height\":1600,\"caption\":\"skaitytaknyga.lt\"},\"image\":{\"@id\":\"https:\/\/skaitytaknyga.lt\/#\/schema\/logo\/image\/\"},\"sameAs\":[\"https:\/\/www.facebook.com\/skaitytaknyga\/\"]}]}<\/script>\n<!-- \/ Yoast SEO plugin. -->","yoast_head_json":{"title":"Diena, kai \u012fvyko nelaim\u0117","description":"\u201e\u012eprast\u0105 vakar\u0105 Elspet\u0117 jau b\u016bt\u0173 buvusi lovoje, o a\u0161 s\u0117d\u0117\u010diau patogiai \u012fsitaisiusi prie savo darbo stalo, ra\u0161ydama dar vien\u0105 romano skyri\u0173. Niekaip","robots":{"index":"index","follow":"follow","max-snippet":"max-snippet:-1","max-image-preview":"max-image-preview:large","max-video-preview":"max-video-preview:-1"},"canonical":"https:\/\/skaitytaknyga.lt\/en\/produktas\/diena-kai-ivyko-nelaime\/","og_locale":"en_GB","og_type":"article","og_title":"[:lt]Diena, kai \u012fvyko nelaim\u0117[:] - Skaitytaknyga","og_description":"\u201e\u012eprast\u0105 vakar\u0105 Elspet\u0117 jau b\u016bt\u0173 buvusi lovoje, o a\u0161 s\u0117d\u0117\u010diau patogiai \u012fsitaisiusi prie savo darbo stalo, ra\u0161ydama dar vien\u0105 romano skyri\u0173. Niekaip","og_url":"https:\/\/skaitytaknyga.lt\/en\/produktas\/diena-kai-ivyko-nelaime\/","og_site_name":"Skaitytaknyga","article_publisher":"https:\/\/www.facebook.com\/skaitytaknyga\/","article_modified_time":"2026-03-05T09:01:37+00:00","og_image":[{"width":511,"height":766,"url":"https:\/\/skaitytaknyga.lt\/wp-content\/uploads\/2025\/07\/Diena-kai-ivyko-nelaime-1.webp","type":"image\/webp"}],"twitter_card":"summary_large_image","twitter_misc":{"Estimated reading time":"1 minute"},"schema":{"@context":"https:\/\/schema.org","@graph":[{"@type":"WebPage","@id":"https:\/\/skaitytaknyga.lt\/produktas\/diena-kai-ivyko-nelaime\/","url":"https:\/\/skaitytaknyga.lt\/produktas\/diena-kai-ivyko-nelaime\/","name":"Diena, kai \u012fvyko nelaim\u0117","isPartOf":{"@id":"https:\/\/skaitytaknyga.lt\/#website"},"primaryImageOfPage":{"@id":"https:\/\/skaitytaknyga.lt\/produktas\/diena-kai-ivyko-nelaime\/#primaryimage"},"image":{"@id":"https:\/\/skaitytaknyga.lt\/produktas\/diena-kai-ivyko-nelaime\/#primaryimage"},"thumbnailUrl":"https:\/\/skaitytaknyga.lt\/wp-content\/uploads\/2025\/07\/Diena-kai-ivyko-nelaime-1.webp","datePublished":"2025-07-25T08:02:55+00:00","dateModified":"2026-03-05T09:01:37+00:00","description":"\u201e\u012eprast\u0105 vakar\u0105 Elspet\u0117 jau b\u016bt\u0173 buvusi lovoje, o a\u0161 s\u0117d\u0117\u010diau patogiai \u012fsitaisiusi prie savo darbo stalo, ra\u0161ydama dar vien\u0105 romano skyri\u0173. Niekaip","breadcrumb":{"@id":"https:\/\/skaitytaknyga.lt\/produktas\/diena-kai-ivyko-nelaime\/#breadcrumb"},"inLanguage":"en-GB","potentialAction":[{"@type":"ReadAction","target":["https:\/\/skaitytaknyga.lt\/produktas\/diena-kai-ivyko-nelaime\/"]}]},{"@type":"ImageObject","inLanguage":"en-GB","@id":"https:\/\/skaitytaknyga.lt\/produktas\/diena-kai-ivyko-nelaime\/#primaryimage","url":"https:\/\/skaitytaknyga.lt\/wp-content\/uploads\/2025\/07\/Diena-kai-ivyko-nelaime-1.webp","contentUrl":"https:\/\/skaitytaknyga.lt\/wp-content\/uploads\/2025\/07\/Diena-kai-ivyko-nelaime-1.webp","width":511,"height":766,"caption":"Diena, kai \u012fvyko nelaim\u0117"},{"@type":"BreadcrumbList","@id":"https:\/\/skaitytaknyga.lt\/produktas\/diena-kai-ivyko-nelaime\/#breadcrumb","itemListElement":[{"@type":"ListItem","position":1,"name":"Home","item":"https:\/\/skaitytaknyga.lt\/"},{"@type":"ListItem","position":2,"name":"Parduotuv\u0117","item":"https:\/\/skaitytaknyga.lt\/knygu-parduotuve\/"},{"@type":"ListItem","position":3,"name":"Diena, kai \u012fvyko nelaim\u0117"}]},{"@type":"WebSite","@id":"https:\/\/skaitytaknyga.lt\/#website","url":"https:\/\/skaitytaknyga.lt\/","name":"skaitytaknyga.lt","description":"Skaitytaknyga.lt \u2013 tai ma\u017eas \u0161eimos verslas, kuris prasid\u0117jo nuo meil\u0117s knygoms ir siekio i\u0161gelb\u0117ti knygas nuo likimo prie konteinerio. Kas vienam nereikalingas daiktas \u2013 kitam lobis, o mes esame tarpininkai, kurie padeda abiems tapti laimingesniems ???? \u017dinome kaip nelengva i\u0161gyventi ma\u017eiems verslams, tad nuo \u0161iol, \u010dia rasite ir kit\u0173, ma\u017e\u0173 \u0161eim\u0173 versl\u0173, rank\u0173 darbo, dovan\u0173 sau ir artimiesiems.","publisher":{"@id":"https:\/\/skaitytaknyga.lt\/#organization"},"potentialAction":[{"@type":"SearchAction","target":{"@type":"EntryPoint","urlTemplate":"https:\/\/skaitytaknyga.lt\/?s={search_term_string}"},"query-input":{"@type":"PropertyValueSpecification","valueRequired":true,"valueName":"search_term_string"}}],"inLanguage":"en-GB"},{"@type":"Organization","@id":"https:\/\/skaitytaknyga.lt\/#organization","name":"skaitytaknyga.lt","url":"https:\/\/skaitytaknyga.lt\/","logo":{"@type":"ImageObject","inLanguage":"en-GB","@id":"https:\/\/skaitytaknyga.lt\/#\/schema\/logo\/image\/","url":"https:\/\/skaitytaknyga.lt\/wp-content\/uploads\/2024\/05\/cropped-cropped-cropped-02_00843_jt3bggkj1j3HLc7SyY6rEUpg.jpeg","contentUrl":"https:\/\/skaitytaknyga.lt\/wp-content\/uploads\/2024\/05\/cropped-cropped-cropped-02_00843_jt3bggkj1j3HLc7SyY6rEUpg.jpeg","width":1600,"height":1600,"caption":"skaitytaknyga.lt"},"image":{"@id":"https:\/\/skaitytaknyga.lt\/#\/schema\/logo\/image\/"},"sameAs":["https:\/\/www.facebook.com\/skaitytaknyga\/"]}]}},"_links":{"self":[{"href":"https:\/\/skaitytaknyga.lt\/en\/wp-json\/wp\/v2\/product\/19943","targetHints":{"allow":["GET"]}}],"collection":[{"href":"https:\/\/skaitytaknyga.lt\/en\/wp-json\/wp\/v2\/product"}],"about":[{"href":"https:\/\/skaitytaknyga.lt\/en\/wp-json\/wp\/v2\/types\/product"}],"replies":[{"embeddable":true,"href":"https:\/\/skaitytaknyga.lt\/en\/wp-json\/wp\/v2\/comments?post=19943"}],"wp:featuredmedia":[{"embeddable":true,"href":"https:\/\/skaitytaknyga.lt\/en\/wp-json\/wp\/v2\/media\/19948"}],"wp:attachment":[{"href":"https:\/\/skaitytaknyga.lt\/en\/wp-json\/wp\/v2\/media?parent=19943"}],"wp:term":[{"taxonomy":"product_brand","embeddable":true,"href":"https:\/\/skaitytaknyga.lt\/en\/wp-json\/wp\/v2\/product_brand?post=19943"},{"taxonomy":"product_cat","embeddable":true,"href":"https:\/\/skaitytaknyga.lt\/en\/wp-json\/wp\/v2\/product_cat?post=19943"},{"taxonomy":"product_tag","embeddable":true,"href":"https:\/\/skaitytaknyga.lt\/en\/wp-json\/wp\/v2\/product_tag?post=19943"}],"curies":[{"name":"wp","href":"https:\/\/api.w.org\/{rel}","templated":true}]}}