{"id":19942,"date":"2025-07-25T11:02:55","date_gmt":"2025-07-25T08:02:55","guid":{"rendered":"https:\/\/skaitytaknyga.lt\/?post_type=product&#038;p=19942"},"modified":"2025-07-30T21:47:22","modified_gmt":"2025-07-30T18:47:22","slug":"tobula-nepazistamoji","status":"publish","type":"product","link":"https:\/\/skaitytaknyga.lt\/en\/produktas\/tobula-nepazistamoji\/","title":{"rendered":"Tobula nepa\u017e\u012fstamoji"},"content":{"rendered":"<p>Kaip atskleisti ties\u0105 apie kitus, jei privalai nusl\u0117pti sav\u0105j\u0105?<\/p>\n<p>\u017durnalist\u0117s L\u0117jos karjeroje \u2013 kriz\u0117. Gresia teismo procesas, ji nori skubiai i\u0161vykti i\u0161 Bostono. Netik\u0117tai sutinka seniai matyt\u0105 draug\u0119 Em\u0105. Pati i\u0161gyvendama dramati\u0161k\u0105 i\u0161siskyrim\u0105, Ema L\u0117jai pasi\u016blo kartu kraustytis \u012f ma\u017e\u0105 miestel\u012f ir prad\u0117ti gyvenim\u0105 i\u0161 naujo. Bet \u0161viesi prad\u017eia greitai apkarsta: u\u017epuolama moteris, kaip du vandens la\u0161ai pana\u0161i \u012f L\u0117j\u0105, o Ema prapuola&#8230;<\/p>\n<p>Ai\u0161k\u0117jant svarbioms Emos gyvenimo detal\u0117ms, L\u0117ja ima abejoti, ar apskritai j\u0105 pa\u017einojo. \u012etarim\u0173 kyla ir policijai: joki\u0173 \u0161eimos nari\u0173, joki\u0173 pir\u0161t\u0173 atspaud\u0173&#8230; Kamuojama ne\u017einios, L\u0117ja turi perm\u0105styti ir savo pa\u010dios praeit\u012f. Kas i\u0161 ties\u0173 sutrukd\u0117 jos karjerai?..<\/p>\n<p>&#8230;\u0160iame miestelyje kiekvienas turi k\u0105 sl\u0117pti&#8230;<\/p>\n<p>Mil\u017eini\u0161ko populiarumo sulaukusio trilerio \u201eVisos dingusios&#8221; autor\u0117 ir v\u0117l neleis atsitraukti nuo knygos. Ra\u0161ytoja puikiai \u017eaid\u017eia su skaitytoj\u0173 atmintimi, pateikdama detali\u0173, kurios vienu metu ir atskleid\u017eia, ir nuslepia ties\u0105.<\/p>\n<p>\u201eMerginos traukiny&#8221; ir \u201eVis\u0173 dingusi\u0173&#8221; m\u0117g\u0117jams \u0161i knyga bus naujas atradimas.<\/p>\n<p>PureWow<\/p>\n<p>I\u0161moningai susiedama kelias paslaptis, autor\u0117 \u017eingsnis po \u017eingsnio veda \u012f intriguojan\u010di\u0105 atomazg\u0105. Skaitytojai pasijus nustebinti, kaip ir knygos veik\u0117jai.<\/p>\n<p>Publishers Weekly<\/p>\n","protected":false},"excerpt":{"rendered":"<p>Kaip atskleisti ties\u0105 apie kitus, jei privalai nusl\u0117pti sav\u0105j\u0105? \u017durnalist\u0117s L\u0117jos karjeroje \u2013 kriz\u0117. Gresia teismo procesas, ji nori skubiai i\u0161vykti i\u0161 Bostono. Netik\u0117tai sutinka seniai matyt\u0105 draug\u0119 Em\u0105. Pati i\u0161gyvendama dramati\u0161k\u0105 i\u0161siskyrim\u0105, Ema L\u0117jai pasi\u016blo kartu kraustytis \u012f ma\u017e\u0105 miestel\u012f ir prad\u0117ti gyvenim\u0105 i\u0161 naujo. Bet \u0161viesi prad\u017eia greitai apkarsta: u\u017epuolama moteris, kaip du vandens la\u0161ai pana\u0161i \u012f L\u0117j\u0105, o Ema prapuola&#8230; Ai\u0161k\u0117jant svarbioms Emos gyvenimo detal\u0117ms, L\u0117ja ima abejoti, ar apskritai j\u0105 pa\u017einojo. \u012etarim\u0173 kyla ir policijai: joki\u0173 \u0161eimos nari\u0173, joki\u0173 pir\u0161t\u0173 atspaud\u0173&#8230; Kamuojama ne\u017einios, L\u0117ja turi perm\u0105styti ir savo pa\u010dios praeit\u012f. Kas i\u0161 ties\u0173 sutrukd\u0117 jos karjerai?.. &#8230;\u0160iame miestelyje kiekvienas turi k\u0105 sl\u0117pti&#8230; Mil\u017eini\u0161ko populiarumo sulaukusio trilerio \u201eVisos dingusios&#8221; autor\u0117 ir v\u0117l neleis atsitraukti nuo knygos. Ra\u0161ytoja puikiai \u017eaid\u017eia su skaitytoj\u0173 atmintimi, pateikdama detali\u0173, kurios vienu metu ir atskleid\u017eia, ir nuslepia ties\u0105. \u201eMerginos traukiny&#8221; ir \u201eVis\u0173 dingusi\u0173&#8221; m\u0117g\u0117jams \u0161i knyga bus naujas atradimas. PureWow I\u0161moningai susiedama kelias paslaptis, autor\u0117 \u017eingsnis po \u017eingsnio veda \u012f intriguojan\u010di\u0105 atomazg\u0105. Skaitytojai pasijus nustebinti, kaip ir knygos veik\u0117jai. Publishers Weekly<\/p>\n","protected":false},"featured_media":19947,"comment_status":"open","ping_status":"closed","template":"","meta":{"_acf_changed":false,"site-sidebar-layout":"default","site-content-layout":"","ast-site-content-layout":"default","site-content-style":"default","site-sidebar-style":"default","ast-global-header-display":"","ast-banner-title-visibility":"","ast-main-header-display":"","ast-hfb-above-header-display":"","ast-hfb-below-header-display":"","ast-hfb-mobile-header-display":"","site-post-title":"","ast-breadcrumbs-content":"","ast-featured-img":"","footer-sml-layout":"","ast-disable-related-posts":"","theme-transparent-header-meta":"","adv-header-id-meta":"","stick-header-meta":"","header-above-stick-meta":"","header-main-stick-meta":"","header-below-stick-meta":"","astra-migrate-meta-layouts":"default","ast-page-background-enabled":"default","ast-page-background-meta":{"desktop":{"background-color":"","background-image":"","background-repeat":"repeat","background-position":"center center","background-size":"auto","background-attachment":"scroll","background-type":"","background-media":"","overlay-type":"","overlay-color":"","overlay-opacity":"","overlay-gradient":""},"tablet":{"background-color":"","background-image":"","background-repeat":"repeat","background-position":"center center","background-size":"auto","background-attachment":"scroll","background-type":"","background-media":"","overlay-type":"","overlay-color":"","overlay-opacity":"","overlay-gradient":""},"mobile":{"background-color":"","background-image":"","background-repeat":"repeat","background-position":"center center","background-size":"auto","background-attachment":"scroll","background-type":"","background-media":"","overlay-type":"","overlay-color":"","overlay-opacity":"","overlay-gradient":""}},"ast-content-background-meta":{"desktop":{"background-color":"var(--ast-global-color-4)","background-image":"","background-repeat":"repeat","background-position":"center center","background-size":"auto","background-attachment":"scroll","background-type":"","background-media":"","overlay-type":"","overlay-color":"","overlay-opacity":"","overlay-gradient":""},"tablet":{"background-color":"var(--ast-global-color-4)","background-image":"","background-repeat":"repeat","background-position":"center center","background-size":"auto","background-attachment":"scroll","background-type":"","background-media":"","overlay-type":"","overlay-color":"","overlay-opacity":"","overlay-gradient":""},"mobile":{"background-color":"var(--ast-global-color-4)","background-image":"","background-repeat":"repeat","background-position":"center center","background-size":"auto","background-attachment":"scroll","background-type":"","background-media":"","overlay-type":"","overlay-color":"","overlay-opacity":"","overlay-gradient":""}}},"product_brand":[],"product_cat":[15],"product_tag":[4529,6902,2815,2155,6901],"class_list":{"0":"post-19942","1":"product","2":"type-product","3":"status-publish","4":"has-post-thumbnail","6":"product_cat-uncategorized","7":"product_tag-mazas-miestelis","8":"product_tag-megan-miranda","9":"product_tag-moteru-likimai","10":"product_tag-psichologinis-trileris","11":"product_tag-tapatybes-paslaptis","12":"desktop-align-left","13":"tablet-align-left","14":"mobile-align-left","16":"first","17":"instock","18":"shipping-taxable","19":"purchasable","20":"product-type-simple"},"acf":[],"yoast_head":"<!-- This site is optimized with the Yoast SEO plugin v27.0 - https:\/\/yoast.com\/product\/yoast-seo-wordpress\/ -->\n<title>Tobula nepa\u017e\u012fstamoji<\/title>\n<meta name=\"description\" content=\"Kaip atskleisti ties\u0105 apie kitus, jei privalai nusl\u0117pti sav\u0105j\u0105? \u017durnalist\u0117s L\u0117jos karjeroje \u2013 kriz\u0117. Gresia teismo procesas, ji nori skubiai i\u0161vykti i\u0161\" \/>\n<meta name=\"robots\" content=\"index, follow, max-snippet:-1, max-image-preview:large, max-video-preview:-1\" \/>\n<link rel=\"canonical\" href=\"https:\/\/skaitytaknyga.lt\/en\/produktas\/tobula-nepazistamoji\/\" \/>\n<meta property=\"og:locale\" content=\"en_GB\" \/>\n<meta property=\"og:locale:alternate\" content=\"lt_LT\" \/>\n<meta property=\"og:type\" content=\"article\" \/>\n<meta property=\"og:title\" content=\"Tobula nepa\u017e\u012fstamoji\" \/>\n<meta property=\"og:description\" content=\"Kaip atskleisti ties\u0105 apie kitus, jei privalai nusl\u0117pti sav\u0105j\u0105? \u017durnalist\u0117s L\u0117jos karjeroje \u2013 kriz\u0117. Gresia teismo procesas, ji nori skubiai i\u0161vykti i\u0161\" \/>\n<meta property=\"og:url\" content=\"https:\/\/skaitytaknyga.lt\/en\/produktas\/tobula-nepazistamoji\/\" \/>\n<meta property=\"og:site_name\" content=\"Skaitytaknyga\" \/>\n<meta property=\"article:publisher\" content=\"https:\/\/www.facebook.com\/skaitytaknyga\/\" \/>\n<meta property=\"article:modified_time\" content=\"2025-07-30T18:47:22+00:00\" \/>\n<meta property=\"og:image\" content=\"https:\/\/skaitytaknyga.lt\/wp-content\/uploads\/2025\/07\/Tobula-nepazistamoji-1-1.webp\" \/>\n\t<meta property=\"og:image:width\" content=\"546\" \/>\n\t<meta property=\"og:image:height\" content=\"801\" \/>\n\t<meta property=\"og:image:type\" content=\"image\/webp\" \/>\n<meta name=\"twitter:card\" content=\"summary_large_image\" \/>\n<meta name=\"twitter:label1\" content=\"Estimated reading time\" \/>\n\t<meta name=\"twitter:data1\" content=\"1 minute\" \/>\n<script type=\"application\/ld+json\" class=\"yoast-schema-graph\">{\"@context\":\"https:\/\/schema.org\",\"@graph\":[{\"@type\":\"WebPage\",\"@id\":\"https:\/\/skaitytaknyga.lt\/produktas\/tobula-nepazistamoji\/\",\"url\":\"https:\/\/skaitytaknyga.lt\/produktas\/tobula-nepazistamoji\/\",\"name\":\"Tobula nepa\u017e\u012fstamoji\",\"isPartOf\":{\"@id\":\"https:\/\/skaitytaknyga.lt\/#website\"},\"primaryImageOfPage\":{\"@id\":\"https:\/\/skaitytaknyga.lt\/produktas\/tobula-nepazistamoji\/#primaryimage\"},\"image\":{\"@id\":\"https:\/\/skaitytaknyga.lt\/produktas\/tobula-nepazistamoji\/#primaryimage\"},\"thumbnailUrl\":\"https:\/\/skaitytaknyga.lt\/wp-content\/uploads\/2025\/07\/Tobula-nepazistamoji-1-1.webp\",\"datePublished\":\"2025-07-25T08:02:55+00:00\",\"dateModified\":\"2025-07-30T18:47:22+00:00\",\"description\":\"Kaip atskleisti ties\u0105 apie kitus, jei privalai nusl\u0117pti sav\u0105j\u0105? \u017durnalist\u0117s L\u0117jos karjeroje \u2013 kriz\u0117. Gresia teismo procesas, ji nori skubiai i\u0161vykti i\u0161\",\"breadcrumb\":{\"@id\":\"https:\/\/skaitytaknyga.lt\/produktas\/tobula-nepazistamoji\/#breadcrumb\"},\"inLanguage\":\"en-GB\",\"potentialAction\":[{\"@type\":\"ReadAction\",\"target\":[\"https:\/\/skaitytaknyga.lt\/produktas\/tobula-nepazistamoji\/\"]}]},{\"@type\":\"ImageObject\",\"inLanguage\":\"en-GB\",\"@id\":\"https:\/\/skaitytaknyga.lt\/produktas\/tobula-nepazistamoji\/#primaryimage\",\"url\":\"https:\/\/skaitytaknyga.lt\/wp-content\/uploads\/2025\/07\/Tobula-nepazistamoji-1-1.webp\",\"contentUrl\":\"https:\/\/skaitytaknyga.lt\/wp-content\/uploads\/2025\/07\/Tobula-nepazistamoji-1-1.webp\",\"width\":546,\"height\":801,\"caption\":\"Tobula nepa\u017e\u012fstamoji\"},{\"@type\":\"BreadcrumbList\",\"@id\":\"https:\/\/skaitytaknyga.lt\/produktas\/tobula-nepazistamoji\/#breadcrumb\",\"itemListElement\":[{\"@type\":\"ListItem\",\"position\":1,\"name\":\"Home\",\"item\":\"https:\/\/skaitytaknyga.lt\/\"},{\"@type\":\"ListItem\",\"position\":2,\"name\":\"Parduotuv\u0117\",\"item\":\"https:\/\/skaitytaknyga.lt\/knygu-parduotuve\/\"},{\"@type\":\"ListItem\",\"position\":3,\"name\":\"Tobula nepa\u017e\u012fstamoji\"}]},{\"@type\":\"WebSite\",\"@id\":\"https:\/\/skaitytaknyga.lt\/#website\",\"url\":\"https:\/\/skaitytaknyga.lt\/\",\"name\":\"skaitytaknyga.lt\",\"description\":\"Skaitytaknyga.lt \u2013 tai ma\u017eas \u0161eimos verslas, kuris prasid\u0117jo nuo meil\u0117s knygoms ir siekio i\u0161gelb\u0117ti knygas nuo likimo prie konteinerio. Kas vienam nereikalingas daiktas \u2013 kitam lobis, o mes esame tarpininkai, kurie padeda abiems tapti laimingesniems ???? \u017dinome kaip nelengva i\u0161gyventi ma\u017eiems verslams, tad nuo \u0161iol, \u010dia rasite ir kit\u0173, ma\u017e\u0173 \u0161eim\u0173 versl\u0173, rank\u0173 darbo, dovan\u0173 sau ir artimiesiems.\",\"publisher\":{\"@id\":\"https:\/\/skaitytaknyga.lt\/#organization\"},\"potentialAction\":[{\"@type\":\"SearchAction\",\"target\":{\"@type\":\"EntryPoint\",\"urlTemplate\":\"https:\/\/skaitytaknyga.lt\/?s={search_term_string}\"},\"query-input\":{\"@type\":\"PropertyValueSpecification\",\"valueRequired\":true,\"valueName\":\"search_term_string\"}}],\"inLanguage\":\"en-GB\"},{\"@type\":\"Organization\",\"@id\":\"https:\/\/skaitytaknyga.lt\/#organization\",\"name\":\"skaitytaknyga.lt\",\"url\":\"https:\/\/skaitytaknyga.lt\/\",\"logo\":{\"@type\":\"ImageObject\",\"inLanguage\":\"en-GB\",\"@id\":\"https:\/\/skaitytaknyga.lt\/#\/schema\/logo\/image\/\",\"url\":\"https:\/\/skaitytaknyga.lt\/wp-content\/uploads\/2024\/05\/cropped-cropped-cropped-02_00843_jt3bggkj1j3HLc7SyY6rEUpg.jpeg\",\"contentUrl\":\"https:\/\/skaitytaknyga.lt\/wp-content\/uploads\/2024\/05\/cropped-cropped-cropped-02_00843_jt3bggkj1j3HLc7SyY6rEUpg.jpeg\",\"width\":1600,\"height\":1600,\"caption\":\"skaitytaknyga.lt\"},\"image\":{\"@id\":\"https:\/\/skaitytaknyga.lt\/#\/schema\/logo\/image\/\"},\"sameAs\":[\"https:\/\/www.facebook.com\/skaitytaknyga\/\"]}]}<\/script>\n<!-- \/ Yoast SEO plugin. -->","yoast_head_json":{"title":"Tobula nepa\u017e\u012fstamoji","description":"Kaip atskleisti ties\u0105 apie kitus, jei privalai nusl\u0117pti sav\u0105j\u0105? \u017durnalist\u0117s L\u0117jos karjeroje \u2013 kriz\u0117. Gresia teismo procesas, ji nori skubiai i\u0161vykti i\u0161","robots":{"index":"index","follow":"follow","max-snippet":"max-snippet:-1","max-image-preview":"max-image-preview:large","max-video-preview":"max-video-preview:-1"},"canonical":"https:\/\/skaitytaknyga.lt\/en\/produktas\/tobula-nepazistamoji\/","og_locale":"en_GB","og_type":"article","og_title":"[:lt]Tobula nepa\u017e\u012fstamoji[:] - Skaitytaknyga","og_description":"Kaip atskleisti ties\u0105 apie kitus, jei privalai nusl\u0117pti sav\u0105j\u0105? \u017durnalist\u0117s L\u0117jos karjeroje \u2013 kriz\u0117. Gresia teismo procesas, ji nori skubiai i\u0161vykti i\u0161","og_url":"https:\/\/skaitytaknyga.lt\/en\/produktas\/tobula-nepazistamoji\/","og_site_name":"Skaitytaknyga","article_publisher":"https:\/\/www.facebook.com\/skaitytaknyga\/","article_modified_time":"2025-07-30T18:47:22+00:00","og_image":[{"width":546,"height":801,"url":"https:\/\/skaitytaknyga.lt\/wp-content\/uploads\/2025\/07\/Tobula-nepazistamoji-1-1.webp","type":"image\/webp"}],"twitter_card":"summary_large_image","twitter_misc":{"Estimated reading time":"1 minute"},"schema":{"@context":"https:\/\/schema.org","@graph":[{"@type":"WebPage","@id":"https:\/\/skaitytaknyga.lt\/produktas\/tobula-nepazistamoji\/","url":"https:\/\/skaitytaknyga.lt\/produktas\/tobula-nepazistamoji\/","name":"Tobula nepa\u017e\u012fstamoji","isPartOf":{"@id":"https:\/\/skaitytaknyga.lt\/#website"},"primaryImageOfPage":{"@id":"https:\/\/skaitytaknyga.lt\/produktas\/tobula-nepazistamoji\/#primaryimage"},"image":{"@id":"https:\/\/skaitytaknyga.lt\/produktas\/tobula-nepazistamoji\/#primaryimage"},"thumbnailUrl":"https:\/\/skaitytaknyga.lt\/wp-content\/uploads\/2025\/07\/Tobula-nepazistamoji-1-1.webp","datePublished":"2025-07-25T08:02:55+00:00","dateModified":"2025-07-30T18:47:22+00:00","description":"Kaip atskleisti ties\u0105 apie kitus, jei privalai nusl\u0117pti sav\u0105j\u0105? \u017durnalist\u0117s L\u0117jos karjeroje \u2013 kriz\u0117. Gresia teismo procesas, ji nori skubiai i\u0161vykti i\u0161","breadcrumb":{"@id":"https:\/\/skaitytaknyga.lt\/produktas\/tobula-nepazistamoji\/#breadcrumb"},"inLanguage":"en-GB","potentialAction":[{"@type":"ReadAction","target":["https:\/\/skaitytaknyga.lt\/produktas\/tobula-nepazistamoji\/"]}]},{"@type":"ImageObject","inLanguage":"en-GB","@id":"https:\/\/skaitytaknyga.lt\/produktas\/tobula-nepazistamoji\/#primaryimage","url":"https:\/\/skaitytaknyga.lt\/wp-content\/uploads\/2025\/07\/Tobula-nepazistamoji-1-1.webp","contentUrl":"https:\/\/skaitytaknyga.lt\/wp-content\/uploads\/2025\/07\/Tobula-nepazistamoji-1-1.webp","width":546,"height":801,"caption":"Tobula nepa\u017e\u012fstamoji"},{"@type":"BreadcrumbList","@id":"https:\/\/skaitytaknyga.lt\/produktas\/tobula-nepazistamoji\/#breadcrumb","itemListElement":[{"@type":"ListItem","position":1,"name":"Home","item":"https:\/\/skaitytaknyga.lt\/"},{"@type":"ListItem","position":2,"name":"Parduotuv\u0117","item":"https:\/\/skaitytaknyga.lt\/knygu-parduotuve\/"},{"@type":"ListItem","position":3,"name":"Tobula nepa\u017e\u012fstamoji"}]},{"@type":"WebSite","@id":"https:\/\/skaitytaknyga.lt\/#website","url":"https:\/\/skaitytaknyga.lt\/","name":"skaitytaknyga.lt","description":"Skaitytaknyga.lt \u2013 tai ma\u017eas \u0161eimos verslas, kuris prasid\u0117jo nuo meil\u0117s knygoms ir siekio i\u0161gelb\u0117ti knygas nuo likimo prie konteinerio. Kas vienam nereikalingas daiktas \u2013 kitam lobis, o mes esame tarpininkai, kurie padeda abiems tapti laimingesniems ???? \u017dinome kaip nelengva i\u0161gyventi ma\u017eiems verslams, tad nuo \u0161iol, \u010dia rasite ir kit\u0173, ma\u017e\u0173 \u0161eim\u0173 versl\u0173, rank\u0173 darbo, dovan\u0173 sau ir artimiesiems.","publisher":{"@id":"https:\/\/skaitytaknyga.lt\/#organization"},"potentialAction":[{"@type":"SearchAction","target":{"@type":"EntryPoint","urlTemplate":"https:\/\/skaitytaknyga.lt\/?s={search_term_string}"},"query-input":{"@type":"PropertyValueSpecification","valueRequired":true,"valueName":"search_term_string"}}],"inLanguage":"en-GB"},{"@type":"Organization","@id":"https:\/\/skaitytaknyga.lt\/#organization","name":"skaitytaknyga.lt","url":"https:\/\/skaitytaknyga.lt\/","logo":{"@type":"ImageObject","inLanguage":"en-GB","@id":"https:\/\/skaitytaknyga.lt\/#\/schema\/logo\/image\/","url":"https:\/\/skaitytaknyga.lt\/wp-content\/uploads\/2024\/05\/cropped-cropped-cropped-02_00843_jt3bggkj1j3HLc7SyY6rEUpg.jpeg","contentUrl":"https:\/\/skaitytaknyga.lt\/wp-content\/uploads\/2024\/05\/cropped-cropped-cropped-02_00843_jt3bggkj1j3HLc7SyY6rEUpg.jpeg","width":1600,"height":1600,"caption":"skaitytaknyga.lt"},"image":{"@id":"https:\/\/skaitytaknyga.lt\/#\/schema\/logo\/image\/"},"sameAs":["https:\/\/www.facebook.com\/skaitytaknyga\/"]}]}},"_links":{"self":[{"href":"https:\/\/skaitytaknyga.lt\/en\/wp-json\/wp\/v2\/product\/19942","targetHints":{"allow":["GET"]}}],"collection":[{"href":"https:\/\/skaitytaknyga.lt\/en\/wp-json\/wp\/v2\/product"}],"about":[{"href":"https:\/\/skaitytaknyga.lt\/en\/wp-json\/wp\/v2\/types\/product"}],"replies":[{"embeddable":true,"href":"https:\/\/skaitytaknyga.lt\/en\/wp-json\/wp\/v2\/comments?post=19942"}],"wp:featuredmedia":[{"embeddable":true,"href":"https:\/\/skaitytaknyga.lt\/en\/wp-json\/wp\/v2\/media\/19947"}],"wp:attachment":[{"href":"https:\/\/skaitytaknyga.lt\/en\/wp-json\/wp\/v2\/media?parent=19942"}],"wp:term":[{"taxonomy":"product_brand","embeddable":true,"href":"https:\/\/skaitytaknyga.lt\/en\/wp-json\/wp\/v2\/product_brand?post=19942"},{"taxonomy":"product_cat","embeddable":true,"href":"https:\/\/skaitytaknyga.lt\/en\/wp-json\/wp\/v2\/product_cat?post=19942"},{"taxonomy":"product_tag","embeddable":true,"href":"https:\/\/skaitytaknyga.lt\/en\/wp-json\/wp\/v2\/product_tag?post=19942"}],"curies":[{"name":"wp","href":"https:\/\/api.w.org\/{rel}","templated":true}]}}