{"id":19941,"date":"2025-07-25T11:02:55","date_gmt":"2025-07-25T08:02:55","guid":{"rendered":"https:\/\/skaitytaknyga.lt\/?post_type=product&#038;p=19941"},"modified":"2025-07-30T21:47:10","modified_gmt":"2025-07-30T18:47:10","slug":"meres-rasel-nuzudymas","status":"publish","type":"product","link":"https:\/\/skaitytaknyga.lt\/en\/produktas\/meres-rasel-nuzudymas\/","title":{"rendered":"Mer\u0117s Rasel nu\u017eudymas"},"content":{"rendered":"<p>\u2013 O taip: kai kilpa bus u\u017enerta jai ant kaklo ir tas pasip\u016bt\u0119s seklys \u0160erlokas Holmsas liks vienas \u0161iame did\u017eiuliame sename name, a\u0161 vienintelis \u017einosiu kod\u0117l.<\/p>\n<p>Laurie R. King (Lori R. King, g. 1952 m.) \u2013 amerikiet\u0117, 25 roman\u0173 autor\u0117, labiausiai i\u0161gars\u0117jusi savo detektyvini\u0173 roman\u0173 apie Mer\u0119 Rasel ir \u0160erlok\u0105 Holms\u0105 ciklu.<\/p>\n<p>\u0160erlokas Holmsas ir moteris? Laurie R. King romanai priver\u010dia patik\u0117ti tokio ry\u0161io galimybe netgi tuos, kuriems tai skamba beveik \u0161ventvagi\u0161kai. Mer\u0117 Rasel \u2013 \u0160erloko Holmso mokin\u0117, v\u0117liau tapusi jo bendra\u017eyge ir&#8230; \u017emona. \u201eMer\u0117s Rasel nu\u017eudymas&#8221; ne tik nukelia mus \u012f \u0160erloko Holmso epoch\u0105, bet ir praveria garsiojo seklio nam\u0173 duris ir leid\u017eia \u017evilgtel\u0117ti \u012f juose slypin\u010dias paslaptis. Juk tuose namuose gyvena ne tik Holmsas \u2013 kokie namai be i\u0161tikimosios ponios Hadson?<\/p>\n<p>Pasirodo, ponia Hadson slepia tamsi\u0105 praeit\u012f. Ir \u0161i nety\u010dia ima vertis tuomet, kai Mer\u0117 Rasel \u012fsileid\u017eia \u012f namus vyri\u0161k\u012f, teigiant\u012f, jog jis yra ponios Hadson s\u016bnus. Pasakojimas atrodo ne\u012ftikimas, bet ginklas, nukreiptas \u012f Mer\u0119 Rasel, regisi \u2013 pakankamas argumentas&#8230; Gr\u012f\u017eusi namo, ponia Hadson randa tik kraujo klan\u0105 ant grind\u0173 ir parako kvap\u0105 ore. O Mer\u0117s Rasel \u2013 n\u0117 p\u0117dsako. Kur dingo u\u017epuolikas ir numanomas lavonas? Blogiausia, jog si\u016blo galai veda prie pa\u010dios Klaros Hadson&#8230;<\/p>\n<p>Kad i\u0161siai\u0161kint\u0173 ties\u0105 ir surast\u0173 \u017emon\u0105, \u0160erlokas Holmsas privalo atsigr\u0119\u017eti atgal \u2013 \u012f seniai pra\u0117jusias dienas, gr\u012f\u017eti prie nusikaltim\u0173, kurie, reg\u0117jos, u\u017emir\u0161ti ir niekuomet nebei\u0161ai\u0161k\u0117s.<\/p>\n<p>Mirtis, \u017emog\u017eudyst\u0117s ir apgaul\u0117s. Po \u0161ios istorijos \u012f poni\u0105 Hadson pa\u017evelgsite visi\u0161kai kitomis akimis.<\/p>\n","protected":false},"excerpt":{"rendered":"<p>\u2013 O taip: kai kilpa bus u\u017enerta jai ant kaklo ir tas pasip\u016bt\u0119s seklys \u0160erlokas Holmsas liks vienas \u0161iame did\u017eiuliame sename name, a\u0161 vienintelis \u017einosiu kod\u0117l. Laurie R. King (Lori R. King, g. 1952 m.) \u2013 amerikiet\u0117, 25 roman\u0173 autor\u0117, labiausiai i\u0161gars\u0117jusi savo detektyvini\u0173 roman\u0173 apie Mer\u0119 Rasel ir \u0160erlok\u0105 Holms\u0105 ciklu. \u0160erlokas Holmsas ir moteris? Laurie R. King romanai priver\u010dia patik\u0117ti tokio ry\u0161io galimybe netgi tuos, kuriems tai skamba beveik \u0161ventvagi\u0161kai. Mer\u0117 Rasel \u2013 \u0160erloko Holmso mokin\u0117, v\u0117liau tapusi jo bendra\u017eyge ir&#8230; \u017emona. \u201eMer\u0117s Rasel nu\u017eudymas&#8221; ne tik nukelia mus \u012f \u0160erloko Holmso epoch\u0105, bet ir praveria garsiojo seklio nam\u0173 duris ir leid\u017eia \u017evilgtel\u0117ti \u012f juose slypin\u010dias paslaptis. Juk tuose namuose gyvena ne tik Holmsas \u2013 kokie namai be i\u0161tikimosios ponios Hadson? Pasirodo, ponia Hadson slepia tamsi\u0105 praeit\u012f. Ir \u0161i nety\u010dia ima vertis tuomet, kai Mer\u0117 Rasel \u012fsileid\u017eia \u012f namus vyri\u0161k\u012f, teigiant\u012f, jog jis yra ponios Hadson s\u016bnus. Pasakojimas atrodo ne\u012ftikimas, bet ginklas, nukreiptas \u012f Mer\u0119 Rasel, regisi \u2013 pakankamas argumentas&#8230; Gr\u012f\u017eusi namo, ponia Hadson randa tik kraujo klan\u0105 ant grind\u0173 ir parako kvap\u0105 ore. O Mer\u0117s Rasel \u2013 n\u0117 p\u0117dsako. Kur dingo u\u017epuolikas ir numanomas lavonas? Blogiausia, jog si\u016blo galai veda prie pa\u010dios Klaros Hadson&#8230; Kad i\u0161siai\u0161kint\u0173 ties\u0105 ir surast\u0173 \u017emon\u0105, \u0160erlokas Holmsas privalo atsigr\u0119\u017eti atgal \u2013 \u012f seniai pra\u0117jusias dienas, gr\u012f\u017eti prie nusikaltim\u0173, kurie, reg\u0117jos, u\u017emir\u0161ti ir niekuomet nebei\u0161ai\u0161k\u0117s. Mirtis, \u017emog\u017eudyst\u0117s ir apgaul\u0117s. Po \u0161ios istorijos \u012f poni\u0105 Hadson pa\u017evelgsite visi\u0161kai kitomis akimis.<\/p>\n","protected":false},"featured_media":19946,"comment_status":"open","ping_status":"closed","template":"","meta":{"_acf_changed":false,"site-sidebar-layout":"default","site-content-layout":"","ast-site-content-layout":"default","site-content-style":"default","site-sidebar-style":"default","ast-global-header-display":"","ast-banner-title-visibility":"","ast-main-header-display":"","ast-hfb-above-header-display":"","ast-hfb-below-header-display":"","ast-hfb-mobile-header-display":"","site-post-title":"","ast-breadcrumbs-content":"","ast-featured-img":"","footer-sml-layout":"","ast-disable-related-posts":"","theme-transparent-header-meta":"","adv-header-id-meta":"","stick-header-meta":"","header-above-stick-meta":"","header-main-stick-meta":"","header-below-stick-meta":"","astra-migrate-meta-layouts":"default","ast-page-background-enabled":"default","ast-page-background-meta":{"desktop":{"background-color":"","background-image":"","background-repeat":"repeat","background-position":"center center","background-size":"auto","background-attachment":"scroll","background-type":"","background-media":"","overlay-type":"","overlay-color":"","overlay-opacity":"","overlay-gradient":""},"tablet":{"background-color":"","background-image":"","background-repeat":"repeat","background-position":"center center","background-size":"auto","background-attachment":"scroll","background-type":"","background-media":"","overlay-type":"","overlay-color":"","overlay-opacity":"","overlay-gradient":""},"mobile":{"background-color":"","background-image":"","background-repeat":"repeat","background-position":"center center","background-size":"auto","background-attachment":"scroll","background-type":"","background-media":"","overlay-type":"","overlay-color":"","overlay-opacity":"","overlay-gradient":""}},"ast-content-background-meta":{"desktop":{"background-color":"var(--ast-global-color-4)","background-image":"","background-repeat":"repeat","background-position":"center center","background-size":"auto","background-attachment":"scroll","background-type":"","background-media":"","overlay-type":"","overlay-color":"","overlay-opacity":"","overlay-gradient":""},"tablet":{"background-color":"var(--ast-global-color-4)","background-image":"","background-repeat":"repeat","background-position":"center center","background-size":"auto","background-attachment":"scroll","background-type":"","background-media":"","overlay-type":"","overlay-color":"","overlay-opacity":"","overlay-gradient":""},"mobile":{"background-color":"var(--ast-global-color-4)","background-image":"","background-repeat":"repeat","background-position":"center center","background-size":"auto","background-attachment":"scroll","background-type":"","background-media":"","overlay-type":"","overlay-color":"","overlay-opacity":"","overlay-gradient":""}}},"product_brand":[],"product_cat":[15],"product_tag":[1476,6897,6899,6900,6898,1587],"class_list":{"0":"post-19941","1":"product","2":"type-product","3":"status-publish","4":"has-post-thumbnail","6":"product_cat-uncategorized","7":"product_tag-detektyvas","8":"product_tag-laurie-r-king","9":"product_tag-mere-rasel","10":"product_tag-ponia-hadson","11":"product_tag-serlokas-holmsas","12":"product_tag-trileris","13":"desktop-align-left","14":"tablet-align-left","15":"mobile-align-left","17":"first","18":"instock","19":"shipping-taxable","20":"purchasable","21":"product-type-simple"},"acf":[],"yoast_head":"<!-- This site is optimized with the Yoast SEO plugin v27.0 - https:\/\/yoast.com\/product\/yoast-seo-wordpress\/ -->\n<title>Mer\u0117s Rasel nu\u017eudymas<\/title>\n<meta name=\"description\" content=\"\u2013 O taip: kai kilpa bus u\u017enerta jai ant kaklo ir tas pasip\u016bt\u0119s seklys \u0160erlokas Holmsas liks vienas \u0161iame did\u017eiuliame sename name, a\u0161 vienintelis \u017einosiu\" \/>\n<meta name=\"robots\" content=\"index, follow, max-snippet:-1, max-image-preview:large, max-video-preview:-1\" \/>\n<link rel=\"canonical\" href=\"https:\/\/skaitytaknyga.lt\/en\/produktas\/meres-rasel-nuzudymas\/\" \/>\n<meta property=\"og:locale\" content=\"en_GB\" \/>\n<meta property=\"og:locale:alternate\" content=\"lt_LT\" \/>\n<meta property=\"og:type\" content=\"article\" \/>\n<meta property=\"og:title\" content=\"Mer\u0117s Rasel nu\u017eudymas\" \/>\n<meta property=\"og:description\" content=\"\u2013 O taip: kai kilpa bus u\u017enerta jai ant kaklo ir tas pasip\u016bt\u0119s seklys \u0160erlokas Holmsas liks vienas \u0161iame did\u017eiuliame sename name, a\u0161 vienintelis \u017einosiu\" \/>\n<meta property=\"og:url\" content=\"https:\/\/skaitytaknyga.lt\/en\/produktas\/meres-rasel-nuzudymas\/\" \/>\n<meta property=\"og:site_name\" content=\"Skaitytaknyga\" \/>\n<meta property=\"article:publisher\" content=\"https:\/\/www.facebook.com\/skaitytaknyga\/\" \/>\n<meta property=\"article:modified_time\" content=\"2025-07-30T18:47:10+00:00\" \/>\n<meta property=\"og:image\" content=\"https:\/\/skaitytaknyga.lt\/wp-content\/uploads\/2025\/07\/Meres-Rasel-nuzudymas-1.webp\" \/>\n\t<meta property=\"og:image:width\" content=\"534\" \/>\n\t<meta property=\"og:image:height\" content=\"801\" \/>\n\t<meta property=\"og:image:type\" content=\"image\/webp\" \/>\n<meta name=\"twitter:card\" content=\"summary_large_image\" \/>\n<meta name=\"twitter:label1\" content=\"Estimated reading time\" \/>\n\t<meta name=\"twitter:data1\" content=\"1 minute\" \/>\n<script type=\"application\/ld+json\" class=\"yoast-schema-graph\">{\"@context\":\"https:\/\/schema.org\",\"@graph\":[{\"@type\":\"WebPage\",\"@id\":\"https:\/\/skaitytaknyga.lt\/produktas\/meres-rasel-nuzudymas\/\",\"url\":\"https:\/\/skaitytaknyga.lt\/produktas\/meres-rasel-nuzudymas\/\",\"name\":\"Mer\u0117s Rasel nu\u017eudymas\",\"isPartOf\":{\"@id\":\"https:\/\/skaitytaknyga.lt\/#website\"},\"primaryImageOfPage\":{\"@id\":\"https:\/\/skaitytaknyga.lt\/produktas\/meres-rasel-nuzudymas\/#primaryimage\"},\"image\":{\"@id\":\"https:\/\/skaitytaknyga.lt\/produktas\/meres-rasel-nuzudymas\/#primaryimage\"},\"thumbnailUrl\":\"https:\/\/skaitytaknyga.lt\/wp-content\/uploads\/2025\/07\/Meres-Rasel-nuzudymas-1.webp\",\"datePublished\":\"2025-07-25T08:02:55+00:00\",\"dateModified\":\"2025-07-30T18:47:10+00:00\",\"description\":\"\u2013 O taip: kai kilpa bus u\u017enerta jai ant kaklo ir tas pasip\u016bt\u0119s seklys \u0160erlokas Holmsas liks vienas \u0161iame did\u017eiuliame sename name, a\u0161 vienintelis \u017einosiu\",\"breadcrumb\":{\"@id\":\"https:\/\/skaitytaknyga.lt\/produktas\/meres-rasel-nuzudymas\/#breadcrumb\"},\"inLanguage\":\"en-GB\",\"potentialAction\":[{\"@type\":\"ReadAction\",\"target\":[\"https:\/\/skaitytaknyga.lt\/produktas\/meres-rasel-nuzudymas\/\"]}]},{\"@type\":\"ImageObject\",\"inLanguage\":\"en-GB\",\"@id\":\"https:\/\/skaitytaknyga.lt\/produktas\/meres-rasel-nuzudymas\/#primaryimage\",\"url\":\"https:\/\/skaitytaknyga.lt\/wp-content\/uploads\/2025\/07\/Meres-Rasel-nuzudymas-1.webp\",\"contentUrl\":\"https:\/\/skaitytaknyga.lt\/wp-content\/uploads\/2025\/07\/Meres-Rasel-nuzudymas-1.webp\",\"width\":534,\"height\":801,\"caption\":\"Mer\u0117s Rasel nu\u017eudymas\"},{\"@type\":\"BreadcrumbList\",\"@id\":\"https:\/\/skaitytaknyga.lt\/produktas\/meres-rasel-nuzudymas\/#breadcrumb\",\"itemListElement\":[{\"@type\":\"ListItem\",\"position\":1,\"name\":\"Home\",\"item\":\"https:\/\/skaitytaknyga.lt\/\"},{\"@type\":\"ListItem\",\"position\":2,\"name\":\"Parduotuv\u0117\",\"item\":\"https:\/\/skaitytaknyga.lt\/knygu-parduotuve\/\"},{\"@type\":\"ListItem\",\"position\":3,\"name\":\"Mer\u0117s Rasel nu\u017eudymas\"}]},{\"@type\":\"WebSite\",\"@id\":\"https:\/\/skaitytaknyga.lt\/#website\",\"url\":\"https:\/\/skaitytaknyga.lt\/\",\"name\":\"skaitytaknyga.lt\",\"description\":\"Skaitytaknyga.lt \u2013 tai ma\u017eas \u0161eimos verslas, kuris prasid\u0117jo nuo meil\u0117s knygoms ir siekio i\u0161gelb\u0117ti knygas nuo likimo prie konteinerio. Kas vienam nereikalingas daiktas \u2013 kitam lobis, o mes esame tarpininkai, kurie padeda abiems tapti laimingesniems ???? \u017dinome kaip nelengva i\u0161gyventi ma\u017eiems verslams, tad nuo \u0161iol, \u010dia rasite ir kit\u0173, ma\u017e\u0173 \u0161eim\u0173 versl\u0173, rank\u0173 darbo, dovan\u0173 sau ir artimiesiems.\",\"publisher\":{\"@id\":\"https:\/\/skaitytaknyga.lt\/#organization\"},\"potentialAction\":[{\"@type\":\"SearchAction\",\"target\":{\"@type\":\"EntryPoint\",\"urlTemplate\":\"https:\/\/skaitytaknyga.lt\/?s={search_term_string}\"},\"query-input\":{\"@type\":\"PropertyValueSpecification\",\"valueRequired\":true,\"valueName\":\"search_term_string\"}}],\"inLanguage\":\"en-GB\"},{\"@type\":\"Organization\",\"@id\":\"https:\/\/skaitytaknyga.lt\/#organization\",\"name\":\"skaitytaknyga.lt\",\"url\":\"https:\/\/skaitytaknyga.lt\/\",\"logo\":{\"@type\":\"ImageObject\",\"inLanguage\":\"en-GB\",\"@id\":\"https:\/\/skaitytaknyga.lt\/#\/schema\/logo\/image\/\",\"url\":\"https:\/\/skaitytaknyga.lt\/wp-content\/uploads\/2024\/05\/cropped-cropped-cropped-02_00843_jt3bggkj1j3HLc7SyY6rEUpg.jpeg\",\"contentUrl\":\"https:\/\/skaitytaknyga.lt\/wp-content\/uploads\/2024\/05\/cropped-cropped-cropped-02_00843_jt3bggkj1j3HLc7SyY6rEUpg.jpeg\",\"width\":1600,\"height\":1600,\"caption\":\"skaitytaknyga.lt\"},\"image\":{\"@id\":\"https:\/\/skaitytaknyga.lt\/#\/schema\/logo\/image\/\"},\"sameAs\":[\"https:\/\/www.facebook.com\/skaitytaknyga\/\"]}]}<\/script>\n<!-- \/ Yoast SEO plugin. -->","yoast_head_json":{"title":"Mer\u0117s Rasel nu\u017eudymas","description":"\u2013 O taip: kai kilpa bus u\u017enerta jai ant kaklo ir tas pasip\u016bt\u0119s seklys \u0160erlokas Holmsas liks vienas \u0161iame did\u017eiuliame sename name, a\u0161 vienintelis \u017einosiu","robots":{"index":"index","follow":"follow","max-snippet":"max-snippet:-1","max-image-preview":"max-image-preview:large","max-video-preview":"max-video-preview:-1"},"canonical":"https:\/\/skaitytaknyga.lt\/en\/produktas\/meres-rasel-nuzudymas\/","og_locale":"en_GB","og_type":"article","og_title":"[:lt]Mer\u0117s Rasel nu\u017eudymas[:] - Skaitytaknyga","og_description":"\u2013 O taip: kai kilpa bus u\u017enerta jai ant kaklo ir tas pasip\u016bt\u0119s seklys \u0160erlokas Holmsas liks vienas \u0161iame did\u017eiuliame sename name, a\u0161 vienintelis \u017einosiu","og_url":"https:\/\/skaitytaknyga.lt\/en\/produktas\/meres-rasel-nuzudymas\/","og_site_name":"Skaitytaknyga","article_publisher":"https:\/\/www.facebook.com\/skaitytaknyga\/","article_modified_time":"2025-07-30T18:47:10+00:00","og_image":[{"width":534,"height":801,"url":"https:\/\/skaitytaknyga.lt\/wp-content\/uploads\/2025\/07\/Meres-Rasel-nuzudymas-1.webp","type":"image\/webp"}],"twitter_card":"summary_large_image","twitter_misc":{"Estimated reading time":"1 minute"},"schema":{"@context":"https:\/\/schema.org","@graph":[{"@type":"WebPage","@id":"https:\/\/skaitytaknyga.lt\/produktas\/meres-rasel-nuzudymas\/","url":"https:\/\/skaitytaknyga.lt\/produktas\/meres-rasel-nuzudymas\/","name":"Mer\u0117s Rasel nu\u017eudymas","isPartOf":{"@id":"https:\/\/skaitytaknyga.lt\/#website"},"primaryImageOfPage":{"@id":"https:\/\/skaitytaknyga.lt\/produktas\/meres-rasel-nuzudymas\/#primaryimage"},"image":{"@id":"https:\/\/skaitytaknyga.lt\/produktas\/meres-rasel-nuzudymas\/#primaryimage"},"thumbnailUrl":"https:\/\/skaitytaknyga.lt\/wp-content\/uploads\/2025\/07\/Meres-Rasel-nuzudymas-1.webp","datePublished":"2025-07-25T08:02:55+00:00","dateModified":"2025-07-30T18:47:10+00:00","description":"\u2013 O taip: kai kilpa bus u\u017enerta jai ant kaklo ir tas pasip\u016bt\u0119s seklys \u0160erlokas Holmsas liks vienas \u0161iame did\u017eiuliame sename name, a\u0161 vienintelis \u017einosiu","breadcrumb":{"@id":"https:\/\/skaitytaknyga.lt\/produktas\/meres-rasel-nuzudymas\/#breadcrumb"},"inLanguage":"en-GB","potentialAction":[{"@type":"ReadAction","target":["https:\/\/skaitytaknyga.lt\/produktas\/meres-rasel-nuzudymas\/"]}]},{"@type":"ImageObject","inLanguage":"en-GB","@id":"https:\/\/skaitytaknyga.lt\/produktas\/meres-rasel-nuzudymas\/#primaryimage","url":"https:\/\/skaitytaknyga.lt\/wp-content\/uploads\/2025\/07\/Meres-Rasel-nuzudymas-1.webp","contentUrl":"https:\/\/skaitytaknyga.lt\/wp-content\/uploads\/2025\/07\/Meres-Rasel-nuzudymas-1.webp","width":534,"height":801,"caption":"Mer\u0117s Rasel nu\u017eudymas"},{"@type":"BreadcrumbList","@id":"https:\/\/skaitytaknyga.lt\/produktas\/meres-rasel-nuzudymas\/#breadcrumb","itemListElement":[{"@type":"ListItem","position":1,"name":"Home","item":"https:\/\/skaitytaknyga.lt\/"},{"@type":"ListItem","position":2,"name":"Parduotuv\u0117","item":"https:\/\/skaitytaknyga.lt\/knygu-parduotuve\/"},{"@type":"ListItem","position":3,"name":"Mer\u0117s Rasel nu\u017eudymas"}]},{"@type":"WebSite","@id":"https:\/\/skaitytaknyga.lt\/#website","url":"https:\/\/skaitytaknyga.lt\/","name":"skaitytaknyga.lt","description":"Skaitytaknyga.lt \u2013 tai ma\u017eas \u0161eimos verslas, kuris prasid\u0117jo nuo meil\u0117s knygoms ir siekio i\u0161gelb\u0117ti knygas nuo likimo prie konteinerio. Kas vienam nereikalingas daiktas \u2013 kitam lobis, o mes esame tarpininkai, kurie padeda abiems tapti laimingesniems ???? \u017dinome kaip nelengva i\u0161gyventi ma\u017eiems verslams, tad nuo \u0161iol, \u010dia rasite ir kit\u0173, ma\u017e\u0173 \u0161eim\u0173 versl\u0173, rank\u0173 darbo, dovan\u0173 sau ir artimiesiems.","publisher":{"@id":"https:\/\/skaitytaknyga.lt\/#organization"},"potentialAction":[{"@type":"SearchAction","target":{"@type":"EntryPoint","urlTemplate":"https:\/\/skaitytaknyga.lt\/?s={search_term_string}"},"query-input":{"@type":"PropertyValueSpecification","valueRequired":true,"valueName":"search_term_string"}}],"inLanguage":"en-GB"},{"@type":"Organization","@id":"https:\/\/skaitytaknyga.lt\/#organization","name":"skaitytaknyga.lt","url":"https:\/\/skaitytaknyga.lt\/","logo":{"@type":"ImageObject","inLanguage":"en-GB","@id":"https:\/\/skaitytaknyga.lt\/#\/schema\/logo\/image\/","url":"https:\/\/skaitytaknyga.lt\/wp-content\/uploads\/2024\/05\/cropped-cropped-cropped-02_00843_jt3bggkj1j3HLc7SyY6rEUpg.jpeg","contentUrl":"https:\/\/skaitytaknyga.lt\/wp-content\/uploads\/2024\/05\/cropped-cropped-cropped-02_00843_jt3bggkj1j3HLc7SyY6rEUpg.jpeg","width":1600,"height":1600,"caption":"skaitytaknyga.lt"},"image":{"@id":"https:\/\/skaitytaknyga.lt\/#\/schema\/logo\/image\/"},"sameAs":["https:\/\/www.facebook.com\/skaitytaknyga\/"]}]}},"_links":{"self":[{"href":"https:\/\/skaitytaknyga.lt\/en\/wp-json\/wp\/v2\/product\/19941","targetHints":{"allow":["GET"]}}],"collection":[{"href":"https:\/\/skaitytaknyga.lt\/en\/wp-json\/wp\/v2\/product"}],"about":[{"href":"https:\/\/skaitytaknyga.lt\/en\/wp-json\/wp\/v2\/types\/product"}],"replies":[{"embeddable":true,"href":"https:\/\/skaitytaknyga.lt\/en\/wp-json\/wp\/v2\/comments?post=19941"}],"wp:featuredmedia":[{"embeddable":true,"href":"https:\/\/skaitytaknyga.lt\/en\/wp-json\/wp\/v2\/media\/19946"}],"wp:attachment":[{"href":"https:\/\/skaitytaknyga.lt\/en\/wp-json\/wp\/v2\/media?parent=19941"}],"wp:term":[{"taxonomy":"product_brand","embeddable":true,"href":"https:\/\/skaitytaknyga.lt\/en\/wp-json\/wp\/v2\/product_brand?post=19941"},{"taxonomy":"product_cat","embeddable":true,"href":"https:\/\/skaitytaknyga.lt\/en\/wp-json\/wp\/v2\/product_cat?post=19941"},{"taxonomy":"product_tag","embeddable":true,"href":"https:\/\/skaitytaknyga.lt\/en\/wp-json\/wp\/v2\/product_tag?post=19941"}],"curies":[{"name":"wp","href":"https:\/\/api.w.org\/{rel}","templated":true}]}}