{"id":19940,"date":"2025-07-25T11:02:54","date_gmt":"2025-07-25T08:02:54","guid":{"rendered":"https:\/\/skaitytaknyga.lt\/?post_type=product&#038;p=19940"},"modified":"2026-03-05T13:11:09","modified_gmt":"2026-03-05T11:11:09","slug":"hipnotizuotojas","status":"publish","type":"product","link":"https:\/\/skaitytaknyga.lt\/en\/produktas\/hipnotizuotojas\/","title":{"rendered":"Hipnotizuotojas"},"content":{"rendered":"<p>Tokiais pirmais u\u017ehipnotizuoto berniuko \u017eod\u017eiais prasideda stingdantis psichologinio detektyvo ko\u0161maras. Po \u017eiauri\u0173 \u0161eimos skerdyni\u0173 Stokholmo priemiestyje liko vienas liudininkas \u2013 penkiolikametis s\u016bnus Josefas Ekas. Jo b\u016bkl\u0117 neleid\u017eia apklausti, tod\u0117l komisaras Jonas Lina mato vienintel\u0119 i\u0161eit\u012f ekstremalioje situacijoje \u2013 ie\u0161koti hipnotizuotojo pagalbos. Erikas Marija Barkas jau de\u0161imt met\u0173 neu\u017esiima \u0161ia praktika, ta\u010diau padaro i\u0161imt\u012f Josefui, tik\u0117damasis, jog taip i\u0161gelb\u0117s dingusi\u0105 jo seser\u012f Evelin\u0105. Kai hipnotizuotojas sulau\u017eo sau duot\u0105 priesaik\u0105 ir pasineria \u012f vaikino s\u0105mon\u0119, i\u0161ai\u0161k\u0117ja tiesa, kur kas labiau \u0161okiruojanti, nei jis gal\u0117jo \u012fsivaizduoti. Ir paties gydytojo \u0161eimai i\u0161kilusi gr\u0117sm\u0117 priver\u010dia Erik\u0105 sugr\u012f\u017eti \u012f siaubing\u0105 savo praeit\u012f.<\/p>\n<p>Tarptautin\u0117s sensacijos, tapusios bestseleriu kiekvienoje i\u0161 37 \u0161ali\u0173, kurioje buvo i\u0161leista, autoriaus Larso Keplerio paie\u0161kos taip pat primena detektyv\u0105. Kai net du gars\u016bs \u0161ved\u0173 ra\u0161ytojai oficialiai atsi\u017ead\u0117jo Hipnotizuotojo autoryst\u0117s, vieno dienra\u0161\u010dio \u017eurnalistai atkapst\u0117, jog po Larso Keplerio slapyvard\u017eiu slepiasi Alexanderis ir Alexandra Ahndorilai, \u0161ved\u0173 ra\u0161ytoj\u0173 pora. Priremti prie sienos ir apakinti blyks\u010di\u0173, jie parei\u0161k\u0117: \u201ePara\u0161yti knyg\u0105 \u2013 ne nusikaltimas.\u201c Netgi atvirk\u0161\u010diai, pora atrado bendr\u0105 pom\u0117g\u012f \u0161alia \u201erimt\u0173\u201c profesij\u0173 ir netrukus i\u0161leido nauj\u0105 istorij\u0105 su detektyvu Jonu Lina \u2013 Paganinio kontraktas. Kad jie gali dr\u0105siai pretenduoti \u012f Stiego Larssono \u012fp\u0117dini\u0173 vard\u0105, liudija ir kitas netiesioginis faktas: \u0161ved\u0173 re\u017eisierius Lasse Hallstr\u00f6mas (Sidro nam\u0173 taisykl\u0117s, \u0160okoladas) \u0117m\u0117si ekranizuoti Hipnotizuotoj\u0105.<\/p>\n","protected":false},"excerpt":{"rendered":"<p>Tokiais pirmais u\u017ehipnotizuoto berniuko \u017eod\u017eiais prasideda stingdantis psichologinio detektyvo ko\u0161maras. Po \u017eiauri\u0173 \u0161eimos skerdyni\u0173 Stokholmo priemiestyje liko vienas liudininkas \u2013 penkiolikametis s\u016bnus Josefas Ekas. Jo b\u016bkl\u0117 neleid\u017eia apklausti, tod\u0117l komisaras Jonas Lina mato vienintel\u0119 i\u0161eit\u012f ekstremalioje situacijoje \u2013 ie\u0161koti hipnotizuotojo pagalbos. Erikas Marija Barkas jau de\u0161imt met\u0173 neu\u017esiima \u0161ia praktika, ta\u010diau padaro i\u0161imt\u012f Josefui, tik\u0117damasis, jog taip i\u0161gelb\u0117s dingusi\u0105 jo seser\u012f Evelin\u0105. Kai hipnotizuotojas sulau\u017eo sau duot\u0105 priesaik\u0105 ir pasineria \u012f vaikino s\u0105mon\u0119, i\u0161ai\u0161k\u0117ja tiesa, kur kas labiau \u0161okiruojanti, nei jis gal\u0117jo \u012fsivaizduoti. Ir paties gydytojo \u0161eimai i\u0161kilusi gr\u0117sm\u0117 priver\u010dia Erik\u0105 sugr\u012f\u017eti \u012f siaubing\u0105 savo praeit\u012f. Tarptautin\u0117s sensacijos, tapusios bestseleriu kiekvienoje i\u0161 37 \u0161ali\u0173, kurioje buvo i\u0161leista, autoriaus Larso Keplerio paie\u0161kos taip pat primena detektyv\u0105. Kai net du gars\u016bs \u0161ved\u0173 ra\u0161ytojai oficialiai atsi\u017ead\u0117jo Hipnotizuotojo autoryst\u0117s, vieno dienra\u0161\u010dio \u017eurnalistai atkapst\u0117, jog po Larso Keplerio slapyvard\u017eiu slepiasi Alexanderis ir Alexandra Ahndorilai, \u0161ved\u0173 ra\u0161ytoj\u0173 pora. Priremti prie sienos ir apakinti blyks\u010di\u0173, jie parei\u0161k\u0117: \u201ePara\u0161yti knyg\u0105 \u2013 ne nusikaltimas.\u201c Netgi atvirk\u0161\u010diai, pora atrado bendr\u0105 pom\u0117g\u012f \u0161alia \u201erimt\u0173\u201c profesij\u0173 ir netrukus i\u0161leido nauj\u0105 istorij\u0105 su detektyvu Jonu Lina \u2013 Paganinio kontraktas. Kad jie gali dr\u0105siai pretenduoti \u012f Stiego Larssono \u012fp\u0117dini\u0173 vard\u0105, liudija ir kitas netiesioginis faktas: \u0161ved\u0173 re\u017eisierius Lasse Hallstr\u00f6mas (Sidro nam\u0173 taisykl\u0117s, \u0160okoladas) \u0117m\u0117si ekranizuoti Hipnotizuotoj\u0105.<\/p>\n","protected":false},"featured_media":19945,"comment_status":"open","ping_status":"closed","template":"","meta":{"_acf_changed":false,"site-sidebar-layout":"default","site-content-layout":"","ast-site-content-layout":"default","site-content-style":"default","site-sidebar-style":"default","ast-global-header-display":"","ast-banner-title-visibility":"","ast-main-header-display":"","ast-hfb-above-header-display":"","ast-hfb-below-header-display":"","ast-hfb-mobile-header-display":"","site-post-title":"","ast-breadcrumbs-content":"","ast-featured-img":"","footer-sml-layout":"","ast-disable-related-posts":"","theme-transparent-header-meta":"","adv-header-id-meta":"","stick-header-meta":"","header-above-stick-meta":"","header-main-stick-meta":"","header-below-stick-meta":"","astra-migrate-meta-layouts":"default","ast-page-background-enabled":"default","ast-page-background-meta":{"desktop":{"background-color":"","background-image":"","background-repeat":"repeat","background-position":"center center","background-size":"auto","background-attachment":"scroll","background-type":"","background-media":"","overlay-type":"","overlay-color":"","overlay-opacity":"","overlay-gradient":""},"tablet":{"background-color":"","background-image":"","background-repeat":"repeat","background-position":"center center","background-size":"auto","background-attachment":"scroll","background-type":"","background-media":"","overlay-type":"","overlay-color":"","overlay-opacity":"","overlay-gradient":""},"mobile":{"background-color":"","background-image":"","background-repeat":"repeat","background-position":"center center","background-size":"auto","background-attachment":"scroll","background-type":"","background-media":"","overlay-type":"","overlay-color":"","overlay-opacity":"","overlay-gradient":""}},"ast-content-background-meta":{"desktop":{"background-color":"var(--ast-global-color-4)","background-image":"","background-repeat":"repeat","background-position":"center center","background-size":"auto","background-attachment":"scroll","background-type":"","background-media":"","overlay-type":"","overlay-color":"","overlay-opacity":"","overlay-gradient":""},"tablet":{"background-color":"var(--ast-global-color-4)","background-image":"","background-repeat":"repeat","background-position":"center center","background-size":"auto","background-attachment":"scroll","background-type":"","background-media":"","overlay-type":"","overlay-color":"","overlay-opacity":"","overlay-gradient":""},"mobile":{"background-color":"var(--ast-global-color-4)","background-image":"","background-repeat":"repeat","background-position":"center center","background-size":"auto","background-attachment":"scroll","background-type":"","background-media":"","overlay-type":"","overlay-color":"","overlay-opacity":"","overlay-gradient":""}}},"product_brand":[],"product_cat":[9581],"product_tag":[4636,2084,6700,2155,6894,3133],"class_list":{"0":"post-19940","1":"product","2":"type-product","3":"status-publish","4":"has-post-thumbnail","6":"product_cat-kriminaliniai-romanai","7":"product_tag-hipnoze","8":"product_tag-jonas-lina","9":"product_tag-lars-kepler","10":"product_tag-psichologinis-trileris","11":"product_tag-seimos-zudynes","12":"product_tag-svedija","13":"desktop-align-left","14":"tablet-align-left","15":"mobile-align-left","17":"first","18":"instock","19":"shipping-taxable","20":"purchasable","21":"product-type-simple"},"acf":[],"yoast_head":"<!-- This site is optimized with the Yoast SEO plugin v27.0 - https:\/\/yoast.com\/product\/yoast-seo-wordpress\/ -->\n<title>Hipnotizuotojas<\/title>\n<meta name=\"description\" content=\"Tokiais pirmais u\u017ehipnotizuoto berniuko \u017eod\u017eiais prasideda stingdantis psichologinio detektyvo ko\u0161maras. Po \u017eiauri\u0173 \u0161eimos skerdyni\u0173 Stokholmo\" \/>\n<meta name=\"robots\" content=\"index, follow, max-snippet:-1, max-image-preview:large, max-video-preview:-1\" \/>\n<link rel=\"canonical\" href=\"https:\/\/skaitytaknyga.lt\/en\/produktas\/hipnotizuotojas\/\" \/>\n<meta property=\"og:locale\" content=\"en_GB\" \/>\n<meta property=\"og:locale:alternate\" content=\"lt_LT\" \/>\n<meta property=\"og:type\" content=\"article\" \/>\n<meta property=\"og:title\" content=\"Hipnotizuotojas\" \/>\n<meta property=\"og:description\" content=\"Tokiais pirmais u\u017ehipnotizuoto berniuko \u017eod\u017eiais prasideda stingdantis psichologinio detektyvo ko\u0161maras. Po \u017eiauri\u0173 \u0161eimos skerdyni\u0173 Stokholmo\" \/>\n<meta property=\"og:url\" content=\"https:\/\/skaitytaknyga.lt\/en\/produktas\/hipnotizuotojas\/\" \/>\n<meta property=\"og:site_name\" content=\"Skaitytaknyga\" \/>\n<meta property=\"article:publisher\" content=\"https:\/\/www.facebook.com\/skaitytaknyga\/\" \/>\n<meta property=\"article:modified_time\" content=\"2026-03-05T11:11:09+00:00\" \/>\n<meta property=\"og:image\" content=\"https:\/\/skaitytaknyga.lt\/wp-content\/uploads\/2025\/07\/Hipnotizuotojas-1.webp\" \/>\n\t<meta property=\"og:image:width\" content=\"462\" \/>\n\t<meta property=\"og:image:height\" content=\"674\" \/>\n\t<meta property=\"og:image:type\" content=\"image\/webp\" \/>\n<meta name=\"twitter:card\" content=\"summary_large_image\" \/>\n<meta name=\"twitter:label1\" content=\"Estimated reading time\" \/>\n\t<meta name=\"twitter:data1\" content=\"1 minute\" \/>\n<script type=\"application\/ld+json\" class=\"yoast-schema-graph\">{\"@context\":\"https:\/\/schema.org\",\"@graph\":[{\"@type\":\"WebPage\",\"@id\":\"https:\/\/skaitytaknyga.lt\/produktas\/hipnotizuotojas\/\",\"url\":\"https:\/\/skaitytaknyga.lt\/produktas\/hipnotizuotojas\/\",\"name\":\"Hipnotizuotojas\",\"isPartOf\":{\"@id\":\"https:\/\/skaitytaknyga.lt\/#website\"},\"primaryImageOfPage\":{\"@id\":\"https:\/\/skaitytaknyga.lt\/produktas\/hipnotizuotojas\/#primaryimage\"},\"image\":{\"@id\":\"https:\/\/skaitytaknyga.lt\/produktas\/hipnotizuotojas\/#primaryimage\"},\"thumbnailUrl\":\"https:\/\/skaitytaknyga.lt\/wp-content\/uploads\/2025\/07\/Hipnotizuotojas-1.webp\",\"datePublished\":\"2025-07-25T08:02:54+00:00\",\"dateModified\":\"2026-03-05T11:11:09+00:00\",\"description\":\"Tokiais pirmais u\u017ehipnotizuoto berniuko \u017eod\u017eiais prasideda stingdantis psichologinio detektyvo ko\u0161maras. Po \u017eiauri\u0173 \u0161eimos skerdyni\u0173 Stokholmo\",\"breadcrumb\":{\"@id\":\"https:\/\/skaitytaknyga.lt\/produktas\/hipnotizuotojas\/#breadcrumb\"},\"inLanguage\":\"en-GB\",\"potentialAction\":[{\"@type\":\"ReadAction\",\"target\":[\"https:\/\/skaitytaknyga.lt\/produktas\/hipnotizuotojas\/\"]}]},{\"@type\":\"ImageObject\",\"inLanguage\":\"en-GB\",\"@id\":\"https:\/\/skaitytaknyga.lt\/produktas\/hipnotizuotojas\/#primaryimage\",\"url\":\"https:\/\/skaitytaknyga.lt\/wp-content\/uploads\/2025\/07\/Hipnotizuotojas-1.webp\",\"contentUrl\":\"https:\/\/skaitytaknyga.lt\/wp-content\/uploads\/2025\/07\/Hipnotizuotojas-1.webp\",\"width\":462,\"height\":674,\"caption\":\"Hipnotizuotojas\"},{\"@type\":\"BreadcrumbList\",\"@id\":\"https:\/\/skaitytaknyga.lt\/produktas\/hipnotizuotojas\/#breadcrumb\",\"itemListElement\":[{\"@type\":\"ListItem\",\"position\":1,\"name\":\"Home\",\"item\":\"https:\/\/skaitytaknyga.lt\/\"},{\"@type\":\"ListItem\",\"position\":2,\"name\":\"Parduotuv\u0117\",\"item\":\"https:\/\/skaitytaknyga.lt\/knygu-parduotuve\/\"},{\"@type\":\"ListItem\",\"position\":3,\"name\":\"Hipnotizuotojas\"}]},{\"@type\":\"WebSite\",\"@id\":\"https:\/\/skaitytaknyga.lt\/#website\",\"url\":\"https:\/\/skaitytaknyga.lt\/\",\"name\":\"skaitytaknyga.lt\",\"description\":\"Skaitytaknyga.lt \u2013 tai ma\u017eas \u0161eimos verslas, kuris prasid\u0117jo nuo meil\u0117s knygoms ir siekio i\u0161gelb\u0117ti knygas nuo likimo prie konteinerio. Kas vienam nereikalingas daiktas \u2013 kitam lobis, o mes esame tarpininkai, kurie padeda abiems tapti laimingesniems ???? \u017dinome kaip nelengva i\u0161gyventi ma\u017eiems verslams, tad nuo \u0161iol, \u010dia rasite ir kit\u0173, ma\u017e\u0173 \u0161eim\u0173 versl\u0173, rank\u0173 darbo, dovan\u0173 sau ir artimiesiems.\",\"publisher\":{\"@id\":\"https:\/\/skaitytaknyga.lt\/#organization\"},\"potentialAction\":[{\"@type\":\"SearchAction\",\"target\":{\"@type\":\"EntryPoint\",\"urlTemplate\":\"https:\/\/skaitytaknyga.lt\/?s={search_term_string}\"},\"query-input\":{\"@type\":\"PropertyValueSpecification\",\"valueRequired\":true,\"valueName\":\"search_term_string\"}}],\"inLanguage\":\"en-GB\"},{\"@type\":\"Organization\",\"@id\":\"https:\/\/skaitytaknyga.lt\/#organization\",\"name\":\"skaitytaknyga.lt\",\"url\":\"https:\/\/skaitytaknyga.lt\/\",\"logo\":{\"@type\":\"ImageObject\",\"inLanguage\":\"en-GB\",\"@id\":\"https:\/\/skaitytaknyga.lt\/#\/schema\/logo\/image\/\",\"url\":\"https:\/\/skaitytaknyga.lt\/wp-content\/uploads\/2024\/05\/cropped-cropped-cropped-02_00843_jt3bggkj1j3HLc7SyY6rEUpg.jpeg\",\"contentUrl\":\"https:\/\/skaitytaknyga.lt\/wp-content\/uploads\/2024\/05\/cropped-cropped-cropped-02_00843_jt3bggkj1j3HLc7SyY6rEUpg.jpeg\",\"width\":1600,\"height\":1600,\"caption\":\"skaitytaknyga.lt\"},\"image\":{\"@id\":\"https:\/\/skaitytaknyga.lt\/#\/schema\/logo\/image\/\"},\"sameAs\":[\"https:\/\/www.facebook.com\/skaitytaknyga\/\"]}]}<\/script>\n<!-- \/ Yoast SEO plugin. -->","yoast_head_json":{"title":"Hipnotizuotojas","description":"Tokiais pirmais u\u017ehipnotizuoto berniuko \u017eod\u017eiais prasideda stingdantis psichologinio detektyvo ko\u0161maras. Po \u017eiauri\u0173 \u0161eimos skerdyni\u0173 Stokholmo","robots":{"index":"index","follow":"follow","max-snippet":"max-snippet:-1","max-image-preview":"max-image-preview:large","max-video-preview":"max-video-preview:-1"},"canonical":"https:\/\/skaitytaknyga.lt\/en\/produktas\/hipnotizuotojas\/","og_locale":"en_GB","og_type":"article","og_title":"[:lt]Hipnotizuotojas[:] - Skaitytaknyga","og_description":"Tokiais pirmais u\u017ehipnotizuoto berniuko \u017eod\u017eiais prasideda stingdantis psichologinio detektyvo ko\u0161maras. Po \u017eiauri\u0173 \u0161eimos skerdyni\u0173 Stokholmo","og_url":"https:\/\/skaitytaknyga.lt\/en\/produktas\/hipnotizuotojas\/","og_site_name":"Skaitytaknyga","article_publisher":"https:\/\/www.facebook.com\/skaitytaknyga\/","article_modified_time":"2026-03-05T11:11:09+00:00","og_image":[{"width":462,"height":674,"url":"https:\/\/skaitytaknyga.lt\/wp-content\/uploads\/2025\/07\/Hipnotizuotojas-1.webp","type":"image\/webp"}],"twitter_card":"summary_large_image","twitter_misc":{"Estimated reading time":"1 minute"},"schema":{"@context":"https:\/\/schema.org","@graph":[{"@type":"WebPage","@id":"https:\/\/skaitytaknyga.lt\/produktas\/hipnotizuotojas\/","url":"https:\/\/skaitytaknyga.lt\/produktas\/hipnotizuotojas\/","name":"Hipnotizuotojas","isPartOf":{"@id":"https:\/\/skaitytaknyga.lt\/#website"},"primaryImageOfPage":{"@id":"https:\/\/skaitytaknyga.lt\/produktas\/hipnotizuotojas\/#primaryimage"},"image":{"@id":"https:\/\/skaitytaknyga.lt\/produktas\/hipnotizuotojas\/#primaryimage"},"thumbnailUrl":"https:\/\/skaitytaknyga.lt\/wp-content\/uploads\/2025\/07\/Hipnotizuotojas-1.webp","datePublished":"2025-07-25T08:02:54+00:00","dateModified":"2026-03-05T11:11:09+00:00","description":"Tokiais pirmais u\u017ehipnotizuoto berniuko \u017eod\u017eiais prasideda stingdantis psichologinio detektyvo ko\u0161maras. Po \u017eiauri\u0173 \u0161eimos skerdyni\u0173 Stokholmo","breadcrumb":{"@id":"https:\/\/skaitytaknyga.lt\/produktas\/hipnotizuotojas\/#breadcrumb"},"inLanguage":"en-GB","potentialAction":[{"@type":"ReadAction","target":["https:\/\/skaitytaknyga.lt\/produktas\/hipnotizuotojas\/"]}]},{"@type":"ImageObject","inLanguage":"en-GB","@id":"https:\/\/skaitytaknyga.lt\/produktas\/hipnotizuotojas\/#primaryimage","url":"https:\/\/skaitytaknyga.lt\/wp-content\/uploads\/2025\/07\/Hipnotizuotojas-1.webp","contentUrl":"https:\/\/skaitytaknyga.lt\/wp-content\/uploads\/2025\/07\/Hipnotizuotojas-1.webp","width":462,"height":674,"caption":"Hipnotizuotojas"},{"@type":"BreadcrumbList","@id":"https:\/\/skaitytaknyga.lt\/produktas\/hipnotizuotojas\/#breadcrumb","itemListElement":[{"@type":"ListItem","position":1,"name":"Home","item":"https:\/\/skaitytaknyga.lt\/"},{"@type":"ListItem","position":2,"name":"Parduotuv\u0117","item":"https:\/\/skaitytaknyga.lt\/knygu-parduotuve\/"},{"@type":"ListItem","position":3,"name":"Hipnotizuotojas"}]},{"@type":"WebSite","@id":"https:\/\/skaitytaknyga.lt\/#website","url":"https:\/\/skaitytaknyga.lt\/","name":"skaitytaknyga.lt","description":"Skaitytaknyga.lt \u2013 tai ma\u017eas \u0161eimos verslas, kuris prasid\u0117jo nuo meil\u0117s knygoms ir siekio i\u0161gelb\u0117ti knygas nuo likimo prie konteinerio. Kas vienam nereikalingas daiktas \u2013 kitam lobis, o mes esame tarpininkai, kurie padeda abiems tapti laimingesniems ???? \u017dinome kaip nelengva i\u0161gyventi ma\u017eiems verslams, tad nuo \u0161iol, \u010dia rasite ir kit\u0173, ma\u017e\u0173 \u0161eim\u0173 versl\u0173, rank\u0173 darbo, dovan\u0173 sau ir artimiesiems.","publisher":{"@id":"https:\/\/skaitytaknyga.lt\/#organization"},"potentialAction":[{"@type":"SearchAction","target":{"@type":"EntryPoint","urlTemplate":"https:\/\/skaitytaknyga.lt\/?s={search_term_string}"},"query-input":{"@type":"PropertyValueSpecification","valueRequired":true,"valueName":"search_term_string"}}],"inLanguage":"en-GB"},{"@type":"Organization","@id":"https:\/\/skaitytaknyga.lt\/#organization","name":"skaitytaknyga.lt","url":"https:\/\/skaitytaknyga.lt\/","logo":{"@type":"ImageObject","inLanguage":"en-GB","@id":"https:\/\/skaitytaknyga.lt\/#\/schema\/logo\/image\/","url":"https:\/\/skaitytaknyga.lt\/wp-content\/uploads\/2024\/05\/cropped-cropped-cropped-02_00843_jt3bggkj1j3HLc7SyY6rEUpg.jpeg","contentUrl":"https:\/\/skaitytaknyga.lt\/wp-content\/uploads\/2024\/05\/cropped-cropped-cropped-02_00843_jt3bggkj1j3HLc7SyY6rEUpg.jpeg","width":1600,"height":1600,"caption":"skaitytaknyga.lt"},"image":{"@id":"https:\/\/skaitytaknyga.lt\/#\/schema\/logo\/image\/"},"sameAs":["https:\/\/www.facebook.com\/skaitytaknyga\/"]}]}},"_links":{"self":[{"href":"https:\/\/skaitytaknyga.lt\/en\/wp-json\/wp\/v2\/product\/19940","targetHints":{"allow":["GET"]}}],"collection":[{"href":"https:\/\/skaitytaknyga.lt\/en\/wp-json\/wp\/v2\/product"}],"about":[{"href":"https:\/\/skaitytaknyga.lt\/en\/wp-json\/wp\/v2\/types\/product"}],"replies":[{"embeddable":true,"href":"https:\/\/skaitytaknyga.lt\/en\/wp-json\/wp\/v2\/comments?post=19940"}],"wp:featuredmedia":[{"embeddable":true,"href":"https:\/\/skaitytaknyga.lt\/en\/wp-json\/wp\/v2\/media\/19945"}],"wp:attachment":[{"href":"https:\/\/skaitytaknyga.lt\/en\/wp-json\/wp\/v2\/media?parent=19940"}],"wp:term":[{"taxonomy":"product_brand","embeddable":true,"href":"https:\/\/skaitytaknyga.lt\/en\/wp-json\/wp\/v2\/product_brand?post=19940"},{"taxonomy":"product_cat","embeddable":true,"href":"https:\/\/skaitytaknyga.lt\/en\/wp-json\/wp\/v2\/product_cat?post=19940"},{"taxonomy":"product_tag","embeddable":true,"href":"https:\/\/skaitytaknyga.lt\/en\/wp-json\/wp\/v2\/product_tag?post=19940"}],"curies":[{"name":"wp","href":"https:\/\/api.w.org\/{rel}","templated":true}]}}