{"id":19939,"date":"2025-07-25T11:02:54","date_gmt":"2025-07-25T08:02:54","guid":{"rendered":"https:\/\/skaitytaknyga.lt\/?post_type=product&#038;p=19939"},"modified":"2026-03-05T10:35:39","modified_gmt":"2026-03-05T08:35:39","slug":"makbetas","status":"publish","type":"product","link":"https:\/\/skaitytaknyga.lt\/en\/produktas\/makbetas\/","title":{"rendered":"Makbetas"},"content":{"rendered":"<p>Skandinavi\u0161ka tamsa ir daugiasluoksniais persona\u017e\u0173 charakteriais \u017eavintis \u201eMakbetas&#8221; \u2013 tai moderni garsiosios Williamo Shakespeare&#8217;o tragedijos versija, kuri\u0105 itin k\u016brybi\u0161kai ir savitai perk\u016br\u0117 vienas \u017einomiausi\u0173 detektyv\u0173 ra\u0161ytoj\u0173 pasaulyje Jo Nesb\u00f8. Talentingai perpasakota kruvina klasikin\u0117 politin\u0117 tragedija nukels \u012f 1970 metus, kur nuolat lietaus merkiamame mieste neegzistuoja \u012fstatymai, klesti korupcija ir nusikaltimai, o policininkai t\u0117ra dar viena ginkluota gauja.<\/p>\n<p>Kadaise klest\u0117j\u0119s pramoninis miestas \u0161iandien visai kitoks: skendintis korupcijos, bankrot\u0173, nusikalstamumo ir chaoso li\u016bne. Naujai paskirtas policijos vadas miestie\u010diams teikia vilties. Galb\u016bt \u0161iam nesusitepusiam idealistui pavyks pa\u017eaboti nevaldomus nusikalt\u0117lius ir i\u0161traukti apsvaigusius gyventojus i\u0161 narkotik\u0173 prekeivi\u0173 \u012ftakos pan\u010di\u0173? Ar u\u017eteks galios \u012fveikti du narkotik\u0173 baronus, kuri\u0173 vienas palaiko ry\u0161ius su auk\u0161\u010diausiais pareig\u016bnas ir stulbinamai gerai geba manipuliuoti?<\/p>\n<p>Kai nes\u0117kming\u0105 policijos reid\u0105 prie\u0161 narkotik\u0173 prekeivius i\u0161gelbsti inspektorius Makbetas, jam ima vertis karjeros galimyb\u0117s. Nors Makbetui \u0161ypsosi s\u0117km\u0117s, tamsi praeitis seka i\u0161 paskos ir trukdo pasiekti tai, kas, rodos, ranka pasiekiama ir traukia stipriau u\u017e narkotikus, \u2013 galia, pinigai ir pagarba.<\/p>\n<p>Persekiojamas praeities \u0161m\u0117kl\u0173, susitep\u0119s rankas krauju ir keliaujantis link netikrumo kupinos ateities&#8230; Jis geriausias policininkas, kok\u012f miesteliui yra tek\u0119 tur\u0117ti. Ta\u010diau kartu jis ir buv\u0119s narkomanas, kankinamas haliucinacij\u0173 ir paranojos. \u017dmogus kaip jis niekada nepasieks vir\u0161\u016bn\u0117s. Nebent&#8230; Nebent pasiry\u0161 \u017eudyti.<\/p>\n","protected":false},"excerpt":{"rendered":"<p>Skandinavi\u0161ka tamsa ir daugiasluoksniais persona\u017e\u0173 charakteriais \u017eavintis \u201eMakbetas&#8221; \u2013 tai moderni garsiosios Williamo Shakespeare&#8217;o tragedijos versija, kuri\u0105 itin k\u016brybi\u0161kai ir savitai perk\u016br\u0117 vienas \u017einomiausi\u0173 detektyv\u0173 ra\u0161ytoj\u0173 pasaulyje Jo Nesb\u00f8. Talentingai perpasakota kruvina klasikin\u0117 politin\u0117 tragedija nukels \u012f 1970 metus, kur nuolat lietaus merkiamame mieste neegzistuoja \u012fstatymai, klesti korupcija ir nusikaltimai, o policininkai t\u0117ra dar viena ginkluota gauja. Kadaise klest\u0117j\u0119s pramoninis miestas \u0161iandien visai kitoks: skendintis korupcijos, bankrot\u0173, nusikalstamumo ir chaoso li\u016bne. Naujai paskirtas policijos vadas miestie\u010diams teikia vilties. Galb\u016bt \u0161iam nesusitepusiam idealistui pavyks pa\u017eaboti nevaldomus nusikalt\u0117lius ir i\u0161traukti apsvaigusius gyventojus i\u0161 narkotik\u0173 prekeivi\u0173 \u012ftakos pan\u010di\u0173? Ar u\u017eteks galios \u012fveikti du narkotik\u0173 baronus, kuri\u0173 vienas palaiko ry\u0161ius su auk\u0161\u010diausiais pareig\u016bnas ir stulbinamai gerai geba manipuliuoti? Kai nes\u0117kming\u0105 policijos reid\u0105 prie\u0161 narkotik\u0173 prekeivius i\u0161gelbsti inspektorius Makbetas, jam ima vertis karjeros galimyb\u0117s. Nors Makbetui \u0161ypsosi s\u0117km\u0117s, tamsi praeitis seka i\u0161 paskos ir trukdo pasiekti tai, kas, rodos, ranka pasiekiama ir traukia stipriau u\u017e narkotikus, \u2013 galia, pinigai ir pagarba. Persekiojamas praeities \u0161m\u0117kl\u0173, susitep\u0119s rankas krauju ir keliaujantis link netikrumo kupinos ateities&#8230; Jis geriausias policininkas, kok\u012f miesteliui yra tek\u0119 tur\u0117ti. Ta\u010diau kartu jis ir buv\u0119s narkomanas, kankinamas haliucinacij\u0173 ir paranojos. \u017dmogus kaip jis niekada nepasieks vir\u0161\u016bn\u0117s. Nebent&#8230; Nebent pasiry\u0161 \u017eudyti.<\/p>\n","protected":false},"featured_media":19944,"comment_status":"open","ping_status":"closed","template":"","meta":{"_acf_changed":false,"site-sidebar-layout":"default","site-content-layout":"","ast-site-content-layout":"default","site-content-style":"default","site-sidebar-style":"default","ast-global-header-display":"","ast-banner-title-visibility":"","ast-main-header-display":"","ast-hfb-above-header-display":"","ast-hfb-below-header-display":"","ast-hfb-mobile-header-display":"","site-post-title":"","ast-breadcrumbs-content":"","ast-featured-img":"","footer-sml-layout":"","ast-disable-related-posts":"","theme-transparent-header-meta":"","adv-header-id-meta":"","stick-header-meta":"","header-above-stick-meta":"","header-main-stick-meta":"","header-below-stick-meta":"","astra-migrate-meta-layouts":"default","ast-page-background-enabled":"default","ast-page-background-meta":{"desktop":{"background-color":"","background-image":"","background-repeat":"repeat","background-position":"center center","background-size":"auto","background-attachment":"scroll","background-type":"","background-media":"","overlay-type":"","overlay-color":"","overlay-opacity":"","overlay-gradient":""},"tablet":{"background-color":"","background-image":"","background-repeat":"repeat","background-position":"center center","background-size":"auto","background-attachment":"scroll","background-type":"","background-media":"","overlay-type":"","overlay-color":"","overlay-opacity":"","overlay-gradient":""},"mobile":{"background-color":"","background-image":"","background-repeat":"repeat","background-position":"center center","background-size":"auto","background-attachment":"scroll","background-type":"","background-media":"","overlay-type":"","overlay-color":"","overlay-opacity":"","overlay-gradient":""}},"ast-content-background-meta":{"desktop":{"background-color":"var(--ast-global-color-4)","background-image":"","background-repeat":"repeat","background-position":"center center","background-size":"auto","background-attachment":"scroll","background-type":"","background-media":"","overlay-type":"","overlay-color":"","overlay-opacity":"","overlay-gradient":""},"tablet":{"background-color":"var(--ast-global-color-4)","background-image":"","background-repeat":"repeat","background-position":"center center","background-size":"auto","background-attachment":"scroll","background-type":"","background-media":"","overlay-type":"","overlay-color":"","overlay-opacity":"","overlay-gradient":""},"mobile":{"background-color":"var(--ast-global-color-4)","background-image":"","background-repeat":"repeat","background-position":"center center","background-size":"auto","background-attachment":"scroll","background-type":"","background-media":"","overlay-type":"","overlay-color":"","overlay-opacity":"","overlay-gradient":""}}},"product_brand":[],"product_cat":[9581],"product_tag":[1356,1615,6675,6892,6893,2364],"class_list":{"0":"post-19939","1":"product","2":"type-product","3":"status-publish","4":"has-post-thumbnail","6":"product_cat-kriminaliniai-romanai","7":"product_tag-jo-nesbo","8":"product_tag-korupcija","9":"product_tag-kriminalinis-trileris","10":"product_tag-makbetas","11":"product_tag-moderni-klasika","12":"product_tag-valdzia","13":"desktop-align-left","14":"tablet-align-left","15":"mobile-align-left","17":"first","18":"instock","19":"shipping-taxable","20":"purchasable","21":"product-type-simple"},"acf":[],"yoast_head":"<!-- This site is optimized with the Yoast SEO plugin v27.0 - https:\/\/yoast.com\/product\/yoast-seo-wordpress\/ -->\n<title>Makbetas<\/title>\n<meta name=\"description\" content=\"Skandinavi\u0161ka tamsa ir daugiasluoksniais persona\u017e\u0173 charakteriais \u017eavintis \u201eMakbetas&quot; \u2013 tai moderni garsiosios Williamo Shakespeare&#039;o tragedijos versija,\" \/>\n<meta name=\"robots\" content=\"index, follow, max-snippet:-1, max-image-preview:large, max-video-preview:-1\" \/>\n<link rel=\"canonical\" href=\"https:\/\/skaitytaknyga.lt\/en\/produktas\/makbetas\/\" \/>\n<meta property=\"og:locale\" content=\"en_GB\" \/>\n<meta property=\"og:locale:alternate\" content=\"lt_LT\" \/>\n<meta property=\"og:type\" content=\"article\" \/>\n<meta property=\"og:title\" content=\"Makbetas\" \/>\n<meta property=\"og:description\" content=\"Skandinavi\u0161ka tamsa ir daugiasluoksniais persona\u017e\u0173 charakteriais \u017eavintis \u201eMakbetas&quot; \u2013 tai moderni garsiosios Williamo Shakespeare&#039;o tragedijos versija,\" \/>\n<meta property=\"og:url\" content=\"https:\/\/skaitytaknyga.lt\/en\/produktas\/makbetas\/\" \/>\n<meta property=\"og:site_name\" content=\"Skaitytaknyga\" \/>\n<meta property=\"article:publisher\" content=\"https:\/\/www.facebook.com\/skaitytaknyga\/\" \/>\n<meta property=\"article:modified_time\" content=\"2026-03-05T08:35:39+00:00\" \/>\n<meta property=\"og:image\" content=\"https:\/\/skaitytaknyga.lt\/wp-content\/uploads\/2025\/07\/Makbetas-1.webp\" \/>\n\t<meta property=\"og:image:width\" content=\"451\" \/>\n\t<meta property=\"og:image:height\" content=\"652\" \/>\n\t<meta property=\"og:image:type\" content=\"image\/webp\" \/>\n<meta name=\"twitter:card\" content=\"summary_large_image\" \/>\n<meta name=\"twitter:label1\" content=\"Estimated reading time\" \/>\n\t<meta name=\"twitter:data1\" content=\"1 minute\" \/>\n<script type=\"application\/ld+json\" class=\"yoast-schema-graph\">{\"@context\":\"https:\/\/schema.org\",\"@graph\":[{\"@type\":\"WebPage\",\"@id\":\"https:\/\/skaitytaknyga.lt\/produktas\/makbetas\/\",\"url\":\"https:\/\/skaitytaknyga.lt\/produktas\/makbetas\/\",\"name\":\"Makbetas\",\"isPartOf\":{\"@id\":\"https:\/\/skaitytaknyga.lt\/#website\"},\"primaryImageOfPage\":{\"@id\":\"https:\/\/skaitytaknyga.lt\/produktas\/makbetas\/#primaryimage\"},\"image\":{\"@id\":\"https:\/\/skaitytaknyga.lt\/produktas\/makbetas\/#primaryimage\"},\"thumbnailUrl\":\"https:\/\/skaitytaknyga.lt\/wp-content\/uploads\/2025\/07\/Makbetas-1.webp\",\"datePublished\":\"2025-07-25T08:02:54+00:00\",\"dateModified\":\"2026-03-05T08:35:39+00:00\",\"description\":\"Skandinavi\u0161ka tamsa ir daugiasluoksniais persona\u017e\u0173 charakteriais \u017eavintis \u201eMakbetas\\\" \u2013 tai moderni garsiosios Williamo Shakespeare'o tragedijos versija,\",\"breadcrumb\":{\"@id\":\"https:\/\/skaitytaknyga.lt\/produktas\/makbetas\/#breadcrumb\"},\"inLanguage\":\"en-GB\",\"potentialAction\":[{\"@type\":\"ReadAction\",\"target\":[\"https:\/\/skaitytaknyga.lt\/produktas\/makbetas\/\"]}]},{\"@type\":\"ImageObject\",\"inLanguage\":\"en-GB\",\"@id\":\"https:\/\/skaitytaknyga.lt\/produktas\/makbetas\/#primaryimage\",\"url\":\"https:\/\/skaitytaknyga.lt\/wp-content\/uploads\/2025\/07\/Makbetas-1.webp\",\"contentUrl\":\"https:\/\/skaitytaknyga.lt\/wp-content\/uploads\/2025\/07\/Makbetas-1.webp\",\"width\":451,\"height\":652},{\"@type\":\"BreadcrumbList\",\"@id\":\"https:\/\/skaitytaknyga.lt\/produktas\/makbetas\/#breadcrumb\",\"itemListElement\":[{\"@type\":\"ListItem\",\"position\":1,\"name\":\"Home\",\"item\":\"https:\/\/skaitytaknyga.lt\/\"},{\"@type\":\"ListItem\",\"position\":2,\"name\":\"Parduotuv\u0117\",\"item\":\"https:\/\/skaitytaknyga.lt\/knygu-parduotuve\/\"},{\"@type\":\"ListItem\",\"position\":3,\"name\":\"Makbetas\"}]},{\"@type\":\"WebSite\",\"@id\":\"https:\/\/skaitytaknyga.lt\/#website\",\"url\":\"https:\/\/skaitytaknyga.lt\/\",\"name\":\"skaitytaknyga.lt\",\"description\":\"Skaitytaknyga.lt \u2013 tai ma\u017eas \u0161eimos verslas, kuris prasid\u0117jo nuo meil\u0117s knygoms ir siekio i\u0161gelb\u0117ti knygas nuo likimo prie konteinerio. Kas vienam nereikalingas daiktas \u2013 kitam lobis, o mes esame tarpininkai, kurie padeda abiems tapti laimingesniems ???? \u017dinome kaip nelengva i\u0161gyventi ma\u017eiems verslams, tad nuo \u0161iol, \u010dia rasite ir kit\u0173, ma\u017e\u0173 \u0161eim\u0173 versl\u0173, rank\u0173 darbo, dovan\u0173 sau ir artimiesiems.\",\"publisher\":{\"@id\":\"https:\/\/skaitytaknyga.lt\/#organization\"},\"potentialAction\":[{\"@type\":\"SearchAction\",\"target\":{\"@type\":\"EntryPoint\",\"urlTemplate\":\"https:\/\/skaitytaknyga.lt\/?s={search_term_string}\"},\"query-input\":{\"@type\":\"PropertyValueSpecification\",\"valueRequired\":true,\"valueName\":\"search_term_string\"}}],\"inLanguage\":\"en-GB\"},{\"@type\":\"Organization\",\"@id\":\"https:\/\/skaitytaknyga.lt\/#organization\",\"name\":\"skaitytaknyga.lt\",\"url\":\"https:\/\/skaitytaknyga.lt\/\",\"logo\":{\"@type\":\"ImageObject\",\"inLanguage\":\"en-GB\",\"@id\":\"https:\/\/skaitytaknyga.lt\/#\/schema\/logo\/image\/\",\"url\":\"https:\/\/skaitytaknyga.lt\/wp-content\/uploads\/2024\/05\/cropped-cropped-cropped-02_00843_jt3bggkj1j3HLc7SyY6rEUpg.jpeg\",\"contentUrl\":\"https:\/\/skaitytaknyga.lt\/wp-content\/uploads\/2024\/05\/cropped-cropped-cropped-02_00843_jt3bggkj1j3HLc7SyY6rEUpg.jpeg\",\"width\":1600,\"height\":1600,\"caption\":\"skaitytaknyga.lt\"},\"image\":{\"@id\":\"https:\/\/skaitytaknyga.lt\/#\/schema\/logo\/image\/\"},\"sameAs\":[\"https:\/\/www.facebook.com\/skaitytaknyga\/\"]}]}<\/script>\n<!-- \/ Yoast SEO plugin. -->","yoast_head_json":{"title":"Makbetas","description":"Skandinavi\u0161ka tamsa ir daugiasluoksniais persona\u017e\u0173 charakteriais \u017eavintis \u201eMakbetas\" \u2013 tai moderni garsiosios Williamo Shakespeare'o tragedijos versija,","robots":{"index":"index","follow":"follow","max-snippet":"max-snippet:-1","max-image-preview":"max-image-preview:large","max-video-preview":"max-video-preview:-1"},"canonical":"https:\/\/skaitytaknyga.lt\/en\/produktas\/makbetas\/","og_locale":"en_GB","og_type":"article","og_title":"[:lt]Makbetas[:] - Skaitytaknyga","og_description":"Skandinavi\u0161ka tamsa ir daugiasluoksniais persona\u017e\u0173 charakteriais \u017eavintis \u201eMakbetas\" \u2013 tai moderni garsiosios Williamo Shakespeare'o tragedijos versija,","og_url":"https:\/\/skaitytaknyga.lt\/en\/produktas\/makbetas\/","og_site_name":"Skaitytaknyga","article_publisher":"https:\/\/www.facebook.com\/skaitytaknyga\/","article_modified_time":"2026-03-05T08:35:39+00:00","og_image":[{"width":451,"height":652,"url":"https:\/\/skaitytaknyga.lt\/wp-content\/uploads\/2025\/07\/Makbetas-1.webp","type":"image\/webp"}],"twitter_card":"summary_large_image","twitter_misc":{"Estimated reading time":"1 minute"},"schema":{"@context":"https:\/\/schema.org","@graph":[{"@type":"WebPage","@id":"https:\/\/skaitytaknyga.lt\/produktas\/makbetas\/","url":"https:\/\/skaitytaknyga.lt\/produktas\/makbetas\/","name":"Makbetas","isPartOf":{"@id":"https:\/\/skaitytaknyga.lt\/#website"},"primaryImageOfPage":{"@id":"https:\/\/skaitytaknyga.lt\/produktas\/makbetas\/#primaryimage"},"image":{"@id":"https:\/\/skaitytaknyga.lt\/produktas\/makbetas\/#primaryimage"},"thumbnailUrl":"https:\/\/skaitytaknyga.lt\/wp-content\/uploads\/2025\/07\/Makbetas-1.webp","datePublished":"2025-07-25T08:02:54+00:00","dateModified":"2026-03-05T08:35:39+00:00","description":"Skandinavi\u0161ka tamsa ir daugiasluoksniais persona\u017e\u0173 charakteriais \u017eavintis \u201eMakbetas\" \u2013 tai moderni garsiosios Williamo Shakespeare'o tragedijos versija,","breadcrumb":{"@id":"https:\/\/skaitytaknyga.lt\/produktas\/makbetas\/#breadcrumb"},"inLanguage":"en-GB","potentialAction":[{"@type":"ReadAction","target":["https:\/\/skaitytaknyga.lt\/produktas\/makbetas\/"]}]},{"@type":"ImageObject","inLanguage":"en-GB","@id":"https:\/\/skaitytaknyga.lt\/produktas\/makbetas\/#primaryimage","url":"https:\/\/skaitytaknyga.lt\/wp-content\/uploads\/2025\/07\/Makbetas-1.webp","contentUrl":"https:\/\/skaitytaknyga.lt\/wp-content\/uploads\/2025\/07\/Makbetas-1.webp","width":451,"height":652},{"@type":"BreadcrumbList","@id":"https:\/\/skaitytaknyga.lt\/produktas\/makbetas\/#breadcrumb","itemListElement":[{"@type":"ListItem","position":1,"name":"Home","item":"https:\/\/skaitytaknyga.lt\/"},{"@type":"ListItem","position":2,"name":"Parduotuv\u0117","item":"https:\/\/skaitytaknyga.lt\/knygu-parduotuve\/"},{"@type":"ListItem","position":3,"name":"Makbetas"}]},{"@type":"WebSite","@id":"https:\/\/skaitytaknyga.lt\/#website","url":"https:\/\/skaitytaknyga.lt\/","name":"skaitytaknyga.lt","description":"Skaitytaknyga.lt \u2013 tai ma\u017eas \u0161eimos verslas, kuris prasid\u0117jo nuo meil\u0117s knygoms ir siekio i\u0161gelb\u0117ti knygas nuo likimo prie konteinerio. Kas vienam nereikalingas daiktas \u2013 kitam lobis, o mes esame tarpininkai, kurie padeda abiems tapti laimingesniems ???? \u017dinome kaip nelengva i\u0161gyventi ma\u017eiems verslams, tad nuo \u0161iol, \u010dia rasite ir kit\u0173, ma\u017e\u0173 \u0161eim\u0173 versl\u0173, rank\u0173 darbo, dovan\u0173 sau ir artimiesiems.","publisher":{"@id":"https:\/\/skaitytaknyga.lt\/#organization"},"potentialAction":[{"@type":"SearchAction","target":{"@type":"EntryPoint","urlTemplate":"https:\/\/skaitytaknyga.lt\/?s={search_term_string}"},"query-input":{"@type":"PropertyValueSpecification","valueRequired":true,"valueName":"search_term_string"}}],"inLanguage":"en-GB"},{"@type":"Organization","@id":"https:\/\/skaitytaknyga.lt\/#organization","name":"skaitytaknyga.lt","url":"https:\/\/skaitytaknyga.lt\/","logo":{"@type":"ImageObject","inLanguage":"en-GB","@id":"https:\/\/skaitytaknyga.lt\/#\/schema\/logo\/image\/","url":"https:\/\/skaitytaknyga.lt\/wp-content\/uploads\/2024\/05\/cropped-cropped-cropped-02_00843_jt3bggkj1j3HLc7SyY6rEUpg.jpeg","contentUrl":"https:\/\/skaitytaknyga.lt\/wp-content\/uploads\/2024\/05\/cropped-cropped-cropped-02_00843_jt3bggkj1j3HLc7SyY6rEUpg.jpeg","width":1600,"height":1600,"caption":"skaitytaknyga.lt"},"image":{"@id":"https:\/\/skaitytaknyga.lt\/#\/schema\/logo\/image\/"},"sameAs":["https:\/\/www.facebook.com\/skaitytaknyga\/"]}]}},"_links":{"self":[{"href":"https:\/\/skaitytaknyga.lt\/en\/wp-json\/wp\/v2\/product\/19939","targetHints":{"allow":["GET"]}}],"collection":[{"href":"https:\/\/skaitytaknyga.lt\/en\/wp-json\/wp\/v2\/product"}],"about":[{"href":"https:\/\/skaitytaknyga.lt\/en\/wp-json\/wp\/v2\/types\/product"}],"replies":[{"embeddable":true,"href":"https:\/\/skaitytaknyga.lt\/en\/wp-json\/wp\/v2\/comments?post=19939"}],"wp:featuredmedia":[{"embeddable":true,"href":"https:\/\/skaitytaknyga.lt\/en\/wp-json\/wp\/v2\/media\/19944"}],"wp:attachment":[{"href":"https:\/\/skaitytaknyga.lt\/en\/wp-json\/wp\/v2\/media?parent=19939"}],"wp:term":[{"taxonomy":"product_brand","embeddable":true,"href":"https:\/\/skaitytaknyga.lt\/en\/wp-json\/wp\/v2\/product_brand?post=19939"},{"taxonomy":"product_cat","embeddable":true,"href":"https:\/\/skaitytaknyga.lt\/en\/wp-json\/wp\/v2\/product_cat?post=19939"},{"taxonomy":"product_tag","embeddable":true,"href":"https:\/\/skaitytaknyga.lt\/en\/wp-json\/wp\/v2\/product_tag?post=19939"}],"curies":[{"name":"wp","href":"https:\/\/api.w.org\/{rel}","templated":true}]}}