{"id":19933,"date":"2025-07-25T10:48:57","date_gmt":"2025-07-25T07:48:57","guid":{"rendered":"https:\/\/skaitytaknyga.lt\/?post_type=product&#038;p=19933"},"modified":"2026-03-05T11:59:16","modified_gmt":"2026-03-05T09:59:16","slug":"9-kapas","status":"publish","type":"product","link":"https:\/\/skaitytaknyga.lt\/en\/produktas\/9-kapas\/","title":{"rendered":"9 kapas"},"content":{"rendered":"<p>\u017dvarbi\u0105 \u017eiemos nakt\u012f po darbo eidamas \u012f netoliese stovint\u012f automobil\u012f tarsi \u012f vanden\u012f dingsta \u0160vedijos teisingumo ministras. Saugumo darbuotojai grie\u017etai u\u017edraud\u017eia vie\u0161inti bet kokias \u017einias, susijusias su \u012fvykiu. Tik b\u0117da, kad detektyvas Fabianas Riskas niekada nebuvo link\u0119s paklusti taisykl\u0117ms. Kad su\u017einot\u0173 ties\u0105, jis pasiry\u017e\u0119s bet kam. Net jei tai kelt\u0173 pavoj\u0173 gyvybei.<\/p>\n<p>Tuo pat metu Kopenhagoje randamas \u017eiauriai sudarkytas garsaus TV laid\u0173 ved\u0117jo \u017emonos k\u016bnas. Moters vidaus organai \u2013 tarsi perleisti per m\u0117smal\u0119, o po ja \u2013 lipnaus, jau kre\u0161\u0117ti prad\u0117jusio kraujo j\u016bra. Tik tyr\u0117ja Dunja Hougard netiki, kad tai pavydaus sutuoktinio darbas: juk \u010dia \u012fsiv\u0117l\u0119s ir tre\u010dias asmuo, kurio p\u0117dsakai veda tiesiai \u012f \u0160vedij\u0105, \u012f Fabiano Risko valdas.<\/p>\n<p>Dunja ir Fabianas sta\u010dia galva pasineria \u012f tyrimus. \u017dingsnis po \u017eingsnio jie \u012fsitraukia \u012f makabri\u0161k\u0105 \u017eudik\u0173 \u017eaidim\u0105, kur nuo kraujo, pavieni\u0173 k\u016bno dali\u0173 ir am\u017einai siau\u010dian\u010dios p\u016bgos \u0161iurpsta oda, o galvose nepaliaujamai skamba vienas klausimas: kas pirmas u\u017ebaigs \u0161i\u0105 kraupi\u0105 d\u0117lion\u0119?<\/p>\n","protected":false},"excerpt":{"rendered":"<p>\u017dvarbi\u0105 \u017eiemos nakt\u012f po darbo eidamas \u012f netoliese stovint\u012f automobil\u012f tarsi \u012f vanden\u012f dingsta \u0160vedijos teisingumo ministras. Saugumo darbuotojai grie\u017etai u\u017edraud\u017eia vie\u0161inti bet kokias \u017einias, susijusias su \u012fvykiu. Tik b\u0117da, kad detektyvas Fabianas Riskas niekada nebuvo link\u0119s paklusti taisykl\u0117ms. Kad su\u017einot\u0173 ties\u0105, jis pasiry\u017e\u0119s bet kam. Net jei tai kelt\u0173 pavoj\u0173 gyvybei. Tuo pat metu Kopenhagoje randamas \u017eiauriai sudarkytas garsaus TV laid\u0173 ved\u0117jo \u017emonos k\u016bnas. Moters vidaus organai \u2013 tarsi perleisti per m\u0117smal\u0119, o po ja \u2013 lipnaus, jau kre\u0161\u0117ti prad\u0117jusio kraujo j\u016bra. Tik tyr\u0117ja Dunja Hougard netiki, kad tai pavydaus sutuoktinio darbas: juk \u010dia \u012fsiv\u0117l\u0119s ir tre\u010dias asmuo, kurio p\u0117dsakai veda tiesiai \u012f \u0160vedij\u0105, \u012f Fabiano Risko valdas. Dunja ir Fabianas sta\u010dia galva pasineria \u012f tyrimus. \u017dingsnis po \u017eingsnio jie \u012fsitraukia \u012f makabri\u0161k\u0105 \u017eudik\u0173 \u017eaidim\u0105, kur nuo kraujo, pavieni\u0173 k\u016bno dali\u0173 ir am\u017einai siau\u010dian\u010dios p\u016bgos \u0161iurpsta oda, o galvose nepaliaujamai skamba vienas klausimas: kas pirmas u\u017ebaigs \u0161i\u0105 kraupi\u0105 d\u0117lion\u0119?<\/p>\n","protected":false},"featured_media":19938,"comment_status":"open","ping_status":"closed","template":"","meta":{"_acf_changed":false,"site-sidebar-layout":"default","site-content-layout":"","ast-site-content-layout":"default","site-content-style":"default","site-sidebar-style":"default","ast-global-header-display":"","ast-banner-title-visibility":"","ast-main-header-display":"","ast-hfb-above-header-display":"","ast-hfb-below-header-display":"","ast-hfb-mobile-header-display":"","site-post-title":"","ast-breadcrumbs-content":"","ast-featured-img":"","footer-sml-layout":"","ast-disable-related-posts":"","theme-transparent-header-meta":"","adv-header-id-meta":"","stick-header-meta":"","header-above-stick-meta":"","header-main-stick-meta":"","header-below-stick-meta":"","astra-migrate-meta-layouts":"default","ast-page-background-enabled":"default","ast-page-background-meta":{"desktop":{"background-color":"","background-image":"","background-repeat":"repeat","background-position":"center center","background-size":"auto","background-attachment":"scroll","background-type":"","background-media":"","overlay-type":"","overlay-color":"","overlay-opacity":"","overlay-gradient":""},"tablet":{"background-color":"","background-image":"","background-repeat":"repeat","background-position":"center center","background-size":"auto","background-attachment":"scroll","background-type":"","background-media":"","overlay-type":"","overlay-color":"","overlay-opacity":"","overlay-gradient":""},"mobile":{"background-color":"","background-image":"","background-repeat":"repeat","background-position":"center center","background-size":"auto","background-attachment":"scroll","background-type":"","background-media":"","overlay-type":"","overlay-color":"","overlay-opacity":"","overlay-gradient":""}},"ast-content-background-meta":{"desktop":{"background-color":"var(--ast-global-color-4)","background-image":"","background-repeat":"repeat","background-position":"center center","background-size":"auto","background-attachment":"scroll","background-type":"","background-media":"","overlay-type":"","overlay-color":"","overlay-opacity":"","overlay-gradient":""},"tablet":{"background-color":"var(--ast-global-color-4)","background-image":"","background-repeat":"repeat","background-position":"center center","background-size":"auto","background-attachment":"scroll","background-type":"","background-media":"","overlay-type":"","overlay-color":"","overlay-opacity":"","overlay-gradient":""},"mobile":{"background-color":"var(--ast-global-color-4)","background-image":"","background-repeat":"repeat","background-position":"center center","background-size":"auto","background-attachment":"scroll","background-type":"","background-media":"","overlay-type":"","overlay-color":"","overlay-opacity":"","overlay-gradient":""}}},"product_brand":[],"product_cat":[9581],"product_tag":[6668,6891,3982,2030,6667],"class_list":{"0":"post-19933","1":"product","2":"type-product","3":"status-publish","4":"has-post-thumbnail","6":"product_cat-kriminaliniai-romanai","7":"product_tag-fabianas-riskas","8":"product_tag-kraupus-nusikaltimai","9":"product_tag-serijinis-zudikas","10":"product_tag-skandinavija","11":"product_tag-stefan-ahnhem","12":"desktop-align-left","13":"tablet-align-left","14":"mobile-align-left","16":"first","17":"instock","18":"shipping-taxable","19":"purchasable","20":"product-type-simple"},"acf":[],"yoast_head":"<!-- This site is optimized with the Yoast SEO plugin v27.0 - https:\/\/yoast.com\/product\/yoast-seo-wordpress\/ -->\n<title>9 kapas<\/title>\n<meta name=\"description\" content=\"\u017dvarbi\u0105 \u017eiemos nakt\u012f po darbo eidamas \u012f netoliese stovint\u012f automobil\u012f tarsi \u012f vanden\u012f dingsta \u0160vedijos teisingumo ministras. Saugumo darbuotojai grie\u017etai\" \/>\n<meta name=\"robots\" content=\"index, follow, max-snippet:-1, max-image-preview:large, max-video-preview:-1\" \/>\n<link rel=\"canonical\" href=\"https:\/\/skaitytaknyga.lt\/en\/produktas\/9-kapas\/\" \/>\n<meta property=\"og:locale\" content=\"en_GB\" \/>\n<meta property=\"og:locale:alternate\" content=\"lt_LT\" \/>\n<meta property=\"og:type\" content=\"article\" \/>\n<meta property=\"og:title\" content=\"9 kapas\" \/>\n<meta property=\"og:description\" content=\"\u017dvarbi\u0105 \u017eiemos nakt\u012f po darbo eidamas \u012f netoliese stovint\u012f automobil\u012f tarsi \u012f vanden\u012f dingsta \u0160vedijos teisingumo ministras. Saugumo darbuotojai grie\u017etai\" \/>\n<meta property=\"og:url\" content=\"https:\/\/skaitytaknyga.lt\/en\/produktas\/9-kapas\/\" \/>\n<meta property=\"og:site_name\" content=\"Skaitytaknyga\" \/>\n<meta property=\"article:publisher\" content=\"https:\/\/www.facebook.com\/skaitytaknyga\/\" \/>\n<meta property=\"article:modified_time\" content=\"2026-03-05T09:59:16+00:00\" \/>\n<meta property=\"og:image\" content=\"https:\/\/skaitytaknyga.lt\/wp-content\/uploads\/2025\/07\/9-kapas-1.webp\" \/>\n\t<meta property=\"og:image:width\" content=\"449\" \/>\n\t<meta property=\"og:image:height\" content=\"652\" \/>\n\t<meta property=\"og:image:type\" content=\"image\/webp\" \/>\n<meta name=\"twitter:card\" content=\"summary_large_image\" \/>\n<meta name=\"twitter:label1\" content=\"Estimated reading time\" \/>\n\t<meta name=\"twitter:data1\" content=\"1 minute\" \/>\n<script type=\"application\/ld+json\" class=\"yoast-schema-graph\">{\"@context\":\"https:\/\/schema.org\",\"@graph\":[{\"@type\":\"WebPage\",\"@id\":\"https:\/\/skaitytaknyga.lt\/produktas\/9-kapas\/\",\"url\":\"https:\/\/skaitytaknyga.lt\/produktas\/9-kapas\/\",\"name\":\"9 kapas\",\"isPartOf\":{\"@id\":\"https:\/\/skaitytaknyga.lt\/#website\"},\"primaryImageOfPage\":{\"@id\":\"https:\/\/skaitytaknyga.lt\/produktas\/9-kapas\/#primaryimage\"},\"image\":{\"@id\":\"https:\/\/skaitytaknyga.lt\/produktas\/9-kapas\/#primaryimage\"},\"thumbnailUrl\":\"https:\/\/skaitytaknyga.lt\/wp-content\/uploads\/2025\/07\/9-kapas-1.webp\",\"datePublished\":\"2025-07-25T07:48:57+00:00\",\"dateModified\":\"2026-03-05T09:59:16+00:00\",\"description\":\"\u017dvarbi\u0105 \u017eiemos nakt\u012f po darbo eidamas \u012f netoliese stovint\u012f automobil\u012f tarsi \u012f vanden\u012f dingsta \u0160vedijos teisingumo ministras. Saugumo darbuotojai grie\u017etai\",\"breadcrumb\":{\"@id\":\"https:\/\/skaitytaknyga.lt\/produktas\/9-kapas\/#breadcrumb\"},\"inLanguage\":\"en-GB\",\"potentialAction\":[{\"@type\":\"ReadAction\",\"target\":[\"https:\/\/skaitytaknyga.lt\/produktas\/9-kapas\/\"]}]},{\"@type\":\"ImageObject\",\"inLanguage\":\"en-GB\",\"@id\":\"https:\/\/skaitytaknyga.lt\/produktas\/9-kapas\/#primaryimage\",\"url\":\"https:\/\/skaitytaknyga.lt\/wp-content\/uploads\/2025\/07\/9-kapas-1.webp\",\"contentUrl\":\"https:\/\/skaitytaknyga.lt\/wp-content\/uploads\/2025\/07\/9-kapas-1.webp\",\"width\":449,\"height\":652,\"caption\":\"9 kapas\"},{\"@type\":\"BreadcrumbList\",\"@id\":\"https:\/\/skaitytaknyga.lt\/produktas\/9-kapas\/#breadcrumb\",\"itemListElement\":[{\"@type\":\"ListItem\",\"position\":1,\"name\":\"Home\",\"item\":\"https:\/\/skaitytaknyga.lt\/\"},{\"@type\":\"ListItem\",\"position\":2,\"name\":\"Parduotuv\u0117\",\"item\":\"https:\/\/skaitytaknyga.lt\/knygu-parduotuve\/\"},{\"@type\":\"ListItem\",\"position\":3,\"name\":\"9 kapas\"}]},{\"@type\":\"WebSite\",\"@id\":\"https:\/\/skaitytaknyga.lt\/#website\",\"url\":\"https:\/\/skaitytaknyga.lt\/\",\"name\":\"skaitytaknyga.lt\",\"description\":\"Skaitytaknyga.lt \u2013 tai ma\u017eas \u0161eimos verslas, kuris prasid\u0117jo nuo meil\u0117s knygoms ir siekio i\u0161gelb\u0117ti knygas nuo likimo prie konteinerio. Kas vienam nereikalingas daiktas \u2013 kitam lobis, o mes esame tarpininkai, kurie padeda abiems tapti laimingesniems ???? \u017dinome kaip nelengva i\u0161gyventi ma\u017eiems verslams, tad nuo \u0161iol, \u010dia rasite ir kit\u0173, ma\u017e\u0173 \u0161eim\u0173 versl\u0173, rank\u0173 darbo, dovan\u0173 sau ir artimiesiems.\",\"publisher\":{\"@id\":\"https:\/\/skaitytaknyga.lt\/#organization\"},\"potentialAction\":[{\"@type\":\"SearchAction\",\"target\":{\"@type\":\"EntryPoint\",\"urlTemplate\":\"https:\/\/skaitytaknyga.lt\/?s={search_term_string}\"},\"query-input\":{\"@type\":\"PropertyValueSpecification\",\"valueRequired\":true,\"valueName\":\"search_term_string\"}}],\"inLanguage\":\"en-GB\"},{\"@type\":\"Organization\",\"@id\":\"https:\/\/skaitytaknyga.lt\/#organization\",\"name\":\"skaitytaknyga.lt\",\"url\":\"https:\/\/skaitytaknyga.lt\/\",\"logo\":{\"@type\":\"ImageObject\",\"inLanguage\":\"en-GB\",\"@id\":\"https:\/\/skaitytaknyga.lt\/#\/schema\/logo\/image\/\",\"url\":\"https:\/\/skaitytaknyga.lt\/wp-content\/uploads\/2024\/05\/cropped-cropped-cropped-02_00843_jt3bggkj1j3HLc7SyY6rEUpg.jpeg\",\"contentUrl\":\"https:\/\/skaitytaknyga.lt\/wp-content\/uploads\/2024\/05\/cropped-cropped-cropped-02_00843_jt3bggkj1j3HLc7SyY6rEUpg.jpeg\",\"width\":1600,\"height\":1600,\"caption\":\"skaitytaknyga.lt\"},\"image\":{\"@id\":\"https:\/\/skaitytaknyga.lt\/#\/schema\/logo\/image\/\"},\"sameAs\":[\"https:\/\/www.facebook.com\/skaitytaknyga\/\"]}]}<\/script>\n<!-- \/ Yoast SEO plugin. -->","yoast_head_json":{"title":"9 kapas","description":"\u017dvarbi\u0105 \u017eiemos nakt\u012f po darbo eidamas \u012f netoliese stovint\u012f automobil\u012f tarsi \u012f vanden\u012f dingsta \u0160vedijos teisingumo ministras. Saugumo darbuotojai grie\u017etai","robots":{"index":"index","follow":"follow","max-snippet":"max-snippet:-1","max-image-preview":"max-image-preview:large","max-video-preview":"max-video-preview:-1"},"canonical":"https:\/\/skaitytaknyga.lt\/en\/produktas\/9-kapas\/","og_locale":"en_GB","og_type":"article","og_title":"[:lt]9 kapas[:] - Skaitytaknyga","og_description":"\u017dvarbi\u0105 \u017eiemos nakt\u012f po darbo eidamas \u012f netoliese stovint\u012f automobil\u012f tarsi \u012f vanden\u012f dingsta \u0160vedijos teisingumo ministras. Saugumo darbuotojai grie\u017etai","og_url":"https:\/\/skaitytaknyga.lt\/en\/produktas\/9-kapas\/","og_site_name":"Skaitytaknyga","article_publisher":"https:\/\/www.facebook.com\/skaitytaknyga\/","article_modified_time":"2026-03-05T09:59:16+00:00","og_image":[{"width":449,"height":652,"url":"https:\/\/skaitytaknyga.lt\/wp-content\/uploads\/2025\/07\/9-kapas-1.webp","type":"image\/webp"}],"twitter_card":"summary_large_image","twitter_misc":{"Estimated reading time":"1 minute"},"schema":{"@context":"https:\/\/schema.org","@graph":[{"@type":"WebPage","@id":"https:\/\/skaitytaknyga.lt\/produktas\/9-kapas\/","url":"https:\/\/skaitytaknyga.lt\/produktas\/9-kapas\/","name":"9 kapas","isPartOf":{"@id":"https:\/\/skaitytaknyga.lt\/#website"},"primaryImageOfPage":{"@id":"https:\/\/skaitytaknyga.lt\/produktas\/9-kapas\/#primaryimage"},"image":{"@id":"https:\/\/skaitytaknyga.lt\/produktas\/9-kapas\/#primaryimage"},"thumbnailUrl":"https:\/\/skaitytaknyga.lt\/wp-content\/uploads\/2025\/07\/9-kapas-1.webp","datePublished":"2025-07-25T07:48:57+00:00","dateModified":"2026-03-05T09:59:16+00:00","description":"\u017dvarbi\u0105 \u017eiemos nakt\u012f po darbo eidamas \u012f netoliese stovint\u012f automobil\u012f tarsi \u012f vanden\u012f dingsta \u0160vedijos teisingumo ministras. Saugumo darbuotojai grie\u017etai","breadcrumb":{"@id":"https:\/\/skaitytaknyga.lt\/produktas\/9-kapas\/#breadcrumb"},"inLanguage":"en-GB","potentialAction":[{"@type":"ReadAction","target":["https:\/\/skaitytaknyga.lt\/produktas\/9-kapas\/"]}]},{"@type":"ImageObject","inLanguage":"en-GB","@id":"https:\/\/skaitytaknyga.lt\/produktas\/9-kapas\/#primaryimage","url":"https:\/\/skaitytaknyga.lt\/wp-content\/uploads\/2025\/07\/9-kapas-1.webp","contentUrl":"https:\/\/skaitytaknyga.lt\/wp-content\/uploads\/2025\/07\/9-kapas-1.webp","width":449,"height":652,"caption":"9 kapas"},{"@type":"BreadcrumbList","@id":"https:\/\/skaitytaknyga.lt\/produktas\/9-kapas\/#breadcrumb","itemListElement":[{"@type":"ListItem","position":1,"name":"Home","item":"https:\/\/skaitytaknyga.lt\/"},{"@type":"ListItem","position":2,"name":"Parduotuv\u0117","item":"https:\/\/skaitytaknyga.lt\/knygu-parduotuve\/"},{"@type":"ListItem","position":3,"name":"9 kapas"}]},{"@type":"WebSite","@id":"https:\/\/skaitytaknyga.lt\/#website","url":"https:\/\/skaitytaknyga.lt\/","name":"skaitytaknyga.lt","description":"Skaitytaknyga.lt \u2013 tai ma\u017eas \u0161eimos verslas, kuris prasid\u0117jo nuo meil\u0117s knygoms ir siekio i\u0161gelb\u0117ti knygas nuo likimo prie konteinerio. Kas vienam nereikalingas daiktas \u2013 kitam lobis, o mes esame tarpininkai, kurie padeda abiems tapti laimingesniems ???? \u017dinome kaip nelengva i\u0161gyventi ma\u017eiems verslams, tad nuo \u0161iol, \u010dia rasite ir kit\u0173, ma\u017e\u0173 \u0161eim\u0173 versl\u0173, rank\u0173 darbo, dovan\u0173 sau ir artimiesiems.","publisher":{"@id":"https:\/\/skaitytaknyga.lt\/#organization"},"potentialAction":[{"@type":"SearchAction","target":{"@type":"EntryPoint","urlTemplate":"https:\/\/skaitytaknyga.lt\/?s={search_term_string}"},"query-input":{"@type":"PropertyValueSpecification","valueRequired":true,"valueName":"search_term_string"}}],"inLanguage":"en-GB"},{"@type":"Organization","@id":"https:\/\/skaitytaknyga.lt\/#organization","name":"skaitytaknyga.lt","url":"https:\/\/skaitytaknyga.lt\/","logo":{"@type":"ImageObject","inLanguage":"en-GB","@id":"https:\/\/skaitytaknyga.lt\/#\/schema\/logo\/image\/","url":"https:\/\/skaitytaknyga.lt\/wp-content\/uploads\/2024\/05\/cropped-cropped-cropped-02_00843_jt3bggkj1j3HLc7SyY6rEUpg.jpeg","contentUrl":"https:\/\/skaitytaknyga.lt\/wp-content\/uploads\/2024\/05\/cropped-cropped-cropped-02_00843_jt3bggkj1j3HLc7SyY6rEUpg.jpeg","width":1600,"height":1600,"caption":"skaitytaknyga.lt"},"image":{"@id":"https:\/\/skaitytaknyga.lt\/#\/schema\/logo\/image\/"},"sameAs":["https:\/\/www.facebook.com\/skaitytaknyga\/"]}]}},"_links":{"self":[{"href":"https:\/\/skaitytaknyga.lt\/en\/wp-json\/wp\/v2\/product\/19933","targetHints":{"allow":["GET"]}}],"collection":[{"href":"https:\/\/skaitytaknyga.lt\/en\/wp-json\/wp\/v2\/product"}],"about":[{"href":"https:\/\/skaitytaknyga.lt\/en\/wp-json\/wp\/v2\/types\/product"}],"replies":[{"embeddable":true,"href":"https:\/\/skaitytaknyga.lt\/en\/wp-json\/wp\/v2\/comments?post=19933"}],"wp:featuredmedia":[{"embeddable":true,"href":"https:\/\/skaitytaknyga.lt\/en\/wp-json\/wp\/v2\/media\/19938"}],"wp:attachment":[{"href":"https:\/\/skaitytaknyga.lt\/en\/wp-json\/wp\/v2\/media?parent=19933"}],"wp:term":[{"taxonomy":"product_brand","embeddable":true,"href":"https:\/\/skaitytaknyga.lt\/en\/wp-json\/wp\/v2\/product_brand?post=19933"},{"taxonomy":"product_cat","embeddable":true,"href":"https:\/\/skaitytaknyga.lt\/en\/wp-json\/wp\/v2\/product_cat?post=19933"},{"taxonomy":"product_tag","embeddable":true,"href":"https:\/\/skaitytaknyga.lt\/en\/wp-json\/wp\/v2\/product_tag?post=19933"}],"curies":[{"name":"wp","href":"https:\/\/api.w.org\/{rel}","templated":true}]}}