{"id":19932,"date":"2025-07-25T10:48:56","date_gmt":"2025-07-25T07:48:56","guid":{"rendered":"https:\/\/skaitytaknyga.lt\/?post_type=product&#038;p=19932"},"modified":"2026-03-05T11:59:16","modified_gmt":"2026-03-05T09:59:16","slug":"juodoji-vasara","status":"publish","type":"product","link":"https:\/\/skaitytaknyga.lt\/en\/produktas\/juodoji-vasara\/","title":{"rendered":"Juodoji vasara"},"content":{"rendered":"<p>Detektyvas ser\u017eantas Va\u0161ingtonas Po ir analitik\u0117 Til\u0117 Bred\u0161ou, jau pa\u017e\u012fstami skaitytojams i\u0161 trilerio \u201eMarionet\u0117s&#8221;, v\u0117l susiduria su nepaai\u0161kinama byla.<\/p>\n<p>Viskas prasideda vien\u0105 nuobod\u017ei\u0105 dien\u0105, kai akivaizd\u017eiai sutrikusi jauna moteris u\u017esuka \u012f nuo\u0161al\u0173 policijos skyri\u0173 Kambrijos grafyst\u0117je. Ji tvirtina esanti Elizabeta Kyton \u2013 ta, kurios, Po tvirtu \u012fsitikinimu, jau seniai netur\u0117t\u0173 b\u016bti tarp gyv\u0173j\u0173&#8230;<\/p>\n<p>Prie\u0161 \u0161e\u0161erius metus, dirbdamas vyresniuoju tyr\u0117ju, Po narpliojo byl\u0105, susijusi\u0105 su Elizabetos dingimu. Nors tr\u016bko pagrindinio \u012fkal\u010dio, detektyvas neabejojo, kad Elizabet\u0105 nu\u017eud\u0117 jos t\u0117vas \u2013 garsus virtuv\u0117s \u0161efas D\u017eeradas Kytonas. Pasitik\u0117damas niekad neklystan\u010dia intuicija, Po pasiunt\u0117 vyr\u0105 u\u017e grot\u0173.<\/p>\n<p>Netik\u0117tai atsiradusi mergina u\u017emena begal\u0119 m\u012fsli\u0173 gausiam policijos b\u016briui ir Va\u0161ingtonui Po, kuris dabar gali prarasti kur kas daugiau nei karjer\u0105. Ar d\u0117l jo kalt\u0117s buvo nuteistas nekaltas \u017emogus? O gal Elizabeta tik dedasi tuo, kas n\u0117ra? Galb\u016bt visa tai kur kas didesnio plano dalis? Tyrimas tampa dar painesnis, kai Elizabeta v\u0117l pradingsta, o p\u0117dsakai ima vesti link Po.<\/p>\n","protected":false},"excerpt":{"rendered":"<p>Detektyvas ser\u017eantas Va\u0161ingtonas Po ir analitik\u0117 Til\u0117 Bred\u0161ou, jau pa\u017e\u012fstami skaitytojams i\u0161 trilerio \u201eMarionet\u0117s&#8221;, v\u0117l susiduria su nepaai\u0161kinama byla. Viskas prasideda vien\u0105 nuobod\u017ei\u0105 dien\u0105, kai akivaizd\u017eiai sutrikusi jauna moteris u\u017esuka \u012f nuo\u0161al\u0173 policijos skyri\u0173 Kambrijos grafyst\u0117je. Ji tvirtina esanti Elizabeta Kyton \u2013 ta, kurios, Po tvirtu \u012fsitikinimu, jau seniai netur\u0117t\u0173 b\u016bti tarp gyv\u0173j\u0173&#8230; Prie\u0161 \u0161e\u0161erius metus, dirbdamas vyresniuoju tyr\u0117ju, Po narpliojo byl\u0105, susijusi\u0105 su Elizabetos dingimu. Nors tr\u016bko pagrindinio \u012fkal\u010dio, detektyvas neabejojo, kad Elizabet\u0105 nu\u017eud\u0117 jos t\u0117vas \u2013 garsus virtuv\u0117s \u0161efas D\u017eeradas Kytonas. Pasitik\u0117damas niekad neklystan\u010dia intuicija, Po pasiunt\u0117 vyr\u0105 u\u017e grot\u0173. Netik\u0117tai atsiradusi mergina u\u017emena begal\u0119 m\u012fsli\u0173 gausiam policijos b\u016briui ir Va\u0161ingtonui Po, kuris dabar gali prarasti kur kas daugiau nei karjer\u0105. Ar d\u0117l jo kalt\u0117s buvo nuteistas nekaltas \u017emogus? O gal Elizabeta tik dedasi tuo, kas n\u0117ra? Galb\u016bt visa tai kur kas didesnio plano dalis? Tyrimas tampa dar painesnis, kai Elizabeta v\u0117l pradingsta, o p\u0117dsakai ima vesti link Po.<\/p>\n","protected":false},"featured_media":19937,"comment_status":"open","ping_status":"closed","template":"","meta":{"_acf_changed":false,"site-sidebar-layout":"default","site-content-layout":"","ast-site-content-layout":"default","site-content-style":"default","site-sidebar-style":"default","ast-global-header-display":"","ast-banner-title-visibility":"","ast-main-header-display":"","ast-hfb-above-header-display":"","ast-hfb-below-header-display":"","ast-hfb-mobile-header-display":"","site-post-title":"","ast-breadcrumbs-content":"","ast-featured-img":"","footer-sml-layout":"","ast-disable-related-posts":"","theme-transparent-header-meta":"","adv-header-id-meta":"","stick-header-meta":"","header-above-stick-meta":"","header-main-stick-meta":"","header-below-stick-meta":"","astra-migrate-meta-layouts":"default","ast-page-background-enabled":"default","ast-page-background-meta":{"desktop":{"background-color":"","background-image":"","background-repeat":"repeat","background-position":"center center","background-size":"auto","background-attachment":"scroll","background-type":"","background-media":"","overlay-type":"","overlay-color":"","overlay-opacity":"","overlay-gradient":""},"tablet":{"background-color":"","background-image":"","background-repeat":"repeat","background-position":"center center","background-size":"auto","background-attachment":"scroll","background-type":"","background-media":"","overlay-type":"","overlay-color":"","overlay-opacity":"","overlay-gradient":""},"mobile":{"background-color":"","background-image":"","background-repeat":"repeat","background-position":"center center","background-size":"auto","background-attachment":"scroll","background-type":"","background-media":"","overlay-type":"","overlay-color":"","overlay-opacity":"","overlay-gradient":""}},"ast-content-background-meta":{"desktop":{"background-color":"var(--ast-global-color-4)","background-image":"","background-repeat":"repeat","background-position":"center center","background-size":"auto","background-attachment":"scroll","background-type":"","background-media":"","overlay-type":"","overlay-color":"","overlay-opacity":"","overlay-gradient":""},"tablet":{"background-color":"var(--ast-global-color-4)","background-image":"","background-repeat":"repeat","background-position":"center center","background-size":"auto","background-attachment":"scroll","background-type":"","background-media":"","overlay-type":"","overlay-color":"","overlay-opacity":"","overlay-gradient":""},"mobile":{"background-color":"var(--ast-global-color-4)","background-image":"","background-repeat":"repeat","background-position":"center center","background-size":"auto","background-attachment":"scroll","background-type":"","background-media":"","overlay-type":"","overlay-color":"","overlay-opacity":"","overlay-gradient":""}}},"product_brand":[],"product_cat":[9581],"product_tag":[6860,6889,6890,6888,6887],"class_list":{"0":"post-19932","1":"product","2":"type-product","3":"status-publish","4":"has-post-thumbnail","6":"product_cat-kriminaliniai-romanai","7":"product_tag-dingusieji","8":"product_tag-sugrizimas","9":"product_tag-teisingumo-klaida","10":"product_tag-tile-bredsou","11":"product_tag-vasingtonas-po","12":"desktop-align-left","13":"tablet-align-left","14":"mobile-align-left","16":"first","17":"instock","18":"shipping-taxable","19":"purchasable","20":"product-type-simple"},"acf":[],"yoast_head":"<!-- This site is optimized with the Yoast SEO plugin v27.0 - https:\/\/yoast.com\/product\/yoast-seo-wordpress\/ -->\n<title>Juodoji vasara<\/title>\n<meta name=\"description\" content=\"Detektyvas ser\u017eantas Va\u0161ingtonas Po ir analitik\u0117 Til\u0117 Bred\u0161ou, jau pa\u017e\u012fstami skaitytojams i\u0161 trilerio \u201eMarionet\u0117s&quot;, v\u0117l susiduria su nepaai\u0161kinama byla.\" \/>\n<meta name=\"robots\" content=\"index, follow, max-snippet:-1, max-image-preview:large, max-video-preview:-1\" \/>\n<link rel=\"canonical\" href=\"https:\/\/skaitytaknyga.lt\/en\/produktas\/juodoji-vasara\/\" \/>\n<meta property=\"og:locale\" content=\"en_GB\" \/>\n<meta property=\"og:locale:alternate\" content=\"lt_LT\" \/>\n<meta property=\"og:type\" content=\"article\" \/>\n<meta property=\"og:title\" content=\"Juodoji vasara\" \/>\n<meta property=\"og:description\" content=\"Detektyvas ser\u017eantas Va\u0161ingtonas Po ir analitik\u0117 Til\u0117 Bred\u0161ou, jau pa\u017e\u012fstami skaitytojams i\u0161 trilerio \u201eMarionet\u0117s&quot;, v\u0117l susiduria su nepaai\u0161kinama byla.\" \/>\n<meta property=\"og:url\" content=\"https:\/\/skaitytaknyga.lt\/en\/produktas\/juodoji-vasara\/\" \/>\n<meta property=\"og:site_name\" content=\"Skaitytaknyga\" \/>\n<meta property=\"article:publisher\" content=\"https:\/\/www.facebook.com\/skaitytaknyga\/\" \/>\n<meta property=\"article:modified_time\" content=\"2026-03-05T09:59:16+00:00\" \/>\n<meta property=\"og:image\" content=\"https:\/\/skaitytaknyga.lt\/wp-content\/uploads\/2025\/07\/Juodoji-vasara-1.webp\" \/>\n\t<meta property=\"og:image:width\" content=\"534\" \/>\n\t<meta property=\"og:image:height\" content=\"801\" \/>\n\t<meta property=\"og:image:type\" content=\"image\/webp\" \/>\n<meta name=\"twitter:card\" content=\"summary_large_image\" \/>\n<meta name=\"twitter:label1\" content=\"Estimated reading time\" \/>\n\t<meta name=\"twitter:data1\" content=\"1 minute\" \/>\n<script type=\"application\/ld+json\" class=\"yoast-schema-graph\">{\"@context\":\"https:\/\/schema.org\",\"@graph\":[{\"@type\":\"WebPage\",\"@id\":\"https:\/\/skaitytaknyga.lt\/produktas\/juodoji-vasara\/\",\"url\":\"https:\/\/skaitytaknyga.lt\/produktas\/juodoji-vasara\/\",\"name\":\"Juodoji vasara\",\"isPartOf\":{\"@id\":\"https:\/\/skaitytaknyga.lt\/#website\"},\"primaryImageOfPage\":{\"@id\":\"https:\/\/skaitytaknyga.lt\/produktas\/juodoji-vasara\/#primaryimage\"},\"image\":{\"@id\":\"https:\/\/skaitytaknyga.lt\/produktas\/juodoji-vasara\/#primaryimage\"},\"thumbnailUrl\":\"https:\/\/skaitytaknyga.lt\/wp-content\/uploads\/2025\/07\/Juodoji-vasara-1.webp\",\"datePublished\":\"2025-07-25T07:48:56+00:00\",\"dateModified\":\"2026-03-05T09:59:16+00:00\",\"description\":\"Detektyvas ser\u017eantas Va\u0161ingtonas Po ir analitik\u0117 Til\u0117 Bred\u0161ou, jau pa\u017e\u012fstami skaitytojams i\u0161 trilerio \u201eMarionet\u0117s\\\", v\u0117l susiduria su nepaai\u0161kinama byla.\",\"breadcrumb\":{\"@id\":\"https:\/\/skaitytaknyga.lt\/produktas\/juodoji-vasara\/#breadcrumb\"},\"inLanguage\":\"en-GB\",\"potentialAction\":[{\"@type\":\"ReadAction\",\"target\":[\"https:\/\/skaitytaknyga.lt\/produktas\/juodoji-vasara\/\"]}]},{\"@type\":\"ImageObject\",\"inLanguage\":\"en-GB\",\"@id\":\"https:\/\/skaitytaknyga.lt\/produktas\/juodoji-vasara\/#primaryimage\",\"url\":\"https:\/\/skaitytaknyga.lt\/wp-content\/uploads\/2025\/07\/Juodoji-vasara-1.webp\",\"contentUrl\":\"https:\/\/skaitytaknyga.lt\/wp-content\/uploads\/2025\/07\/Juodoji-vasara-1.webp\",\"width\":534,\"height\":801,\"caption\":\"Juodoji vasara\"},{\"@type\":\"BreadcrumbList\",\"@id\":\"https:\/\/skaitytaknyga.lt\/produktas\/juodoji-vasara\/#breadcrumb\",\"itemListElement\":[{\"@type\":\"ListItem\",\"position\":1,\"name\":\"Home\",\"item\":\"https:\/\/skaitytaknyga.lt\/\"},{\"@type\":\"ListItem\",\"position\":2,\"name\":\"Parduotuv\u0117\",\"item\":\"https:\/\/skaitytaknyga.lt\/knygu-parduotuve\/\"},{\"@type\":\"ListItem\",\"position\":3,\"name\":\"Juodoji vasara\"}]},{\"@type\":\"WebSite\",\"@id\":\"https:\/\/skaitytaknyga.lt\/#website\",\"url\":\"https:\/\/skaitytaknyga.lt\/\",\"name\":\"skaitytaknyga.lt\",\"description\":\"Skaitytaknyga.lt \u2013 tai ma\u017eas \u0161eimos verslas, kuris prasid\u0117jo nuo meil\u0117s knygoms ir siekio i\u0161gelb\u0117ti knygas nuo likimo prie konteinerio. Kas vienam nereikalingas daiktas \u2013 kitam lobis, o mes esame tarpininkai, kurie padeda abiems tapti laimingesniems ???? \u017dinome kaip nelengva i\u0161gyventi ma\u017eiems verslams, tad nuo \u0161iol, \u010dia rasite ir kit\u0173, ma\u017e\u0173 \u0161eim\u0173 versl\u0173, rank\u0173 darbo, dovan\u0173 sau ir artimiesiems.\",\"publisher\":{\"@id\":\"https:\/\/skaitytaknyga.lt\/#organization\"},\"potentialAction\":[{\"@type\":\"SearchAction\",\"target\":{\"@type\":\"EntryPoint\",\"urlTemplate\":\"https:\/\/skaitytaknyga.lt\/?s={search_term_string}\"},\"query-input\":{\"@type\":\"PropertyValueSpecification\",\"valueRequired\":true,\"valueName\":\"search_term_string\"}}],\"inLanguage\":\"en-GB\"},{\"@type\":\"Organization\",\"@id\":\"https:\/\/skaitytaknyga.lt\/#organization\",\"name\":\"skaitytaknyga.lt\",\"url\":\"https:\/\/skaitytaknyga.lt\/\",\"logo\":{\"@type\":\"ImageObject\",\"inLanguage\":\"en-GB\",\"@id\":\"https:\/\/skaitytaknyga.lt\/#\/schema\/logo\/image\/\",\"url\":\"https:\/\/skaitytaknyga.lt\/wp-content\/uploads\/2024\/05\/cropped-cropped-cropped-02_00843_jt3bggkj1j3HLc7SyY6rEUpg.jpeg\",\"contentUrl\":\"https:\/\/skaitytaknyga.lt\/wp-content\/uploads\/2024\/05\/cropped-cropped-cropped-02_00843_jt3bggkj1j3HLc7SyY6rEUpg.jpeg\",\"width\":1600,\"height\":1600,\"caption\":\"skaitytaknyga.lt\"},\"image\":{\"@id\":\"https:\/\/skaitytaknyga.lt\/#\/schema\/logo\/image\/\"},\"sameAs\":[\"https:\/\/www.facebook.com\/skaitytaknyga\/\"]}]}<\/script>\n<!-- \/ Yoast SEO plugin. -->","yoast_head_json":{"title":"Juodoji vasara","description":"Detektyvas ser\u017eantas Va\u0161ingtonas Po ir analitik\u0117 Til\u0117 Bred\u0161ou, jau pa\u017e\u012fstami skaitytojams i\u0161 trilerio \u201eMarionet\u0117s\", v\u0117l susiduria su nepaai\u0161kinama byla.","robots":{"index":"index","follow":"follow","max-snippet":"max-snippet:-1","max-image-preview":"max-image-preview:large","max-video-preview":"max-video-preview:-1"},"canonical":"https:\/\/skaitytaknyga.lt\/en\/produktas\/juodoji-vasara\/","og_locale":"en_GB","og_type":"article","og_title":"[:lt]Juodoji vasara[:] - Skaitytaknyga","og_description":"Detektyvas ser\u017eantas Va\u0161ingtonas Po ir analitik\u0117 Til\u0117 Bred\u0161ou, jau pa\u017e\u012fstami skaitytojams i\u0161 trilerio \u201eMarionet\u0117s\", v\u0117l susiduria su nepaai\u0161kinama byla.","og_url":"https:\/\/skaitytaknyga.lt\/en\/produktas\/juodoji-vasara\/","og_site_name":"Skaitytaknyga","article_publisher":"https:\/\/www.facebook.com\/skaitytaknyga\/","article_modified_time":"2026-03-05T09:59:16+00:00","og_image":[{"width":534,"height":801,"url":"https:\/\/skaitytaknyga.lt\/wp-content\/uploads\/2025\/07\/Juodoji-vasara-1.webp","type":"image\/webp"}],"twitter_card":"summary_large_image","twitter_misc":{"Estimated reading time":"1 minute"},"schema":{"@context":"https:\/\/schema.org","@graph":[{"@type":"WebPage","@id":"https:\/\/skaitytaknyga.lt\/produktas\/juodoji-vasara\/","url":"https:\/\/skaitytaknyga.lt\/produktas\/juodoji-vasara\/","name":"Juodoji vasara","isPartOf":{"@id":"https:\/\/skaitytaknyga.lt\/#website"},"primaryImageOfPage":{"@id":"https:\/\/skaitytaknyga.lt\/produktas\/juodoji-vasara\/#primaryimage"},"image":{"@id":"https:\/\/skaitytaknyga.lt\/produktas\/juodoji-vasara\/#primaryimage"},"thumbnailUrl":"https:\/\/skaitytaknyga.lt\/wp-content\/uploads\/2025\/07\/Juodoji-vasara-1.webp","datePublished":"2025-07-25T07:48:56+00:00","dateModified":"2026-03-05T09:59:16+00:00","description":"Detektyvas ser\u017eantas Va\u0161ingtonas Po ir analitik\u0117 Til\u0117 Bred\u0161ou, jau pa\u017e\u012fstami skaitytojams i\u0161 trilerio \u201eMarionet\u0117s\", v\u0117l susiduria su nepaai\u0161kinama byla.","breadcrumb":{"@id":"https:\/\/skaitytaknyga.lt\/produktas\/juodoji-vasara\/#breadcrumb"},"inLanguage":"en-GB","potentialAction":[{"@type":"ReadAction","target":["https:\/\/skaitytaknyga.lt\/produktas\/juodoji-vasara\/"]}]},{"@type":"ImageObject","inLanguage":"en-GB","@id":"https:\/\/skaitytaknyga.lt\/produktas\/juodoji-vasara\/#primaryimage","url":"https:\/\/skaitytaknyga.lt\/wp-content\/uploads\/2025\/07\/Juodoji-vasara-1.webp","contentUrl":"https:\/\/skaitytaknyga.lt\/wp-content\/uploads\/2025\/07\/Juodoji-vasara-1.webp","width":534,"height":801,"caption":"Juodoji vasara"},{"@type":"BreadcrumbList","@id":"https:\/\/skaitytaknyga.lt\/produktas\/juodoji-vasara\/#breadcrumb","itemListElement":[{"@type":"ListItem","position":1,"name":"Home","item":"https:\/\/skaitytaknyga.lt\/"},{"@type":"ListItem","position":2,"name":"Parduotuv\u0117","item":"https:\/\/skaitytaknyga.lt\/knygu-parduotuve\/"},{"@type":"ListItem","position":3,"name":"Juodoji vasara"}]},{"@type":"WebSite","@id":"https:\/\/skaitytaknyga.lt\/#website","url":"https:\/\/skaitytaknyga.lt\/","name":"skaitytaknyga.lt","description":"Skaitytaknyga.lt \u2013 tai ma\u017eas \u0161eimos verslas, kuris prasid\u0117jo nuo meil\u0117s knygoms ir siekio i\u0161gelb\u0117ti knygas nuo likimo prie konteinerio. Kas vienam nereikalingas daiktas \u2013 kitam lobis, o mes esame tarpininkai, kurie padeda abiems tapti laimingesniems ???? \u017dinome kaip nelengva i\u0161gyventi ma\u017eiems verslams, tad nuo \u0161iol, \u010dia rasite ir kit\u0173, ma\u017e\u0173 \u0161eim\u0173 versl\u0173, rank\u0173 darbo, dovan\u0173 sau ir artimiesiems.","publisher":{"@id":"https:\/\/skaitytaknyga.lt\/#organization"},"potentialAction":[{"@type":"SearchAction","target":{"@type":"EntryPoint","urlTemplate":"https:\/\/skaitytaknyga.lt\/?s={search_term_string}"},"query-input":{"@type":"PropertyValueSpecification","valueRequired":true,"valueName":"search_term_string"}}],"inLanguage":"en-GB"},{"@type":"Organization","@id":"https:\/\/skaitytaknyga.lt\/#organization","name":"skaitytaknyga.lt","url":"https:\/\/skaitytaknyga.lt\/","logo":{"@type":"ImageObject","inLanguage":"en-GB","@id":"https:\/\/skaitytaknyga.lt\/#\/schema\/logo\/image\/","url":"https:\/\/skaitytaknyga.lt\/wp-content\/uploads\/2024\/05\/cropped-cropped-cropped-02_00843_jt3bggkj1j3HLc7SyY6rEUpg.jpeg","contentUrl":"https:\/\/skaitytaknyga.lt\/wp-content\/uploads\/2024\/05\/cropped-cropped-cropped-02_00843_jt3bggkj1j3HLc7SyY6rEUpg.jpeg","width":1600,"height":1600,"caption":"skaitytaknyga.lt"},"image":{"@id":"https:\/\/skaitytaknyga.lt\/#\/schema\/logo\/image\/"},"sameAs":["https:\/\/www.facebook.com\/skaitytaknyga\/"]}]}},"_links":{"self":[{"href":"https:\/\/skaitytaknyga.lt\/en\/wp-json\/wp\/v2\/product\/19932","targetHints":{"allow":["GET"]}}],"collection":[{"href":"https:\/\/skaitytaknyga.lt\/en\/wp-json\/wp\/v2\/product"}],"about":[{"href":"https:\/\/skaitytaknyga.lt\/en\/wp-json\/wp\/v2\/types\/product"}],"replies":[{"embeddable":true,"href":"https:\/\/skaitytaknyga.lt\/en\/wp-json\/wp\/v2\/comments?post=19932"}],"wp:featuredmedia":[{"embeddable":true,"href":"https:\/\/skaitytaknyga.lt\/en\/wp-json\/wp\/v2\/media\/19937"}],"wp:attachment":[{"href":"https:\/\/skaitytaknyga.lt\/en\/wp-json\/wp\/v2\/media?parent=19932"}],"wp:term":[{"taxonomy":"product_brand","embeddable":true,"href":"https:\/\/skaitytaknyga.lt\/en\/wp-json\/wp\/v2\/product_brand?post=19932"},{"taxonomy":"product_cat","embeddable":true,"href":"https:\/\/skaitytaknyga.lt\/en\/wp-json\/wp\/v2\/product_cat?post=19932"},{"taxonomy":"product_tag","embeddable":true,"href":"https:\/\/skaitytaknyga.lt\/en\/wp-json\/wp\/v2\/product_tag?post=19932"}],"curies":[{"name":"wp","href":"https:\/\/api.w.org\/{rel}","templated":true}]}}