{"id":19931,"date":"2025-07-25T10:48:56","date_gmt":"2025-07-25T07:48:56","guid":{"rendered":"https:\/\/skaitytaknyga.lt\/?post_type=product&#038;p=19931"},"modified":"2026-03-05T13:32:17","modified_gmt":"2026-03-05T11:32:17","slug":"gamtos-galia","status":"publish","type":"product","link":"https:\/\/skaitytaknyga.lt\/en\/produktas\/gamtos-galia\/","title":{"rendered":"Gamtos galia"},"content":{"rendered":"<p>Nauja detektyvo \u201eSausra\u201c autor\u0117s knyga.<\/p>\n<p>V\u0117liau keturios i\u0161likusios moterys visi\u0161kai sutar\u0117 tik d\u0117l dviej\u0173 dalyk\u0173. Pirma: n\u0117 viena i\u0161 j\u0173 nemat\u0117, kaip Alisa Rasel dingo mi\u0161kuose. Ir antra: Alisos lie\u017euvis buvo toks a\u0161trus, kad gal\u0117jo \u012fpjauti.<\/p>\n<p>Penkios \u012fmon\u0117s \u201eBeiliTenants&#8221; darbuotojos nenoriai u\u017esikelia sunkias kuprines ir leid\u017eiasi \u012f i\u0161bandymo \u017eyg\u012f Australijos Giralengo kalnag\u016bbriu. Po trij\u0173 dien\u0173 vidurdien\u012f jos turi pasiekti fini\u0161\u0105 kaip tvirta moter\u0173, pasitikin\u010di\u0173 viena kita, komanda. Ta\u010diau at\u0117jus metui \u012f sutart\u0105 viet\u0105 gr\u012f\u017eta tik keturios. Penktoji, Alisa Rasel, dingo.<\/p>\n<p>Vos i\u0161gird\u0119s apie nelaim\u0119, \u012f \u012fvykio viet\u0105 atskuba Melburno federalinis agentas Aronas Falkas. Alisa Rasel \u2013 svarbi jo tiriamos bylos liudinink\u0117. Ji \u017einojo daug paslap\u010di\u0173 ne tik apie \u012fmon\u0119, bet ir apie \u017emones, su kuriais dirbo. Aron\u0105 ima kankinti bjauri nuojauta. Gamta negailestinga, \u2013 bet ar dingimas gal\u0117jo b\u016bti tik nelaimingas atsitikimas?<\/p>\n","protected":false},"excerpt":{"rendered":"<p>Nauja detektyvo \u201eSausra\u201c autor\u0117s knyga. V\u0117liau keturios i\u0161likusios moterys visi\u0161kai sutar\u0117 tik d\u0117l dviej\u0173 dalyk\u0173. Pirma: n\u0117 viena i\u0161 j\u0173 nemat\u0117, kaip Alisa Rasel dingo mi\u0161kuose. Ir antra: Alisos lie\u017euvis buvo toks a\u0161trus, kad gal\u0117jo \u012fpjauti. Penkios \u012fmon\u0117s \u201eBeiliTenants&#8221; darbuotojos nenoriai u\u017esikelia sunkias kuprines ir leid\u017eiasi \u012f i\u0161bandymo \u017eyg\u012f Australijos Giralengo kalnag\u016bbriu. Po trij\u0173 dien\u0173 vidurdien\u012f jos turi pasiekti fini\u0161\u0105 kaip tvirta moter\u0173, pasitikin\u010di\u0173 viena kita, komanda. Ta\u010diau at\u0117jus metui \u012f sutart\u0105 viet\u0105 gr\u012f\u017eta tik keturios. Penktoji, Alisa Rasel, dingo. Vos i\u0161gird\u0119s apie nelaim\u0119, \u012f \u012fvykio viet\u0105 atskuba Melburno federalinis agentas Aronas Falkas. Alisa Rasel \u2013 svarbi jo tiriamos bylos liudinink\u0117. Ji \u017einojo daug paslap\u010di\u0173 ne tik apie \u012fmon\u0119, bet ir apie \u017emones, su kuriais dirbo. Aron\u0105 ima kankinti bjauri nuojauta. Gamta negailestinga, \u2013 bet ar dingimas gal\u0117jo b\u016bti tik nelaimingas atsitikimas?<\/p>\n","protected":false},"featured_media":19936,"comment_status":"open","ping_status":"closed","template":"","meta":{"_acf_changed":false,"site-sidebar-layout":"default","site-content-layout":"","ast-site-content-layout":"default","site-content-style":"default","site-sidebar-style":"default","ast-global-header-display":"","ast-banner-title-visibility":"","ast-main-header-display":"","ast-hfb-above-header-display":"","ast-hfb-below-header-display":"","ast-hfb-mobile-header-display":"","site-post-title":"","ast-breadcrumbs-content":"","ast-featured-img":"","footer-sml-layout":"","ast-disable-related-posts":"","theme-transparent-header-meta":"","adv-header-id-meta":"","stick-header-meta":"","header-above-stick-meta":"","header-main-stick-meta":"","header-below-stick-meta":"","astra-migrate-meta-layouts":"default","ast-page-background-enabled":"default","ast-page-background-meta":{"desktop":{"background-color":"","background-image":"","background-repeat":"repeat","background-position":"center center","background-size":"auto","background-attachment":"scroll","background-type":"","background-media":"","overlay-type":"","overlay-color":"","overlay-opacity":"","overlay-gradient":""},"tablet":{"background-color":"","background-image":"","background-repeat":"repeat","background-position":"center center","background-size":"auto","background-attachment":"scroll","background-type":"","background-media":"","overlay-type":"","overlay-color":"","overlay-opacity":"","overlay-gradient":""},"mobile":{"background-color":"","background-image":"","background-repeat":"repeat","background-position":"center center","background-size":"auto","background-attachment":"scroll","background-type":"","background-media":"","overlay-type":"","overlay-color":"","overlay-opacity":"","overlay-gradient":""}},"ast-content-background-meta":{"desktop":{"background-color":"var(--ast-global-color-4)","background-image":"","background-repeat":"repeat","background-position":"center center","background-size":"auto","background-attachment":"scroll","background-type":"","background-media":"","overlay-type":"","overlay-color":"","overlay-opacity":"","overlay-gradient":""},"tablet":{"background-color":"var(--ast-global-color-4)","background-image":"","background-repeat":"repeat","background-position":"center center","background-size":"auto","background-attachment":"scroll","background-type":"","background-media":"","overlay-type":"","overlay-color":"","overlay-opacity":"","overlay-gradient":""},"mobile":{"background-color":"var(--ast-global-color-4)","background-image":"","background-repeat":"repeat","background-position":"center center","background-size":"auto","background-attachment":"scroll","background-type":"","background-media":"","overlay-type":"","overlay-color":"","overlay-opacity":"","overlay-gradient":""}}},"product_brand":[],"product_cat":[9580],"product_tag":[6885,4964,6650,1802,6886,6884],"class_list":{"0":"post-19931","1":"product","2":"type-product","3":"status-publish","4":"has-post-thumbnail","6":"product_cat-psichologiniai-detektyvai","7":"product_tag-aronas-falkas","8":"product_tag-australija","9":"product_tag-dingimas","10":"product_tag-gamta","11":"product_tag-imones-paslaptys","12":"product_tag-jane-harper","13":"desktop-align-left","14":"tablet-align-left","15":"mobile-align-left","17":"first","18":"instock","19":"shipping-taxable","20":"purchasable","21":"product-type-simple"},"acf":[],"yoast_head":"<!-- This site is optimized with the Yoast SEO plugin v27.0 - https:\/\/yoast.com\/product\/yoast-seo-wordpress\/ -->\n<title>Gamtos galia<\/title>\n<meta name=\"description\" content=\"Nauja detektyvo \u201eSausra\u201c autor\u0117s knyga. V\u0117liau keturios i\u0161likusios moterys visi\u0161kai sutar\u0117 tik d\u0117l dviej\u0173 dalyk\u0173. Pirma: n\u0117 viena i\u0161 j\u0173 nemat\u0117, kaip Alisa\" \/>\n<meta name=\"robots\" content=\"index, follow, max-snippet:-1, max-image-preview:large, max-video-preview:-1\" \/>\n<link rel=\"canonical\" href=\"https:\/\/skaitytaknyga.lt\/en\/produktas\/gamtos-galia\/\" \/>\n<meta property=\"og:locale\" content=\"en_GB\" \/>\n<meta property=\"og:locale:alternate\" content=\"lt_LT\" \/>\n<meta property=\"og:type\" content=\"article\" \/>\n<meta property=\"og:title\" content=\"Gamtos galia\" \/>\n<meta property=\"og:description\" content=\"Nauja detektyvo \u201eSausra\u201c autor\u0117s knyga. V\u0117liau keturios i\u0161likusios moterys visi\u0161kai sutar\u0117 tik d\u0117l dviej\u0173 dalyk\u0173. Pirma: n\u0117 viena i\u0161 j\u0173 nemat\u0117, kaip Alisa\" \/>\n<meta property=\"og:url\" content=\"https:\/\/skaitytaknyga.lt\/en\/produktas\/gamtos-galia\/\" \/>\n<meta property=\"og:site_name\" content=\"Skaitytaknyga\" \/>\n<meta property=\"article:publisher\" content=\"https:\/\/www.facebook.com\/skaitytaknyga\/\" \/>\n<meta property=\"article:modified_time\" content=\"2026-03-05T11:32:17+00:00\" \/>\n<meta property=\"og:image\" content=\"https:\/\/skaitytaknyga.lt\/wp-content\/uploads\/2025\/07\/Gamtos-galia-1.webp\" \/>\n\t<meta property=\"og:image:width\" content=\"438\" \/>\n\t<meta property=\"og:image:height\" content=\"652\" \/>\n\t<meta property=\"og:image:type\" content=\"image\/webp\" \/>\n<meta name=\"twitter:card\" content=\"summary_large_image\" \/>\n<meta name=\"twitter:label1\" content=\"Estimated reading time\" \/>\n\t<meta name=\"twitter:data1\" content=\"1 minute\" \/>\n<script type=\"application\/ld+json\" class=\"yoast-schema-graph\">{\"@context\":\"https:\/\/schema.org\",\"@graph\":[{\"@type\":\"WebPage\",\"@id\":\"https:\/\/skaitytaknyga.lt\/produktas\/gamtos-galia\/\",\"url\":\"https:\/\/skaitytaknyga.lt\/produktas\/gamtos-galia\/\",\"name\":\"Gamtos galia\",\"isPartOf\":{\"@id\":\"https:\/\/skaitytaknyga.lt\/#website\"},\"primaryImageOfPage\":{\"@id\":\"https:\/\/skaitytaknyga.lt\/produktas\/gamtos-galia\/#primaryimage\"},\"image\":{\"@id\":\"https:\/\/skaitytaknyga.lt\/produktas\/gamtos-galia\/#primaryimage\"},\"thumbnailUrl\":\"https:\/\/skaitytaknyga.lt\/wp-content\/uploads\/2025\/07\/Gamtos-galia-1.webp\",\"datePublished\":\"2025-07-25T07:48:56+00:00\",\"dateModified\":\"2026-03-05T11:32:17+00:00\",\"description\":\"Nauja detektyvo \u201eSausra\u201c autor\u0117s knyga. V\u0117liau keturios i\u0161likusios moterys visi\u0161kai sutar\u0117 tik d\u0117l dviej\u0173 dalyk\u0173. Pirma: n\u0117 viena i\u0161 j\u0173 nemat\u0117, kaip Alisa\",\"breadcrumb\":{\"@id\":\"https:\/\/skaitytaknyga.lt\/produktas\/gamtos-galia\/#breadcrumb\"},\"inLanguage\":\"en-GB\",\"potentialAction\":[{\"@type\":\"ReadAction\",\"target\":[\"https:\/\/skaitytaknyga.lt\/produktas\/gamtos-galia\/\"]}]},{\"@type\":\"ImageObject\",\"inLanguage\":\"en-GB\",\"@id\":\"https:\/\/skaitytaknyga.lt\/produktas\/gamtos-galia\/#primaryimage\",\"url\":\"https:\/\/skaitytaknyga.lt\/wp-content\/uploads\/2025\/07\/Gamtos-galia-1.webp\",\"contentUrl\":\"https:\/\/skaitytaknyga.lt\/wp-content\/uploads\/2025\/07\/Gamtos-galia-1.webp\",\"width\":438,\"height\":652,\"caption\":\"Gamtos galia\"},{\"@type\":\"BreadcrumbList\",\"@id\":\"https:\/\/skaitytaknyga.lt\/produktas\/gamtos-galia\/#breadcrumb\",\"itemListElement\":[{\"@type\":\"ListItem\",\"position\":1,\"name\":\"Home\",\"item\":\"https:\/\/skaitytaknyga.lt\/\"},{\"@type\":\"ListItem\",\"position\":2,\"name\":\"Parduotuv\u0117\",\"item\":\"https:\/\/skaitytaknyga.lt\/knygu-parduotuve\/\"},{\"@type\":\"ListItem\",\"position\":3,\"name\":\"Gamtos galia\"}]},{\"@type\":\"WebSite\",\"@id\":\"https:\/\/skaitytaknyga.lt\/#website\",\"url\":\"https:\/\/skaitytaknyga.lt\/\",\"name\":\"skaitytaknyga.lt\",\"description\":\"Skaitytaknyga.lt \u2013 tai ma\u017eas \u0161eimos verslas, kuris prasid\u0117jo nuo meil\u0117s knygoms ir siekio i\u0161gelb\u0117ti knygas nuo likimo prie konteinerio. Kas vienam nereikalingas daiktas \u2013 kitam lobis, o mes esame tarpininkai, kurie padeda abiems tapti laimingesniems ???? \u017dinome kaip nelengva i\u0161gyventi ma\u017eiems verslams, tad nuo \u0161iol, \u010dia rasite ir kit\u0173, ma\u017e\u0173 \u0161eim\u0173 versl\u0173, rank\u0173 darbo, dovan\u0173 sau ir artimiesiems.\",\"publisher\":{\"@id\":\"https:\/\/skaitytaknyga.lt\/#organization\"},\"potentialAction\":[{\"@type\":\"SearchAction\",\"target\":{\"@type\":\"EntryPoint\",\"urlTemplate\":\"https:\/\/skaitytaknyga.lt\/?s={search_term_string}\"},\"query-input\":{\"@type\":\"PropertyValueSpecification\",\"valueRequired\":true,\"valueName\":\"search_term_string\"}}],\"inLanguage\":\"en-GB\"},{\"@type\":\"Organization\",\"@id\":\"https:\/\/skaitytaknyga.lt\/#organization\",\"name\":\"skaitytaknyga.lt\",\"url\":\"https:\/\/skaitytaknyga.lt\/\",\"logo\":{\"@type\":\"ImageObject\",\"inLanguage\":\"en-GB\",\"@id\":\"https:\/\/skaitytaknyga.lt\/#\/schema\/logo\/image\/\",\"url\":\"https:\/\/skaitytaknyga.lt\/wp-content\/uploads\/2024\/05\/cropped-cropped-cropped-02_00843_jt3bggkj1j3HLc7SyY6rEUpg.jpeg\",\"contentUrl\":\"https:\/\/skaitytaknyga.lt\/wp-content\/uploads\/2024\/05\/cropped-cropped-cropped-02_00843_jt3bggkj1j3HLc7SyY6rEUpg.jpeg\",\"width\":1600,\"height\":1600,\"caption\":\"skaitytaknyga.lt\"},\"image\":{\"@id\":\"https:\/\/skaitytaknyga.lt\/#\/schema\/logo\/image\/\"},\"sameAs\":[\"https:\/\/www.facebook.com\/skaitytaknyga\/\"]}]}<\/script>\n<!-- \/ Yoast SEO plugin. -->","yoast_head_json":{"title":"Gamtos galia","description":"Nauja detektyvo \u201eSausra\u201c autor\u0117s knyga. V\u0117liau keturios i\u0161likusios moterys visi\u0161kai sutar\u0117 tik d\u0117l dviej\u0173 dalyk\u0173. Pirma: n\u0117 viena i\u0161 j\u0173 nemat\u0117, kaip Alisa","robots":{"index":"index","follow":"follow","max-snippet":"max-snippet:-1","max-image-preview":"max-image-preview:large","max-video-preview":"max-video-preview:-1"},"canonical":"https:\/\/skaitytaknyga.lt\/en\/produktas\/gamtos-galia\/","og_locale":"en_GB","og_type":"article","og_title":"[:lt]Gamtos galia[:] - Skaitytaknyga","og_description":"Nauja detektyvo \u201eSausra\u201c autor\u0117s knyga. V\u0117liau keturios i\u0161likusios moterys visi\u0161kai sutar\u0117 tik d\u0117l dviej\u0173 dalyk\u0173. Pirma: n\u0117 viena i\u0161 j\u0173 nemat\u0117, kaip Alisa","og_url":"https:\/\/skaitytaknyga.lt\/en\/produktas\/gamtos-galia\/","og_site_name":"Skaitytaknyga","article_publisher":"https:\/\/www.facebook.com\/skaitytaknyga\/","article_modified_time":"2026-03-05T11:32:17+00:00","og_image":[{"width":438,"height":652,"url":"https:\/\/skaitytaknyga.lt\/wp-content\/uploads\/2025\/07\/Gamtos-galia-1.webp","type":"image\/webp"}],"twitter_card":"summary_large_image","twitter_misc":{"Estimated reading time":"1 minute"},"schema":{"@context":"https:\/\/schema.org","@graph":[{"@type":"WebPage","@id":"https:\/\/skaitytaknyga.lt\/produktas\/gamtos-galia\/","url":"https:\/\/skaitytaknyga.lt\/produktas\/gamtos-galia\/","name":"Gamtos galia","isPartOf":{"@id":"https:\/\/skaitytaknyga.lt\/#website"},"primaryImageOfPage":{"@id":"https:\/\/skaitytaknyga.lt\/produktas\/gamtos-galia\/#primaryimage"},"image":{"@id":"https:\/\/skaitytaknyga.lt\/produktas\/gamtos-galia\/#primaryimage"},"thumbnailUrl":"https:\/\/skaitytaknyga.lt\/wp-content\/uploads\/2025\/07\/Gamtos-galia-1.webp","datePublished":"2025-07-25T07:48:56+00:00","dateModified":"2026-03-05T11:32:17+00:00","description":"Nauja detektyvo \u201eSausra\u201c autor\u0117s knyga. V\u0117liau keturios i\u0161likusios moterys visi\u0161kai sutar\u0117 tik d\u0117l dviej\u0173 dalyk\u0173. Pirma: n\u0117 viena i\u0161 j\u0173 nemat\u0117, kaip Alisa","breadcrumb":{"@id":"https:\/\/skaitytaknyga.lt\/produktas\/gamtos-galia\/#breadcrumb"},"inLanguage":"en-GB","potentialAction":[{"@type":"ReadAction","target":["https:\/\/skaitytaknyga.lt\/produktas\/gamtos-galia\/"]}]},{"@type":"ImageObject","inLanguage":"en-GB","@id":"https:\/\/skaitytaknyga.lt\/produktas\/gamtos-galia\/#primaryimage","url":"https:\/\/skaitytaknyga.lt\/wp-content\/uploads\/2025\/07\/Gamtos-galia-1.webp","contentUrl":"https:\/\/skaitytaknyga.lt\/wp-content\/uploads\/2025\/07\/Gamtos-galia-1.webp","width":438,"height":652,"caption":"Gamtos galia"},{"@type":"BreadcrumbList","@id":"https:\/\/skaitytaknyga.lt\/produktas\/gamtos-galia\/#breadcrumb","itemListElement":[{"@type":"ListItem","position":1,"name":"Home","item":"https:\/\/skaitytaknyga.lt\/"},{"@type":"ListItem","position":2,"name":"Parduotuv\u0117","item":"https:\/\/skaitytaknyga.lt\/knygu-parduotuve\/"},{"@type":"ListItem","position":3,"name":"Gamtos galia"}]},{"@type":"WebSite","@id":"https:\/\/skaitytaknyga.lt\/#website","url":"https:\/\/skaitytaknyga.lt\/","name":"skaitytaknyga.lt","description":"Skaitytaknyga.lt \u2013 tai ma\u017eas \u0161eimos verslas, kuris prasid\u0117jo nuo meil\u0117s knygoms ir siekio i\u0161gelb\u0117ti knygas nuo likimo prie konteinerio. Kas vienam nereikalingas daiktas \u2013 kitam lobis, o mes esame tarpininkai, kurie padeda abiems tapti laimingesniems ???? \u017dinome kaip nelengva i\u0161gyventi ma\u017eiems verslams, tad nuo \u0161iol, \u010dia rasite ir kit\u0173, ma\u017e\u0173 \u0161eim\u0173 versl\u0173, rank\u0173 darbo, dovan\u0173 sau ir artimiesiems.","publisher":{"@id":"https:\/\/skaitytaknyga.lt\/#organization"},"potentialAction":[{"@type":"SearchAction","target":{"@type":"EntryPoint","urlTemplate":"https:\/\/skaitytaknyga.lt\/?s={search_term_string}"},"query-input":{"@type":"PropertyValueSpecification","valueRequired":true,"valueName":"search_term_string"}}],"inLanguage":"en-GB"},{"@type":"Organization","@id":"https:\/\/skaitytaknyga.lt\/#organization","name":"skaitytaknyga.lt","url":"https:\/\/skaitytaknyga.lt\/","logo":{"@type":"ImageObject","inLanguage":"en-GB","@id":"https:\/\/skaitytaknyga.lt\/#\/schema\/logo\/image\/","url":"https:\/\/skaitytaknyga.lt\/wp-content\/uploads\/2024\/05\/cropped-cropped-cropped-02_00843_jt3bggkj1j3HLc7SyY6rEUpg.jpeg","contentUrl":"https:\/\/skaitytaknyga.lt\/wp-content\/uploads\/2024\/05\/cropped-cropped-cropped-02_00843_jt3bggkj1j3HLc7SyY6rEUpg.jpeg","width":1600,"height":1600,"caption":"skaitytaknyga.lt"},"image":{"@id":"https:\/\/skaitytaknyga.lt\/#\/schema\/logo\/image\/"},"sameAs":["https:\/\/www.facebook.com\/skaitytaknyga\/"]}]}},"_links":{"self":[{"href":"https:\/\/skaitytaknyga.lt\/en\/wp-json\/wp\/v2\/product\/19931","targetHints":{"allow":["GET"]}}],"collection":[{"href":"https:\/\/skaitytaknyga.lt\/en\/wp-json\/wp\/v2\/product"}],"about":[{"href":"https:\/\/skaitytaknyga.lt\/en\/wp-json\/wp\/v2\/types\/product"}],"replies":[{"embeddable":true,"href":"https:\/\/skaitytaknyga.lt\/en\/wp-json\/wp\/v2\/comments?post=19931"}],"wp:featuredmedia":[{"embeddable":true,"href":"https:\/\/skaitytaknyga.lt\/en\/wp-json\/wp\/v2\/media\/19936"}],"wp:attachment":[{"href":"https:\/\/skaitytaknyga.lt\/en\/wp-json\/wp\/v2\/media?parent=19931"}],"wp:term":[{"taxonomy":"product_brand","embeddable":true,"href":"https:\/\/skaitytaknyga.lt\/en\/wp-json\/wp\/v2\/product_brand?post=19931"},{"taxonomy":"product_cat","embeddable":true,"href":"https:\/\/skaitytaknyga.lt\/en\/wp-json\/wp\/v2\/product_cat?post=19931"},{"taxonomy":"product_tag","embeddable":true,"href":"https:\/\/skaitytaknyga.lt\/en\/wp-json\/wp\/v2\/product_tag?post=19931"}],"curies":[{"name":"wp","href":"https:\/\/api.w.org\/{rel}","templated":true}]}}