{"id":19930,"date":"2025-07-25T10:48:56","date_gmt":"2025-07-25T07:48:56","guid":{"rendered":"https:\/\/skaitytaknyga.lt\/?post_type=product&#038;p=19930"},"modified":"2026-03-05T13:34:13","modified_gmt":"2026-03-05T11:34:13","slug":"apie-sarku-zmogzudystes","status":"publish","type":"product","link":"https:\/\/skaitytaknyga.lt\/en\/produktas\/apie-sarku-zmogzudystes\/","title":{"rendered":"Apie \u0161ark\u0173 \u017emog\u017eudystes"},"content":{"rendered":"<p>\u201eApie \u0161ark\u0173 \u017emog\u017eudystes\u201c \u2013 New York Times bestseleris, dienra\u0161\u010dio The Washington Post, \u017eurnalo Esquire ir JAV Nacionalinio visuomeninio radijo (NPR) \u201eMet\u0173 knygos\u201c rinkim\u0173 nugal\u0117tojas, taip pat detektyvin\u0117s literat\u016bros Macavity geriausio met\u0173 romano premijos laim\u0117tojas.<\/p>\n<p>Tai dvigubas galvos\u016bkis detektyv\u0173 m\u0117g\u0117jams: romanas romane, kur redaktor\u0117, skaitydama nauj\u0105 leidyklai atsi\u0173st\u0105 rankra\u0161t\u012f, pama\u017eu pati tampa detektyve. Netradicinis stilius, naujai interpretuojantis klasikin\u012f Agathos Christie nusikaltim\u0173 \u017eanr\u0105, detektyvu meistri\u0161kai paver\u010dia ir kiekvien\u0105 skaitytoj\u0105.<\/p>\n<p>Kai Sjuzana Railand gauna redaguoti nauj\u0105 Alano Konv\u0117jaus roman\u0105, ji yra \u012fsitikinusi, kad \u0161i knyga ma\u017eai kuo skirsis nuo ankstesni\u0173 autoriaus darb\u0173. Su Konv\u0117jumi ji dirba jau gana seniai, tad puikiai pa\u017e\u012fsta pagrindin\u012f jo knyg\u0173 persona\u017e\u0105 \u2013 detektyv\u0105 Atik\u0105 Piund\u0105, narpliojant\u012f painius ir sukre\u010dian\u010dius ma\u017e\u0173 Anglijos miesteli\u0173 nusikaltimus.<\/p>\n<p>Kaip ir daugumoje detektyv\u0173, naujausiame Konv\u0117jaus romane netr\u016bksta nei auk\u0173, nei \u012ftampos, nei \u012ftartin\u0173 persona\u017e\u0173. Ta\u010diau did\u017eiausia intriga u\u017esimezga Sjuzanai supratus, kad rankra\u0161tyje tr\u016bksta paskutinio skyriaus, kuriame atskleid\u017eiama, kas \u012fvykd\u0117 nusikaltim\u0105, o ra\u0161ytojas netik\u0117tai mir\u0161ta. Konv\u0117jaus atsisveikinimo lai\u0161kas dar labiau sustiprina Sjuzanos \u012ftarimus, kad visa \u0161i istorija toli gra\u017eu n\u0117ra tokia paprasta, kokia atrodo i\u0161 pirmo \u017evilgsnio. Moteris leid\u017eiasi \u012f kelion\u0119, kad i\u0161siai\u0161kint\u0173 tiek staigios Konv\u0117jaus mirties, tiek paskutinio jo romano paslaptis.<\/p>\n","protected":false},"excerpt":{"rendered":"<p>\u201eApie \u0161ark\u0173 \u017emog\u017eudystes\u201c \u2013 New York Times bestseleris, dienra\u0161\u010dio The Washington Post, \u017eurnalo Esquire ir JAV Nacionalinio visuomeninio radijo (NPR) \u201eMet\u0173 knygos\u201c rinkim\u0173 nugal\u0117tojas, taip pat detektyvin\u0117s literat\u016bros Macavity geriausio met\u0173 romano premijos laim\u0117tojas. Tai dvigubas galvos\u016bkis detektyv\u0173 m\u0117g\u0117jams: romanas romane, kur redaktor\u0117, skaitydama nauj\u0105 leidyklai atsi\u0173st\u0105 rankra\u0161t\u012f, pama\u017eu pati tampa detektyve. Netradicinis stilius, naujai interpretuojantis klasikin\u012f Agathos Christie nusikaltim\u0173 \u017eanr\u0105, detektyvu meistri\u0161kai paver\u010dia ir kiekvien\u0105 skaitytoj\u0105. Kai Sjuzana Railand gauna redaguoti nauj\u0105 Alano Konv\u0117jaus roman\u0105, ji yra \u012fsitikinusi, kad \u0161i knyga ma\u017eai kuo skirsis nuo ankstesni\u0173 autoriaus darb\u0173. Su Konv\u0117jumi ji dirba jau gana seniai, tad puikiai pa\u017e\u012fsta pagrindin\u012f jo knyg\u0173 persona\u017e\u0105 \u2013 detektyv\u0105 Atik\u0105 Piund\u0105, narpliojant\u012f painius ir sukre\u010dian\u010dius ma\u017e\u0173 Anglijos miesteli\u0173 nusikaltimus. Kaip ir daugumoje detektyv\u0173, naujausiame Konv\u0117jaus romane netr\u016bksta nei auk\u0173, nei \u012ftampos, nei \u012ftartin\u0173 persona\u017e\u0173. Ta\u010diau did\u017eiausia intriga u\u017esimezga Sjuzanai supratus, kad rankra\u0161tyje tr\u016bksta paskutinio skyriaus, kuriame atskleid\u017eiama, kas \u012fvykd\u0117 nusikaltim\u0105, o ra\u0161ytojas netik\u0117tai mir\u0161ta. Konv\u0117jaus atsisveikinimo lai\u0161kas dar labiau sustiprina Sjuzanos \u012ftarimus, kad visa \u0161i istorija toli gra\u017eu n\u0117ra tokia paprasta, kokia atrodo i\u0161 pirmo \u017evilgsnio. Moteris leid\u017eiasi \u012f kelion\u0119, kad i\u0161siai\u0161kint\u0173 tiek staigios Konv\u0117jaus mirties, tiek paskutinio jo romano paslaptis.<\/p>\n","protected":false},"featured_media":19935,"comment_status":"open","ping_status":"closed","template":"","meta":{"_acf_changed":false,"site-sidebar-layout":"default","site-content-layout":"","ast-site-content-layout":"default","site-content-style":"default","site-sidebar-style":"default","ast-global-header-display":"","ast-banner-title-visibility":"","ast-main-header-display":"","ast-hfb-above-header-display":"","ast-hfb-below-header-display":"","ast-hfb-mobile-header-display":"","site-post-title":"","ast-breadcrumbs-content":"","ast-featured-img":"","footer-sml-layout":"","ast-disable-related-posts":"","theme-transparent-header-meta":"","adv-header-id-meta":"","stick-header-meta":"","header-above-stick-meta":"","header-main-stick-meta":"","header-below-stick-meta":"","astra-migrate-meta-layouts":"default","ast-page-background-enabled":"default","ast-page-background-meta":{"desktop":{"background-color":"","background-image":"","background-repeat":"repeat","background-position":"center center","background-size":"auto","background-attachment":"scroll","background-type":"","background-media":"","overlay-type":"","overlay-color":"","overlay-opacity":"","overlay-gradient":""},"tablet":{"background-color":"","background-image":"","background-repeat":"repeat","background-position":"center center","background-size":"auto","background-attachment":"scroll","background-type":"","background-media":"","overlay-type":"","overlay-color":"","overlay-opacity":"","overlay-gradient":""},"mobile":{"background-color":"","background-image":"","background-repeat":"repeat","background-position":"center center","background-size":"auto","background-attachment":"scroll","background-type":"","background-media":"","overlay-type":"","overlay-color":"","overlay-opacity":"","overlay-gradient":""}},"ast-content-background-meta":{"desktop":{"background-color":"var(--ast-global-color-4)","background-image":"","background-repeat":"repeat","background-position":"center center","background-size":"auto","background-attachment":"scroll","background-type":"","background-media":"","overlay-type":"","overlay-color":"","overlay-opacity":"","overlay-gradient":""},"tablet":{"background-color":"var(--ast-global-color-4)","background-image":"","background-repeat":"repeat","background-position":"center center","background-size":"auto","background-attachment":"scroll","background-type":"","background-media":"","overlay-type":"","overlay-color":"","overlay-opacity":"","overlay-gradient":""},"mobile":{"background-color":"var(--ast-global-color-4)","background-image":"","background-repeat":"repeat","background-position":"center center","background-size":"auto","background-attachment":"scroll","background-type":"","background-media":"","overlay-type":"","overlay-color":"","overlay-opacity":"","overlay-gradient":""}}},"product_brand":[],"product_cat":[9581],"product_tag":[6879,6880,6881,6882,6883],"class_list":{"0":"post-19930","1":"product","2":"type-product","3":"status-publish","4":"has-post-thumbnail","6":"product_cat-kriminaliniai-romanai","7":"product_tag-anthony-horowitz","8":"product_tag-atikas-piundas","9":"product_tag-detektyvas-detektyve","10":"product_tag-leidyba","11":"product_tag-paslaptinga-mirtis","12":"desktop-align-left","13":"tablet-align-left","14":"mobile-align-left","16":"first","17":"instock","18":"shipping-taxable","19":"purchasable","20":"product-type-simple"},"acf":[],"yoast_head":"<!-- This site is optimized with the Yoast SEO plugin v27.0 - https:\/\/yoast.com\/product\/yoast-seo-wordpress\/ -->\n<title>Apie \u0161ark\u0173 \u017emog\u017eudystes<\/title>\n<meta name=\"description\" content=\"\u201eApie \u0161ark\u0173 \u017emog\u017eudystes\u201c \u2013 New York Times bestseleris, dienra\u0161\u010dio The Washington Post, \u017eurnalo Esquire ir JAV Nacionalinio visuomeninio radijo (NPR)\" \/>\n<meta name=\"robots\" content=\"index, follow, max-snippet:-1, max-image-preview:large, max-video-preview:-1\" \/>\n<link rel=\"canonical\" href=\"https:\/\/skaitytaknyga.lt\/en\/produktas\/apie-sarku-zmogzudystes\/\" \/>\n<meta property=\"og:locale\" content=\"en_GB\" \/>\n<meta property=\"og:locale:alternate\" content=\"lt_LT\" \/>\n<meta property=\"og:type\" content=\"article\" \/>\n<meta property=\"og:title\" content=\"Apie \u0161ark\u0173 \u017emog\u017eudystes\" \/>\n<meta property=\"og:description\" content=\"\u201eApie \u0161ark\u0173 \u017emog\u017eudystes\u201c \u2013 New York Times bestseleris, dienra\u0161\u010dio The Washington Post, \u017eurnalo Esquire ir JAV Nacionalinio visuomeninio radijo (NPR)\" \/>\n<meta property=\"og:url\" content=\"https:\/\/skaitytaknyga.lt\/en\/produktas\/apie-sarku-zmogzudystes\/\" \/>\n<meta property=\"og:site_name\" content=\"Skaitytaknyga\" \/>\n<meta property=\"article:publisher\" content=\"https:\/\/www.facebook.com\/skaitytaknyga\/\" \/>\n<meta property=\"article:modified_time\" content=\"2026-03-05T11:34:13+00:00\" \/>\n<meta property=\"og:image\" content=\"https:\/\/skaitytaknyga.lt\/wp-content\/uploads\/2025\/07\/Apie-sarku-zmogzudystes-1.webp\" \/>\n\t<meta property=\"og:image:width\" content=\"402\" \/>\n\t<meta property=\"og:image:height\" content=\"600\" \/>\n\t<meta property=\"og:image:type\" content=\"image\/webp\" \/>\n<meta name=\"twitter:card\" content=\"summary_large_image\" \/>\n<meta name=\"twitter:label1\" content=\"Estimated reading time\" \/>\n\t<meta name=\"twitter:data1\" content=\"1 minute\" \/>\n<script type=\"application\/ld+json\" class=\"yoast-schema-graph\">{\"@context\":\"https:\/\/schema.org\",\"@graph\":[{\"@type\":\"WebPage\",\"@id\":\"https:\/\/skaitytaknyga.lt\/produktas\/apie-sarku-zmogzudystes\/\",\"url\":\"https:\/\/skaitytaknyga.lt\/produktas\/apie-sarku-zmogzudystes\/\",\"name\":\"Apie \u0161ark\u0173 \u017emog\u017eudystes\",\"isPartOf\":{\"@id\":\"https:\/\/skaitytaknyga.lt\/#website\"},\"primaryImageOfPage\":{\"@id\":\"https:\/\/skaitytaknyga.lt\/produktas\/apie-sarku-zmogzudystes\/#primaryimage\"},\"image\":{\"@id\":\"https:\/\/skaitytaknyga.lt\/produktas\/apie-sarku-zmogzudystes\/#primaryimage\"},\"thumbnailUrl\":\"https:\/\/skaitytaknyga.lt\/wp-content\/uploads\/2025\/07\/Apie-sarku-zmogzudystes-1.webp\",\"datePublished\":\"2025-07-25T07:48:56+00:00\",\"dateModified\":\"2026-03-05T11:34:13+00:00\",\"description\":\"\u201eApie \u0161ark\u0173 \u017emog\u017eudystes\u201c \u2013 New York Times bestseleris, dienra\u0161\u010dio The Washington Post, \u017eurnalo Esquire ir JAV Nacionalinio visuomeninio radijo (NPR)\",\"breadcrumb\":{\"@id\":\"https:\/\/skaitytaknyga.lt\/produktas\/apie-sarku-zmogzudystes\/#breadcrumb\"},\"inLanguage\":\"en-GB\",\"potentialAction\":[{\"@type\":\"ReadAction\",\"target\":[\"https:\/\/skaitytaknyga.lt\/produktas\/apie-sarku-zmogzudystes\/\"]}]},{\"@type\":\"ImageObject\",\"inLanguage\":\"en-GB\",\"@id\":\"https:\/\/skaitytaknyga.lt\/produktas\/apie-sarku-zmogzudystes\/#primaryimage\",\"url\":\"https:\/\/skaitytaknyga.lt\/wp-content\/uploads\/2025\/07\/Apie-sarku-zmogzudystes-1.webp\",\"contentUrl\":\"https:\/\/skaitytaknyga.lt\/wp-content\/uploads\/2025\/07\/Apie-sarku-zmogzudystes-1.webp\",\"width\":402,\"height\":600,\"caption\":\"Apie \u0161ark\u0173 \u017emog\u017eudystes\"},{\"@type\":\"BreadcrumbList\",\"@id\":\"https:\/\/skaitytaknyga.lt\/produktas\/apie-sarku-zmogzudystes\/#breadcrumb\",\"itemListElement\":[{\"@type\":\"ListItem\",\"position\":1,\"name\":\"Home\",\"item\":\"https:\/\/skaitytaknyga.lt\/\"},{\"@type\":\"ListItem\",\"position\":2,\"name\":\"Parduotuv\u0117\",\"item\":\"https:\/\/skaitytaknyga.lt\/knygu-parduotuve\/\"},{\"@type\":\"ListItem\",\"position\":3,\"name\":\"Apie \u0161ark\u0173 \u017emog\u017eudystes\"}]},{\"@type\":\"WebSite\",\"@id\":\"https:\/\/skaitytaknyga.lt\/#website\",\"url\":\"https:\/\/skaitytaknyga.lt\/\",\"name\":\"skaitytaknyga.lt\",\"description\":\"Skaitytaknyga.lt \u2013 tai ma\u017eas \u0161eimos verslas, kuris prasid\u0117jo nuo meil\u0117s knygoms ir siekio i\u0161gelb\u0117ti knygas nuo likimo prie konteinerio. Kas vienam nereikalingas daiktas \u2013 kitam lobis, o mes esame tarpininkai, kurie padeda abiems tapti laimingesniems ???? \u017dinome kaip nelengva i\u0161gyventi ma\u017eiems verslams, tad nuo \u0161iol, \u010dia rasite ir kit\u0173, ma\u017e\u0173 \u0161eim\u0173 versl\u0173, rank\u0173 darbo, dovan\u0173 sau ir artimiesiems.\",\"publisher\":{\"@id\":\"https:\/\/skaitytaknyga.lt\/#organization\"},\"potentialAction\":[{\"@type\":\"SearchAction\",\"target\":{\"@type\":\"EntryPoint\",\"urlTemplate\":\"https:\/\/skaitytaknyga.lt\/?s={search_term_string}\"},\"query-input\":{\"@type\":\"PropertyValueSpecification\",\"valueRequired\":true,\"valueName\":\"search_term_string\"}}],\"inLanguage\":\"en-GB\"},{\"@type\":\"Organization\",\"@id\":\"https:\/\/skaitytaknyga.lt\/#organization\",\"name\":\"skaitytaknyga.lt\",\"url\":\"https:\/\/skaitytaknyga.lt\/\",\"logo\":{\"@type\":\"ImageObject\",\"inLanguage\":\"en-GB\",\"@id\":\"https:\/\/skaitytaknyga.lt\/#\/schema\/logo\/image\/\",\"url\":\"https:\/\/skaitytaknyga.lt\/wp-content\/uploads\/2024\/05\/cropped-cropped-cropped-02_00843_jt3bggkj1j3HLc7SyY6rEUpg.jpeg\",\"contentUrl\":\"https:\/\/skaitytaknyga.lt\/wp-content\/uploads\/2024\/05\/cropped-cropped-cropped-02_00843_jt3bggkj1j3HLc7SyY6rEUpg.jpeg\",\"width\":1600,\"height\":1600,\"caption\":\"skaitytaknyga.lt\"},\"image\":{\"@id\":\"https:\/\/skaitytaknyga.lt\/#\/schema\/logo\/image\/\"},\"sameAs\":[\"https:\/\/www.facebook.com\/skaitytaknyga\/\"]}]}<\/script>\n<!-- \/ Yoast SEO plugin. -->","yoast_head_json":{"title":"Apie \u0161ark\u0173 \u017emog\u017eudystes","description":"\u201eApie \u0161ark\u0173 \u017emog\u017eudystes\u201c \u2013 New York Times bestseleris, dienra\u0161\u010dio The Washington Post, \u017eurnalo Esquire ir JAV Nacionalinio visuomeninio radijo (NPR)","robots":{"index":"index","follow":"follow","max-snippet":"max-snippet:-1","max-image-preview":"max-image-preview:large","max-video-preview":"max-video-preview:-1"},"canonical":"https:\/\/skaitytaknyga.lt\/en\/produktas\/apie-sarku-zmogzudystes\/","og_locale":"en_GB","og_type":"article","og_title":"[:lt]Apie \u0161ark\u0173 \u017emog\u017eudystes[:] - Skaitytaknyga","og_description":"\u201eApie \u0161ark\u0173 \u017emog\u017eudystes\u201c \u2013 New York Times bestseleris, dienra\u0161\u010dio The Washington Post, \u017eurnalo Esquire ir JAV Nacionalinio visuomeninio radijo (NPR)","og_url":"https:\/\/skaitytaknyga.lt\/en\/produktas\/apie-sarku-zmogzudystes\/","og_site_name":"Skaitytaknyga","article_publisher":"https:\/\/www.facebook.com\/skaitytaknyga\/","article_modified_time":"2026-03-05T11:34:13+00:00","og_image":[{"width":402,"height":600,"url":"https:\/\/skaitytaknyga.lt\/wp-content\/uploads\/2025\/07\/Apie-sarku-zmogzudystes-1.webp","type":"image\/webp"}],"twitter_card":"summary_large_image","twitter_misc":{"Estimated reading time":"1 minute"},"schema":{"@context":"https:\/\/schema.org","@graph":[{"@type":"WebPage","@id":"https:\/\/skaitytaknyga.lt\/produktas\/apie-sarku-zmogzudystes\/","url":"https:\/\/skaitytaknyga.lt\/produktas\/apie-sarku-zmogzudystes\/","name":"Apie \u0161ark\u0173 \u017emog\u017eudystes","isPartOf":{"@id":"https:\/\/skaitytaknyga.lt\/#website"},"primaryImageOfPage":{"@id":"https:\/\/skaitytaknyga.lt\/produktas\/apie-sarku-zmogzudystes\/#primaryimage"},"image":{"@id":"https:\/\/skaitytaknyga.lt\/produktas\/apie-sarku-zmogzudystes\/#primaryimage"},"thumbnailUrl":"https:\/\/skaitytaknyga.lt\/wp-content\/uploads\/2025\/07\/Apie-sarku-zmogzudystes-1.webp","datePublished":"2025-07-25T07:48:56+00:00","dateModified":"2026-03-05T11:34:13+00:00","description":"\u201eApie \u0161ark\u0173 \u017emog\u017eudystes\u201c \u2013 New York Times bestseleris, dienra\u0161\u010dio The Washington Post, \u017eurnalo Esquire ir JAV Nacionalinio visuomeninio radijo (NPR)","breadcrumb":{"@id":"https:\/\/skaitytaknyga.lt\/produktas\/apie-sarku-zmogzudystes\/#breadcrumb"},"inLanguage":"en-GB","potentialAction":[{"@type":"ReadAction","target":["https:\/\/skaitytaknyga.lt\/produktas\/apie-sarku-zmogzudystes\/"]}]},{"@type":"ImageObject","inLanguage":"en-GB","@id":"https:\/\/skaitytaknyga.lt\/produktas\/apie-sarku-zmogzudystes\/#primaryimage","url":"https:\/\/skaitytaknyga.lt\/wp-content\/uploads\/2025\/07\/Apie-sarku-zmogzudystes-1.webp","contentUrl":"https:\/\/skaitytaknyga.lt\/wp-content\/uploads\/2025\/07\/Apie-sarku-zmogzudystes-1.webp","width":402,"height":600,"caption":"Apie \u0161ark\u0173 \u017emog\u017eudystes"},{"@type":"BreadcrumbList","@id":"https:\/\/skaitytaknyga.lt\/produktas\/apie-sarku-zmogzudystes\/#breadcrumb","itemListElement":[{"@type":"ListItem","position":1,"name":"Home","item":"https:\/\/skaitytaknyga.lt\/"},{"@type":"ListItem","position":2,"name":"Parduotuv\u0117","item":"https:\/\/skaitytaknyga.lt\/knygu-parduotuve\/"},{"@type":"ListItem","position":3,"name":"Apie \u0161ark\u0173 \u017emog\u017eudystes"}]},{"@type":"WebSite","@id":"https:\/\/skaitytaknyga.lt\/#website","url":"https:\/\/skaitytaknyga.lt\/","name":"skaitytaknyga.lt","description":"Skaitytaknyga.lt \u2013 tai ma\u017eas \u0161eimos verslas, kuris prasid\u0117jo nuo meil\u0117s knygoms ir siekio i\u0161gelb\u0117ti knygas nuo likimo prie konteinerio. Kas vienam nereikalingas daiktas \u2013 kitam lobis, o mes esame tarpininkai, kurie padeda abiems tapti laimingesniems ???? \u017dinome kaip nelengva i\u0161gyventi ma\u017eiems verslams, tad nuo \u0161iol, \u010dia rasite ir kit\u0173, ma\u017e\u0173 \u0161eim\u0173 versl\u0173, rank\u0173 darbo, dovan\u0173 sau ir artimiesiems.","publisher":{"@id":"https:\/\/skaitytaknyga.lt\/#organization"},"potentialAction":[{"@type":"SearchAction","target":{"@type":"EntryPoint","urlTemplate":"https:\/\/skaitytaknyga.lt\/?s={search_term_string}"},"query-input":{"@type":"PropertyValueSpecification","valueRequired":true,"valueName":"search_term_string"}}],"inLanguage":"en-GB"},{"@type":"Organization","@id":"https:\/\/skaitytaknyga.lt\/#organization","name":"skaitytaknyga.lt","url":"https:\/\/skaitytaknyga.lt\/","logo":{"@type":"ImageObject","inLanguage":"en-GB","@id":"https:\/\/skaitytaknyga.lt\/#\/schema\/logo\/image\/","url":"https:\/\/skaitytaknyga.lt\/wp-content\/uploads\/2024\/05\/cropped-cropped-cropped-02_00843_jt3bggkj1j3HLc7SyY6rEUpg.jpeg","contentUrl":"https:\/\/skaitytaknyga.lt\/wp-content\/uploads\/2024\/05\/cropped-cropped-cropped-02_00843_jt3bggkj1j3HLc7SyY6rEUpg.jpeg","width":1600,"height":1600,"caption":"skaitytaknyga.lt"},"image":{"@id":"https:\/\/skaitytaknyga.lt\/#\/schema\/logo\/image\/"},"sameAs":["https:\/\/www.facebook.com\/skaitytaknyga\/"]}]}},"_links":{"self":[{"href":"https:\/\/skaitytaknyga.lt\/en\/wp-json\/wp\/v2\/product\/19930","targetHints":{"allow":["GET"]}}],"collection":[{"href":"https:\/\/skaitytaknyga.lt\/en\/wp-json\/wp\/v2\/product"}],"about":[{"href":"https:\/\/skaitytaknyga.lt\/en\/wp-json\/wp\/v2\/types\/product"}],"replies":[{"embeddable":true,"href":"https:\/\/skaitytaknyga.lt\/en\/wp-json\/wp\/v2\/comments?post=19930"}],"wp:featuredmedia":[{"embeddable":true,"href":"https:\/\/skaitytaknyga.lt\/en\/wp-json\/wp\/v2\/media\/19935"}],"wp:attachment":[{"href":"https:\/\/skaitytaknyga.lt\/en\/wp-json\/wp\/v2\/media?parent=19930"}],"wp:term":[{"taxonomy":"product_brand","embeddable":true,"href":"https:\/\/skaitytaknyga.lt\/en\/wp-json\/wp\/v2\/product_brand?post=19930"},{"taxonomy":"product_cat","embeddable":true,"href":"https:\/\/skaitytaknyga.lt\/en\/wp-json\/wp\/v2\/product_cat?post=19930"},{"taxonomy":"product_tag","embeddable":true,"href":"https:\/\/skaitytaknyga.lt\/en\/wp-json\/wp\/v2\/product_tag?post=19930"}],"curies":[{"name":"wp","href":"https:\/\/api.w.org\/{rel}","templated":true}]}}